{"id":175110,"date":"2022-12-11T08:26:40","date_gmt":"2022-12-11T07:26:40","guid":{"rendered":"https:\/\/marktxxl.de\/markt\/produkt\/home-complete-hc-7004-ascheimer-mit-deckel-und-schaufel-fuer-kamin-schwarz-stahl\/"},"modified":"2023-04-09T04:47:06","modified_gmt":"2023-04-09T02:47:06","slug":"home-complete-hc-7004-ascheimer-mit-deckel-und-schaufel-fuer-kamin-schwarz-stahl","status":"publish","type":"product","link":"https:\/\/marktxxl.de\/markt\/produkt\/home-complete-hc-7004-ascheimer-mit-deckel-und-schaufel-fuer-kamin-schwarz-stahl\/","title":{"rendered":"Home-Complete HC-7004 Ascheimer mit Deckel und Schaufel f\u00fcr Kamin schwarz, Stahl"},"content":{"rendered":"<p>W\u00e4rmeisolation: Der Eimer verf\u00fcgt \u00fcber einen erh\u00f6hten Boden und eine W\u00e4rmed\u00e4mmung, um zu verhindern, dass die Asche den Boden erhitzt, aber er sollte auf Herd, Stein, Schiefer oder Ziegeln aufbewahrt werden, wenn er verwendet wird, da die Oberfl\u00e4che noch hei\u00df wird.<br \/>\nAscheschaufel im Lieferumfang enthalten &#8211; Ausgestattet mit einer Ascheschaufel, die bequem \u00fcber eine eigene Aufbewahrungstasche direkt am Eimer verf\u00fcgt, ist alles, was Sie brauchen, um Ihren Kamin, Holzofen oder Feuerstelle sauber zu halten.<br \/>\nSicherer Deckel \u2013 Der Ascheeimer hat einen dicht schlie\u00dfenden Deckel, um sicherzustellen, dass hei\u00dfe Glut und Asche im Inneren bleiben, wodurch Verbrennungen w\u00e4hrend der Reinigung vermieden werden und Ihre Terrasse sauber und ordentlich bleibt.<br \/>\nHolzgriff &#8211; Mit einem Metallgriff und Holzgriff ist der Eimer einfach und bequem zu tragen, auch wenn er voll ist.<br \/>\nProduktdetails: Material: Stahl. Fassungsverm\u00f6gen des Eimers: 1,5 Liter. Eimer-Ma\u00dfe: (Durchmesser) 31,8 cm x (H\u00f6he) 33 cm, Schaufel-Ma\u00dfe: (L) 36,2 cm x (B) 11,4 cm. Farbe: Schwarz.<br \/>\n<div class=\"main-cross-sell\" data-asin=\"B01M0J8510\">\n\n\t<div class=\"WooZone-cross-sell-loader\">\n\t\t<div>\n\t\t\t<div id=\"floatingBarsG\">\n\t\t\t\t<div class=\"blockG\" id=\"rotateG_01\"><\/div>\n\t\t\t\t<div class=\"blockG\" id=\"rotateG_02\"><\/div>\n\t\t\t\t<div class=\"blockG\" id=\"rotateG_03\"><\/div>\n\t\t\t\t<div class=\"blockG\" id=\"rotateG_04\"><\/div>\n\t\t\t\t<div class=\"blockG\" id=\"rotateG_05\"><\/div>\n\t\t\t\t<div class=\"blockG\" id=\"rotateG_06\"><\/div>\n\t\t\t\t<div class=\"blockG\" id=\"rotateG_07\"><\/div>\n\t\t\t\t<div class=\"blockG\" id=\"rotateG_08\"><\/div>\n\t\t\t<\/div>\n\t\t\t<div class=\"WooZone-cross-sell-loader-text\"><\/div>\n\t\t<\/div>\n\t<\/div>\n\n\t\t\n<\/div>\n<div style=\"clear:both;\"><\/div><\/p>\n","protected":false},"excerpt":{"rendered":"<p>W\u00e4rmeisolation: Der Eimer verf\u00fcgt \u00fcber einen erh\u00f6hten Boden und eine W\u00e4rmed\u00e4mmung, um zu verhindern, dass die Asche den Boden erhitzt, aber er sollte auf Herd, Stein, Schiefer oder Ziegeln aufbewahrt werden, wenn er verwendet wird, da die Oberfl\u00e4che noch hei\u00df wird.<br \/>\nAscheschaufel im Lieferumfang enthalten &#8211; Ausgestattet mit einer Ascheschaufel, die bequem \u00fcber eine eigene Aufbewahrungstasche direkt am Eimer verf\u00fcgt, ist alles, was Sie brauchen, um Ihren Kamin, Holzofen oder Feuerstelle sauber zu halten.<br \/>\nSicherer Deckel \u2013 Der Ascheeimer hat einen dicht schlie\u00dfenden Deckel, um sicherzustellen, dass hei\u00dfe Glut und Asche im Inneren bleiben, wodurch Verbrennungen w\u00e4hrend der Reinigung vermieden werden und Ihre Terrasse sauber und ordentlich bleibt.<\/p>\n","protected":false},"featured_media":175111,"comment_status":"open","ping_status":"closed","template":"","meta":[],"product_brand":[],"product_cat":[1983,11036],"product_tag":[],"class_list":{"0":"post-175110","1":"product","2":"type-product","3":"status-publish","4":"has-post-thumbnail","6":"product_cat-baumarkt","7":"product_cat-kamine","8":"pa_binding-haushaltswaren","9":"pa_brand-home-complete","10":"pa_color-schwarz","11":"pa_height-13-zoll","12":"pa_length-12-zoll","13":"pa_manufacturer-trademark-glb","14":"pa_model-hc-7004","15":"pa_weight-5-85-pfund","16":"pa_width-12-zoll","18":"first","19":"instock","20":"shipping-taxable","21":"purchasable","22":"product-type-simple","23":"customify-col","24":"product-has-gallery"},"yoast_head":"<!-- This site is optimized with the Yoast SEO plugin v27.4 - https:\/\/yoast.com\/product\/yoast-seo-wordpress\/ -->\n<title>Home-Complete HC-7004 Ascheimer mit Deckel und Schaufel f\u00fcr Kamin schwarz, Stahl - Markt-XXL<\/title>\n<meta name=\"description\" content=\"Markt-XXL Home-Complete HC-7004 Ascheimer mit Deckel und Schaufel f\u00fcr Kamin schwarz, Stahl\" \/>\n<meta name=\"robots\" content=\"index, follow, max-snippet:-1, max-image-preview:large, max-video-preview:-1\" \/>\n<link rel=\"canonical\" href=\"https:\/\/marktxxl.de\/markt\/produkt\/home-complete-hc-7004-ascheimer-mit-deckel-und-schaufel-fuer-kamin-schwarz-stahl\/\" \/>\n<meta property=\"og:locale\" content=\"de_DE\" \/>\n<meta property=\"og:type\" content=\"article\" \/>\n<meta property=\"og:title\" content=\"Home-Complete HC-7004 Ascheimer mit Deckel und Schaufel f\u00fcr Kamin schwarz, Stahl - Markt-XXL\" \/>\n<meta property=\"og:description\" content=\"Markt-XXL Home-Complete HC-7004 Ascheimer mit Deckel und Schaufel f\u00fcr Kamin schwarz, Stahl\" \/>\n<meta property=\"og:url\" content=\"https:\/\/marktxxl.de\/markt\/produkt\/home-complete-hc-7004-ascheimer-mit-deckel-und-schaufel-fuer-kamin-schwarz-stahl\/\" \/>\n<meta property=\"og:site_name\" content=\"Markt-XXL\" \/>\n<meta property=\"article:modified_time\" content=\"2023-04-09T02:47:06+00:00\" \/>\n<meta property=\"og:image\" content=\"https:\/\/m.media-amazon.com\/images\/I\/41oVUm9W9WL._SL500_.jpg\" \/>\n\t<meta property=\"og:image:width\" content=\"500\" \/>\n\t<meta property=\"og:image:height\" content=\"500\" \/>\n\t<meta property=\"og:image:type\" content=\"image\/jpeg\" \/>\n<meta name=\"twitter:card\" content=\"summary_large_image\" \/>\n<meta name=\"twitter:label1\" content=\"Gesch\u00e4tzte Lesezeit\" \/>\n\t<meta name=\"twitter:data1\" content=\"1\u00a0Minute\" \/>\n<script type=\"application\/ld+json\" class=\"yoast-schema-graph\">{\"@context\":\"https:\\\/\\\/schema.org\",\"@graph\":[{\"@type\":\"WebPage\",\"@id\":\"https:\\\/\\\/marktxxl.de\\\/markt\\\/produkt\\\/home-complete-hc-7004-ascheimer-mit-deckel-und-schaufel-fuer-kamin-schwarz-stahl\\\/\",\"url\":\"https:\\\/\\\/marktxxl.de\\\/markt\\\/produkt\\\/home-complete-hc-7004-ascheimer-mit-deckel-und-schaufel-fuer-kamin-schwarz-stahl\\\/\",\"name\":\"Home-Complete HC-7004 Ascheimer mit Deckel und Schaufel f\u00fcr Kamin schwarz, Stahl - Markt-XXL\",\"isPartOf\":{\"@id\":\"https:\\\/\\\/marktxxl.de\\\/markt\\\/#website\"},\"primaryImageOfPage\":{\"@id\":\"https:\\\/\\\/marktxxl.de\\\/markt\\\/produkt\\\/home-complete-hc-7004-ascheimer-mit-deckel-und-schaufel-fuer-kamin-schwarz-stahl\\\/#primaryimage\"},\"image\":{\"@id\":\"https:\\\/\\\/marktxxl.de\\\/markt\\\/produkt\\\/home-complete-hc-7004-ascheimer-mit-deckel-und-schaufel-fuer-kamin-schwarz-stahl\\\/#primaryimage\"},\"thumbnailUrl\":\"https:\\\/\\\/m.media-amazon.com\\\/images\\\/I\\\/41oVUm9W9WL._SL500_.jpg\",\"datePublished\":\"2022-12-11T07:26:40+00:00\",\"dateModified\":\"2023-04-09T02:47:06+00:00\",\"description\":\"Markt-XXL Home-Complete HC-7004 Ascheimer mit Deckel und Schaufel f\u00fcr Kamin schwarz, Stahl\",\"breadcrumb\":{\"@id\":\"https:\\\/\\\/marktxxl.de\\\/markt\\\/produkt\\\/home-complete-hc-7004-ascheimer-mit-deckel-und-schaufel-fuer-kamin-schwarz-stahl\\\/#breadcrumb\"},\"inLanguage\":\"de\",\"potentialAction\":[{\"@type\":\"ReadAction\",\"target\":[\"https:\\\/\\\/marktxxl.de\\\/markt\\\/produkt\\\/home-complete-hc-7004-ascheimer-mit-deckel-und-schaufel-fuer-kamin-schwarz-stahl\\\/\"]}]},{\"@type\":\"ImageObject\",\"inLanguage\":\"de\",\"@id\":\"https:\\\/\\\/marktxxl.de\\\/markt\\\/produkt\\\/home-complete-hc-7004-ascheimer-mit-deckel-und-schaufel-fuer-kamin-schwarz-stahl\\\/#primaryimage\",\"url\":\"https:\\\/\\\/m.media-amazon.com\\\/images\\\/I\\\/41oVUm9W9WL._SL500_.jpg\",\"contentUrl\":\"https:\\\/\\\/m.media-amazon.com\\\/images\\\/I\\\/41oVUm9W9WL._SL500_.jpg\",\"width\":500,\"height\":500},{\"@type\":\"BreadcrumbList\",\"@id\":\"https:\\\/\\\/marktxxl.de\\\/markt\\\/produkt\\\/home-complete-hc-7004-ascheimer-mit-deckel-und-schaufel-fuer-kamin-schwarz-stahl\\\/#breadcrumb\",\"itemListElement\":[{\"@type\":\"ListItem\",\"position\":1,\"name\":\"Startseite\",\"item\":\"https:\\\/\\\/marktxxl.de\\\/markt\\\/\"},{\"@type\":\"ListItem\",\"position\":2,\"name\":\"Markt\",\"item\":\"https:\\\/\\\/marktxxl.de\\\/markt\\\/\"},{\"@type\":\"ListItem\",\"position\":3,\"name\":\"Home-Complete HC-7004 Ascheimer mit Deckel und Schaufel f\u00fcr Kamin schwarz, Stahl\"}]},{\"@type\":\"WebSite\",\"@id\":\"https:\\\/\\\/marktxxl.de\\\/markt\\\/#website\",\"url\":\"https:\\\/\\\/marktxxl.de\\\/markt\\\/\",\"name\":\"Markt-XXL\",\"description\":\"Ihr Markt Online\",\"publisher\":{\"@id\":\"https:\\\/\\\/marktxxl.de\\\/markt\\\/#organization\"},\"potentialAction\":[{\"@type\":\"SearchAction\",\"target\":{\"@type\":\"EntryPoint\",\"urlTemplate\":\"https:\\\/\\\/marktxxl.de\\\/markt\\\/?s={search_term_string}\"},\"query-input\":{\"@type\":\"PropertyValueSpecification\",\"valueRequired\":true,\"valueName\":\"search_term_string\"}}],\"inLanguage\":\"de\"},{\"@type\":\"Organization\",\"@id\":\"https:\\\/\\\/marktxxl.de\\\/markt\\\/#organization\",\"name\":\"Markt-XXL\",\"url\":\"https:\\\/\\\/marktxxl.de\\\/markt\\\/\",\"logo\":{\"@type\":\"ImageObject\",\"inLanguage\":\"de\",\"@id\":\"https:\\\/\\\/marktxxl.de\\\/markt\\\/#\\\/schema\\\/logo\\\/image\\\/\",\"url\":\"https:\\\/\\\/marktxxl.de\\\/markt\\\/wp-content\\\/uploads\\\/sites\\\/3\\\/2020\\\/12\\\/logo.png\",\"contentUrl\":\"https:\\\/\\\/marktxxl.de\\\/markt\\\/wp-content\\\/uploads\\\/sites\\\/3\\\/2020\\\/12\\\/logo.png\",\"width\":200,\"height\":70,\"caption\":\"Markt-XXL\"},\"image\":{\"@id\":\"https:\\\/\\\/marktxxl.de\\\/markt\\\/#\\\/schema\\\/logo\\\/image\\\/\"}}]}<\/script>\n<!-- \/ Yoast SEO plugin. -->","yoast_head_json":{"title":"Home-Complete HC-7004 Ascheimer mit Deckel und Schaufel f\u00fcr Kamin schwarz, Stahl - Markt-XXL","description":"Markt-XXL Home-Complete HC-7004 Ascheimer mit Deckel und Schaufel f\u00fcr Kamin schwarz, Stahl","robots":{"index":"index","follow":"follow","max-snippet":"max-snippet:-1","max-image-preview":"max-image-preview:large","max-video-preview":"max-video-preview:-1"},"canonical":"https:\/\/marktxxl.de\/markt\/produkt\/home-complete-hc-7004-ascheimer-mit-deckel-und-schaufel-fuer-kamin-schwarz-stahl\/","og_locale":"de_DE","og_type":"article","og_title":"Home-Complete HC-7004 Ascheimer mit Deckel und Schaufel f\u00fcr Kamin schwarz, Stahl - Markt-XXL","og_description":"Markt-XXL Home-Complete HC-7004 Ascheimer mit Deckel und Schaufel f\u00fcr Kamin schwarz, Stahl","og_url":"https:\/\/marktxxl.de\/markt\/produkt\/home-complete-hc-7004-ascheimer-mit-deckel-und-schaufel-fuer-kamin-schwarz-stahl\/","og_site_name":"Markt-XXL","article_modified_time":"2023-04-09T02:47:06+00:00","og_image":[{"width":500,"height":500,"url":"https:\/\/m.media-amazon.com\/images\/I\/41oVUm9W9WL._SL500_.jpg","type":"image\/jpeg"}],"twitter_card":"summary_large_image","twitter_misc":{"Gesch\u00e4tzte Lesezeit":"1\u00a0Minute"},"schema":{"@context":"https:\/\/schema.org","@graph":[{"@type":"WebPage","@id":"https:\/\/marktxxl.de\/markt\/produkt\/home-complete-hc-7004-ascheimer-mit-deckel-und-schaufel-fuer-kamin-schwarz-stahl\/","url":"https:\/\/marktxxl.de\/markt\/produkt\/home-complete-hc-7004-ascheimer-mit-deckel-und-schaufel-fuer-kamin-schwarz-stahl\/","name":"Home-Complete HC-7004 Ascheimer mit Deckel und Schaufel f\u00fcr Kamin schwarz, Stahl - Markt-XXL","isPartOf":{"@id":"https:\/\/marktxxl.de\/markt\/#website"},"primaryImageOfPage":{"@id":"https:\/\/marktxxl.de\/markt\/produkt\/home-complete-hc-7004-ascheimer-mit-deckel-und-schaufel-fuer-kamin-schwarz-stahl\/#primaryimage"},"image":{"@id":"https:\/\/marktxxl.de\/markt\/produkt\/home-complete-hc-7004-ascheimer-mit-deckel-und-schaufel-fuer-kamin-schwarz-stahl\/#primaryimage"},"thumbnailUrl":"https:\/\/m.media-amazon.com\/images\/I\/41oVUm9W9WL._SL500_.jpg","datePublished":"2022-12-11T07:26:40+00:00","dateModified":"2023-04-09T02:47:06+00:00","description":"Markt-XXL Home-Complete HC-7004 Ascheimer mit Deckel und Schaufel f\u00fcr Kamin schwarz, Stahl","breadcrumb":{"@id":"https:\/\/marktxxl.de\/markt\/produkt\/home-complete-hc-7004-ascheimer-mit-deckel-und-schaufel-fuer-kamin-schwarz-stahl\/#breadcrumb"},"inLanguage":"de","potentialAction":[{"@type":"ReadAction","target":["https:\/\/marktxxl.de\/markt\/produkt\/home-complete-hc-7004-ascheimer-mit-deckel-und-schaufel-fuer-kamin-schwarz-stahl\/"]}]},{"@type":"ImageObject","inLanguage":"de","@id":"https:\/\/marktxxl.de\/markt\/produkt\/home-complete-hc-7004-ascheimer-mit-deckel-und-schaufel-fuer-kamin-schwarz-stahl\/#primaryimage","url":"https:\/\/m.media-amazon.com\/images\/I\/41oVUm9W9WL._SL500_.jpg","contentUrl":"https:\/\/m.media-amazon.com\/images\/I\/41oVUm9W9WL._SL500_.jpg","width":500,"height":500},{"@type":"BreadcrumbList","@id":"https:\/\/marktxxl.de\/markt\/produkt\/home-complete-hc-7004-ascheimer-mit-deckel-und-schaufel-fuer-kamin-schwarz-stahl\/#breadcrumb","itemListElement":[{"@type":"ListItem","position":1,"name":"Startseite","item":"https:\/\/marktxxl.de\/markt\/"},{"@type":"ListItem","position":2,"name":"Markt","item":"https:\/\/marktxxl.de\/markt\/"},{"@type":"ListItem","position":3,"name":"Home-Complete HC-7004 Ascheimer mit Deckel und Schaufel f\u00fcr Kamin schwarz, Stahl"}]},{"@type":"WebSite","@id":"https:\/\/marktxxl.de\/markt\/#website","url":"https:\/\/marktxxl.de\/markt\/","name":"Markt-XXL","description":"Ihr Markt Online","publisher":{"@id":"https:\/\/marktxxl.de\/markt\/#organization"},"potentialAction":[{"@type":"SearchAction","target":{"@type":"EntryPoint","urlTemplate":"https:\/\/marktxxl.de\/markt\/?s={search_term_string}"},"query-input":{"@type":"PropertyValueSpecification","valueRequired":true,"valueName":"search_term_string"}}],"inLanguage":"de"},{"@type":"Organization","@id":"https:\/\/marktxxl.de\/markt\/#organization","name":"Markt-XXL","url":"https:\/\/marktxxl.de\/markt\/","logo":{"@type":"ImageObject","inLanguage":"de","@id":"https:\/\/marktxxl.de\/markt\/#\/schema\/logo\/image\/","url":"https:\/\/marktxxl.de\/markt\/wp-content\/uploads\/sites\/3\/2020\/12\/logo.png","contentUrl":"https:\/\/marktxxl.de\/markt\/wp-content\/uploads\/sites\/3\/2020\/12\/logo.png","width":200,"height":70,"caption":"Markt-XXL"},"image":{"@id":"https:\/\/marktxxl.de\/markt\/#\/schema\/logo\/image\/"}}]}},"_links":{"self":[{"href":"https:\/\/marktxxl.de\/markt\/wp-json\/wp\/v2\/product\/175110","targetHints":{"allow":["GET"]}}],"collection":[{"href":"https:\/\/marktxxl.de\/markt\/wp-json\/wp\/v2\/product"}],"about":[{"href":"https:\/\/marktxxl.de\/markt\/wp-json\/wp\/v2\/types\/product"}],"replies":[{"embeddable":true,"href":"https:\/\/marktxxl.de\/markt\/wp-json\/wp\/v2\/comments?post=175110"}],"wp:featuredmedia":[{"embeddable":true,"href":"https:\/\/marktxxl.de\/markt\/wp-json\/wp\/v2\/media\/175111"}],"wp:attachment":[{"href":"https:\/\/marktxxl.de\/markt\/wp-json\/wp\/v2\/media?parent=175110"}],"wp:term":[{"taxonomy":"product_brand","embeddable":true,"href":"https:\/\/marktxxl.de\/markt\/wp-json\/wp\/v2\/product_brand?post=175110"},{"taxonomy":"product_cat","embeddable":true,"href":"https:\/\/marktxxl.de\/markt\/wp-json\/wp\/v2\/product_cat?post=175110"},{"taxonomy":"product_tag","embeddable":true,"href":"https:\/\/marktxxl.de\/markt\/wp-json\/wp\/v2\/product_tag?post=175110"}],"curies":[{"name":"wp","href":"https:\/\/api.w.org\/{rel}","templated":true}]}}