{"id":175073,"date":"2022-12-11T08:25:26","date_gmt":"2022-12-11T07:25:26","guid":{"rendered":"https:\/\/marktxxl.de\/markt\/produkt\/schuerer-aschekasten-massfertigung-groesse-1-3-5-7-9-11-kastenhoehe-bis-12cm\/"},"modified":"2023-04-11T05:03:19","modified_gmt":"2023-04-11T03:03:19","slug":"schuerer-aschekasten-massfertigung-groesse-1-3-5-7-9-11-kastenhoehe-bis-12cm","status":"publish","type":"product","link":"https:\/\/marktxxl.de\/markt\/produkt\/schuerer-aschekasten-massfertigung-groesse-1-3-5-7-9-11-kastenhoehe-bis-12cm\/","title":{"rendered":"Sch\u00fcrer Aschekasten Ma\u00dffertigung Gr\u00f6\u00dfe 1, 3, 5, 7, 9, 11, Kastenh\u00f6he bis 12cm"},"content":{"rendered":"<li>Bitte addieren Sie Tiefe, Breite(Griffseite) und H\u00f6he ihres Kastens und w\u00e4hlen sie die Gr\u00f6\u00dfe entsprechend der ermittelten Summe: <\/li>\n<li>Gr\u00f6\u00dfe 1: Die Summe betr\u00e4gt bis 60cm <\/li>\n<p>&#8212;&#8212;&#8212;-<\/p>\n<li>Gr\u00f6\u00dfe 3: Die Summe betr\u00e4gt 61 bis 80cm <\/li>\n<li>Gr\u00f6\u00dfe 5: Die Summe betr\u00e4gt 81 bis 100cm <\/li>\n<p>&#8212;&#8212;&#8212;-<\/p>\n<li>Gr\u00f6\u00dfe 7: Die Summe betr\u00e4gt 101 bis 120cm <\/li>\n<li>Gr\u00f6\u00dfe 9: Die Summe betr\u00e4gt 121 bis 140cm <\/li>\n<p>&#8212;&#8212;&#8212;-<\/p>\n<li>Gr\u00f6\u00dfe 11: Die Summe betr\u00e4gt 141 bis 160cm <\/li>\n<li>Bitte beachten sie die maximale H\u00f6he von 12cm.<\/li>\n<li>Weitere Details entnehmen Sie in der untenstehenden Beschreibung.<\/li>\n<\/ul>\n<div class=\"main-cross-sell\" data-asin=\"B074SHP7CQ\">\n\n\t<div class=\"WooZone-cross-sell-loader\">\n\t\t<div>\n\t\t\t<div id=\"floatingBarsG\">\n\t\t\t\t<div class=\"blockG\" id=\"rotateG_01\"><\/div>\n\t\t\t\t<div class=\"blockG\" id=\"rotateG_02\"><\/div>\n\t\t\t\t<div class=\"blockG\" id=\"rotateG_03\"><\/div>\n\t\t\t\t<div class=\"blockG\" id=\"rotateG_04\"><\/div>\n\t\t\t\t<div class=\"blockG\" id=\"rotateG_05\"><\/div>\n\t\t\t\t<div class=\"blockG\" id=\"rotateG_06\"><\/div>\n\t\t\t\t<div class=\"blockG\" id=\"rotateG_07\"><\/div>\n\t\t\t\t<div class=\"blockG\" id=\"rotateG_08\"><\/div>\n\t\t\t<\/div>\n\t\t\t<div class=\"WooZone-cross-sell-loader-text\"><\/div>\n\t\t<\/div>\n\t<\/div>\n\n\t\t\n<\/div>\n<div style=\"clear:both;\"><\/div>\n","protected":false},"excerpt":{"rendered":"<p>Bitte addieren Sie Tiefe, Breite(Griffseite) und H\u00f6he ihres Kastens und w\u00e4hlen sie die Gr\u00f6\u00dfe entsprechend der ermittelten Summe:<br \/>\nGr\u00f6\u00dfe 1: Die Summe betr\u00e4gt bis 60cm &#8212;&#8212;&#8212;-Gr\u00f6\u00dfe 3: Die Summe betr\u00e4gt 61 bis 80cm<br \/>\nGr\u00f6\u00dfe 5: Die Summe betr\u00e4gt 81 bis 100cm &#8212;&#8212;&#8212;-Gr\u00f6\u00dfe 7: Die Summe betr\u00e4gt 101 bis 120cm <\/p>\n","protected":false},"featured_media":175074,"comment_status":"open","ping_status":"closed","template":"","meta":[],"product_brand":[],"product_cat":[1983,11036],"product_tag":[],"class_list":{"0":"post-175073","1":"product","2":"type-product","3":"status-publish","4":"has-post-thumbnail","6":"product_cat-baumarkt","7":"product_cat-kamine","8":"pa_binding-haushaltswaren","9":"pa_brand-schuerer","10":"pa_manufacturer-schuerer-metallwaren","12":"first","13":"instock","14":"shipping-taxable","15":"purchasable","16":"product-type-simple","17":"customify-col","18":"product-has-gallery"},"yoast_head":"<!-- This site is optimized with the Yoast SEO plugin v27.4 - https:\/\/yoast.com\/product\/yoast-seo-wordpress\/ -->\n<title>Sch\u00fcrer Aschekasten Ma\u00dffertigung Gr\u00f6\u00dfe 1, 3, 5, 7, 9, 11, Kastenh\u00f6he bis 12cm - Markt-XXL<\/title>\n<meta name=\"description\" content=\"Markt-XXL Sch\u00fcrer Aschekasten Ma\u00dffertigung Gr\u00f6\u00dfe 1, 3, 5, 7, 9, 11, Kastenh\u00f6he bis 12cm\" \/>\n<meta name=\"robots\" content=\"index, follow, max-snippet:-1, max-image-preview:large, max-video-preview:-1\" \/>\n<link rel=\"canonical\" href=\"https:\/\/marktxxl.de\/markt\/produkt\/schuerer-aschekasten-massfertigung-groesse-1-3-5-7-9-11-kastenhoehe-bis-12cm\/\" \/>\n<meta property=\"og:locale\" content=\"de_DE\" \/>\n<meta property=\"og:type\" content=\"article\" \/>\n<meta property=\"og:title\" content=\"Sch\u00fcrer Aschekasten Ma\u00dffertigung Gr\u00f6\u00dfe 1, 3, 5, 7, 9, 11, Kastenh\u00f6he bis 12cm - Markt-XXL\" \/>\n<meta property=\"og:description\" content=\"Markt-XXL Sch\u00fcrer Aschekasten Ma\u00dffertigung Gr\u00f6\u00dfe 1, 3, 5, 7, 9, 11, Kastenh\u00f6he bis 12cm\" \/>\n<meta property=\"og:url\" content=\"https:\/\/marktxxl.de\/markt\/produkt\/schuerer-aschekasten-massfertigung-groesse-1-3-5-7-9-11-kastenhoehe-bis-12cm\/\" \/>\n<meta property=\"og:site_name\" content=\"Markt-XXL\" \/>\n<meta property=\"article:modified_time\" content=\"2023-04-11T03:03:19+00:00\" \/>\n<meta property=\"og:image\" content=\"https:\/\/m.media-amazon.com\/images\/I\/41O9u6m3nbL._SL500_.jpg\" \/>\n\t<meta property=\"og:image:width\" content=\"500\" \/>\n\t<meta property=\"og:image:height\" content=\"406\" \/>\n\t<meta property=\"og:image:type\" content=\"image\/jpeg\" \/>\n<meta name=\"twitter:card\" content=\"summary_large_image\" \/>\n<script type=\"application\/ld+json\" class=\"yoast-schema-graph\">{\"@context\":\"https:\\\/\\\/schema.org\",\"@graph\":[{\"@type\":\"WebPage\",\"@id\":\"https:\\\/\\\/marktxxl.de\\\/markt\\\/produkt\\\/schuerer-aschekasten-massfertigung-groesse-1-3-5-7-9-11-kastenhoehe-bis-12cm\\\/\",\"url\":\"https:\\\/\\\/marktxxl.de\\\/markt\\\/produkt\\\/schuerer-aschekasten-massfertigung-groesse-1-3-5-7-9-11-kastenhoehe-bis-12cm\\\/\",\"name\":\"Sch\u00fcrer Aschekasten Ma\u00dffertigung Gr\u00f6\u00dfe 1, 3, 5, 7, 9, 11, Kastenh\u00f6he bis 12cm - Markt-XXL\",\"isPartOf\":{\"@id\":\"https:\\\/\\\/marktxxl.de\\\/markt\\\/#website\"},\"primaryImageOfPage\":{\"@id\":\"https:\\\/\\\/marktxxl.de\\\/markt\\\/produkt\\\/schuerer-aschekasten-massfertigung-groesse-1-3-5-7-9-11-kastenhoehe-bis-12cm\\\/#primaryimage\"},\"image\":{\"@id\":\"https:\\\/\\\/marktxxl.de\\\/markt\\\/produkt\\\/schuerer-aschekasten-massfertigung-groesse-1-3-5-7-9-11-kastenhoehe-bis-12cm\\\/#primaryimage\"},\"thumbnailUrl\":\"https:\\\/\\\/m.media-amazon.com\\\/images\\\/I\\\/41O9u6m3nbL._SL500_.jpg\",\"datePublished\":\"2022-12-11T07:25:26+00:00\",\"dateModified\":\"2023-04-11T03:03:19+00:00\",\"description\":\"Markt-XXL Sch\u00fcrer Aschekasten Ma\u00dffertigung Gr\u00f6\u00dfe 1, 3, 5, 7, 9, 11, Kastenh\u00f6he bis 12cm\",\"breadcrumb\":{\"@id\":\"https:\\\/\\\/marktxxl.de\\\/markt\\\/produkt\\\/schuerer-aschekasten-massfertigung-groesse-1-3-5-7-9-11-kastenhoehe-bis-12cm\\\/#breadcrumb\"},\"inLanguage\":\"de\",\"potentialAction\":[{\"@type\":\"ReadAction\",\"target\":[\"https:\\\/\\\/marktxxl.de\\\/markt\\\/produkt\\\/schuerer-aschekasten-massfertigung-groesse-1-3-5-7-9-11-kastenhoehe-bis-12cm\\\/\"]}]},{\"@type\":\"ImageObject\",\"inLanguage\":\"de\",\"@id\":\"https:\\\/\\\/marktxxl.de\\\/markt\\\/produkt\\\/schuerer-aschekasten-massfertigung-groesse-1-3-5-7-9-11-kastenhoehe-bis-12cm\\\/#primaryimage\",\"url\":\"https:\\\/\\\/m.media-amazon.com\\\/images\\\/I\\\/41O9u6m3nbL._SL500_.jpg\",\"contentUrl\":\"https:\\\/\\\/m.media-amazon.com\\\/images\\\/I\\\/41O9u6m3nbL._SL500_.jpg\",\"width\":500,\"height\":406},{\"@type\":\"BreadcrumbList\",\"@id\":\"https:\\\/\\\/marktxxl.de\\\/markt\\\/produkt\\\/schuerer-aschekasten-massfertigung-groesse-1-3-5-7-9-11-kastenhoehe-bis-12cm\\\/#breadcrumb\",\"itemListElement\":[{\"@type\":\"ListItem\",\"position\":1,\"name\":\"Startseite\",\"item\":\"https:\\\/\\\/marktxxl.de\\\/markt\\\/\"},{\"@type\":\"ListItem\",\"position\":2,\"name\":\"Markt\",\"item\":\"https:\\\/\\\/marktxxl.de\\\/markt\\\/\"},{\"@type\":\"ListItem\",\"position\":3,\"name\":\"Sch\u00fcrer Aschekasten Ma\u00dffertigung Gr\u00f6\u00dfe 1, 3, 5, 7, 9, 11, Kastenh\u00f6he bis 12cm\"}]},{\"@type\":\"WebSite\",\"@id\":\"https:\\\/\\\/marktxxl.de\\\/markt\\\/#website\",\"url\":\"https:\\\/\\\/marktxxl.de\\\/markt\\\/\",\"name\":\"Markt-XXL\",\"description\":\"Ihr Markt Online\",\"publisher\":{\"@id\":\"https:\\\/\\\/marktxxl.de\\\/markt\\\/#organization\"},\"potentialAction\":[{\"@type\":\"SearchAction\",\"target\":{\"@type\":\"EntryPoint\",\"urlTemplate\":\"https:\\\/\\\/marktxxl.de\\\/markt\\\/?s={search_term_string}\"},\"query-input\":{\"@type\":\"PropertyValueSpecification\",\"valueRequired\":true,\"valueName\":\"search_term_string\"}}],\"inLanguage\":\"de\"},{\"@type\":\"Organization\",\"@id\":\"https:\\\/\\\/marktxxl.de\\\/markt\\\/#organization\",\"name\":\"Markt-XXL\",\"url\":\"https:\\\/\\\/marktxxl.de\\\/markt\\\/\",\"logo\":{\"@type\":\"ImageObject\",\"inLanguage\":\"de\",\"@id\":\"https:\\\/\\\/marktxxl.de\\\/markt\\\/#\\\/schema\\\/logo\\\/image\\\/\",\"url\":\"https:\\\/\\\/marktxxl.de\\\/markt\\\/wp-content\\\/uploads\\\/sites\\\/3\\\/2020\\\/12\\\/logo.png\",\"contentUrl\":\"https:\\\/\\\/marktxxl.de\\\/markt\\\/wp-content\\\/uploads\\\/sites\\\/3\\\/2020\\\/12\\\/logo.png\",\"width\":200,\"height\":70,\"caption\":\"Markt-XXL\"},\"image\":{\"@id\":\"https:\\\/\\\/marktxxl.de\\\/markt\\\/#\\\/schema\\\/logo\\\/image\\\/\"}}]}<\/script>\n<!-- \/ Yoast SEO plugin. -->","yoast_head_json":{"title":"Sch\u00fcrer Aschekasten Ma\u00dffertigung Gr\u00f6\u00dfe 1, 3, 5, 7, 9, 11, Kastenh\u00f6he bis 12cm - Markt-XXL","description":"Markt-XXL Sch\u00fcrer Aschekasten Ma\u00dffertigung Gr\u00f6\u00dfe 1, 3, 5, 7, 9, 11, Kastenh\u00f6he bis 12cm","robots":{"index":"index","follow":"follow","max-snippet":"max-snippet:-1","max-image-preview":"max-image-preview:large","max-video-preview":"max-video-preview:-1"},"canonical":"https:\/\/marktxxl.de\/markt\/produkt\/schuerer-aschekasten-massfertigung-groesse-1-3-5-7-9-11-kastenhoehe-bis-12cm\/","og_locale":"de_DE","og_type":"article","og_title":"Sch\u00fcrer Aschekasten Ma\u00dffertigung Gr\u00f6\u00dfe 1, 3, 5, 7, 9, 11, Kastenh\u00f6he bis 12cm - Markt-XXL","og_description":"Markt-XXL Sch\u00fcrer Aschekasten Ma\u00dffertigung Gr\u00f6\u00dfe 1, 3, 5, 7, 9, 11, Kastenh\u00f6he bis 12cm","og_url":"https:\/\/marktxxl.de\/markt\/produkt\/schuerer-aschekasten-massfertigung-groesse-1-3-5-7-9-11-kastenhoehe-bis-12cm\/","og_site_name":"Markt-XXL","article_modified_time":"2023-04-11T03:03:19+00:00","og_image":[{"width":500,"height":406,"url":"https:\/\/m.media-amazon.com\/images\/I\/41O9u6m3nbL._SL500_.jpg","type":"image\/jpeg"}],"twitter_card":"summary_large_image","schema":{"@context":"https:\/\/schema.org","@graph":[{"@type":"WebPage","@id":"https:\/\/marktxxl.de\/markt\/produkt\/schuerer-aschekasten-massfertigung-groesse-1-3-5-7-9-11-kastenhoehe-bis-12cm\/","url":"https:\/\/marktxxl.de\/markt\/produkt\/schuerer-aschekasten-massfertigung-groesse-1-3-5-7-9-11-kastenhoehe-bis-12cm\/","name":"Sch\u00fcrer Aschekasten Ma\u00dffertigung Gr\u00f6\u00dfe 1, 3, 5, 7, 9, 11, Kastenh\u00f6he bis 12cm - Markt-XXL","isPartOf":{"@id":"https:\/\/marktxxl.de\/markt\/#website"},"primaryImageOfPage":{"@id":"https:\/\/marktxxl.de\/markt\/produkt\/schuerer-aschekasten-massfertigung-groesse-1-3-5-7-9-11-kastenhoehe-bis-12cm\/#primaryimage"},"image":{"@id":"https:\/\/marktxxl.de\/markt\/produkt\/schuerer-aschekasten-massfertigung-groesse-1-3-5-7-9-11-kastenhoehe-bis-12cm\/#primaryimage"},"thumbnailUrl":"https:\/\/m.media-amazon.com\/images\/I\/41O9u6m3nbL._SL500_.jpg","datePublished":"2022-12-11T07:25:26+00:00","dateModified":"2023-04-11T03:03:19+00:00","description":"Markt-XXL Sch\u00fcrer Aschekasten Ma\u00dffertigung Gr\u00f6\u00dfe 1, 3, 5, 7, 9, 11, Kastenh\u00f6he bis 12cm","breadcrumb":{"@id":"https:\/\/marktxxl.de\/markt\/produkt\/schuerer-aschekasten-massfertigung-groesse-1-3-5-7-9-11-kastenhoehe-bis-12cm\/#breadcrumb"},"inLanguage":"de","potentialAction":[{"@type":"ReadAction","target":["https:\/\/marktxxl.de\/markt\/produkt\/schuerer-aschekasten-massfertigung-groesse-1-3-5-7-9-11-kastenhoehe-bis-12cm\/"]}]},{"@type":"ImageObject","inLanguage":"de","@id":"https:\/\/marktxxl.de\/markt\/produkt\/schuerer-aschekasten-massfertigung-groesse-1-3-5-7-9-11-kastenhoehe-bis-12cm\/#primaryimage","url":"https:\/\/m.media-amazon.com\/images\/I\/41O9u6m3nbL._SL500_.jpg","contentUrl":"https:\/\/m.media-amazon.com\/images\/I\/41O9u6m3nbL._SL500_.jpg","width":500,"height":406},{"@type":"BreadcrumbList","@id":"https:\/\/marktxxl.de\/markt\/produkt\/schuerer-aschekasten-massfertigung-groesse-1-3-5-7-9-11-kastenhoehe-bis-12cm\/#breadcrumb","itemListElement":[{"@type":"ListItem","position":1,"name":"Startseite","item":"https:\/\/marktxxl.de\/markt\/"},{"@type":"ListItem","position":2,"name":"Markt","item":"https:\/\/marktxxl.de\/markt\/"},{"@type":"ListItem","position":3,"name":"Sch\u00fcrer Aschekasten Ma\u00dffertigung Gr\u00f6\u00dfe 1, 3, 5, 7, 9, 11, Kastenh\u00f6he bis 12cm"}]},{"@type":"WebSite","@id":"https:\/\/marktxxl.de\/markt\/#website","url":"https:\/\/marktxxl.de\/markt\/","name":"Markt-XXL","description":"Ihr Markt Online","publisher":{"@id":"https:\/\/marktxxl.de\/markt\/#organization"},"potentialAction":[{"@type":"SearchAction","target":{"@type":"EntryPoint","urlTemplate":"https:\/\/marktxxl.de\/markt\/?s={search_term_string}"},"query-input":{"@type":"PropertyValueSpecification","valueRequired":true,"valueName":"search_term_string"}}],"inLanguage":"de"},{"@type":"Organization","@id":"https:\/\/marktxxl.de\/markt\/#organization","name":"Markt-XXL","url":"https:\/\/marktxxl.de\/markt\/","logo":{"@type":"ImageObject","inLanguage":"de","@id":"https:\/\/marktxxl.de\/markt\/#\/schema\/logo\/image\/","url":"https:\/\/marktxxl.de\/markt\/wp-content\/uploads\/sites\/3\/2020\/12\/logo.png","contentUrl":"https:\/\/marktxxl.de\/markt\/wp-content\/uploads\/sites\/3\/2020\/12\/logo.png","width":200,"height":70,"caption":"Markt-XXL"},"image":{"@id":"https:\/\/marktxxl.de\/markt\/#\/schema\/logo\/image\/"}}]}},"_links":{"self":[{"href":"https:\/\/marktxxl.de\/markt\/wp-json\/wp\/v2\/product\/175073","targetHints":{"allow":["GET"]}}],"collection":[{"href":"https:\/\/marktxxl.de\/markt\/wp-json\/wp\/v2\/product"}],"about":[{"href":"https:\/\/marktxxl.de\/markt\/wp-json\/wp\/v2\/types\/product"}],"replies":[{"embeddable":true,"href":"https:\/\/marktxxl.de\/markt\/wp-json\/wp\/v2\/comments?post=175073"}],"wp:featuredmedia":[{"embeddable":true,"href":"https:\/\/marktxxl.de\/markt\/wp-json\/wp\/v2\/media\/175074"}],"wp:attachment":[{"href":"https:\/\/marktxxl.de\/markt\/wp-json\/wp\/v2\/media?parent=175073"}],"wp:term":[{"taxonomy":"product_brand","embeddable":true,"href":"https:\/\/marktxxl.de\/markt\/wp-json\/wp\/v2\/product_brand?post=175073"},{"taxonomy":"product_cat","embeddable":true,"href":"https:\/\/marktxxl.de\/markt\/wp-json\/wp\/v2\/product_cat?post=175073"},{"taxonomy":"product_tag","embeddable":true,"href":"https:\/\/marktxxl.de\/markt\/wp-json\/wp\/v2\/product_tag?post=175073"}],"curies":[{"name":"wp","href":"https:\/\/api.w.org\/{rel}","templated":true}]}}