{"id":174969,"date":"2022-12-11T07:46:45","date_gmt":"2022-12-11T06:46:45","guid":{"rendered":"https:\/\/marktxxl.de\/markt\/produkt\/ogeled-n120-neon-led-strip-lichtband-streifediffus-lichtbandje-meter-120leds-300lumen-2835-leds-wasserdicht-ip68\/"},"modified":"2023-04-11T05:03:17","modified_gmt":"2023-04-11T03:03:17","slug":"ogeled-n120-neon-led-strip-lichtband-streifediffus-lichtbandje-meter-120leds-300lumen-2835-leds-wasserdicht-ip68","status":"publish","type":"product","link":"https:\/\/marktxxl.de\/markt\/produkt\/ogeled-n120-neon-led-strip-lichtband-streifediffus-lichtbandje-meter-120leds-300lumen-2835-leds-wasserdicht-ip68\/","title":{"rendered":"Ogeled N120 Neon led strip Lichtband streife,diffus Lichtband ,je Meter 120LEDs 300Lumen, 2835 leds wasserdicht Ip68\u2026"},"content":{"rendered":"<p>OUTDOOR GEEIGNET \u2013 Unsere LED Lichterkette f\u00fcr au\u00dfen sind nach IP65 zertifiziert und damit garantiert staubdicht und extrem wasserfest. Dadurch sind die Streifen perfekt f\u00fcr die n\u00e4chste Gartenparty<br \/>\nPERFEKTE HELLIGKEIT \u2013 Das LED Lichtband ist so konfiguriert, dass sich die Helligkeit mit einem separaten Dimmer stufenlos regeln l\u00e4sst. Egal ob strahlend hell oder gem\u00fctliches D\u00e4mmerlicht hier bekommen Sie das perfekte Ma\u00df an Helligkeit.<br \/>\nHOHE QUALIT\u00c4T \u2013 Die verwendeten LED Leuchtdioden sind von h\u00f6chster Qualit\u00e4t und damit au\u00dferordentlich langlebig. Auch der verwendete Eurostecker entspricht den hohen EU Standards. Es ist kein extra Netzteil n\u00f6tig.<br \/>\nKEINE BATTERIE N\u00d6TIG \u2013 Keine Lust mehr st\u00e4ndig Batterien auszuwechseln? Das Problem haben sie bei unserem LED Band nicht. Einfach an den Hausstrom anschlie\u00dfen und loslegen.<br \/>\nENERGIESPAREND \u2013 Unsere LED Streifen sind nach der Energieklasse A+ zertifiziert, womit sie zu den energiesparendsten LED B\u00e4ndern auf dem Markt geh\u00f6ren. So schonen sie Ihren Geldbeutel und die Umwelt!<br \/>\n<div class=\"main-cross-sell\" data-asin=\"B07BB1Q74X\">\n\n\t<div class=\"WooZone-cross-sell-loader\">\n\t\t<div>\n\t\t\t<div id=\"floatingBarsG\">\n\t\t\t\t<div class=\"blockG\" id=\"rotateG_01\"><\/div>\n\t\t\t\t<div class=\"blockG\" id=\"rotateG_02\"><\/div>\n\t\t\t\t<div class=\"blockG\" id=\"rotateG_03\"><\/div>\n\t\t\t\t<div class=\"blockG\" id=\"rotateG_04\"><\/div>\n\t\t\t\t<div class=\"blockG\" id=\"rotateG_05\"><\/div>\n\t\t\t\t<div class=\"blockG\" id=\"rotateG_06\"><\/div>\n\t\t\t\t<div class=\"blockG\" id=\"rotateG_07\"><\/div>\n\t\t\t\t<div class=\"blockG\" id=\"rotateG_08\"><\/div>\n\t\t\t<\/div>\n\t\t\t<div class=\"WooZone-cross-sell-loader-text\"><\/div>\n\t\t<\/div>\n\t<\/div>\n\n\t\t\n<\/div>\n<div style=\"clear:both;\"><\/div><\/p>\n","protected":false},"excerpt":{"rendered":"<p>OUTDOOR GEEIGNET \u2013 Unsere LED Lichterkette f\u00fcr au\u00dfen sind nach IP65 zertifiziert und damit garantiert staubdicht und extrem wasserfest. Dadurch sind die Streifen perfekt f\u00fcr die n\u00e4chste Gartenparty<br \/>\nPERFEKTE HELLIGKEIT \u2013 Das LED Lichtband ist so konfiguriert, dass sich die Helligkeit mit einem separaten Dimmer stufenlos regeln l\u00e4sst. Egal ob strahlend hell oder gem\u00fctliches D\u00e4mmerlicht hier bekommen Sie das perfekte Ma\u00df an Helligkeit.<br \/>\nHOHE QUALIT\u00c4T \u2013 Die verwendeten LED Leuchtdioden sind von h\u00f6chster Qualit\u00e4t und damit au\u00dferordentlich langlebig. Auch der verwendete Eurostecker entspricht den hohen EU Standards. Es ist kein extra Netzteil n\u00f6tig.<\/p>\n","protected":false},"featured_media":174970,"comment_status":"open","ping_status":"closed","template":"","meta":[],"product_brand":[],"product_cat":[2108,15623],"product_tag":[],"class_list":{"0":"post-174969","1":"product","2":"type-product","3":"status-publish","4":"has-post-thumbnail","6":"product_cat-beleuchtung","7":"product_cat-lichtschlaeuche","8":"pa_brand-ogeled","9":"pa_manufacturer-ogeled","11":"first","12":"instock","13":"shipping-taxable","14":"purchasable","15":"product-type-simple","16":"customify-col","17":"product-has-gallery"},"yoast_head":"<!-- This site is optimized with the Yoast SEO plugin v27.4 - https:\/\/yoast.com\/product\/yoast-seo-wordpress\/ -->\n<title>Ogeled N120 Neon led strip Lichtband streife,diffus Lichtband ,je Meter 120LEDs 300Lumen, 2835 leds wasserdicht Ip68\u2026 - Markt-XXL<\/title>\n<meta name=\"description\" content=\"Markt-XXL Ogeled N120 Neon led strip Lichtband streife,diffus Lichtband ,je Meter 120LEDs 300Lumen, 2835 leds wasserdicht Ip68\u2026\" \/>\n<meta name=\"robots\" content=\"index, follow, max-snippet:-1, max-image-preview:large, max-video-preview:-1\" \/>\n<link rel=\"canonical\" href=\"https:\/\/marktxxl.de\/markt\/produkt\/ogeled-n120-neon-led-strip-lichtband-streifediffus-lichtbandje-meter-120leds-300lumen-2835-leds-wasserdicht-ip68\/\" \/>\n<meta property=\"og:locale\" content=\"de_DE\" \/>\n<meta property=\"og:type\" content=\"article\" \/>\n<meta property=\"og:title\" content=\"Ogeled N120 Neon led strip Lichtband streife,diffus Lichtband ,je Meter 120LEDs 300Lumen, 2835 leds wasserdicht Ip68\u2026 - Markt-XXL\" \/>\n<meta property=\"og:description\" content=\"Markt-XXL Ogeled N120 Neon led strip Lichtband streife,diffus Lichtband ,je Meter 120LEDs 300Lumen, 2835 leds wasserdicht Ip68\u2026\" \/>\n<meta property=\"og:url\" content=\"https:\/\/marktxxl.de\/markt\/produkt\/ogeled-n120-neon-led-strip-lichtband-streifediffus-lichtbandje-meter-120leds-300lumen-2835-leds-wasserdicht-ip68\/\" \/>\n<meta property=\"og:site_name\" content=\"Markt-XXL\" \/>\n<meta property=\"article:modified_time\" content=\"2023-04-11T03:03:17+00:00\" \/>\n<meta property=\"og:image\" content=\"https:\/\/m.media-amazon.com\/images\/I\/41DAlW6u-oL._SL500_.jpg\" \/>\n\t<meta property=\"og:image:width\" content=\"500\" \/>\n\t<meta property=\"og:image:height\" content=\"375\" \/>\n\t<meta property=\"og:image:type\" content=\"image\/jpeg\" \/>\n<meta name=\"twitter:card\" content=\"summary_large_image\" \/>\n<meta name=\"twitter:label1\" content=\"Gesch\u00e4tzte Lesezeit\" \/>\n\t<meta name=\"twitter:data1\" content=\"1\u00a0Minute\" \/>\n<script type=\"application\/ld+json\" class=\"yoast-schema-graph\">{\"@context\":\"https:\\\/\\\/schema.org\",\"@graph\":[{\"@type\":\"WebPage\",\"@id\":\"https:\\\/\\\/marktxxl.de\\\/markt\\\/produkt\\\/ogeled-n120-neon-led-strip-lichtband-streifediffus-lichtbandje-meter-120leds-300lumen-2835-leds-wasserdicht-ip68\\\/\",\"url\":\"https:\\\/\\\/marktxxl.de\\\/markt\\\/produkt\\\/ogeled-n120-neon-led-strip-lichtband-streifediffus-lichtbandje-meter-120leds-300lumen-2835-leds-wasserdicht-ip68\\\/\",\"name\":\"Ogeled N120 Neon led strip Lichtband streife,diffus Lichtband ,je Meter 120LEDs 300Lumen, 2835 leds wasserdicht Ip68\u2026 - Markt-XXL\",\"isPartOf\":{\"@id\":\"https:\\\/\\\/marktxxl.de\\\/markt\\\/#website\"},\"primaryImageOfPage\":{\"@id\":\"https:\\\/\\\/marktxxl.de\\\/markt\\\/produkt\\\/ogeled-n120-neon-led-strip-lichtband-streifediffus-lichtbandje-meter-120leds-300lumen-2835-leds-wasserdicht-ip68\\\/#primaryimage\"},\"image\":{\"@id\":\"https:\\\/\\\/marktxxl.de\\\/markt\\\/produkt\\\/ogeled-n120-neon-led-strip-lichtband-streifediffus-lichtbandje-meter-120leds-300lumen-2835-leds-wasserdicht-ip68\\\/#primaryimage\"},\"thumbnailUrl\":\"https:\\\/\\\/m.media-amazon.com\\\/images\\\/I\\\/41DAlW6u-oL._SL500_.jpg\",\"datePublished\":\"2022-12-11T06:46:45+00:00\",\"dateModified\":\"2023-04-11T03:03:17+00:00\",\"description\":\"Markt-XXL Ogeled N120 Neon led strip Lichtband streife,diffus Lichtband ,je Meter 120LEDs 300Lumen, 2835 leds wasserdicht Ip68\u2026\",\"breadcrumb\":{\"@id\":\"https:\\\/\\\/marktxxl.de\\\/markt\\\/produkt\\\/ogeled-n120-neon-led-strip-lichtband-streifediffus-lichtbandje-meter-120leds-300lumen-2835-leds-wasserdicht-ip68\\\/#breadcrumb\"},\"inLanguage\":\"de\",\"potentialAction\":[{\"@type\":\"ReadAction\",\"target\":[\"https:\\\/\\\/marktxxl.de\\\/markt\\\/produkt\\\/ogeled-n120-neon-led-strip-lichtband-streifediffus-lichtbandje-meter-120leds-300lumen-2835-leds-wasserdicht-ip68\\\/\"]}]},{\"@type\":\"ImageObject\",\"inLanguage\":\"de\",\"@id\":\"https:\\\/\\\/marktxxl.de\\\/markt\\\/produkt\\\/ogeled-n120-neon-led-strip-lichtband-streifediffus-lichtbandje-meter-120leds-300lumen-2835-leds-wasserdicht-ip68\\\/#primaryimage\",\"url\":\"https:\\\/\\\/m.media-amazon.com\\\/images\\\/I\\\/41DAlW6u-oL._SL500_.jpg\",\"contentUrl\":\"https:\\\/\\\/m.media-amazon.com\\\/images\\\/I\\\/41DAlW6u-oL._SL500_.jpg\",\"width\":500,\"height\":375},{\"@type\":\"BreadcrumbList\",\"@id\":\"https:\\\/\\\/marktxxl.de\\\/markt\\\/produkt\\\/ogeled-n120-neon-led-strip-lichtband-streifediffus-lichtbandje-meter-120leds-300lumen-2835-leds-wasserdicht-ip68\\\/#breadcrumb\",\"itemListElement\":[{\"@type\":\"ListItem\",\"position\":1,\"name\":\"Startseite\",\"item\":\"https:\\\/\\\/marktxxl.de\\\/markt\\\/\"},{\"@type\":\"ListItem\",\"position\":2,\"name\":\"Markt\",\"item\":\"https:\\\/\\\/marktxxl.de\\\/markt\\\/\"},{\"@type\":\"ListItem\",\"position\":3,\"name\":\"Ogeled N120 Neon led strip Lichtband streife,diffus Lichtband ,je Meter 120LEDs 300Lumen, 2835 leds wasserdicht Ip68\u2026\"}]},{\"@type\":\"WebSite\",\"@id\":\"https:\\\/\\\/marktxxl.de\\\/markt\\\/#website\",\"url\":\"https:\\\/\\\/marktxxl.de\\\/markt\\\/\",\"name\":\"Markt-XXL\",\"description\":\"Ihr Markt Online\",\"publisher\":{\"@id\":\"https:\\\/\\\/marktxxl.de\\\/markt\\\/#organization\"},\"potentialAction\":[{\"@type\":\"SearchAction\",\"target\":{\"@type\":\"EntryPoint\",\"urlTemplate\":\"https:\\\/\\\/marktxxl.de\\\/markt\\\/?s={search_term_string}\"},\"query-input\":{\"@type\":\"PropertyValueSpecification\",\"valueRequired\":true,\"valueName\":\"search_term_string\"}}],\"inLanguage\":\"de\"},{\"@type\":\"Organization\",\"@id\":\"https:\\\/\\\/marktxxl.de\\\/markt\\\/#organization\",\"name\":\"Markt-XXL\",\"url\":\"https:\\\/\\\/marktxxl.de\\\/markt\\\/\",\"logo\":{\"@type\":\"ImageObject\",\"inLanguage\":\"de\",\"@id\":\"https:\\\/\\\/marktxxl.de\\\/markt\\\/#\\\/schema\\\/logo\\\/image\\\/\",\"url\":\"https:\\\/\\\/marktxxl.de\\\/markt\\\/wp-content\\\/uploads\\\/sites\\\/3\\\/2020\\\/12\\\/logo.png\",\"contentUrl\":\"https:\\\/\\\/marktxxl.de\\\/markt\\\/wp-content\\\/uploads\\\/sites\\\/3\\\/2020\\\/12\\\/logo.png\",\"width\":200,\"height\":70,\"caption\":\"Markt-XXL\"},\"image\":{\"@id\":\"https:\\\/\\\/marktxxl.de\\\/markt\\\/#\\\/schema\\\/logo\\\/image\\\/\"}}]}<\/script>\n<!-- \/ Yoast SEO plugin. -->","yoast_head_json":{"title":"Ogeled N120 Neon led strip Lichtband streife,diffus Lichtband ,je Meter 120LEDs 300Lumen, 2835 leds wasserdicht Ip68\u2026 - Markt-XXL","description":"Markt-XXL Ogeled N120 Neon led strip Lichtband streife,diffus Lichtband ,je Meter 120LEDs 300Lumen, 2835 leds wasserdicht Ip68\u2026","robots":{"index":"index","follow":"follow","max-snippet":"max-snippet:-1","max-image-preview":"max-image-preview:large","max-video-preview":"max-video-preview:-1"},"canonical":"https:\/\/marktxxl.de\/markt\/produkt\/ogeled-n120-neon-led-strip-lichtband-streifediffus-lichtbandje-meter-120leds-300lumen-2835-leds-wasserdicht-ip68\/","og_locale":"de_DE","og_type":"article","og_title":"Ogeled N120 Neon led strip Lichtband streife,diffus Lichtband ,je Meter 120LEDs 300Lumen, 2835 leds wasserdicht Ip68\u2026 - Markt-XXL","og_description":"Markt-XXL Ogeled N120 Neon led strip Lichtband streife,diffus Lichtband ,je Meter 120LEDs 300Lumen, 2835 leds wasserdicht Ip68\u2026","og_url":"https:\/\/marktxxl.de\/markt\/produkt\/ogeled-n120-neon-led-strip-lichtband-streifediffus-lichtbandje-meter-120leds-300lumen-2835-leds-wasserdicht-ip68\/","og_site_name":"Markt-XXL","article_modified_time":"2023-04-11T03:03:17+00:00","og_image":[{"width":500,"height":375,"url":"https:\/\/m.media-amazon.com\/images\/I\/41DAlW6u-oL._SL500_.jpg","type":"image\/jpeg"}],"twitter_card":"summary_large_image","twitter_misc":{"Gesch\u00e4tzte Lesezeit":"1\u00a0Minute"},"schema":{"@context":"https:\/\/schema.org","@graph":[{"@type":"WebPage","@id":"https:\/\/marktxxl.de\/markt\/produkt\/ogeled-n120-neon-led-strip-lichtband-streifediffus-lichtbandje-meter-120leds-300lumen-2835-leds-wasserdicht-ip68\/","url":"https:\/\/marktxxl.de\/markt\/produkt\/ogeled-n120-neon-led-strip-lichtband-streifediffus-lichtbandje-meter-120leds-300lumen-2835-leds-wasserdicht-ip68\/","name":"Ogeled N120 Neon led strip Lichtband streife,diffus Lichtband ,je Meter 120LEDs 300Lumen, 2835 leds wasserdicht Ip68\u2026 - Markt-XXL","isPartOf":{"@id":"https:\/\/marktxxl.de\/markt\/#website"},"primaryImageOfPage":{"@id":"https:\/\/marktxxl.de\/markt\/produkt\/ogeled-n120-neon-led-strip-lichtband-streifediffus-lichtbandje-meter-120leds-300lumen-2835-leds-wasserdicht-ip68\/#primaryimage"},"image":{"@id":"https:\/\/marktxxl.de\/markt\/produkt\/ogeled-n120-neon-led-strip-lichtband-streifediffus-lichtbandje-meter-120leds-300lumen-2835-leds-wasserdicht-ip68\/#primaryimage"},"thumbnailUrl":"https:\/\/m.media-amazon.com\/images\/I\/41DAlW6u-oL._SL500_.jpg","datePublished":"2022-12-11T06:46:45+00:00","dateModified":"2023-04-11T03:03:17+00:00","description":"Markt-XXL Ogeled N120 Neon led strip Lichtband streife,diffus Lichtband ,je Meter 120LEDs 300Lumen, 2835 leds wasserdicht Ip68\u2026","breadcrumb":{"@id":"https:\/\/marktxxl.de\/markt\/produkt\/ogeled-n120-neon-led-strip-lichtband-streifediffus-lichtbandje-meter-120leds-300lumen-2835-leds-wasserdicht-ip68\/#breadcrumb"},"inLanguage":"de","potentialAction":[{"@type":"ReadAction","target":["https:\/\/marktxxl.de\/markt\/produkt\/ogeled-n120-neon-led-strip-lichtband-streifediffus-lichtbandje-meter-120leds-300lumen-2835-leds-wasserdicht-ip68\/"]}]},{"@type":"ImageObject","inLanguage":"de","@id":"https:\/\/marktxxl.de\/markt\/produkt\/ogeled-n120-neon-led-strip-lichtband-streifediffus-lichtbandje-meter-120leds-300lumen-2835-leds-wasserdicht-ip68\/#primaryimage","url":"https:\/\/m.media-amazon.com\/images\/I\/41DAlW6u-oL._SL500_.jpg","contentUrl":"https:\/\/m.media-amazon.com\/images\/I\/41DAlW6u-oL._SL500_.jpg","width":500,"height":375},{"@type":"BreadcrumbList","@id":"https:\/\/marktxxl.de\/markt\/produkt\/ogeled-n120-neon-led-strip-lichtband-streifediffus-lichtbandje-meter-120leds-300lumen-2835-leds-wasserdicht-ip68\/#breadcrumb","itemListElement":[{"@type":"ListItem","position":1,"name":"Startseite","item":"https:\/\/marktxxl.de\/markt\/"},{"@type":"ListItem","position":2,"name":"Markt","item":"https:\/\/marktxxl.de\/markt\/"},{"@type":"ListItem","position":3,"name":"Ogeled N120 Neon led strip Lichtband streife,diffus Lichtband ,je Meter 120LEDs 300Lumen, 2835 leds wasserdicht Ip68\u2026"}]},{"@type":"WebSite","@id":"https:\/\/marktxxl.de\/markt\/#website","url":"https:\/\/marktxxl.de\/markt\/","name":"Markt-XXL","description":"Ihr Markt Online","publisher":{"@id":"https:\/\/marktxxl.de\/markt\/#organization"},"potentialAction":[{"@type":"SearchAction","target":{"@type":"EntryPoint","urlTemplate":"https:\/\/marktxxl.de\/markt\/?s={search_term_string}"},"query-input":{"@type":"PropertyValueSpecification","valueRequired":true,"valueName":"search_term_string"}}],"inLanguage":"de"},{"@type":"Organization","@id":"https:\/\/marktxxl.de\/markt\/#organization","name":"Markt-XXL","url":"https:\/\/marktxxl.de\/markt\/","logo":{"@type":"ImageObject","inLanguage":"de","@id":"https:\/\/marktxxl.de\/markt\/#\/schema\/logo\/image\/","url":"https:\/\/marktxxl.de\/markt\/wp-content\/uploads\/sites\/3\/2020\/12\/logo.png","contentUrl":"https:\/\/marktxxl.de\/markt\/wp-content\/uploads\/sites\/3\/2020\/12\/logo.png","width":200,"height":70,"caption":"Markt-XXL"},"image":{"@id":"https:\/\/marktxxl.de\/markt\/#\/schema\/logo\/image\/"}}]}},"_links":{"self":[{"href":"https:\/\/marktxxl.de\/markt\/wp-json\/wp\/v2\/product\/174969","targetHints":{"allow":["GET"]}}],"collection":[{"href":"https:\/\/marktxxl.de\/markt\/wp-json\/wp\/v2\/product"}],"about":[{"href":"https:\/\/marktxxl.de\/markt\/wp-json\/wp\/v2\/types\/product"}],"replies":[{"embeddable":true,"href":"https:\/\/marktxxl.de\/markt\/wp-json\/wp\/v2\/comments?post=174969"}],"wp:featuredmedia":[{"embeddable":true,"href":"https:\/\/marktxxl.de\/markt\/wp-json\/wp\/v2\/media\/174970"}],"wp:attachment":[{"href":"https:\/\/marktxxl.de\/markt\/wp-json\/wp\/v2\/media?parent=174969"}],"wp:term":[{"taxonomy":"product_brand","embeddable":true,"href":"https:\/\/marktxxl.de\/markt\/wp-json\/wp\/v2\/product_brand?post=174969"},{"taxonomy":"product_cat","embeddable":true,"href":"https:\/\/marktxxl.de\/markt\/wp-json\/wp\/v2\/product_cat?post=174969"},{"taxonomy":"product_tag","embeddable":true,"href":"https:\/\/marktxxl.de\/markt\/wp-json\/wp\/v2\/product_tag?post=174969"}],"curies":[{"name":"wp","href":"https:\/\/api.w.org\/{rel}","templated":true}]}}