{"id":174931,"date":"2022-12-11T07:26:59","date_gmt":"2022-12-11T06:26:59","guid":{"rendered":"https:\/\/marktxxl.de\/markt\/produkt\/liftaid-geht-gait-guertel-und-patientenumbettung-mit-metallschnalle-und-guertelschlaufe-halter-fuer-krankenschwestern-altenpfleger-krankengymnast\/"},"modified":"2023-04-11T05:03:17","modified_gmt":"2023-04-11T03:03:17","slug":"liftaid-geht-gait-guertel-und-patientenumbettung-mit-metallschnalle-und-guertelschlaufe-halter-fuer-krankenschwestern-altenpfleger-krankengymnast","status":"publish","type":"product","link":"https:\/\/marktxxl.de\/markt\/produkt\/liftaid-geht-gait-guertel-und-patientenumbettung-mit-metallschnalle-und-guertelschlaufe-halter-fuer-krankenschwestern-altenpfleger-krankengymnast\/","title":{"rendered":"LiftAid Gait G\u00fcrtel und Patiententententransfer mit Metallschnalle und G\u00fcrtelschlaufenhalter f\u00fcr Krankenschwester\u2026"},"content":{"rendered":"<p>Bessere Qualit\u00e4t und erschwingliche Must-Have 60 Zoll x 2 Zoll Gangband zu unterst\u00fctzen entworfen bei der \u00dcbertragung von und zu Fu\u00df fallen Risikopatienten. Verf\u00fcgt \u00fcber eine elastische Schlaufe um sicher \u00fcbersch\u00fcssige Riemenl\u00e4nge zu halten.<br \/>\nAus hochfestem Gewebe, das f\u00fcr Patienten angenehm ist und sehr langlebig, die sicherlich zu den H\u00e4rten des t\u00e4glichen Gebrauchs standh\u00e4lt<br \/>\nTransport Patienten sicher mit der hochzugfesten Metallschnalle, die bis zu 300 lbs ein Gewicht Kapazit\u00e4t hat. Die Schnalle sorgt f\u00fcr einen sicheren Verschluss w\u00e4hrend zur gleichen Zeit die Krankenschwester oder Pflegekraft erm\u00f6glicht es schnell zu platzieren und das Band aus dem Patienten zu entfernen.<br \/>\nHochtemperatur maschinenwaschbar und trocknergeeignet. Bis zu 180 F<br \/>\nVoll 1 Yearcovered von EBP Medical<br \/>\n<div class=\"main-cross-sell\" data-asin=\"B07WYMCQL4\">\n\n\t<div class=\"WooZone-cross-sell-loader\">\n\t\t<div>\n\t\t\t<div id=\"floatingBarsG\">\n\t\t\t\t<div class=\"blockG\" id=\"rotateG_01\"><\/div>\n\t\t\t\t<div class=\"blockG\" id=\"rotateG_02\"><\/div>\n\t\t\t\t<div class=\"blockG\" id=\"rotateG_03\"><\/div>\n\t\t\t\t<div class=\"blockG\" id=\"rotateG_04\"><\/div>\n\t\t\t\t<div class=\"blockG\" id=\"rotateG_05\"><\/div>\n\t\t\t\t<div class=\"blockG\" id=\"rotateG_06\"><\/div>\n\t\t\t\t<div class=\"blockG\" id=\"rotateG_07\"><\/div>\n\t\t\t\t<div class=\"blockG\" id=\"rotateG_08\"><\/div>\n\t\t\t<\/div>\n\t\t\t<div class=\"WooZone-cross-sell-loader-text\"><\/div>\n\t\t<\/div>\n\t<\/div>\n\n\t\t\n<\/div>\n<div style=\"clear:both;\"><\/div><\/p>\n","protected":false},"excerpt":{"rendered":"<p>Bessere Qualit\u00e4t und erschwingliche Must-Have 60 Zoll x 2 Zoll Gangband zu unterst\u00fctzen entworfen bei der \u00dcbertragung von und zu Fu\u00df fallen Risikopatienten. Verf\u00fcgt \u00fcber eine elastische Schlaufe um sicher \u00fcbersch\u00fcssige Riemenl\u00e4nge zu halten.<br \/>\nAus hochfestem Gewebe, das f\u00fcr Patienten angenehm ist und sehr langlebig, die sicherlich zu den H\u00e4rten des t\u00e4glichen Gebrauchs standh\u00e4lt<br \/>\nTransport Patienten sicher mit der hochzugfesten Metallschnalle, die bis zu 300 lbs ein Gewicht Kapazit\u00e4t hat. Die Schnalle sorgt f\u00fcr einen sicheren Verschluss w\u00e4hrend zur gleichen Zeit die Krankenschwester oder Pflegekraft erm\u00f6glicht es schnell zu platzieren und das Band aus dem Patienten zu entfernen.<\/p>\n","protected":false},"featured_media":174932,"comment_status":"open","ping_status":"closed","template":"","meta":[],"product_brand":[],"product_cat":[566,5932],"product_tag":[],"class_list":{"0":"post-174931","1":"product","2":"type-product","3":"status-publish","4":"has-post-thumbnail","6":"product_cat-drogerie-koerperpflege","7":"product_cat-mobilitaetshilfen-zubehoer","8":"pa_brand-liftaid","9":"pa_manufacturer-liftaid","11":"first","12":"instock","13":"shipping-taxable","14":"purchasable","15":"product-type-simple","16":"customify-col","17":"product-has-gallery"},"yoast_head":"<!-- This site is optimized with the Yoast SEO plugin v27.4 - https:\/\/yoast.com\/product\/yoast-seo-wordpress\/ -->\n<title>LiftAid Gait G\u00fcrtel und Patiententententransfer mit Metallschnalle und G\u00fcrtelschlaufenhalter f\u00fcr Krankenschwester\u2026 - Markt-XXL<\/title>\n<meta name=\"description\" content=\"Markt-XXL LiftAid Gait G\u00fcrtel und Patiententententransfer mit Metallschnalle und G\u00fcrtelschlaufenhalter f\u00fcr Krankenschwester\u2026\" \/>\n<meta name=\"robots\" content=\"index, follow, max-snippet:-1, max-image-preview:large, max-video-preview:-1\" \/>\n<link rel=\"canonical\" href=\"https:\/\/marktxxl.de\/markt\/produkt\/liftaid-geht-gait-guertel-und-patientenumbettung-mit-metallschnalle-und-guertelschlaufe-halter-fuer-krankenschwestern-altenpfleger-krankengymnast\/\" \/>\n<meta property=\"og:locale\" content=\"de_DE\" \/>\n<meta property=\"og:type\" content=\"article\" \/>\n<meta property=\"og:title\" content=\"LiftAid Gait G\u00fcrtel und Patiententententransfer mit Metallschnalle und G\u00fcrtelschlaufenhalter f\u00fcr Krankenschwester\u2026 - Markt-XXL\" \/>\n<meta property=\"og:description\" content=\"Markt-XXL LiftAid Gait G\u00fcrtel und Patiententententransfer mit Metallschnalle und G\u00fcrtelschlaufenhalter f\u00fcr Krankenschwester\u2026\" \/>\n<meta property=\"og:url\" content=\"https:\/\/marktxxl.de\/markt\/produkt\/liftaid-geht-gait-guertel-und-patientenumbettung-mit-metallschnalle-und-guertelschlaufe-halter-fuer-krankenschwestern-altenpfleger-krankengymnast\/\" \/>\n<meta property=\"og:site_name\" content=\"Markt-XXL\" \/>\n<meta property=\"article:modified_time\" content=\"2023-04-11T03:03:17+00:00\" \/>\n<meta property=\"og:image\" content=\"https:\/\/m.media-amazon.com\/images\/I\/51UazruYWgL._SL500_.jpg\" \/>\n\t<meta property=\"og:image:width\" content=\"457\" \/>\n\t<meta property=\"og:image:height\" content=\"500\" \/>\n\t<meta property=\"og:image:type\" content=\"image\/jpeg\" \/>\n<meta name=\"twitter:card\" content=\"summary_large_image\" \/>\n<meta name=\"twitter:label1\" content=\"Gesch\u00e4tzte Lesezeit\" \/>\n\t<meta name=\"twitter:data1\" content=\"1\u00a0Minute\" \/>\n<script type=\"application\/ld+json\" class=\"yoast-schema-graph\">{\"@context\":\"https:\\\/\\\/schema.org\",\"@graph\":[{\"@type\":\"WebPage\",\"@id\":\"https:\\\/\\\/marktxxl.de\\\/markt\\\/produkt\\\/liftaid-geht-gait-guertel-und-patientenumbettung-mit-metallschnalle-und-guertelschlaufe-halter-fuer-krankenschwestern-altenpfleger-krankengymnast\\\/\",\"url\":\"https:\\\/\\\/marktxxl.de\\\/markt\\\/produkt\\\/liftaid-geht-gait-guertel-und-patientenumbettung-mit-metallschnalle-und-guertelschlaufe-halter-fuer-krankenschwestern-altenpfleger-krankengymnast\\\/\",\"name\":\"LiftAid Gait G\u00fcrtel und Patiententententransfer mit Metallschnalle und G\u00fcrtelschlaufenhalter f\u00fcr Krankenschwester\u2026 - Markt-XXL\",\"isPartOf\":{\"@id\":\"https:\\\/\\\/marktxxl.de\\\/markt\\\/#website\"},\"primaryImageOfPage\":{\"@id\":\"https:\\\/\\\/marktxxl.de\\\/markt\\\/produkt\\\/liftaid-geht-gait-guertel-und-patientenumbettung-mit-metallschnalle-und-guertelschlaufe-halter-fuer-krankenschwestern-altenpfleger-krankengymnast\\\/#primaryimage\"},\"image\":{\"@id\":\"https:\\\/\\\/marktxxl.de\\\/markt\\\/produkt\\\/liftaid-geht-gait-guertel-und-patientenumbettung-mit-metallschnalle-und-guertelschlaufe-halter-fuer-krankenschwestern-altenpfleger-krankengymnast\\\/#primaryimage\"},\"thumbnailUrl\":\"https:\\\/\\\/m.media-amazon.com\\\/images\\\/I\\\/51UazruYWgL._SL500_.jpg\",\"datePublished\":\"2022-12-11T06:26:59+00:00\",\"dateModified\":\"2023-04-11T03:03:17+00:00\",\"description\":\"Markt-XXL LiftAid Gait G\u00fcrtel und Patiententententransfer mit Metallschnalle und G\u00fcrtelschlaufenhalter f\u00fcr Krankenschwester\u2026\",\"breadcrumb\":{\"@id\":\"https:\\\/\\\/marktxxl.de\\\/markt\\\/produkt\\\/liftaid-geht-gait-guertel-und-patientenumbettung-mit-metallschnalle-und-guertelschlaufe-halter-fuer-krankenschwestern-altenpfleger-krankengymnast\\\/#breadcrumb\"},\"inLanguage\":\"de\",\"potentialAction\":[{\"@type\":\"ReadAction\",\"target\":[\"https:\\\/\\\/marktxxl.de\\\/markt\\\/produkt\\\/liftaid-geht-gait-guertel-und-patientenumbettung-mit-metallschnalle-und-guertelschlaufe-halter-fuer-krankenschwestern-altenpfleger-krankengymnast\\\/\"]}]},{\"@type\":\"ImageObject\",\"inLanguage\":\"de\",\"@id\":\"https:\\\/\\\/marktxxl.de\\\/markt\\\/produkt\\\/liftaid-geht-gait-guertel-und-patientenumbettung-mit-metallschnalle-und-guertelschlaufe-halter-fuer-krankenschwestern-altenpfleger-krankengymnast\\\/#primaryimage\",\"url\":\"https:\\\/\\\/m.media-amazon.com\\\/images\\\/I\\\/51UazruYWgL._SL500_.jpg\",\"contentUrl\":\"https:\\\/\\\/m.media-amazon.com\\\/images\\\/I\\\/51UazruYWgL._SL500_.jpg\",\"width\":457,\"height\":500},{\"@type\":\"BreadcrumbList\",\"@id\":\"https:\\\/\\\/marktxxl.de\\\/markt\\\/produkt\\\/liftaid-geht-gait-guertel-und-patientenumbettung-mit-metallschnalle-und-guertelschlaufe-halter-fuer-krankenschwestern-altenpfleger-krankengymnast\\\/#breadcrumb\",\"itemListElement\":[{\"@type\":\"ListItem\",\"position\":1,\"name\":\"Startseite\",\"item\":\"https:\\\/\\\/marktxxl.de\\\/markt\\\/\"},{\"@type\":\"ListItem\",\"position\":2,\"name\":\"Markt\",\"item\":\"https:\\\/\\\/marktxxl.de\\\/markt\\\/\"},{\"@type\":\"ListItem\",\"position\":3,\"name\":\"LiftAid Gait G\u00fcrtel und Patiententententransfer mit Metallschnalle und G\u00fcrtelschlaufenhalter f\u00fcr Krankenschwester\u2026\"}]},{\"@type\":\"WebSite\",\"@id\":\"https:\\\/\\\/marktxxl.de\\\/markt\\\/#website\",\"url\":\"https:\\\/\\\/marktxxl.de\\\/markt\\\/\",\"name\":\"Markt-XXL\",\"description\":\"Ihr Markt Online\",\"publisher\":{\"@id\":\"https:\\\/\\\/marktxxl.de\\\/markt\\\/#organization\"},\"potentialAction\":[{\"@type\":\"SearchAction\",\"target\":{\"@type\":\"EntryPoint\",\"urlTemplate\":\"https:\\\/\\\/marktxxl.de\\\/markt\\\/?s={search_term_string}\"},\"query-input\":{\"@type\":\"PropertyValueSpecification\",\"valueRequired\":true,\"valueName\":\"search_term_string\"}}],\"inLanguage\":\"de\"},{\"@type\":\"Organization\",\"@id\":\"https:\\\/\\\/marktxxl.de\\\/markt\\\/#organization\",\"name\":\"Markt-XXL\",\"url\":\"https:\\\/\\\/marktxxl.de\\\/markt\\\/\",\"logo\":{\"@type\":\"ImageObject\",\"inLanguage\":\"de\",\"@id\":\"https:\\\/\\\/marktxxl.de\\\/markt\\\/#\\\/schema\\\/logo\\\/image\\\/\",\"url\":\"https:\\\/\\\/marktxxl.de\\\/markt\\\/wp-content\\\/uploads\\\/sites\\\/3\\\/2020\\\/12\\\/logo.png\",\"contentUrl\":\"https:\\\/\\\/marktxxl.de\\\/markt\\\/wp-content\\\/uploads\\\/sites\\\/3\\\/2020\\\/12\\\/logo.png\",\"width\":200,\"height\":70,\"caption\":\"Markt-XXL\"},\"image\":{\"@id\":\"https:\\\/\\\/marktxxl.de\\\/markt\\\/#\\\/schema\\\/logo\\\/image\\\/\"}}]}<\/script>\n<!-- \/ Yoast SEO plugin. -->","yoast_head_json":{"title":"LiftAid Gait G\u00fcrtel und Patiententententransfer mit Metallschnalle und G\u00fcrtelschlaufenhalter f\u00fcr Krankenschwester\u2026 - Markt-XXL","description":"Markt-XXL LiftAid Gait G\u00fcrtel und Patiententententransfer mit Metallschnalle und G\u00fcrtelschlaufenhalter f\u00fcr Krankenschwester\u2026","robots":{"index":"index","follow":"follow","max-snippet":"max-snippet:-1","max-image-preview":"max-image-preview:large","max-video-preview":"max-video-preview:-1"},"canonical":"https:\/\/marktxxl.de\/markt\/produkt\/liftaid-geht-gait-guertel-und-patientenumbettung-mit-metallschnalle-und-guertelschlaufe-halter-fuer-krankenschwestern-altenpfleger-krankengymnast\/","og_locale":"de_DE","og_type":"article","og_title":"LiftAid Gait G\u00fcrtel und Patiententententransfer mit Metallschnalle und G\u00fcrtelschlaufenhalter f\u00fcr Krankenschwester\u2026 - Markt-XXL","og_description":"Markt-XXL LiftAid Gait G\u00fcrtel und Patiententententransfer mit Metallschnalle und G\u00fcrtelschlaufenhalter f\u00fcr Krankenschwester\u2026","og_url":"https:\/\/marktxxl.de\/markt\/produkt\/liftaid-geht-gait-guertel-und-patientenumbettung-mit-metallschnalle-und-guertelschlaufe-halter-fuer-krankenschwestern-altenpfleger-krankengymnast\/","og_site_name":"Markt-XXL","article_modified_time":"2023-04-11T03:03:17+00:00","og_image":[{"width":457,"height":500,"url":"https:\/\/m.media-amazon.com\/images\/I\/51UazruYWgL._SL500_.jpg","type":"image\/jpeg"}],"twitter_card":"summary_large_image","twitter_misc":{"Gesch\u00e4tzte Lesezeit":"1\u00a0Minute"},"schema":{"@context":"https:\/\/schema.org","@graph":[{"@type":"WebPage","@id":"https:\/\/marktxxl.de\/markt\/produkt\/liftaid-geht-gait-guertel-und-patientenumbettung-mit-metallschnalle-und-guertelschlaufe-halter-fuer-krankenschwestern-altenpfleger-krankengymnast\/","url":"https:\/\/marktxxl.de\/markt\/produkt\/liftaid-geht-gait-guertel-und-patientenumbettung-mit-metallschnalle-und-guertelschlaufe-halter-fuer-krankenschwestern-altenpfleger-krankengymnast\/","name":"LiftAid Gait G\u00fcrtel und Patiententententransfer mit Metallschnalle und G\u00fcrtelschlaufenhalter f\u00fcr Krankenschwester\u2026 - Markt-XXL","isPartOf":{"@id":"https:\/\/marktxxl.de\/markt\/#website"},"primaryImageOfPage":{"@id":"https:\/\/marktxxl.de\/markt\/produkt\/liftaid-geht-gait-guertel-und-patientenumbettung-mit-metallschnalle-und-guertelschlaufe-halter-fuer-krankenschwestern-altenpfleger-krankengymnast\/#primaryimage"},"image":{"@id":"https:\/\/marktxxl.de\/markt\/produkt\/liftaid-geht-gait-guertel-und-patientenumbettung-mit-metallschnalle-und-guertelschlaufe-halter-fuer-krankenschwestern-altenpfleger-krankengymnast\/#primaryimage"},"thumbnailUrl":"https:\/\/m.media-amazon.com\/images\/I\/51UazruYWgL._SL500_.jpg","datePublished":"2022-12-11T06:26:59+00:00","dateModified":"2023-04-11T03:03:17+00:00","description":"Markt-XXL LiftAid Gait G\u00fcrtel und Patiententententransfer mit Metallschnalle und G\u00fcrtelschlaufenhalter f\u00fcr Krankenschwester\u2026","breadcrumb":{"@id":"https:\/\/marktxxl.de\/markt\/produkt\/liftaid-geht-gait-guertel-und-patientenumbettung-mit-metallschnalle-und-guertelschlaufe-halter-fuer-krankenschwestern-altenpfleger-krankengymnast\/#breadcrumb"},"inLanguage":"de","potentialAction":[{"@type":"ReadAction","target":["https:\/\/marktxxl.de\/markt\/produkt\/liftaid-geht-gait-guertel-und-patientenumbettung-mit-metallschnalle-und-guertelschlaufe-halter-fuer-krankenschwestern-altenpfleger-krankengymnast\/"]}]},{"@type":"ImageObject","inLanguage":"de","@id":"https:\/\/marktxxl.de\/markt\/produkt\/liftaid-geht-gait-guertel-und-patientenumbettung-mit-metallschnalle-und-guertelschlaufe-halter-fuer-krankenschwestern-altenpfleger-krankengymnast\/#primaryimage","url":"https:\/\/m.media-amazon.com\/images\/I\/51UazruYWgL._SL500_.jpg","contentUrl":"https:\/\/m.media-amazon.com\/images\/I\/51UazruYWgL._SL500_.jpg","width":457,"height":500},{"@type":"BreadcrumbList","@id":"https:\/\/marktxxl.de\/markt\/produkt\/liftaid-geht-gait-guertel-und-patientenumbettung-mit-metallschnalle-und-guertelschlaufe-halter-fuer-krankenschwestern-altenpfleger-krankengymnast\/#breadcrumb","itemListElement":[{"@type":"ListItem","position":1,"name":"Startseite","item":"https:\/\/marktxxl.de\/markt\/"},{"@type":"ListItem","position":2,"name":"Markt","item":"https:\/\/marktxxl.de\/markt\/"},{"@type":"ListItem","position":3,"name":"LiftAid Gait G\u00fcrtel und Patiententententransfer mit Metallschnalle und G\u00fcrtelschlaufenhalter f\u00fcr Krankenschwester\u2026"}]},{"@type":"WebSite","@id":"https:\/\/marktxxl.de\/markt\/#website","url":"https:\/\/marktxxl.de\/markt\/","name":"Markt-XXL","description":"Ihr Markt Online","publisher":{"@id":"https:\/\/marktxxl.de\/markt\/#organization"},"potentialAction":[{"@type":"SearchAction","target":{"@type":"EntryPoint","urlTemplate":"https:\/\/marktxxl.de\/markt\/?s={search_term_string}"},"query-input":{"@type":"PropertyValueSpecification","valueRequired":true,"valueName":"search_term_string"}}],"inLanguage":"de"},{"@type":"Organization","@id":"https:\/\/marktxxl.de\/markt\/#organization","name":"Markt-XXL","url":"https:\/\/marktxxl.de\/markt\/","logo":{"@type":"ImageObject","inLanguage":"de","@id":"https:\/\/marktxxl.de\/markt\/#\/schema\/logo\/image\/","url":"https:\/\/marktxxl.de\/markt\/wp-content\/uploads\/sites\/3\/2020\/12\/logo.png","contentUrl":"https:\/\/marktxxl.de\/markt\/wp-content\/uploads\/sites\/3\/2020\/12\/logo.png","width":200,"height":70,"caption":"Markt-XXL"},"image":{"@id":"https:\/\/marktxxl.de\/markt\/#\/schema\/logo\/image\/"}}]}},"_links":{"self":[{"href":"https:\/\/marktxxl.de\/markt\/wp-json\/wp\/v2\/product\/174931","targetHints":{"allow":["GET"]}}],"collection":[{"href":"https:\/\/marktxxl.de\/markt\/wp-json\/wp\/v2\/product"}],"about":[{"href":"https:\/\/marktxxl.de\/markt\/wp-json\/wp\/v2\/types\/product"}],"replies":[{"embeddable":true,"href":"https:\/\/marktxxl.de\/markt\/wp-json\/wp\/v2\/comments?post=174931"}],"wp:featuredmedia":[{"embeddable":true,"href":"https:\/\/marktxxl.de\/markt\/wp-json\/wp\/v2\/media\/174932"}],"wp:attachment":[{"href":"https:\/\/marktxxl.de\/markt\/wp-json\/wp\/v2\/media?parent=174931"}],"wp:term":[{"taxonomy":"product_brand","embeddable":true,"href":"https:\/\/marktxxl.de\/markt\/wp-json\/wp\/v2\/product_brand?post=174931"},{"taxonomy":"product_cat","embeddable":true,"href":"https:\/\/marktxxl.de\/markt\/wp-json\/wp\/v2\/product_cat?post=174931"},{"taxonomy":"product_tag","embeddable":true,"href":"https:\/\/marktxxl.de\/markt\/wp-json\/wp\/v2\/product_tag?post=174931"}],"curies":[{"name":"wp","href":"https:\/\/api.w.org\/{rel}","templated":true}]}}