{"id":174735,"date":"2022-12-11T06:43:32","date_gmt":"2022-12-11T05:43:32","guid":{"rendered":"https:\/\/marktxxl.de\/markt\/produkt\/kitch-aroma-rote-flammenlose-kerzen-batteriebetriebene-led-stumpenkerzen-mit-beweglichem-flammendocht-mit-fernbedienung-9-stueck\/"},"modified":"2023-04-11T05:03:14","modified_gmt":"2023-04-11T03:03:14","slug":"kitch-aroma-rote-flammenlose-kerzen-batteriebetriebene-led-stumpenkerzen-mit-beweglichem-flammendocht-mit-fernbedienung-9-stueck","status":"publish","type":"product","link":"https:\/\/marktxxl.de\/markt\/produkt\/kitch-aroma-rote-flammenlose-kerzen-batteriebetriebene-led-stumpenkerzen-mit-beweglichem-flammendocht-mit-fernbedienung-9-stueck\/","title":{"rendered":"Kitch Aroma Rote flammenlose Kerzen, rote Kerzen, batteriebetriebene LED-Stumpenkerzen mit beweglichem Flammendocht mit\u2026"},"content":{"rendered":"<p>Detaillierte Liste: 2 x flammenlose Kerzen (5,1 x 14 cm), 2 x flammenlose Kerzen (5,1 x 15,2 cm), 2 x flammenlose Kerzen (5,1 x 16,5 cm), 1 x flammenlose Kerzen (5,1 x 17,8 cm), 1 x flammenlose Kerzen (5,1 x 20,3 cm), 1 x flammenlose Kerzen (5,1 x 22,9 cm), 1 x Fernbedienung, 1 x Bedienungsanleitung, Batterien sind nicht im Lieferumfang enthalten.<br \/>\nFlickernde Flammen-Technologie \u2013 schafft die Illusion von echten Flammen. Die Verwendung von 2 hochwertigen AA-Batterien sorgt f\u00fcr eine kontinuierliche Umgebung.<br \/>\n10 Tasten Fernbedienung \u2013 f\u00fcr einfache und bequeme Bedienung. Sie k\u00f6nnen zwischen 2\/4\/6\/8 Stunden Zeitschaltuhr sowie statisch flackernde Lichtoptionen und Helligkeitsstufen w\u00e4hlen. Der Timer wird alle 24 Stunden gewechselt.<br \/>\nSicher und kein Brandrisiko, kein \u00c4rger und kein Chaos \u2013 die Kerze kann in Schlafzimmer, Lounges, H\u00f6hlen, B\u00e4dern usw. verwendet werden. Absolut kein Schmutz, kein tropfendes Wachs, kein Rauch, keine Streichh\u00f6lzer.<br \/>\nDie perfekte Dekoration flackernde Kerzen: Diese unglaublich realistischen, flackernden LED-Kerzen sind eine sch\u00f6ne Erg\u00e4nzung f\u00fcr jeden Esstisch, Party, Nachttisch, Weihnachtsdekoration und vieles mehr. Die Flammenstimulationstechnologie macht diese wunderbaren Kerzen schwingen und flackern so sch\u00f6n und \u00fcberzeugend, dass Sie und Ihre G\u00e4ste definitiv beeindrucken werden.<br \/>\n<div class=\"main-cross-sell\" data-asin=\"B07L6S2TP6\">\n\n\t<div class=\"WooZone-cross-sell-loader\">\n\t\t<div>\n\t\t\t<div id=\"floatingBarsG\">\n\t\t\t\t<div class=\"blockG\" id=\"rotateG_01\"><\/div>\n\t\t\t\t<div class=\"blockG\" id=\"rotateG_02\"><\/div>\n\t\t\t\t<div class=\"blockG\" id=\"rotateG_03\"><\/div>\n\t\t\t\t<div class=\"blockG\" id=\"rotateG_04\"><\/div>\n\t\t\t\t<div class=\"blockG\" id=\"rotateG_05\"><\/div>\n\t\t\t\t<div class=\"blockG\" id=\"rotateG_06\"><\/div>\n\t\t\t\t<div class=\"blockG\" id=\"rotateG_07\"><\/div>\n\t\t\t\t<div class=\"blockG\" id=\"rotateG_08\"><\/div>\n\t\t\t<\/div>\n\t\t\t<div class=\"WooZone-cross-sell-loader-text\"><\/div>\n\t\t<\/div>\n\t<\/div>\n\n\t\t\n<\/div>\n<div style=\"clear:both;\"><\/div><\/p>\n","protected":false},"excerpt":{"rendered":"<p>Detaillierte Liste: 2 x flammenlose Kerzen (5,1 x 14 cm), 2 x flammenlose Kerzen (5,1 x 15,2 cm), 2 x flammenlose Kerzen (5,1 x 16,5 cm), 1 x flammenlose Kerzen (5,1 x 17,8 cm), 1 x flammenlose Kerzen (5,1 x 20,3 cm), 1 x flammenlose Kerzen (5,1 x 22,9 cm), 1 x Fernbedienung, 1 x Bedienungsanleitung, Batterien sind nicht im Lieferumfang enthalten.<br \/>\nFlickernde Flammen-Technologie \u2013 schafft die Illusion von echten Flammen. Die Verwendung von 2 hochwertigen AA-Batterien sorgt f\u00fcr eine kontinuierliche Umgebung.<br \/>\n10 Tasten Fernbedienung \u2013 f\u00fcr einfache und bequeme Bedienung. Sie k\u00f6nnen zwischen 2\/4\/6\/8 Stunden Zeitschaltuhr sowie statisch flackernde Lichtoptionen und Helligkeitsstufen w\u00e4hlen. Der Timer wird alle 24 Stunden gewechselt.<\/p>\n","protected":false},"featured_media":174736,"comment_status":"open","ping_status":"closed","template":"","meta":[],"product_brand":[],"product_cat":[11446,2108],"product_tag":[],"class_list":{"0":"post-174735","1":"product","2":"type-product","3":"status-publish","4":"has-post-thumbnail","6":"product_cat-aussenbeleuchtung","7":"product_cat-beleuchtung","8":"pa_brand-kitch-aroma","9":"pa_color-rot","10":"pa_height-6-zoll","11":"pa_length-2-2-zoll","12":"pa_manufacturer-kitch-aroma","13":"pa_size-46278","14":"pa_width-2-2-zoll","16":"first","17":"instock","18":"shipping-taxable","19":"purchasable","20":"product-type-simple","21":"customify-col","22":"product-has-gallery"},"yoast_head":"<!-- This site is optimized with the Yoast SEO plugin v27.4 - https:\/\/yoast.com\/product\/yoast-seo-wordpress\/ -->\n<title>Kitch Aroma Rote flammenlose Kerzen, rote Kerzen, batteriebetriebene LED-Stumpenkerzen mit beweglichem Flammendocht mit\u2026 - Markt-XXL<\/title>\n<meta name=\"description\" content=\"Markt-XXL Kitch Aroma Rote flammenlose Kerzen, rote Kerzen, batteriebetriebene LED-Stumpenkerzen mit beweglichem Flammendocht mit\u2026\" \/>\n<meta name=\"robots\" content=\"index, follow, max-snippet:-1, max-image-preview:large, max-video-preview:-1\" \/>\n<link rel=\"canonical\" href=\"https:\/\/marktxxl.de\/markt\/produkt\/kitch-aroma-rote-flammenlose-kerzen-batteriebetriebene-led-stumpenkerzen-mit-beweglichem-flammendocht-mit-fernbedienung-9-stueck\/\" \/>\n<meta property=\"og:locale\" content=\"de_DE\" \/>\n<meta property=\"og:type\" content=\"article\" \/>\n<meta property=\"og:title\" content=\"Kitch Aroma Rote flammenlose Kerzen, rote Kerzen, batteriebetriebene LED-Stumpenkerzen mit beweglichem Flammendocht mit\u2026 - Markt-XXL\" \/>\n<meta property=\"og:description\" content=\"Markt-XXL Kitch Aroma Rote flammenlose Kerzen, rote Kerzen, batteriebetriebene LED-Stumpenkerzen mit beweglichem Flammendocht mit\u2026\" \/>\n<meta property=\"og:url\" content=\"https:\/\/marktxxl.de\/markt\/produkt\/kitch-aroma-rote-flammenlose-kerzen-batteriebetriebene-led-stumpenkerzen-mit-beweglichem-flammendocht-mit-fernbedienung-9-stueck\/\" \/>\n<meta property=\"og:site_name\" content=\"Markt-XXL\" \/>\n<meta property=\"article:modified_time\" content=\"2023-04-11T03:03:14+00:00\" \/>\n<meta property=\"og:image\" content=\"https:\/\/m.media-amazon.com\/images\/I\/41CL-h+0WyL._SL500_.jpg\" \/>\n\t<meta property=\"og:image:width\" content=\"500\" \/>\n\t<meta property=\"og:image:height\" content=\"500\" \/>\n\t<meta property=\"og:image:type\" content=\"image\/jpeg\" \/>\n<meta name=\"twitter:card\" content=\"summary_large_image\" \/>\n<meta name=\"twitter:label1\" content=\"Gesch\u00e4tzte Lesezeit\" \/>\n\t<meta name=\"twitter:data1\" content=\"1\u00a0Minute\" \/>\n<script type=\"application\/ld+json\" class=\"yoast-schema-graph\">{\"@context\":\"https:\\\/\\\/schema.org\",\"@graph\":[{\"@type\":\"WebPage\",\"@id\":\"https:\\\/\\\/marktxxl.de\\\/markt\\\/produkt\\\/kitch-aroma-rote-flammenlose-kerzen-batteriebetriebene-led-stumpenkerzen-mit-beweglichem-flammendocht-mit-fernbedienung-9-stueck\\\/\",\"url\":\"https:\\\/\\\/marktxxl.de\\\/markt\\\/produkt\\\/kitch-aroma-rote-flammenlose-kerzen-batteriebetriebene-led-stumpenkerzen-mit-beweglichem-flammendocht-mit-fernbedienung-9-stueck\\\/\",\"name\":\"Kitch Aroma Rote flammenlose Kerzen, rote Kerzen, batteriebetriebene LED-Stumpenkerzen mit beweglichem Flammendocht mit\u2026 - Markt-XXL\",\"isPartOf\":{\"@id\":\"https:\\\/\\\/marktxxl.de\\\/markt\\\/#website\"},\"primaryImageOfPage\":{\"@id\":\"https:\\\/\\\/marktxxl.de\\\/markt\\\/produkt\\\/kitch-aroma-rote-flammenlose-kerzen-batteriebetriebene-led-stumpenkerzen-mit-beweglichem-flammendocht-mit-fernbedienung-9-stueck\\\/#primaryimage\"},\"image\":{\"@id\":\"https:\\\/\\\/marktxxl.de\\\/markt\\\/produkt\\\/kitch-aroma-rote-flammenlose-kerzen-batteriebetriebene-led-stumpenkerzen-mit-beweglichem-flammendocht-mit-fernbedienung-9-stueck\\\/#primaryimage\"},\"thumbnailUrl\":\"https:\\\/\\\/m.media-amazon.com\\\/images\\\/I\\\/41CL-h+0WyL._SL500_.jpg\",\"datePublished\":\"2022-12-11T05:43:32+00:00\",\"dateModified\":\"2023-04-11T03:03:14+00:00\",\"description\":\"Markt-XXL Kitch Aroma Rote flammenlose Kerzen, rote Kerzen, batteriebetriebene LED-Stumpenkerzen mit beweglichem Flammendocht mit\u2026\",\"breadcrumb\":{\"@id\":\"https:\\\/\\\/marktxxl.de\\\/markt\\\/produkt\\\/kitch-aroma-rote-flammenlose-kerzen-batteriebetriebene-led-stumpenkerzen-mit-beweglichem-flammendocht-mit-fernbedienung-9-stueck\\\/#breadcrumb\"},\"inLanguage\":\"de\",\"potentialAction\":[{\"@type\":\"ReadAction\",\"target\":[\"https:\\\/\\\/marktxxl.de\\\/markt\\\/produkt\\\/kitch-aroma-rote-flammenlose-kerzen-batteriebetriebene-led-stumpenkerzen-mit-beweglichem-flammendocht-mit-fernbedienung-9-stueck\\\/\"]}]},{\"@type\":\"ImageObject\",\"inLanguage\":\"de\",\"@id\":\"https:\\\/\\\/marktxxl.de\\\/markt\\\/produkt\\\/kitch-aroma-rote-flammenlose-kerzen-batteriebetriebene-led-stumpenkerzen-mit-beweglichem-flammendocht-mit-fernbedienung-9-stueck\\\/#primaryimage\",\"url\":\"https:\\\/\\\/m.media-amazon.com\\\/images\\\/I\\\/41CL-h+0WyL._SL500_.jpg\",\"contentUrl\":\"https:\\\/\\\/m.media-amazon.com\\\/images\\\/I\\\/41CL-h+0WyL._SL500_.jpg\",\"width\":500,\"height\":500},{\"@type\":\"BreadcrumbList\",\"@id\":\"https:\\\/\\\/marktxxl.de\\\/markt\\\/produkt\\\/kitch-aroma-rote-flammenlose-kerzen-batteriebetriebene-led-stumpenkerzen-mit-beweglichem-flammendocht-mit-fernbedienung-9-stueck\\\/#breadcrumb\",\"itemListElement\":[{\"@type\":\"ListItem\",\"position\":1,\"name\":\"Startseite\",\"item\":\"https:\\\/\\\/marktxxl.de\\\/markt\\\/\"},{\"@type\":\"ListItem\",\"position\":2,\"name\":\"Markt\",\"item\":\"https:\\\/\\\/marktxxl.de\\\/markt\\\/\"},{\"@type\":\"ListItem\",\"position\":3,\"name\":\"Kitch Aroma Rote flammenlose Kerzen, rote Kerzen, batteriebetriebene LED-Stumpenkerzen mit beweglichem Flammendocht mit\u2026\"}]},{\"@type\":\"WebSite\",\"@id\":\"https:\\\/\\\/marktxxl.de\\\/markt\\\/#website\",\"url\":\"https:\\\/\\\/marktxxl.de\\\/markt\\\/\",\"name\":\"Markt-XXL\",\"description\":\"Ihr Markt Online\",\"publisher\":{\"@id\":\"https:\\\/\\\/marktxxl.de\\\/markt\\\/#organization\"},\"potentialAction\":[{\"@type\":\"SearchAction\",\"target\":{\"@type\":\"EntryPoint\",\"urlTemplate\":\"https:\\\/\\\/marktxxl.de\\\/markt\\\/?s={search_term_string}\"},\"query-input\":{\"@type\":\"PropertyValueSpecification\",\"valueRequired\":true,\"valueName\":\"search_term_string\"}}],\"inLanguage\":\"de\"},{\"@type\":\"Organization\",\"@id\":\"https:\\\/\\\/marktxxl.de\\\/markt\\\/#organization\",\"name\":\"Markt-XXL\",\"url\":\"https:\\\/\\\/marktxxl.de\\\/markt\\\/\",\"logo\":{\"@type\":\"ImageObject\",\"inLanguage\":\"de\",\"@id\":\"https:\\\/\\\/marktxxl.de\\\/markt\\\/#\\\/schema\\\/logo\\\/image\\\/\",\"url\":\"https:\\\/\\\/marktxxl.de\\\/markt\\\/wp-content\\\/uploads\\\/sites\\\/3\\\/2020\\\/12\\\/logo.png\",\"contentUrl\":\"https:\\\/\\\/marktxxl.de\\\/markt\\\/wp-content\\\/uploads\\\/sites\\\/3\\\/2020\\\/12\\\/logo.png\",\"width\":200,\"height\":70,\"caption\":\"Markt-XXL\"},\"image\":{\"@id\":\"https:\\\/\\\/marktxxl.de\\\/markt\\\/#\\\/schema\\\/logo\\\/image\\\/\"}}]}<\/script>\n<!-- \/ Yoast SEO plugin. -->","yoast_head_json":{"title":"Kitch Aroma Rote flammenlose Kerzen, rote Kerzen, batteriebetriebene LED-Stumpenkerzen mit beweglichem Flammendocht mit\u2026 - Markt-XXL","description":"Markt-XXL Kitch Aroma Rote flammenlose Kerzen, rote Kerzen, batteriebetriebene LED-Stumpenkerzen mit beweglichem Flammendocht mit\u2026","robots":{"index":"index","follow":"follow","max-snippet":"max-snippet:-1","max-image-preview":"max-image-preview:large","max-video-preview":"max-video-preview:-1"},"canonical":"https:\/\/marktxxl.de\/markt\/produkt\/kitch-aroma-rote-flammenlose-kerzen-batteriebetriebene-led-stumpenkerzen-mit-beweglichem-flammendocht-mit-fernbedienung-9-stueck\/","og_locale":"de_DE","og_type":"article","og_title":"Kitch Aroma Rote flammenlose Kerzen, rote Kerzen, batteriebetriebene LED-Stumpenkerzen mit beweglichem Flammendocht mit\u2026 - Markt-XXL","og_description":"Markt-XXL Kitch Aroma Rote flammenlose Kerzen, rote Kerzen, batteriebetriebene LED-Stumpenkerzen mit beweglichem Flammendocht mit\u2026","og_url":"https:\/\/marktxxl.de\/markt\/produkt\/kitch-aroma-rote-flammenlose-kerzen-batteriebetriebene-led-stumpenkerzen-mit-beweglichem-flammendocht-mit-fernbedienung-9-stueck\/","og_site_name":"Markt-XXL","article_modified_time":"2023-04-11T03:03:14+00:00","og_image":[{"width":500,"height":500,"url":"https:\/\/m.media-amazon.com\/images\/I\/41CL-h+0WyL._SL500_.jpg","type":"image\/jpeg"}],"twitter_card":"summary_large_image","twitter_misc":{"Gesch\u00e4tzte Lesezeit":"1\u00a0Minute"},"schema":{"@context":"https:\/\/schema.org","@graph":[{"@type":"WebPage","@id":"https:\/\/marktxxl.de\/markt\/produkt\/kitch-aroma-rote-flammenlose-kerzen-batteriebetriebene-led-stumpenkerzen-mit-beweglichem-flammendocht-mit-fernbedienung-9-stueck\/","url":"https:\/\/marktxxl.de\/markt\/produkt\/kitch-aroma-rote-flammenlose-kerzen-batteriebetriebene-led-stumpenkerzen-mit-beweglichem-flammendocht-mit-fernbedienung-9-stueck\/","name":"Kitch Aroma Rote flammenlose Kerzen, rote Kerzen, batteriebetriebene LED-Stumpenkerzen mit beweglichem Flammendocht mit\u2026 - Markt-XXL","isPartOf":{"@id":"https:\/\/marktxxl.de\/markt\/#website"},"primaryImageOfPage":{"@id":"https:\/\/marktxxl.de\/markt\/produkt\/kitch-aroma-rote-flammenlose-kerzen-batteriebetriebene-led-stumpenkerzen-mit-beweglichem-flammendocht-mit-fernbedienung-9-stueck\/#primaryimage"},"image":{"@id":"https:\/\/marktxxl.de\/markt\/produkt\/kitch-aroma-rote-flammenlose-kerzen-batteriebetriebene-led-stumpenkerzen-mit-beweglichem-flammendocht-mit-fernbedienung-9-stueck\/#primaryimage"},"thumbnailUrl":"https:\/\/m.media-amazon.com\/images\/I\/41CL-h+0WyL._SL500_.jpg","datePublished":"2022-12-11T05:43:32+00:00","dateModified":"2023-04-11T03:03:14+00:00","description":"Markt-XXL Kitch Aroma Rote flammenlose Kerzen, rote Kerzen, batteriebetriebene LED-Stumpenkerzen mit beweglichem Flammendocht mit\u2026","breadcrumb":{"@id":"https:\/\/marktxxl.de\/markt\/produkt\/kitch-aroma-rote-flammenlose-kerzen-batteriebetriebene-led-stumpenkerzen-mit-beweglichem-flammendocht-mit-fernbedienung-9-stueck\/#breadcrumb"},"inLanguage":"de","potentialAction":[{"@type":"ReadAction","target":["https:\/\/marktxxl.de\/markt\/produkt\/kitch-aroma-rote-flammenlose-kerzen-batteriebetriebene-led-stumpenkerzen-mit-beweglichem-flammendocht-mit-fernbedienung-9-stueck\/"]}]},{"@type":"ImageObject","inLanguage":"de","@id":"https:\/\/marktxxl.de\/markt\/produkt\/kitch-aroma-rote-flammenlose-kerzen-batteriebetriebene-led-stumpenkerzen-mit-beweglichem-flammendocht-mit-fernbedienung-9-stueck\/#primaryimage","url":"https:\/\/m.media-amazon.com\/images\/I\/41CL-h+0WyL._SL500_.jpg","contentUrl":"https:\/\/m.media-amazon.com\/images\/I\/41CL-h+0WyL._SL500_.jpg","width":500,"height":500},{"@type":"BreadcrumbList","@id":"https:\/\/marktxxl.de\/markt\/produkt\/kitch-aroma-rote-flammenlose-kerzen-batteriebetriebene-led-stumpenkerzen-mit-beweglichem-flammendocht-mit-fernbedienung-9-stueck\/#breadcrumb","itemListElement":[{"@type":"ListItem","position":1,"name":"Startseite","item":"https:\/\/marktxxl.de\/markt\/"},{"@type":"ListItem","position":2,"name":"Markt","item":"https:\/\/marktxxl.de\/markt\/"},{"@type":"ListItem","position":3,"name":"Kitch Aroma Rote flammenlose Kerzen, rote Kerzen, batteriebetriebene LED-Stumpenkerzen mit beweglichem Flammendocht mit\u2026"}]},{"@type":"WebSite","@id":"https:\/\/marktxxl.de\/markt\/#website","url":"https:\/\/marktxxl.de\/markt\/","name":"Markt-XXL","description":"Ihr Markt Online","publisher":{"@id":"https:\/\/marktxxl.de\/markt\/#organization"},"potentialAction":[{"@type":"SearchAction","target":{"@type":"EntryPoint","urlTemplate":"https:\/\/marktxxl.de\/markt\/?s={search_term_string}"},"query-input":{"@type":"PropertyValueSpecification","valueRequired":true,"valueName":"search_term_string"}}],"inLanguage":"de"},{"@type":"Organization","@id":"https:\/\/marktxxl.de\/markt\/#organization","name":"Markt-XXL","url":"https:\/\/marktxxl.de\/markt\/","logo":{"@type":"ImageObject","inLanguage":"de","@id":"https:\/\/marktxxl.de\/markt\/#\/schema\/logo\/image\/","url":"https:\/\/marktxxl.de\/markt\/wp-content\/uploads\/sites\/3\/2020\/12\/logo.png","contentUrl":"https:\/\/marktxxl.de\/markt\/wp-content\/uploads\/sites\/3\/2020\/12\/logo.png","width":200,"height":70,"caption":"Markt-XXL"},"image":{"@id":"https:\/\/marktxxl.de\/markt\/#\/schema\/logo\/image\/"}}]}},"_links":{"self":[{"href":"https:\/\/marktxxl.de\/markt\/wp-json\/wp\/v2\/product\/174735","targetHints":{"allow":["GET"]}}],"collection":[{"href":"https:\/\/marktxxl.de\/markt\/wp-json\/wp\/v2\/product"}],"about":[{"href":"https:\/\/marktxxl.de\/markt\/wp-json\/wp\/v2\/types\/product"}],"replies":[{"embeddable":true,"href":"https:\/\/marktxxl.de\/markt\/wp-json\/wp\/v2\/comments?post=174735"}],"wp:featuredmedia":[{"embeddable":true,"href":"https:\/\/marktxxl.de\/markt\/wp-json\/wp\/v2\/media\/174736"}],"wp:attachment":[{"href":"https:\/\/marktxxl.de\/markt\/wp-json\/wp\/v2\/media?parent=174735"}],"wp:term":[{"taxonomy":"product_brand","embeddable":true,"href":"https:\/\/marktxxl.de\/markt\/wp-json\/wp\/v2\/product_brand?post=174735"},{"taxonomy":"product_cat","embeddable":true,"href":"https:\/\/marktxxl.de\/markt\/wp-json\/wp\/v2\/product_cat?post=174735"},{"taxonomy":"product_tag","embeddable":true,"href":"https:\/\/marktxxl.de\/markt\/wp-json\/wp\/v2\/product_tag?post=174735"}],"curies":[{"name":"wp","href":"https:\/\/api.w.org\/{rel}","templated":true}]}}