{"id":174694,"date":"2022-12-11T06:41:25","date_gmt":"2022-12-11T05:41:25","guid":{"rendered":"https:\/\/marktxxl.de\/markt\/produkt\/batteriebetriebene-led-flammenlose-kerzenmit-eingebetteten-lichterketten-3-pack-elfenbein-flackernde-elektrische-kerzenlampe-mit-10-tasten-fernbedienung-und-zyklus-24-stunden-timer-festival\/"},"modified":"2023-04-11T05:03:13","modified_gmt":"2023-04-11T03:03:13","slug":"batteriebetriebene-led-flammenlose-kerzenmit-eingebetteten-lichterketten-3-pack-elfenbein-flackernde-elektrische-kerzenlampe-mit-10-tasten-fernbedienung-und-zyklus-24-stunden-timer-festival","status":"publish","type":"product","link":"https:\/\/marktxxl.de\/markt\/produkt\/batteriebetriebene-led-flammenlose-kerzenmit-eingebetteten-lichterketten-3-pack-elfenbein-flackernde-elektrische-kerzenlampe-mit-10-tasten-fernbedienung-und-zyklus-24-stunden-timer-festival\/","title":{"rendered":"Batteriebetriebene led flammenlose Kerzen:mit eingebetteten Lichterketten, 3 Pack Elfenbein flackernde elektrische\u2026"},"content":{"rendered":"<p>Attraktive Verpackung: Das Produkt enth\u00e4lt eine 4-Zoll, eine 5-Zoll und eine 6-Zoll sch\u00f6ne echte Wachs flammenlose Kegel Stumpenkerzen (jeweils 3,15 &#8220;Durchmesser),1 einfache Fernbedienung BedienungUnd eine Bedienungsanleitung ist einfach zu bedienen, Batterien sind NICHT in diesem Produkt enthalten.<br \/>\nEmbedded technology light string:Each candle is wrapped in a silver starlight string.These small lamp strings provided a small, bright point, and the unique and attractive appearance to the candle.<br \/>\nKomfortable Bedienung: Um einfach auf dem Sofa oder auf dem Bett zu arbeiten, 10-Tasten-Fernbedienung mit 16,4 Fu\u00df Reichweite. Dr\u00fccken Sie zweimal die Taste &#8220;NO&#8221;, um die Sternlichtzeichenfolge unabh\u00e4ngig voneinander zu steuern. Leistungsstarke Timer-Funktion erm\u00f6glicht es Ihnen, Kerzen in Schritten von 2, 4, 6 und 8 Stunden anzuordnen. Automatisch jede Nacht ge\u00f6ffnet, Zyklus alle 24 Stunden.<br \/>\nEnergiesparende, langlebige LED: Diese beeindruckenden Kerzen erfordern jeweils zwei AA-Batterien, k\u00f6nnen mehr als 300 Stunden ununterbrochene Umgebung bieten. Jede LED-Gl\u00fchbirne kann 50.000 Stunden Gl\u00fchbirnenlebensdauer bieten, im Gegensatz zu echten Kerzen sind unterschiedlich, diese flammenlosen S\u00e4ulenkerzen langlebig.<br \/>\nSafe and practical candle set:Nancia flameless candles will create the illusion of a real flame,But there is no need to worry about fire hazards, smoke, dripping wax dirt or dirty tablecloths.It is very friendly to families with children or pets.These decorative light string candles are very suitable for various festivals, parties, gifts, and create a variety of beautiful atmospheres for you.<br \/>\n<div class=\"main-cross-sell\" data-asin=\"B09P6D86F6\">\n\n\t<div class=\"WooZone-cross-sell-loader\">\n\t\t<div>\n\t\t\t<div id=\"floatingBarsG\">\n\t\t\t\t<div class=\"blockG\" id=\"rotateG_01\"><\/div>\n\t\t\t\t<div class=\"blockG\" id=\"rotateG_02\"><\/div>\n\t\t\t\t<div class=\"blockG\" id=\"rotateG_03\"><\/div>\n\t\t\t\t<div class=\"blockG\" id=\"rotateG_04\"><\/div>\n\t\t\t\t<div class=\"blockG\" id=\"rotateG_05\"><\/div>\n\t\t\t\t<div class=\"blockG\" id=\"rotateG_06\"><\/div>\n\t\t\t\t<div class=\"blockG\" id=\"rotateG_07\"><\/div>\n\t\t\t\t<div class=\"blockG\" id=\"rotateG_08\"><\/div>\n\t\t\t<\/div>\n\t\t\t<div class=\"WooZone-cross-sell-loader-text\"><\/div>\n\t\t<\/div>\n\t<\/div>\n\n\t\t\n<\/div>\n<div style=\"clear:both;\"><\/div><\/p>\n","protected":false},"excerpt":{"rendered":"<p>Attraktive Verpackung: Das Produkt enth\u00e4lt eine 4-Zoll, eine 5-Zoll und eine 6-Zoll sch\u00f6ne echte Wachs flammenlose Kegel Stumpenkerzen (jeweils 3,15 &#8220;Durchmesser),1 einfache Fernbedienung BedienungUnd eine Bedienungsanleitung ist einfach zu bedienen, Batterien sind NICHT in diesem Produkt enthalten.<br \/>\nEmbedded technology light string:Each candle is wrapped in a silver starlight string.These small lamp strings provided a small, bright point, and the unique and attractive appearance to the candle.<br \/>\nKomfortable Bedienung: Um einfach auf dem Sofa oder auf dem Bett zu arbeiten, 10-Tasten-Fernbedienung mit 16,4 Fu\u00df Reichweite. Dr\u00fccken Sie zweimal die Taste &#8220;NO&#8221;, um die Sternlichtzeichenfolge unabh\u00e4ngig voneinander zu steuern. Leistungsstarke Timer-Funktion erm\u00f6glicht es Ihnen, Kerzen in Schritten von 2, 4, 6 und 8 Stunden anzuordnen. Automatisch jede Nacht ge\u00f6ffnet, Zyklus alle 24 Stunden.<\/p>\n","protected":false},"featured_media":174695,"comment_status":"open","ping_status":"closed","template":"","meta":[],"product_brand":[],"product_cat":[11446,2108],"product_tag":[],"class_list":{"0":"post-174694","1":"product","2":"type-product","3":"status-publish","4":"has-post-thumbnail","6":"product_cat-aussenbeleuchtung","7":"product_cat-beleuchtung","8":"pa_brand-nancia","9":"pa_color-elfenbein-lichterketten","10":"pa_height-2-362204722-zoll","11":"pa_length-1-574803148-zoll","12":"pa_manufacturer-bikuishi-industrial-co-ltd","13":"pa_model-xp-3pk","14":"pa_weight-0-0110231131-pfund","15":"pa_width-1-968503935-zoll","17":"first","18":"instock","19":"shipping-taxable","20":"purchasable","21":"product-type-simple","22":"customify-col","23":"product-has-gallery"},"yoast_head":"<!-- This site is optimized with the Yoast SEO plugin v27.4 - https:\/\/yoast.com\/product\/yoast-seo-wordpress\/ -->\n<title>Batteriebetriebene led flammenlose Kerzen:mit eingebetteten Lichterketten, 3 Pack Elfenbein flackernde elektrische\u2026 - Markt-XXL<\/title>\n<meta name=\"description\" content=\"Markt-XXL Batteriebetriebene led flammenlose Kerzen:mit eingebetteten Lichterketten, 3 Pack Elfenbein flackernde elektrische\u2026\" \/>\n<meta name=\"robots\" content=\"index, follow, max-snippet:-1, max-image-preview:large, max-video-preview:-1\" \/>\n<link rel=\"canonical\" href=\"https:\/\/marktxxl.de\/markt\/produkt\/batteriebetriebene-led-flammenlose-kerzenmit-eingebetteten-lichterketten-3-pack-elfenbein-flackernde-elektrische-kerzenlampe-mit-10-tasten-fernbedienung-und-zyklus-24-stunden-timer-festival\/\" \/>\n<meta property=\"og:locale\" content=\"de_DE\" \/>\n<meta property=\"og:type\" content=\"article\" \/>\n<meta property=\"og:title\" content=\"Batteriebetriebene led flammenlose Kerzen:mit eingebetteten Lichterketten, 3 Pack Elfenbein flackernde elektrische\u2026 - Markt-XXL\" \/>\n<meta property=\"og:description\" content=\"Markt-XXL Batteriebetriebene led flammenlose Kerzen:mit eingebetteten Lichterketten, 3 Pack Elfenbein flackernde elektrische\u2026\" \/>\n<meta property=\"og:url\" content=\"https:\/\/marktxxl.de\/markt\/produkt\/batteriebetriebene-led-flammenlose-kerzenmit-eingebetteten-lichterketten-3-pack-elfenbein-flackernde-elektrische-kerzenlampe-mit-10-tasten-fernbedienung-und-zyklus-24-stunden-timer-festival\/\" \/>\n<meta property=\"og:site_name\" content=\"Markt-XXL\" \/>\n<meta property=\"article:modified_time\" content=\"2023-04-11T03:03:13+00:00\" \/>\n<meta property=\"og:image\" content=\"https:\/\/m.media-amazon.com\/images\/I\/41HoX96TFXL._SL500_.jpg\" \/>\n\t<meta property=\"og:image:width\" content=\"500\" \/>\n\t<meta property=\"og:image:height\" content=\"500\" \/>\n\t<meta property=\"og:image:type\" content=\"image\/jpeg\" \/>\n<meta name=\"twitter:card\" content=\"summary_large_image\" \/>\n<meta name=\"twitter:label1\" content=\"Gesch\u00e4tzte Lesezeit\" \/>\n\t<meta name=\"twitter:data1\" content=\"1\u00a0Minute\" \/>\n<script type=\"application\/ld+json\" class=\"yoast-schema-graph\">{\"@context\":\"https:\\\/\\\/schema.org\",\"@graph\":[{\"@type\":\"WebPage\",\"@id\":\"https:\\\/\\\/marktxxl.de\\\/markt\\\/produkt\\\/batteriebetriebene-led-flammenlose-kerzenmit-eingebetteten-lichterketten-3-pack-elfenbein-flackernde-elektrische-kerzenlampe-mit-10-tasten-fernbedienung-und-zyklus-24-stunden-timer-festival\\\/\",\"url\":\"https:\\\/\\\/marktxxl.de\\\/markt\\\/produkt\\\/batteriebetriebene-led-flammenlose-kerzenmit-eingebetteten-lichterketten-3-pack-elfenbein-flackernde-elektrische-kerzenlampe-mit-10-tasten-fernbedienung-und-zyklus-24-stunden-timer-festival\\\/\",\"name\":\"Batteriebetriebene led flammenlose Kerzen:mit eingebetteten Lichterketten, 3 Pack Elfenbein flackernde elektrische\u2026 - Markt-XXL\",\"isPartOf\":{\"@id\":\"https:\\\/\\\/marktxxl.de\\\/markt\\\/#website\"},\"primaryImageOfPage\":{\"@id\":\"https:\\\/\\\/marktxxl.de\\\/markt\\\/produkt\\\/batteriebetriebene-led-flammenlose-kerzenmit-eingebetteten-lichterketten-3-pack-elfenbein-flackernde-elektrische-kerzenlampe-mit-10-tasten-fernbedienung-und-zyklus-24-stunden-timer-festival\\\/#primaryimage\"},\"image\":{\"@id\":\"https:\\\/\\\/marktxxl.de\\\/markt\\\/produkt\\\/batteriebetriebene-led-flammenlose-kerzenmit-eingebetteten-lichterketten-3-pack-elfenbein-flackernde-elektrische-kerzenlampe-mit-10-tasten-fernbedienung-und-zyklus-24-stunden-timer-festival\\\/#primaryimage\"},\"thumbnailUrl\":\"https:\\\/\\\/m.media-amazon.com\\\/images\\\/I\\\/41HoX96TFXL._SL500_.jpg\",\"datePublished\":\"2022-12-11T05:41:25+00:00\",\"dateModified\":\"2023-04-11T03:03:13+00:00\",\"description\":\"Markt-XXL Batteriebetriebene led flammenlose Kerzen:mit eingebetteten Lichterketten, 3 Pack Elfenbein flackernde elektrische\u2026\",\"breadcrumb\":{\"@id\":\"https:\\\/\\\/marktxxl.de\\\/markt\\\/produkt\\\/batteriebetriebene-led-flammenlose-kerzenmit-eingebetteten-lichterketten-3-pack-elfenbein-flackernde-elektrische-kerzenlampe-mit-10-tasten-fernbedienung-und-zyklus-24-stunden-timer-festival\\\/#breadcrumb\"},\"inLanguage\":\"de\",\"potentialAction\":[{\"@type\":\"ReadAction\",\"target\":[\"https:\\\/\\\/marktxxl.de\\\/markt\\\/produkt\\\/batteriebetriebene-led-flammenlose-kerzenmit-eingebetteten-lichterketten-3-pack-elfenbein-flackernde-elektrische-kerzenlampe-mit-10-tasten-fernbedienung-und-zyklus-24-stunden-timer-festival\\\/\"]}]},{\"@type\":\"ImageObject\",\"inLanguage\":\"de\",\"@id\":\"https:\\\/\\\/marktxxl.de\\\/markt\\\/produkt\\\/batteriebetriebene-led-flammenlose-kerzenmit-eingebetteten-lichterketten-3-pack-elfenbein-flackernde-elektrische-kerzenlampe-mit-10-tasten-fernbedienung-und-zyklus-24-stunden-timer-festival\\\/#primaryimage\",\"url\":\"https:\\\/\\\/m.media-amazon.com\\\/images\\\/I\\\/41HoX96TFXL._SL500_.jpg\",\"contentUrl\":\"https:\\\/\\\/m.media-amazon.com\\\/images\\\/I\\\/41HoX96TFXL._SL500_.jpg\",\"width\":500,\"height\":500},{\"@type\":\"BreadcrumbList\",\"@id\":\"https:\\\/\\\/marktxxl.de\\\/markt\\\/produkt\\\/batteriebetriebene-led-flammenlose-kerzenmit-eingebetteten-lichterketten-3-pack-elfenbein-flackernde-elektrische-kerzenlampe-mit-10-tasten-fernbedienung-und-zyklus-24-stunden-timer-festival\\\/#breadcrumb\",\"itemListElement\":[{\"@type\":\"ListItem\",\"position\":1,\"name\":\"Startseite\",\"item\":\"https:\\\/\\\/marktxxl.de\\\/markt\\\/\"},{\"@type\":\"ListItem\",\"position\":2,\"name\":\"Markt\",\"item\":\"https:\\\/\\\/marktxxl.de\\\/markt\\\/\"},{\"@type\":\"ListItem\",\"position\":3,\"name\":\"Batteriebetriebene led flammenlose Kerzen:mit eingebetteten Lichterketten, 3 Pack Elfenbein flackernde elektrische\u2026\"}]},{\"@type\":\"WebSite\",\"@id\":\"https:\\\/\\\/marktxxl.de\\\/markt\\\/#website\",\"url\":\"https:\\\/\\\/marktxxl.de\\\/markt\\\/\",\"name\":\"Markt-XXL\",\"description\":\"Ihr Markt Online\",\"publisher\":{\"@id\":\"https:\\\/\\\/marktxxl.de\\\/markt\\\/#organization\"},\"potentialAction\":[{\"@type\":\"SearchAction\",\"target\":{\"@type\":\"EntryPoint\",\"urlTemplate\":\"https:\\\/\\\/marktxxl.de\\\/markt\\\/?s={search_term_string}\"},\"query-input\":{\"@type\":\"PropertyValueSpecification\",\"valueRequired\":true,\"valueName\":\"search_term_string\"}}],\"inLanguage\":\"de\"},{\"@type\":\"Organization\",\"@id\":\"https:\\\/\\\/marktxxl.de\\\/markt\\\/#organization\",\"name\":\"Markt-XXL\",\"url\":\"https:\\\/\\\/marktxxl.de\\\/markt\\\/\",\"logo\":{\"@type\":\"ImageObject\",\"inLanguage\":\"de\",\"@id\":\"https:\\\/\\\/marktxxl.de\\\/markt\\\/#\\\/schema\\\/logo\\\/image\\\/\",\"url\":\"https:\\\/\\\/marktxxl.de\\\/markt\\\/wp-content\\\/uploads\\\/sites\\\/3\\\/2020\\\/12\\\/logo.png\",\"contentUrl\":\"https:\\\/\\\/marktxxl.de\\\/markt\\\/wp-content\\\/uploads\\\/sites\\\/3\\\/2020\\\/12\\\/logo.png\",\"width\":200,\"height\":70,\"caption\":\"Markt-XXL\"},\"image\":{\"@id\":\"https:\\\/\\\/marktxxl.de\\\/markt\\\/#\\\/schema\\\/logo\\\/image\\\/\"}}]}<\/script>\n<!-- \/ Yoast SEO plugin. -->","yoast_head_json":{"title":"Batteriebetriebene led flammenlose Kerzen:mit eingebetteten Lichterketten, 3 Pack Elfenbein flackernde elektrische\u2026 - Markt-XXL","description":"Markt-XXL Batteriebetriebene led flammenlose Kerzen:mit eingebetteten Lichterketten, 3 Pack Elfenbein flackernde elektrische\u2026","robots":{"index":"index","follow":"follow","max-snippet":"max-snippet:-1","max-image-preview":"max-image-preview:large","max-video-preview":"max-video-preview:-1"},"canonical":"https:\/\/marktxxl.de\/markt\/produkt\/batteriebetriebene-led-flammenlose-kerzenmit-eingebetteten-lichterketten-3-pack-elfenbein-flackernde-elektrische-kerzenlampe-mit-10-tasten-fernbedienung-und-zyklus-24-stunden-timer-festival\/","og_locale":"de_DE","og_type":"article","og_title":"Batteriebetriebene led flammenlose Kerzen:mit eingebetteten Lichterketten, 3 Pack Elfenbein flackernde elektrische\u2026 - Markt-XXL","og_description":"Markt-XXL Batteriebetriebene led flammenlose Kerzen:mit eingebetteten Lichterketten, 3 Pack Elfenbein flackernde elektrische\u2026","og_url":"https:\/\/marktxxl.de\/markt\/produkt\/batteriebetriebene-led-flammenlose-kerzenmit-eingebetteten-lichterketten-3-pack-elfenbein-flackernde-elektrische-kerzenlampe-mit-10-tasten-fernbedienung-und-zyklus-24-stunden-timer-festival\/","og_site_name":"Markt-XXL","article_modified_time":"2023-04-11T03:03:13+00:00","og_image":[{"width":500,"height":500,"url":"https:\/\/m.media-amazon.com\/images\/I\/41HoX96TFXL._SL500_.jpg","type":"image\/jpeg"}],"twitter_card":"summary_large_image","twitter_misc":{"Gesch\u00e4tzte Lesezeit":"1\u00a0Minute"},"schema":{"@context":"https:\/\/schema.org","@graph":[{"@type":"WebPage","@id":"https:\/\/marktxxl.de\/markt\/produkt\/batteriebetriebene-led-flammenlose-kerzenmit-eingebetteten-lichterketten-3-pack-elfenbein-flackernde-elektrische-kerzenlampe-mit-10-tasten-fernbedienung-und-zyklus-24-stunden-timer-festival\/","url":"https:\/\/marktxxl.de\/markt\/produkt\/batteriebetriebene-led-flammenlose-kerzenmit-eingebetteten-lichterketten-3-pack-elfenbein-flackernde-elektrische-kerzenlampe-mit-10-tasten-fernbedienung-und-zyklus-24-stunden-timer-festival\/","name":"Batteriebetriebene led flammenlose Kerzen:mit eingebetteten Lichterketten, 3 Pack Elfenbein flackernde elektrische\u2026 - Markt-XXL","isPartOf":{"@id":"https:\/\/marktxxl.de\/markt\/#website"},"primaryImageOfPage":{"@id":"https:\/\/marktxxl.de\/markt\/produkt\/batteriebetriebene-led-flammenlose-kerzenmit-eingebetteten-lichterketten-3-pack-elfenbein-flackernde-elektrische-kerzenlampe-mit-10-tasten-fernbedienung-und-zyklus-24-stunden-timer-festival\/#primaryimage"},"image":{"@id":"https:\/\/marktxxl.de\/markt\/produkt\/batteriebetriebene-led-flammenlose-kerzenmit-eingebetteten-lichterketten-3-pack-elfenbein-flackernde-elektrische-kerzenlampe-mit-10-tasten-fernbedienung-und-zyklus-24-stunden-timer-festival\/#primaryimage"},"thumbnailUrl":"https:\/\/m.media-amazon.com\/images\/I\/41HoX96TFXL._SL500_.jpg","datePublished":"2022-12-11T05:41:25+00:00","dateModified":"2023-04-11T03:03:13+00:00","description":"Markt-XXL Batteriebetriebene led flammenlose Kerzen:mit eingebetteten Lichterketten, 3 Pack Elfenbein flackernde elektrische\u2026","breadcrumb":{"@id":"https:\/\/marktxxl.de\/markt\/produkt\/batteriebetriebene-led-flammenlose-kerzenmit-eingebetteten-lichterketten-3-pack-elfenbein-flackernde-elektrische-kerzenlampe-mit-10-tasten-fernbedienung-und-zyklus-24-stunden-timer-festival\/#breadcrumb"},"inLanguage":"de","potentialAction":[{"@type":"ReadAction","target":["https:\/\/marktxxl.de\/markt\/produkt\/batteriebetriebene-led-flammenlose-kerzenmit-eingebetteten-lichterketten-3-pack-elfenbein-flackernde-elektrische-kerzenlampe-mit-10-tasten-fernbedienung-und-zyklus-24-stunden-timer-festival\/"]}]},{"@type":"ImageObject","inLanguage":"de","@id":"https:\/\/marktxxl.de\/markt\/produkt\/batteriebetriebene-led-flammenlose-kerzenmit-eingebetteten-lichterketten-3-pack-elfenbein-flackernde-elektrische-kerzenlampe-mit-10-tasten-fernbedienung-und-zyklus-24-stunden-timer-festival\/#primaryimage","url":"https:\/\/m.media-amazon.com\/images\/I\/41HoX96TFXL._SL500_.jpg","contentUrl":"https:\/\/m.media-amazon.com\/images\/I\/41HoX96TFXL._SL500_.jpg","width":500,"height":500},{"@type":"BreadcrumbList","@id":"https:\/\/marktxxl.de\/markt\/produkt\/batteriebetriebene-led-flammenlose-kerzenmit-eingebetteten-lichterketten-3-pack-elfenbein-flackernde-elektrische-kerzenlampe-mit-10-tasten-fernbedienung-und-zyklus-24-stunden-timer-festival\/#breadcrumb","itemListElement":[{"@type":"ListItem","position":1,"name":"Startseite","item":"https:\/\/marktxxl.de\/markt\/"},{"@type":"ListItem","position":2,"name":"Markt","item":"https:\/\/marktxxl.de\/markt\/"},{"@type":"ListItem","position":3,"name":"Batteriebetriebene led flammenlose Kerzen:mit eingebetteten Lichterketten, 3 Pack Elfenbein flackernde elektrische\u2026"}]},{"@type":"WebSite","@id":"https:\/\/marktxxl.de\/markt\/#website","url":"https:\/\/marktxxl.de\/markt\/","name":"Markt-XXL","description":"Ihr Markt Online","publisher":{"@id":"https:\/\/marktxxl.de\/markt\/#organization"},"potentialAction":[{"@type":"SearchAction","target":{"@type":"EntryPoint","urlTemplate":"https:\/\/marktxxl.de\/markt\/?s={search_term_string}"},"query-input":{"@type":"PropertyValueSpecification","valueRequired":true,"valueName":"search_term_string"}}],"inLanguage":"de"},{"@type":"Organization","@id":"https:\/\/marktxxl.de\/markt\/#organization","name":"Markt-XXL","url":"https:\/\/marktxxl.de\/markt\/","logo":{"@type":"ImageObject","inLanguage":"de","@id":"https:\/\/marktxxl.de\/markt\/#\/schema\/logo\/image\/","url":"https:\/\/marktxxl.de\/markt\/wp-content\/uploads\/sites\/3\/2020\/12\/logo.png","contentUrl":"https:\/\/marktxxl.de\/markt\/wp-content\/uploads\/sites\/3\/2020\/12\/logo.png","width":200,"height":70,"caption":"Markt-XXL"},"image":{"@id":"https:\/\/marktxxl.de\/markt\/#\/schema\/logo\/image\/"}}]}},"_links":{"self":[{"href":"https:\/\/marktxxl.de\/markt\/wp-json\/wp\/v2\/product\/174694","targetHints":{"allow":["GET"]}}],"collection":[{"href":"https:\/\/marktxxl.de\/markt\/wp-json\/wp\/v2\/product"}],"about":[{"href":"https:\/\/marktxxl.de\/markt\/wp-json\/wp\/v2\/types\/product"}],"replies":[{"embeddable":true,"href":"https:\/\/marktxxl.de\/markt\/wp-json\/wp\/v2\/comments?post=174694"}],"wp:featuredmedia":[{"embeddable":true,"href":"https:\/\/marktxxl.de\/markt\/wp-json\/wp\/v2\/media\/174695"}],"wp:attachment":[{"href":"https:\/\/marktxxl.de\/markt\/wp-json\/wp\/v2\/media?parent=174694"}],"wp:term":[{"taxonomy":"product_brand","embeddable":true,"href":"https:\/\/marktxxl.de\/markt\/wp-json\/wp\/v2\/product_brand?post=174694"},{"taxonomy":"product_cat","embeddable":true,"href":"https:\/\/marktxxl.de\/markt\/wp-json\/wp\/v2\/product_cat?post=174694"},{"taxonomy":"product_tag","embeddable":true,"href":"https:\/\/marktxxl.de\/markt\/wp-json\/wp\/v2\/product_tag?post=174694"}],"curies":[{"name":"wp","href":"https:\/\/api.w.org\/{rel}","templated":true}]}}