{"id":174654,"date":"2022-12-11T06:40:27","date_gmt":"2022-12-11T05:40:27","guid":{"rendered":"https:\/\/marktxxl.de\/markt\/produkt\/flackernde-flammenlose-kerzen-3-stueck-102-cm-127-cm-152-cm-led-kerzen-batteriebetrieben-warmweisses-licht-fuer-hochzeitsdekorationen-hochzeitsdekoration-tisch-outdoor\/"},"modified":"2023-04-11T05:03:13","modified_gmt":"2023-04-11T03:03:13","slug":"flackernde-flammenlose-kerzen-3-stueck-102-cm-127-cm-152-cm-led-kerzen-batteriebetrieben-warmweisses-licht-fuer-hochzeitsdekorationen-hochzeitsdekoration-tisch-outdoor","status":"publish","type":"product","link":"https:\/\/marktxxl.de\/markt\/produkt\/flackernde-flammenlose-kerzen-3-stueck-102-cm-127-cm-152-cm-led-kerzen-batteriebetrieben-warmweisses-licht-fuer-hochzeitsdekorationen-hochzeitsdekoration-tisch-outdoor\/","title":{"rendered":"TiKenSo Flackernde flammenlose Kerzen, 3 St\u00fcck, 10,2 cm, 12,7 cm, 15,2 cm, batteriebetrieben, warmwei\u00dfes Licht f\u00fcr\u2026"},"content":{"rendered":"<p>Flackernde flammenlose Kerzengr\u00f6\u00dfen: Das Paket enth\u00e4lt 3 LED-Kerzen in verschiedenen H\u00f6hen, alle 7,6 cm im Durchmesser, aber 10,2 cm, 12,7 cm und 15,2 cm in der H\u00f6he.<br \/>\n\u3010LED-Kerzen\u3011: Sie ben\u00f6tigen nur zwei 1,5-V-Batterien und sie h\u00e4lt f\u00fcr 7 x 24 Stunden. Sie werden von einer eigenen Kerze betrieben<br \/>\n\u3010Einfach und sicher zu bedienen\u3011: Unsere Kerze ist sehr einfach zu bedienen, der Schalter befindet sich an der Unterseite der Kerze<br \/>\n\u3010Warm und romantisch\u3011: Unser Kerzenlicht ist Bernstein, das in allen Arten von Raumdekorationen verwendet werden kann, besonders f\u00fcr Hochzeitsdekorationen. Es ist sehr romantisch, unsere Kerzen in einem dunklen Raum zu haben, der eine Hochzeitsdekoration ben\u00f6tigt wird<br \/>\n\u3010Text\u3011: Unser Produkt enth\u00e4lt keine Batterien, so dass Sie Ihre eigenen vorbereiten. Aber irgendwelche Probleme \u00fcber das Produkt selbst, k\u00f6nnen Sie uns wenden, um Ihnen zu helfen, zu l\u00f6sen. Au\u00dferdem ist unser Material Paraffinwachs + Kunststoff, daher sollten wir direkte Sonneneinstrahlung vermeiden, da sonst das Produkt besch\u00e4digt wird.<br \/>\n<div class=\"main-cross-sell\" data-asin=\"B0B6YXJ2XS\">\n\n\t<div class=\"WooZone-cross-sell-loader\">\n\t\t<div>\n\t\t\t<div id=\"floatingBarsG\">\n\t\t\t\t<div class=\"blockG\" id=\"rotateG_01\"><\/div>\n\t\t\t\t<div class=\"blockG\" id=\"rotateG_02\"><\/div>\n\t\t\t\t<div class=\"blockG\" id=\"rotateG_03\"><\/div>\n\t\t\t\t<div class=\"blockG\" id=\"rotateG_04\"><\/div>\n\t\t\t\t<div class=\"blockG\" id=\"rotateG_05\"><\/div>\n\t\t\t\t<div class=\"blockG\" id=\"rotateG_06\"><\/div>\n\t\t\t\t<div class=\"blockG\" id=\"rotateG_07\"><\/div>\n\t\t\t\t<div class=\"blockG\" id=\"rotateG_08\"><\/div>\n\t\t\t<\/div>\n\t\t\t<div class=\"WooZone-cross-sell-loader-text\"><\/div>\n\t\t<\/div>\n\t<\/div>\n\n\t\t\n<\/div>\n<div style=\"clear:both;\"><\/div><\/p>\n","protected":false},"excerpt":{"rendered":"<p>Flackernde flammenlose Kerzengr\u00f6\u00dfen: Das Paket enth\u00e4lt 3 LED-Kerzen in verschiedenen H\u00f6hen, alle 7,6 cm im Durchmesser, aber 10,2 cm, 12,7 cm und 15,2 cm in der H\u00f6he.<br \/>\n\u3010LED-Kerzen\u3011: Sie ben\u00f6tigen nur zwei 1,5-V-Batterien und sie h\u00e4lt f\u00fcr 7 x 24 Stunden. Sie werden von einer eigenen Kerze betrieben<br \/>\n\u3010Einfach und sicher zu bedienen\u3011: Unsere Kerze ist sehr einfach zu bedienen, der Schalter befindet sich an der Unterseite der Kerze<\/p>\n","protected":false},"featured_media":174655,"comment_status":"open","ping_status":"closed","template":"","meta":[],"product_brand":[],"product_cat":[11446,2108],"product_tag":[],"class_list":{"0":"post-174654","1":"product","2":"type-product","3":"status-publish","4":"has-post-thumbnail","6":"product_cat-aussenbeleuchtung","7":"product_cat-beleuchtung","8":"pa_brand-tikenso","9":"pa_manufacturer-tikenso","11":"first","12":"instock","13":"shipping-taxable","14":"purchasable","15":"product-type-simple","16":"customify-col","17":"product-has-gallery"},"yoast_head":"<!-- This site is optimized with the Yoast SEO plugin v27.4 - https:\/\/yoast.com\/product\/yoast-seo-wordpress\/ -->\n<title>TiKenSo Flackernde flammenlose Kerzen, 3 St\u00fcck, 10,2 cm, 12,7 cm, 15,2 cm, batteriebetrieben, warmwei\u00dfes Licht f\u00fcr\u2026 - Markt-XXL<\/title>\n<meta name=\"description\" content=\"Markt-XXL TiKenSo Flackernde flammenlose Kerzen, 3 St\u00fcck, 10,2 cm, 12,7 cm, 15,2 cm, batteriebetrieben, warmwei\u00dfes Licht f\u00fcr\u2026\" \/>\n<meta name=\"robots\" content=\"index, follow, max-snippet:-1, max-image-preview:large, max-video-preview:-1\" \/>\n<link rel=\"canonical\" href=\"https:\/\/marktxxl.de\/markt\/produkt\/flackernde-flammenlose-kerzen-3-stueck-102-cm-127-cm-152-cm-led-kerzen-batteriebetrieben-warmweisses-licht-fuer-hochzeitsdekorationen-hochzeitsdekoration-tisch-outdoor\/\" \/>\n<meta property=\"og:locale\" content=\"de_DE\" \/>\n<meta property=\"og:type\" content=\"article\" \/>\n<meta property=\"og:title\" content=\"TiKenSo Flackernde flammenlose Kerzen, 3 St\u00fcck, 10,2 cm, 12,7 cm, 15,2 cm, batteriebetrieben, warmwei\u00dfes Licht f\u00fcr\u2026 - Markt-XXL\" \/>\n<meta property=\"og:description\" content=\"Markt-XXL TiKenSo Flackernde flammenlose Kerzen, 3 St\u00fcck, 10,2 cm, 12,7 cm, 15,2 cm, batteriebetrieben, warmwei\u00dfes Licht f\u00fcr\u2026\" \/>\n<meta property=\"og:url\" content=\"https:\/\/marktxxl.de\/markt\/produkt\/flackernde-flammenlose-kerzen-3-stueck-102-cm-127-cm-152-cm-led-kerzen-batteriebetrieben-warmweisses-licht-fuer-hochzeitsdekorationen-hochzeitsdekoration-tisch-outdoor\/\" \/>\n<meta property=\"og:site_name\" content=\"Markt-XXL\" \/>\n<meta property=\"article:modified_time\" content=\"2023-04-11T03:03:13+00:00\" \/>\n<meta property=\"og:image\" content=\"https:\/\/m.media-amazon.com\/images\/I\/31gwn7OT5ML._SL500_.jpg\" \/>\n\t<meta property=\"og:image:width\" content=\"500\" \/>\n\t<meta property=\"og:image:height\" content=\"500\" \/>\n\t<meta property=\"og:image:type\" content=\"image\/jpeg\" \/>\n<meta name=\"twitter:card\" content=\"summary_large_image\" \/>\n<meta name=\"twitter:label1\" content=\"Gesch\u00e4tzte Lesezeit\" \/>\n\t<meta name=\"twitter:data1\" content=\"1\u00a0Minute\" \/>\n<script type=\"application\/ld+json\" class=\"yoast-schema-graph\">{\"@context\":\"https:\\\/\\\/schema.org\",\"@graph\":[{\"@type\":\"WebPage\",\"@id\":\"https:\\\/\\\/marktxxl.de\\\/markt\\\/produkt\\\/flackernde-flammenlose-kerzen-3-stueck-102-cm-127-cm-152-cm-led-kerzen-batteriebetrieben-warmweisses-licht-fuer-hochzeitsdekorationen-hochzeitsdekoration-tisch-outdoor\\\/\",\"url\":\"https:\\\/\\\/marktxxl.de\\\/markt\\\/produkt\\\/flackernde-flammenlose-kerzen-3-stueck-102-cm-127-cm-152-cm-led-kerzen-batteriebetrieben-warmweisses-licht-fuer-hochzeitsdekorationen-hochzeitsdekoration-tisch-outdoor\\\/\",\"name\":\"TiKenSo Flackernde flammenlose Kerzen, 3 St\u00fcck, 10,2 cm, 12,7 cm, 15,2 cm, batteriebetrieben, warmwei\u00dfes Licht f\u00fcr\u2026 - Markt-XXL\",\"isPartOf\":{\"@id\":\"https:\\\/\\\/marktxxl.de\\\/markt\\\/#website\"},\"primaryImageOfPage\":{\"@id\":\"https:\\\/\\\/marktxxl.de\\\/markt\\\/produkt\\\/flackernde-flammenlose-kerzen-3-stueck-102-cm-127-cm-152-cm-led-kerzen-batteriebetrieben-warmweisses-licht-fuer-hochzeitsdekorationen-hochzeitsdekoration-tisch-outdoor\\\/#primaryimage\"},\"image\":{\"@id\":\"https:\\\/\\\/marktxxl.de\\\/markt\\\/produkt\\\/flackernde-flammenlose-kerzen-3-stueck-102-cm-127-cm-152-cm-led-kerzen-batteriebetrieben-warmweisses-licht-fuer-hochzeitsdekorationen-hochzeitsdekoration-tisch-outdoor\\\/#primaryimage\"},\"thumbnailUrl\":\"https:\\\/\\\/m.media-amazon.com\\\/images\\\/I\\\/31gwn7OT5ML._SL500_.jpg\",\"datePublished\":\"2022-12-11T05:40:27+00:00\",\"dateModified\":\"2023-04-11T03:03:13+00:00\",\"description\":\"Markt-XXL TiKenSo Flackernde flammenlose Kerzen, 3 St\u00fcck, 10,2 cm, 12,7 cm, 15,2 cm, batteriebetrieben, warmwei\u00dfes Licht f\u00fcr\u2026\",\"breadcrumb\":{\"@id\":\"https:\\\/\\\/marktxxl.de\\\/markt\\\/produkt\\\/flackernde-flammenlose-kerzen-3-stueck-102-cm-127-cm-152-cm-led-kerzen-batteriebetrieben-warmweisses-licht-fuer-hochzeitsdekorationen-hochzeitsdekoration-tisch-outdoor\\\/#breadcrumb\"},\"inLanguage\":\"de\",\"potentialAction\":[{\"@type\":\"ReadAction\",\"target\":[\"https:\\\/\\\/marktxxl.de\\\/markt\\\/produkt\\\/flackernde-flammenlose-kerzen-3-stueck-102-cm-127-cm-152-cm-led-kerzen-batteriebetrieben-warmweisses-licht-fuer-hochzeitsdekorationen-hochzeitsdekoration-tisch-outdoor\\\/\"]}]},{\"@type\":\"ImageObject\",\"inLanguage\":\"de\",\"@id\":\"https:\\\/\\\/marktxxl.de\\\/markt\\\/produkt\\\/flackernde-flammenlose-kerzen-3-stueck-102-cm-127-cm-152-cm-led-kerzen-batteriebetrieben-warmweisses-licht-fuer-hochzeitsdekorationen-hochzeitsdekoration-tisch-outdoor\\\/#primaryimage\",\"url\":\"https:\\\/\\\/m.media-amazon.com\\\/images\\\/I\\\/31gwn7OT5ML._SL500_.jpg\",\"contentUrl\":\"https:\\\/\\\/m.media-amazon.com\\\/images\\\/I\\\/31gwn7OT5ML._SL500_.jpg\",\"width\":500,\"height\":500},{\"@type\":\"BreadcrumbList\",\"@id\":\"https:\\\/\\\/marktxxl.de\\\/markt\\\/produkt\\\/flackernde-flammenlose-kerzen-3-stueck-102-cm-127-cm-152-cm-led-kerzen-batteriebetrieben-warmweisses-licht-fuer-hochzeitsdekorationen-hochzeitsdekoration-tisch-outdoor\\\/#breadcrumb\",\"itemListElement\":[{\"@type\":\"ListItem\",\"position\":1,\"name\":\"Startseite\",\"item\":\"https:\\\/\\\/marktxxl.de\\\/markt\\\/\"},{\"@type\":\"ListItem\",\"position\":2,\"name\":\"Markt\",\"item\":\"https:\\\/\\\/marktxxl.de\\\/markt\\\/\"},{\"@type\":\"ListItem\",\"position\":3,\"name\":\"TiKenSo Flackernde flammenlose Kerzen, 3 St\u00fcck, 10,2 cm, 12,7 cm, 15,2 cm, batteriebetrieben, warmwei\u00dfes Licht f\u00fcr\u2026\"}]},{\"@type\":\"WebSite\",\"@id\":\"https:\\\/\\\/marktxxl.de\\\/markt\\\/#website\",\"url\":\"https:\\\/\\\/marktxxl.de\\\/markt\\\/\",\"name\":\"Markt-XXL\",\"description\":\"Ihr Markt Online\",\"publisher\":{\"@id\":\"https:\\\/\\\/marktxxl.de\\\/markt\\\/#organization\"},\"potentialAction\":[{\"@type\":\"SearchAction\",\"target\":{\"@type\":\"EntryPoint\",\"urlTemplate\":\"https:\\\/\\\/marktxxl.de\\\/markt\\\/?s={search_term_string}\"},\"query-input\":{\"@type\":\"PropertyValueSpecification\",\"valueRequired\":true,\"valueName\":\"search_term_string\"}}],\"inLanguage\":\"de\"},{\"@type\":\"Organization\",\"@id\":\"https:\\\/\\\/marktxxl.de\\\/markt\\\/#organization\",\"name\":\"Markt-XXL\",\"url\":\"https:\\\/\\\/marktxxl.de\\\/markt\\\/\",\"logo\":{\"@type\":\"ImageObject\",\"inLanguage\":\"de\",\"@id\":\"https:\\\/\\\/marktxxl.de\\\/markt\\\/#\\\/schema\\\/logo\\\/image\\\/\",\"url\":\"https:\\\/\\\/marktxxl.de\\\/markt\\\/wp-content\\\/uploads\\\/sites\\\/3\\\/2020\\\/12\\\/logo.png\",\"contentUrl\":\"https:\\\/\\\/marktxxl.de\\\/markt\\\/wp-content\\\/uploads\\\/sites\\\/3\\\/2020\\\/12\\\/logo.png\",\"width\":200,\"height\":70,\"caption\":\"Markt-XXL\"},\"image\":{\"@id\":\"https:\\\/\\\/marktxxl.de\\\/markt\\\/#\\\/schema\\\/logo\\\/image\\\/\"}}]}<\/script>\n<!-- \/ Yoast SEO plugin. -->","yoast_head_json":{"title":"TiKenSo Flackernde flammenlose Kerzen, 3 St\u00fcck, 10,2 cm, 12,7 cm, 15,2 cm, batteriebetrieben, warmwei\u00dfes Licht f\u00fcr\u2026 - Markt-XXL","description":"Markt-XXL TiKenSo Flackernde flammenlose Kerzen, 3 St\u00fcck, 10,2 cm, 12,7 cm, 15,2 cm, batteriebetrieben, warmwei\u00dfes Licht f\u00fcr\u2026","robots":{"index":"index","follow":"follow","max-snippet":"max-snippet:-1","max-image-preview":"max-image-preview:large","max-video-preview":"max-video-preview:-1"},"canonical":"https:\/\/marktxxl.de\/markt\/produkt\/flackernde-flammenlose-kerzen-3-stueck-102-cm-127-cm-152-cm-led-kerzen-batteriebetrieben-warmweisses-licht-fuer-hochzeitsdekorationen-hochzeitsdekoration-tisch-outdoor\/","og_locale":"de_DE","og_type":"article","og_title":"TiKenSo Flackernde flammenlose Kerzen, 3 St\u00fcck, 10,2 cm, 12,7 cm, 15,2 cm, batteriebetrieben, warmwei\u00dfes Licht f\u00fcr\u2026 - Markt-XXL","og_description":"Markt-XXL TiKenSo Flackernde flammenlose Kerzen, 3 St\u00fcck, 10,2 cm, 12,7 cm, 15,2 cm, batteriebetrieben, warmwei\u00dfes Licht f\u00fcr\u2026","og_url":"https:\/\/marktxxl.de\/markt\/produkt\/flackernde-flammenlose-kerzen-3-stueck-102-cm-127-cm-152-cm-led-kerzen-batteriebetrieben-warmweisses-licht-fuer-hochzeitsdekorationen-hochzeitsdekoration-tisch-outdoor\/","og_site_name":"Markt-XXL","article_modified_time":"2023-04-11T03:03:13+00:00","og_image":[{"width":500,"height":500,"url":"https:\/\/m.media-amazon.com\/images\/I\/31gwn7OT5ML._SL500_.jpg","type":"image\/jpeg"}],"twitter_card":"summary_large_image","twitter_misc":{"Gesch\u00e4tzte Lesezeit":"1\u00a0Minute"},"schema":{"@context":"https:\/\/schema.org","@graph":[{"@type":"WebPage","@id":"https:\/\/marktxxl.de\/markt\/produkt\/flackernde-flammenlose-kerzen-3-stueck-102-cm-127-cm-152-cm-led-kerzen-batteriebetrieben-warmweisses-licht-fuer-hochzeitsdekorationen-hochzeitsdekoration-tisch-outdoor\/","url":"https:\/\/marktxxl.de\/markt\/produkt\/flackernde-flammenlose-kerzen-3-stueck-102-cm-127-cm-152-cm-led-kerzen-batteriebetrieben-warmweisses-licht-fuer-hochzeitsdekorationen-hochzeitsdekoration-tisch-outdoor\/","name":"TiKenSo Flackernde flammenlose Kerzen, 3 St\u00fcck, 10,2 cm, 12,7 cm, 15,2 cm, batteriebetrieben, warmwei\u00dfes Licht f\u00fcr\u2026 - Markt-XXL","isPartOf":{"@id":"https:\/\/marktxxl.de\/markt\/#website"},"primaryImageOfPage":{"@id":"https:\/\/marktxxl.de\/markt\/produkt\/flackernde-flammenlose-kerzen-3-stueck-102-cm-127-cm-152-cm-led-kerzen-batteriebetrieben-warmweisses-licht-fuer-hochzeitsdekorationen-hochzeitsdekoration-tisch-outdoor\/#primaryimage"},"image":{"@id":"https:\/\/marktxxl.de\/markt\/produkt\/flackernde-flammenlose-kerzen-3-stueck-102-cm-127-cm-152-cm-led-kerzen-batteriebetrieben-warmweisses-licht-fuer-hochzeitsdekorationen-hochzeitsdekoration-tisch-outdoor\/#primaryimage"},"thumbnailUrl":"https:\/\/m.media-amazon.com\/images\/I\/31gwn7OT5ML._SL500_.jpg","datePublished":"2022-12-11T05:40:27+00:00","dateModified":"2023-04-11T03:03:13+00:00","description":"Markt-XXL TiKenSo Flackernde flammenlose Kerzen, 3 St\u00fcck, 10,2 cm, 12,7 cm, 15,2 cm, batteriebetrieben, warmwei\u00dfes Licht f\u00fcr\u2026","breadcrumb":{"@id":"https:\/\/marktxxl.de\/markt\/produkt\/flackernde-flammenlose-kerzen-3-stueck-102-cm-127-cm-152-cm-led-kerzen-batteriebetrieben-warmweisses-licht-fuer-hochzeitsdekorationen-hochzeitsdekoration-tisch-outdoor\/#breadcrumb"},"inLanguage":"de","potentialAction":[{"@type":"ReadAction","target":["https:\/\/marktxxl.de\/markt\/produkt\/flackernde-flammenlose-kerzen-3-stueck-102-cm-127-cm-152-cm-led-kerzen-batteriebetrieben-warmweisses-licht-fuer-hochzeitsdekorationen-hochzeitsdekoration-tisch-outdoor\/"]}]},{"@type":"ImageObject","inLanguage":"de","@id":"https:\/\/marktxxl.de\/markt\/produkt\/flackernde-flammenlose-kerzen-3-stueck-102-cm-127-cm-152-cm-led-kerzen-batteriebetrieben-warmweisses-licht-fuer-hochzeitsdekorationen-hochzeitsdekoration-tisch-outdoor\/#primaryimage","url":"https:\/\/m.media-amazon.com\/images\/I\/31gwn7OT5ML._SL500_.jpg","contentUrl":"https:\/\/m.media-amazon.com\/images\/I\/31gwn7OT5ML._SL500_.jpg","width":500,"height":500},{"@type":"BreadcrumbList","@id":"https:\/\/marktxxl.de\/markt\/produkt\/flackernde-flammenlose-kerzen-3-stueck-102-cm-127-cm-152-cm-led-kerzen-batteriebetrieben-warmweisses-licht-fuer-hochzeitsdekorationen-hochzeitsdekoration-tisch-outdoor\/#breadcrumb","itemListElement":[{"@type":"ListItem","position":1,"name":"Startseite","item":"https:\/\/marktxxl.de\/markt\/"},{"@type":"ListItem","position":2,"name":"Markt","item":"https:\/\/marktxxl.de\/markt\/"},{"@type":"ListItem","position":3,"name":"TiKenSo Flackernde flammenlose Kerzen, 3 St\u00fcck, 10,2 cm, 12,7 cm, 15,2 cm, batteriebetrieben, warmwei\u00dfes Licht f\u00fcr\u2026"}]},{"@type":"WebSite","@id":"https:\/\/marktxxl.de\/markt\/#website","url":"https:\/\/marktxxl.de\/markt\/","name":"Markt-XXL","description":"Ihr Markt Online","publisher":{"@id":"https:\/\/marktxxl.de\/markt\/#organization"},"potentialAction":[{"@type":"SearchAction","target":{"@type":"EntryPoint","urlTemplate":"https:\/\/marktxxl.de\/markt\/?s={search_term_string}"},"query-input":{"@type":"PropertyValueSpecification","valueRequired":true,"valueName":"search_term_string"}}],"inLanguage":"de"},{"@type":"Organization","@id":"https:\/\/marktxxl.de\/markt\/#organization","name":"Markt-XXL","url":"https:\/\/marktxxl.de\/markt\/","logo":{"@type":"ImageObject","inLanguage":"de","@id":"https:\/\/marktxxl.de\/markt\/#\/schema\/logo\/image\/","url":"https:\/\/marktxxl.de\/markt\/wp-content\/uploads\/sites\/3\/2020\/12\/logo.png","contentUrl":"https:\/\/marktxxl.de\/markt\/wp-content\/uploads\/sites\/3\/2020\/12\/logo.png","width":200,"height":70,"caption":"Markt-XXL"},"image":{"@id":"https:\/\/marktxxl.de\/markt\/#\/schema\/logo\/image\/"}}]}},"_links":{"self":[{"href":"https:\/\/marktxxl.de\/markt\/wp-json\/wp\/v2\/product\/174654","targetHints":{"allow":["GET"]}}],"collection":[{"href":"https:\/\/marktxxl.de\/markt\/wp-json\/wp\/v2\/product"}],"about":[{"href":"https:\/\/marktxxl.de\/markt\/wp-json\/wp\/v2\/types\/product"}],"replies":[{"embeddable":true,"href":"https:\/\/marktxxl.de\/markt\/wp-json\/wp\/v2\/comments?post=174654"}],"wp:featuredmedia":[{"embeddable":true,"href":"https:\/\/marktxxl.de\/markt\/wp-json\/wp\/v2\/media\/174655"}],"wp:attachment":[{"href":"https:\/\/marktxxl.de\/markt\/wp-json\/wp\/v2\/media?parent=174654"}],"wp:term":[{"taxonomy":"product_brand","embeddable":true,"href":"https:\/\/marktxxl.de\/markt\/wp-json\/wp\/v2\/product_brand?post=174654"},{"taxonomy":"product_cat","embeddable":true,"href":"https:\/\/marktxxl.de\/markt\/wp-json\/wp\/v2\/product_cat?post=174654"},{"taxonomy":"product_tag","embeddable":true,"href":"https:\/\/marktxxl.de\/markt\/wp-json\/wp\/v2\/product_tag?post=174654"}],"curies":[{"name":"wp","href":"https:\/\/api.w.org\/{rel}","templated":true}]}}