{"id":174619,"date":"2022-12-11T06:32:55","date_gmt":"2022-12-11T05:32:55","guid":{"rendered":"https:\/\/marktxxl.de\/markt\/produkt\/fkl-deckenleuchte-deckenlampe-kinderleuchte-kinderlampe-leuchte-lampe-mehrfarbig-stern-metall-230v-299-300-g3\/"},"modified":"2023-04-11T05:03:13","modified_gmt":"2023-04-11T03:03:13","slug":"fkl-deckenleuchte-deckenlampe-kinderleuchte-kinderlampe-leuchte-lampe-mehrfarbig-stern-metall-230v-299-300-g3","status":"publish","type":"product","link":"https:\/\/marktxxl.de\/markt\/produkt\/fkl-deckenleuchte-deckenlampe-kinderleuchte-kinderlampe-leuchte-lampe-mehrfarbig-stern-metall-230v-299-300-g3\/","title":{"rendered":"FKL DESIGN Home Deco Deckenleuchte Kinderlampe Stern f\u00fcr Kinderzimmer Jugendzimmer Kinderzimmerlampe Deckenlampe f\u00fcr\u2026"},"content":{"rendered":"<p>Material: Metall, Gestellfarbe: Wei\u00df, Leuchtmittel: nicht enthalten.<br \/>\nMa\u00dfe der Lampe 299 (cm): H = 27, B = 70, Gestell: D = 30; Ma\u00dfe der Lampe 300 (cm): H = 26, B = 55, Gestell: D = 30.<br \/>\nFassung: Typ: E27 3 x 60W max LED, zwei unabh\u00e4ngige Stromkreise Einschaltung von Gl\u00fchbirnen 2 + 1.<br \/>\nAnschluss: Spannung: 230V, Montage: D\u00fcbel, Dimmer und D\u00fcbel: nicht enthalten.<br \/>\nDie zeitlose Lampe k\u00f6nnen Sie am besten als ideale L\u00f6sung f\u00fcr ein stimmiges Lichtkonzept im privaten Bereich und auch in Hotelzimmern verwenden. Diese helle Leuchten stellen sich besonders im Wohnzimmer sehr gut dar.<br \/>\n<div class=\"main-cross-sell\" data-asin=\"B07H95326F\">\n\n\t<div class=\"WooZone-cross-sell-loader\">\n\t\t<div>\n\t\t\t<div id=\"floatingBarsG\">\n\t\t\t\t<div class=\"blockG\" id=\"rotateG_01\"><\/div>\n\t\t\t\t<div class=\"blockG\" id=\"rotateG_02\"><\/div>\n\t\t\t\t<div class=\"blockG\" id=\"rotateG_03\"><\/div>\n\t\t\t\t<div class=\"blockG\" id=\"rotateG_04\"><\/div>\n\t\t\t\t<div class=\"blockG\" id=\"rotateG_05\"><\/div>\n\t\t\t\t<div class=\"blockG\" id=\"rotateG_06\"><\/div>\n\t\t\t\t<div class=\"blockG\" id=\"rotateG_07\"><\/div>\n\t\t\t\t<div class=\"blockG\" id=\"rotateG_08\"><\/div>\n\t\t\t<\/div>\n\t\t\t<div class=\"WooZone-cross-sell-loader-text\"><\/div>\n\t\t<\/div>\n\t<\/div>\n\n\t\t\n<\/div>\n<div style=\"clear:both;\"><\/div><\/p>\n","protected":false},"excerpt":{"rendered":"<p>Material: Metall, Gestellfarbe: Wei\u00df, Leuchtmittel: nicht enthalten.<br \/>\nMa\u00dfe der Lampe 299 (cm): H = 27, B = 70, Gestell: D = 30; Ma\u00dfe der Lampe 300 (cm): H = 26, B = 55, Gestell: D = 30.<br \/>\nFassung: Typ: E27 3 x 60W max LED, zwei unabh\u00e4ngige Stromkreise Einschaltung von Gl\u00fchbirnen 2 + 1.<\/p>\n","protected":false},"featured_media":174620,"comment_status":"open","ping_status":"closed","template":"","meta":[],"product_brand":[],"product_cat":[2108],"product_tag":[],"class_list":{"0":"post-174619","1":"product","2":"type-product","3":"status-publish","4":"has-post-thumbnail","6":"product_cat-beleuchtung","7":"pa_brand-fkl-design-home-deco","8":"pa_color-schwarz","9":"pa_manufacturer-fkl","10":"pa_size-710-2","11":"pa_warranty-24-monate","13":"first","14":"instock","15":"shipping-taxable","16":"purchasable","17":"product-type-simple","18":"customify-col","19":"product-has-gallery"},"yoast_head":"<!-- This site is optimized with the Yoast SEO plugin v27.4 - https:\/\/yoast.com\/product\/yoast-seo-wordpress\/ -->\n<title>FKL DESIGN Home Deco Deckenleuchte Kinderlampe Stern f\u00fcr Kinderzimmer Jugendzimmer Kinderzimmerlampe Deckenlampe f\u00fcr\u2026 - Markt-XXL<\/title>\n<meta name=\"description\" content=\"Markt-XXL FKL DESIGN Home Deco Deckenleuchte Kinderlampe Stern f\u00fcr Kinderzimmer Jugendzimmer Kinderzimmerlampe Deckenlampe f\u00fcr\u2026\" \/>\n<meta name=\"robots\" content=\"index, follow, max-snippet:-1, max-image-preview:large, max-video-preview:-1\" \/>\n<link rel=\"canonical\" href=\"https:\/\/marktxxl.de\/markt\/produkt\/fkl-deckenleuchte-deckenlampe-kinderleuchte-kinderlampe-leuchte-lampe-mehrfarbig-stern-metall-230v-299-300-g3\/\" \/>\n<meta property=\"og:locale\" content=\"de_DE\" \/>\n<meta property=\"og:type\" content=\"article\" \/>\n<meta property=\"og:title\" content=\"FKL DESIGN Home Deco Deckenleuchte Kinderlampe Stern f\u00fcr Kinderzimmer Jugendzimmer Kinderzimmerlampe Deckenlampe f\u00fcr\u2026 - Markt-XXL\" \/>\n<meta property=\"og:description\" content=\"Markt-XXL FKL DESIGN Home Deco Deckenleuchte Kinderlampe Stern f\u00fcr Kinderzimmer Jugendzimmer Kinderzimmerlampe Deckenlampe f\u00fcr\u2026\" \/>\n<meta property=\"og:url\" content=\"https:\/\/marktxxl.de\/markt\/produkt\/fkl-deckenleuchte-deckenlampe-kinderleuchte-kinderlampe-leuchte-lampe-mehrfarbig-stern-metall-230v-299-300-g3\/\" \/>\n<meta property=\"og:site_name\" content=\"Markt-XXL\" \/>\n<meta property=\"article:modified_time\" content=\"2023-04-11T03:03:13+00:00\" \/>\n<meta property=\"og:image\" content=\"https:\/\/m.media-amazon.com\/images\/I\/31bjeTKyZ1L._SL500_.jpg\" \/>\n\t<meta property=\"og:image:width\" content=\"500\" \/>\n\t<meta property=\"og:image:height\" content=\"340\" \/>\n\t<meta property=\"og:image:type\" content=\"image\/jpeg\" \/>\n<meta name=\"twitter:card\" content=\"summary_large_image\" \/>\n<script type=\"application\/ld+json\" class=\"yoast-schema-graph\">{\"@context\":\"https:\\\/\\\/schema.org\",\"@graph\":[{\"@type\":\"WebPage\",\"@id\":\"https:\\\/\\\/marktxxl.de\\\/markt\\\/produkt\\\/fkl-deckenleuchte-deckenlampe-kinderleuchte-kinderlampe-leuchte-lampe-mehrfarbig-stern-metall-230v-299-300-g3\\\/\",\"url\":\"https:\\\/\\\/marktxxl.de\\\/markt\\\/produkt\\\/fkl-deckenleuchte-deckenlampe-kinderleuchte-kinderlampe-leuchte-lampe-mehrfarbig-stern-metall-230v-299-300-g3\\\/\",\"name\":\"FKL DESIGN Home Deco Deckenleuchte Kinderlampe Stern f\u00fcr Kinderzimmer Jugendzimmer Kinderzimmerlampe Deckenlampe f\u00fcr\u2026 - Markt-XXL\",\"isPartOf\":{\"@id\":\"https:\\\/\\\/marktxxl.de\\\/markt\\\/#website\"},\"primaryImageOfPage\":{\"@id\":\"https:\\\/\\\/marktxxl.de\\\/markt\\\/produkt\\\/fkl-deckenleuchte-deckenlampe-kinderleuchte-kinderlampe-leuchte-lampe-mehrfarbig-stern-metall-230v-299-300-g3\\\/#primaryimage\"},\"image\":{\"@id\":\"https:\\\/\\\/marktxxl.de\\\/markt\\\/produkt\\\/fkl-deckenleuchte-deckenlampe-kinderleuchte-kinderlampe-leuchte-lampe-mehrfarbig-stern-metall-230v-299-300-g3\\\/#primaryimage\"},\"thumbnailUrl\":\"https:\\\/\\\/m.media-amazon.com\\\/images\\\/I\\\/31bjeTKyZ1L._SL500_.jpg\",\"datePublished\":\"2022-12-11T05:32:55+00:00\",\"dateModified\":\"2023-04-11T03:03:13+00:00\",\"description\":\"Markt-XXL FKL DESIGN Home Deco Deckenleuchte Kinderlampe Stern f\u00fcr Kinderzimmer Jugendzimmer Kinderzimmerlampe Deckenlampe f\u00fcr\u2026\",\"breadcrumb\":{\"@id\":\"https:\\\/\\\/marktxxl.de\\\/markt\\\/produkt\\\/fkl-deckenleuchte-deckenlampe-kinderleuchte-kinderlampe-leuchte-lampe-mehrfarbig-stern-metall-230v-299-300-g3\\\/#breadcrumb\"},\"inLanguage\":\"de\",\"potentialAction\":[{\"@type\":\"ReadAction\",\"target\":[\"https:\\\/\\\/marktxxl.de\\\/markt\\\/produkt\\\/fkl-deckenleuchte-deckenlampe-kinderleuchte-kinderlampe-leuchte-lampe-mehrfarbig-stern-metall-230v-299-300-g3\\\/\"]}]},{\"@type\":\"ImageObject\",\"inLanguage\":\"de\",\"@id\":\"https:\\\/\\\/marktxxl.de\\\/markt\\\/produkt\\\/fkl-deckenleuchte-deckenlampe-kinderleuchte-kinderlampe-leuchte-lampe-mehrfarbig-stern-metall-230v-299-300-g3\\\/#primaryimage\",\"url\":\"https:\\\/\\\/m.media-amazon.com\\\/images\\\/I\\\/31bjeTKyZ1L._SL500_.jpg\",\"contentUrl\":\"https:\\\/\\\/m.media-amazon.com\\\/images\\\/I\\\/31bjeTKyZ1L._SL500_.jpg\",\"width\":500,\"height\":340},{\"@type\":\"BreadcrumbList\",\"@id\":\"https:\\\/\\\/marktxxl.de\\\/markt\\\/produkt\\\/fkl-deckenleuchte-deckenlampe-kinderleuchte-kinderlampe-leuchte-lampe-mehrfarbig-stern-metall-230v-299-300-g3\\\/#breadcrumb\",\"itemListElement\":[{\"@type\":\"ListItem\",\"position\":1,\"name\":\"Startseite\",\"item\":\"https:\\\/\\\/marktxxl.de\\\/markt\\\/\"},{\"@type\":\"ListItem\",\"position\":2,\"name\":\"Markt\",\"item\":\"https:\\\/\\\/marktxxl.de\\\/markt\\\/\"},{\"@type\":\"ListItem\",\"position\":3,\"name\":\"FKL DESIGN Home Deco Deckenleuchte Kinderlampe Stern f\u00fcr Kinderzimmer Jugendzimmer Kinderzimmerlampe Deckenlampe f\u00fcr\u2026\"}]},{\"@type\":\"WebSite\",\"@id\":\"https:\\\/\\\/marktxxl.de\\\/markt\\\/#website\",\"url\":\"https:\\\/\\\/marktxxl.de\\\/markt\\\/\",\"name\":\"Markt-XXL\",\"description\":\"Ihr Markt Online\",\"publisher\":{\"@id\":\"https:\\\/\\\/marktxxl.de\\\/markt\\\/#organization\"},\"potentialAction\":[{\"@type\":\"SearchAction\",\"target\":{\"@type\":\"EntryPoint\",\"urlTemplate\":\"https:\\\/\\\/marktxxl.de\\\/markt\\\/?s={search_term_string}\"},\"query-input\":{\"@type\":\"PropertyValueSpecification\",\"valueRequired\":true,\"valueName\":\"search_term_string\"}}],\"inLanguage\":\"de\"},{\"@type\":\"Organization\",\"@id\":\"https:\\\/\\\/marktxxl.de\\\/markt\\\/#organization\",\"name\":\"Markt-XXL\",\"url\":\"https:\\\/\\\/marktxxl.de\\\/markt\\\/\",\"logo\":{\"@type\":\"ImageObject\",\"inLanguage\":\"de\",\"@id\":\"https:\\\/\\\/marktxxl.de\\\/markt\\\/#\\\/schema\\\/logo\\\/image\\\/\",\"url\":\"https:\\\/\\\/marktxxl.de\\\/markt\\\/wp-content\\\/uploads\\\/sites\\\/3\\\/2020\\\/12\\\/logo.png\",\"contentUrl\":\"https:\\\/\\\/marktxxl.de\\\/markt\\\/wp-content\\\/uploads\\\/sites\\\/3\\\/2020\\\/12\\\/logo.png\",\"width\":200,\"height\":70,\"caption\":\"Markt-XXL\"},\"image\":{\"@id\":\"https:\\\/\\\/marktxxl.de\\\/markt\\\/#\\\/schema\\\/logo\\\/image\\\/\"}}]}<\/script>\n<!-- \/ Yoast SEO plugin. -->","yoast_head_json":{"title":"FKL DESIGN Home Deco Deckenleuchte Kinderlampe Stern f\u00fcr Kinderzimmer Jugendzimmer Kinderzimmerlampe Deckenlampe f\u00fcr\u2026 - Markt-XXL","description":"Markt-XXL FKL DESIGN Home Deco Deckenleuchte Kinderlampe Stern f\u00fcr Kinderzimmer Jugendzimmer Kinderzimmerlampe Deckenlampe f\u00fcr\u2026","robots":{"index":"index","follow":"follow","max-snippet":"max-snippet:-1","max-image-preview":"max-image-preview:large","max-video-preview":"max-video-preview:-1"},"canonical":"https:\/\/marktxxl.de\/markt\/produkt\/fkl-deckenleuchte-deckenlampe-kinderleuchte-kinderlampe-leuchte-lampe-mehrfarbig-stern-metall-230v-299-300-g3\/","og_locale":"de_DE","og_type":"article","og_title":"FKL DESIGN Home Deco Deckenleuchte Kinderlampe Stern f\u00fcr Kinderzimmer Jugendzimmer Kinderzimmerlampe Deckenlampe f\u00fcr\u2026 - Markt-XXL","og_description":"Markt-XXL FKL DESIGN Home Deco Deckenleuchte Kinderlampe Stern f\u00fcr Kinderzimmer Jugendzimmer Kinderzimmerlampe Deckenlampe f\u00fcr\u2026","og_url":"https:\/\/marktxxl.de\/markt\/produkt\/fkl-deckenleuchte-deckenlampe-kinderleuchte-kinderlampe-leuchte-lampe-mehrfarbig-stern-metall-230v-299-300-g3\/","og_site_name":"Markt-XXL","article_modified_time":"2023-04-11T03:03:13+00:00","og_image":[{"width":500,"height":340,"url":"https:\/\/m.media-amazon.com\/images\/I\/31bjeTKyZ1L._SL500_.jpg","type":"image\/jpeg"}],"twitter_card":"summary_large_image","schema":{"@context":"https:\/\/schema.org","@graph":[{"@type":"WebPage","@id":"https:\/\/marktxxl.de\/markt\/produkt\/fkl-deckenleuchte-deckenlampe-kinderleuchte-kinderlampe-leuchte-lampe-mehrfarbig-stern-metall-230v-299-300-g3\/","url":"https:\/\/marktxxl.de\/markt\/produkt\/fkl-deckenleuchte-deckenlampe-kinderleuchte-kinderlampe-leuchte-lampe-mehrfarbig-stern-metall-230v-299-300-g3\/","name":"FKL DESIGN Home Deco Deckenleuchte Kinderlampe Stern f\u00fcr Kinderzimmer Jugendzimmer Kinderzimmerlampe Deckenlampe f\u00fcr\u2026 - Markt-XXL","isPartOf":{"@id":"https:\/\/marktxxl.de\/markt\/#website"},"primaryImageOfPage":{"@id":"https:\/\/marktxxl.de\/markt\/produkt\/fkl-deckenleuchte-deckenlampe-kinderleuchte-kinderlampe-leuchte-lampe-mehrfarbig-stern-metall-230v-299-300-g3\/#primaryimage"},"image":{"@id":"https:\/\/marktxxl.de\/markt\/produkt\/fkl-deckenleuchte-deckenlampe-kinderleuchte-kinderlampe-leuchte-lampe-mehrfarbig-stern-metall-230v-299-300-g3\/#primaryimage"},"thumbnailUrl":"https:\/\/m.media-amazon.com\/images\/I\/31bjeTKyZ1L._SL500_.jpg","datePublished":"2022-12-11T05:32:55+00:00","dateModified":"2023-04-11T03:03:13+00:00","description":"Markt-XXL FKL DESIGN Home Deco Deckenleuchte Kinderlampe Stern f\u00fcr Kinderzimmer Jugendzimmer Kinderzimmerlampe Deckenlampe f\u00fcr\u2026","breadcrumb":{"@id":"https:\/\/marktxxl.de\/markt\/produkt\/fkl-deckenleuchte-deckenlampe-kinderleuchte-kinderlampe-leuchte-lampe-mehrfarbig-stern-metall-230v-299-300-g3\/#breadcrumb"},"inLanguage":"de","potentialAction":[{"@type":"ReadAction","target":["https:\/\/marktxxl.de\/markt\/produkt\/fkl-deckenleuchte-deckenlampe-kinderleuchte-kinderlampe-leuchte-lampe-mehrfarbig-stern-metall-230v-299-300-g3\/"]}]},{"@type":"ImageObject","inLanguage":"de","@id":"https:\/\/marktxxl.de\/markt\/produkt\/fkl-deckenleuchte-deckenlampe-kinderleuchte-kinderlampe-leuchte-lampe-mehrfarbig-stern-metall-230v-299-300-g3\/#primaryimage","url":"https:\/\/m.media-amazon.com\/images\/I\/31bjeTKyZ1L._SL500_.jpg","contentUrl":"https:\/\/m.media-amazon.com\/images\/I\/31bjeTKyZ1L._SL500_.jpg","width":500,"height":340},{"@type":"BreadcrumbList","@id":"https:\/\/marktxxl.de\/markt\/produkt\/fkl-deckenleuchte-deckenlampe-kinderleuchte-kinderlampe-leuchte-lampe-mehrfarbig-stern-metall-230v-299-300-g3\/#breadcrumb","itemListElement":[{"@type":"ListItem","position":1,"name":"Startseite","item":"https:\/\/marktxxl.de\/markt\/"},{"@type":"ListItem","position":2,"name":"Markt","item":"https:\/\/marktxxl.de\/markt\/"},{"@type":"ListItem","position":3,"name":"FKL DESIGN Home Deco Deckenleuchte Kinderlampe Stern f\u00fcr Kinderzimmer Jugendzimmer Kinderzimmerlampe Deckenlampe f\u00fcr\u2026"}]},{"@type":"WebSite","@id":"https:\/\/marktxxl.de\/markt\/#website","url":"https:\/\/marktxxl.de\/markt\/","name":"Markt-XXL","description":"Ihr Markt Online","publisher":{"@id":"https:\/\/marktxxl.de\/markt\/#organization"},"potentialAction":[{"@type":"SearchAction","target":{"@type":"EntryPoint","urlTemplate":"https:\/\/marktxxl.de\/markt\/?s={search_term_string}"},"query-input":{"@type":"PropertyValueSpecification","valueRequired":true,"valueName":"search_term_string"}}],"inLanguage":"de"},{"@type":"Organization","@id":"https:\/\/marktxxl.de\/markt\/#organization","name":"Markt-XXL","url":"https:\/\/marktxxl.de\/markt\/","logo":{"@type":"ImageObject","inLanguage":"de","@id":"https:\/\/marktxxl.de\/markt\/#\/schema\/logo\/image\/","url":"https:\/\/marktxxl.de\/markt\/wp-content\/uploads\/sites\/3\/2020\/12\/logo.png","contentUrl":"https:\/\/marktxxl.de\/markt\/wp-content\/uploads\/sites\/3\/2020\/12\/logo.png","width":200,"height":70,"caption":"Markt-XXL"},"image":{"@id":"https:\/\/marktxxl.de\/markt\/#\/schema\/logo\/image\/"}}]}},"_links":{"self":[{"href":"https:\/\/marktxxl.de\/markt\/wp-json\/wp\/v2\/product\/174619","targetHints":{"allow":["GET"]}}],"collection":[{"href":"https:\/\/marktxxl.de\/markt\/wp-json\/wp\/v2\/product"}],"about":[{"href":"https:\/\/marktxxl.de\/markt\/wp-json\/wp\/v2\/types\/product"}],"replies":[{"embeddable":true,"href":"https:\/\/marktxxl.de\/markt\/wp-json\/wp\/v2\/comments?post=174619"}],"wp:featuredmedia":[{"embeddable":true,"href":"https:\/\/marktxxl.de\/markt\/wp-json\/wp\/v2\/media\/174620"}],"wp:attachment":[{"href":"https:\/\/marktxxl.de\/markt\/wp-json\/wp\/v2\/media?parent=174619"}],"wp:term":[{"taxonomy":"product_brand","embeddable":true,"href":"https:\/\/marktxxl.de\/markt\/wp-json\/wp\/v2\/product_brand?post=174619"},{"taxonomy":"product_cat","embeddable":true,"href":"https:\/\/marktxxl.de\/markt\/wp-json\/wp\/v2\/product_cat?post=174619"},{"taxonomy":"product_tag","embeddable":true,"href":"https:\/\/marktxxl.de\/markt\/wp-json\/wp\/v2\/product_tag?post=174619"}],"curies":[{"name":"wp","href":"https:\/\/api.w.org\/{rel}","templated":true}]}}