{"id":174529,"date":"2022-12-11T06:29:53","date_gmt":"2022-12-11T05:29:53","guid":{"rendered":"https:\/\/marktxxl.de\/markt\/produkt\/m-rosenfeld-shisha-gabel-stecher-set-mit-phunnel-stopfen-hochwertiges-shisha-set-mit-tabakgabel-lochstecher-phunnel-stopfen-aus-harz-stylischer-aufbewahrungstasche-shisha-zubehoer\/"},"modified":"2023-04-11T05:03:10","modified_gmt":"2023-04-11T03:03:10","slug":"m-rosenfeld-shisha-gabel-stecher-set-mit-phunnel-stopfen-hochwertiges-shisha-set-mit-tabakgabel-lochstecher-phunnel-stopfen-aus-harz-stylischer-aufbewahrungstasche-shisha-zubehoer","status":"publish","type":"product","link":"https:\/\/marktxxl.de\/markt\/produkt\/m-rosenfeld-shisha-gabel-stecher-set-mit-phunnel-stopfen-hochwertiges-shisha-set-mit-tabakgabel-lochstecher-phunnel-stopfen-aus-harz-stylischer-aufbewahrungstasche-shisha-zubehoer\/","title":{"rendered":"M. ROSENFELD Shisha Gabel Stecher Set \u2013 mit Phunnel Stopfen Hochwertiges Shisha Set mit Tabakgabel Lochstecher Phunnel\u2026"},"content":{"rendered":"<p>ALLES WAS DU BRAUCHST &#8211; Nie wieder nach einem Zahnstocher suchen! Bei unserem Wasserpfeife Shisha Set ist wirklich alles dabei, was Du zum Bauen eines perfekten Kopfs ben\u00f6tigst. Im Lieferumfang ist au\u00dferdem eine stylische Aufbewahrungstasche enthalten, sodass du Dein Shisha Gabel + Lochstecher Set sicher verwahren und \u00fcberall hin mitnehmen kannst!<br \/>\nKEINE KLEBRIGEN FINGER MEHR &#8211; Mit der 2-in-1 Shisha Gabel l\u00e4sst sich der Tabak optimal im Phunnel verteilen. Mit ihren feinen Einkerbungen ist die Tabakgabel angenehm griffig und liegt perfekt in der Hand. Mit dem integrierten Shisha Lochstecher kannst Du die Folie nach Deinen Bed\u00fcrfnissen pr\u00e4parieren und die Gr\u00f6\u00dfe der L\u00f6cher selbst bestimmen.<br \/>\nPASST F\u00dcR JEDEN PHUNNEL &#8211; Mit dem Shisha Phunnel Stopfen verschwendest Du nie wieder unn\u00f6tig Tabak! Durch seine spezielle Trichterform passt unser Phunnel-Stopfen auf jeden Phunnel Kopf und verhindert zuverl\u00e4ssig, dass Tabak in das Loch f\u00e4llt und die Bowl oder Rauchs\u00e4ule verschmutzt.<br \/>\nPERFEKTE GR\u00d6SSE &#8211; Tabak Besteck ist solide gebaut und auf eine langlebige Benutzung ausgerichtet. Leicht handliche Gr\u00f6\u00dfe, um den Tabak aus der Dose zu entnehmen. Der Shisha Stopfen misst 2,1 x 4,5 cm und bietet mit seinem edlen Design einen garantierten Hingucker f\u00fcr Deine Shisha!<br \/>\nPURER GENUSS &#8211; Wir von M. Rosenfeld kombinieren Funktionalit\u00e4t mit coolem Design. Bei uns erh\u00e4ltst du erschwingliches Zubeh\u00f6r f\u00fcr Deine Shisha Wasserpfeife in Premiumqualit\u00e4t, ohne dass Du jedes Zubeh\u00f6rteil extra kaufen musst. Kaufe noch heute Dein Phunnelstopfen-Tabakgabel-Set und genie\u00dfe Deine Wasserpfeife vollkommen entspannt!<br \/>\n<div class=\"main-cross-sell\" data-asin=\"B08XMPB9Z3\">\n\n\t<div class=\"WooZone-cross-sell-loader\">\n\t\t<div>\n\t\t\t<div id=\"floatingBarsG\">\n\t\t\t\t<div class=\"blockG\" id=\"rotateG_01\"><\/div>\n\t\t\t\t<div class=\"blockG\" id=\"rotateG_02\"><\/div>\n\t\t\t\t<div class=\"blockG\" id=\"rotateG_03\"><\/div>\n\t\t\t\t<div class=\"blockG\" id=\"rotateG_04\"><\/div>\n\t\t\t\t<div class=\"blockG\" id=\"rotateG_05\"><\/div>\n\t\t\t\t<div class=\"blockG\" id=\"rotateG_06\"><\/div>\n\t\t\t\t<div class=\"blockG\" id=\"rotateG_07\"><\/div>\n\t\t\t\t<div class=\"blockG\" id=\"rotateG_08\"><\/div>\n\t\t\t<\/div>\n\t\t\t<div class=\"WooZone-cross-sell-loader-text\"><\/div>\n\t\t<\/div>\n\t<\/div>\n\n\t\t\n<\/div>\n<div style=\"clear:both;\"><\/div><\/p>\n","protected":false},"excerpt":{"rendered":"<p>ALLES WAS DU BRAUCHST &#8211; Nie wieder nach einem Zahnstocher suchen! Bei unserem Wasserpfeife Shisha Set ist wirklich alles dabei, was Du zum Bauen eines perfekten Kopfs ben\u00f6tigst. Im Lieferumfang ist au\u00dferdem eine stylische Aufbewahrungstasche enthalten, sodass du Dein Shisha Gabel + Lochstecher Set sicher verwahren und \u00fcberall hin mitnehmen kannst!<br \/>\nKEINE KLEBRIGEN FINGER MEHR &#8211; Mit der 2-in-1 Shisha Gabel l\u00e4sst sich der Tabak optimal im Phunnel verteilen. Mit ihren feinen Einkerbungen ist die Tabakgabel angenehm griffig und liegt perfekt in der Hand. Mit dem integrierten Shisha Lochstecher kannst Du die Folie nach Deinen Bed\u00fcrfnissen pr\u00e4parieren und die Gr\u00f6\u00dfe der L\u00f6cher selbst bestimmen.<br \/>\nPASST F\u00dcR JEDEN PHUNNEL &#8211; Mit dem Shisha Phunnel Stopfen verschwendest Du nie wieder unn\u00f6tig Tabak! Durch seine spezielle Trichterform passt unser Phunnel-Stopfen auf jeden Phunnel Kopf und verhindert zuverl\u00e4ssig, dass Tabak in das Loch f\u00e4llt und die Bowl oder Rauchs\u00e4ule verschmutzt.<\/p>\n","protected":false},"featured_media":174530,"comment_status":"open","ping_status":"closed","template":"","meta":[],"product_brand":[],"product_cat":[566,5626],"product_tag":[],"class_list":{"0":"post-174529","1":"product","2":"type-product","3":"status-publish","4":"has-post-thumbnail","6":"product_cat-drogerie-koerperpflege","7":"product_cat-elektronische-zigaretten-shishas-zubehoer","8":"pa_brand-m-rosenfeld","9":"pa_color-shisha-tabakgabel-phunnel-stopfen","10":"pa_manufacturer-m-rosenfeld-germany","12":"first","13":"instock","14":"shipping-taxable","15":"purchasable","16":"product-type-simple","17":"customify-col","18":"product-has-gallery"},"yoast_head":"<!-- This site is optimized with the Yoast SEO plugin v27.4 - https:\/\/yoast.com\/product\/yoast-seo-wordpress\/ -->\n<title>M. ROSENFELD Shisha Gabel Stecher Set \u2013 mit Phunnel Stopfen Hochwertiges Shisha Set mit Tabakgabel Lochstecher Phunnel\u2026 - Markt-XXL<\/title>\n<meta name=\"description\" content=\"Markt-XXL M. ROSENFELD Shisha Gabel Stecher Set \u2013 mit Phunnel Stopfen Hochwertiges Shisha Set mit Tabakgabel Lochstecher Phunnel\u2026\" \/>\n<meta name=\"robots\" content=\"index, follow, max-snippet:-1, max-image-preview:large, max-video-preview:-1\" \/>\n<link rel=\"canonical\" href=\"https:\/\/marktxxl.de\/markt\/produkt\/m-rosenfeld-shisha-gabel-stecher-set-mit-phunnel-stopfen-hochwertiges-shisha-set-mit-tabakgabel-lochstecher-phunnel-stopfen-aus-harz-stylischer-aufbewahrungstasche-shisha-zubehoer\/\" \/>\n<meta property=\"og:locale\" content=\"de_DE\" \/>\n<meta property=\"og:type\" content=\"article\" \/>\n<meta property=\"og:title\" content=\"M. ROSENFELD Shisha Gabel Stecher Set \u2013 mit Phunnel Stopfen Hochwertiges Shisha Set mit Tabakgabel Lochstecher Phunnel\u2026 - Markt-XXL\" \/>\n<meta property=\"og:description\" content=\"Markt-XXL M. ROSENFELD Shisha Gabel Stecher Set \u2013 mit Phunnel Stopfen Hochwertiges Shisha Set mit Tabakgabel Lochstecher Phunnel\u2026\" \/>\n<meta property=\"og:url\" content=\"https:\/\/marktxxl.de\/markt\/produkt\/m-rosenfeld-shisha-gabel-stecher-set-mit-phunnel-stopfen-hochwertiges-shisha-set-mit-tabakgabel-lochstecher-phunnel-stopfen-aus-harz-stylischer-aufbewahrungstasche-shisha-zubehoer\/\" \/>\n<meta property=\"og:site_name\" content=\"Markt-XXL\" \/>\n<meta property=\"article:modified_time\" content=\"2023-04-11T03:03:10+00:00\" \/>\n<meta property=\"og:image\" content=\"https:\/\/m.media-amazon.com\/images\/I\/51wK1F3oLRL._SL500_.jpg\" \/>\n\t<meta property=\"og:image:width\" content=\"375\" \/>\n\t<meta property=\"og:image:height\" content=\"500\" \/>\n\t<meta property=\"og:image:type\" content=\"image\/jpeg\" \/>\n<meta name=\"twitter:card\" content=\"summary_large_image\" \/>\n<meta name=\"twitter:label1\" content=\"Gesch\u00e4tzte Lesezeit\" \/>\n\t<meta name=\"twitter:data1\" content=\"1\u00a0Minute\" \/>\n<script type=\"application\/ld+json\" class=\"yoast-schema-graph\">{\"@context\":\"https:\\\/\\\/schema.org\",\"@graph\":[{\"@type\":\"WebPage\",\"@id\":\"https:\\\/\\\/marktxxl.de\\\/markt\\\/produkt\\\/m-rosenfeld-shisha-gabel-stecher-set-mit-phunnel-stopfen-hochwertiges-shisha-set-mit-tabakgabel-lochstecher-phunnel-stopfen-aus-harz-stylischer-aufbewahrungstasche-shisha-zubehoer\\\/\",\"url\":\"https:\\\/\\\/marktxxl.de\\\/markt\\\/produkt\\\/m-rosenfeld-shisha-gabel-stecher-set-mit-phunnel-stopfen-hochwertiges-shisha-set-mit-tabakgabel-lochstecher-phunnel-stopfen-aus-harz-stylischer-aufbewahrungstasche-shisha-zubehoer\\\/\",\"name\":\"M. ROSENFELD Shisha Gabel Stecher Set \u2013 mit Phunnel Stopfen Hochwertiges Shisha Set mit Tabakgabel Lochstecher Phunnel\u2026 - Markt-XXL\",\"isPartOf\":{\"@id\":\"https:\\\/\\\/marktxxl.de\\\/markt\\\/#website\"},\"primaryImageOfPage\":{\"@id\":\"https:\\\/\\\/marktxxl.de\\\/markt\\\/produkt\\\/m-rosenfeld-shisha-gabel-stecher-set-mit-phunnel-stopfen-hochwertiges-shisha-set-mit-tabakgabel-lochstecher-phunnel-stopfen-aus-harz-stylischer-aufbewahrungstasche-shisha-zubehoer\\\/#primaryimage\"},\"image\":{\"@id\":\"https:\\\/\\\/marktxxl.de\\\/markt\\\/produkt\\\/m-rosenfeld-shisha-gabel-stecher-set-mit-phunnel-stopfen-hochwertiges-shisha-set-mit-tabakgabel-lochstecher-phunnel-stopfen-aus-harz-stylischer-aufbewahrungstasche-shisha-zubehoer\\\/#primaryimage\"},\"thumbnailUrl\":\"https:\\\/\\\/m.media-amazon.com\\\/images\\\/I\\\/51wK1F3oLRL._SL500_.jpg\",\"datePublished\":\"2022-12-11T05:29:53+00:00\",\"dateModified\":\"2023-04-11T03:03:10+00:00\",\"description\":\"Markt-XXL M. ROSENFELD Shisha Gabel Stecher Set \u2013 mit Phunnel Stopfen Hochwertiges Shisha Set mit Tabakgabel Lochstecher Phunnel\u2026\",\"breadcrumb\":{\"@id\":\"https:\\\/\\\/marktxxl.de\\\/markt\\\/produkt\\\/m-rosenfeld-shisha-gabel-stecher-set-mit-phunnel-stopfen-hochwertiges-shisha-set-mit-tabakgabel-lochstecher-phunnel-stopfen-aus-harz-stylischer-aufbewahrungstasche-shisha-zubehoer\\\/#breadcrumb\"},\"inLanguage\":\"de\",\"potentialAction\":[{\"@type\":\"ReadAction\",\"target\":[\"https:\\\/\\\/marktxxl.de\\\/markt\\\/produkt\\\/m-rosenfeld-shisha-gabel-stecher-set-mit-phunnel-stopfen-hochwertiges-shisha-set-mit-tabakgabel-lochstecher-phunnel-stopfen-aus-harz-stylischer-aufbewahrungstasche-shisha-zubehoer\\\/\"]}]},{\"@type\":\"ImageObject\",\"inLanguage\":\"de\",\"@id\":\"https:\\\/\\\/marktxxl.de\\\/markt\\\/produkt\\\/m-rosenfeld-shisha-gabel-stecher-set-mit-phunnel-stopfen-hochwertiges-shisha-set-mit-tabakgabel-lochstecher-phunnel-stopfen-aus-harz-stylischer-aufbewahrungstasche-shisha-zubehoer\\\/#primaryimage\",\"url\":\"https:\\\/\\\/m.media-amazon.com\\\/images\\\/I\\\/51wK1F3oLRL._SL500_.jpg\",\"contentUrl\":\"https:\\\/\\\/m.media-amazon.com\\\/images\\\/I\\\/51wK1F3oLRL._SL500_.jpg\",\"width\":375,\"height\":500},{\"@type\":\"BreadcrumbList\",\"@id\":\"https:\\\/\\\/marktxxl.de\\\/markt\\\/produkt\\\/m-rosenfeld-shisha-gabel-stecher-set-mit-phunnel-stopfen-hochwertiges-shisha-set-mit-tabakgabel-lochstecher-phunnel-stopfen-aus-harz-stylischer-aufbewahrungstasche-shisha-zubehoer\\\/#breadcrumb\",\"itemListElement\":[{\"@type\":\"ListItem\",\"position\":1,\"name\":\"Startseite\",\"item\":\"https:\\\/\\\/marktxxl.de\\\/markt\\\/\"},{\"@type\":\"ListItem\",\"position\":2,\"name\":\"Markt\",\"item\":\"https:\\\/\\\/marktxxl.de\\\/markt\\\/\"},{\"@type\":\"ListItem\",\"position\":3,\"name\":\"M. ROSENFELD Shisha Gabel Stecher Set \u2013 mit Phunnel Stopfen Hochwertiges Shisha Set mit Tabakgabel Lochstecher Phunnel\u2026\"}]},{\"@type\":\"WebSite\",\"@id\":\"https:\\\/\\\/marktxxl.de\\\/markt\\\/#website\",\"url\":\"https:\\\/\\\/marktxxl.de\\\/markt\\\/\",\"name\":\"Markt-XXL\",\"description\":\"Ihr Markt Online\",\"publisher\":{\"@id\":\"https:\\\/\\\/marktxxl.de\\\/markt\\\/#organization\"},\"potentialAction\":[{\"@type\":\"SearchAction\",\"target\":{\"@type\":\"EntryPoint\",\"urlTemplate\":\"https:\\\/\\\/marktxxl.de\\\/markt\\\/?s={search_term_string}\"},\"query-input\":{\"@type\":\"PropertyValueSpecification\",\"valueRequired\":true,\"valueName\":\"search_term_string\"}}],\"inLanguage\":\"de\"},{\"@type\":\"Organization\",\"@id\":\"https:\\\/\\\/marktxxl.de\\\/markt\\\/#organization\",\"name\":\"Markt-XXL\",\"url\":\"https:\\\/\\\/marktxxl.de\\\/markt\\\/\",\"logo\":{\"@type\":\"ImageObject\",\"inLanguage\":\"de\",\"@id\":\"https:\\\/\\\/marktxxl.de\\\/markt\\\/#\\\/schema\\\/logo\\\/image\\\/\",\"url\":\"https:\\\/\\\/marktxxl.de\\\/markt\\\/wp-content\\\/uploads\\\/sites\\\/3\\\/2020\\\/12\\\/logo.png\",\"contentUrl\":\"https:\\\/\\\/marktxxl.de\\\/markt\\\/wp-content\\\/uploads\\\/sites\\\/3\\\/2020\\\/12\\\/logo.png\",\"width\":200,\"height\":70,\"caption\":\"Markt-XXL\"},\"image\":{\"@id\":\"https:\\\/\\\/marktxxl.de\\\/markt\\\/#\\\/schema\\\/logo\\\/image\\\/\"}}]}<\/script>\n<!-- \/ Yoast SEO plugin. -->","yoast_head_json":{"title":"M. ROSENFELD Shisha Gabel Stecher Set \u2013 mit Phunnel Stopfen Hochwertiges Shisha Set mit Tabakgabel Lochstecher Phunnel\u2026 - Markt-XXL","description":"Markt-XXL M. ROSENFELD Shisha Gabel Stecher Set \u2013 mit Phunnel Stopfen Hochwertiges Shisha Set mit Tabakgabel Lochstecher Phunnel\u2026","robots":{"index":"index","follow":"follow","max-snippet":"max-snippet:-1","max-image-preview":"max-image-preview:large","max-video-preview":"max-video-preview:-1"},"canonical":"https:\/\/marktxxl.de\/markt\/produkt\/m-rosenfeld-shisha-gabel-stecher-set-mit-phunnel-stopfen-hochwertiges-shisha-set-mit-tabakgabel-lochstecher-phunnel-stopfen-aus-harz-stylischer-aufbewahrungstasche-shisha-zubehoer\/","og_locale":"de_DE","og_type":"article","og_title":"M. ROSENFELD Shisha Gabel Stecher Set \u2013 mit Phunnel Stopfen Hochwertiges Shisha Set mit Tabakgabel Lochstecher Phunnel\u2026 - Markt-XXL","og_description":"Markt-XXL M. ROSENFELD Shisha Gabel Stecher Set \u2013 mit Phunnel Stopfen Hochwertiges Shisha Set mit Tabakgabel Lochstecher Phunnel\u2026","og_url":"https:\/\/marktxxl.de\/markt\/produkt\/m-rosenfeld-shisha-gabel-stecher-set-mit-phunnel-stopfen-hochwertiges-shisha-set-mit-tabakgabel-lochstecher-phunnel-stopfen-aus-harz-stylischer-aufbewahrungstasche-shisha-zubehoer\/","og_site_name":"Markt-XXL","article_modified_time":"2023-04-11T03:03:10+00:00","og_image":[{"width":375,"height":500,"url":"https:\/\/m.media-amazon.com\/images\/I\/51wK1F3oLRL._SL500_.jpg","type":"image\/jpeg"}],"twitter_card":"summary_large_image","twitter_misc":{"Gesch\u00e4tzte Lesezeit":"1\u00a0Minute"},"schema":{"@context":"https:\/\/schema.org","@graph":[{"@type":"WebPage","@id":"https:\/\/marktxxl.de\/markt\/produkt\/m-rosenfeld-shisha-gabel-stecher-set-mit-phunnel-stopfen-hochwertiges-shisha-set-mit-tabakgabel-lochstecher-phunnel-stopfen-aus-harz-stylischer-aufbewahrungstasche-shisha-zubehoer\/","url":"https:\/\/marktxxl.de\/markt\/produkt\/m-rosenfeld-shisha-gabel-stecher-set-mit-phunnel-stopfen-hochwertiges-shisha-set-mit-tabakgabel-lochstecher-phunnel-stopfen-aus-harz-stylischer-aufbewahrungstasche-shisha-zubehoer\/","name":"M. ROSENFELD Shisha Gabel Stecher Set \u2013 mit Phunnel Stopfen Hochwertiges Shisha Set mit Tabakgabel Lochstecher Phunnel\u2026 - Markt-XXL","isPartOf":{"@id":"https:\/\/marktxxl.de\/markt\/#website"},"primaryImageOfPage":{"@id":"https:\/\/marktxxl.de\/markt\/produkt\/m-rosenfeld-shisha-gabel-stecher-set-mit-phunnel-stopfen-hochwertiges-shisha-set-mit-tabakgabel-lochstecher-phunnel-stopfen-aus-harz-stylischer-aufbewahrungstasche-shisha-zubehoer\/#primaryimage"},"image":{"@id":"https:\/\/marktxxl.de\/markt\/produkt\/m-rosenfeld-shisha-gabel-stecher-set-mit-phunnel-stopfen-hochwertiges-shisha-set-mit-tabakgabel-lochstecher-phunnel-stopfen-aus-harz-stylischer-aufbewahrungstasche-shisha-zubehoer\/#primaryimage"},"thumbnailUrl":"https:\/\/m.media-amazon.com\/images\/I\/51wK1F3oLRL._SL500_.jpg","datePublished":"2022-12-11T05:29:53+00:00","dateModified":"2023-04-11T03:03:10+00:00","description":"Markt-XXL M. ROSENFELD Shisha Gabel Stecher Set \u2013 mit Phunnel Stopfen Hochwertiges Shisha Set mit Tabakgabel Lochstecher Phunnel\u2026","breadcrumb":{"@id":"https:\/\/marktxxl.de\/markt\/produkt\/m-rosenfeld-shisha-gabel-stecher-set-mit-phunnel-stopfen-hochwertiges-shisha-set-mit-tabakgabel-lochstecher-phunnel-stopfen-aus-harz-stylischer-aufbewahrungstasche-shisha-zubehoer\/#breadcrumb"},"inLanguage":"de","potentialAction":[{"@type":"ReadAction","target":["https:\/\/marktxxl.de\/markt\/produkt\/m-rosenfeld-shisha-gabel-stecher-set-mit-phunnel-stopfen-hochwertiges-shisha-set-mit-tabakgabel-lochstecher-phunnel-stopfen-aus-harz-stylischer-aufbewahrungstasche-shisha-zubehoer\/"]}]},{"@type":"ImageObject","inLanguage":"de","@id":"https:\/\/marktxxl.de\/markt\/produkt\/m-rosenfeld-shisha-gabel-stecher-set-mit-phunnel-stopfen-hochwertiges-shisha-set-mit-tabakgabel-lochstecher-phunnel-stopfen-aus-harz-stylischer-aufbewahrungstasche-shisha-zubehoer\/#primaryimage","url":"https:\/\/m.media-amazon.com\/images\/I\/51wK1F3oLRL._SL500_.jpg","contentUrl":"https:\/\/m.media-amazon.com\/images\/I\/51wK1F3oLRL._SL500_.jpg","width":375,"height":500},{"@type":"BreadcrumbList","@id":"https:\/\/marktxxl.de\/markt\/produkt\/m-rosenfeld-shisha-gabel-stecher-set-mit-phunnel-stopfen-hochwertiges-shisha-set-mit-tabakgabel-lochstecher-phunnel-stopfen-aus-harz-stylischer-aufbewahrungstasche-shisha-zubehoer\/#breadcrumb","itemListElement":[{"@type":"ListItem","position":1,"name":"Startseite","item":"https:\/\/marktxxl.de\/markt\/"},{"@type":"ListItem","position":2,"name":"Markt","item":"https:\/\/marktxxl.de\/markt\/"},{"@type":"ListItem","position":3,"name":"M. ROSENFELD Shisha Gabel Stecher Set \u2013 mit Phunnel Stopfen Hochwertiges Shisha Set mit Tabakgabel Lochstecher Phunnel\u2026"}]},{"@type":"WebSite","@id":"https:\/\/marktxxl.de\/markt\/#website","url":"https:\/\/marktxxl.de\/markt\/","name":"Markt-XXL","description":"Ihr Markt Online","publisher":{"@id":"https:\/\/marktxxl.de\/markt\/#organization"},"potentialAction":[{"@type":"SearchAction","target":{"@type":"EntryPoint","urlTemplate":"https:\/\/marktxxl.de\/markt\/?s={search_term_string}"},"query-input":{"@type":"PropertyValueSpecification","valueRequired":true,"valueName":"search_term_string"}}],"inLanguage":"de"},{"@type":"Organization","@id":"https:\/\/marktxxl.de\/markt\/#organization","name":"Markt-XXL","url":"https:\/\/marktxxl.de\/markt\/","logo":{"@type":"ImageObject","inLanguage":"de","@id":"https:\/\/marktxxl.de\/markt\/#\/schema\/logo\/image\/","url":"https:\/\/marktxxl.de\/markt\/wp-content\/uploads\/sites\/3\/2020\/12\/logo.png","contentUrl":"https:\/\/marktxxl.de\/markt\/wp-content\/uploads\/sites\/3\/2020\/12\/logo.png","width":200,"height":70,"caption":"Markt-XXL"},"image":{"@id":"https:\/\/marktxxl.de\/markt\/#\/schema\/logo\/image\/"}}]}},"_links":{"self":[{"href":"https:\/\/marktxxl.de\/markt\/wp-json\/wp\/v2\/product\/174529","targetHints":{"allow":["GET"]}}],"collection":[{"href":"https:\/\/marktxxl.de\/markt\/wp-json\/wp\/v2\/product"}],"about":[{"href":"https:\/\/marktxxl.de\/markt\/wp-json\/wp\/v2\/types\/product"}],"replies":[{"embeddable":true,"href":"https:\/\/marktxxl.de\/markt\/wp-json\/wp\/v2\/comments?post=174529"}],"wp:featuredmedia":[{"embeddable":true,"href":"https:\/\/marktxxl.de\/markt\/wp-json\/wp\/v2\/media\/174530"}],"wp:attachment":[{"href":"https:\/\/marktxxl.de\/markt\/wp-json\/wp\/v2\/media?parent=174529"}],"wp:term":[{"taxonomy":"product_brand","embeddable":true,"href":"https:\/\/marktxxl.de\/markt\/wp-json\/wp\/v2\/product_brand?post=174529"},{"taxonomy":"product_cat","embeddable":true,"href":"https:\/\/marktxxl.de\/markt\/wp-json\/wp\/v2\/product_cat?post=174529"},{"taxonomy":"product_tag","embeddable":true,"href":"https:\/\/marktxxl.de\/markt\/wp-json\/wp\/v2\/product_tag?post=174529"}],"curies":[{"name":"wp","href":"https:\/\/api.w.org\/{rel}","templated":true}]}}