{"id":174512,"date":"2022-12-11T06:27:14","date_gmt":"2022-12-11T05:27:14","guid":{"rendered":"https:\/\/marktxxl.de\/markt\/produkt\/yitenn-schutzhuelle-tasche-huelle-pu-leder-material-fuer-iqos-3-3-duo-und-zubehoer\/"},"modified":"2023-04-11T05:03:10","modified_gmt":"2023-04-11T03:03:10","slug":"yitenn-schutzhuelle-tasche-huelle-pu-leder-material-fuer-iqos-3-3-duo-und-zubehoer","status":"publish","type":"product","link":"https:\/\/marktxxl.de\/markt\/produkt\/yitenn-schutzhuelle-tasche-huelle-pu-leder-material-fuer-iqos-3-3-duo-und-zubehoer\/","title":{"rendered":"YiTenn Schutzh\u00fclle Tasche H\u00fclle PU Leder Material f\u00fcr IQOS 3\/3 Duo und Zubeh\u00f6r (Braun)"},"content":{"rendered":"<p>Hohe Qualit\u00e4t\uff1a Hergestellt aus PU Leder<br \/>\nPraktisches Design \uff1aMagnetische Abdeckung, Einfacher Zugriff auf alle Anschl\u00fcsse, halten Ihren Kit und Ihre Zigarette zusammen<br \/>\nSchutzh\u00fclle: Sch\u00fctzt Ihre Zigarette vor Verschlei\u00df, Kratzern, Flecken und Kratzern. Sto\u00dffest, kratzfest, Fingerabdruck<br \/>\nTragbar : Kompakte Gr\u00f6\u00dfe, geringes Gewicht, einfach zu tragen. Hilft dabei, Ihre elektronische Zigarette beim Reisen, Camping, Wandern usw. Sauber und sicher zu halten<br \/>\nWenn es ein Problem gibt, wenden Sie sich bitte an uns. Wir werden Ihnen innerhalb von 24 Stunden antworten und unser Bestes geben, um Ihr Problem zu l\u00f6sen .Vielen Dank f\u00fcr Ihr Vertrauen!<br \/>\n<div class=\"main-cross-sell\" data-asin=\"B098M9G9Z1\">\n\n\t<div class=\"WooZone-cross-sell-loader\">\n\t\t<div>\n\t\t\t<div id=\"floatingBarsG\">\n\t\t\t\t<div class=\"blockG\" id=\"rotateG_01\"><\/div>\n\t\t\t\t<div class=\"blockG\" id=\"rotateG_02\"><\/div>\n\t\t\t\t<div class=\"blockG\" id=\"rotateG_03\"><\/div>\n\t\t\t\t<div class=\"blockG\" id=\"rotateG_04\"><\/div>\n\t\t\t\t<div class=\"blockG\" id=\"rotateG_05\"><\/div>\n\t\t\t\t<div class=\"blockG\" id=\"rotateG_06\"><\/div>\n\t\t\t\t<div class=\"blockG\" id=\"rotateG_07\"><\/div>\n\t\t\t\t<div class=\"blockG\" id=\"rotateG_08\"><\/div>\n\t\t\t<\/div>\n\t\t\t<div class=\"WooZone-cross-sell-loader-text\"><\/div>\n\t\t<\/div>\n\t<\/div>\n\n\t\t\n<\/div>\n<div style=\"clear:both;\"><\/div><\/p>\n","protected":false},"excerpt":{"rendered":"<p>Hohe Qualit\u00e4t\uff1a Hergestellt aus PU Leder<br \/>\nPraktisches Design \uff1aMagnetische Abdeckung, Einfacher Zugriff auf alle Anschl\u00fcsse, halten Ihren Kit und Ihre Zigarette zusammen<br \/>\nSchutzh\u00fclle: Sch\u00fctzt Ihre Zigarette vor Verschlei\u00df, Kratzern, Flecken und Kratzern. Sto\u00dffest, kratzfest, Fingerabdruck<\/p>\n","protected":false},"featured_media":174513,"comment_status":"open","ping_status":"closed","template":"","meta":[],"product_brand":[],"product_cat":[566,5626],"product_tag":[],"class_list":{"0":"post-174512","1":"product","2":"type-product","3":"status-publish","4":"has-post-thumbnail","6":"product_cat-drogerie-koerperpflege","7":"product_cat-elektronische-zigaretten-shishas-zubehoer","8":"pa_brand-yitenn","9":"pa_manufacturer-yitenn","10":"pa_size-one-size","12":"first","13":"instock","14":"shipping-taxable","15":"purchasable","16":"product-type-simple","17":"customify-col","18":"product-has-gallery"},"yoast_head":"<!-- This site is optimized with the Yoast SEO plugin v27.3 - https:\/\/yoast.com\/product\/yoast-seo-wordpress\/ -->\n<title>YiTenn Schutzh\u00fclle Tasche H\u00fclle PU Leder Material f\u00fcr IQOS 3\/3 Duo und Zubeh\u00f6r (Braun) - Markt-XXL<\/title>\n<meta name=\"description\" content=\"Markt-XXL YiTenn Schutzh\u00fclle Tasche H\u00fclle PU Leder Material f\u00fcr IQOS 3\/3 Duo und Zubeh\u00f6r (Braun)\" \/>\n<meta name=\"robots\" content=\"index, follow, max-snippet:-1, max-image-preview:large, max-video-preview:-1\" \/>\n<link rel=\"canonical\" href=\"https:\/\/marktxxl.de\/markt\/produkt\/yitenn-schutzhuelle-tasche-huelle-pu-leder-material-fuer-iqos-3-3-duo-und-zubehoer\/\" \/>\n<meta property=\"og:locale\" content=\"de_DE\" \/>\n<meta property=\"og:type\" content=\"article\" \/>\n<meta property=\"og:title\" content=\"YiTenn Schutzh\u00fclle Tasche H\u00fclle PU Leder Material f\u00fcr IQOS 3\/3 Duo und Zubeh\u00f6r (Braun) - Markt-XXL\" \/>\n<meta property=\"og:description\" content=\"Markt-XXL YiTenn Schutzh\u00fclle Tasche H\u00fclle PU Leder Material f\u00fcr IQOS 3\/3 Duo und Zubeh\u00f6r (Braun)\" \/>\n<meta property=\"og:url\" content=\"https:\/\/marktxxl.de\/markt\/produkt\/yitenn-schutzhuelle-tasche-huelle-pu-leder-material-fuer-iqos-3-3-duo-und-zubehoer\/\" \/>\n<meta property=\"og:site_name\" content=\"Markt-XXL\" \/>\n<meta property=\"article:modified_time\" content=\"2023-04-11T03:03:10+00:00\" \/>\n<meta property=\"og:image\" content=\"https:\/\/m.media-amazon.com\/images\/I\/41hI7yMjGJL._SL500_.jpg\" \/>\n\t<meta property=\"og:image:width\" content=\"500\" \/>\n\t<meta property=\"og:image:height\" content=\"500\" \/>\n\t<meta property=\"og:image:type\" content=\"image\/jpeg\" \/>\n<meta name=\"twitter:card\" content=\"summary_large_image\" \/>\n<meta name=\"twitter:label1\" content=\"Gesch\u00e4tzte Lesezeit\" \/>\n\t<meta name=\"twitter:data1\" content=\"1\u00a0Minute\" \/>\n<script type=\"application\/ld+json\" class=\"yoast-schema-graph\">{\"@context\":\"https:\\\/\\\/schema.org\",\"@graph\":[{\"@type\":\"WebPage\",\"@id\":\"https:\\\/\\\/marktxxl.de\\\/markt\\\/produkt\\\/yitenn-schutzhuelle-tasche-huelle-pu-leder-material-fuer-iqos-3-3-duo-und-zubehoer\\\/\",\"url\":\"https:\\\/\\\/marktxxl.de\\\/markt\\\/produkt\\\/yitenn-schutzhuelle-tasche-huelle-pu-leder-material-fuer-iqos-3-3-duo-und-zubehoer\\\/\",\"name\":\"YiTenn Schutzh\u00fclle Tasche H\u00fclle PU Leder Material f\u00fcr IQOS 3\\\/3 Duo und Zubeh\u00f6r (Braun) - Markt-XXL\",\"isPartOf\":{\"@id\":\"https:\\\/\\\/marktxxl.de\\\/markt\\\/#website\"},\"primaryImageOfPage\":{\"@id\":\"https:\\\/\\\/marktxxl.de\\\/markt\\\/produkt\\\/yitenn-schutzhuelle-tasche-huelle-pu-leder-material-fuer-iqos-3-3-duo-und-zubehoer\\\/#primaryimage\"},\"image\":{\"@id\":\"https:\\\/\\\/marktxxl.de\\\/markt\\\/produkt\\\/yitenn-schutzhuelle-tasche-huelle-pu-leder-material-fuer-iqos-3-3-duo-und-zubehoer\\\/#primaryimage\"},\"thumbnailUrl\":\"https:\\\/\\\/m.media-amazon.com\\\/images\\\/I\\\/41hI7yMjGJL._SL500_.jpg\",\"datePublished\":\"2022-12-11T05:27:14+00:00\",\"dateModified\":\"2023-04-11T03:03:10+00:00\",\"description\":\"Markt-XXL YiTenn Schutzh\u00fclle Tasche H\u00fclle PU Leder Material f\u00fcr IQOS 3\\\/3 Duo und Zubeh\u00f6r (Braun)\",\"breadcrumb\":{\"@id\":\"https:\\\/\\\/marktxxl.de\\\/markt\\\/produkt\\\/yitenn-schutzhuelle-tasche-huelle-pu-leder-material-fuer-iqos-3-3-duo-und-zubehoer\\\/#breadcrumb\"},\"inLanguage\":\"de\",\"potentialAction\":[{\"@type\":\"ReadAction\",\"target\":[\"https:\\\/\\\/marktxxl.de\\\/markt\\\/produkt\\\/yitenn-schutzhuelle-tasche-huelle-pu-leder-material-fuer-iqos-3-3-duo-und-zubehoer\\\/\"]}]},{\"@type\":\"ImageObject\",\"inLanguage\":\"de\",\"@id\":\"https:\\\/\\\/marktxxl.de\\\/markt\\\/produkt\\\/yitenn-schutzhuelle-tasche-huelle-pu-leder-material-fuer-iqos-3-3-duo-und-zubehoer\\\/#primaryimage\",\"url\":\"https:\\\/\\\/m.media-amazon.com\\\/images\\\/I\\\/41hI7yMjGJL._SL500_.jpg\",\"contentUrl\":\"https:\\\/\\\/m.media-amazon.com\\\/images\\\/I\\\/41hI7yMjGJL._SL500_.jpg\",\"width\":500,\"height\":500},{\"@type\":\"BreadcrumbList\",\"@id\":\"https:\\\/\\\/marktxxl.de\\\/markt\\\/produkt\\\/yitenn-schutzhuelle-tasche-huelle-pu-leder-material-fuer-iqos-3-3-duo-und-zubehoer\\\/#breadcrumb\",\"itemListElement\":[{\"@type\":\"ListItem\",\"position\":1,\"name\":\"Startseite\",\"item\":\"https:\\\/\\\/marktxxl.de\\\/markt\\\/\"},{\"@type\":\"ListItem\",\"position\":2,\"name\":\"Markt\",\"item\":\"https:\\\/\\\/marktxxl.de\\\/markt\\\/\"},{\"@type\":\"ListItem\",\"position\":3,\"name\":\"YiTenn Schutzh\u00fclle Tasche H\u00fclle PU Leder Material f\u00fcr IQOS 3\\\/3 Duo und Zubeh\u00f6r (Braun)\"}]},{\"@type\":\"WebSite\",\"@id\":\"https:\\\/\\\/marktxxl.de\\\/markt\\\/#website\",\"url\":\"https:\\\/\\\/marktxxl.de\\\/markt\\\/\",\"name\":\"Markt-XXL\",\"description\":\"Ihr Markt Online\",\"publisher\":{\"@id\":\"https:\\\/\\\/marktxxl.de\\\/markt\\\/#organization\"},\"potentialAction\":[{\"@type\":\"SearchAction\",\"target\":{\"@type\":\"EntryPoint\",\"urlTemplate\":\"https:\\\/\\\/marktxxl.de\\\/markt\\\/?s={search_term_string}\"},\"query-input\":{\"@type\":\"PropertyValueSpecification\",\"valueRequired\":true,\"valueName\":\"search_term_string\"}}],\"inLanguage\":\"de\"},{\"@type\":\"Organization\",\"@id\":\"https:\\\/\\\/marktxxl.de\\\/markt\\\/#organization\",\"name\":\"Markt-XXL\",\"url\":\"https:\\\/\\\/marktxxl.de\\\/markt\\\/\",\"logo\":{\"@type\":\"ImageObject\",\"inLanguage\":\"de\",\"@id\":\"https:\\\/\\\/marktxxl.de\\\/markt\\\/#\\\/schema\\\/logo\\\/image\\\/\",\"url\":\"https:\\\/\\\/marktxxl.de\\\/markt\\\/wp-content\\\/uploads\\\/sites\\\/3\\\/2020\\\/12\\\/logo.png\",\"contentUrl\":\"https:\\\/\\\/marktxxl.de\\\/markt\\\/wp-content\\\/uploads\\\/sites\\\/3\\\/2020\\\/12\\\/logo.png\",\"width\":200,\"height\":70,\"caption\":\"Markt-XXL\"},\"image\":{\"@id\":\"https:\\\/\\\/marktxxl.de\\\/markt\\\/#\\\/schema\\\/logo\\\/image\\\/\"}}]}<\/script>\n<!-- \/ Yoast SEO plugin. -->","yoast_head_json":{"title":"YiTenn Schutzh\u00fclle Tasche H\u00fclle PU Leder Material f\u00fcr IQOS 3\/3 Duo und Zubeh\u00f6r (Braun) - Markt-XXL","description":"Markt-XXL YiTenn Schutzh\u00fclle Tasche H\u00fclle PU Leder Material f\u00fcr IQOS 3\/3 Duo und Zubeh\u00f6r (Braun)","robots":{"index":"index","follow":"follow","max-snippet":"max-snippet:-1","max-image-preview":"max-image-preview:large","max-video-preview":"max-video-preview:-1"},"canonical":"https:\/\/marktxxl.de\/markt\/produkt\/yitenn-schutzhuelle-tasche-huelle-pu-leder-material-fuer-iqos-3-3-duo-und-zubehoer\/","og_locale":"de_DE","og_type":"article","og_title":"YiTenn Schutzh\u00fclle Tasche H\u00fclle PU Leder Material f\u00fcr IQOS 3\/3 Duo und Zubeh\u00f6r (Braun) - Markt-XXL","og_description":"Markt-XXL YiTenn Schutzh\u00fclle Tasche H\u00fclle PU Leder Material f\u00fcr IQOS 3\/3 Duo und Zubeh\u00f6r (Braun)","og_url":"https:\/\/marktxxl.de\/markt\/produkt\/yitenn-schutzhuelle-tasche-huelle-pu-leder-material-fuer-iqos-3-3-duo-und-zubehoer\/","og_site_name":"Markt-XXL","article_modified_time":"2023-04-11T03:03:10+00:00","og_image":[{"width":500,"height":500,"url":"https:\/\/m.media-amazon.com\/images\/I\/41hI7yMjGJL._SL500_.jpg","type":"image\/jpeg"}],"twitter_card":"summary_large_image","twitter_misc":{"Gesch\u00e4tzte Lesezeit":"1\u00a0Minute"},"schema":{"@context":"https:\/\/schema.org","@graph":[{"@type":"WebPage","@id":"https:\/\/marktxxl.de\/markt\/produkt\/yitenn-schutzhuelle-tasche-huelle-pu-leder-material-fuer-iqos-3-3-duo-und-zubehoer\/","url":"https:\/\/marktxxl.de\/markt\/produkt\/yitenn-schutzhuelle-tasche-huelle-pu-leder-material-fuer-iqos-3-3-duo-und-zubehoer\/","name":"YiTenn Schutzh\u00fclle Tasche H\u00fclle PU Leder Material f\u00fcr IQOS 3\/3 Duo und Zubeh\u00f6r (Braun) - Markt-XXL","isPartOf":{"@id":"https:\/\/marktxxl.de\/markt\/#website"},"primaryImageOfPage":{"@id":"https:\/\/marktxxl.de\/markt\/produkt\/yitenn-schutzhuelle-tasche-huelle-pu-leder-material-fuer-iqos-3-3-duo-und-zubehoer\/#primaryimage"},"image":{"@id":"https:\/\/marktxxl.de\/markt\/produkt\/yitenn-schutzhuelle-tasche-huelle-pu-leder-material-fuer-iqos-3-3-duo-und-zubehoer\/#primaryimage"},"thumbnailUrl":"https:\/\/m.media-amazon.com\/images\/I\/41hI7yMjGJL._SL500_.jpg","datePublished":"2022-12-11T05:27:14+00:00","dateModified":"2023-04-11T03:03:10+00:00","description":"Markt-XXL YiTenn Schutzh\u00fclle Tasche H\u00fclle PU Leder Material f\u00fcr IQOS 3\/3 Duo und Zubeh\u00f6r (Braun)","breadcrumb":{"@id":"https:\/\/marktxxl.de\/markt\/produkt\/yitenn-schutzhuelle-tasche-huelle-pu-leder-material-fuer-iqos-3-3-duo-und-zubehoer\/#breadcrumb"},"inLanguage":"de","potentialAction":[{"@type":"ReadAction","target":["https:\/\/marktxxl.de\/markt\/produkt\/yitenn-schutzhuelle-tasche-huelle-pu-leder-material-fuer-iqos-3-3-duo-und-zubehoer\/"]}]},{"@type":"ImageObject","inLanguage":"de","@id":"https:\/\/marktxxl.de\/markt\/produkt\/yitenn-schutzhuelle-tasche-huelle-pu-leder-material-fuer-iqos-3-3-duo-und-zubehoer\/#primaryimage","url":"https:\/\/m.media-amazon.com\/images\/I\/41hI7yMjGJL._SL500_.jpg","contentUrl":"https:\/\/m.media-amazon.com\/images\/I\/41hI7yMjGJL._SL500_.jpg","width":500,"height":500},{"@type":"BreadcrumbList","@id":"https:\/\/marktxxl.de\/markt\/produkt\/yitenn-schutzhuelle-tasche-huelle-pu-leder-material-fuer-iqos-3-3-duo-und-zubehoer\/#breadcrumb","itemListElement":[{"@type":"ListItem","position":1,"name":"Startseite","item":"https:\/\/marktxxl.de\/markt\/"},{"@type":"ListItem","position":2,"name":"Markt","item":"https:\/\/marktxxl.de\/markt\/"},{"@type":"ListItem","position":3,"name":"YiTenn Schutzh\u00fclle Tasche H\u00fclle PU Leder Material f\u00fcr IQOS 3\/3 Duo und Zubeh\u00f6r (Braun)"}]},{"@type":"WebSite","@id":"https:\/\/marktxxl.de\/markt\/#website","url":"https:\/\/marktxxl.de\/markt\/","name":"Markt-XXL","description":"Ihr Markt Online","publisher":{"@id":"https:\/\/marktxxl.de\/markt\/#organization"},"potentialAction":[{"@type":"SearchAction","target":{"@type":"EntryPoint","urlTemplate":"https:\/\/marktxxl.de\/markt\/?s={search_term_string}"},"query-input":{"@type":"PropertyValueSpecification","valueRequired":true,"valueName":"search_term_string"}}],"inLanguage":"de"},{"@type":"Organization","@id":"https:\/\/marktxxl.de\/markt\/#organization","name":"Markt-XXL","url":"https:\/\/marktxxl.de\/markt\/","logo":{"@type":"ImageObject","inLanguage":"de","@id":"https:\/\/marktxxl.de\/markt\/#\/schema\/logo\/image\/","url":"https:\/\/marktxxl.de\/markt\/wp-content\/uploads\/sites\/3\/2020\/12\/logo.png","contentUrl":"https:\/\/marktxxl.de\/markt\/wp-content\/uploads\/sites\/3\/2020\/12\/logo.png","width":200,"height":70,"caption":"Markt-XXL"},"image":{"@id":"https:\/\/marktxxl.de\/markt\/#\/schema\/logo\/image\/"}}]}},"_links":{"self":[{"href":"https:\/\/marktxxl.de\/markt\/wp-json\/wp\/v2\/product\/174512","targetHints":{"allow":["GET"]}}],"collection":[{"href":"https:\/\/marktxxl.de\/markt\/wp-json\/wp\/v2\/product"}],"about":[{"href":"https:\/\/marktxxl.de\/markt\/wp-json\/wp\/v2\/types\/product"}],"replies":[{"embeddable":true,"href":"https:\/\/marktxxl.de\/markt\/wp-json\/wp\/v2\/comments?post=174512"}],"wp:featuredmedia":[{"embeddable":true,"href":"https:\/\/marktxxl.de\/markt\/wp-json\/wp\/v2\/media\/174513"}],"wp:attachment":[{"href":"https:\/\/marktxxl.de\/markt\/wp-json\/wp\/v2\/media?parent=174512"}],"wp:term":[{"taxonomy":"product_brand","embeddable":true,"href":"https:\/\/marktxxl.de\/markt\/wp-json\/wp\/v2\/product_brand?post=174512"},{"taxonomy":"product_cat","embeddable":true,"href":"https:\/\/marktxxl.de\/markt\/wp-json\/wp\/v2\/product_cat?post=174512"},{"taxonomy":"product_tag","embeddable":true,"href":"https:\/\/marktxxl.de\/markt\/wp-json\/wp\/v2\/product_tag?post=174512"}],"curies":[{"name":"wp","href":"https:\/\/api.w.org\/{rel}","templated":true}]}}