{"id":174348,"date":"2022-12-11T06:19:54","date_gmt":"2022-12-11T05:19:54","guid":{"rendered":"https:\/\/marktxxl.de\/markt\/produkt\/harry-potter-kulturtasche-kosmetiktasche-fur-damen-beauty-case-reisezubehoer\/"},"modified":"2023-04-11T05:03:07","modified_gmt":"2023-04-11T03:03:07","slug":"harry-potter-kulturtasche-kosmetiktasche-fur-damen-beauty-case-reisezubehoer","status":"publish","type":"product","link":"https:\/\/marktxxl.de\/markt\/produkt\/harry-potter-kulturtasche-kosmetiktasche-fur-damen-beauty-case-reisezubehoer\/","title":{"rendered":"Harry Potter Kulturtasche Kosmetiktasche fur Damen Beauty Case Reisezubeh\u00f6r"},"content":{"rendered":"<p>ELEGANTES DESIGN: Unsere Harry Potter Kosmetiktasche fur Damen ist elegant und ger\u00e4umig. Es ist verziert mit goldene Sterne, das ber\u00fchmte Zitat \u201eI Solemnly Swear That I Am Up To No Good\u201c und einen goldfarbenen Rei\u00dfverschluss auf einem samtigen violetten Stoff<br \/>\nELEGANTES DESIGN: Unsere Harry Potter Kosmetiktasche fur Damen ist elegant und ger\u00e4umig. Es ist verziert mit goldene Sterne, das ber\u00fchmte Zitat \u201eI Solemnly Swear That I Am Up To No Good\u201c und einen goldfarbenen Rei\u00dfverschluss auf einem samtigen violetten Stoff<br \/>\nSEHR GER\u00c4UMIG: Diese Kosmetiktasche von Harry Potter halten alle wichtigen Reiseutensilien, von Schaumbad bis zu Grundierung, Rouge, Lippenstift, Make Up Pinsel und was Sie sonst noch mitnehmen m\u00f6chten<br \/>\nPERFEKTES GESCHENK: Diese Beauty Case von Harry Potter eignen sich perfekt als Sch\u00f6nheits Geschenk und als Reise Geschenk f\u00fcr Freunde, Schwestern oder sogar als Geschenk f\u00fcr sich selbst<br \/>\nAUSGEZEICHNETE QUALIT\u00c4T: Alle unsere Harry Potter Make Up Bag sind offiziell lizenziert und aus erstklassigen Stoffen hergestellt. Das macht das Produkt sicher, attraktiv und langlebig, da die Zufriedenheit unserer Kunden an erster Stelle steht<br \/>\nGROSSE: 21 cm (Breite) x 12 cm (H\u00f6he) x 9 cm (Tiefe) (ca.)<br \/>\n<div class=\"main-cross-sell\" data-asin=\"B07P6R53JT\">\n\n\t<div class=\"WooZone-cross-sell-loader\">\n\t\t<div>\n\t\t\t<div id=\"floatingBarsG\">\n\t\t\t\t<div class=\"blockG\" id=\"rotateG_01\"><\/div>\n\t\t\t\t<div class=\"blockG\" id=\"rotateG_02\"><\/div>\n\t\t\t\t<div class=\"blockG\" id=\"rotateG_03\"><\/div>\n\t\t\t\t<div class=\"blockG\" id=\"rotateG_04\"><\/div>\n\t\t\t\t<div class=\"blockG\" id=\"rotateG_05\"><\/div>\n\t\t\t\t<div class=\"blockG\" id=\"rotateG_06\"><\/div>\n\t\t\t\t<div class=\"blockG\" id=\"rotateG_07\"><\/div>\n\t\t\t\t<div class=\"blockG\" id=\"rotateG_08\"><\/div>\n\t\t\t<\/div>\n\t\t\t<div class=\"WooZone-cross-sell-loader-text\"><\/div>\n\t\t<\/div>\n\t<\/div>\n\n\t\t\n<\/div>\n<div style=\"clear:both;\"><\/div><\/p>\n","protected":false},"excerpt":{"rendered":"<p>ELEGANTES DESIGN: Unsere Harry Potter Kosmetiktasche fur Damen ist elegant und ger\u00e4umig. Es ist verziert mit goldene Sterne, das ber\u00fchmte Zitat \u201eI Solemnly Swear That I Am Up To No Good\u201c und einen goldfarbenen Rei\u00dfverschluss auf einem samtigen violetten Stoff<br \/>\nELEGANTES DESIGN: Unsere Harry Potter Kosmetiktasche fur Damen ist elegant und ger\u00e4umig. Es ist verziert mit goldene Sterne, das ber\u00fchmte Zitat \u201eI Solemnly Swear That I Am Up To No Good\u201c und einen goldfarbenen Rei\u00dfverschluss auf einem samtigen violetten Stoff<br \/>\nSEHR GER\u00c4UMIG: Diese Kosmetiktasche von Harry Potter halten alle wichtigen Reiseutensilien, von Schaumbad bis zu Grundierung, Rouge, Lippenstift, Make Up Pinsel und was Sie sonst noch mitnehmen m\u00f6chten<\/p>\n","protected":false},"featured_media":174349,"comment_status":"open","ping_status":"closed","template":"","meta":[],"product_brand":[],"product_cat":[2858,7726],"product_tag":[],"class_list":{"0":"post-174348","1":"product","2":"type-product","3":"status-publish","4":"has-post-thumbnail","6":"product_cat-beauty","7":"product_cat-zubehoer-beauty","8":"pa_brand-harry-potter","9":"pa_color-lila","10":"pa_height-4-724409444-zoll","11":"pa_length-3-543307083-zoll","12":"pa_model-46191","13":"pa_size-einheitsgroesse","14":"pa_weight-0-1543235834-pfund","15":"pa_width-8-267716527-zoll","17":"first","18":"instock","19":"shipping-taxable","20":"purchasable","21":"product-type-simple","22":"customify-col","23":"product-has-gallery"},"yoast_head":"<!-- This site is optimized with the Yoast SEO plugin v27.4 - https:\/\/yoast.com\/product\/yoast-seo-wordpress\/ -->\n<title>Harry Potter Kulturtasche Kosmetiktasche fur Damen Beauty Case Reisezubeh\u00f6r - Markt-XXL<\/title>\n<meta name=\"description\" content=\"Markt-XXL Harry Potter Kulturtasche Kosmetiktasche fur Damen Beauty Case Reisezubeh\u00f6r\" \/>\n<meta name=\"robots\" content=\"index, follow, max-snippet:-1, max-image-preview:large, max-video-preview:-1\" \/>\n<link rel=\"canonical\" href=\"https:\/\/marktxxl.de\/markt\/produkt\/harry-potter-kulturtasche-kosmetiktasche-fur-damen-beauty-case-reisezubehoer\/\" \/>\n<meta property=\"og:locale\" content=\"de_DE\" \/>\n<meta property=\"og:type\" content=\"article\" \/>\n<meta property=\"og:title\" content=\"Harry Potter Kulturtasche Kosmetiktasche fur Damen Beauty Case Reisezubeh\u00f6r - Markt-XXL\" \/>\n<meta property=\"og:description\" content=\"Markt-XXL Harry Potter Kulturtasche Kosmetiktasche fur Damen Beauty Case Reisezubeh\u00f6r\" \/>\n<meta property=\"og:url\" content=\"https:\/\/marktxxl.de\/markt\/produkt\/harry-potter-kulturtasche-kosmetiktasche-fur-damen-beauty-case-reisezubehoer\/\" \/>\n<meta property=\"og:site_name\" content=\"Markt-XXL\" \/>\n<meta property=\"article:modified_time\" content=\"2023-04-11T03:03:07+00:00\" \/>\n<meta property=\"og:image\" content=\"https:\/\/m.media-amazon.com\/images\/I\/41JKovU4EwL._SL500_.jpg\" \/>\n\t<meta property=\"og:image:width\" content=\"500\" \/>\n\t<meta property=\"og:image:height\" content=\"500\" \/>\n\t<meta property=\"og:image:type\" content=\"image\/jpeg\" \/>\n<meta name=\"twitter:card\" content=\"summary_large_image\" \/>\n<meta name=\"twitter:label1\" content=\"Gesch\u00e4tzte Lesezeit\" \/>\n\t<meta name=\"twitter:data1\" content=\"1\u00a0Minute\" \/>\n<script type=\"application\/ld+json\" class=\"yoast-schema-graph\">{\"@context\":\"https:\\\/\\\/schema.org\",\"@graph\":[{\"@type\":\"WebPage\",\"@id\":\"https:\\\/\\\/marktxxl.de\\\/markt\\\/produkt\\\/harry-potter-kulturtasche-kosmetiktasche-fur-damen-beauty-case-reisezubehoer\\\/\",\"url\":\"https:\\\/\\\/marktxxl.de\\\/markt\\\/produkt\\\/harry-potter-kulturtasche-kosmetiktasche-fur-damen-beauty-case-reisezubehoer\\\/\",\"name\":\"Harry Potter Kulturtasche Kosmetiktasche fur Damen Beauty Case Reisezubeh\u00f6r - Markt-XXL\",\"isPartOf\":{\"@id\":\"https:\\\/\\\/marktxxl.de\\\/markt\\\/#website\"},\"primaryImageOfPage\":{\"@id\":\"https:\\\/\\\/marktxxl.de\\\/markt\\\/produkt\\\/harry-potter-kulturtasche-kosmetiktasche-fur-damen-beauty-case-reisezubehoer\\\/#primaryimage\"},\"image\":{\"@id\":\"https:\\\/\\\/marktxxl.de\\\/markt\\\/produkt\\\/harry-potter-kulturtasche-kosmetiktasche-fur-damen-beauty-case-reisezubehoer\\\/#primaryimage\"},\"thumbnailUrl\":\"https:\\\/\\\/m.media-amazon.com\\\/images\\\/I\\\/41JKovU4EwL._SL500_.jpg\",\"datePublished\":\"2022-12-11T05:19:54+00:00\",\"dateModified\":\"2023-04-11T03:03:07+00:00\",\"description\":\"Markt-XXL Harry Potter Kulturtasche Kosmetiktasche fur Damen Beauty Case Reisezubeh\u00f6r\",\"breadcrumb\":{\"@id\":\"https:\\\/\\\/marktxxl.de\\\/markt\\\/produkt\\\/harry-potter-kulturtasche-kosmetiktasche-fur-damen-beauty-case-reisezubehoer\\\/#breadcrumb\"},\"inLanguage\":\"de\",\"potentialAction\":[{\"@type\":\"ReadAction\",\"target\":[\"https:\\\/\\\/marktxxl.de\\\/markt\\\/produkt\\\/harry-potter-kulturtasche-kosmetiktasche-fur-damen-beauty-case-reisezubehoer\\\/\"]}]},{\"@type\":\"ImageObject\",\"inLanguage\":\"de\",\"@id\":\"https:\\\/\\\/marktxxl.de\\\/markt\\\/produkt\\\/harry-potter-kulturtasche-kosmetiktasche-fur-damen-beauty-case-reisezubehoer\\\/#primaryimage\",\"url\":\"https:\\\/\\\/m.media-amazon.com\\\/images\\\/I\\\/41JKovU4EwL._SL500_.jpg\",\"contentUrl\":\"https:\\\/\\\/m.media-amazon.com\\\/images\\\/I\\\/41JKovU4EwL._SL500_.jpg\",\"width\":500,\"height\":500},{\"@type\":\"BreadcrumbList\",\"@id\":\"https:\\\/\\\/marktxxl.de\\\/markt\\\/produkt\\\/harry-potter-kulturtasche-kosmetiktasche-fur-damen-beauty-case-reisezubehoer\\\/#breadcrumb\",\"itemListElement\":[{\"@type\":\"ListItem\",\"position\":1,\"name\":\"Startseite\",\"item\":\"https:\\\/\\\/marktxxl.de\\\/markt\\\/\"},{\"@type\":\"ListItem\",\"position\":2,\"name\":\"Markt\",\"item\":\"https:\\\/\\\/marktxxl.de\\\/markt\\\/\"},{\"@type\":\"ListItem\",\"position\":3,\"name\":\"Harry Potter Kulturtasche Kosmetiktasche fur Damen Beauty Case Reisezubeh\u00f6r\"}]},{\"@type\":\"WebSite\",\"@id\":\"https:\\\/\\\/marktxxl.de\\\/markt\\\/#website\",\"url\":\"https:\\\/\\\/marktxxl.de\\\/markt\\\/\",\"name\":\"Markt-XXL\",\"description\":\"Ihr Markt Online\",\"publisher\":{\"@id\":\"https:\\\/\\\/marktxxl.de\\\/markt\\\/#organization\"},\"potentialAction\":[{\"@type\":\"SearchAction\",\"target\":{\"@type\":\"EntryPoint\",\"urlTemplate\":\"https:\\\/\\\/marktxxl.de\\\/markt\\\/?s={search_term_string}\"},\"query-input\":{\"@type\":\"PropertyValueSpecification\",\"valueRequired\":true,\"valueName\":\"search_term_string\"}}],\"inLanguage\":\"de\"},{\"@type\":\"Organization\",\"@id\":\"https:\\\/\\\/marktxxl.de\\\/markt\\\/#organization\",\"name\":\"Markt-XXL\",\"url\":\"https:\\\/\\\/marktxxl.de\\\/markt\\\/\",\"logo\":{\"@type\":\"ImageObject\",\"inLanguage\":\"de\",\"@id\":\"https:\\\/\\\/marktxxl.de\\\/markt\\\/#\\\/schema\\\/logo\\\/image\\\/\",\"url\":\"https:\\\/\\\/marktxxl.de\\\/markt\\\/wp-content\\\/uploads\\\/sites\\\/3\\\/2020\\\/12\\\/logo.png\",\"contentUrl\":\"https:\\\/\\\/marktxxl.de\\\/markt\\\/wp-content\\\/uploads\\\/sites\\\/3\\\/2020\\\/12\\\/logo.png\",\"width\":200,\"height\":70,\"caption\":\"Markt-XXL\"},\"image\":{\"@id\":\"https:\\\/\\\/marktxxl.de\\\/markt\\\/#\\\/schema\\\/logo\\\/image\\\/\"}}]}<\/script>\n<!-- \/ Yoast SEO plugin. -->","yoast_head_json":{"title":"Harry Potter Kulturtasche Kosmetiktasche fur Damen Beauty Case Reisezubeh\u00f6r - Markt-XXL","description":"Markt-XXL Harry Potter Kulturtasche Kosmetiktasche fur Damen Beauty Case Reisezubeh\u00f6r","robots":{"index":"index","follow":"follow","max-snippet":"max-snippet:-1","max-image-preview":"max-image-preview:large","max-video-preview":"max-video-preview:-1"},"canonical":"https:\/\/marktxxl.de\/markt\/produkt\/harry-potter-kulturtasche-kosmetiktasche-fur-damen-beauty-case-reisezubehoer\/","og_locale":"de_DE","og_type":"article","og_title":"Harry Potter Kulturtasche Kosmetiktasche fur Damen Beauty Case Reisezubeh\u00f6r - Markt-XXL","og_description":"Markt-XXL Harry Potter Kulturtasche Kosmetiktasche fur Damen Beauty Case Reisezubeh\u00f6r","og_url":"https:\/\/marktxxl.de\/markt\/produkt\/harry-potter-kulturtasche-kosmetiktasche-fur-damen-beauty-case-reisezubehoer\/","og_site_name":"Markt-XXL","article_modified_time":"2023-04-11T03:03:07+00:00","og_image":[{"width":500,"height":500,"url":"https:\/\/m.media-amazon.com\/images\/I\/41JKovU4EwL._SL500_.jpg","type":"image\/jpeg"}],"twitter_card":"summary_large_image","twitter_misc":{"Gesch\u00e4tzte Lesezeit":"1\u00a0Minute"},"schema":{"@context":"https:\/\/schema.org","@graph":[{"@type":"WebPage","@id":"https:\/\/marktxxl.de\/markt\/produkt\/harry-potter-kulturtasche-kosmetiktasche-fur-damen-beauty-case-reisezubehoer\/","url":"https:\/\/marktxxl.de\/markt\/produkt\/harry-potter-kulturtasche-kosmetiktasche-fur-damen-beauty-case-reisezubehoer\/","name":"Harry Potter Kulturtasche Kosmetiktasche fur Damen Beauty Case Reisezubeh\u00f6r - Markt-XXL","isPartOf":{"@id":"https:\/\/marktxxl.de\/markt\/#website"},"primaryImageOfPage":{"@id":"https:\/\/marktxxl.de\/markt\/produkt\/harry-potter-kulturtasche-kosmetiktasche-fur-damen-beauty-case-reisezubehoer\/#primaryimage"},"image":{"@id":"https:\/\/marktxxl.de\/markt\/produkt\/harry-potter-kulturtasche-kosmetiktasche-fur-damen-beauty-case-reisezubehoer\/#primaryimage"},"thumbnailUrl":"https:\/\/m.media-amazon.com\/images\/I\/41JKovU4EwL._SL500_.jpg","datePublished":"2022-12-11T05:19:54+00:00","dateModified":"2023-04-11T03:03:07+00:00","description":"Markt-XXL Harry Potter Kulturtasche Kosmetiktasche fur Damen Beauty Case Reisezubeh\u00f6r","breadcrumb":{"@id":"https:\/\/marktxxl.de\/markt\/produkt\/harry-potter-kulturtasche-kosmetiktasche-fur-damen-beauty-case-reisezubehoer\/#breadcrumb"},"inLanguage":"de","potentialAction":[{"@type":"ReadAction","target":["https:\/\/marktxxl.de\/markt\/produkt\/harry-potter-kulturtasche-kosmetiktasche-fur-damen-beauty-case-reisezubehoer\/"]}]},{"@type":"ImageObject","inLanguage":"de","@id":"https:\/\/marktxxl.de\/markt\/produkt\/harry-potter-kulturtasche-kosmetiktasche-fur-damen-beauty-case-reisezubehoer\/#primaryimage","url":"https:\/\/m.media-amazon.com\/images\/I\/41JKovU4EwL._SL500_.jpg","contentUrl":"https:\/\/m.media-amazon.com\/images\/I\/41JKovU4EwL._SL500_.jpg","width":500,"height":500},{"@type":"BreadcrumbList","@id":"https:\/\/marktxxl.de\/markt\/produkt\/harry-potter-kulturtasche-kosmetiktasche-fur-damen-beauty-case-reisezubehoer\/#breadcrumb","itemListElement":[{"@type":"ListItem","position":1,"name":"Startseite","item":"https:\/\/marktxxl.de\/markt\/"},{"@type":"ListItem","position":2,"name":"Markt","item":"https:\/\/marktxxl.de\/markt\/"},{"@type":"ListItem","position":3,"name":"Harry Potter Kulturtasche Kosmetiktasche fur Damen Beauty Case Reisezubeh\u00f6r"}]},{"@type":"WebSite","@id":"https:\/\/marktxxl.de\/markt\/#website","url":"https:\/\/marktxxl.de\/markt\/","name":"Markt-XXL","description":"Ihr Markt Online","publisher":{"@id":"https:\/\/marktxxl.de\/markt\/#organization"},"potentialAction":[{"@type":"SearchAction","target":{"@type":"EntryPoint","urlTemplate":"https:\/\/marktxxl.de\/markt\/?s={search_term_string}"},"query-input":{"@type":"PropertyValueSpecification","valueRequired":true,"valueName":"search_term_string"}}],"inLanguage":"de"},{"@type":"Organization","@id":"https:\/\/marktxxl.de\/markt\/#organization","name":"Markt-XXL","url":"https:\/\/marktxxl.de\/markt\/","logo":{"@type":"ImageObject","inLanguage":"de","@id":"https:\/\/marktxxl.de\/markt\/#\/schema\/logo\/image\/","url":"https:\/\/marktxxl.de\/markt\/wp-content\/uploads\/sites\/3\/2020\/12\/logo.png","contentUrl":"https:\/\/marktxxl.de\/markt\/wp-content\/uploads\/sites\/3\/2020\/12\/logo.png","width":200,"height":70,"caption":"Markt-XXL"},"image":{"@id":"https:\/\/marktxxl.de\/markt\/#\/schema\/logo\/image\/"}}]}},"_links":{"self":[{"href":"https:\/\/marktxxl.de\/markt\/wp-json\/wp\/v2\/product\/174348","targetHints":{"allow":["GET"]}}],"collection":[{"href":"https:\/\/marktxxl.de\/markt\/wp-json\/wp\/v2\/product"}],"about":[{"href":"https:\/\/marktxxl.de\/markt\/wp-json\/wp\/v2\/types\/product"}],"replies":[{"embeddable":true,"href":"https:\/\/marktxxl.de\/markt\/wp-json\/wp\/v2\/comments?post=174348"}],"wp:featuredmedia":[{"embeddable":true,"href":"https:\/\/marktxxl.de\/markt\/wp-json\/wp\/v2\/media\/174349"}],"wp:attachment":[{"href":"https:\/\/marktxxl.de\/markt\/wp-json\/wp\/v2\/media?parent=174348"}],"wp:term":[{"taxonomy":"product_brand","embeddable":true,"href":"https:\/\/marktxxl.de\/markt\/wp-json\/wp\/v2\/product_brand?post=174348"},{"taxonomy":"product_cat","embeddable":true,"href":"https:\/\/marktxxl.de\/markt\/wp-json\/wp\/v2\/product_cat?post=174348"},{"taxonomy":"product_tag","embeddable":true,"href":"https:\/\/marktxxl.de\/markt\/wp-json\/wp\/v2\/product_tag?post=174348"}],"curies":[{"name":"wp","href":"https:\/\/api.w.org\/{rel}","templated":true}]}}