{"id":174340,"date":"2022-12-11T06:19:42","date_gmt":"2022-12-11T05:19:42","guid":{"rendered":"https:\/\/marktxxl.de\/markt\/produkt\/lily-england-schminkspiegel-mit-beleuchtung-2-in-1-vergroessernder-kosmetikspiegel-fuer-frisiertisch-runder-kosmetikspiegel-mit-beleuchtung-durch-led-gratis-taschenspiegel-rosegold\/"},"modified":"2023-04-10T05:13:34","modified_gmt":"2023-04-10T03:13:34","slug":"lily-england-schminkspiegel-mit-beleuchtung-2-in-1-vergroessernder-kosmetikspiegel-fuer-frisiertisch-runder-kosmetikspiegel-mit-beleuchtung-durch-led-gratis-taschenspiegel-rosegold","status":"publish","type":"product","link":"https:\/\/marktxxl.de\/markt\/produkt\/lily-england-schminkspiegel-mit-beleuchtung-2-in-1-vergroessernder-kosmetikspiegel-fuer-frisiertisch-runder-kosmetikspiegel-mit-beleuchtung-durch-led-gratis-taschenspiegel-rosegold\/","title":{"rendered":"Lily England Schminkspiegel mit Beleuchtung- 2-in-1 Vergr\u00f6\u00dfernder Kosmetikspiegel f\u00fcr Frisiertisch &#8211; Runder\u2026"},"content":{"rendered":"<p>PERFEKTES LICHT BEIM SCHMINKEN \u2013 Sorgen Sie sich nicht mehr wegen zu schwachen Lichts, unser Spiegel mit Beleuchtung ist die perfekte L\u00f6sung f\u00fcr tr\u00fcbe Tage. Erzielen Sie verbesserte Schminkergebnisse, egal wie die Lichtverh\u00e4ltnisse sind!<br \/>\n2-IN-1 VERGR\u00d6SSERUNGSSPIEGEL \u2013 Der um 360\u00b0 drehbare Kosmetikspiegel mit Beleuchtung l\u00e4sst Sie m\u00fchelos zwischen 1-facher und 5-facher Vergr\u00f6\u00dferung wechseln, sei es zum Schminken, Augenbrauen Zupfen oder um Ihre Kontaktlinsen zu entfernen.<br \/>\nH\u00dcBSCH UND TRANSPORTABEL \u2013 Unser LED Spiegel ist kabellos und batteriebetrieben*, so kann der Tischspiegel einfach zwischen Frisiertisch und Badezimmer wechseln, UND Sie bekommen noch einen passenden Taschenspiegel zum Mitnehmen!<br \/>\nELEGANTER SCHMINKSPIEGEL MIT LICHT \u2013 Unser Vergr\u00f6\u00dferungsspiegel mit Licht in pr\u00e4chtigem Ros\u00e9gold ist die perfekte Erg\u00e4nzung zu Ihrem Frisiertisch \u2013 sowohl schick als auch praktisch! Im Lieferumfang ist eine elegante Dose enthalten \u2013 ein sch\u00f6nes Geschenk f\u00fcr alle Kosmetikbegeisterten.<br \/>\n365 TAGE GARANTIE \u2013 Kaufen mit Vertrauen. Wenn Sie nicht v\u00f6llig von Ihrem Lily England Spiegel mit Licht f\u00fcr Ihr Makeup begeistert sein sollten, gew\u00e4hren wir vollst\u00e4ndige Erstattung oder Ersatz. Wir stehen zu unseren Produkten, da wir von ihrer Qualit\u00e4t und Haltbarkeit \u00fcberzeugt sind<br \/>\n<div class=\"main-cross-sell\" data-asin=\"B08YGLVFF3\">\n\n\t<div class=\"WooZone-cross-sell-loader\">\n\t\t<div>\n\t\t\t<div id=\"floatingBarsG\">\n\t\t\t\t<div class=\"blockG\" id=\"rotateG_01\"><\/div>\n\t\t\t\t<div class=\"blockG\" id=\"rotateG_02\"><\/div>\n\t\t\t\t<div class=\"blockG\" id=\"rotateG_03\"><\/div>\n\t\t\t\t<div class=\"blockG\" id=\"rotateG_04\"><\/div>\n\t\t\t\t<div class=\"blockG\" id=\"rotateG_05\"><\/div>\n\t\t\t\t<div class=\"blockG\" id=\"rotateG_06\"><\/div>\n\t\t\t\t<div class=\"blockG\" id=\"rotateG_07\"><\/div>\n\t\t\t\t<div class=\"blockG\" id=\"rotateG_08\"><\/div>\n\t\t\t<\/div>\n\t\t\t<div class=\"WooZone-cross-sell-loader-text\"><\/div>\n\t\t<\/div>\n\t<\/div>\n\n\t\t\n<\/div>\n<div style=\"clear:both;\"><\/div><\/p>\n","protected":false},"excerpt":{"rendered":"<p>PERFEKTES LICHT BEIM SCHMINKEN \u2013 Sorgen Sie sich nicht mehr wegen zu schwachen Lichts, unser Spiegel mit Beleuchtung ist die perfekte L\u00f6sung f\u00fcr tr\u00fcbe Tage. Erzielen Sie verbesserte Schminkergebnisse, egal wie die Lichtverh\u00e4ltnisse sind!<br \/>\n2-IN-1 VERGR\u00d6SSERUNGSSPIEGEL \u2013 Der um 360\u00b0 drehbare Kosmetikspiegel mit Beleuchtung l\u00e4sst Sie m\u00fchelos zwischen 1-facher und 5-facher Vergr\u00f6\u00dferung wechseln, sei es zum Schminken, Augenbrauen Zupfen oder um Ihre Kontaktlinsen zu entfernen.<br \/>\nH\u00dcBSCH UND TRANSPORTABEL \u2013 Unser LED Spiegel ist kabellos und batteriebetrieben*, so kann der Tischspiegel einfach zwischen Frisiertisch und Badezimmer wechseln, UND Sie bekommen noch einen passenden Taschenspiegel zum Mitnehmen!<\/p>\n","protected":false},"featured_media":174341,"comment_status":"open","ping_status":"closed","template":"","meta":[],"product_brand":[],"product_cat":[2858,7726],"product_tag":[],"class_list":{"0":"post-174340","1":"product","2":"type-product","3":"status-publish","4":"has-post-thumbnail","6":"product_cat-beauty","7":"product_cat-zubehoer-beauty","8":"pa_brand-lily-england","9":"pa_color-rose-gold","10":"pa_height-0-00393700787-zoll","11":"pa_languages-unbekannt-englisch","12":"pa_length-12-598425184-zoll","13":"pa_manufacturer-lily-england","14":"pa_model-le-rgmm-ww","15":"pa_weight-2-0062065842-pfund","16":"pa_width-8-267716527-zoll","18":"first","19":"instock","20":"shipping-taxable","21":"purchasable","22":"product-type-simple","23":"customify-col","24":"product-has-gallery"},"yoast_head":"<!-- This site is optimized with the Yoast SEO plugin v27.4 - https:\/\/yoast.com\/product\/yoast-seo-wordpress\/ -->\n<title>Lily England Schminkspiegel mit Beleuchtung- 2-in-1 Vergr\u00f6\u00dfernder Kosmetikspiegel f\u00fcr Frisiertisch - Runder\u2026 - Markt-XXL<\/title>\n<meta name=\"description\" content=\"Markt-XXL Lily England Schminkspiegel mit Beleuchtung- 2-in-1 Vergr\u00f6\u00dfernder Kosmetikspiegel f\u00fcr Frisiertisch - Runder\u2026\" \/>\n<meta name=\"robots\" content=\"index, follow, max-snippet:-1, max-image-preview:large, max-video-preview:-1\" \/>\n<link rel=\"canonical\" href=\"https:\/\/marktxxl.de\/markt\/produkt\/lily-england-schminkspiegel-mit-beleuchtung-2-in-1-vergroessernder-kosmetikspiegel-fuer-frisiertisch-runder-kosmetikspiegel-mit-beleuchtung-durch-led-gratis-taschenspiegel-rosegold\/\" \/>\n<meta property=\"og:locale\" content=\"de_DE\" \/>\n<meta property=\"og:type\" content=\"article\" \/>\n<meta property=\"og:title\" content=\"Lily England Schminkspiegel mit Beleuchtung- 2-in-1 Vergr\u00f6\u00dfernder Kosmetikspiegel f\u00fcr Frisiertisch - Runder\u2026 - Markt-XXL\" \/>\n<meta property=\"og:description\" content=\"Markt-XXL Lily England Schminkspiegel mit Beleuchtung- 2-in-1 Vergr\u00f6\u00dfernder Kosmetikspiegel f\u00fcr Frisiertisch - Runder\u2026\" \/>\n<meta property=\"og:url\" content=\"https:\/\/marktxxl.de\/markt\/produkt\/lily-england-schminkspiegel-mit-beleuchtung-2-in-1-vergroessernder-kosmetikspiegel-fuer-frisiertisch-runder-kosmetikspiegel-mit-beleuchtung-durch-led-gratis-taschenspiegel-rosegold\/\" \/>\n<meta property=\"og:site_name\" content=\"Markt-XXL\" \/>\n<meta property=\"article:modified_time\" content=\"2023-04-10T03:13:34+00:00\" \/>\n<meta property=\"og:image\" content=\"https:\/\/m.media-amazon.com\/images\/I\/51Vbe3V9R1L._SL500_.jpg\" \/>\n\t<meta property=\"og:image:width\" content=\"500\" \/>\n\t<meta property=\"og:image:height\" content=\"500\" \/>\n\t<meta property=\"og:image:type\" content=\"image\/jpeg\" \/>\n<meta name=\"twitter:card\" content=\"summary_large_image\" \/>\n<meta name=\"twitter:label1\" content=\"Gesch\u00e4tzte Lesezeit\" \/>\n\t<meta name=\"twitter:data1\" content=\"1\u00a0Minute\" \/>\n<script type=\"application\/ld+json\" class=\"yoast-schema-graph\">{\"@context\":\"https:\\\/\\\/schema.org\",\"@graph\":[{\"@type\":\"WebPage\",\"@id\":\"https:\\\/\\\/marktxxl.de\\\/markt\\\/produkt\\\/lily-england-schminkspiegel-mit-beleuchtung-2-in-1-vergroessernder-kosmetikspiegel-fuer-frisiertisch-runder-kosmetikspiegel-mit-beleuchtung-durch-led-gratis-taschenspiegel-rosegold\\\/\",\"url\":\"https:\\\/\\\/marktxxl.de\\\/markt\\\/produkt\\\/lily-england-schminkspiegel-mit-beleuchtung-2-in-1-vergroessernder-kosmetikspiegel-fuer-frisiertisch-runder-kosmetikspiegel-mit-beleuchtung-durch-led-gratis-taschenspiegel-rosegold\\\/\",\"name\":\"Lily England Schminkspiegel mit Beleuchtung- 2-in-1 Vergr\u00f6\u00dfernder Kosmetikspiegel f\u00fcr Frisiertisch - Runder\u2026 - Markt-XXL\",\"isPartOf\":{\"@id\":\"https:\\\/\\\/marktxxl.de\\\/markt\\\/#website\"},\"primaryImageOfPage\":{\"@id\":\"https:\\\/\\\/marktxxl.de\\\/markt\\\/produkt\\\/lily-england-schminkspiegel-mit-beleuchtung-2-in-1-vergroessernder-kosmetikspiegel-fuer-frisiertisch-runder-kosmetikspiegel-mit-beleuchtung-durch-led-gratis-taschenspiegel-rosegold\\\/#primaryimage\"},\"image\":{\"@id\":\"https:\\\/\\\/marktxxl.de\\\/markt\\\/produkt\\\/lily-england-schminkspiegel-mit-beleuchtung-2-in-1-vergroessernder-kosmetikspiegel-fuer-frisiertisch-runder-kosmetikspiegel-mit-beleuchtung-durch-led-gratis-taschenspiegel-rosegold\\\/#primaryimage\"},\"thumbnailUrl\":\"https:\\\/\\\/m.media-amazon.com\\\/images\\\/I\\\/51Vbe3V9R1L._SL500_.jpg\",\"datePublished\":\"2022-12-11T05:19:42+00:00\",\"dateModified\":\"2023-04-10T03:13:34+00:00\",\"description\":\"Markt-XXL Lily England Schminkspiegel mit Beleuchtung- 2-in-1 Vergr\u00f6\u00dfernder Kosmetikspiegel f\u00fcr Frisiertisch - Runder\u2026\",\"breadcrumb\":{\"@id\":\"https:\\\/\\\/marktxxl.de\\\/markt\\\/produkt\\\/lily-england-schminkspiegel-mit-beleuchtung-2-in-1-vergroessernder-kosmetikspiegel-fuer-frisiertisch-runder-kosmetikspiegel-mit-beleuchtung-durch-led-gratis-taschenspiegel-rosegold\\\/#breadcrumb\"},\"inLanguage\":\"de\",\"potentialAction\":[{\"@type\":\"ReadAction\",\"target\":[\"https:\\\/\\\/marktxxl.de\\\/markt\\\/produkt\\\/lily-england-schminkspiegel-mit-beleuchtung-2-in-1-vergroessernder-kosmetikspiegel-fuer-frisiertisch-runder-kosmetikspiegel-mit-beleuchtung-durch-led-gratis-taschenspiegel-rosegold\\\/\"]}]},{\"@type\":\"ImageObject\",\"inLanguage\":\"de\",\"@id\":\"https:\\\/\\\/marktxxl.de\\\/markt\\\/produkt\\\/lily-england-schminkspiegel-mit-beleuchtung-2-in-1-vergroessernder-kosmetikspiegel-fuer-frisiertisch-runder-kosmetikspiegel-mit-beleuchtung-durch-led-gratis-taschenspiegel-rosegold\\\/#primaryimage\",\"url\":\"https:\\\/\\\/m.media-amazon.com\\\/images\\\/I\\\/51Vbe3V9R1L._SL500_.jpg\",\"contentUrl\":\"https:\\\/\\\/m.media-amazon.com\\\/images\\\/I\\\/51Vbe3V9R1L._SL500_.jpg\",\"width\":500,\"height\":500},{\"@type\":\"BreadcrumbList\",\"@id\":\"https:\\\/\\\/marktxxl.de\\\/markt\\\/produkt\\\/lily-england-schminkspiegel-mit-beleuchtung-2-in-1-vergroessernder-kosmetikspiegel-fuer-frisiertisch-runder-kosmetikspiegel-mit-beleuchtung-durch-led-gratis-taschenspiegel-rosegold\\\/#breadcrumb\",\"itemListElement\":[{\"@type\":\"ListItem\",\"position\":1,\"name\":\"Startseite\",\"item\":\"https:\\\/\\\/marktxxl.de\\\/markt\\\/\"},{\"@type\":\"ListItem\",\"position\":2,\"name\":\"Markt\",\"item\":\"https:\\\/\\\/marktxxl.de\\\/markt\\\/\"},{\"@type\":\"ListItem\",\"position\":3,\"name\":\"Lily England Schminkspiegel mit Beleuchtung- 2-in-1 Vergr\u00f6\u00dfernder Kosmetikspiegel f\u00fcr Frisiertisch &#8211; Runder\u2026\"}]},{\"@type\":\"WebSite\",\"@id\":\"https:\\\/\\\/marktxxl.de\\\/markt\\\/#website\",\"url\":\"https:\\\/\\\/marktxxl.de\\\/markt\\\/\",\"name\":\"Markt-XXL\",\"description\":\"Ihr Markt Online\",\"publisher\":{\"@id\":\"https:\\\/\\\/marktxxl.de\\\/markt\\\/#organization\"},\"potentialAction\":[{\"@type\":\"SearchAction\",\"target\":{\"@type\":\"EntryPoint\",\"urlTemplate\":\"https:\\\/\\\/marktxxl.de\\\/markt\\\/?s={search_term_string}\"},\"query-input\":{\"@type\":\"PropertyValueSpecification\",\"valueRequired\":true,\"valueName\":\"search_term_string\"}}],\"inLanguage\":\"de\"},{\"@type\":\"Organization\",\"@id\":\"https:\\\/\\\/marktxxl.de\\\/markt\\\/#organization\",\"name\":\"Markt-XXL\",\"url\":\"https:\\\/\\\/marktxxl.de\\\/markt\\\/\",\"logo\":{\"@type\":\"ImageObject\",\"inLanguage\":\"de\",\"@id\":\"https:\\\/\\\/marktxxl.de\\\/markt\\\/#\\\/schema\\\/logo\\\/image\\\/\",\"url\":\"https:\\\/\\\/marktxxl.de\\\/markt\\\/wp-content\\\/uploads\\\/sites\\\/3\\\/2020\\\/12\\\/logo.png\",\"contentUrl\":\"https:\\\/\\\/marktxxl.de\\\/markt\\\/wp-content\\\/uploads\\\/sites\\\/3\\\/2020\\\/12\\\/logo.png\",\"width\":200,\"height\":70,\"caption\":\"Markt-XXL\"},\"image\":{\"@id\":\"https:\\\/\\\/marktxxl.de\\\/markt\\\/#\\\/schema\\\/logo\\\/image\\\/\"}}]}<\/script>\n<!-- \/ Yoast SEO plugin. -->","yoast_head_json":{"title":"Lily England Schminkspiegel mit Beleuchtung- 2-in-1 Vergr\u00f6\u00dfernder Kosmetikspiegel f\u00fcr Frisiertisch - Runder\u2026 - Markt-XXL","description":"Markt-XXL Lily England Schminkspiegel mit Beleuchtung- 2-in-1 Vergr\u00f6\u00dfernder Kosmetikspiegel f\u00fcr Frisiertisch - Runder\u2026","robots":{"index":"index","follow":"follow","max-snippet":"max-snippet:-1","max-image-preview":"max-image-preview:large","max-video-preview":"max-video-preview:-1"},"canonical":"https:\/\/marktxxl.de\/markt\/produkt\/lily-england-schminkspiegel-mit-beleuchtung-2-in-1-vergroessernder-kosmetikspiegel-fuer-frisiertisch-runder-kosmetikspiegel-mit-beleuchtung-durch-led-gratis-taschenspiegel-rosegold\/","og_locale":"de_DE","og_type":"article","og_title":"Lily England Schminkspiegel mit Beleuchtung- 2-in-1 Vergr\u00f6\u00dfernder Kosmetikspiegel f\u00fcr Frisiertisch - Runder\u2026 - Markt-XXL","og_description":"Markt-XXL Lily England Schminkspiegel mit Beleuchtung- 2-in-1 Vergr\u00f6\u00dfernder Kosmetikspiegel f\u00fcr Frisiertisch - Runder\u2026","og_url":"https:\/\/marktxxl.de\/markt\/produkt\/lily-england-schminkspiegel-mit-beleuchtung-2-in-1-vergroessernder-kosmetikspiegel-fuer-frisiertisch-runder-kosmetikspiegel-mit-beleuchtung-durch-led-gratis-taschenspiegel-rosegold\/","og_site_name":"Markt-XXL","article_modified_time":"2023-04-10T03:13:34+00:00","og_image":[{"width":500,"height":500,"url":"https:\/\/m.media-amazon.com\/images\/I\/51Vbe3V9R1L._SL500_.jpg","type":"image\/jpeg"}],"twitter_card":"summary_large_image","twitter_misc":{"Gesch\u00e4tzte Lesezeit":"1\u00a0Minute"},"schema":{"@context":"https:\/\/schema.org","@graph":[{"@type":"WebPage","@id":"https:\/\/marktxxl.de\/markt\/produkt\/lily-england-schminkspiegel-mit-beleuchtung-2-in-1-vergroessernder-kosmetikspiegel-fuer-frisiertisch-runder-kosmetikspiegel-mit-beleuchtung-durch-led-gratis-taschenspiegel-rosegold\/","url":"https:\/\/marktxxl.de\/markt\/produkt\/lily-england-schminkspiegel-mit-beleuchtung-2-in-1-vergroessernder-kosmetikspiegel-fuer-frisiertisch-runder-kosmetikspiegel-mit-beleuchtung-durch-led-gratis-taschenspiegel-rosegold\/","name":"Lily England Schminkspiegel mit Beleuchtung- 2-in-1 Vergr\u00f6\u00dfernder Kosmetikspiegel f\u00fcr Frisiertisch - Runder\u2026 - Markt-XXL","isPartOf":{"@id":"https:\/\/marktxxl.de\/markt\/#website"},"primaryImageOfPage":{"@id":"https:\/\/marktxxl.de\/markt\/produkt\/lily-england-schminkspiegel-mit-beleuchtung-2-in-1-vergroessernder-kosmetikspiegel-fuer-frisiertisch-runder-kosmetikspiegel-mit-beleuchtung-durch-led-gratis-taschenspiegel-rosegold\/#primaryimage"},"image":{"@id":"https:\/\/marktxxl.de\/markt\/produkt\/lily-england-schminkspiegel-mit-beleuchtung-2-in-1-vergroessernder-kosmetikspiegel-fuer-frisiertisch-runder-kosmetikspiegel-mit-beleuchtung-durch-led-gratis-taschenspiegel-rosegold\/#primaryimage"},"thumbnailUrl":"https:\/\/m.media-amazon.com\/images\/I\/51Vbe3V9R1L._SL500_.jpg","datePublished":"2022-12-11T05:19:42+00:00","dateModified":"2023-04-10T03:13:34+00:00","description":"Markt-XXL Lily England Schminkspiegel mit Beleuchtung- 2-in-1 Vergr\u00f6\u00dfernder Kosmetikspiegel f\u00fcr Frisiertisch - Runder\u2026","breadcrumb":{"@id":"https:\/\/marktxxl.de\/markt\/produkt\/lily-england-schminkspiegel-mit-beleuchtung-2-in-1-vergroessernder-kosmetikspiegel-fuer-frisiertisch-runder-kosmetikspiegel-mit-beleuchtung-durch-led-gratis-taschenspiegel-rosegold\/#breadcrumb"},"inLanguage":"de","potentialAction":[{"@type":"ReadAction","target":["https:\/\/marktxxl.de\/markt\/produkt\/lily-england-schminkspiegel-mit-beleuchtung-2-in-1-vergroessernder-kosmetikspiegel-fuer-frisiertisch-runder-kosmetikspiegel-mit-beleuchtung-durch-led-gratis-taschenspiegel-rosegold\/"]}]},{"@type":"ImageObject","inLanguage":"de","@id":"https:\/\/marktxxl.de\/markt\/produkt\/lily-england-schminkspiegel-mit-beleuchtung-2-in-1-vergroessernder-kosmetikspiegel-fuer-frisiertisch-runder-kosmetikspiegel-mit-beleuchtung-durch-led-gratis-taschenspiegel-rosegold\/#primaryimage","url":"https:\/\/m.media-amazon.com\/images\/I\/51Vbe3V9R1L._SL500_.jpg","contentUrl":"https:\/\/m.media-amazon.com\/images\/I\/51Vbe3V9R1L._SL500_.jpg","width":500,"height":500},{"@type":"BreadcrumbList","@id":"https:\/\/marktxxl.de\/markt\/produkt\/lily-england-schminkspiegel-mit-beleuchtung-2-in-1-vergroessernder-kosmetikspiegel-fuer-frisiertisch-runder-kosmetikspiegel-mit-beleuchtung-durch-led-gratis-taschenspiegel-rosegold\/#breadcrumb","itemListElement":[{"@type":"ListItem","position":1,"name":"Startseite","item":"https:\/\/marktxxl.de\/markt\/"},{"@type":"ListItem","position":2,"name":"Markt","item":"https:\/\/marktxxl.de\/markt\/"},{"@type":"ListItem","position":3,"name":"Lily England Schminkspiegel mit Beleuchtung- 2-in-1 Vergr\u00f6\u00dfernder Kosmetikspiegel f\u00fcr Frisiertisch &#8211; Runder\u2026"}]},{"@type":"WebSite","@id":"https:\/\/marktxxl.de\/markt\/#website","url":"https:\/\/marktxxl.de\/markt\/","name":"Markt-XXL","description":"Ihr Markt Online","publisher":{"@id":"https:\/\/marktxxl.de\/markt\/#organization"},"potentialAction":[{"@type":"SearchAction","target":{"@type":"EntryPoint","urlTemplate":"https:\/\/marktxxl.de\/markt\/?s={search_term_string}"},"query-input":{"@type":"PropertyValueSpecification","valueRequired":true,"valueName":"search_term_string"}}],"inLanguage":"de"},{"@type":"Organization","@id":"https:\/\/marktxxl.de\/markt\/#organization","name":"Markt-XXL","url":"https:\/\/marktxxl.de\/markt\/","logo":{"@type":"ImageObject","inLanguage":"de","@id":"https:\/\/marktxxl.de\/markt\/#\/schema\/logo\/image\/","url":"https:\/\/marktxxl.de\/markt\/wp-content\/uploads\/sites\/3\/2020\/12\/logo.png","contentUrl":"https:\/\/marktxxl.de\/markt\/wp-content\/uploads\/sites\/3\/2020\/12\/logo.png","width":200,"height":70,"caption":"Markt-XXL"},"image":{"@id":"https:\/\/marktxxl.de\/markt\/#\/schema\/logo\/image\/"}}]}},"_links":{"self":[{"href":"https:\/\/marktxxl.de\/markt\/wp-json\/wp\/v2\/product\/174340","targetHints":{"allow":["GET"]}}],"collection":[{"href":"https:\/\/marktxxl.de\/markt\/wp-json\/wp\/v2\/product"}],"about":[{"href":"https:\/\/marktxxl.de\/markt\/wp-json\/wp\/v2\/types\/product"}],"replies":[{"embeddable":true,"href":"https:\/\/marktxxl.de\/markt\/wp-json\/wp\/v2\/comments?post=174340"}],"wp:featuredmedia":[{"embeddable":true,"href":"https:\/\/marktxxl.de\/markt\/wp-json\/wp\/v2\/media\/174341"}],"wp:attachment":[{"href":"https:\/\/marktxxl.de\/markt\/wp-json\/wp\/v2\/media?parent=174340"}],"wp:term":[{"taxonomy":"product_brand","embeddable":true,"href":"https:\/\/marktxxl.de\/markt\/wp-json\/wp\/v2\/product_brand?post=174340"},{"taxonomy":"product_cat","embeddable":true,"href":"https:\/\/marktxxl.de\/markt\/wp-json\/wp\/v2\/product_cat?post=174340"},{"taxonomy":"product_tag","embeddable":true,"href":"https:\/\/marktxxl.de\/markt\/wp-json\/wp\/v2\/product_tag?post=174340"}],"curies":[{"name":"wp","href":"https:\/\/api.w.org\/{rel}","templated":true}]}}