{"id":174317,"date":"2022-12-11T06:17:48","date_gmt":"2022-12-11T05:17:48","guid":{"rendered":"https:\/\/marktxxl.de\/markt\/produkt\/harry-potter-make-up-tasche-schmink-pinsel-haarbuerste-damen-kosmetik-set-kulturtasche-maedchen-set-tangle-teezer-haarbuerste-maedchen-kosmetiktasche-klein-geschenke-fuer-maedchen\/"},"modified":"2023-04-10T05:13:34","modified_gmt":"2023-04-10T03:13:34","slug":"harry-potter-make-up-tasche-schmink-pinsel-haarbuerste-damen-kosmetik-set-kulturtasche-maedchen-set-tangle-teezer-haarbuerste-maedchen-kosmetiktasche-klein-geschenke-fuer-maedchen","status":"publish","type":"product","link":"https:\/\/marktxxl.de\/markt\/produkt\/harry-potter-make-up-tasche-schmink-pinsel-haarbuerste-damen-kosmetik-set-kulturtasche-maedchen-set-tangle-teezer-haarbuerste-maedchen-kosmetiktasche-klein-geschenke-fuer-maedchen\/","title":{"rendered":"Harry Potter Make Up Tasche, Schmink Pinsel Haarb\u00fcrste Damen Kosmetik Set, Kulturtasche M\u00e4dchen Set, Tangle Teezer\u2026"},"content":{"rendered":"<p>HARRY POTTER KLEINE KOSMETIKTASCHE UND PINSEL SET &#8212; Alle M\u00e4dchen brauchen ein Beauty Set, um immer dabei zu haben, und wir haben genau das geschaffen, was Sie nicht verzichten k\u00f6nnen. Der Harry Potter Kulturbeutel Pinsel und Haarb\u00fcrste Damen passt ideal in eine Tasche, einen Koffer oder einen Rucksack und ist ein perfektes Geschenk f\u00fcr beste Freunde oder einfach nur um sich selbst zu verw\u00f6hnen.<br \/>\nHARRY POTTER KLEINE KOSMETIKTASCHE UND PINSEL SET &#8212; Alle M\u00e4dchen brauchen ein Beauty Set, um immer dabei zu haben, und wir haben genau das geschaffen, was Sie nicht verzichten k\u00f6nnen. Der Harry Potter Kulturbeutel Pinsel und Haarb\u00fcrste Damen passt ideal in eine Tasche, einen Koffer oder einen Rucksack und ist ein perfektes Geschenk f\u00fcr beste Freunde oder einfach nur um sich selbst zu verw\u00f6hnen.<br \/>\nPINSEL UND KOSMETIKTASCHE DAMEN SET &#8212; Dieses Detangler B\u00fcrste und Brush Set enth\u00e4lt: 1 x Kosmetik Tasche, 1 x Haar B\u00fcrste, 1 x F\u00e4cher-Kontur-Pinsel, 1 x Concealer-Pinsel, 1 x Lidschattenpinsel und 1 x bronzer Pinsel<br \/>\nOFFIZIELLE HARRY POTTER MERCHANDISE &#8212; Auf der Suche nach originale Harry Potter Fanartikel? Dann haben Sie es richtig gefunden! Unsere Kosmetik Set sind Teil der offiziellen Kollektion einer der bekanntesten Film Serien. Bestellen Sie jetzt Ihre eigene und Sie werden nicht entt\u00e4uscht sein!<br \/>\nTOP QUALIT\u00c4T &#8212; Um die perfekte Make-up Pinsel und Hair Brush Tasche zu kreieren, haben wir das wichtigste Makeup Pinsel Set ausgew\u00e4hlt und es mit einer Haarb\u00fcrste rund und einer stilvollen Kosmetiktasche aus kombiniert. Sowohl die Kosmetiktasche als auch die Pinsel sind im schwarz und gold Design gehalten und den Hogwarts Logo<br \/>\nCOOLE SACHEN F\u00dcR TEENAGER M\u00c4DCHEN &#8212; Das perfekte Geschenkset f\u00fcr alle Harry Potter Fans. Perfektes Geschenk f\u00fcr Ihre Frau, Tochter, Freundin, f\u00fcr einen Geburtstag, f\u00fcr Muttertag oder Weihnachten. Mit dem Kulturbeutel Damen und Kinder ist es auch perfekt, um Beauty Produkte, Make-up Sets, Pinsel und all das Reise Zubeh\u00f6r mitzunehmen, das Sie brauchen.<br \/>\n<div class=\"main-cross-sell\" data-asin=\"B0882JNP7H\">\n\n\t<div class=\"WooZone-cross-sell-loader\">\n\t\t<div>\n\t\t\t<div id=\"floatingBarsG\">\n\t\t\t\t<div class=\"blockG\" id=\"rotateG_01\"><\/div>\n\t\t\t\t<div class=\"blockG\" id=\"rotateG_02\"><\/div>\n\t\t\t\t<div class=\"blockG\" id=\"rotateG_03\"><\/div>\n\t\t\t\t<div class=\"blockG\" id=\"rotateG_04\"><\/div>\n\t\t\t\t<div class=\"blockG\" id=\"rotateG_05\"><\/div>\n\t\t\t\t<div class=\"blockG\" id=\"rotateG_06\"><\/div>\n\t\t\t\t<div class=\"blockG\" id=\"rotateG_07\"><\/div>\n\t\t\t\t<div class=\"blockG\" id=\"rotateG_08\"><\/div>\n\t\t\t<\/div>\n\t\t\t<div class=\"WooZone-cross-sell-loader-text\"><\/div>\n\t\t<\/div>\n\t<\/div>\n\n\t\t\n<\/div>\n<div style=\"clear:both;\"><\/div><\/p>\n","protected":false},"excerpt":{"rendered":"<p>HARRY POTTER KLEINE KOSMETIKTASCHE UND PINSEL SET &#8212; Alle M\u00e4dchen brauchen ein Beauty Set, um immer dabei zu haben, und wir haben genau das geschaffen, was Sie nicht verzichten k\u00f6nnen. Der Harry Potter Kulturbeutel Pinsel und Haarb\u00fcrste Damen passt ideal in eine Tasche, einen Koffer oder einen Rucksack und ist ein perfektes Geschenk f\u00fcr beste Freunde oder einfach nur um sich selbst zu verw\u00f6hnen.<br \/>\nHARRY POTTER KLEINE KOSMETIKTASCHE UND PINSEL SET &#8212; Alle M\u00e4dchen brauchen ein Beauty Set, um immer dabei zu haben, und wir haben genau das geschaffen, was Sie nicht verzichten k\u00f6nnen. Der Harry Potter Kulturbeutel Pinsel und Haarb\u00fcrste Damen passt ideal in eine Tasche, einen Koffer oder einen Rucksack und ist ein perfektes Geschenk f\u00fcr beste Freunde oder einfach nur um sich selbst zu verw\u00f6hnen.<br \/>\nPINSEL UND KOSMETIKTASCHE DAMEN SET &#8212; Dieses Detangler B\u00fcrste und Brush Set enth\u00e4lt: 1 x Kosmetik Tasche, 1 x Haar B\u00fcrste, 1 x F\u00e4cher-Kontur-Pinsel, 1 x Concealer-Pinsel, 1 x Lidschattenpinsel und 1 x bronzer Pinsel<\/p>\n","protected":false},"featured_media":174318,"comment_status":"open","ping_status":"closed","template":"","meta":[],"product_brand":[],"product_cat":[2858,7726],"product_tag":[],"class_list":{"0":"post-174317","1":"product","2":"type-product","3":"status-publish","4":"has-post-thumbnail","6":"product_cat-beauty","7":"product_cat-zubehoer-beauty","8":"pa_brand-harry-potter","9":"pa_color-schwarz","10":"pa_manufacturer-cerda","11":"pa_size-5-stueck-1er-pack","13":"first","14":"instock","15":"shipping-taxable","16":"purchasable","17":"product-type-simple","18":"customify-col","19":"product-has-gallery"},"yoast_head":"<!-- This site is optimized with the Yoast SEO plugin v27.4 - https:\/\/yoast.com\/product\/yoast-seo-wordpress\/ -->\n<title>Harry Potter Make Up Tasche, Schmink Pinsel Haarb\u00fcrste Damen Kosmetik Set, Kulturtasche M\u00e4dchen Set, Tangle Teezer\u2026 - Markt-XXL<\/title>\n<meta name=\"description\" content=\"Markt-XXL Harry Potter Make Up Tasche, Schmink Pinsel Haarb\u00fcrste Damen Kosmetik Set, Kulturtasche M\u00e4dchen Set, Tangle Teezer\u2026\" \/>\n<meta name=\"robots\" content=\"index, follow, max-snippet:-1, max-image-preview:large, max-video-preview:-1\" \/>\n<link rel=\"canonical\" href=\"https:\/\/marktxxl.de\/markt\/produkt\/harry-potter-make-up-tasche-schmink-pinsel-haarbuerste-damen-kosmetik-set-kulturtasche-maedchen-set-tangle-teezer-haarbuerste-maedchen-kosmetiktasche-klein-geschenke-fuer-maedchen\/\" \/>\n<meta property=\"og:locale\" content=\"de_DE\" \/>\n<meta property=\"og:type\" content=\"article\" \/>\n<meta property=\"og:title\" content=\"Harry Potter Make Up Tasche, Schmink Pinsel Haarb\u00fcrste Damen Kosmetik Set, Kulturtasche M\u00e4dchen Set, Tangle Teezer\u2026 - Markt-XXL\" \/>\n<meta property=\"og:description\" content=\"Markt-XXL Harry Potter Make Up Tasche, Schmink Pinsel Haarb\u00fcrste Damen Kosmetik Set, Kulturtasche M\u00e4dchen Set, Tangle Teezer\u2026\" \/>\n<meta property=\"og:url\" content=\"https:\/\/marktxxl.de\/markt\/produkt\/harry-potter-make-up-tasche-schmink-pinsel-haarbuerste-damen-kosmetik-set-kulturtasche-maedchen-set-tangle-teezer-haarbuerste-maedchen-kosmetiktasche-klein-geschenke-fuer-maedchen\/\" \/>\n<meta property=\"og:site_name\" content=\"Markt-XXL\" \/>\n<meta property=\"article:modified_time\" content=\"2023-04-10T03:13:34+00:00\" \/>\n<meta property=\"og:image\" content=\"https:\/\/m.media-amazon.com\/images\/I\/41qGsz4HL4L._SL500_.jpg\" \/>\n\t<meta property=\"og:image:width\" content=\"500\" \/>\n\t<meta property=\"og:image:height\" content=\"409\" \/>\n\t<meta property=\"og:image:type\" content=\"image\/jpeg\" \/>\n<meta name=\"twitter:card\" content=\"summary_large_image\" \/>\n<meta name=\"twitter:label1\" content=\"Gesch\u00e4tzte Lesezeit\" \/>\n\t<meta name=\"twitter:data1\" content=\"2\u00a0Minuten\" \/>\n<script type=\"application\/ld+json\" class=\"yoast-schema-graph\">{\"@context\":\"https:\\\/\\\/schema.org\",\"@graph\":[{\"@type\":\"WebPage\",\"@id\":\"https:\\\/\\\/marktxxl.de\\\/markt\\\/produkt\\\/harry-potter-make-up-tasche-schmink-pinsel-haarbuerste-damen-kosmetik-set-kulturtasche-maedchen-set-tangle-teezer-haarbuerste-maedchen-kosmetiktasche-klein-geschenke-fuer-maedchen\\\/\",\"url\":\"https:\\\/\\\/marktxxl.de\\\/markt\\\/produkt\\\/harry-potter-make-up-tasche-schmink-pinsel-haarbuerste-damen-kosmetik-set-kulturtasche-maedchen-set-tangle-teezer-haarbuerste-maedchen-kosmetiktasche-klein-geschenke-fuer-maedchen\\\/\",\"name\":\"Harry Potter Make Up Tasche, Schmink Pinsel Haarb\u00fcrste Damen Kosmetik Set, Kulturtasche M\u00e4dchen Set, Tangle Teezer\u2026 - Markt-XXL\",\"isPartOf\":{\"@id\":\"https:\\\/\\\/marktxxl.de\\\/markt\\\/#website\"},\"primaryImageOfPage\":{\"@id\":\"https:\\\/\\\/marktxxl.de\\\/markt\\\/produkt\\\/harry-potter-make-up-tasche-schmink-pinsel-haarbuerste-damen-kosmetik-set-kulturtasche-maedchen-set-tangle-teezer-haarbuerste-maedchen-kosmetiktasche-klein-geschenke-fuer-maedchen\\\/#primaryimage\"},\"image\":{\"@id\":\"https:\\\/\\\/marktxxl.de\\\/markt\\\/produkt\\\/harry-potter-make-up-tasche-schmink-pinsel-haarbuerste-damen-kosmetik-set-kulturtasche-maedchen-set-tangle-teezer-haarbuerste-maedchen-kosmetiktasche-klein-geschenke-fuer-maedchen\\\/#primaryimage\"},\"thumbnailUrl\":\"https:\\\/\\\/m.media-amazon.com\\\/images\\\/I\\\/41qGsz4HL4L._SL500_.jpg\",\"datePublished\":\"2022-12-11T05:17:48+00:00\",\"dateModified\":\"2023-04-10T03:13:34+00:00\",\"description\":\"Markt-XXL Harry Potter Make Up Tasche, Schmink Pinsel Haarb\u00fcrste Damen Kosmetik Set, Kulturtasche M\u00e4dchen Set, Tangle Teezer\u2026\",\"breadcrumb\":{\"@id\":\"https:\\\/\\\/marktxxl.de\\\/markt\\\/produkt\\\/harry-potter-make-up-tasche-schmink-pinsel-haarbuerste-damen-kosmetik-set-kulturtasche-maedchen-set-tangle-teezer-haarbuerste-maedchen-kosmetiktasche-klein-geschenke-fuer-maedchen\\\/#breadcrumb\"},\"inLanguage\":\"de\",\"potentialAction\":[{\"@type\":\"ReadAction\",\"target\":[\"https:\\\/\\\/marktxxl.de\\\/markt\\\/produkt\\\/harry-potter-make-up-tasche-schmink-pinsel-haarbuerste-damen-kosmetik-set-kulturtasche-maedchen-set-tangle-teezer-haarbuerste-maedchen-kosmetiktasche-klein-geschenke-fuer-maedchen\\\/\"]}]},{\"@type\":\"ImageObject\",\"inLanguage\":\"de\",\"@id\":\"https:\\\/\\\/marktxxl.de\\\/markt\\\/produkt\\\/harry-potter-make-up-tasche-schmink-pinsel-haarbuerste-damen-kosmetik-set-kulturtasche-maedchen-set-tangle-teezer-haarbuerste-maedchen-kosmetiktasche-klein-geschenke-fuer-maedchen\\\/#primaryimage\",\"url\":\"https:\\\/\\\/m.media-amazon.com\\\/images\\\/I\\\/41qGsz4HL4L._SL500_.jpg\",\"contentUrl\":\"https:\\\/\\\/m.media-amazon.com\\\/images\\\/I\\\/41qGsz4HL4L._SL500_.jpg\",\"width\":500,\"height\":409},{\"@type\":\"BreadcrumbList\",\"@id\":\"https:\\\/\\\/marktxxl.de\\\/markt\\\/produkt\\\/harry-potter-make-up-tasche-schmink-pinsel-haarbuerste-damen-kosmetik-set-kulturtasche-maedchen-set-tangle-teezer-haarbuerste-maedchen-kosmetiktasche-klein-geschenke-fuer-maedchen\\\/#breadcrumb\",\"itemListElement\":[{\"@type\":\"ListItem\",\"position\":1,\"name\":\"Startseite\",\"item\":\"https:\\\/\\\/marktxxl.de\\\/markt\\\/\"},{\"@type\":\"ListItem\",\"position\":2,\"name\":\"Markt\",\"item\":\"https:\\\/\\\/marktxxl.de\\\/markt\\\/\"},{\"@type\":\"ListItem\",\"position\":3,\"name\":\"Harry Potter Make Up Tasche, Schmink Pinsel Haarb\u00fcrste Damen Kosmetik Set, Kulturtasche M\u00e4dchen Set, Tangle Teezer\u2026\"}]},{\"@type\":\"WebSite\",\"@id\":\"https:\\\/\\\/marktxxl.de\\\/markt\\\/#website\",\"url\":\"https:\\\/\\\/marktxxl.de\\\/markt\\\/\",\"name\":\"Markt-XXL\",\"description\":\"Ihr Markt Online\",\"publisher\":{\"@id\":\"https:\\\/\\\/marktxxl.de\\\/markt\\\/#organization\"},\"potentialAction\":[{\"@type\":\"SearchAction\",\"target\":{\"@type\":\"EntryPoint\",\"urlTemplate\":\"https:\\\/\\\/marktxxl.de\\\/markt\\\/?s={search_term_string}\"},\"query-input\":{\"@type\":\"PropertyValueSpecification\",\"valueRequired\":true,\"valueName\":\"search_term_string\"}}],\"inLanguage\":\"de\"},{\"@type\":\"Organization\",\"@id\":\"https:\\\/\\\/marktxxl.de\\\/markt\\\/#organization\",\"name\":\"Markt-XXL\",\"url\":\"https:\\\/\\\/marktxxl.de\\\/markt\\\/\",\"logo\":{\"@type\":\"ImageObject\",\"inLanguage\":\"de\",\"@id\":\"https:\\\/\\\/marktxxl.de\\\/markt\\\/#\\\/schema\\\/logo\\\/image\\\/\",\"url\":\"https:\\\/\\\/marktxxl.de\\\/markt\\\/wp-content\\\/uploads\\\/sites\\\/3\\\/2020\\\/12\\\/logo.png\",\"contentUrl\":\"https:\\\/\\\/marktxxl.de\\\/markt\\\/wp-content\\\/uploads\\\/sites\\\/3\\\/2020\\\/12\\\/logo.png\",\"width\":200,\"height\":70,\"caption\":\"Markt-XXL\"},\"image\":{\"@id\":\"https:\\\/\\\/marktxxl.de\\\/markt\\\/#\\\/schema\\\/logo\\\/image\\\/\"}}]}<\/script>\n<!-- \/ Yoast SEO plugin. -->","yoast_head_json":{"title":"Harry Potter Make Up Tasche, Schmink Pinsel Haarb\u00fcrste Damen Kosmetik Set, Kulturtasche M\u00e4dchen Set, Tangle Teezer\u2026 - Markt-XXL","description":"Markt-XXL Harry Potter Make Up Tasche, Schmink Pinsel Haarb\u00fcrste Damen Kosmetik Set, Kulturtasche M\u00e4dchen Set, Tangle Teezer\u2026","robots":{"index":"index","follow":"follow","max-snippet":"max-snippet:-1","max-image-preview":"max-image-preview:large","max-video-preview":"max-video-preview:-1"},"canonical":"https:\/\/marktxxl.de\/markt\/produkt\/harry-potter-make-up-tasche-schmink-pinsel-haarbuerste-damen-kosmetik-set-kulturtasche-maedchen-set-tangle-teezer-haarbuerste-maedchen-kosmetiktasche-klein-geschenke-fuer-maedchen\/","og_locale":"de_DE","og_type":"article","og_title":"Harry Potter Make Up Tasche, Schmink Pinsel Haarb\u00fcrste Damen Kosmetik Set, Kulturtasche M\u00e4dchen Set, Tangle Teezer\u2026 - Markt-XXL","og_description":"Markt-XXL Harry Potter Make Up Tasche, Schmink Pinsel Haarb\u00fcrste Damen Kosmetik Set, Kulturtasche M\u00e4dchen Set, Tangle Teezer\u2026","og_url":"https:\/\/marktxxl.de\/markt\/produkt\/harry-potter-make-up-tasche-schmink-pinsel-haarbuerste-damen-kosmetik-set-kulturtasche-maedchen-set-tangle-teezer-haarbuerste-maedchen-kosmetiktasche-klein-geschenke-fuer-maedchen\/","og_site_name":"Markt-XXL","article_modified_time":"2023-04-10T03:13:34+00:00","og_image":[{"width":500,"height":409,"url":"https:\/\/m.media-amazon.com\/images\/I\/41qGsz4HL4L._SL500_.jpg","type":"image\/jpeg"}],"twitter_card":"summary_large_image","twitter_misc":{"Gesch\u00e4tzte Lesezeit":"2\u00a0Minuten"},"schema":{"@context":"https:\/\/schema.org","@graph":[{"@type":"WebPage","@id":"https:\/\/marktxxl.de\/markt\/produkt\/harry-potter-make-up-tasche-schmink-pinsel-haarbuerste-damen-kosmetik-set-kulturtasche-maedchen-set-tangle-teezer-haarbuerste-maedchen-kosmetiktasche-klein-geschenke-fuer-maedchen\/","url":"https:\/\/marktxxl.de\/markt\/produkt\/harry-potter-make-up-tasche-schmink-pinsel-haarbuerste-damen-kosmetik-set-kulturtasche-maedchen-set-tangle-teezer-haarbuerste-maedchen-kosmetiktasche-klein-geschenke-fuer-maedchen\/","name":"Harry Potter Make Up Tasche, Schmink Pinsel Haarb\u00fcrste Damen Kosmetik Set, Kulturtasche M\u00e4dchen Set, Tangle Teezer\u2026 - Markt-XXL","isPartOf":{"@id":"https:\/\/marktxxl.de\/markt\/#website"},"primaryImageOfPage":{"@id":"https:\/\/marktxxl.de\/markt\/produkt\/harry-potter-make-up-tasche-schmink-pinsel-haarbuerste-damen-kosmetik-set-kulturtasche-maedchen-set-tangle-teezer-haarbuerste-maedchen-kosmetiktasche-klein-geschenke-fuer-maedchen\/#primaryimage"},"image":{"@id":"https:\/\/marktxxl.de\/markt\/produkt\/harry-potter-make-up-tasche-schmink-pinsel-haarbuerste-damen-kosmetik-set-kulturtasche-maedchen-set-tangle-teezer-haarbuerste-maedchen-kosmetiktasche-klein-geschenke-fuer-maedchen\/#primaryimage"},"thumbnailUrl":"https:\/\/m.media-amazon.com\/images\/I\/41qGsz4HL4L._SL500_.jpg","datePublished":"2022-12-11T05:17:48+00:00","dateModified":"2023-04-10T03:13:34+00:00","description":"Markt-XXL Harry Potter Make Up Tasche, Schmink Pinsel Haarb\u00fcrste Damen Kosmetik Set, Kulturtasche M\u00e4dchen Set, Tangle Teezer\u2026","breadcrumb":{"@id":"https:\/\/marktxxl.de\/markt\/produkt\/harry-potter-make-up-tasche-schmink-pinsel-haarbuerste-damen-kosmetik-set-kulturtasche-maedchen-set-tangle-teezer-haarbuerste-maedchen-kosmetiktasche-klein-geschenke-fuer-maedchen\/#breadcrumb"},"inLanguage":"de","potentialAction":[{"@type":"ReadAction","target":["https:\/\/marktxxl.de\/markt\/produkt\/harry-potter-make-up-tasche-schmink-pinsel-haarbuerste-damen-kosmetik-set-kulturtasche-maedchen-set-tangle-teezer-haarbuerste-maedchen-kosmetiktasche-klein-geschenke-fuer-maedchen\/"]}]},{"@type":"ImageObject","inLanguage":"de","@id":"https:\/\/marktxxl.de\/markt\/produkt\/harry-potter-make-up-tasche-schmink-pinsel-haarbuerste-damen-kosmetik-set-kulturtasche-maedchen-set-tangle-teezer-haarbuerste-maedchen-kosmetiktasche-klein-geschenke-fuer-maedchen\/#primaryimage","url":"https:\/\/m.media-amazon.com\/images\/I\/41qGsz4HL4L._SL500_.jpg","contentUrl":"https:\/\/m.media-amazon.com\/images\/I\/41qGsz4HL4L._SL500_.jpg","width":500,"height":409},{"@type":"BreadcrumbList","@id":"https:\/\/marktxxl.de\/markt\/produkt\/harry-potter-make-up-tasche-schmink-pinsel-haarbuerste-damen-kosmetik-set-kulturtasche-maedchen-set-tangle-teezer-haarbuerste-maedchen-kosmetiktasche-klein-geschenke-fuer-maedchen\/#breadcrumb","itemListElement":[{"@type":"ListItem","position":1,"name":"Startseite","item":"https:\/\/marktxxl.de\/markt\/"},{"@type":"ListItem","position":2,"name":"Markt","item":"https:\/\/marktxxl.de\/markt\/"},{"@type":"ListItem","position":3,"name":"Harry Potter Make Up Tasche, Schmink Pinsel Haarb\u00fcrste Damen Kosmetik Set, Kulturtasche M\u00e4dchen Set, Tangle Teezer\u2026"}]},{"@type":"WebSite","@id":"https:\/\/marktxxl.de\/markt\/#website","url":"https:\/\/marktxxl.de\/markt\/","name":"Markt-XXL","description":"Ihr Markt Online","publisher":{"@id":"https:\/\/marktxxl.de\/markt\/#organization"},"potentialAction":[{"@type":"SearchAction","target":{"@type":"EntryPoint","urlTemplate":"https:\/\/marktxxl.de\/markt\/?s={search_term_string}"},"query-input":{"@type":"PropertyValueSpecification","valueRequired":true,"valueName":"search_term_string"}}],"inLanguage":"de"},{"@type":"Organization","@id":"https:\/\/marktxxl.de\/markt\/#organization","name":"Markt-XXL","url":"https:\/\/marktxxl.de\/markt\/","logo":{"@type":"ImageObject","inLanguage":"de","@id":"https:\/\/marktxxl.de\/markt\/#\/schema\/logo\/image\/","url":"https:\/\/marktxxl.de\/markt\/wp-content\/uploads\/sites\/3\/2020\/12\/logo.png","contentUrl":"https:\/\/marktxxl.de\/markt\/wp-content\/uploads\/sites\/3\/2020\/12\/logo.png","width":200,"height":70,"caption":"Markt-XXL"},"image":{"@id":"https:\/\/marktxxl.de\/markt\/#\/schema\/logo\/image\/"}}]}},"_links":{"self":[{"href":"https:\/\/marktxxl.de\/markt\/wp-json\/wp\/v2\/product\/174317","targetHints":{"allow":["GET"]}}],"collection":[{"href":"https:\/\/marktxxl.de\/markt\/wp-json\/wp\/v2\/product"}],"about":[{"href":"https:\/\/marktxxl.de\/markt\/wp-json\/wp\/v2\/types\/product"}],"replies":[{"embeddable":true,"href":"https:\/\/marktxxl.de\/markt\/wp-json\/wp\/v2\/comments?post=174317"}],"wp:featuredmedia":[{"embeddable":true,"href":"https:\/\/marktxxl.de\/markt\/wp-json\/wp\/v2\/media\/174318"}],"wp:attachment":[{"href":"https:\/\/marktxxl.de\/markt\/wp-json\/wp\/v2\/media?parent=174317"}],"wp:term":[{"taxonomy":"product_brand","embeddable":true,"href":"https:\/\/marktxxl.de\/markt\/wp-json\/wp\/v2\/product_brand?post=174317"},{"taxonomy":"product_cat","embeddable":true,"href":"https:\/\/marktxxl.de\/markt\/wp-json\/wp\/v2\/product_cat?post=174317"},{"taxonomy":"product_tag","embeddable":true,"href":"https:\/\/marktxxl.de\/markt\/wp-json\/wp\/v2\/product_tag?post=174317"}],"curies":[{"name":"wp","href":"https:\/\/api.w.org\/{rel}","templated":true}]}}