{"id":174288,"date":"2022-12-11T06:17:00","date_gmt":"2022-12-11T05:17:00","guid":{"rendered":"https:\/\/marktxxl.de\/markt\/produkt\/reisenthel-toiletbag-xl-wo7003-in-black-kulturbeutel-mit-4l-volumen-aufklappbar-mit-haken-zum-aufhaengen-und-spiegel-b-28-x-h-25-x-t-10-cm\/"},"modified":"2023-04-10T05:12:58","modified_gmt":"2023-04-10T03:12:58","slug":"reisenthel-toiletbag-xl-wo7003-in-black-kulturbeutel-mit-4l-volumen-aufklappbar-mit-haken-zum-aufhaengen-und-spiegel-b-28-x-h-25-x-t-10-cm","status":"publish","type":"product","link":"https:\/\/marktxxl.de\/markt\/produkt\/reisenthel-toiletbag-xl-wo7003-in-black-kulturbeutel-mit-4l-volumen-aufklappbar-mit-haken-zum-aufhaengen-und-spiegel-b-28-x-h-25-x-t-10-cm\/","title":{"rendered":"Reisenthel Toiletbag XL Beauty Case, 28 Centimeters"},"content":{"rendered":"<p>Die toiletbag XL von reisenthel: Der Butler f\u00fcr das Bad bietet viel Platz f\u00fcr alle wichtigen Reiseutensilien und Extrakomfort durch einen abnehmbaren Spiegel<br \/>\nHoher Qualit\u00e4tsstandard: Durch das hochwertige Polyestergewebe ist die Tasche robust und wasserabweisend \/ Der Kulturbeutel wird mithilfe des Rei\u00dfverschlusses abgeschlossen und der Inhalt so gesch\u00fctzt<br \/>\nEin gro\u00dfes Hauptfach aus Netzmaterial, vier Stecktaschen, drei Rei\u00dfverschlusstaschen im Deckel und ein zus\u00e4tzliches Netzfach mit Rei\u00dfverschluss auf der Front eignen sich zur praktischen Aufbewahrung<br \/>\nKomfortables Tragen: Die reisenthel toiletbag XL ist mit einem bequemen Tragegriff ausgestattet \/ Ein Haken zum Aufh\u00e4ngen erleichtert das Platzieren des Kulturbeutels in benutzerfreundlicher H\u00f6he<br \/>\nLieferumfang: 1 x reisenthel toiletbag XL WO7003 in black \/ 4 L Volumen \/ B 28 x H 25 x T 10 cm \/ Ausgeklappt B 28 x H 59 x T 9 cm \/ Must-have f\u00fcr komfortables Reisen \/ F\u00fcr Damen und Herren<br \/>\n<div class=\"main-cross-sell\" data-asin=\"B00DUZ3SNS\">\n\n\t<div class=\"WooZone-cross-sell-loader\">\n\t\t<div>\n\t\t\t<div id=\"floatingBarsG\">\n\t\t\t\t<div class=\"blockG\" id=\"rotateG_01\"><\/div>\n\t\t\t\t<div class=\"blockG\" id=\"rotateG_02\"><\/div>\n\t\t\t\t<div class=\"blockG\" id=\"rotateG_03\"><\/div>\n\t\t\t\t<div class=\"blockG\" id=\"rotateG_04\"><\/div>\n\t\t\t\t<div class=\"blockG\" id=\"rotateG_05\"><\/div>\n\t\t\t\t<div class=\"blockG\" id=\"rotateG_06\"><\/div>\n\t\t\t\t<div class=\"blockG\" id=\"rotateG_07\"><\/div>\n\t\t\t\t<div class=\"blockG\" id=\"rotateG_08\"><\/div>\n\t\t\t<\/div>\n\t\t\t<div class=\"WooZone-cross-sell-loader-text\"><\/div>\n\t\t<\/div>\n\t<\/div>\n\n\t\t\n<\/div>\n<div style=\"clear:both;\"><\/div><\/p>\n","protected":false},"excerpt":{"rendered":"<p>Die toiletbag XL von reisenthel: Der Butler f\u00fcr das Bad bietet viel Platz f\u00fcr alle wichtigen Reiseutensilien und Extrakomfort durch einen abnehmbaren Spiegel<br \/>\nHoher Qualit\u00e4tsstandard: Durch das hochwertige Polyestergewebe ist die Tasche robust und wasserabweisend \/ Der Kulturbeutel wird mithilfe des Rei\u00dfverschlusses abgeschlossen und der Inhalt so gesch\u00fctzt<br \/>\nEin gro\u00dfes Hauptfach aus Netzmaterial, vier Stecktaschen, drei Rei\u00dfverschlusstaschen im Deckel und ein zus\u00e4tzliches Netzfach mit Rei\u00dfverschluss auf der Front eignen sich zur praktischen Aufbewahrung<\/p>\n","protected":false},"featured_media":174289,"comment_status":"open","ping_status":"closed","template":"","meta":[],"product_brand":[],"product_cat":[2858,7726],"product_tag":[],"class_list":{"0":"post-174288","1":"product","2":"type-product","3":"status-publish","4":"has-post-thumbnail","6":"product_cat-beauty","7":"product_cat-zubehoer-beauty","8":"pa_binding-luggage","9":"pa_brand-reisenthel","10":"pa_color-schwarz","11":"pa_height-3-93700787-zoll","12":"pa_length-11-023622036-zoll","13":"pa_manufacturer-reisenthel","14":"pa_model-wo7003","15":"pa_size-einheitsgroesse","16":"pa_weight-0-66-pfund","17":"pa_width-9-842519675-zoll","19":"first","20":"instock","21":"shipping-taxable","22":"purchasable","23":"product-type-simple","24":"customify-col","25":"product-has-gallery"},"yoast_head":"<!-- This site is optimized with the Yoast SEO plugin v27.4 - https:\/\/yoast.com\/product\/yoast-seo-wordpress\/ -->\n<title>Reisenthel Toiletbag XL Beauty Case, 28 Centimeters - Markt-XXL<\/title>\n<meta name=\"description\" content=\"Markt-XXL Reisenthel Toiletbag XL Beauty Case, 28 Centimeters\" \/>\n<meta name=\"robots\" content=\"index, follow, max-snippet:-1, max-image-preview:large, max-video-preview:-1\" \/>\n<link rel=\"canonical\" href=\"https:\/\/marktxxl.de\/markt\/produkt\/reisenthel-toiletbag-xl-wo7003-in-black-kulturbeutel-mit-4l-volumen-aufklappbar-mit-haken-zum-aufhaengen-und-spiegel-b-28-x-h-25-x-t-10-cm\/\" \/>\n<meta property=\"og:locale\" content=\"de_DE\" \/>\n<meta property=\"og:type\" content=\"article\" \/>\n<meta property=\"og:title\" content=\"Reisenthel Toiletbag XL Beauty Case, 28 Centimeters - Markt-XXL\" \/>\n<meta property=\"og:description\" content=\"Markt-XXL Reisenthel Toiletbag XL Beauty Case, 28 Centimeters\" \/>\n<meta property=\"og:url\" content=\"https:\/\/marktxxl.de\/markt\/produkt\/reisenthel-toiletbag-xl-wo7003-in-black-kulturbeutel-mit-4l-volumen-aufklappbar-mit-haken-zum-aufhaengen-und-spiegel-b-28-x-h-25-x-t-10-cm\/\" \/>\n<meta property=\"og:site_name\" content=\"Markt-XXL\" \/>\n<meta property=\"article:modified_time\" content=\"2023-04-10T03:12:58+00:00\" \/>\n<meta property=\"og:image\" content=\"https:\/\/m.media-amazon.com\/images\/I\/41rz1oQhdnL._SL500_.jpg\" \/>\n\t<meta property=\"og:image:width\" content=\"500\" \/>\n\t<meta property=\"og:image:height\" content=\"500\" \/>\n\t<meta property=\"og:image:type\" content=\"image\/jpeg\" \/>\n<meta name=\"twitter:card\" content=\"summary_large_image\" \/>\n<meta name=\"twitter:label1\" content=\"Gesch\u00e4tzte Lesezeit\" \/>\n\t<meta name=\"twitter:data1\" content=\"1\u00a0Minute\" \/>\n<script type=\"application\/ld+json\" class=\"yoast-schema-graph\">{\"@context\":\"https:\\\/\\\/schema.org\",\"@graph\":[{\"@type\":\"WebPage\",\"@id\":\"https:\\\/\\\/marktxxl.de\\\/markt\\\/produkt\\\/reisenthel-toiletbag-xl-wo7003-in-black-kulturbeutel-mit-4l-volumen-aufklappbar-mit-haken-zum-aufhaengen-und-spiegel-b-28-x-h-25-x-t-10-cm\\\/\",\"url\":\"https:\\\/\\\/marktxxl.de\\\/markt\\\/produkt\\\/reisenthel-toiletbag-xl-wo7003-in-black-kulturbeutel-mit-4l-volumen-aufklappbar-mit-haken-zum-aufhaengen-und-spiegel-b-28-x-h-25-x-t-10-cm\\\/\",\"name\":\"Reisenthel Toiletbag XL Beauty Case, 28 Centimeters - Markt-XXL\",\"isPartOf\":{\"@id\":\"https:\\\/\\\/marktxxl.de\\\/markt\\\/#website\"},\"primaryImageOfPage\":{\"@id\":\"https:\\\/\\\/marktxxl.de\\\/markt\\\/produkt\\\/reisenthel-toiletbag-xl-wo7003-in-black-kulturbeutel-mit-4l-volumen-aufklappbar-mit-haken-zum-aufhaengen-und-spiegel-b-28-x-h-25-x-t-10-cm\\\/#primaryimage\"},\"image\":{\"@id\":\"https:\\\/\\\/marktxxl.de\\\/markt\\\/produkt\\\/reisenthel-toiletbag-xl-wo7003-in-black-kulturbeutel-mit-4l-volumen-aufklappbar-mit-haken-zum-aufhaengen-und-spiegel-b-28-x-h-25-x-t-10-cm\\\/#primaryimage\"},\"thumbnailUrl\":\"https:\\\/\\\/m.media-amazon.com\\\/images\\\/I\\\/41rz1oQhdnL._SL500_.jpg\",\"datePublished\":\"2022-12-11T05:17:00+00:00\",\"dateModified\":\"2023-04-10T03:12:58+00:00\",\"description\":\"Markt-XXL Reisenthel Toiletbag XL Beauty Case, 28 Centimeters\",\"breadcrumb\":{\"@id\":\"https:\\\/\\\/marktxxl.de\\\/markt\\\/produkt\\\/reisenthel-toiletbag-xl-wo7003-in-black-kulturbeutel-mit-4l-volumen-aufklappbar-mit-haken-zum-aufhaengen-und-spiegel-b-28-x-h-25-x-t-10-cm\\\/#breadcrumb\"},\"inLanguage\":\"de\",\"potentialAction\":[{\"@type\":\"ReadAction\",\"target\":[\"https:\\\/\\\/marktxxl.de\\\/markt\\\/produkt\\\/reisenthel-toiletbag-xl-wo7003-in-black-kulturbeutel-mit-4l-volumen-aufklappbar-mit-haken-zum-aufhaengen-und-spiegel-b-28-x-h-25-x-t-10-cm\\\/\"]}]},{\"@type\":\"ImageObject\",\"inLanguage\":\"de\",\"@id\":\"https:\\\/\\\/marktxxl.de\\\/markt\\\/produkt\\\/reisenthel-toiletbag-xl-wo7003-in-black-kulturbeutel-mit-4l-volumen-aufklappbar-mit-haken-zum-aufhaengen-und-spiegel-b-28-x-h-25-x-t-10-cm\\\/#primaryimage\",\"url\":\"https:\\\/\\\/m.media-amazon.com\\\/images\\\/I\\\/41rz1oQhdnL._SL500_.jpg\",\"contentUrl\":\"https:\\\/\\\/m.media-amazon.com\\\/images\\\/I\\\/41rz1oQhdnL._SL500_.jpg\",\"width\":500,\"height\":500},{\"@type\":\"BreadcrumbList\",\"@id\":\"https:\\\/\\\/marktxxl.de\\\/markt\\\/produkt\\\/reisenthel-toiletbag-xl-wo7003-in-black-kulturbeutel-mit-4l-volumen-aufklappbar-mit-haken-zum-aufhaengen-und-spiegel-b-28-x-h-25-x-t-10-cm\\\/#breadcrumb\",\"itemListElement\":[{\"@type\":\"ListItem\",\"position\":1,\"name\":\"Startseite\",\"item\":\"https:\\\/\\\/marktxxl.de\\\/markt\\\/\"},{\"@type\":\"ListItem\",\"position\":2,\"name\":\"Markt\",\"item\":\"https:\\\/\\\/marktxxl.de\\\/markt\\\/\"},{\"@type\":\"ListItem\",\"position\":3,\"name\":\"Reisenthel Toiletbag XL Beauty Case, 28 Centimeters\"}]},{\"@type\":\"WebSite\",\"@id\":\"https:\\\/\\\/marktxxl.de\\\/markt\\\/#website\",\"url\":\"https:\\\/\\\/marktxxl.de\\\/markt\\\/\",\"name\":\"Markt-XXL\",\"description\":\"Ihr Markt Online\",\"publisher\":{\"@id\":\"https:\\\/\\\/marktxxl.de\\\/markt\\\/#organization\"},\"potentialAction\":[{\"@type\":\"SearchAction\",\"target\":{\"@type\":\"EntryPoint\",\"urlTemplate\":\"https:\\\/\\\/marktxxl.de\\\/markt\\\/?s={search_term_string}\"},\"query-input\":{\"@type\":\"PropertyValueSpecification\",\"valueRequired\":true,\"valueName\":\"search_term_string\"}}],\"inLanguage\":\"de\"},{\"@type\":\"Organization\",\"@id\":\"https:\\\/\\\/marktxxl.de\\\/markt\\\/#organization\",\"name\":\"Markt-XXL\",\"url\":\"https:\\\/\\\/marktxxl.de\\\/markt\\\/\",\"logo\":{\"@type\":\"ImageObject\",\"inLanguage\":\"de\",\"@id\":\"https:\\\/\\\/marktxxl.de\\\/markt\\\/#\\\/schema\\\/logo\\\/image\\\/\",\"url\":\"https:\\\/\\\/marktxxl.de\\\/markt\\\/wp-content\\\/uploads\\\/sites\\\/3\\\/2020\\\/12\\\/logo.png\",\"contentUrl\":\"https:\\\/\\\/marktxxl.de\\\/markt\\\/wp-content\\\/uploads\\\/sites\\\/3\\\/2020\\\/12\\\/logo.png\",\"width\":200,\"height\":70,\"caption\":\"Markt-XXL\"},\"image\":{\"@id\":\"https:\\\/\\\/marktxxl.de\\\/markt\\\/#\\\/schema\\\/logo\\\/image\\\/\"}}]}<\/script>\n<!-- \/ Yoast SEO plugin. -->","yoast_head_json":{"title":"Reisenthel Toiletbag XL Beauty Case, 28 Centimeters - Markt-XXL","description":"Markt-XXL Reisenthel Toiletbag XL Beauty Case, 28 Centimeters","robots":{"index":"index","follow":"follow","max-snippet":"max-snippet:-1","max-image-preview":"max-image-preview:large","max-video-preview":"max-video-preview:-1"},"canonical":"https:\/\/marktxxl.de\/markt\/produkt\/reisenthel-toiletbag-xl-wo7003-in-black-kulturbeutel-mit-4l-volumen-aufklappbar-mit-haken-zum-aufhaengen-und-spiegel-b-28-x-h-25-x-t-10-cm\/","og_locale":"de_DE","og_type":"article","og_title":"Reisenthel Toiletbag XL Beauty Case, 28 Centimeters - Markt-XXL","og_description":"Markt-XXL Reisenthel Toiletbag XL Beauty Case, 28 Centimeters","og_url":"https:\/\/marktxxl.de\/markt\/produkt\/reisenthel-toiletbag-xl-wo7003-in-black-kulturbeutel-mit-4l-volumen-aufklappbar-mit-haken-zum-aufhaengen-und-spiegel-b-28-x-h-25-x-t-10-cm\/","og_site_name":"Markt-XXL","article_modified_time":"2023-04-10T03:12:58+00:00","og_image":[{"width":500,"height":500,"url":"https:\/\/m.media-amazon.com\/images\/I\/41rz1oQhdnL._SL500_.jpg","type":"image\/jpeg"}],"twitter_card":"summary_large_image","twitter_misc":{"Gesch\u00e4tzte Lesezeit":"1\u00a0Minute"},"schema":{"@context":"https:\/\/schema.org","@graph":[{"@type":"WebPage","@id":"https:\/\/marktxxl.de\/markt\/produkt\/reisenthel-toiletbag-xl-wo7003-in-black-kulturbeutel-mit-4l-volumen-aufklappbar-mit-haken-zum-aufhaengen-und-spiegel-b-28-x-h-25-x-t-10-cm\/","url":"https:\/\/marktxxl.de\/markt\/produkt\/reisenthel-toiletbag-xl-wo7003-in-black-kulturbeutel-mit-4l-volumen-aufklappbar-mit-haken-zum-aufhaengen-und-spiegel-b-28-x-h-25-x-t-10-cm\/","name":"Reisenthel Toiletbag XL Beauty Case, 28 Centimeters - Markt-XXL","isPartOf":{"@id":"https:\/\/marktxxl.de\/markt\/#website"},"primaryImageOfPage":{"@id":"https:\/\/marktxxl.de\/markt\/produkt\/reisenthel-toiletbag-xl-wo7003-in-black-kulturbeutel-mit-4l-volumen-aufklappbar-mit-haken-zum-aufhaengen-und-spiegel-b-28-x-h-25-x-t-10-cm\/#primaryimage"},"image":{"@id":"https:\/\/marktxxl.de\/markt\/produkt\/reisenthel-toiletbag-xl-wo7003-in-black-kulturbeutel-mit-4l-volumen-aufklappbar-mit-haken-zum-aufhaengen-und-spiegel-b-28-x-h-25-x-t-10-cm\/#primaryimage"},"thumbnailUrl":"https:\/\/m.media-amazon.com\/images\/I\/41rz1oQhdnL._SL500_.jpg","datePublished":"2022-12-11T05:17:00+00:00","dateModified":"2023-04-10T03:12:58+00:00","description":"Markt-XXL Reisenthel Toiletbag XL Beauty Case, 28 Centimeters","breadcrumb":{"@id":"https:\/\/marktxxl.de\/markt\/produkt\/reisenthel-toiletbag-xl-wo7003-in-black-kulturbeutel-mit-4l-volumen-aufklappbar-mit-haken-zum-aufhaengen-und-spiegel-b-28-x-h-25-x-t-10-cm\/#breadcrumb"},"inLanguage":"de","potentialAction":[{"@type":"ReadAction","target":["https:\/\/marktxxl.de\/markt\/produkt\/reisenthel-toiletbag-xl-wo7003-in-black-kulturbeutel-mit-4l-volumen-aufklappbar-mit-haken-zum-aufhaengen-und-spiegel-b-28-x-h-25-x-t-10-cm\/"]}]},{"@type":"ImageObject","inLanguage":"de","@id":"https:\/\/marktxxl.de\/markt\/produkt\/reisenthel-toiletbag-xl-wo7003-in-black-kulturbeutel-mit-4l-volumen-aufklappbar-mit-haken-zum-aufhaengen-und-spiegel-b-28-x-h-25-x-t-10-cm\/#primaryimage","url":"https:\/\/m.media-amazon.com\/images\/I\/41rz1oQhdnL._SL500_.jpg","contentUrl":"https:\/\/m.media-amazon.com\/images\/I\/41rz1oQhdnL._SL500_.jpg","width":500,"height":500},{"@type":"BreadcrumbList","@id":"https:\/\/marktxxl.de\/markt\/produkt\/reisenthel-toiletbag-xl-wo7003-in-black-kulturbeutel-mit-4l-volumen-aufklappbar-mit-haken-zum-aufhaengen-und-spiegel-b-28-x-h-25-x-t-10-cm\/#breadcrumb","itemListElement":[{"@type":"ListItem","position":1,"name":"Startseite","item":"https:\/\/marktxxl.de\/markt\/"},{"@type":"ListItem","position":2,"name":"Markt","item":"https:\/\/marktxxl.de\/markt\/"},{"@type":"ListItem","position":3,"name":"Reisenthel Toiletbag XL Beauty Case, 28 Centimeters"}]},{"@type":"WebSite","@id":"https:\/\/marktxxl.de\/markt\/#website","url":"https:\/\/marktxxl.de\/markt\/","name":"Markt-XXL","description":"Ihr Markt Online","publisher":{"@id":"https:\/\/marktxxl.de\/markt\/#organization"},"potentialAction":[{"@type":"SearchAction","target":{"@type":"EntryPoint","urlTemplate":"https:\/\/marktxxl.de\/markt\/?s={search_term_string}"},"query-input":{"@type":"PropertyValueSpecification","valueRequired":true,"valueName":"search_term_string"}}],"inLanguage":"de"},{"@type":"Organization","@id":"https:\/\/marktxxl.de\/markt\/#organization","name":"Markt-XXL","url":"https:\/\/marktxxl.de\/markt\/","logo":{"@type":"ImageObject","inLanguage":"de","@id":"https:\/\/marktxxl.de\/markt\/#\/schema\/logo\/image\/","url":"https:\/\/marktxxl.de\/markt\/wp-content\/uploads\/sites\/3\/2020\/12\/logo.png","contentUrl":"https:\/\/marktxxl.de\/markt\/wp-content\/uploads\/sites\/3\/2020\/12\/logo.png","width":200,"height":70,"caption":"Markt-XXL"},"image":{"@id":"https:\/\/marktxxl.de\/markt\/#\/schema\/logo\/image\/"}}]}},"_links":{"self":[{"href":"https:\/\/marktxxl.de\/markt\/wp-json\/wp\/v2\/product\/174288","targetHints":{"allow":["GET"]}}],"collection":[{"href":"https:\/\/marktxxl.de\/markt\/wp-json\/wp\/v2\/product"}],"about":[{"href":"https:\/\/marktxxl.de\/markt\/wp-json\/wp\/v2\/types\/product"}],"replies":[{"embeddable":true,"href":"https:\/\/marktxxl.de\/markt\/wp-json\/wp\/v2\/comments?post=174288"}],"wp:featuredmedia":[{"embeddable":true,"href":"https:\/\/marktxxl.de\/markt\/wp-json\/wp\/v2\/media\/174289"}],"wp:attachment":[{"href":"https:\/\/marktxxl.de\/markt\/wp-json\/wp\/v2\/media?parent=174288"}],"wp:term":[{"taxonomy":"product_brand","embeddable":true,"href":"https:\/\/marktxxl.de\/markt\/wp-json\/wp\/v2\/product_brand?post=174288"},{"taxonomy":"product_cat","embeddable":true,"href":"https:\/\/marktxxl.de\/markt\/wp-json\/wp\/v2\/product_cat?post=174288"},{"taxonomy":"product_tag","embeddable":true,"href":"https:\/\/marktxxl.de\/markt\/wp-json\/wp\/v2\/product_tag?post=174288"}],"curies":[{"name":"wp","href":"https:\/\/api.w.org\/{rel}","templated":true}]}}