{"id":174264,"date":"2022-12-11T06:16:26","date_gmt":"2022-12-11T05:16:26","guid":{"rendered":"https:\/\/marktxxl.de\/markt\/produkt\/elektrische-nagelfeile-12-in-1tragbare-elektrische-nagelbohrer-20000-u-min-fuer-gelnaegel-acryl-gel-kallus-entfernen-fuer-anfaenger-und-profi\/"},"modified":"2023-04-10T05:12:57","modified_gmt":"2023-04-10T03:12:57","slug":"elektrische-nagelfeile-12-in-1tragbare-elektrische-nagelbohrer-20000-u-min-fuer-gelnaegel-acryl-gel-kallus-entfernen-fuer-anfaenger-und-profi","status":"publish","type":"product","link":"https:\/\/marktxxl.de\/markt\/produkt\/elektrische-nagelfeile-12-in-1tragbare-elektrische-nagelbohrer-20000-u-min-fuer-gelnaegel-acryl-gel-kallus-entfernen-fuer-anfaenger-und-profi\/","title":{"rendered":"Elektrische Nagelfeile, 12 in 1Tragbare Elektrische Nagelbohrer, 20000 U\/min, f\u00fcr geln\u00e4gel Acryl Gel Kallus Entfernen\u2026"},"content":{"rendered":"<p>\u3010Professioneller Nagelbohrer\u3011 12 in 1 professioneller Nagelbohrer mit 6 verschiedenen Nagelbohrern, 6 Schleifb\u00e4nder. Professionelle Elektrische Nagelfeile Sie kann f\u00fcr Manik\u00fcre, Pedik\u00fcre, Polieren, Formen und Peeling oder f\u00fcr die Nagelpflege von Haustieren verwendet werden. Sie k\u00f6nnen Ihre N\u00e4gel zu Hause effektiv und einfach DIY<br \/>\n\u3010Leichtes und tragbares Design\u3011 Das neueste Anti-Vibrations-Design reduziert effektiv Vibrationen und Ger\u00e4usche, niedrige Gebrauchstemperatur.Entfernen Sie den Lack einfach schmerzlos und ohne den Nagel zu besch\u00e4digen. Sehr leise und leicht, Sie k\u00f6nnen es \u00fcberall hin mitnehmen und verwenden, ohne jemanden zu st\u00f6ren. Die hochdichte Aluminiumlegierungsschale mit rutschfester Oberfl\u00e4chenbehandlung ist kratzfest<br \/>\n\u3010USB wiederaufladbar mit dem Kabel\u3011Humanes USB-Ladedesign, dieser Acryl-Nagelbohrer kann mit dem USB-Kabel mit Powerbank, PC, Laptop, USB-Buchse usw. vollst\u00e4ndig aufgeladen werden. High-Tech-Geschwindigkeitslager und -motor, was zu geringer W\u00e4rmeentwicklung, geringem Ger\u00e4uschpegel und geringer Vibration f\u00fchrt.<br \/>\n\u3010Einstellbare Geschwindigkeit und Richtung\u3011 Die Geschwindigkeit des elektrischen Nagelschneider-Manik\u00fcre-Pedik\u00fcre-Sets ist einstellbar. Sie k\u00f6nnen die Rotationsstufen ganz einfach an Ihre Bed\u00fcrfnisse anpassen. Unser Schleifkopf hat eine starke Verriegelungskraft und die Drehzahl pro Minute betr\u00e4gt 20000 U \/ min. Sie k\u00f6nnen auch die Drehrichtung im und gegen den Uhrzeigersinn nach Ihren eigenen Gewohnheiten w\u00e4hlen.<br \/>\n\u3010Sicherheit und einfach zu bedienen\u3011 Paket enth\u00e4lt: 1 Hauptger\u00e4t, 6 Original-Bits. 6 Schleifb\u00e4nder Kann f\u00fcr Manik\u00fcre, Pedik\u00fcre verwendet werden. 1 x Bedienungsanleitung Der Bohrer kann einfach gewechselt werden. Einfach ausziehen und anziehen. Macht es einfach, Ihre N\u00e4gel zu Hause zu behandeln!<br \/>\n<div class=\"main-cross-sell\" data-asin=\"B0B7R8QGWS\">\n\n\t<div class=\"WooZone-cross-sell-loader\">\n\t\t<div>\n\t\t\t<div id=\"floatingBarsG\">\n\t\t\t\t<div class=\"blockG\" id=\"rotateG_01\"><\/div>\n\t\t\t\t<div class=\"blockG\" id=\"rotateG_02\"><\/div>\n\t\t\t\t<div class=\"blockG\" id=\"rotateG_03\"><\/div>\n\t\t\t\t<div class=\"blockG\" id=\"rotateG_04\"><\/div>\n\t\t\t\t<div class=\"blockG\" id=\"rotateG_05\"><\/div>\n\t\t\t\t<div class=\"blockG\" id=\"rotateG_06\"><\/div>\n\t\t\t\t<div class=\"blockG\" id=\"rotateG_07\"><\/div>\n\t\t\t\t<div class=\"blockG\" id=\"rotateG_08\"><\/div>\n\t\t\t<\/div>\n\t\t\t<div class=\"WooZone-cross-sell-loader-text\"><\/div>\n\t\t<\/div>\n\t<\/div>\n\n\t\t\n<\/div>\n<div style=\"clear:both;\"><\/div><\/p>\n","protected":false},"excerpt":{"rendered":"<p>\u3010Professioneller Nagelbohrer\u3011 12 in 1 professioneller Nagelbohrer mit 6 verschiedenen Nagelbohrern, 6 Schleifb\u00e4nder. Professionelle Elektrische Nagelfeile Sie kann f\u00fcr Manik\u00fcre, Pedik\u00fcre, Polieren, Formen und Peeling oder f\u00fcr die Nagelpflege von Haustieren verwendet werden. Sie k\u00f6nnen Ihre N\u00e4gel zu Hause effektiv und einfach DIY<br \/>\n\u3010Leichtes und tragbares Design\u3011 Das neueste Anti-Vibrations-Design reduziert effektiv Vibrationen und Ger\u00e4usche, niedrige Gebrauchstemperatur.Entfernen Sie den Lack einfach schmerzlos und ohne den Nagel zu besch\u00e4digen. Sehr leise und leicht, Sie k\u00f6nnen es \u00fcberall hin mitnehmen und verwenden, ohne jemanden zu st\u00f6ren. Die hochdichte Aluminiumlegierungsschale mit rutschfester Oberfl\u00e4chenbehandlung ist kratzfest<br \/>\n\u3010USB wiederaufladbar mit dem Kabel\u3011Humanes USB-Ladedesign, dieser Acryl-Nagelbohrer kann mit dem USB-Kabel mit Powerbank, PC, Laptop, USB-Buchse usw. vollst\u00e4ndig aufgeladen werden. High-Tech-Geschwindigkeitslager und -motor, was zu geringer W\u00e4rmeentwicklung, geringem Ger\u00e4uschpegel und geringer Vibration f\u00fchrt.<\/p>\n","protected":false},"featured_media":174265,"comment_status":"open","ping_status":"closed","template":"","meta":[],"product_brand":[],"product_cat":[2858,7659],"product_tag":[],"class_list":{"0":"post-174264","1":"product","2":"type-product","3":"status-publish","4":"has-post-thumbnail","6":"product_cat-beauty","7":"product_cat-manikuere-pedikuere","8":"pa_brand-aweskmod","9":"pa_manufacturer-aweskmod","11":"first","12":"instock","13":"shipping-taxable","14":"purchasable","15":"product-type-simple","16":"customify-col","17":"product-has-gallery"},"yoast_head":"<!-- This site is optimized with the Yoast SEO plugin v27.4 - https:\/\/yoast.com\/product\/yoast-seo-wordpress\/ -->\n<title>Elektrische Nagelfeile, 12 in 1Tragbare Elektrische Nagelbohrer, 20000 U\/min, f\u00fcr geln\u00e4gel Acryl Gel Kallus Entfernen\u2026 - Markt-XXL<\/title>\n<meta name=\"description\" content=\"Markt-XXL Elektrische Nagelfeile, 12 in 1Tragbare Elektrische Nagelbohrer, 20000 U\/min, f\u00fcr geln\u00e4gel Acryl Gel Kallus Entfernen\u2026\" \/>\n<meta name=\"robots\" content=\"index, follow, max-snippet:-1, max-image-preview:large, max-video-preview:-1\" \/>\n<link rel=\"canonical\" href=\"https:\/\/marktxxl.de\/markt\/produkt\/elektrische-nagelfeile-12-in-1tragbare-elektrische-nagelbohrer-20000-u-min-fuer-gelnaegel-acryl-gel-kallus-entfernen-fuer-anfaenger-und-profi\/\" \/>\n<meta property=\"og:locale\" content=\"de_DE\" \/>\n<meta property=\"og:type\" content=\"article\" \/>\n<meta property=\"og:title\" content=\"Elektrische Nagelfeile, 12 in 1Tragbare Elektrische Nagelbohrer, 20000 U\/min, f\u00fcr geln\u00e4gel Acryl Gel Kallus Entfernen\u2026 - Markt-XXL\" \/>\n<meta property=\"og:description\" content=\"Markt-XXL Elektrische Nagelfeile, 12 in 1Tragbare Elektrische Nagelbohrer, 20000 U\/min, f\u00fcr geln\u00e4gel Acryl Gel Kallus Entfernen\u2026\" \/>\n<meta property=\"og:url\" content=\"https:\/\/marktxxl.de\/markt\/produkt\/elektrische-nagelfeile-12-in-1tragbare-elektrische-nagelbohrer-20000-u-min-fuer-gelnaegel-acryl-gel-kallus-entfernen-fuer-anfaenger-und-profi\/\" \/>\n<meta property=\"og:site_name\" content=\"Markt-XXL\" \/>\n<meta property=\"article:modified_time\" content=\"2023-04-10T03:12:57+00:00\" \/>\n<meta property=\"og:image\" content=\"https:\/\/m.media-amazon.com\/images\/I\/41u1Yp1fYRL._SL500_.jpg\" \/>\n\t<meta property=\"og:image:width\" content=\"500\" \/>\n\t<meta property=\"og:image:height\" content=\"500\" \/>\n\t<meta property=\"og:image:type\" content=\"image\/jpeg\" \/>\n<meta name=\"twitter:card\" content=\"summary_large_image\" \/>\n<meta name=\"twitter:label1\" content=\"Gesch\u00e4tzte Lesezeit\" \/>\n\t<meta name=\"twitter:data1\" content=\"1\u00a0Minute\" \/>\n<script type=\"application\/ld+json\" class=\"yoast-schema-graph\">{\"@context\":\"https:\\\/\\\/schema.org\",\"@graph\":[{\"@type\":\"WebPage\",\"@id\":\"https:\\\/\\\/marktxxl.de\\\/markt\\\/produkt\\\/elektrische-nagelfeile-12-in-1tragbare-elektrische-nagelbohrer-20000-u-min-fuer-gelnaegel-acryl-gel-kallus-entfernen-fuer-anfaenger-und-profi\\\/\",\"url\":\"https:\\\/\\\/marktxxl.de\\\/markt\\\/produkt\\\/elektrische-nagelfeile-12-in-1tragbare-elektrische-nagelbohrer-20000-u-min-fuer-gelnaegel-acryl-gel-kallus-entfernen-fuer-anfaenger-und-profi\\\/\",\"name\":\"Elektrische Nagelfeile, 12 in 1Tragbare Elektrische Nagelbohrer, 20000 U\\\/min, f\u00fcr geln\u00e4gel Acryl Gel Kallus Entfernen\u2026 - Markt-XXL\",\"isPartOf\":{\"@id\":\"https:\\\/\\\/marktxxl.de\\\/markt\\\/#website\"},\"primaryImageOfPage\":{\"@id\":\"https:\\\/\\\/marktxxl.de\\\/markt\\\/produkt\\\/elektrische-nagelfeile-12-in-1tragbare-elektrische-nagelbohrer-20000-u-min-fuer-gelnaegel-acryl-gel-kallus-entfernen-fuer-anfaenger-und-profi\\\/#primaryimage\"},\"image\":{\"@id\":\"https:\\\/\\\/marktxxl.de\\\/markt\\\/produkt\\\/elektrische-nagelfeile-12-in-1tragbare-elektrische-nagelbohrer-20000-u-min-fuer-gelnaegel-acryl-gel-kallus-entfernen-fuer-anfaenger-und-profi\\\/#primaryimage\"},\"thumbnailUrl\":\"https:\\\/\\\/m.media-amazon.com\\\/images\\\/I\\\/41u1Yp1fYRL._SL500_.jpg\",\"datePublished\":\"2022-12-11T05:16:26+00:00\",\"dateModified\":\"2023-04-10T03:12:57+00:00\",\"description\":\"Markt-XXL Elektrische Nagelfeile, 12 in 1Tragbare Elektrische Nagelbohrer, 20000 U\\\/min, f\u00fcr geln\u00e4gel Acryl Gel Kallus Entfernen\u2026\",\"breadcrumb\":{\"@id\":\"https:\\\/\\\/marktxxl.de\\\/markt\\\/produkt\\\/elektrische-nagelfeile-12-in-1tragbare-elektrische-nagelbohrer-20000-u-min-fuer-gelnaegel-acryl-gel-kallus-entfernen-fuer-anfaenger-und-profi\\\/#breadcrumb\"},\"inLanguage\":\"de\",\"potentialAction\":[{\"@type\":\"ReadAction\",\"target\":[\"https:\\\/\\\/marktxxl.de\\\/markt\\\/produkt\\\/elektrische-nagelfeile-12-in-1tragbare-elektrische-nagelbohrer-20000-u-min-fuer-gelnaegel-acryl-gel-kallus-entfernen-fuer-anfaenger-und-profi\\\/\"]}]},{\"@type\":\"ImageObject\",\"inLanguage\":\"de\",\"@id\":\"https:\\\/\\\/marktxxl.de\\\/markt\\\/produkt\\\/elektrische-nagelfeile-12-in-1tragbare-elektrische-nagelbohrer-20000-u-min-fuer-gelnaegel-acryl-gel-kallus-entfernen-fuer-anfaenger-und-profi\\\/#primaryimage\",\"url\":\"https:\\\/\\\/m.media-amazon.com\\\/images\\\/I\\\/41u1Yp1fYRL._SL500_.jpg\",\"contentUrl\":\"https:\\\/\\\/m.media-amazon.com\\\/images\\\/I\\\/41u1Yp1fYRL._SL500_.jpg\",\"width\":500,\"height\":500},{\"@type\":\"BreadcrumbList\",\"@id\":\"https:\\\/\\\/marktxxl.de\\\/markt\\\/produkt\\\/elektrische-nagelfeile-12-in-1tragbare-elektrische-nagelbohrer-20000-u-min-fuer-gelnaegel-acryl-gel-kallus-entfernen-fuer-anfaenger-und-profi\\\/#breadcrumb\",\"itemListElement\":[{\"@type\":\"ListItem\",\"position\":1,\"name\":\"Startseite\",\"item\":\"https:\\\/\\\/marktxxl.de\\\/markt\\\/\"},{\"@type\":\"ListItem\",\"position\":2,\"name\":\"Markt\",\"item\":\"https:\\\/\\\/marktxxl.de\\\/markt\\\/\"},{\"@type\":\"ListItem\",\"position\":3,\"name\":\"Elektrische Nagelfeile, 12 in 1Tragbare Elektrische Nagelbohrer, 20000 U\\\/min, f\u00fcr geln\u00e4gel Acryl Gel Kallus Entfernen\u2026\"}]},{\"@type\":\"WebSite\",\"@id\":\"https:\\\/\\\/marktxxl.de\\\/markt\\\/#website\",\"url\":\"https:\\\/\\\/marktxxl.de\\\/markt\\\/\",\"name\":\"Markt-XXL\",\"description\":\"Ihr Markt Online\",\"publisher\":{\"@id\":\"https:\\\/\\\/marktxxl.de\\\/markt\\\/#organization\"},\"potentialAction\":[{\"@type\":\"SearchAction\",\"target\":{\"@type\":\"EntryPoint\",\"urlTemplate\":\"https:\\\/\\\/marktxxl.de\\\/markt\\\/?s={search_term_string}\"},\"query-input\":{\"@type\":\"PropertyValueSpecification\",\"valueRequired\":true,\"valueName\":\"search_term_string\"}}],\"inLanguage\":\"de\"},{\"@type\":\"Organization\",\"@id\":\"https:\\\/\\\/marktxxl.de\\\/markt\\\/#organization\",\"name\":\"Markt-XXL\",\"url\":\"https:\\\/\\\/marktxxl.de\\\/markt\\\/\",\"logo\":{\"@type\":\"ImageObject\",\"inLanguage\":\"de\",\"@id\":\"https:\\\/\\\/marktxxl.de\\\/markt\\\/#\\\/schema\\\/logo\\\/image\\\/\",\"url\":\"https:\\\/\\\/marktxxl.de\\\/markt\\\/wp-content\\\/uploads\\\/sites\\\/3\\\/2020\\\/12\\\/logo.png\",\"contentUrl\":\"https:\\\/\\\/marktxxl.de\\\/markt\\\/wp-content\\\/uploads\\\/sites\\\/3\\\/2020\\\/12\\\/logo.png\",\"width\":200,\"height\":70,\"caption\":\"Markt-XXL\"},\"image\":{\"@id\":\"https:\\\/\\\/marktxxl.de\\\/markt\\\/#\\\/schema\\\/logo\\\/image\\\/\"}}]}<\/script>\n<!-- \/ Yoast SEO plugin. -->","yoast_head_json":{"title":"Elektrische Nagelfeile, 12 in 1Tragbare Elektrische Nagelbohrer, 20000 U\/min, f\u00fcr geln\u00e4gel Acryl Gel Kallus Entfernen\u2026 - Markt-XXL","description":"Markt-XXL Elektrische Nagelfeile, 12 in 1Tragbare Elektrische Nagelbohrer, 20000 U\/min, f\u00fcr geln\u00e4gel Acryl Gel Kallus Entfernen\u2026","robots":{"index":"index","follow":"follow","max-snippet":"max-snippet:-1","max-image-preview":"max-image-preview:large","max-video-preview":"max-video-preview:-1"},"canonical":"https:\/\/marktxxl.de\/markt\/produkt\/elektrische-nagelfeile-12-in-1tragbare-elektrische-nagelbohrer-20000-u-min-fuer-gelnaegel-acryl-gel-kallus-entfernen-fuer-anfaenger-und-profi\/","og_locale":"de_DE","og_type":"article","og_title":"Elektrische Nagelfeile, 12 in 1Tragbare Elektrische Nagelbohrer, 20000 U\/min, f\u00fcr geln\u00e4gel Acryl Gel Kallus Entfernen\u2026 - Markt-XXL","og_description":"Markt-XXL Elektrische Nagelfeile, 12 in 1Tragbare Elektrische Nagelbohrer, 20000 U\/min, f\u00fcr geln\u00e4gel Acryl Gel Kallus Entfernen\u2026","og_url":"https:\/\/marktxxl.de\/markt\/produkt\/elektrische-nagelfeile-12-in-1tragbare-elektrische-nagelbohrer-20000-u-min-fuer-gelnaegel-acryl-gel-kallus-entfernen-fuer-anfaenger-und-profi\/","og_site_name":"Markt-XXL","article_modified_time":"2023-04-10T03:12:57+00:00","og_image":[{"width":500,"height":500,"url":"https:\/\/m.media-amazon.com\/images\/I\/41u1Yp1fYRL._SL500_.jpg","type":"image\/jpeg"}],"twitter_card":"summary_large_image","twitter_misc":{"Gesch\u00e4tzte Lesezeit":"1\u00a0Minute"},"schema":{"@context":"https:\/\/schema.org","@graph":[{"@type":"WebPage","@id":"https:\/\/marktxxl.de\/markt\/produkt\/elektrische-nagelfeile-12-in-1tragbare-elektrische-nagelbohrer-20000-u-min-fuer-gelnaegel-acryl-gel-kallus-entfernen-fuer-anfaenger-und-profi\/","url":"https:\/\/marktxxl.de\/markt\/produkt\/elektrische-nagelfeile-12-in-1tragbare-elektrische-nagelbohrer-20000-u-min-fuer-gelnaegel-acryl-gel-kallus-entfernen-fuer-anfaenger-und-profi\/","name":"Elektrische Nagelfeile, 12 in 1Tragbare Elektrische Nagelbohrer, 20000 U\/min, f\u00fcr geln\u00e4gel Acryl Gel Kallus Entfernen\u2026 - Markt-XXL","isPartOf":{"@id":"https:\/\/marktxxl.de\/markt\/#website"},"primaryImageOfPage":{"@id":"https:\/\/marktxxl.de\/markt\/produkt\/elektrische-nagelfeile-12-in-1tragbare-elektrische-nagelbohrer-20000-u-min-fuer-gelnaegel-acryl-gel-kallus-entfernen-fuer-anfaenger-und-profi\/#primaryimage"},"image":{"@id":"https:\/\/marktxxl.de\/markt\/produkt\/elektrische-nagelfeile-12-in-1tragbare-elektrische-nagelbohrer-20000-u-min-fuer-gelnaegel-acryl-gel-kallus-entfernen-fuer-anfaenger-und-profi\/#primaryimage"},"thumbnailUrl":"https:\/\/m.media-amazon.com\/images\/I\/41u1Yp1fYRL._SL500_.jpg","datePublished":"2022-12-11T05:16:26+00:00","dateModified":"2023-04-10T03:12:57+00:00","description":"Markt-XXL Elektrische Nagelfeile, 12 in 1Tragbare Elektrische Nagelbohrer, 20000 U\/min, f\u00fcr geln\u00e4gel Acryl Gel Kallus Entfernen\u2026","breadcrumb":{"@id":"https:\/\/marktxxl.de\/markt\/produkt\/elektrische-nagelfeile-12-in-1tragbare-elektrische-nagelbohrer-20000-u-min-fuer-gelnaegel-acryl-gel-kallus-entfernen-fuer-anfaenger-und-profi\/#breadcrumb"},"inLanguage":"de","potentialAction":[{"@type":"ReadAction","target":["https:\/\/marktxxl.de\/markt\/produkt\/elektrische-nagelfeile-12-in-1tragbare-elektrische-nagelbohrer-20000-u-min-fuer-gelnaegel-acryl-gel-kallus-entfernen-fuer-anfaenger-und-profi\/"]}]},{"@type":"ImageObject","inLanguage":"de","@id":"https:\/\/marktxxl.de\/markt\/produkt\/elektrische-nagelfeile-12-in-1tragbare-elektrische-nagelbohrer-20000-u-min-fuer-gelnaegel-acryl-gel-kallus-entfernen-fuer-anfaenger-und-profi\/#primaryimage","url":"https:\/\/m.media-amazon.com\/images\/I\/41u1Yp1fYRL._SL500_.jpg","contentUrl":"https:\/\/m.media-amazon.com\/images\/I\/41u1Yp1fYRL._SL500_.jpg","width":500,"height":500},{"@type":"BreadcrumbList","@id":"https:\/\/marktxxl.de\/markt\/produkt\/elektrische-nagelfeile-12-in-1tragbare-elektrische-nagelbohrer-20000-u-min-fuer-gelnaegel-acryl-gel-kallus-entfernen-fuer-anfaenger-und-profi\/#breadcrumb","itemListElement":[{"@type":"ListItem","position":1,"name":"Startseite","item":"https:\/\/marktxxl.de\/markt\/"},{"@type":"ListItem","position":2,"name":"Markt","item":"https:\/\/marktxxl.de\/markt\/"},{"@type":"ListItem","position":3,"name":"Elektrische Nagelfeile, 12 in 1Tragbare Elektrische Nagelbohrer, 20000 U\/min, f\u00fcr geln\u00e4gel Acryl Gel Kallus Entfernen\u2026"}]},{"@type":"WebSite","@id":"https:\/\/marktxxl.de\/markt\/#website","url":"https:\/\/marktxxl.de\/markt\/","name":"Markt-XXL","description":"Ihr Markt Online","publisher":{"@id":"https:\/\/marktxxl.de\/markt\/#organization"},"potentialAction":[{"@type":"SearchAction","target":{"@type":"EntryPoint","urlTemplate":"https:\/\/marktxxl.de\/markt\/?s={search_term_string}"},"query-input":{"@type":"PropertyValueSpecification","valueRequired":true,"valueName":"search_term_string"}}],"inLanguage":"de"},{"@type":"Organization","@id":"https:\/\/marktxxl.de\/markt\/#organization","name":"Markt-XXL","url":"https:\/\/marktxxl.de\/markt\/","logo":{"@type":"ImageObject","inLanguage":"de","@id":"https:\/\/marktxxl.de\/markt\/#\/schema\/logo\/image\/","url":"https:\/\/marktxxl.de\/markt\/wp-content\/uploads\/sites\/3\/2020\/12\/logo.png","contentUrl":"https:\/\/marktxxl.de\/markt\/wp-content\/uploads\/sites\/3\/2020\/12\/logo.png","width":200,"height":70,"caption":"Markt-XXL"},"image":{"@id":"https:\/\/marktxxl.de\/markt\/#\/schema\/logo\/image\/"}}]}},"_links":{"self":[{"href":"https:\/\/marktxxl.de\/markt\/wp-json\/wp\/v2\/product\/174264","targetHints":{"allow":["GET"]}}],"collection":[{"href":"https:\/\/marktxxl.de\/markt\/wp-json\/wp\/v2\/product"}],"about":[{"href":"https:\/\/marktxxl.de\/markt\/wp-json\/wp\/v2\/types\/product"}],"replies":[{"embeddable":true,"href":"https:\/\/marktxxl.de\/markt\/wp-json\/wp\/v2\/comments?post=174264"}],"wp:featuredmedia":[{"embeddable":true,"href":"https:\/\/marktxxl.de\/markt\/wp-json\/wp\/v2\/media\/174265"}],"wp:attachment":[{"href":"https:\/\/marktxxl.de\/markt\/wp-json\/wp\/v2\/media?parent=174264"}],"wp:term":[{"taxonomy":"product_brand","embeddable":true,"href":"https:\/\/marktxxl.de\/markt\/wp-json\/wp\/v2\/product_brand?post=174264"},{"taxonomy":"product_cat","embeddable":true,"href":"https:\/\/marktxxl.de\/markt\/wp-json\/wp\/v2\/product_cat?post=174264"},{"taxonomy":"product_tag","embeddable":true,"href":"https:\/\/marktxxl.de\/markt\/wp-json\/wp\/v2\/product_tag?post=174264"}],"curies":[{"name":"wp","href":"https:\/\/api.w.org\/{rel}","templated":true}]}}