{"id":174254,"date":"2022-12-11T06:16:14","date_gmt":"2022-12-11T05:16:14","guid":{"rendered":"https:\/\/marktxxl.de\/markt\/produkt\/tacobear-nagelstudio-kinder-maedchen-peel-off-nagellack-kinder-nageltrockner-press-on-nagelsticker-nagellack-maschine-nageldesign-nagelset-geschenk-fuer-kinder-maedchen\/"},"modified":"2023-04-10T05:12:57","modified_gmt":"2023-04-10T03:12:57","slug":"tacobear-nagelstudio-kinder-maedchen-peel-off-nagellack-kinder-nageltrockner-press-on-nagelsticker-nagellack-maschine-nageldesign-nagelset-geschenk-fuer-kinder-maedchen","status":"publish","type":"product","link":"https:\/\/marktxxl.de\/markt\/produkt\/tacobear-nagelstudio-kinder-maedchen-peel-off-nagellack-kinder-nageltrockner-press-on-nagelsticker-nagellack-maschine-nageldesign-nagelset-geschenk-fuer-kinder-maedchen\/","title":{"rendered":"Tacobear Nagelstudio Kinder M\u00e4dchen Peel Off Nagellack Kinder Nageltrockner Press On Nagelsticker Nagellack Maschine\u2026"},"content":{"rendered":"<p>Speziell f\u00fcr Kinder entwickelt: Dieses Manik\u00fcre- und Pedik\u00fcre-Nagelset enth\u00e4lt einen batteriebetriebenen Nageltrockner, der auch als Aufbewahrungsbox f\u00fcr Nailart-Zubeh\u00f6r dient, 5 Nagellacke, 1 Blatt Nailart-Aufkleber, 10 N\u00e4gel zum Aufkleben, 2 Nagelglitzer, 1 Zehentrenner und 1 Nagelfeile.<br \/>\nSehr sicherer Nageltrockner: Legen Sie die Finger auf das Nageltrockner-Pad, direkt unter dem Gebl\u00e4se, und dr\u00fccken Sie es f\u00fcr ein schnelles Trocknen nach unten. Dieser Nageltrockner bl\u00e4st Luft mit Raumtemperatur, sodass Sie sich keine Sorgen \u00fcber UV-Licht, Verbrennungen, Schmerzen oder schwarze H\u00e4nde machen m\u00fcssen. Haut und Fingern\u00e4gel bleiben gesund und sicher, w\u00e4hrend der Ventilator bl\u00e4st! Ben\u00f6tigt 4 AA-Batterien. (nicht enthalten)<br \/>\nUngiftiger Nagellack: Mit diesen Acryllacken auf Wasserbasis werden Ihre Kinder Spa\u00df daran haben, ihre N\u00e4gel zu lackieren. F\u00fcr eine dickere Deckkraft und Farbe 2 Schichten auftragen. Das Beste von allem ist, dass diese sich sofort abl\u00f6sen, sodass Sie sich nicht mit Nagellackentfernern befassen m\u00fcssen.<br \/>\nAufdr\u00fcckbare N\u00e4gel und Aufkleber: Es ist kein Leim oder Klebstoff erforderlich, einfach aufdr\u00fccken, damit sie haften! Was f\u00fcr eine Freude, diese zu zeigen! Verwenden Sie die Sammlung von Nagelstickern in Pastellfarben, um diese kleinen Finger- und Fu\u00dfn\u00e4gel weiter zu verbessern.<br \/>\nEinzigartige Geschenkidee: Das perfekte Nagelstudio-Geschenk f\u00fcr M\u00e4dchen im Alter von 6 7 8 9 10 11 Jahren. Kinder werden besch\u00e4ftigt sein, wenn sie sich und ihren Freunden Manik\u00fcre und Pedik\u00fcre g\u00f6nnen. Der kompakte und tragbare Nageltrockner kann f\u00fcr alle g\u00e4ngigen Lacke und Lacke immer wieder verwendet werden. Ein tolles Unterhaltungsst\u00fcck f\u00fcr Geburtstagsfeiern und Wellnesstage!<br \/>\n<div class=\"main-cross-sell\" data-asin=\"B09DVSCCPG\">\n\n\t<div class=\"WooZone-cross-sell-loader\">\n\t\t<div>\n\t\t\t<div id=\"floatingBarsG\">\n\t\t\t\t<div class=\"blockG\" id=\"rotateG_01\"><\/div>\n\t\t\t\t<div class=\"blockG\" id=\"rotateG_02\"><\/div>\n\t\t\t\t<div class=\"blockG\" id=\"rotateG_03\"><\/div>\n\t\t\t\t<div class=\"blockG\" id=\"rotateG_04\"><\/div>\n\t\t\t\t<div class=\"blockG\" id=\"rotateG_05\"><\/div>\n\t\t\t\t<div class=\"blockG\" id=\"rotateG_06\"><\/div>\n\t\t\t\t<div class=\"blockG\" id=\"rotateG_07\"><\/div>\n\t\t\t\t<div class=\"blockG\" id=\"rotateG_08\"><\/div>\n\t\t\t<\/div>\n\t\t\t<div class=\"WooZone-cross-sell-loader-text\"><\/div>\n\t\t<\/div>\n\t<\/div>\n\n\t\t\n<\/div>\n<div style=\"clear:both;\"><\/div><\/p>\n","protected":false},"excerpt":{"rendered":"<p>Speziell f\u00fcr Kinder entwickelt: Dieses Manik\u00fcre- und Pedik\u00fcre-Nagelset enth\u00e4lt einen batteriebetriebenen Nageltrockner, der auch als Aufbewahrungsbox f\u00fcr Nailart-Zubeh\u00f6r dient, 5 Nagellacke, 1 Blatt Nailart-Aufkleber, 10 N\u00e4gel zum Aufkleben, 2 Nagelglitzer, 1 Zehentrenner und 1 Nagelfeile.<br \/>\nSehr sicherer Nageltrockner: Legen Sie die Finger auf das Nageltrockner-Pad, direkt unter dem Gebl\u00e4se, und dr\u00fccken Sie es f\u00fcr ein schnelles Trocknen nach unten. Dieser Nageltrockner bl\u00e4st Luft mit Raumtemperatur, sodass Sie sich keine Sorgen \u00fcber UV-Licht, Verbrennungen, Schmerzen oder schwarze H\u00e4nde machen m\u00fcssen. Haut und Fingern\u00e4gel bleiben gesund und sicher, w\u00e4hrend der Ventilator bl\u00e4st! Ben\u00f6tigt 4 AA-Batterien. (nicht enthalten)<br \/>\nUngiftiger Nagellack: Mit diesen Acryllacken auf Wasserbasis werden Ihre Kinder Spa\u00df daran haben, ihre N\u00e4gel zu lackieren. F\u00fcr eine dickere Deckkraft und Farbe 2 Schichten auftragen. Das Beste von allem ist, dass diese sich sofort abl\u00f6sen, sodass Sie sich nicht mit Nagellackentfernern befassen m\u00fcssen.<\/p>\n","protected":false},"featured_media":174255,"comment_status":"open","ping_status":"closed","template":"","meta":[],"product_brand":[],"product_cat":[2858,7659],"product_tag":[],"class_list":{"0":"post-174254","1":"product","2":"type-product","3":"status-publish","4":"has-post-thumbnail","6":"product_cat-beauty","7":"product_cat-manikuere-pedikuere","8":"pa_brand-tacobear","9":"pa_height-3-149606296-zoll","10":"pa_length-5-905511805-zoll","11":"pa_manufacturer-tacobear","12":"pa_model-zjytz","13":"pa_width-3-93700787-zoll","15":"first","16":"instock","17":"shipping-taxable","18":"purchasable","19":"product-type-simple","20":"customify-col","21":"product-has-gallery"},"yoast_head":"<!-- This site is optimized with the Yoast SEO plugin v27.4 - https:\/\/yoast.com\/product\/yoast-seo-wordpress\/ -->\n<title>Tacobear Nagelstudio Kinder M\u00e4dchen Peel Off Nagellack Kinder Nageltrockner Press On Nagelsticker Nagellack Maschine\u2026 - Markt-XXL<\/title>\n<meta name=\"description\" content=\"Markt-XXL Tacobear Nagelstudio Kinder M\u00e4dchen Peel Off Nagellack Kinder Nageltrockner Press On Nagelsticker Nagellack Maschine\u2026\" \/>\n<meta name=\"robots\" content=\"index, follow, max-snippet:-1, max-image-preview:large, max-video-preview:-1\" \/>\n<link rel=\"canonical\" href=\"https:\/\/marktxxl.de\/markt\/produkt\/tacobear-nagelstudio-kinder-maedchen-peel-off-nagellack-kinder-nageltrockner-press-on-nagelsticker-nagellack-maschine-nageldesign-nagelset-geschenk-fuer-kinder-maedchen\/\" \/>\n<meta property=\"og:locale\" content=\"de_DE\" \/>\n<meta property=\"og:type\" content=\"article\" \/>\n<meta property=\"og:title\" content=\"Tacobear Nagelstudio Kinder M\u00e4dchen Peel Off Nagellack Kinder Nageltrockner Press On Nagelsticker Nagellack Maschine\u2026 - Markt-XXL\" \/>\n<meta property=\"og:description\" content=\"Markt-XXL Tacobear Nagelstudio Kinder M\u00e4dchen Peel Off Nagellack Kinder Nageltrockner Press On Nagelsticker Nagellack Maschine\u2026\" \/>\n<meta property=\"og:url\" content=\"https:\/\/marktxxl.de\/markt\/produkt\/tacobear-nagelstudio-kinder-maedchen-peel-off-nagellack-kinder-nageltrockner-press-on-nagelsticker-nagellack-maschine-nageldesign-nagelset-geschenk-fuer-kinder-maedchen\/\" \/>\n<meta property=\"og:site_name\" content=\"Markt-XXL\" \/>\n<meta property=\"article:modified_time\" content=\"2023-04-10T03:12:57+00:00\" \/>\n<meta property=\"og:image\" content=\"https:\/\/m.media-amazon.com\/images\/I\/51bwg1JQswL._SL500_.jpg\" \/>\n\t<meta property=\"og:image:width\" content=\"500\" \/>\n\t<meta property=\"og:image:height\" content=\"500\" \/>\n\t<meta property=\"og:image:type\" content=\"image\/jpeg\" \/>\n<meta name=\"twitter:card\" content=\"summary_large_image\" \/>\n<meta name=\"twitter:label1\" content=\"Gesch\u00e4tzte Lesezeit\" \/>\n\t<meta name=\"twitter:data1\" content=\"1\u00a0Minute\" \/>\n<script type=\"application\/ld+json\" class=\"yoast-schema-graph\">{\"@context\":\"https:\\\/\\\/schema.org\",\"@graph\":[{\"@type\":\"WebPage\",\"@id\":\"https:\\\/\\\/marktxxl.de\\\/markt\\\/produkt\\\/tacobear-nagelstudio-kinder-maedchen-peel-off-nagellack-kinder-nageltrockner-press-on-nagelsticker-nagellack-maschine-nageldesign-nagelset-geschenk-fuer-kinder-maedchen\\\/\",\"url\":\"https:\\\/\\\/marktxxl.de\\\/markt\\\/produkt\\\/tacobear-nagelstudio-kinder-maedchen-peel-off-nagellack-kinder-nageltrockner-press-on-nagelsticker-nagellack-maschine-nageldesign-nagelset-geschenk-fuer-kinder-maedchen\\\/\",\"name\":\"Tacobear Nagelstudio Kinder M\u00e4dchen Peel Off Nagellack Kinder Nageltrockner Press On Nagelsticker Nagellack Maschine\u2026 - Markt-XXL\",\"isPartOf\":{\"@id\":\"https:\\\/\\\/marktxxl.de\\\/markt\\\/#website\"},\"primaryImageOfPage\":{\"@id\":\"https:\\\/\\\/marktxxl.de\\\/markt\\\/produkt\\\/tacobear-nagelstudio-kinder-maedchen-peel-off-nagellack-kinder-nageltrockner-press-on-nagelsticker-nagellack-maschine-nageldesign-nagelset-geschenk-fuer-kinder-maedchen\\\/#primaryimage\"},\"image\":{\"@id\":\"https:\\\/\\\/marktxxl.de\\\/markt\\\/produkt\\\/tacobear-nagelstudio-kinder-maedchen-peel-off-nagellack-kinder-nageltrockner-press-on-nagelsticker-nagellack-maschine-nageldesign-nagelset-geschenk-fuer-kinder-maedchen\\\/#primaryimage\"},\"thumbnailUrl\":\"https:\\\/\\\/m.media-amazon.com\\\/images\\\/I\\\/51bwg1JQswL._SL500_.jpg\",\"datePublished\":\"2022-12-11T05:16:14+00:00\",\"dateModified\":\"2023-04-10T03:12:57+00:00\",\"description\":\"Markt-XXL Tacobear Nagelstudio Kinder M\u00e4dchen Peel Off Nagellack Kinder Nageltrockner Press On Nagelsticker Nagellack Maschine\u2026\",\"breadcrumb\":{\"@id\":\"https:\\\/\\\/marktxxl.de\\\/markt\\\/produkt\\\/tacobear-nagelstudio-kinder-maedchen-peel-off-nagellack-kinder-nageltrockner-press-on-nagelsticker-nagellack-maschine-nageldesign-nagelset-geschenk-fuer-kinder-maedchen\\\/#breadcrumb\"},\"inLanguage\":\"de\",\"potentialAction\":[{\"@type\":\"ReadAction\",\"target\":[\"https:\\\/\\\/marktxxl.de\\\/markt\\\/produkt\\\/tacobear-nagelstudio-kinder-maedchen-peel-off-nagellack-kinder-nageltrockner-press-on-nagelsticker-nagellack-maschine-nageldesign-nagelset-geschenk-fuer-kinder-maedchen\\\/\"]}]},{\"@type\":\"ImageObject\",\"inLanguage\":\"de\",\"@id\":\"https:\\\/\\\/marktxxl.de\\\/markt\\\/produkt\\\/tacobear-nagelstudio-kinder-maedchen-peel-off-nagellack-kinder-nageltrockner-press-on-nagelsticker-nagellack-maschine-nageldesign-nagelset-geschenk-fuer-kinder-maedchen\\\/#primaryimage\",\"url\":\"https:\\\/\\\/m.media-amazon.com\\\/images\\\/I\\\/51bwg1JQswL._SL500_.jpg\",\"contentUrl\":\"https:\\\/\\\/m.media-amazon.com\\\/images\\\/I\\\/51bwg1JQswL._SL500_.jpg\",\"width\":500,\"height\":500},{\"@type\":\"BreadcrumbList\",\"@id\":\"https:\\\/\\\/marktxxl.de\\\/markt\\\/produkt\\\/tacobear-nagelstudio-kinder-maedchen-peel-off-nagellack-kinder-nageltrockner-press-on-nagelsticker-nagellack-maschine-nageldesign-nagelset-geschenk-fuer-kinder-maedchen\\\/#breadcrumb\",\"itemListElement\":[{\"@type\":\"ListItem\",\"position\":1,\"name\":\"Startseite\",\"item\":\"https:\\\/\\\/marktxxl.de\\\/markt\\\/\"},{\"@type\":\"ListItem\",\"position\":2,\"name\":\"Markt\",\"item\":\"https:\\\/\\\/marktxxl.de\\\/markt\\\/\"},{\"@type\":\"ListItem\",\"position\":3,\"name\":\"Tacobear Nagelstudio Kinder M\u00e4dchen Peel Off Nagellack Kinder Nageltrockner Press On Nagelsticker Nagellack Maschine\u2026\"}]},{\"@type\":\"WebSite\",\"@id\":\"https:\\\/\\\/marktxxl.de\\\/markt\\\/#website\",\"url\":\"https:\\\/\\\/marktxxl.de\\\/markt\\\/\",\"name\":\"Markt-XXL\",\"description\":\"Ihr Markt Online\",\"publisher\":{\"@id\":\"https:\\\/\\\/marktxxl.de\\\/markt\\\/#organization\"},\"potentialAction\":[{\"@type\":\"SearchAction\",\"target\":{\"@type\":\"EntryPoint\",\"urlTemplate\":\"https:\\\/\\\/marktxxl.de\\\/markt\\\/?s={search_term_string}\"},\"query-input\":{\"@type\":\"PropertyValueSpecification\",\"valueRequired\":true,\"valueName\":\"search_term_string\"}}],\"inLanguage\":\"de\"},{\"@type\":\"Organization\",\"@id\":\"https:\\\/\\\/marktxxl.de\\\/markt\\\/#organization\",\"name\":\"Markt-XXL\",\"url\":\"https:\\\/\\\/marktxxl.de\\\/markt\\\/\",\"logo\":{\"@type\":\"ImageObject\",\"inLanguage\":\"de\",\"@id\":\"https:\\\/\\\/marktxxl.de\\\/markt\\\/#\\\/schema\\\/logo\\\/image\\\/\",\"url\":\"https:\\\/\\\/marktxxl.de\\\/markt\\\/wp-content\\\/uploads\\\/sites\\\/3\\\/2020\\\/12\\\/logo.png\",\"contentUrl\":\"https:\\\/\\\/marktxxl.de\\\/markt\\\/wp-content\\\/uploads\\\/sites\\\/3\\\/2020\\\/12\\\/logo.png\",\"width\":200,\"height\":70,\"caption\":\"Markt-XXL\"},\"image\":{\"@id\":\"https:\\\/\\\/marktxxl.de\\\/markt\\\/#\\\/schema\\\/logo\\\/image\\\/\"}}]}<\/script>\n<!-- \/ Yoast SEO plugin. -->","yoast_head_json":{"title":"Tacobear Nagelstudio Kinder M\u00e4dchen Peel Off Nagellack Kinder Nageltrockner Press On Nagelsticker Nagellack Maschine\u2026 - Markt-XXL","description":"Markt-XXL Tacobear Nagelstudio Kinder M\u00e4dchen Peel Off Nagellack Kinder Nageltrockner Press On Nagelsticker Nagellack Maschine\u2026","robots":{"index":"index","follow":"follow","max-snippet":"max-snippet:-1","max-image-preview":"max-image-preview:large","max-video-preview":"max-video-preview:-1"},"canonical":"https:\/\/marktxxl.de\/markt\/produkt\/tacobear-nagelstudio-kinder-maedchen-peel-off-nagellack-kinder-nageltrockner-press-on-nagelsticker-nagellack-maschine-nageldesign-nagelset-geschenk-fuer-kinder-maedchen\/","og_locale":"de_DE","og_type":"article","og_title":"Tacobear Nagelstudio Kinder M\u00e4dchen Peel Off Nagellack Kinder Nageltrockner Press On Nagelsticker Nagellack Maschine\u2026 - Markt-XXL","og_description":"Markt-XXL Tacobear Nagelstudio Kinder M\u00e4dchen Peel Off Nagellack Kinder Nageltrockner Press On Nagelsticker Nagellack Maschine\u2026","og_url":"https:\/\/marktxxl.de\/markt\/produkt\/tacobear-nagelstudio-kinder-maedchen-peel-off-nagellack-kinder-nageltrockner-press-on-nagelsticker-nagellack-maschine-nageldesign-nagelset-geschenk-fuer-kinder-maedchen\/","og_site_name":"Markt-XXL","article_modified_time":"2023-04-10T03:12:57+00:00","og_image":[{"width":500,"height":500,"url":"https:\/\/m.media-amazon.com\/images\/I\/51bwg1JQswL._SL500_.jpg","type":"image\/jpeg"}],"twitter_card":"summary_large_image","twitter_misc":{"Gesch\u00e4tzte Lesezeit":"1\u00a0Minute"},"schema":{"@context":"https:\/\/schema.org","@graph":[{"@type":"WebPage","@id":"https:\/\/marktxxl.de\/markt\/produkt\/tacobear-nagelstudio-kinder-maedchen-peel-off-nagellack-kinder-nageltrockner-press-on-nagelsticker-nagellack-maschine-nageldesign-nagelset-geschenk-fuer-kinder-maedchen\/","url":"https:\/\/marktxxl.de\/markt\/produkt\/tacobear-nagelstudio-kinder-maedchen-peel-off-nagellack-kinder-nageltrockner-press-on-nagelsticker-nagellack-maschine-nageldesign-nagelset-geschenk-fuer-kinder-maedchen\/","name":"Tacobear Nagelstudio Kinder M\u00e4dchen Peel Off Nagellack Kinder Nageltrockner Press On Nagelsticker Nagellack Maschine\u2026 - Markt-XXL","isPartOf":{"@id":"https:\/\/marktxxl.de\/markt\/#website"},"primaryImageOfPage":{"@id":"https:\/\/marktxxl.de\/markt\/produkt\/tacobear-nagelstudio-kinder-maedchen-peel-off-nagellack-kinder-nageltrockner-press-on-nagelsticker-nagellack-maschine-nageldesign-nagelset-geschenk-fuer-kinder-maedchen\/#primaryimage"},"image":{"@id":"https:\/\/marktxxl.de\/markt\/produkt\/tacobear-nagelstudio-kinder-maedchen-peel-off-nagellack-kinder-nageltrockner-press-on-nagelsticker-nagellack-maschine-nageldesign-nagelset-geschenk-fuer-kinder-maedchen\/#primaryimage"},"thumbnailUrl":"https:\/\/m.media-amazon.com\/images\/I\/51bwg1JQswL._SL500_.jpg","datePublished":"2022-12-11T05:16:14+00:00","dateModified":"2023-04-10T03:12:57+00:00","description":"Markt-XXL Tacobear Nagelstudio Kinder M\u00e4dchen Peel Off Nagellack Kinder Nageltrockner Press On Nagelsticker Nagellack Maschine\u2026","breadcrumb":{"@id":"https:\/\/marktxxl.de\/markt\/produkt\/tacobear-nagelstudio-kinder-maedchen-peel-off-nagellack-kinder-nageltrockner-press-on-nagelsticker-nagellack-maschine-nageldesign-nagelset-geschenk-fuer-kinder-maedchen\/#breadcrumb"},"inLanguage":"de","potentialAction":[{"@type":"ReadAction","target":["https:\/\/marktxxl.de\/markt\/produkt\/tacobear-nagelstudio-kinder-maedchen-peel-off-nagellack-kinder-nageltrockner-press-on-nagelsticker-nagellack-maschine-nageldesign-nagelset-geschenk-fuer-kinder-maedchen\/"]}]},{"@type":"ImageObject","inLanguage":"de","@id":"https:\/\/marktxxl.de\/markt\/produkt\/tacobear-nagelstudio-kinder-maedchen-peel-off-nagellack-kinder-nageltrockner-press-on-nagelsticker-nagellack-maschine-nageldesign-nagelset-geschenk-fuer-kinder-maedchen\/#primaryimage","url":"https:\/\/m.media-amazon.com\/images\/I\/51bwg1JQswL._SL500_.jpg","contentUrl":"https:\/\/m.media-amazon.com\/images\/I\/51bwg1JQswL._SL500_.jpg","width":500,"height":500},{"@type":"BreadcrumbList","@id":"https:\/\/marktxxl.de\/markt\/produkt\/tacobear-nagelstudio-kinder-maedchen-peel-off-nagellack-kinder-nageltrockner-press-on-nagelsticker-nagellack-maschine-nageldesign-nagelset-geschenk-fuer-kinder-maedchen\/#breadcrumb","itemListElement":[{"@type":"ListItem","position":1,"name":"Startseite","item":"https:\/\/marktxxl.de\/markt\/"},{"@type":"ListItem","position":2,"name":"Markt","item":"https:\/\/marktxxl.de\/markt\/"},{"@type":"ListItem","position":3,"name":"Tacobear Nagelstudio Kinder M\u00e4dchen Peel Off Nagellack Kinder Nageltrockner Press On Nagelsticker Nagellack Maschine\u2026"}]},{"@type":"WebSite","@id":"https:\/\/marktxxl.de\/markt\/#website","url":"https:\/\/marktxxl.de\/markt\/","name":"Markt-XXL","description":"Ihr Markt Online","publisher":{"@id":"https:\/\/marktxxl.de\/markt\/#organization"},"potentialAction":[{"@type":"SearchAction","target":{"@type":"EntryPoint","urlTemplate":"https:\/\/marktxxl.de\/markt\/?s={search_term_string}"},"query-input":{"@type":"PropertyValueSpecification","valueRequired":true,"valueName":"search_term_string"}}],"inLanguage":"de"},{"@type":"Organization","@id":"https:\/\/marktxxl.de\/markt\/#organization","name":"Markt-XXL","url":"https:\/\/marktxxl.de\/markt\/","logo":{"@type":"ImageObject","inLanguage":"de","@id":"https:\/\/marktxxl.de\/markt\/#\/schema\/logo\/image\/","url":"https:\/\/marktxxl.de\/markt\/wp-content\/uploads\/sites\/3\/2020\/12\/logo.png","contentUrl":"https:\/\/marktxxl.de\/markt\/wp-content\/uploads\/sites\/3\/2020\/12\/logo.png","width":200,"height":70,"caption":"Markt-XXL"},"image":{"@id":"https:\/\/marktxxl.de\/markt\/#\/schema\/logo\/image\/"}}]}},"_links":{"self":[{"href":"https:\/\/marktxxl.de\/markt\/wp-json\/wp\/v2\/product\/174254","targetHints":{"allow":["GET"]}}],"collection":[{"href":"https:\/\/marktxxl.de\/markt\/wp-json\/wp\/v2\/product"}],"about":[{"href":"https:\/\/marktxxl.de\/markt\/wp-json\/wp\/v2\/types\/product"}],"replies":[{"embeddable":true,"href":"https:\/\/marktxxl.de\/markt\/wp-json\/wp\/v2\/comments?post=174254"}],"wp:featuredmedia":[{"embeddable":true,"href":"https:\/\/marktxxl.de\/markt\/wp-json\/wp\/v2\/media\/174255"}],"wp:attachment":[{"href":"https:\/\/marktxxl.de\/markt\/wp-json\/wp\/v2\/media?parent=174254"}],"wp:term":[{"taxonomy":"product_brand","embeddable":true,"href":"https:\/\/marktxxl.de\/markt\/wp-json\/wp\/v2\/product_brand?post=174254"},{"taxonomy":"product_cat","embeddable":true,"href":"https:\/\/marktxxl.de\/markt\/wp-json\/wp\/v2\/product_cat?post=174254"},{"taxonomy":"product_tag","embeddable":true,"href":"https:\/\/marktxxl.de\/markt\/wp-json\/wp\/v2\/product_tag?post=174254"}],"curies":[{"name":"wp","href":"https:\/\/api.w.org\/{rel}","templated":true}]}}