{"id":174247,"date":"2022-12-11T06:16:03","date_gmt":"2022-12-11T05:16:03","guid":{"rendered":"https:\/\/marktxxl.de\/markt\/produkt\/l-o-l-surprise-townley-girl-rucksack-kosmetik-make-up-set-10-teilig-inklusive-lipgloss-nagellack-haargummi-spiegel-und-ueberraschungs-schluesselanhaenger-ab-5-jahren\/"},"modified":"2023-04-10T05:12:56","modified_gmt":"2023-04-10T03:12:56","slug":"l-o-l-surprise-townley-girl-rucksack-kosmetik-make-up-set-10-teilig-inklusive-lipgloss-nagellack-haargummi-spiegel-und-ueberraschungs-schluesselanhaenger-ab-5-jahren","status":"publish","type":"product","link":"https:\/\/marktxxl.de\/markt\/produkt\/l-o-l-surprise-townley-girl-rucksack-kosmetik-make-up-set-10-teilig-inklusive-lipgloss-nagellack-haargummi-spiegel-und-ueberraschungs-schluesselanhaenger-ab-5-jahren\/","title":{"rendered":"L.O.L Surprise! Townley Girl Rucksack Kosmetik Make-up Set 10-teilig, inklusive Lipgloss, Nagellack, Haargummi, Spiegel\u2026"},"content":{"rendered":"<p>Sicher f\u00fcr Kinder ab 5 Jahren: Unsere ungiftige, wasserbasierte und mit Kaugummi-Duft duftende Nagellack-Formel macht sie sicher f\u00fcr Ihre Kinder. Unsere Lipglosse sind ungiftig und auf Wasserbasis. Sie sind nicht schmutzig, da sie mit Wasser ausgewaschen werden<br \/>\nNagellackentferner nicht erforderlich: Einfach getrockneten Nagellack abziehen, um ihn von den N\u00e4geln zu entfernen. Sie m\u00fcssen Ihr Kind nicht sch\u00e4dlichen D\u00e4mpfen und Chemikalien aussetzen, die in Standard-Nagellackentferner enthalten sind.<br \/>\nMehr Spa\u00df f\u00fcr alle: Dieses ultimative Makeover-Set ist die perfekte Aktivit\u00e4t, die sie mit ihren Freunden bei \u00dcbernachtungen, Make-up-Partys, Geburtstagsfeiern und mehr teilen kann<br \/>\nDas Set beinhaltet: 2 Nagellacke, 2 Roll-On-Lipglosses, 1 \u00dcberraschungs-Schl\u00fcsselanh\u00e4nger, 1 Spiegel, 1 Lippenbalsam, 1 Nagelfeile und 1 metallisches Haargummi, alles verpackt in einem Rucksack.<br \/>\nLassen Sie Ihrer Kreativit\u00e4t freien Lauf. Dieses erstaunliche Makeover-Set enth\u00e4lt alles, was Sie brauchen, um einen schillernden Sch\u00f6nheitslook zu kreieren. Mit mehreren Nagellackfarben und Nagelfeile, Lipglosse und mehr wird sie so viel Spa\u00df haben. Und das Beste daran ist, dass sie all diese Beauty-Essentials mitnehmen kann, indem sie sie in ihrem neuen L.O.L. Rucksack!<br \/>\n<div class=\"main-cross-sell\" data-asin=\"B08CG3MW4X\">\n\n\t<div class=\"WooZone-cross-sell-loader\">\n\t\t<div>\n\t\t\t<div id=\"floatingBarsG\">\n\t\t\t\t<div class=\"blockG\" id=\"rotateG_01\"><\/div>\n\t\t\t\t<div class=\"blockG\" id=\"rotateG_02\"><\/div>\n\t\t\t\t<div class=\"blockG\" id=\"rotateG_03\"><\/div>\n\t\t\t\t<div class=\"blockG\" id=\"rotateG_04\"><\/div>\n\t\t\t\t<div class=\"blockG\" id=\"rotateG_05\"><\/div>\n\t\t\t\t<div class=\"blockG\" id=\"rotateG_06\"><\/div>\n\t\t\t\t<div class=\"blockG\" id=\"rotateG_07\"><\/div>\n\t\t\t\t<div class=\"blockG\" id=\"rotateG_08\"><\/div>\n\t\t\t<\/div>\n\t\t\t<div class=\"WooZone-cross-sell-loader-text\"><\/div>\n\t\t<\/div>\n\t<\/div>\n\n\t\t\n<\/div>\n<div style=\"clear:both;\"><\/div><\/p>\n","protected":false},"excerpt":{"rendered":"<p>Sicher f\u00fcr Kinder ab 5 Jahren: Unsere ungiftige, wasserbasierte und mit Kaugummi-Duft duftende Nagellack-Formel macht sie sicher f\u00fcr Ihre Kinder. Unsere Lipglosse sind ungiftig und auf Wasserbasis. Sie sind nicht schmutzig, da sie mit Wasser ausgewaschen werden<br \/>\nNagellackentferner nicht erforderlich: Einfach getrockneten Nagellack abziehen, um ihn von den N\u00e4geln zu entfernen. Sie m\u00fcssen Ihr Kind nicht sch\u00e4dlichen D\u00e4mpfen und Chemikalien aussetzen, die in Standard-Nagellackentferner enthalten sind.<br \/>\nMehr Spa\u00df f\u00fcr alle: Dieses ultimative Makeover-Set ist die perfekte Aktivit\u00e4t, die sie mit ihren Freunden bei \u00dcbernachtungen, Make-up-Partys, Geburtstagsfeiern und mehr teilen kann<\/p>\n","protected":false},"featured_media":174248,"comment_status":"open","ping_status":"closed","template":"","meta":[],"product_brand":[],"product_cat":[2858,7659],"product_tag":[],"class_list":{"0":"post-174247","1":"product","2":"type-product","3":"status-publish","4":"has-post-thumbnail","6":"product_cat-beauty","7":"product_cat-manikuere-pedikuere","8":"pa_binding-luggage","9":"pa_brand-townley-girl","10":"pa_color-muti","11":"pa_height-10-5-zoll","12":"pa_length-0-7-zoll","13":"pa_manufacturer-townley-girl","14":"pa_model-ll0058ga","15":"pa_size-s","16":"pa_weight-0-6-pfund","17":"pa_width-9-zoll","19":"first","20":"instock","21":"shipping-taxable","22":"purchasable","23":"product-type-simple","24":"customify-col","25":"product-has-gallery"},"yoast_head":"<!-- This site is optimized with the Yoast SEO plugin v27.4 - https:\/\/yoast.com\/product\/yoast-seo-wordpress\/ -->\n<title>L.O.L Surprise! Townley Girl Rucksack Kosmetik Make-up Set 10-teilig, inklusive Lipgloss, Nagellack, Haargummi, Spiegel\u2026 - Markt-XXL<\/title>\n<meta name=\"description\" content=\"Markt-XXL L.O.L Surprise! Townley Girl Rucksack Kosmetik Make-up Set 10-teilig, inklusive Lipgloss, Nagellack, Haargummi, Spiegel\u2026\" \/>\n<meta name=\"robots\" content=\"index, follow, max-snippet:-1, max-image-preview:large, max-video-preview:-1\" \/>\n<link rel=\"canonical\" href=\"https:\/\/marktxxl.de\/markt\/produkt\/l-o-l-surprise-townley-girl-rucksack-kosmetik-make-up-set-10-teilig-inklusive-lipgloss-nagellack-haargummi-spiegel-und-ueberraschungs-schluesselanhaenger-ab-5-jahren\/\" \/>\n<meta property=\"og:locale\" content=\"de_DE\" \/>\n<meta property=\"og:type\" content=\"article\" \/>\n<meta property=\"og:title\" content=\"L.O.L Surprise! Townley Girl Rucksack Kosmetik Make-up Set 10-teilig, inklusive Lipgloss, Nagellack, Haargummi, Spiegel\u2026 - Markt-XXL\" \/>\n<meta property=\"og:description\" content=\"Markt-XXL L.O.L Surprise! Townley Girl Rucksack Kosmetik Make-up Set 10-teilig, inklusive Lipgloss, Nagellack, Haargummi, Spiegel\u2026\" \/>\n<meta property=\"og:url\" content=\"https:\/\/marktxxl.de\/markt\/produkt\/l-o-l-surprise-townley-girl-rucksack-kosmetik-make-up-set-10-teilig-inklusive-lipgloss-nagellack-haargummi-spiegel-und-ueberraschungs-schluesselanhaenger-ab-5-jahren\/\" \/>\n<meta property=\"og:site_name\" content=\"Markt-XXL\" \/>\n<meta property=\"article:modified_time\" content=\"2023-04-10T03:12:56+00:00\" \/>\n<meta property=\"og:image\" content=\"https:\/\/m.media-amazon.com\/images\/I\/51VntymRMxL._SL500_.jpg\" \/>\n\t<meta property=\"og:image:width\" content=\"500\" \/>\n\t<meta property=\"og:image:height\" content=\"500\" \/>\n\t<meta property=\"og:image:type\" content=\"image\/jpeg\" \/>\n<meta name=\"twitter:card\" content=\"summary_large_image\" \/>\n<meta name=\"twitter:label1\" content=\"Gesch\u00e4tzte Lesezeit\" \/>\n\t<meta name=\"twitter:data1\" content=\"1\u00a0Minute\" \/>\n<script type=\"application\/ld+json\" class=\"yoast-schema-graph\">{\"@context\":\"https:\\\/\\\/schema.org\",\"@graph\":[{\"@type\":\"WebPage\",\"@id\":\"https:\\\/\\\/marktxxl.de\\\/markt\\\/produkt\\\/l-o-l-surprise-townley-girl-rucksack-kosmetik-make-up-set-10-teilig-inklusive-lipgloss-nagellack-haargummi-spiegel-und-ueberraschungs-schluesselanhaenger-ab-5-jahren\\\/\",\"url\":\"https:\\\/\\\/marktxxl.de\\\/markt\\\/produkt\\\/l-o-l-surprise-townley-girl-rucksack-kosmetik-make-up-set-10-teilig-inklusive-lipgloss-nagellack-haargummi-spiegel-und-ueberraschungs-schluesselanhaenger-ab-5-jahren\\\/\",\"name\":\"L.O.L Surprise! Townley Girl Rucksack Kosmetik Make-up Set 10-teilig, inklusive Lipgloss, Nagellack, Haargummi, Spiegel\u2026 - Markt-XXL\",\"isPartOf\":{\"@id\":\"https:\\\/\\\/marktxxl.de\\\/markt\\\/#website\"},\"primaryImageOfPage\":{\"@id\":\"https:\\\/\\\/marktxxl.de\\\/markt\\\/produkt\\\/l-o-l-surprise-townley-girl-rucksack-kosmetik-make-up-set-10-teilig-inklusive-lipgloss-nagellack-haargummi-spiegel-und-ueberraschungs-schluesselanhaenger-ab-5-jahren\\\/#primaryimage\"},\"image\":{\"@id\":\"https:\\\/\\\/marktxxl.de\\\/markt\\\/produkt\\\/l-o-l-surprise-townley-girl-rucksack-kosmetik-make-up-set-10-teilig-inklusive-lipgloss-nagellack-haargummi-spiegel-und-ueberraschungs-schluesselanhaenger-ab-5-jahren\\\/#primaryimage\"},\"thumbnailUrl\":\"https:\\\/\\\/m.media-amazon.com\\\/images\\\/I\\\/51VntymRMxL._SL500_.jpg\",\"datePublished\":\"2022-12-11T05:16:03+00:00\",\"dateModified\":\"2023-04-10T03:12:56+00:00\",\"description\":\"Markt-XXL L.O.L Surprise! Townley Girl Rucksack Kosmetik Make-up Set 10-teilig, inklusive Lipgloss, Nagellack, Haargummi, Spiegel\u2026\",\"breadcrumb\":{\"@id\":\"https:\\\/\\\/marktxxl.de\\\/markt\\\/produkt\\\/l-o-l-surprise-townley-girl-rucksack-kosmetik-make-up-set-10-teilig-inklusive-lipgloss-nagellack-haargummi-spiegel-und-ueberraschungs-schluesselanhaenger-ab-5-jahren\\\/#breadcrumb\"},\"inLanguage\":\"de\",\"potentialAction\":[{\"@type\":\"ReadAction\",\"target\":[\"https:\\\/\\\/marktxxl.de\\\/markt\\\/produkt\\\/l-o-l-surprise-townley-girl-rucksack-kosmetik-make-up-set-10-teilig-inklusive-lipgloss-nagellack-haargummi-spiegel-und-ueberraschungs-schluesselanhaenger-ab-5-jahren\\\/\"]}]},{\"@type\":\"ImageObject\",\"inLanguage\":\"de\",\"@id\":\"https:\\\/\\\/marktxxl.de\\\/markt\\\/produkt\\\/l-o-l-surprise-townley-girl-rucksack-kosmetik-make-up-set-10-teilig-inklusive-lipgloss-nagellack-haargummi-spiegel-und-ueberraschungs-schluesselanhaenger-ab-5-jahren\\\/#primaryimage\",\"url\":\"https:\\\/\\\/m.media-amazon.com\\\/images\\\/I\\\/51VntymRMxL._SL500_.jpg\",\"contentUrl\":\"https:\\\/\\\/m.media-amazon.com\\\/images\\\/I\\\/51VntymRMxL._SL500_.jpg\",\"width\":500,\"height\":500},{\"@type\":\"BreadcrumbList\",\"@id\":\"https:\\\/\\\/marktxxl.de\\\/markt\\\/produkt\\\/l-o-l-surprise-townley-girl-rucksack-kosmetik-make-up-set-10-teilig-inklusive-lipgloss-nagellack-haargummi-spiegel-und-ueberraschungs-schluesselanhaenger-ab-5-jahren\\\/#breadcrumb\",\"itemListElement\":[{\"@type\":\"ListItem\",\"position\":1,\"name\":\"Startseite\",\"item\":\"https:\\\/\\\/marktxxl.de\\\/markt\\\/\"},{\"@type\":\"ListItem\",\"position\":2,\"name\":\"Markt\",\"item\":\"https:\\\/\\\/marktxxl.de\\\/markt\\\/\"},{\"@type\":\"ListItem\",\"position\":3,\"name\":\"L.O.L Surprise! Townley Girl Rucksack Kosmetik Make-up Set 10-teilig, inklusive Lipgloss, Nagellack, Haargummi, Spiegel\u2026\"}]},{\"@type\":\"WebSite\",\"@id\":\"https:\\\/\\\/marktxxl.de\\\/markt\\\/#website\",\"url\":\"https:\\\/\\\/marktxxl.de\\\/markt\\\/\",\"name\":\"Markt-XXL\",\"description\":\"Ihr Markt Online\",\"publisher\":{\"@id\":\"https:\\\/\\\/marktxxl.de\\\/markt\\\/#organization\"},\"potentialAction\":[{\"@type\":\"SearchAction\",\"target\":{\"@type\":\"EntryPoint\",\"urlTemplate\":\"https:\\\/\\\/marktxxl.de\\\/markt\\\/?s={search_term_string}\"},\"query-input\":{\"@type\":\"PropertyValueSpecification\",\"valueRequired\":true,\"valueName\":\"search_term_string\"}}],\"inLanguage\":\"de\"},{\"@type\":\"Organization\",\"@id\":\"https:\\\/\\\/marktxxl.de\\\/markt\\\/#organization\",\"name\":\"Markt-XXL\",\"url\":\"https:\\\/\\\/marktxxl.de\\\/markt\\\/\",\"logo\":{\"@type\":\"ImageObject\",\"inLanguage\":\"de\",\"@id\":\"https:\\\/\\\/marktxxl.de\\\/markt\\\/#\\\/schema\\\/logo\\\/image\\\/\",\"url\":\"https:\\\/\\\/marktxxl.de\\\/markt\\\/wp-content\\\/uploads\\\/sites\\\/3\\\/2020\\\/12\\\/logo.png\",\"contentUrl\":\"https:\\\/\\\/marktxxl.de\\\/markt\\\/wp-content\\\/uploads\\\/sites\\\/3\\\/2020\\\/12\\\/logo.png\",\"width\":200,\"height\":70,\"caption\":\"Markt-XXL\"},\"image\":{\"@id\":\"https:\\\/\\\/marktxxl.de\\\/markt\\\/#\\\/schema\\\/logo\\\/image\\\/\"}}]}<\/script>\n<!-- \/ Yoast SEO plugin. -->","yoast_head_json":{"title":"L.O.L Surprise! Townley Girl Rucksack Kosmetik Make-up Set 10-teilig, inklusive Lipgloss, Nagellack, Haargummi, Spiegel\u2026 - Markt-XXL","description":"Markt-XXL L.O.L Surprise! Townley Girl Rucksack Kosmetik Make-up Set 10-teilig, inklusive Lipgloss, Nagellack, Haargummi, Spiegel\u2026","robots":{"index":"index","follow":"follow","max-snippet":"max-snippet:-1","max-image-preview":"max-image-preview:large","max-video-preview":"max-video-preview:-1"},"canonical":"https:\/\/marktxxl.de\/markt\/produkt\/l-o-l-surprise-townley-girl-rucksack-kosmetik-make-up-set-10-teilig-inklusive-lipgloss-nagellack-haargummi-spiegel-und-ueberraschungs-schluesselanhaenger-ab-5-jahren\/","og_locale":"de_DE","og_type":"article","og_title":"L.O.L Surprise! Townley Girl Rucksack Kosmetik Make-up Set 10-teilig, inklusive Lipgloss, Nagellack, Haargummi, Spiegel\u2026 - Markt-XXL","og_description":"Markt-XXL L.O.L Surprise! Townley Girl Rucksack Kosmetik Make-up Set 10-teilig, inklusive Lipgloss, Nagellack, Haargummi, Spiegel\u2026","og_url":"https:\/\/marktxxl.de\/markt\/produkt\/l-o-l-surprise-townley-girl-rucksack-kosmetik-make-up-set-10-teilig-inklusive-lipgloss-nagellack-haargummi-spiegel-und-ueberraschungs-schluesselanhaenger-ab-5-jahren\/","og_site_name":"Markt-XXL","article_modified_time":"2023-04-10T03:12:56+00:00","og_image":[{"width":500,"height":500,"url":"https:\/\/m.media-amazon.com\/images\/I\/51VntymRMxL._SL500_.jpg","type":"image\/jpeg"}],"twitter_card":"summary_large_image","twitter_misc":{"Gesch\u00e4tzte Lesezeit":"1\u00a0Minute"},"schema":{"@context":"https:\/\/schema.org","@graph":[{"@type":"WebPage","@id":"https:\/\/marktxxl.de\/markt\/produkt\/l-o-l-surprise-townley-girl-rucksack-kosmetik-make-up-set-10-teilig-inklusive-lipgloss-nagellack-haargummi-spiegel-und-ueberraschungs-schluesselanhaenger-ab-5-jahren\/","url":"https:\/\/marktxxl.de\/markt\/produkt\/l-o-l-surprise-townley-girl-rucksack-kosmetik-make-up-set-10-teilig-inklusive-lipgloss-nagellack-haargummi-spiegel-und-ueberraschungs-schluesselanhaenger-ab-5-jahren\/","name":"L.O.L Surprise! Townley Girl Rucksack Kosmetik Make-up Set 10-teilig, inklusive Lipgloss, Nagellack, Haargummi, Spiegel\u2026 - Markt-XXL","isPartOf":{"@id":"https:\/\/marktxxl.de\/markt\/#website"},"primaryImageOfPage":{"@id":"https:\/\/marktxxl.de\/markt\/produkt\/l-o-l-surprise-townley-girl-rucksack-kosmetik-make-up-set-10-teilig-inklusive-lipgloss-nagellack-haargummi-spiegel-und-ueberraschungs-schluesselanhaenger-ab-5-jahren\/#primaryimage"},"image":{"@id":"https:\/\/marktxxl.de\/markt\/produkt\/l-o-l-surprise-townley-girl-rucksack-kosmetik-make-up-set-10-teilig-inklusive-lipgloss-nagellack-haargummi-spiegel-und-ueberraschungs-schluesselanhaenger-ab-5-jahren\/#primaryimage"},"thumbnailUrl":"https:\/\/m.media-amazon.com\/images\/I\/51VntymRMxL._SL500_.jpg","datePublished":"2022-12-11T05:16:03+00:00","dateModified":"2023-04-10T03:12:56+00:00","description":"Markt-XXL L.O.L Surprise! Townley Girl Rucksack Kosmetik Make-up Set 10-teilig, inklusive Lipgloss, Nagellack, Haargummi, Spiegel\u2026","breadcrumb":{"@id":"https:\/\/marktxxl.de\/markt\/produkt\/l-o-l-surprise-townley-girl-rucksack-kosmetik-make-up-set-10-teilig-inklusive-lipgloss-nagellack-haargummi-spiegel-und-ueberraschungs-schluesselanhaenger-ab-5-jahren\/#breadcrumb"},"inLanguage":"de","potentialAction":[{"@type":"ReadAction","target":["https:\/\/marktxxl.de\/markt\/produkt\/l-o-l-surprise-townley-girl-rucksack-kosmetik-make-up-set-10-teilig-inklusive-lipgloss-nagellack-haargummi-spiegel-und-ueberraschungs-schluesselanhaenger-ab-5-jahren\/"]}]},{"@type":"ImageObject","inLanguage":"de","@id":"https:\/\/marktxxl.de\/markt\/produkt\/l-o-l-surprise-townley-girl-rucksack-kosmetik-make-up-set-10-teilig-inklusive-lipgloss-nagellack-haargummi-spiegel-und-ueberraschungs-schluesselanhaenger-ab-5-jahren\/#primaryimage","url":"https:\/\/m.media-amazon.com\/images\/I\/51VntymRMxL._SL500_.jpg","contentUrl":"https:\/\/m.media-amazon.com\/images\/I\/51VntymRMxL._SL500_.jpg","width":500,"height":500},{"@type":"BreadcrumbList","@id":"https:\/\/marktxxl.de\/markt\/produkt\/l-o-l-surprise-townley-girl-rucksack-kosmetik-make-up-set-10-teilig-inklusive-lipgloss-nagellack-haargummi-spiegel-und-ueberraschungs-schluesselanhaenger-ab-5-jahren\/#breadcrumb","itemListElement":[{"@type":"ListItem","position":1,"name":"Startseite","item":"https:\/\/marktxxl.de\/markt\/"},{"@type":"ListItem","position":2,"name":"Markt","item":"https:\/\/marktxxl.de\/markt\/"},{"@type":"ListItem","position":3,"name":"L.O.L Surprise! Townley Girl Rucksack Kosmetik Make-up Set 10-teilig, inklusive Lipgloss, Nagellack, Haargummi, Spiegel\u2026"}]},{"@type":"WebSite","@id":"https:\/\/marktxxl.de\/markt\/#website","url":"https:\/\/marktxxl.de\/markt\/","name":"Markt-XXL","description":"Ihr Markt Online","publisher":{"@id":"https:\/\/marktxxl.de\/markt\/#organization"},"potentialAction":[{"@type":"SearchAction","target":{"@type":"EntryPoint","urlTemplate":"https:\/\/marktxxl.de\/markt\/?s={search_term_string}"},"query-input":{"@type":"PropertyValueSpecification","valueRequired":true,"valueName":"search_term_string"}}],"inLanguage":"de"},{"@type":"Organization","@id":"https:\/\/marktxxl.de\/markt\/#organization","name":"Markt-XXL","url":"https:\/\/marktxxl.de\/markt\/","logo":{"@type":"ImageObject","inLanguage":"de","@id":"https:\/\/marktxxl.de\/markt\/#\/schema\/logo\/image\/","url":"https:\/\/marktxxl.de\/markt\/wp-content\/uploads\/sites\/3\/2020\/12\/logo.png","contentUrl":"https:\/\/marktxxl.de\/markt\/wp-content\/uploads\/sites\/3\/2020\/12\/logo.png","width":200,"height":70,"caption":"Markt-XXL"},"image":{"@id":"https:\/\/marktxxl.de\/markt\/#\/schema\/logo\/image\/"}}]}},"_links":{"self":[{"href":"https:\/\/marktxxl.de\/markt\/wp-json\/wp\/v2\/product\/174247","targetHints":{"allow":["GET"]}}],"collection":[{"href":"https:\/\/marktxxl.de\/markt\/wp-json\/wp\/v2\/product"}],"about":[{"href":"https:\/\/marktxxl.de\/markt\/wp-json\/wp\/v2\/types\/product"}],"replies":[{"embeddable":true,"href":"https:\/\/marktxxl.de\/markt\/wp-json\/wp\/v2\/comments?post=174247"}],"wp:featuredmedia":[{"embeddable":true,"href":"https:\/\/marktxxl.de\/markt\/wp-json\/wp\/v2\/media\/174248"}],"wp:attachment":[{"href":"https:\/\/marktxxl.de\/markt\/wp-json\/wp\/v2\/media?parent=174247"}],"wp:term":[{"taxonomy":"product_brand","embeddable":true,"href":"https:\/\/marktxxl.de\/markt\/wp-json\/wp\/v2\/product_brand?post=174247"},{"taxonomy":"product_cat","embeddable":true,"href":"https:\/\/marktxxl.de\/markt\/wp-json\/wp\/v2\/product_cat?post=174247"},{"taxonomy":"product_tag","embeddable":true,"href":"https:\/\/marktxxl.de\/markt\/wp-json\/wp\/v2\/product_tag?post=174247"}],"curies":[{"name":"wp","href":"https:\/\/api.w.org\/{rel}","templated":true}]}}