{"id":174244,"date":"2022-12-11T06:14:48","date_gmt":"2022-12-11T05:14:48","guid":{"rendered":"https:\/\/marktxxl.de\/markt\/produkt\/neonail-primer-vitamins-72-ml\/"},"modified":"2023-04-10T05:12:56","modified_gmt":"2023-04-10T03:12:56","slug":"neonail-primer-vitamins-72-ml","status":"publish","type":"product","link":"https:\/\/marktxxl.de\/markt\/produkt\/neonail-primer-vitamins-72-ml\/","title":{"rendered":"NEONAIL Primer Vitamins 7,2 ml"},"content":{"rendered":"<p>Primer Vitamins ist ein s\u00e4urefreies Pr\u00e4parat, das die Haftung der Basis an die nat\u00fcrliche Nagelplatte erh\u00f6ht. Angereichert mit Vitaminen nimmt es pflegende Eigenschaften an. Sie k\u00f6nnen es bei der Hybrid-, Gel- und Acrylmethode verwenden.<br \/>\nDie in der Zusammensetzung enthaltenen Vitamine A, E, B7 und B8 sowie Calciumpantothenat haben pflegende und verst\u00e4rkende Eigenschaften. Daher wird empfohlen, Primer Vitamins auch auf einer besch\u00e4digten oder br\u00fcchigen Nagelplatte zu verwenden.<br \/>\nEine innovative Formel, die die Einf\u00fchrung eines Vitaminkomplexes erm\u00f6glichte, schw\u00e4cht die Hafteigenschaften nicht \u2013 das Produkt wirkt wie ein doppelseitiges Klebeband, das den Nagel und die aufgebrachte Basis miteinander verbindet.<br \/>\nInhaltsstoffe nat\u00fcrlichen Ursprungs beseitigen das Brenngef\u00fchl in der Lampe. Sie verhindern eine zu starke Bef\u00fcllung weiterer aufzubringender Produkte mit Luft und das Lifting (Zusammenziehen des Produkts). Primer Vitamins ist dank der neuen Formel sanft, nicht-invasiv und erm\u00f6glicht die Arbeit auch an sehr besch\u00e4digter Nagelplatte.<br \/>\nEs verl\u00e4ngert die Haltbarkeit des Stylings und sorgt f\u00fcr Sicherheit \u2013 zum Wohl Ihrer N\u00e4gel!<br \/>\n<div class=\"main-cross-sell\" data-asin=\"B07N6F4FQ4\">\n\n\t<div class=\"WooZone-cross-sell-loader\">\n\t\t<div>\n\t\t\t<div id=\"floatingBarsG\">\n\t\t\t\t<div class=\"blockG\" id=\"rotateG_01\"><\/div>\n\t\t\t\t<div class=\"blockG\" id=\"rotateG_02\"><\/div>\n\t\t\t\t<div class=\"blockG\" id=\"rotateG_03\"><\/div>\n\t\t\t\t<div class=\"blockG\" id=\"rotateG_04\"><\/div>\n\t\t\t\t<div class=\"blockG\" id=\"rotateG_05\"><\/div>\n\t\t\t\t<div class=\"blockG\" id=\"rotateG_06\"><\/div>\n\t\t\t\t<div class=\"blockG\" id=\"rotateG_07\"><\/div>\n\t\t\t\t<div class=\"blockG\" id=\"rotateG_08\"><\/div>\n\t\t\t<\/div>\n\t\t\t<div class=\"WooZone-cross-sell-loader-text\"><\/div>\n\t\t<\/div>\n\t<\/div>\n\n\t\t\n<\/div>\n<div style=\"clear:both;\"><\/div><\/p>\n","protected":false},"excerpt":{"rendered":"<p>Primer Vitamins ist ein s\u00e4urefreies Pr\u00e4parat, das die Haftung der Basis an die nat\u00fcrliche Nagelplatte erh\u00f6ht. Angereichert mit Vitaminen nimmt es pflegende Eigenschaften an. Sie k\u00f6nnen es bei der Hybrid-, Gel- und Acrylmethode verwenden.<br \/>\nDie in der Zusammensetzung enthaltenen Vitamine A, E, B7 und B8 sowie Calciumpantothenat haben pflegende und verst\u00e4rkende Eigenschaften. Daher wird empfohlen, Primer Vitamins auch auf einer besch\u00e4digten oder br\u00fcchigen Nagelplatte zu verwenden.<br \/>\nEine innovative Formel, die die Einf\u00fchrung eines Vitaminkomplexes erm\u00f6glichte, schw\u00e4cht die Hafteigenschaften nicht \u2013 das Produkt wirkt wie ein doppelseitiges Klebeband, das den Nagel und die aufgebrachte Basis miteinander verbindet.<\/p>\n","protected":false},"featured_media":174245,"comment_status":"open","ping_status":"closed","template":"","meta":[],"product_brand":[],"product_cat":[2858,7659],"product_tag":[],"class_list":{"0":"post-174244","1":"product","2":"type-product","3":"status-publish","4":"has-post-thumbnail","6":"product_cat-beauty","7":"product_cat-manikuere-pedikuere","8":"pa_binding-misc","9":"pa_brand-neonail","10":"pa_manufacturer-neonail","11":"pa_size-7-2-ml-1er-pack","13":"first","14":"instock","15":"shipping-taxable","16":"purchasable","17":"product-type-simple","18":"customify-col","19":"product-has-gallery"},"yoast_head":"<!-- This site is optimized with the Yoast SEO plugin v27.3 - https:\/\/yoast.com\/product\/yoast-seo-wordpress\/ -->\n<title>NEONAIL Primer Vitamins 7,2 ml - Markt-XXL<\/title>\n<meta name=\"description\" content=\"Markt-XXL NEONAIL Primer Vitamins 7,2 ml\" \/>\n<meta name=\"robots\" content=\"index, follow, max-snippet:-1, max-image-preview:large, max-video-preview:-1\" \/>\n<link rel=\"canonical\" href=\"https:\/\/marktxxl.de\/markt\/produkt\/neonail-primer-vitamins-72-ml\/\" \/>\n<meta property=\"og:locale\" content=\"de_DE\" \/>\n<meta property=\"og:type\" content=\"article\" \/>\n<meta property=\"og:title\" content=\"NEONAIL Primer Vitamins 7,2 ml - Markt-XXL\" \/>\n<meta property=\"og:description\" content=\"Markt-XXL NEONAIL Primer Vitamins 7,2 ml\" \/>\n<meta property=\"og:url\" content=\"https:\/\/marktxxl.de\/markt\/produkt\/neonail-primer-vitamins-72-ml\/\" \/>\n<meta property=\"og:site_name\" content=\"Markt-XXL\" \/>\n<meta property=\"article:modified_time\" content=\"2023-04-10T03:12:56+00:00\" \/>\n<meta property=\"og:image\" content=\"https:\/\/m.media-amazon.com\/images\/I\/31FQnMOCsiL._SL500_.jpg\" \/>\n\t<meta property=\"og:image:width\" content=\"500\" \/>\n\t<meta property=\"og:image:height\" content=\"500\" \/>\n\t<meta property=\"og:image:type\" content=\"image\/jpeg\" \/>\n<meta name=\"twitter:card\" content=\"summary_large_image\" \/>\n<meta name=\"twitter:label1\" content=\"Gesch\u00e4tzte Lesezeit\" \/>\n\t<meta name=\"twitter:data1\" content=\"1\u00a0Minute\" \/>\n<script type=\"application\/ld+json\" class=\"yoast-schema-graph\">{\"@context\":\"https:\\\/\\\/schema.org\",\"@graph\":[{\"@type\":\"WebPage\",\"@id\":\"https:\\\/\\\/marktxxl.de\\\/markt\\\/produkt\\\/neonail-primer-vitamins-72-ml\\\/\",\"url\":\"https:\\\/\\\/marktxxl.de\\\/markt\\\/produkt\\\/neonail-primer-vitamins-72-ml\\\/\",\"name\":\"NEONAIL Primer Vitamins 7,2 ml - Markt-XXL\",\"isPartOf\":{\"@id\":\"https:\\\/\\\/marktxxl.de\\\/markt\\\/#website\"},\"primaryImageOfPage\":{\"@id\":\"https:\\\/\\\/marktxxl.de\\\/markt\\\/produkt\\\/neonail-primer-vitamins-72-ml\\\/#primaryimage\"},\"image\":{\"@id\":\"https:\\\/\\\/marktxxl.de\\\/markt\\\/produkt\\\/neonail-primer-vitamins-72-ml\\\/#primaryimage\"},\"thumbnailUrl\":\"https:\\\/\\\/m.media-amazon.com\\\/images\\\/I\\\/31FQnMOCsiL._SL500_.jpg\",\"datePublished\":\"2022-12-11T05:14:48+00:00\",\"dateModified\":\"2023-04-10T03:12:56+00:00\",\"description\":\"Markt-XXL NEONAIL Primer Vitamins 7,2 ml\",\"breadcrumb\":{\"@id\":\"https:\\\/\\\/marktxxl.de\\\/markt\\\/produkt\\\/neonail-primer-vitamins-72-ml\\\/#breadcrumb\"},\"inLanguage\":\"de\",\"potentialAction\":[{\"@type\":\"ReadAction\",\"target\":[\"https:\\\/\\\/marktxxl.de\\\/markt\\\/produkt\\\/neonail-primer-vitamins-72-ml\\\/\"]}]},{\"@type\":\"ImageObject\",\"inLanguage\":\"de\",\"@id\":\"https:\\\/\\\/marktxxl.de\\\/markt\\\/produkt\\\/neonail-primer-vitamins-72-ml\\\/#primaryimage\",\"url\":\"https:\\\/\\\/m.media-amazon.com\\\/images\\\/I\\\/31FQnMOCsiL._SL500_.jpg\",\"contentUrl\":\"https:\\\/\\\/m.media-amazon.com\\\/images\\\/I\\\/31FQnMOCsiL._SL500_.jpg\",\"width\":500,\"height\":500},{\"@type\":\"BreadcrumbList\",\"@id\":\"https:\\\/\\\/marktxxl.de\\\/markt\\\/produkt\\\/neonail-primer-vitamins-72-ml\\\/#breadcrumb\",\"itemListElement\":[{\"@type\":\"ListItem\",\"position\":1,\"name\":\"Startseite\",\"item\":\"https:\\\/\\\/marktxxl.de\\\/markt\\\/\"},{\"@type\":\"ListItem\",\"position\":2,\"name\":\"Markt\",\"item\":\"https:\\\/\\\/marktxxl.de\\\/markt\\\/\"},{\"@type\":\"ListItem\",\"position\":3,\"name\":\"NEONAIL Primer Vitamins 7,2 ml\"}]},{\"@type\":\"WebSite\",\"@id\":\"https:\\\/\\\/marktxxl.de\\\/markt\\\/#website\",\"url\":\"https:\\\/\\\/marktxxl.de\\\/markt\\\/\",\"name\":\"Markt-XXL\",\"description\":\"Ihr Markt Online\",\"publisher\":{\"@id\":\"https:\\\/\\\/marktxxl.de\\\/markt\\\/#organization\"},\"potentialAction\":[{\"@type\":\"SearchAction\",\"target\":{\"@type\":\"EntryPoint\",\"urlTemplate\":\"https:\\\/\\\/marktxxl.de\\\/markt\\\/?s={search_term_string}\"},\"query-input\":{\"@type\":\"PropertyValueSpecification\",\"valueRequired\":true,\"valueName\":\"search_term_string\"}}],\"inLanguage\":\"de\"},{\"@type\":\"Organization\",\"@id\":\"https:\\\/\\\/marktxxl.de\\\/markt\\\/#organization\",\"name\":\"Markt-XXL\",\"url\":\"https:\\\/\\\/marktxxl.de\\\/markt\\\/\",\"logo\":{\"@type\":\"ImageObject\",\"inLanguage\":\"de\",\"@id\":\"https:\\\/\\\/marktxxl.de\\\/markt\\\/#\\\/schema\\\/logo\\\/image\\\/\",\"url\":\"https:\\\/\\\/marktxxl.de\\\/markt\\\/wp-content\\\/uploads\\\/sites\\\/3\\\/2020\\\/12\\\/logo.png\",\"contentUrl\":\"https:\\\/\\\/marktxxl.de\\\/markt\\\/wp-content\\\/uploads\\\/sites\\\/3\\\/2020\\\/12\\\/logo.png\",\"width\":200,\"height\":70,\"caption\":\"Markt-XXL\"},\"image\":{\"@id\":\"https:\\\/\\\/marktxxl.de\\\/markt\\\/#\\\/schema\\\/logo\\\/image\\\/\"}}]}<\/script>\n<!-- \/ Yoast SEO plugin. -->","yoast_head_json":{"title":"NEONAIL Primer Vitamins 7,2 ml - Markt-XXL","description":"Markt-XXL NEONAIL Primer Vitamins 7,2 ml","robots":{"index":"index","follow":"follow","max-snippet":"max-snippet:-1","max-image-preview":"max-image-preview:large","max-video-preview":"max-video-preview:-1"},"canonical":"https:\/\/marktxxl.de\/markt\/produkt\/neonail-primer-vitamins-72-ml\/","og_locale":"de_DE","og_type":"article","og_title":"NEONAIL Primer Vitamins 7,2 ml - Markt-XXL","og_description":"Markt-XXL NEONAIL Primer Vitamins 7,2 ml","og_url":"https:\/\/marktxxl.de\/markt\/produkt\/neonail-primer-vitamins-72-ml\/","og_site_name":"Markt-XXL","article_modified_time":"2023-04-10T03:12:56+00:00","og_image":[{"width":500,"height":500,"url":"https:\/\/m.media-amazon.com\/images\/I\/31FQnMOCsiL._SL500_.jpg","type":"image\/jpeg"}],"twitter_card":"summary_large_image","twitter_misc":{"Gesch\u00e4tzte Lesezeit":"1\u00a0Minute"},"schema":{"@context":"https:\/\/schema.org","@graph":[{"@type":"WebPage","@id":"https:\/\/marktxxl.de\/markt\/produkt\/neonail-primer-vitamins-72-ml\/","url":"https:\/\/marktxxl.de\/markt\/produkt\/neonail-primer-vitamins-72-ml\/","name":"NEONAIL Primer Vitamins 7,2 ml - Markt-XXL","isPartOf":{"@id":"https:\/\/marktxxl.de\/markt\/#website"},"primaryImageOfPage":{"@id":"https:\/\/marktxxl.de\/markt\/produkt\/neonail-primer-vitamins-72-ml\/#primaryimage"},"image":{"@id":"https:\/\/marktxxl.de\/markt\/produkt\/neonail-primer-vitamins-72-ml\/#primaryimage"},"thumbnailUrl":"https:\/\/m.media-amazon.com\/images\/I\/31FQnMOCsiL._SL500_.jpg","datePublished":"2022-12-11T05:14:48+00:00","dateModified":"2023-04-10T03:12:56+00:00","description":"Markt-XXL NEONAIL Primer Vitamins 7,2 ml","breadcrumb":{"@id":"https:\/\/marktxxl.de\/markt\/produkt\/neonail-primer-vitamins-72-ml\/#breadcrumb"},"inLanguage":"de","potentialAction":[{"@type":"ReadAction","target":["https:\/\/marktxxl.de\/markt\/produkt\/neonail-primer-vitamins-72-ml\/"]}]},{"@type":"ImageObject","inLanguage":"de","@id":"https:\/\/marktxxl.de\/markt\/produkt\/neonail-primer-vitamins-72-ml\/#primaryimage","url":"https:\/\/m.media-amazon.com\/images\/I\/31FQnMOCsiL._SL500_.jpg","contentUrl":"https:\/\/m.media-amazon.com\/images\/I\/31FQnMOCsiL._SL500_.jpg","width":500,"height":500},{"@type":"BreadcrumbList","@id":"https:\/\/marktxxl.de\/markt\/produkt\/neonail-primer-vitamins-72-ml\/#breadcrumb","itemListElement":[{"@type":"ListItem","position":1,"name":"Startseite","item":"https:\/\/marktxxl.de\/markt\/"},{"@type":"ListItem","position":2,"name":"Markt","item":"https:\/\/marktxxl.de\/markt\/"},{"@type":"ListItem","position":3,"name":"NEONAIL Primer Vitamins 7,2 ml"}]},{"@type":"WebSite","@id":"https:\/\/marktxxl.de\/markt\/#website","url":"https:\/\/marktxxl.de\/markt\/","name":"Markt-XXL","description":"Ihr Markt Online","publisher":{"@id":"https:\/\/marktxxl.de\/markt\/#organization"},"potentialAction":[{"@type":"SearchAction","target":{"@type":"EntryPoint","urlTemplate":"https:\/\/marktxxl.de\/markt\/?s={search_term_string}"},"query-input":{"@type":"PropertyValueSpecification","valueRequired":true,"valueName":"search_term_string"}}],"inLanguage":"de"},{"@type":"Organization","@id":"https:\/\/marktxxl.de\/markt\/#organization","name":"Markt-XXL","url":"https:\/\/marktxxl.de\/markt\/","logo":{"@type":"ImageObject","inLanguage":"de","@id":"https:\/\/marktxxl.de\/markt\/#\/schema\/logo\/image\/","url":"https:\/\/marktxxl.de\/markt\/wp-content\/uploads\/sites\/3\/2020\/12\/logo.png","contentUrl":"https:\/\/marktxxl.de\/markt\/wp-content\/uploads\/sites\/3\/2020\/12\/logo.png","width":200,"height":70,"caption":"Markt-XXL"},"image":{"@id":"https:\/\/marktxxl.de\/markt\/#\/schema\/logo\/image\/"}}]}},"_links":{"self":[{"href":"https:\/\/marktxxl.de\/markt\/wp-json\/wp\/v2\/product\/174244","targetHints":{"allow":["GET"]}}],"collection":[{"href":"https:\/\/marktxxl.de\/markt\/wp-json\/wp\/v2\/product"}],"about":[{"href":"https:\/\/marktxxl.de\/markt\/wp-json\/wp\/v2\/types\/product"}],"replies":[{"embeddable":true,"href":"https:\/\/marktxxl.de\/markt\/wp-json\/wp\/v2\/comments?post=174244"}],"wp:featuredmedia":[{"embeddable":true,"href":"https:\/\/marktxxl.de\/markt\/wp-json\/wp\/v2\/media\/174245"}],"wp:attachment":[{"href":"https:\/\/marktxxl.de\/markt\/wp-json\/wp\/v2\/media?parent=174244"}],"wp:term":[{"taxonomy":"product_brand","embeddable":true,"href":"https:\/\/marktxxl.de\/markt\/wp-json\/wp\/v2\/product_brand?post=174244"},{"taxonomy":"product_cat","embeddable":true,"href":"https:\/\/marktxxl.de\/markt\/wp-json\/wp\/v2\/product_cat?post=174244"},{"taxonomy":"product_tag","embeddable":true,"href":"https:\/\/marktxxl.de\/markt\/wp-json\/wp\/v2\/product_tag?post=174244"}],"curies":[{"name":"wp","href":"https:\/\/api.w.org\/{rel}","templated":true}]}}