{"id":174235,"date":"2022-12-11T06:14:36","date_gmt":"2022-12-11T05:14:36","guid":{"rendered":"https:\/\/marktxxl.de\/markt\/produkt\/nagelfraeser-elektrische-fuer-gelnaegel-35000-u-min-nagelfeile-manikuere-pedikuere-set-professionelle-nail-drill-nagelpflege-set-fuer-nagel-design-mit-lcd-bildschirm-und-led-lampe-auriox\/"},"modified":"2023-04-10T05:12:56","modified_gmt":"2023-04-10T03:12:56","slug":"nagelfraeser-elektrische-fuer-gelnaegel-35000-u-min-nagelfeile-manikuere-pedikuere-set-professionelle-nail-drill-nagelpflege-set-fuer-nagel-design-mit-lcd-bildschirm-und-led-lampe-auriox","status":"publish","type":"product","link":"https:\/\/marktxxl.de\/markt\/produkt\/nagelfraeser-elektrische-fuer-gelnaegel-35000-u-min-nagelfeile-manikuere-pedikuere-set-professionelle-nail-drill-nagelpflege-set-fuer-nagel-design-mit-lcd-bildschirm-und-led-lampe-auriox\/","title":{"rendered":"Nagelfr\u00e4ser Elektrische f\u00fcr Geln\u00e4gel 35000 u\/min, Nagelfeile Manik\u00fcre Pedik\u00fcre Set Professionelle Nail Drill\u2026"},"content":{"rendered":"<p>\u301035000 RPM Nagelfr\u00e4ser Set\u3011Elektrische nagelfeile mit hochwertigen nagelpflege aufs\u00e4tzen, 6 nail drill bits und 36 Schleifb\u00e4ndern ausgestattet zum Schleifen, Schnitzen, Schneiden, Polieren und Entfernen von Gel \/Acryl \/Naturn\u00e4geln. Es eignet sich f\u00fcr Manik\u00fcristen und Anf\u00e4nger.<br \/>\n\u3010LCD Bildschirm und LED-Lampe\u3011LCD Bildschirm zeigt einen Bereich von 0-35000 u\/min, hilft bei der Einstellung der gew\u00fcnschten Geschwindigkeit, Es kann eine effizientere Manik\u00fcrearbeit erf\u00fcllen. Die LED-Lampe bietet eine bessere Beleuchtung f\u00fcr Ihre Nailart-Kreation, 2 USB-Buchsen k\u00f6nnen gleichzeitig die LED Lampe und den Nagelfr\u00e4ser mit Strom versorgen.<br \/>\n\u3010Leistungsstarkes Elektrische Nagelfr\u00e4ser\u3011Hohe Geschwindigkeit, geringe Vibrationen, geringe Ger\u00e4usche, geringe W\u00e4rme und reibungsloser Betrieb. Der neue \u00fcberlegene Motor sorgt daf\u00fcr, dass der elektrische Nagelfr\u00e4ser lange und ger\u00e4uscharm arbeitet (\uff1c56 dB). Die 3 Bel\u00fcftungsl\u00f6cher am Handst\u00fcck sorgen f\u00fcr eine hervorragende W\u00e4rmeableitung. Mit dem Twist-Lock-System k\u00f6nnen Sie den Nagelbohrer ganz einfach wechseln.<br \/>\n\u3010Drehung in 2 Richtungen\u3011Der Acryl Nagelfr\u00e4ser bietet eine Vorw\u00e4rts- \/ R\u00fcckw\u00e4rtstaste zum Ausw\u00e4hlen der Drehrichtung des Nagelfr\u00e4ser, die f\u00fcr Rechts- oder Linksh\u00e4nder geeignet ist. Geeignet f\u00fcr Manik\u00fcristen und Anf\u00e4nger mit dem Nagelschleifer f\u00fcr Menschen.<br \/>\n\u3010Kundenservice\u3011Der elektrische nagelfr\u00e4ser geln\u00e4gel set ist sicher und einfach zu bedienen. Perfekt f\u00fcr Zuhause und Nagelstudios, um jeden Manik\u00fcrebedarf zu erf\u00fcllen. Bei Problemen w\u00e4hrend des Gebrauchs kontaktieren Sie uns bitte.<br \/>\n<div class=\"main-cross-sell\" data-asin=\"B09XBH47KG\">\n\n\t<div class=\"WooZone-cross-sell-loader\">\n\t\t<div>\n\t\t\t<div id=\"floatingBarsG\">\n\t\t\t\t<div class=\"blockG\" id=\"rotateG_01\"><\/div>\n\t\t\t\t<div class=\"blockG\" id=\"rotateG_02\"><\/div>\n\t\t\t\t<div class=\"blockG\" id=\"rotateG_03\"><\/div>\n\t\t\t\t<div class=\"blockG\" id=\"rotateG_04\"><\/div>\n\t\t\t\t<div class=\"blockG\" id=\"rotateG_05\"><\/div>\n\t\t\t\t<div class=\"blockG\" id=\"rotateG_06\"><\/div>\n\t\t\t\t<div class=\"blockG\" id=\"rotateG_07\"><\/div>\n\t\t\t\t<div class=\"blockG\" id=\"rotateG_08\"><\/div>\n\t\t\t<\/div>\n\t\t\t<div class=\"WooZone-cross-sell-loader-text\"><\/div>\n\t\t<\/div>\n\t<\/div>\n\n\t\t\n<\/div>\n<div style=\"clear:both;\"><\/div><\/p>\n","protected":false},"excerpt":{"rendered":"<p>\u301035000 RPM Nagelfr\u00e4ser Set\u3011Elektrische nagelfeile mit hochwertigen nagelpflege aufs\u00e4tzen, 6 nail drill bits und 36 Schleifb\u00e4ndern ausgestattet zum Schleifen, Schnitzen, Schneiden, Polieren und Entfernen von Gel \/Acryl \/Naturn\u00e4geln. Es eignet sich f\u00fcr Manik\u00fcristen und Anf\u00e4nger.<br \/>\n\u3010LCD Bildschirm und LED-Lampe\u3011LCD Bildschirm zeigt einen Bereich von 0-35000 u\/min, hilft bei der Einstellung der gew\u00fcnschten Geschwindigkeit, Es kann eine effizientere Manik\u00fcrearbeit erf\u00fcllen. Die LED-Lampe bietet eine bessere Beleuchtung f\u00fcr Ihre Nailart-Kreation, 2 USB-Buchsen k\u00f6nnen gleichzeitig die LED Lampe und den Nagelfr\u00e4ser mit Strom versorgen.<br \/>\n\u3010Leistungsstarkes Elektrische Nagelfr\u00e4ser\u3011Hohe Geschwindigkeit, geringe Vibrationen, geringe Ger\u00e4usche, geringe W\u00e4rme und reibungsloser Betrieb. Der neue \u00fcberlegene Motor sorgt daf\u00fcr, dass der elektrische Nagelfr\u00e4ser lange und ger\u00e4uscharm arbeitet (\uff1c56 dB). Die 3 Bel\u00fcftungsl\u00f6cher am Handst\u00fcck sorgen f\u00fcr eine hervorragende W\u00e4rmeableitung. Mit dem Twist-Lock-System k\u00f6nnen Sie den Nagelbohrer ganz einfach wechseln.<\/p>\n","protected":false},"featured_media":174236,"comment_status":"open","ping_status":"closed","template":"","meta":[],"product_brand":[],"product_cat":[2858,7659],"product_tag":[],"class_list":{"0":"post-174235","1":"product","2":"type-product","3":"status-publish","4":"has-post-thumbnail","6":"product_cat-beauty","7":"product_cat-manikuere-pedikuere","8":"pa_binding-badartikel","9":"pa_brand-auriox","10":"pa_color-schwarz","11":"pa_manufacturer-auriox","12":"pa_model-ts01","14":"first","15":"instock","16":"shipping-taxable","17":"purchasable","18":"product-type-simple","19":"customify-col","20":"product-has-gallery"},"yoast_head":"<!-- This site is optimized with the Yoast SEO plugin v27.4 - https:\/\/yoast.com\/product\/yoast-seo-wordpress\/ -->\n<title>Nagelfr\u00e4ser Elektrische f\u00fcr Geln\u00e4gel 35000 u\/min, Nagelfeile Manik\u00fcre Pedik\u00fcre Set Professionelle Nail Drill\u2026 - Markt-XXL<\/title>\n<meta name=\"description\" content=\"Markt-XXL Nagelfr\u00e4ser Elektrische f\u00fcr Geln\u00e4gel 35000 u\/min, Nagelfeile Manik\u00fcre Pedik\u00fcre Set Professionelle Nail Drill\u2026\" \/>\n<meta name=\"robots\" content=\"index, follow, max-snippet:-1, max-image-preview:large, max-video-preview:-1\" \/>\n<link rel=\"canonical\" href=\"https:\/\/marktxxl.de\/markt\/produkt\/nagelfraeser-elektrische-fuer-gelnaegel-35000-u-min-nagelfeile-manikuere-pedikuere-set-professionelle-nail-drill-nagelpflege-set-fuer-nagel-design-mit-lcd-bildschirm-und-led-lampe-auriox\/\" \/>\n<meta property=\"og:locale\" content=\"de_DE\" \/>\n<meta property=\"og:type\" content=\"article\" \/>\n<meta property=\"og:title\" content=\"Nagelfr\u00e4ser Elektrische f\u00fcr Geln\u00e4gel 35000 u\/min, Nagelfeile Manik\u00fcre Pedik\u00fcre Set Professionelle Nail Drill\u2026 - Markt-XXL\" \/>\n<meta property=\"og:description\" content=\"Markt-XXL Nagelfr\u00e4ser Elektrische f\u00fcr Geln\u00e4gel 35000 u\/min, Nagelfeile Manik\u00fcre Pedik\u00fcre Set Professionelle Nail Drill\u2026\" \/>\n<meta property=\"og:url\" content=\"https:\/\/marktxxl.de\/markt\/produkt\/nagelfraeser-elektrische-fuer-gelnaegel-35000-u-min-nagelfeile-manikuere-pedikuere-set-professionelle-nail-drill-nagelpflege-set-fuer-nagel-design-mit-lcd-bildschirm-und-led-lampe-auriox\/\" \/>\n<meta property=\"og:site_name\" content=\"Markt-XXL\" \/>\n<meta property=\"article:modified_time\" content=\"2023-04-10T03:12:56+00:00\" \/>\n<meta property=\"og:image\" content=\"https:\/\/m.media-amazon.com\/images\/I\/41pO+LU+I0L._SL500_.jpg\" \/>\n\t<meta property=\"og:image:width\" content=\"500\" \/>\n\t<meta property=\"og:image:height\" content=\"500\" \/>\n\t<meta property=\"og:image:type\" content=\"image\/jpeg\" \/>\n<meta name=\"twitter:card\" content=\"summary_large_image\" \/>\n<meta name=\"twitter:label1\" content=\"Gesch\u00e4tzte Lesezeit\" \/>\n\t<meta name=\"twitter:data1\" content=\"1\u00a0Minute\" \/>\n<script type=\"application\/ld+json\" class=\"yoast-schema-graph\">{\"@context\":\"https:\\\/\\\/schema.org\",\"@graph\":[{\"@type\":\"WebPage\",\"@id\":\"https:\\\/\\\/marktxxl.de\\\/markt\\\/produkt\\\/nagelfraeser-elektrische-fuer-gelnaegel-35000-u-min-nagelfeile-manikuere-pedikuere-set-professionelle-nail-drill-nagelpflege-set-fuer-nagel-design-mit-lcd-bildschirm-und-led-lampe-auriox\\\/\",\"url\":\"https:\\\/\\\/marktxxl.de\\\/markt\\\/produkt\\\/nagelfraeser-elektrische-fuer-gelnaegel-35000-u-min-nagelfeile-manikuere-pedikuere-set-professionelle-nail-drill-nagelpflege-set-fuer-nagel-design-mit-lcd-bildschirm-und-led-lampe-auriox\\\/\",\"name\":\"Nagelfr\u00e4ser Elektrische f\u00fcr Geln\u00e4gel 35000 u\\\/min, Nagelfeile Manik\u00fcre Pedik\u00fcre Set Professionelle Nail Drill\u2026 - Markt-XXL\",\"isPartOf\":{\"@id\":\"https:\\\/\\\/marktxxl.de\\\/markt\\\/#website\"},\"primaryImageOfPage\":{\"@id\":\"https:\\\/\\\/marktxxl.de\\\/markt\\\/produkt\\\/nagelfraeser-elektrische-fuer-gelnaegel-35000-u-min-nagelfeile-manikuere-pedikuere-set-professionelle-nail-drill-nagelpflege-set-fuer-nagel-design-mit-lcd-bildschirm-und-led-lampe-auriox\\\/#primaryimage\"},\"image\":{\"@id\":\"https:\\\/\\\/marktxxl.de\\\/markt\\\/produkt\\\/nagelfraeser-elektrische-fuer-gelnaegel-35000-u-min-nagelfeile-manikuere-pedikuere-set-professionelle-nail-drill-nagelpflege-set-fuer-nagel-design-mit-lcd-bildschirm-und-led-lampe-auriox\\\/#primaryimage\"},\"thumbnailUrl\":\"https:\\\/\\\/m.media-amazon.com\\\/images\\\/I\\\/41pO+LU+I0L._SL500_.jpg\",\"datePublished\":\"2022-12-11T05:14:36+00:00\",\"dateModified\":\"2023-04-10T03:12:56+00:00\",\"description\":\"Markt-XXL Nagelfr\u00e4ser Elektrische f\u00fcr Geln\u00e4gel 35000 u\\\/min, Nagelfeile Manik\u00fcre Pedik\u00fcre Set Professionelle Nail Drill\u2026\",\"breadcrumb\":{\"@id\":\"https:\\\/\\\/marktxxl.de\\\/markt\\\/produkt\\\/nagelfraeser-elektrische-fuer-gelnaegel-35000-u-min-nagelfeile-manikuere-pedikuere-set-professionelle-nail-drill-nagelpflege-set-fuer-nagel-design-mit-lcd-bildschirm-und-led-lampe-auriox\\\/#breadcrumb\"},\"inLanguage\":\"de\",\"potentialAction\":[{\"@type\":\"ReadAction\",\"target\":[\"https:\\\/\\\/marktxxl.de\\\/markt\\\/produkt\\\/nagelfraeser-elektrische-fuer-gelnaegel-35000-u-min-nagelfeile-manikuere-pedikuere-set-professionelle-nail-drill-nagelpflege-set-fuer-nagel-design-mit-lcd-bildschirm-und-led-lampe-auriox\\\/\"]}]},{\"@type\":\"ImageObject\",\"inLanguage\":\"de\",\"@id\":\"https:\\\/\\\/marktxxl.de\\\/markt\\\/produkt\\\/nagelfraeser-elektrische-fuer-gelnaegel-35000-u-min-nagelfeile-manikuere-pedikuere-set-professionelle-nail-drill-nagelpflege-set-fuer-nagel-design-mit-lcd-bildschirm-und-led-lampe-auriox\\\/#primaryimage\",\"url\":\"https:\\\/\\\/m.media-amazon.com\\\/images\\\/I\\\/41pO+LU+I0L._SL500_.jpg\",\"contentUrl\":\"https:\\\/\\\/m.media-amazon.com\\\/images\\\/I\\\/41pO+LU+I0L._SL500_.jpg\",\"width\":500,\"height\":500},{\"@type\":\"BreadcrumbList\",\"@id\":\"https:\\\/\\\/marktxxl.de\\\/markt\\\/produkt\\\/nagelfraeser-elektrische-fuer-gelnaegel-35000-u-min-nagelfeile-manikuere-pedikuere-set-professionelle-nail-drill-nagelpflege-set-fuer-nagel-design-mit-lcd-bildschirm-und-led-lampe-auriox\\\/#breadcrumb\",\"itemListElement\":[{\"@type\":\"ListItem\",\"position\":1,\"name\":\"Startseite\",\"item\":\"https:\\\/\\\/marktxxl.de\\\/markt\\\/\"},{\"@type\":\"ListItem\",\"position\":2,\"name\":\"Markt\",\"item\":\"https:\\\/\\\/marktxxl.de\\\/markt\\\/\"},{\"@type\":\"ListItem\",\"position\":3,\"name\":\"Nagelfr\u00e4ser Elektrische f\u00fcr Geln\u00e4gel 35000 u\\\/min, Nagelfeile Manik\u00fcre Pedik\u00fcre Set Professionelle Nail Drill\u2026\"}]},{\"@type\":\"WebSite\",\"@id\":\"https:\\\/\\\/marktxxl.de\\\/markt\\\/#website\",\"url\":\"https:\\\/\\\/marktxxl.de\\\/markt\\\/\",\"name\":\"Markt-XXL\",\"description\":\"Ihr Markt Online\",\"publisher\":{\"@id\":\"https:\\\/\\\/marktxxl.de\\\/markt\\\/#organization\"},\"potentialAction\":[{\"@type\":\"SearchAction\",\"target\":{\"@type\":\"EntryPoint\",\"urlTemplate\":\"https:\\\/\\\/marktxxl.de\\\/markt\\\/?s={search_term_string}\"},\"query-input\":{\"@type\":\"PropertyValueSpecification\",\"valueRequired\":true,\"valueName\":\"search_term_string\"}}],\"inLanguage\":\"de\"},{\"@type\":\"Organization\",\"@id\":\"https:\\\/\\\/marktxxl.de\\\/markt\\\/#organization\",\"name\":\"Markt-XXL\",\"url\":\"https:\\\/\\\/marktxxl.de\\\/markt\\\/\",\"logo\":{\"@type\":\"ImageObject\",\"inLanguage\":\"de\",\"@id\":\"https:\\\/\\\/marktxxl.de\\\/markt\\\/#\\\/schema\\\/logo\\\/image\\\/\",\"url\":\"https:\\\/\\\/marktxxl.de\\\/markt\\\/wp-content\\\/uploads\\\/sites\\\/3\\\/2020\\\/12\\\/logo.png\",\"contentUrl\":\"https:\\\/\\\/marktxxl.de\\\/markt\\\/wp-content\\\/uploads\\\/sites\\\/3\\\/2020\\\/12\\\/logo.png\",\"width\":200,\"height\":70,\"caption\":\"Markt-XXL\"},\"image\":{\"@id\":\"https:\\\/\\\/marktxxl.de\\\/markt\\\/#\\\/schema\\\/logo\\\/image\\\/\"}}]}<\/script>\n<!-- \/ Yoast SEO plugin. -->","yoast_head_json":{"title":"Nagelfr\u00e4ser Elektrische f\u00fcr Geln\u00e4gel 35000 u\/min, Nagelfeile Manik\u00fcre Pedik\u00fcre Set Professionelle Nail Drill\u2026 - Markt-XXL","description":"Markt-XXL Nagelfr\u00e4ser Elektrische f\u00fcr Geln\u00e4gel 35000 u\/min, Nagelfeile Manik\u00fcre Pedik\u00fcre Set Professionelle Nail Drill\u2026","robots":{"index":"index","follow":"follow","max-snippet":"max-snippet:-1","max-image-preview":"max-image-preview:large","max-video-preview":"max-video-preview:-1"},"canonical":"https:\/\/marktxxl.de\/markt\/produkt\/nagelfraeser-elektrische-fuer-gelnaegel-35000-u-min-nagelfeile-manikuere-pedikuere-set-professionelle-nail-drill-nagelpflege-set-fuer-nagel-design-mit-lcd-bildschirm-und-led-lampe-auriox\/","og_locale":"de_DE","og_type":"article","og_title":"Nagelfr\u00e4ser Elektrische f\u00fcr Geln\u00e4gel 35000 u\/min, Nagelfeile Manik\u00fcre Pedik\u00fcre Set Professionelle Nail Drill\u2026 - Markt-XXL","og_description":"Markt-XXL Nagelfr\u00e4ser Elektrische f\u00fcr Geln\u00e4gel 35000 u\/min, Nagelfeile Manik\u00fcre Pedik\u00fcre Set Professionelle Nail Drill\u2026","og_url":"https:\/\/marktxxl.de\/markt\/produkt\/nagelfraeser-elektrische-fuer-gelnaegel-35000-u-min-nagelfeile-manikuere-pedikuere-set-professionelle-nail-drill-nagelpflege-set-fuer-nagel-design-mit-lcd-bildschirm-und-led-lampe-auriox\/","og_site_name":"Markt-XXL","article_modified_time":"2023-04-10T03:12:56+00:00","og_image":[{"width":500,"height":500,"url":"https:\/\/m.media-amazon.com\/images\/I\/41pO+LU+I0L._SL500_.jpg","type":"image\/jpeg"}],"twitter_card":"summary_large_image","twitter_misc":{"Gesch\u00e4tzte Lesezeit":"1\u00a0Minute"},"schema":{"@context":"https:\/\/schema.org","@graph":[{"@type":"WebPage","@id":"https:\/\/marktxxl.de\/markt\/produkt\/nagelfraeser-elektrische-fuer-gelnaegel-35000-u-min-nagelfeile-manikuere-pedikuere-set-professionelle-nail-drill-nagelpflege-set-fuer-nagel-design-mit-lcd-bildschirm-und-led-lampe-auriox\/","url":"https:\/\/marktxxl.de\/markt\/produkt\/nagelfraeser-elektrische-fuer-gelnaegel-35000-u-min-nagelfeile-manikuere-pedikuere-set-professionelle-nail-drill-nagelpflege-set-fuer-nagel-design-mit-lcd-bildschirm-und-led-lampe-auriox\/","name":"Nagelfr\u00e4ser Elektrische f\u00fcr Geln\u00e4gel 35000 u\/min, Nagelfeile Manik\u00fcre Pedik\u00fcre Set Professionelle Nail Drill\u2026 - Markt-XXL","isPartOf":{"@id":"https:\/\/marktxxl.de\/markt\/#website"},"primaryImageOfPage":{"@id":"https:\/\/marktxxl.de\/markt\/produkt\/nagelfraeser-elektrische-fuer-gelnaegel-35000-u-min-nagelfeile-manikuere-pedikuere-set-professionelle-nail-drill-nagelpflege-set-fuer-nagel-design-mit-lcd-bildschirm-und-led-lampe-auriox\/#primaryimage"},"image":{"@id":"https:\/\/marktxxl.de\/markt\/produkt\/nagelfraeser-elektrische-fuer-gelnaegel-35000-u-min-nagelfeile-manikuere-pedikuere-set-professionelle-nail-drill-nagelpflege-set-fuer-nagel-design-mit-lcd-bildschirm-und-led-lampe-auriox\/#primaryimage"},"thumbnailUrl":"https:\/\/m.media-amazon.com\/images\/I\/41pO+LU+I0L._SL500_.jpg","datePublished":"2022-12-11T05:14:36+00:00","dateModified":"2023-04-10T03:12:56+00:00","description":"Markt-XXL Nagelfr\u00e4ser Elektrische f\u00fcr Geln\u00e4gel 35000 u\/min, Nagelfeile Manik\u00fcre Pedik\u00fcre Set Professionelle Nail Drill\u2026","breadcrumb":{"@id":"https:\/\/marktxxl.de\/markt\/produkt\/nagelfraeser-elektrische-fuer-gelnaegel-35000-u-min-nagelfeile-manikuere-pedikuere-set-professionelle-nail-drill-nagelpflege-set-fuer-nagel-design-mit-lcd-bildschirm-und-led-lampe-auriox\/#breadcrumb"},"inLanguage":"de","potentialAction":[{"@type":"ReadAction","target":["https:\/\/marktxxl.de\/markt\/produkt\/nagelfraeser-elektrische-fuer-gelnaegel-35000-u-min-nagelfeile-manikuere-pedikuere-set-professionelle-nail-drill-nagelpflege-set-fuer-nagel-design-mit-lcd-bildschirm-und-led-lampe-auriox\/"]}]},{"@type":"ImageObject","inLanguage":"de","@id":"https:\/\/marktxxl.de\/markt\/produkt\/nagelfraeser-elektrische-fuer-gelnaegel-35000-u-min-nagelfeile-manikuere-pedikuere-set-professionelle-nail-drill-nagelpflege-set-fuer-nagel-design-mit-lcd-bildschirm-und-led-lampe-auriox\/#primaryimage","url":"https:\/\/m.media-amazon.com\/images\/I\/41pO+LU+I0L._SL500_.jpg","contentUrl":"https:\/\/m.media-amazon.com\/images\/I\/41pO+LU+I0L._SL500_.jpg","width":500,"height":500},{"@type":"BreadcrumbList","@id":"https:\/\/marktxxl.de\/markt\/produkt\/nagelfraeser-elektrische-fuer-gelnaegel-35000-u-min-nagelfeile-manikuere-pedikuere-set-professionelle-nail-drill-nagelpflege-set-fuer-nagel-design-mit-lcd-bildschirm-und-led-lampe-auriox\/#breadcrumb","itemListElement":[{"@type":"ListItem","position":1,"name":"Startseite","item":"https:\/\/marktxxl.de\/markt\/"},{"@type":"ListItem","position":2,"name":"Markt","item":"https:\/\/marktxxl.de\/markt\/"},{"@type":"ListItem","position":3,"name":"Nagelfr\u00e4ser Elektrische f\u00fcr Geln\u00e4gel 35000 u\/min, Nagelfeile Manik\u00fcre Pedik\u00fcre Set Professionelle Nail Drill\u2026"}]},{"@type":"WebSite","@id":"https:\/\/marktxxl.de\/markt\/#website","url":"https:\/\/marktxxl.de\/markt\/","name":"Markt-XXL","description":"Ihr Markt Online","publisher":{"@id":"https:\/\/marktxxl.de\/markt\/#organization"},"potentialAction":[{"@type":"SearchAction","target":{"@type":"EntryPoint","urlTemplate":"https:\/\/marktxxl.de\/markt\/?s={search_term_string}"},"query-input":{"@type":"PropertyValueSpecification","valueRequired":true,"valueName":"search_term_string"}}],"inLanguage":"de"},{"@type":"Organization","@id":"https:\/\/marktxxl.de\/markt\/#organization","name":"Markt-XXL","url":"https:\/\/marktxxl.de\/markt\/","logo":{"@type":"ImageObject","inLanguage":"de","@id":"https:\/\/marktxxl.de\/markt\/#\/schema\/logo\/image\/","url":"https:\/\/marktxxl.de\/markt\/wp-content\/uploads\/sites\/3\/2020\/12\/logo.png","contentUrl":"https:\/\/marktxxl.de\/markt\/wp-content\/uploads\/sites\/3\/2020\/12\/logo.png","width":200,"height":70,"caption":"Markt-XXL"},"image":{"@id":"https:\/\/marktxxl.de\/markt\/#\/schema\/logo\/image\/"}}]}},"_links":{"self":[{"href":"https:\/\/marktxxl.de\/markt\/wp-json\/wp\/v2\/product\/174235","targetHints":{"allow":["GET"]}}],"collection":[{"href":"https:\/\/marktxxl.de\/markt\/wp-json\/wp\/v2\/product"}],"about":[{"href":"https:\/\/marktxxl.de\/markt\/wp-json\/wp\/v2\/types\/product"}],"replies":[{"embeddable":true,"href":"https:\/\/marktxxl.de\/markt\/wp-json\/wp\/v2\/comments?post=174235"}],"wp:featuredmedia":[{"embeddable":true,"href":"https:\/\/marktxxl.de\/markt\/wp-json\/wp\/v2\/media\/174236"}],"wp:attachment":[{"href":"https:\/\/marktxxl.de\/markt\/wp-json\/wp\/v2\/media?parent=174235"}],"wp:term":[{"taxonomy":"product_brand","embeddable":true,"href":"https:\/\/marktxxl.de\/markt\/wp-json\/wp\/v2\/product_brand?post=174235"},{"taxonomy":"product_cat","embeddable":true,"href":"https:\/\/marktxxl.de\/markt\/wp-json\/wp\/v2\/product_cat?post=174235"},{"taxonomy":"product_tag","embeddable":true,"href":"https:\/\/marktxxl.de\/markt\/wp-json\/wp\/v2\/product_tag?post=174235"}],"curies":[{"name":"wp","href":"https:\/\/api.w.org\/{rel}","templated":true}]}}