{"id":174121,"date":"2022-12-11T06:11:01","date_gmt":"2022-12-11T05:11:01","guid":{"rendered":"https:\/\/marktxxl.de\/markt\/produkt\/shirtracer-baby-strampler-maedchen-junge-my-first-metal-shirt-baby-body-kurzarm-fuer-jungen-und-maedchen\/"},"modified":"2023-04-10T05:12:55","modified_gmt":"2023-04-10T03:12:55","slug":"shirtracer-baby-strampler-maedchen-junge-my-first-metal-shirt-baby-body-kurzarm-fuer-jungen-und-maedchen","status":"publish","type":"product","link":"https:\/\/marktxxl.de\/markt\/produkt\/shirtracer-baby-strampler-maedchen-junge-my-first-metal-shirt-baby-body-kurzarm-fuer-jungen-und-maedchen\/","title":{"rendered":"Shirtracer &#8211; Baby Body Junge M\u00e4dchen &#8211; Baby Strampler M\u00e4dchen &amp; Junge &#8211; My First Metal Shirt"},"content":{"rendered":"<p>\u2714\ufe0f ROCK AND ROLL MOTIV: Das Thema Rock and Roll erfreut sich immer gr\u00f6\u00dfer werdender Beliebtheit und du suchst passende Strampler &amp; Bodies dazu. Du warst auf der Suche nach \u201ebabysachen m\u00e4dchen neugeboren\u201c? Mit diesem lustigen Motiv hast du das perfekte Geschenk und bringst M\u00e4dchen und Jungs garantiert zum Strahlen. \u201eMy first Metal Shirt\u201c ist ein lustiges Statement und au\u00dferdem das Highlight zum Metal-Konzert<br \/>\n\u2714\ufe0f PASSEND ZUM ANLASS METAL-KONZERT: Du willst diesmal eine ganz besondere Freude zum Metal-Konzert oder zur Baby Erstausstattung bereiten? Oder bist du gerade auf der Suche nach \u201ebabyklamotten neugeboren\u201c? \u00dcberrasche alle Jungs mit dem perfekten Geschenk f\u00fcr diesen Tag und mache mit unserem Motiv eine Freude.<br \/>\n\u2714\ufe0f GESCHENK F\u00dcR KINDER ODER JUNGEN: Suchst du nach &#8220;babykleidung spr\u00fcche&#8221;, als Geschenkidee f\u00fcr Kinder? Dann triffst du mit diesem lustigen Motiv voll ins Schwarze! Die Verbindung aus Metal-Rock-Handzeichen, Statement und Spruch ist ein echter Eye-Catcher und macht den Rock-Look perfekt. Mit diesem Motiv ziehst du in jedem Fall die Aufmerksamkeit auf dich und bringst alle zum Strahlen<br \/>\nLustiges Metal-Motiv f\u00fcr alle Fans der ersten Stunde<br \/>\n\u2714\ufe0f BAUMWOLL-BODY: Dieser Babybody ist zu 100 % aus Bio-Baumwolle (in der Farbe Grau Meliert zu 85% aus Baumwolle und zu 15% aus Viskose). Die gek\u00e4mmte und ringgesponnene Baumwolle ist besonders hautfreundlich und weich, was sie perfekt f\u00fcr deine Baby Erstausstattung macht. Durch die langfaserige Struktur des Textils, ist der Stoff besonders widerstandsf\u00e4hig und h\u00e4ufiger waschbar als andere Stoffe. Der Babybody kann bei 40\u00b0 auf links gedreht problemlos in der Waschmaschine gewaschen werd<br \/>\n<div class=\"main-cross-sell\" data-asin=\"B07CPJLW36\">\n\n\t<div class=\"WooZone-cross-sell-loader\">\n\t\t<div>\n\t\t\t<div id=\"floatingBarsG\">\n\t\t\t\t<div class=\"blockG\" id=\"rotateG_01\"><\/div>\n\t\t\t\t<div class=\"blockG\" id=\"rotateG_02\"><\/div>\n\t\t\t\t<div class=\"blockG\" id=\"rotateG_03\"><\/div>\n\t\t\t\t<div class=\"blockG\" id=\"rotateG_04\"><\/div>\n\t\t\t\t<div class=\"blockG\" id=\"rotateG_05\"><\/div>\n\t\t\t\t<div class=\"blockG\" id=\"rotateG_06\"><\/div>\n\t\t\t\t<div class=\"blockG\" id=\"rotateG_07\"><\/div>\n\t\t\t\t<div class=\"blockG\" id=\"rotateG_08\"><\/div>\n\t\t\t<\/div>\n\t\t\t<div class=\"WooZone-cross-sell-loader-text\"><\/div>\n\t\t<\/div>\n\t<\/div>\n\n\t\t\n<\/div>\n<div style=\"clear:both;\"><\/div><\/p>\n","protected":false},"excerpt":{"rendered":"<p>\u2714\ufe0f ROCK AND ROLL MOTIV: Das Thema Rock and Roll erfreut sich immer gr\u00f6\u00dfer werdender Beliebtheit und du suchst passende Strampler &amp; Bodies dazu. Du warst auf der Suche nach \u201ebabysachen m\u00e4dchen neugeboren\u201c? Mit diesem lustigen Motiv hast du das perfekte Geschenk und bringst M\u00e4dchen und Jungs garantiert zum Strahlen. \u201eMy first Metal Shirt\u201c ist ein lustiges Statement und au\u00dferdem das Highlight zum Metal-Konzert<br \/>\n\u2714\ufe0f PASSEND ZUM ANLASS METAL-KONZERT: Du willst diesmal eine ganz besondere Freude zum Metal-Konzert oder zur Baby Erstausstattung bereiten? Oder bist du gerade auf der Suche nach \u201ebabyklamotten neugeboren\u201c? \u00dcberrasche alle Jungs mit dem perfekten Geschenk f\u00fcr diesen Tag und mache mit unserem Motiv eine Freude.<br \/>\n\u2714\ufe0f GESCHENK F\u00dcR KINDER ODER JUNGEN: Suchst du nach &#8220;babykleidung spr\u00fcche&#8221;, als Geschenkidee f\u00fcr Kinder? Dann triffst du mit diesem lustigen Motiv voll ins Schwarze! Die Verbindung aus Metal-Rock-Handzeichen, Statement und Spruch ist ein echter Eye-Catcher und macht den Rock-Look perfekt. Mit diesem Motiv ziehst du in jedem Fall die Aufmerksamkeit auf dich und bringst alle zum Strahlen<\/p>\n","protected":false},"featured_media":174122,"comment_status":"open","ping_status":"closed","template":"","meta":[],"product_brand":[],"product_cat":[1186,4069],"product_tag":[],"class_list":{"0":"post-174121","1":"product","2":"type-product","3":"status-publish","4":"has-post-thumbnail","6":"product_cat-bekleidung","7":"product_cat-spezielle-anlaesse","8":"pa_brand-shirtracer","9":"pa_manufacturer-shirtracer","10":"pa_model-bz10","12":"first","13":"instock","14":"shipping-taxable","15":"purchasable","16":"product-type-simple","17":"customify-col","18":"product-has-gallery"},"yoast_head":"<!-- This site is optimized with the Yoast SEO plugin v27.4 - https:\/\/yoast.com\/product\/yoast-seo-wordpress\/ -->\n<title>Shirtracer - Baby Body Junge M\u00e4dchen - Baby Strampler M\u00e4dchen &amp; Junge - My First Metal Shirt - Markt-XXL<\/title>\n<meta name=\"description\" content=\"Markt-XXL Shirtracer - Baby Body Junge M\u00e4dchen - Baby Strampler M\u00e4dchen &amp; Junge - My First Metal Shirt\" \/>\n<meta name=\"robots\" content=\"index, follow, max-snippet:-1, max-image-preview:large, max-video-preview:-1\" \/>\n<link rel=\"canonical\" href=\"https:\/\/marktxxl.de\/markt\/produkt\/shirtracer-baby-strampler-maedchen-junge-my-first-metal-shirt-baby-body-kurzarm-fuer-jungen-und-maedchen\/\" \/>\n<meta property=\"og:locale\" content=\"de_DE\" \/>\n<meta property=\"og:type\" content=\"article\" \/>\n<meta property=\"og:title\" content=\"Shirtracer - Baby Body Junge M\u00e4dchen - Baby Strampler M\u00e4dchen &amp; Junge - My First Metal Shirt - Markt-XXL\" \/>\n<meta property=\"og:description\" content=\"Markt-XXL Shirtracer - Baby Body Junge M\u00e4dchen - Baby Strampler M\u00e4dchen &amp; Junge - My First Metal Shirt\" \/>\n<meta property=\"og:url\" content=\"https:\/\/marktxxl.de\/markt\/produkt\/shirtracer-baby-strampler-maedchen-junge-my-first-metal-shirt-baby-body-kurzarm-fuer-jungen-und-maedchen\/\" \/>\n<meta property=\"og:site_name\" content=\"Markt-XXL\" \/>\n<meta property=\"article:modified_time\" content=\"2023-04-10T03:12:55+00:00\" \/>\n<meta property=\"og:image\" content=\"https:\/\/m.media-amazon.com\/images\/I\/411w1iN0qpL._SL500_.jpg\" \/>\n\t<meta property=\"og:image:width\" content=\"417\" \/>\n\t<meta property=\"og:image:height\" content=\"500\" \/>\n\t<meta property=\"og:image:type\" content=\"image\/jpeg\" \/>\n<meta name=\"twitter:card\" content=\"summary_large_image\" \/>\n<meta name=\"twitter:label1\" content=\"Gesch\u00e4tzte Lesezeit\" \/>\n\t<meta name=\"twitter:data1\" content=\"1\u00a0Minute\" \/>\n<script type=\"application\/ld+json\" class=\"yoast-schema-graph\">{\"@context\":\"https:\\\/\\\/schema.org\",\"@graph\":[{\"@type\":\"WebPage\",\"@id\":\"https:\\\/\\\/marktxxl.de\\\/markt\\\/produkt\\\/shirtracer-baby-strampler-maedchen-junge-my-first-metal-shirt-baby-body-kurzarm-fuer-jungen-und-maedchen\\\/\",\"url\":\"https:\\\/\\\/marktxxl.de\\\/markt\\\/produkt\\\/shirtracer-baby-strampler-maedchen-junge-my-first-metal-shirt-baby-body-kurzarm-fuer-jungen-und-maedchen\\\/\",\"name\":\"Shirtracer - Baby Body Junge M\u00e4dchen - Baby Strampler M\u00e4dchen &amp; Junge - My First Metal Shirt - Markt-XXL\",\"isPartOf\":{\"@id\":\"https:\\\/\\\/marktxxl.de\\\/markt\\\/#website\"},\"primaryImageOfPage\":{\"@id\":\"https:\\\/\\\/marktxxl.de\\\/markt\\\/produkt\\\/shirtracer-baby-strampler-maedchen-junge-my-first-metal-shirt-baby-body-kurzarm-fuer-jungen-und-maedchen\\\/#primaryimage\"},\"image\":{\"@id\":\"https:\\\/\\\/marktxxl.de\\\/markt\\\/produkt\\\/shirtracer-baby-strampler-maedchen-junge-my-first-metal-shirt-baby-body-kurzarm-fuer-jungen-und-maedchen\\\/#primaryimage\"},\"thumbnailUrl\":\"https:\\\/\\\/m.media-amazon.com\\\/images\\\/I\\\/411w1iN0qpL._SL500_.jpg\",\"datePublished\":\"2022-12-11T05:11:01+00:00\",\"dateModified\":\"2023-04-10T03:12:55+00:00\",\"description\":\"Markt-XXL Shirtracer - Baby Body Junge M\u00e4dchen - Baby Strampler M\u00e4dchen &amp; Junge - My First Metal Shirt\",\"breadcrumb\":{\"@id\":\"https:\\\/\\\/marktxxl.de\\\/markt\\\/produkt\\\/shirtracer-baby-strampler-maedchen-junge-my-first-metal-shirt-baby-body-kurzarm-fuer-jungen-und-maedchen\\\/#breadcrumb\"},\"inLanguage\":\"de\",\"potentialAction\":[{\"@type\":\"ReadAction\",\"target\":[\"https:\\\/\\\/marktxxl.de\\\/markt\\\/produkt\\\/shirtracer-baby-strampler-maedchen-junge-my-first-metal-shirt-baby-body-kurzarm-fuer-jungen-und-maedchen\\\/\"]}]},{\"@type\":\"ImageObject\",\"inLanguage\":\"de\",\"@id\":\"https:\\\/\\\/marktxxl.de\\\/markt\\\/produkt\\\/shirtracer-baby-strampler-maedchen-junge-my-first-metal-shirt-baby-body-kurzarm-fuer-jungen-und-maedchen\\\/#primaryimage\",\"url\":\"https:\\\/\\\/m.media-amazon.com\\\/images\\\/I\\\/411w1iN0qpL._SL500_.jpg\",\"contentUrl\":\"https:\\\/\\\/m.media-amazon.com\\\/images\\\/I\\\/411w1iN0qpL._SL500_.jpg\",\"width\":417,\"height\":500},{\"@type\":\"BreadcrumbList\",\"@id\":\"https:\\\/\\\/marktxxl.de\\\/markt\\\/produkt\\\/shirtracer-baby-strampler-maedchen-junge-my-first-metal-shirt-baby-body-kurzarm-fuer-jungen-und-maedchen\\\/#breadcrumb\",\"itemListElement\":[{\"@type\":\"ListItem\",\"position\":1,\"name\":\"Startseite\",\"item\":\"https:\\\/\\\/marktxxl.de\\\/markt\\\/\"},{\"@type\":\"ListItem\",\"position\":2,\"name\":\"Markt\",\"item\":\"https:\\\/\\\/marktxxl.de\\\/markt\\\/\"},{\"@type\":\"ListItem\",\"position\":3,\"name\":\"Shirtracer &#8211; Baby Body Junge M\u00e4dchen &#8211; Baby Strampler M\u00e4dchen &amp; Junge &#8211; My First Metal Shirt\"}]},{\"@type\":\"WebSite\",\"@id\":\"https:\\\/\\\/marktxxl.de\\\/markt\\\/#website\",\"url\":\"https:\\\/\\\/marktxxl.de\\\/markt\\\/\",\"name\":\"Markt-XXL\",\"description\":\"Ihr Markt Online\",\"publisher\":{\"@id\":\"https:\\\/\\\/marktxxl.de\\\/markt\\\/#organization\"},\"potentialAction\":[{\"@type\":\"SearchAction\",\"target\":{\"@type\":\"EntryPoint\",\"urlTemplate\":\"https:\\\/\\\/marktxxl.de\\\/markt\\\/?s={search_term_string}\"},\"query-input\":{\"@type\":\"PropertyValueSpecification\",\"valueRequired\":true,\"valueName\":\"search_term_string\"}}],\"inLanguage\":\"de\"},{\"@type\":\"Organization\",\"@id\":\"https:\\\/\\\/marktxxl.de\\\/markt\\\/#organization\",\"name\":\"Markt-XXL\",\"url\":\"https:\\\/\\\/marktxxl.de\\\/markt\\\/\",\"logo\":{\"@type\":\"ImageObject\",\"inLanguage\":\"de\",\"@id\":\"https:\\\/\\\/marktxxl.de\\\/markt\\\/#\\\/schema\\\/logo\\\/image\\\/\",\"url\":\"https:\\\/\\\/marktxxl.de\\\/markt\\\/wp-content\\\/uploads\\\/sites\\\/3\\\/2020\\\/12\\\/logo.png\",\"contentUrl\":\"https:\\\/\\\/marktxxl.de\\\/markt\\\/wp-content\\\/uploads\\\/sites\\\/3\\\/2020\\\/12\\\/logo.png\",\"width\":200,\"height\":70,\"caption\":\"Markt-XXL\"},\"image\":{\"@id\":\"https:\\\/\\\/marktxxl.de\\\/markt\\\/#\\\/schema\\\/logo\\\/image\\\/\"}}]}<\/script>\n<!-- \/ Yoast SEO plugin. -->","yoast_head_json":{"title":"Shirtracer - Baby Body Junge M\u00e4dchen - Baby Strampler M\u00e4dchen &amp; Junge - My First Metal Shirt - Markt-XXL","description":"Markt-XXL Shirtracer - Baby Body Junge M\u00e4dchen - Baby Strampler M\u00e4dchen &amp; Junge - My First Metal Shirt","robots":{"index":"index","follow":"follow","max-snippet":"max-snippet:-1","max-image-preview":"max-image-preview:large","max-video-preview":"max-video-preview:-1"},"canonical":"https:\/\/marktxxl.de\/markt\/produkt\/shirtracer-baby-strampler-maedchen-junge-my-first-metal-shirt-baby-body-kurzarm-fuer-jungen-und-maedchen\/","og_locale":"de_DE","og_type":"article","og_title":"Shirtracer - Baby Body Junge M\u00e4dchen - Baby Strampler M\u00e4dchen &amp; Junge - My First Metal Shirt - Markt-XXL","og_description":"Markt-XXL Shirtracer - Baby Body Junge M\u00e4dchen - Baby Strampler M\u00e4dchen &amp; Junge - My First Metal Shirt","og_url":"https:\/\/marktxxl.de\/markt\/produkt\/shirtracer-baby-strampler-maedchen-junge-my-first-metal-shirt-baby-body-kurzarm-fuer-jungen-und-maedchen\/","og_site_name":"Markt-XXL","article_modified_time":"2023-04-10T03:12:55+00:00","og_image":[{"width":417,"height":500,"url":"https:\/\/m.media-amazon.com\/images\/I\/411w1iN0qpL._SL500_.jpg","type":"image\/jpeg"}],"twitter_card":"summary_large_image","twitter_misc":{"Gesch\u00e4tzte Lesezeit":"1\u00a0Minute"},"schema":{"@context":"https:\/\/schema.org","@graph":[{"@type":"WebPage","@id":"https:\/\/marktxxl.de\/markt\/produkt\/shirtracer-baby-strampler-maedchen-junge-my-first-metal-shirt-baby-body-kurzarm-fuer-jungen-und-maedchen\/","url":"https:\/\/marktxxl.de\/markt\/produkt\/shirtracer-baby-strampler-maedchen-junge-my-first-metal-shirt-baby-body-kurzarm-fuer-jungen-und-maedchen\/","name":"Shirtracer - Baby Body Junge M\u00e4dchen - Baby Strampler M\u00e4dchen &amp; Junge - My First Metal Shirt - Markt-XXL","isPartOf":{"@id":"https:\/\/marktxxl.de\/markt\/#website"},"primaryImageOfPage":{"@id":"https:\/\/marktxxl.de\/markt\/produkt\/shirtracer-baby-strampler-maedchen-junge-my-first-metal-shirt-baby-body-kurzarm-fuer-jungen-und-maedchen\/#primaryimage"},"image":{"@id":"https:\/\/marktxxl.de\/markt\/produkt\/shirtracer-baby-strampler-maedchen-junge-my-first-metal-shirt-baby-body-kurzarm-fuer-jungen-und-maedchen\/#primaryimage"},"thumbnailUrl":"https:\/\/m.media-amazon.com\/images\/I\/411w1iN0qpL._SL500_.jpg","datePublished":"2022-12-11T05:11:01+00:00","dateModified":"2023-04-10T03:12:55+00:00","description":"Markt-XXL Shirtracer - Baby Body Junge M\u00e4dchen - Baby Strampler M\u00e4dchen &amp; Junge - My First Metal Shirt","breadcrumb":{"@id":"https:\/\/marktxxl.de\/markt\/produkt\/shirtracer-baby-strampler-maedchen-junge-my-first-metal-shirt-baby-body-kurzarm-fuer-jungen-und-maedchen\/#breadcrumb"},"inLanguage":"de","potentialAction":[{"@type":"ReadAction","target":["https:\/\/marktxxl.de\/markt\/produkt\/shirtracer-baby-strampler-maedchen-junge-my-first-metal-shirt-baby-body-kurzarm-fuer-jungen-und-maedchen\/"]}]},{"@type":"ImageObject","inLanguage":"de","@id":"https:\/\/marktxxl.de\/markt\/produkt\/shirtracer-baby-strampler-maedchen-junge-my-first-metal-shirt-baby-body-kurzarm-fuer-jungen-und-maedchen\/#primaryimage","url":"https:\/\/m.media-amazon.com\/images\/I\/411w1iN0qpL._SL500_.jpg","contentUrl":"https:\/\/m.media-amazon.com\/images\/I\/411w1iN0qpL._SL500_.jpg","width":417,"height":500},{"@type":"BreadcrumbList","@id":"https:\/\/marktxxl.de\/markt\/produkt\/shirtracer-baby-strampler-maedchen-junge-my-first-metal-shirt-baby-body-kurzarm-fuer-jungen-und-maedchen\/#breadcrumb","itemListElement":[{"@type":"ListItem","position":1,"name":"Startseite","item":"https:\/\/marktxxl.de\/markt\/"},{"@type":"ListItem","position":2,"name":"Markt","item":"https:\/\/marktxxl.de\/markt\/"},{"@type":"ListItem","position":3,"name":"Shirtracer &#8211; Baby Body Junge M\u00e4dchen &#8211; Baby Strampler M\u00e4dchen &amp; Junge &#8211; My First Metal Shirt"}]},{"@type":"WebSite","@id":"https:\/\/marktxxl.de\/markt\/#website","url":"https:\/\/marktxxl.de\/markt\/","name":"Markt-XXL","description":"Ihr Markt Online","publisher":{"@id":"https:\/\/marktxxl.de\/markt\/#organization"},"potentialAction":[{"@type":"SearchAction","target":{"@type":"EntryPoint","urlTemplate":"https:\/\/marktxxl.de\/markt\/?s={search_term_string}"},"query-input":{"@type":"PropertyValueSpecification","valueRequired":true,"valueName":"search_term_string"}}],"inLanguage":"de"},{"@type":"Organization","@id":"https:\/\/marktxxl.de\/markt\/#organization","name":"Markt-XXL","url":"https:\/\/marktxxl.de\/markt\/","logo":{"@type":"ImageObject","inLanguage":"de","@id":"https:\/\/marktxxl.de\/markt\/#\/schema\/logo\/image\/","url":"https:\/\/marktxxl.de\/markt\/wp-content\/uploads\/sites\/3\/2020\/12\/logo.png","contentUrl":"https:\/\/marktxxl.de\/markt\/wp-content\/uploads\/sites\/3\/2020\/12\/logo.png","width":200,"height":70,"caption":"Markt-XXL"},"image":{"@id":"https:\/\/marktxxl.de\/markt\/#\/schema\/logo\/image\/"}}]}},"_links":{"self":[{"href":"https:\/\/marktxxl.de\/markt\/wp-json\/wp\/v2\/product\/174121","targetHints":{"allow":["GET"]}}],"collection":[{"href":"https:\/\/marktxxl.de\/markt\/wp-json\/wp\/v2\/product"}],"about":[{"href":"https:\/\/marktxxl.de\/markt\/wp-json\/wp\/v2\/types\/product"}],"replies":[{"embeddable":true,"href":"https:\/\/marktxxl.de\/markt\/wp-json\/wp\/v2\/comments?post=174121"}],"wp:featuredmedia":[{"embeddable":true,"href":"https:\/\/marktxxl.de\/markt\/wp-json\/wp\/v2\/media\/174122"}],"wp:attachment":[{"href":"https:\/\/marktxxl.de\/markt\/wp-json\/wp\/v2\/media?parent=174121"}],"wp:term":[{"taxonomy":"product_brand","embeddable":true,"href":"https:\/\/marktxxl.de\/markt\/wp-json\/wp\/v2\/product_brand?post=174121"},{"taxonomy":"product_cat","embeddable":true,"href":"https:\/\/marktxxl.de\/markt\/wp-json\/wp\/v2\/product_cat?post=174121"},{"taxonomy":"product_tag","embeddable":true,"href":"https:\/\/marktxxl.de\/markt\/wp-json\/wp\/v2\/product_tag?post=174121"}],"curies":[{"name":"wp","href":"https:\/\/api.w.org\/{rel}","templated":true}]}}