{"id":174113,"date":"2022-12-11T06:10:50","date_gmt":"2022-12-11T05:10:50","guid":{"rendered":"https:\/\/marktxxl.de\/markt\/produkt\/elbenwald-harry-potter-hoodie-hogwarts-haeuserwappen-und-schulwappen-frontprint-und-aermelprint-mit-kapuze-und-tasche-fuer-herren\/"},"modified":"2023-04-10T05:12:55","modified_gmt":"2023-04-10T03:12:55","slug":"elbenwald-harry-potter-hoodie-hogwarts-haeuserwappen-und-schulwappen-frontprint-und-aermelprint-mit-kapuze-und-tasche-fuer-herren","status":"publish","type":"product","link":"https:\/\/marktxxl.de\/markt\/produkt\/elbenwald-harry-potter-hoodie-hogwarts-haeuserwappen-und-schulwappen-frontprint-und-aermelprint-mit-kapuze-und-tasche-fuer-herren\/","title":{"rendered":"Elbenwald Harry Potter Hoodie Hogwarts H\u00e4userwappen und Schulwappen Frontprint und \u00c4rmelprint mit Kapuze und Tasche f\u00fcr\u2026"},"content":{"rendered":"<p>Offiziell lizenzierter Wizarding World Kapuzenpulli mit gro\u00dfem H\u00e4userwappen und Schulwappen Motiv auf der Vorderseite, sowie \u00c4rmelprint. Modischer Herrenhoodie f\u00fcr Fans mit langlebigem und hochwertigem Aufdruck, Kapuze mit Tunnelzug und aufgesetzte vordere Eingrifftasche<br \/>\nDie Hogwartsschule vereint die vier H\u00e4user Gryffindor, Ravenclaw, Slytherin und Hufflepuff unter dem gemeinsamen Slogan: Draco Dormiens Nunquam Titilandus -Wecke niemals einen schlafenden Drachen. Das Wappen mit Schlange, L\u00f6we, Dachs und Adler\/ Rabe ist zeitlos und elegant<br \/>\nDer Pullover besteht aus weichem und anschmiegsamem Material und eignet sich durch das zeitlose Design f\u00fcr jeden Look. Das Oberteil kann beliebig kombiniert werden und passt sowohl ins B\u00fcro als auch Casual in die Uni oder Schule. Durch den angenehmen Sitz, eignet es sich auch f\u00fcr Reisen<br \/>\nDieses Kleidungsst\u00fcck wurde mit hochwertigen Farben gedruckt und kann problemlos bei 30\u00b0C in die Waschmaschine. Um lange Freude am Druck zu haben, sollte der Pulli nicht in den Trockner. Der Pulli ist innen angeraut und h\u00e4lt dich ank\u00fchlen Tagen angenehm warm<br \/>\nDu bekommst ein offizielles Merchandise-Produkt, was in Deutschland f\u00fcr dich designt wurde. Der Kapuzenpullover mit Tunnelzug ist gerade geschnitten und hat lange \u00c4rmel mit elastischem B\u00fcndchen, er f\u00e4llt normal gro\u00df aus und passt f\u00fcr Damen und Herren<br \/>\n<div class=\"main-cross-sell\" data-asin=\"B0BMGG931K\">\n\n\t<div class=\"WooZone-cross-sell-loader\">\n\t\t<div>\n\t\t\t<div id=\"floatingBarsG\">\n\t\t\t\t<div class=\"blockG\" id=\"rotateG_01\"><\/div>\n\t\t\t\t<div class=\"blockG\" id=\"rotateG_02\"><\/div>\n\t\t\t\t<div class=\"blockG\" id=\"rotateG_03\"><\/div>\n\t\t\t\t<div class=\"blockG\" id=\"rotateG_04\"><\/div>\n\t\t\t\t<div class=\"blockG\" id=\"rotateG_05\"><\/div>\n\t\t\t\t<div class=\"blockG\" id=\"rotateG_06\"><\/div>\n\t\t\t\t<div class=\"blockG\" id=\"rotateG_07\"><\/div>\n\t\t\t\t<div class=\"blockG\" id=\"rotateG_08\"><\/div>\n\t\t\t<\/div>\n\t\t\t<div class=\"WooZone-cross-sell-loader-text\"><\/div>\n\t\t<\/div>\n\t<\/div>\n\n\t\t\n<\/div>\n<div style=\"clear:both;\"><\/div><\/p>\n","protected":false},"excerpt":{"rendered":"<p>Offiziell lizenzierter Wizarding World Kapuzenpulli mit gro\u00dfem H\u00e4userwappen und Schulwappen Motiv auf der Vorderseite, sowie \u00c4rmelprint. Modischer Herrenhoodie f\u00fcr Fans mit langlebigem und hochwertigem Aufdruck, Kapuze mit Tunnelzug und aufgesetzte vordere Eingrifftasche<br \/>\nDie Hogwartsschule vereint die vier H\u00e4user Gryffindor, Ravenclaw, Slytherin und Hufflepuff unter dem gemeinsamen Slogan: Draco Dormiens Nunquam Titilandus -Wecke niemals einen schlafenden Drachen. Das Wappen mit Schlange, L\u00f6we, Dachs und Adler\/ Rabe ist zeitlos und elegant<br \/>\nDer Pullover besteht aus weichem und anschmiegsamem Material und eignet sich durch das zeitlose Design f\u00fcr jeden Look. Das Oberteil kann beliebig kombiniert werden und passt sowohl ins B\u00fcro als auch Casual in die Uni oder Schule. Durch den angenehmen Sitz, eignet es sich auch f\u00fcr Reisen<\/p>\n","protected":false},"featured_media":174114,"comment_status":"open","ping_status":"closed","template":"","meta":[],"product_brand":[],"product_cat":[1186,4069],"product_tag":[],"class_list":{"0":"post-174113","1":"product","2":"type-product","3":"status-publish","4":"has-post-thumbnail","6":"product_cat-bekleidung","7":"product_cat-spezielle-anlaesse","8":"pa_brand-elbenwald","10":"first","11":"instock","12":"shipping-taxable","13":"purchasable","14":"product-type-simple","15":"customify-col","16":"product-has-gallery"},"yoast_head":"<!-- This site is optimized with the Yoast SEO plugin v27.4 - https:\/\/yoast.com\/product\/yoast-seo-wordpress\/ -->\n<title>Elbenwald Harry Potter Hoodie Hogwarts H\u00e4userwappen und Schulwappen Frontprint und \u00c4rmelprint mit Kapuze und Tasche f\u00fcr\u2026 - Markt-XXL<\/title>\n<meta name=\"description\" content=\"Markt-XXL Elbenwald Harry Potter Hoodie Hogwarts H\u00e4userwappen und Schulwappen Frontprint und \u00c4rmelprint mit Kapuze und Tasche f\u00fcr\u2026\" \/>\n<meta name=\"robots\" content=\"index, follow, max-snippet:-1, max-image-preview:large, max-video-preview:-1\" \/>\n<link rel=\"canonical\" href=\"https:\/\/marktxxl.de\/markt\/produkt\/elbenwald-harry-potter-hoodie-hogwarts-haeuserwappen-und-schulwappen-frontprint-und-aermelprint-mit-kapuze-und-tasche-fuer-herren\/\" \/>\n<meta property=\"og:locale\" content=\"de_DE\" \/>\n<meta property=\"og:type\" content=\"article\" \/>\n<meta property=\"og:title\" content=\"Elbenwald Harry Potter Hoodie Hogwarts H\u00e4userwappen und Schulwappen Frontprint und \u00c4rmelprint mit Kapuze und Tasche f\u00fcr\u2026 - Markt-XXL\" \/>\n<meta property=\"og:description\" content=\"Markt-XXL Elbenwald Harry Potter Hoodie Hogwarts H\u00e4userwappen und Schulwappen Frontprint und \u00c4rmelprint mit Kapuze und Tasche f\u00fcr\u2026\" \/>\n<meta property=\"og:url\" content=\"https:\/\/marktxxl.de\/markt\/produkt\/elbenwald-harry-potter-hoodie-hogwarts-haeuserwappen-und-schulwappen-frontprint-und-aermelprint-mit-kapuze-und-tasche-fuer-herren\/\" \/>\n<meta property=\"og:site_name\" content=\"Markt-XXL\" \/>\n<meta property=\"article:modified_time\" content=\"2023-04-10T03:12:55+00:00\" \/>\n<meta property=\"og:image\" content=\"https:\/\/m.media-amazon.com\/images\/I\/41nnt9kFTcL._SL500_.jpg\" \/>\n\t<meta property=\"og:image:width\" content=\"500\" \/>\n\t<meta property=\"og:image:height\" content=\"500\" \/>\n\t<meta property=\"og:image:type\" content=\"image\/jpeg\" \/>\n<meta name=\"twitter:card\" content=\"summary_large_image\" \/>\n<meta name=\"twitter:label1\" content=\"Gesch\u00e4tzte Lesezeit\" \/>\n\t<meta name=\"twitter:data1\" content=\"1\u00a0Minute\" \/>\n<script type=\"application\/ld+json\" class=\"yoast-schema-graph\">{\"@context\":\"https:\\\/\\\/schema.org\",\"@graph\":[{\"@type\":\"WebPage\",\"@id\":\"https:\\\/\\\/marktxxl.de\\\/markt\\\/produkt\\\/elbenwald-harry-potter-hoodie-hogwarts-haeuserwappen-und-schulwappen-frontprint-und-aermelprint-mit-kapuze-und-tasche-fuer-herren\\\/\",\"url\":\"https:\\\/\\\/marktxxl.de\\\/markt\\\/produkt\\\/elbenwald-harry-potter-hoodie-hogwarts-haeuserwappen-und-schulwappen-frontprint-und-aermelprint-mit-kapuze-und-tasche-fuer-herren\\\/\",\"name\":\"Elbenwald Harry Potter Hoodie Hogwarts H\u00e4userwappen und Schulwappen Frontprint und \u00c4rmelprint mit Kapuze und Tasche f\u00fcr\u2026 - Markt-XXL\",\"isPartOf\":{\"@id\":\"https:\\\/\\\/marktxxl.de\\\/markt\\\/#website\"},\"primaryImageOfPage\":{\"@id\":\"https:\\\/\\\/marktxxl.de\\\/markt\\\/produkt\\\/elbenwald-harry-potter-hoodie-hogwarts-haeuserwappen-und-schulwappen-frontprint-und-aermelprint-mit-kapuze-und-tasche-fuer-herren\\\/#primaryimage\"},\"image\":{\"@id\":\"https:\\\/\\\/marktxxl.de\\\/markt\\\/produkt\\\/elbenwald-harry-potter-hoodie-hogwarts-haeuserwappen-und-schulwappen-frontprint-und-aermelprint-mit-kapuze-und-tasche-fuer-herren\\\/#primaryimage\"},\"thumbnailUrl\":\"https:\\\/\\\/m.media-amazon.com\\\/images\\\/I\\\/41nnt9kFTcL._SL500_.jpg\",\"datePublished\":\"2022-12-11T05:10:50+00:00\",\"dateModified\":\"2023-04-10T03:12:55+00:00\",\"description\":\"Markt-XXL Elbenwald Harry Potter Hoodie Hogwarts H\u00e4userwappen und Schulwappen Frontprint und \u00c4rmelprint mit Kapuze und Tasche f\u00fcr\u2026\",\"breadcrumb\":{\"@id\":\"https:\\\/\\\/marktxxl.de\\\/markt\\\/produkt\\\/elbenwald-harry-potter-hoodie-hogwarts-haeuserwappen-und-schulwappen-frontprint-und-aermelprint-mit-kapuze-und-tasche-fuer-herren\\\/#breadcrumb\"},\"inLanguage\":\"de\",\"potentialAction\":[{\"@type\":\"ReadAction\",\"target\":[\"https:\\\/\\\/marktxxl.de\\\/markt\\\/produkt\\\/elbenwald-harry-potter-hoodie-hogwarts-haeuserwappen-und-schulwappen-frontprint-und-aermelprint-mit-kapuze-und-tasche-fuer-herren\\\/\"]}]},{\"@type\":\"ImageObject\",\"inLanguage\":\"de\",\"@id\":\"https:\\\/\\\/marktxxl.de\\\/markt\\\/produkt\\\/elbenwald-harry-potter-hoodie-hogwarts-haeuserwappen-und-schulwappen-frontprint-und-aermelprint-mit-kapuze-und-tasche-fuer-herren\\\/#primaryimage\",\"url\":\"https:\\\/\\\/m.media-amazon.com\\\/images\\\/I\\\/41nnt9kFTcL._SL500_.jpg\",\"contentUrl\":\"https:\\\/\\\/m.media-amazon.com\\\/images\\\/I\\\/41nnt9kFTcL._SL500_.jpg\",\"width\":500,\"height\":500},{\"@type\":\"BreadcrumbList\",\"@id\":\"https:\\\/\\\/marktxxl.de\\\/markt\\\/produkt\\\/elbenwald-harry-potter-hoodie-hogwarts-haeuserwappen-und-schulwappen-frontprint-und-aermelprint-mit-kapuze-und-tasche-fuer-herren\\\/#breadcrumb\",\"itemListElement\":[{\"@type\":\"ListItem\",\"position\":1,\"name\":\"Startseite\",\"item\":\"https:\\\/\\\/marktxxl.de\\\/markt\\\/\"},{\"@type\":\"ListItem\",\"position\":2,\"name\":\"Markt\",\"item\":\"https:\\\/\\\/marktxxl.de\\\/markt\\\/\"},{\"@type\":\"ListItem\",\"position\":3,\"name\":\"Elbenwald Harry Potter Hoodie Hogwarts H\u00e4userwappen und Schulwappen Frontprint und \u00c4rmelprint mit Kapuze und Tasche f\u00fcr\u2026\"}]},{\"@type\":\"WebSite\",\"@id\":\"https:\\\/\\\/marktxxl.de\\\/markt\\\/#website\",\"url\":\"https:\\\/\\\/marktxxl.de\\\/markt\\\/\",\"name\":\"Markt-XXL\",\"description\":\"Ihr Markt Online\",\"publisher\":{\"@id\":\"https:\\\/\\\/marktxxl.de\\\/markt\\\/#organization\"},\"potentialAction\":[{\"@type\":\"SearchAction\",\"target\":{\"@type\":\"EntryPoint\",\"urlTemplate\":\"https:\\\/\\\/marktxxl.de\\\/markt\\\/?s={search_term_string}\"},\"query-input\":{\"@type\":\"PropertyValueSpecification\",\"valueRequired\":true,\"valueName\":\"search_term_string\"}}],\"inLanguage\":\"de\"},{\"@type\":\"Organization\",\"@id\":\"https:\\\/\\\/marktxxl.de\\\/markt\\\/#organization\",\"name\":\"Markt-XXL\",\"url\":\"https:\\\/\\\/marktxxl.de\\\/markt\\\/\",\"logo\":{\"@type\":\"ImageObject\",\"inLanguage\":\"de\",\"@id\":\"https:\\\/\\\/marktxxl.de\\\/markt\\\/#\\\/schema\\\/logo\\\/image\\\/\",\"url\":\"https:\\\/\\\/marktxxl.de\\\/markt\\\/wp-content\\\/uploads\\\/sites\\\/3\\\/2020\\\/12\\\/logo.png\",\"contentUrl\":\"https:\\\/\\\/marktxxl.de\\\/markt\\\/wp-content\\\/uploads\\\/sites\\\/3\\\/2020\\\/12\\\/logo.png\",\"width\":200,\"height\":70,\"caption\":\"Markt-XXL\"},\"image\":{\"@id\":\"https:\\\/\\\/marktxxl.de\\\/markt\\\/#\\\/schema\\\/logo\\\/image\\\/\"}}]}<\/script>\n<!-- \/ Yoast SEO plugin. -->","yoast_head_json":{"title":"Elbenwald Harry Potter Hoodie Hogwarts H\u00e4userwappen und Schulwappen Frontprint und \u00c4rmelprint mit Kapuze und Tasche f\u00fcr\u2026 - Markt-XXL","description":"Markt-XXL Elbenwald Harry Potter Hoodie Hogwarts H\u00e4userwappen und Schulwappen Frontprint und \u00c4rmelprint mit Kapuze und Tasche f\u00fcr\u2026","robots":{"index":"index","follow":"follow","max-snippet":"max-snippet:-1","max-image-preview":"max-image-preview:large","max-video-preview":"max-video-preview:-1"},"canonical":"https:\/\/marktxxl.de\/markt\/produkt\/elbenwald-harry-potter-hoodie-hogwarts-haeuserwappen-und-schulwappen-frontprint-und-aermelprint-mit-kapuze-und-tasche-fuer-herren\/","og_locale":"de_DE","og_type":"article","og_title":"Elbenwald Harry Potter Hoodie Hogwarts H\u00e4userwappen und Schulwappen Frontprint und \u00c4rmelprint mit Kapuze und Tasche f\u00fcr\u2026 - Markt-XXL","og_description":"Markt-XXL Elbenwald Harry Potter Hoodie Hogwarts H\u00e4userwappen und Schulwappen Frontprint und \u00c4rmelprint mit Kapuze und Tasche f\u00fcr\u2026","og_url":"https:\/\/marktxxl.de\/markt\/produkt\/elbenwald-harry-potter-hoodie-hogwarts-haeuserwappen-und-schulwappen-frontprint-und-aermelprint-mit-kapuze-und-tasche-fuer-herren\/","og_site_name":"Markt-XXL","article_modified_time":"2023-04-10T03:12:55+00:00","og_image":[{"width":500,"height":500,"url":"https:\/\/m.media-amazon.com\/images\/I\/41nnt9kFTcL._SL500_.jpg","type":"image\/jpeg"}],"twitter_card":"summary_large_image","twitter_misc":{"Gesch\u00e4tzte Lesezeit":"1\u00a0Minute"},"schema":{"@context":"https:\/\/schema.org","@graph":[{"@type":"WebPage","@id":"https:\/\/marktxxl.de\/markt\/produkt\/elbenwald-harry-potter-hoodie-hogwarts-haeuserwappen-und-schulwappen-frontprint-und-aermelprint-mit-kapuze-und-tasche-fuer-herren\/","url":"https:\/\/marktxxl.de\/markt\/produkt\/elbenwald-harry-potter-hoodie-hogwarts-haeuserwappen-und-schulwappen-frontprint-und-aermelprint-mit-kapuze-und-tasche-fuer-herren\/","name":"Elbenwald Harry Potter Hoodie Hogwarts H\u00e4userwappen und Schulwappen Frontprint und \u00c4rmelprint mit Kapuze und Tasche f\u00fcr\u2026 - Markt-XXL","isPartOf":{"@id":"https:\/\/marktxxl.de\/markt\/#website"},"primaryImageOfPage":{"@id":"https:\/\/marktxxl.de\/markt\/produkt\/elbenwald-harry-potter-hoodie-hogwarts-haeuserwappen-und-schulwappen-frontprint-und-aermelprint-mit-kapuze-und-tasche-fuer-herren\/#primaryimage"},"image":{"@id":"https:\/\/marktxxl.de\/markt\/produkt\/elbenwald-harry-potter-hoodie-hogwarts-haeuserwappen-und-schulwappen-frontprint-und-aermelprint-mit-kapuze-und-tasche-fuer-herren\/#primaryimage"},"thumbnailUrl":"https:\/\/m.media-amazon.com\/images\/I\/41nnt9kFTcL._SL500_.jpg","datePublished":"2022-12-11T05:10:50+00:00","dateModified":"2023-04-10T03:12:55+00:00","description":"Markt-XXL Elbenwald Harry Potter Hoodie Hogwarts H\u00e4userwappen und Schulwappen Frontprint und \u00c4rmelprint mit Kapuze und Tasche f\u00fcr\u2026","breadcrumb":{"@id":"https:\/\/marktxxl.de\/markt\/produkt\/elbenwald-harry-potter-hoodie-hogwarts-haeuserwappen-und-schulwappen-frontprint-und-aermelprint-mit-kapuze-und-tasche-fuer-herren\/#breadcrumb"},"inLanguage":"de","potentialAction":[{"@type":"ReadAction","target":["https:\/\/marktxxl.de\/markt\/produkt\/elbenwald-harry-potter-hoodie-hogwarts-haeuserwappen-und-schulwappen-frontprint-und-aermelprint-mit-kapuze-und-tasche-fuer-herren\/"]}]},{"@type":"ImageObject","inLanguage":"de","@id":"https:\/\/marktxxl.de\/markt\/produkt\/elbenwald-harry-potter-hoodie-hogwarts-haeuserwappen-und-schulwappen-frontprint-und-aermelprint-mit-kapuze-und-tasche-fuer-herren\/#primaryimage","url":"https:\/\/m.media-amazon.com\/images\/I\/41nnt9kFTcL._SL500_.jpg","contentUrl":"https:\/\/m.media-amazon.com\/images\/I\/41nnt9kFTcL._SL500_.jpg","width":500,"height":500},{"@type":"BreadcrumbList","@id":"https:\/\/marktxxl.de\/markt\/produkt\/elbenwald-harry-potter-hoodie-hogwarts-haeuserwappen-und-schulwappen-frontprint-und-aermelprint-mit-kapuze-und-tasche-fuer-herren\/#breadcrumb","itemListElement":[{"@type":"ListItem","position":1,"name":"Startseite","item":"https:\/\/marktxxl.de\/markt\/"},{"@type":"ListItem","position":2,"name":"Markt","item":"https:\/\/marktxxl.de\/markt\/"},{"@type":"ListItem","position":3,"name":"Elbenwald Harry Potter Hoodie Hogwarts H\u00e4userwappen und Schulwappen Frontprint und \u00c4rmelprint mit Kapuze und Tasche f\u00fcr\u2026"}]},{"@type":"WebSite","@id":"https:\/\/marktxxl.de\/markt\/#website","url":"https:\/\/marktxxl.de\/markt\/","name":"Markt-XXL","description":"Ihr Markt Online","publisher":{"@id":"https:\/\/marktxxl.de\/markt\/#organization"},"potentialAction":[{"@type":"SearchAction","target":{"@type":"EntryPoint","urlTemplate":"https:\/\/marktxxl.de\/markt\/?s={search_term_string}"},"query-input":{"@type":"PropertyValueSpecification","valueRequired":true,"valueName":"search_term_string"}}],"inLanguage":"de"},{"@type":"Organization","@id":"https:\/\/marktxxl.de\/markt\/#organization","name":"Markt-XXL","url":"https:\/\/marktxxl.de\/markt\/","logo":{"@type":"ImageObject","inLanguage":"de","@id":"https:\/\/marktxxl.de\/markt\/#\/schema\/logo\/image\/","url":"https:\/\/marktxxl.de\/markt\/wp-content\/uploads\/sites\/3\/2020\/12\/logo.png","contentUrl":"https:\/\/marktxxl.de\/markt\/wp-content\/uploads\/sites\/3\/2020\/12\/logo.png","width":200,"height":70,"caption":"Markt-XXL"},"image":{"@id":"https:\/\/marktxxl.de\/markt\/#\/schema\/logo\/image\/"}}]}},"_links":{"self":[{"href":"https:\/\/marktxxl.de\/markt\/wp-json\/wp\/v2\/product\/174113","targetHints":{"allow":["GET"]}}],"collection":[{"href":"https:\/\/marktxxl.de\/markt\/wp-json\/wp\/v2\/product"}],"about":[{"href":"https:\/\/marktxxl.de\/markt\/wp-json\/wp\/v2\/types\/product"}],"replies":[{"embeddable":true,"href":"https:\/\/marktxxl.de\/markt\/wp-json\/wp\/v2\/comments?post=174113"}],"wp:featuredmedia":[{"embeddable":true,"href":"https:\/\/marktxxl.de\/markt\/wp-json\/wp\/v2\/media\/174114"}],"wp:attachment":[{"href":"https:\/\/marktxxl.de\/markt\/wp-json\/wp\/v2\/media?parent=174113"}],"wp:term":[{"taxonomy":"product_brand","embeddable":true,"href":"https:\/\/marktxxl.de\/markt\/wp-json\/wp\/v2\/product_brand?post=174113"},{"taxonomy":"product_cat","embeddable":true,"href":"https:\/\/marktxxl.de\/markt\/wp-json\/wp\/v2\/product_cat?post=174113"},{"taxonomy":"product_tag","embeddable":true,"href":"https:\/\/marktxxl.de\/markt\/wp-json\/wp\/v2\/product_tag?post=174113"}],"curies":[{"name":"wp","href":"https:\/\/api.w.org\/{rel}","templated":true}]}}