{"id":174073,"date":"2022-12-11T06:08:40","date_gmt":"2022-12-11T05:08:40","guid":{"rendered":"https:\/\/marktxxl.de\/markt\/produkt\/led-lichterkette-aussen-20m-200-led-lichterkette-innen-mit-fernbedienung-stecker-8-modi-lichterkette-weihnachtsbaum-mit-timer-ip65-wasserdicht-lichterkette-strom-fuer-party-garten-zimmer\/"},"modified":"2023-04-10T05:12:53","modified_gmt":"2023-04-10T03:12:53","slug":"led-lichterkette-aussen-20m-200-led-lichterkette-innen-mit-fernbedienung-stecker-8-modi-lichterkette-weihnachtsbaum-mit-timer-ip65-wasserdicht-lichterkette-strom-fuer-party-garten-zimmer","status":"publish","type":"product","link":"https:\/\/marktxxl.de\/markt\/produkt\/led-lichterkette-aussen-20m-200-led-lichterkette-innen-mit-fernbedienung-stecker-8-modi-lichterkette-weihnachtsbaum-mit-timer-ip65-wasserdicht-lichterkette-strom-fuer-party-garten-zimmer\/","title":{"rendered":"LED Lichterkette Au\u00dfen, 20M 200 LED Lichterkette Innen mit Fernbedienung &amp; Stecker, 8 Modi Lichterkette Weihnachtsbaum\u2026"},"content":{"rendered":"<p>\u2728 8 Beleuchtungsmodi &amp; IR-Fernbedienung: Die lichterkette au\u00dfen hat 8 verschiedene Leuchtmodi: Kombination, Wellen, Sequentiell, Langsames Leuchten, Jagen \/ Blitzen, Langsam verblassen, Funkeln \/ Blitzen, gleich geblieben. Alle Beleuchtungsmodi k\u00f6nnen \u00fcber die Fernbedienung gesteuert werden, sogar \u00fcber den Netzschalter des EU-Steckers. (Fernbedienungswut innerhalb von 3m).<br \/>\n\u2728 IP65 Wasserdicht: Lichterkette Aussen Dank des hohen wasserdichten Ranges h\u00e4lt es starkem Regen und Schnee stand und eignet sich perfekt f\u00fcr Dekorationen im Innen- und Au\u00dfenbereich.Hinweis: der stecker ist IP44, Die Wasserdichtigkeit ist nicht so hoch wie die der Lichterkette. Wenn Sie es im Freien verwenden, k\u00f6nnen Sie eine Plastikt\u00fcte oder andere Gegenst\u00e4nde au\u00dfen am Adapter anbringen, um ihn zu sch\u00fctzen.<br \/>\n\u2728 Lichterkette Innen mit Timer &amp; Memory-Funktion: Der Standard-Timer ist 6 Stunden an und 18 Stunden aus. Wenn Sie die Timer-Taste dr\u00fccken, schaltet sie sich nach 6 Stunden Beleuchtung automatisch aus und nach 18 Stunden Herunterfahren automatisch ein. Die Memory-Funktion speichert den gew\u00e4hlten Lichteffekt dann auch nach dem Ausschalten der Dekoration, sodass beim erneuten Starten der gew\u00fcnschte Effekt nicht erneut ausgew\u00e4hlt werden muss.<br \/>\n\u2728 20M 200 LED Lichterkette Au\u00dfen Warmwei\u00df Dimmbar: 20 Meter Lichterkette + 5 Meter Stromkabel, LED Abstand: 10cm, Dekolichterkette f\u00fcr den Innen &amp; Aussenbereich. Der 220-V-Standard-EU-Stecker ist f\u00fcr alle EU-Standardsteckdosen geeignet. 10 Leuchtdichtestufe 10-100%. Sie k\u00f6nnen einen bestimmten eine bestimmte Helligkeit nach Belieben ausw\u00e4hlen.<br \/>\n\u2728 Geeignet f\u00fcr eine Vielzahl von Szenarien: In Innenr\u00e4umen k\u00f6nnen Sie mit ihm viele Dinge wie Sofas, Vorh\u00e4nge, Pflanzen, Spiegel usw. dekorieren. Lichterketten machen Ihr Zimmer sch\u00f6ner, vertr\u00e4umter und w\u00e4rmer. Im Freien, lichterkette au\u00dfen led kann als Dekoration verwendet werdenFenster, Terrasse, Hof, Rasen usw. Die lichterkette ist Wasserdicht, auch wenn Sie es auf der Au\u00dfenseite halten, keine Sorge, es wird immer Ihren Garten beleuchte.<br \/>\n\u2728 Sichere Niederspannung: Die LED-Lichterkette wird mit 24 V Niederspannung betrieben. Niederspannung ohne Gefahr eines Stromschlags, die warmwei\u00dfe Lichterkette ist sicher f\u00fcr alle, Kinder und Haustiere. Es wird nicht \u00fcberhitzt, kann nach vielen Betriebsstunden sicher ber\u00fchrt werden, das LED-Licht erzeugt genau die richtige Menge an Helligkeit, die eine brillante Beleuchtung bietet, ohne Ihre Augen zu st\u00f6ren.<br \/>\n<div class=\"main-cross-sell\" data-asin=\"B0B654JS44\">\n\n\t<div class=\"WooZone-cross-sell-loader\">\n\t\t<div>\n\t\t\t<div id=\"floatingBarsG\">\n\t\t\t\t<div class=\"blockG\" id=\"rotateG_01\"><\/div>\n\t\t\t\t<div class=\"blockG\" id=\"rotateG_02\"><\/div>\n\t\t\t\t<div class=\"blockG\" id=\"rotateG_03\"><\/div>\n\t\t\t\t<div class=\"blockG\" id=\"rotateG_04\"><\/div>\n\t\t\t\t<div class=\"blockG\" id=\"rotateG_05\"><\/div>\n\t\t\t\t<div class=\"blockG\" id=\"rotateG_06\"><\/div>\n\t\t\t\t<div class=\"blockG\" id=\"rotateG_07\"><\/div>\n\t\t\t\t<div class=\"blockG\" id=\"rotateG_08\"><\/div>\n\t\t\t<\/div>\n\t\t\t<div class=\"WooZone-cross-sell-loader-text\"><\/div>\n\t\t<\/div>\n\t<\/div>\n\n\t\t\n<\/div>\n<div style=\"clear:both;\"><\/div><\/p>\n","protected":false},"excerpt":{"rendered":"<p>\u2728 8 Beleuchtungsmodi &amp; IR-Fernbedienung: Die lichterkette au\u00dfen hat 8 verschiedene Leuchtmodi: Kombination, Wellen, Sequentiell, Langsames Leuchten, Jagen \/ Blitzen, Langsam verblassen, Funkeln \/ Blitzen, gleich geblieben. Alle Beleuchtungsmodi k\u00f6nnen \u00fcber die Fernbedienung gesteuert werden, sogar \u00fcber den Netzschalter des EU-Steckers. (Fernbedienungswut innerhalb von 3m).<br \/>\n\u2728 IP65 Wasserdicht: Lichterkette Aussen Dank des hohen wasserdichten Ranges h\u00e4lt es starkem Regen und Schnee stand und eignet sich perfekt f\u00fcr Dekorationen im Innen- und Au\u00dfenbereich.Hinweis: der stecker ist IP44, Die Wasserdichtigkeit ist nicht so hoch wie die der Lichterkette. Wenn Sie es im Freien verwenden, k\u00f6nnen Sie eine Plastikt\u00fcte oder andere Gegenst\u00e4nde au\u00dfen am Adapter anbringen, um ihn zu sch\u00fctzen.<br \/>\n\u2728 Lichterkette Innen mit Timer &amp; Memory-Funktion: Der Standard-Timer ist 6 Stunden an und 18 Stunden aus. Wenn Sie die Timer-Taste dr\u00fccken, schaltet sie sich nach 6 Stunden Beleuchtung automatisch aus und nach 18 Stunden Herunterfahren automatisch ein. Die Memory-Funktion speichert den gew\u00e4hlten Lichteffekt dann auch nach dem Ausschalten der Dekoration, sodass beim erneuten Starten der gew\u00fcnschte Effekt nicht erneut ausgew\u00e4hlt werden muss.<\/p>\n","protected":false},"featured_media":174074,"comment_status":"open","ping_status":"closed","template":"","meta":[],"product_brand":[],"product_cat":[2108,15622],"product_tag":[],"class_list":{"0":"post-174073","1":"product","2":"type-product","3":"status-publish","4":"has-post-thumbnail","6":"product_cat-beleuchtung","7":"product_cat-lichterketten","8":"pa_brand-vacoulery","9":"pa_height-3-543307083-zoll","10":"pa_length-6-692913379-zoll","11":"pa_manufacturer-vacoulery","12":"pa_model-25199","13":"pa_model-tzwc-31-i-o-a-t-100","14":"pa_width-3-93700787-zoll","16":"first","17":"instock","18":"shipping-taxable","19":"purchasable","20":"product-type-simple","21":"customify-col","22":"product-has-gallery"},"yoast_head":"<!-- This site is optimized with the Yoast SEO plugin v27.4 - https:\/\/yoast.com\/product\/yoast-seo-wordpress\/ -->\n<title>LED Lichterkette Au\u00dfen, 20M 200 LED Lichterkette Innen mit Fernbedienung &amp; Stecker, 8 Modi Lichterkette Weihnachtsbaum\u2026 - Markt-XXL<\/title>\n<meta name=\"description\" content=\"Markt-XXL LED Lichterkette Au\u00dfen, 20M 200 LED Lichterkette Innen mit Fernbedienung &amp; Stecker, 8 Modi Lichterkette Weihnachtsbaum\u2026\" \/>\n<meta name=\"robots\" content=\"index, follow, max-snippet:-1, max-image-preview:large, max-video-preview:-1\" \/>\n<link rel=\"canonical\" href=\"https:\/\/marktxxl.de\/markt\/produkt\/led-lichterkette-aussen-20m-200-led-lichterkette-innen-mit-fernbedienung-stecker-8-modi-lichterkette-weihnachtsbaum-mit-timer-ip65-wasserdicht-lichterkette-strom-fuer-party-garten-zimmer\/\" \/>\n<meta property=\"og:locale\" content=\"de_DE\" \/>\n<meta property=\"og:type\" content=\"article\" \/>\n<meta property=\"og:title\" content=\"LED Lichterkette Au\u00dfen, 20M 200 LED Lichterkette Innen mit Fernbedienung &amp; Stecker, 8 Modi Lichterkette Weihnachtsbaum\u2026 - Markt-XXL\" \/>\n<meta property=\"og:description\" content=\"Markt-XXL LED Lichterkette Au\u00dfen, 20M 200 LED Lichterkette Innen mit Fernbedienung &amp; Stecker, 8 Modi Lichterkette Weihnachtsbaum\u2026\" \/>\n<meta property=\"og:url\" content=\"https:\/\/marktxxl.de\/markt\/produkt\/led-lichterkette-aussen-20m-200-led-lichterkette-innen-mit-fernbedienung-stecker-8-modi-lichterkette-weihnachtsbaum-mit-timer-ip65-wasserdicht-lichterkette-strom-fuer-party-garten-zimmer\/\" \/>\n<meta property=\"og:site_name\" content=\"Markt-XXL\" \/>\n<meta property=\"article:modified_time\" content=\"2023-04-10T03:12:53+00:00\" \/>\n<meta property=\"og:image\" content=\"https:\/\/m.media-amazon.com\/images\/I\/51MK1eCMsbL._SL500_.jpg\" \/>\n\t<meta property=\"og:image:width\" content=\"500\" \/>\n\t<meta property=\"og:image:height\" content=\"500\" \/>\n\t<meta property=\"og:image:type\" content=\"image\/jpeg\" \/>\n<meta name=\"twitter:card\" content=\"summary_large_image\" \/>\n<meta name=\"twitter:label1\" content=\"Gesch\u00e4tzte Lesezeit\" \/>\n\t<meta name=\"twitter:data1\" content=\"2\u00a0Minuten\" \/>\n<script type=\"application\/ld+json\" class=\"yoast-schema-graph\">{\"@context\":\"https:\\\/\\\/schema.org\",\"@graph\":[{\"@type\":\"WebPage\",\"@id\":\"https:\\\/\\\/marktxxl.de\\\/markt\\\/produkt\\\/led-lichterkette-aussen-20m-200-led-lichterkette-innen-mit-fernbedienung-stecker-8-modi-lichterkette-weihnachtsbaum-mit-timer-ip65-wasserdicht-lichterkette-strom-fuer-party-garten-zimmer\\\/\",\"url\":\"https:\\\/\\\/marktxxl.de\\\/markt\\\/produkt\\\/led-lichterkette-aussen-20m-200-led-lichterkette-innen-mit-fernbedienung-stecker-8-modi-lichterkette-weihnachtsbaum-mit-timer-ip65-wasserdicht-lichterkette-strom-fuer-party-garten-zimmer\\\/\",\"name\":\"LED Lichterkette Au\u00dfen, 20M 200 LED Lichterkette Innen mit Fernbedienung &amp; Stecker, 8 Modi Lichterkette Weihnachtsbaum\u2026 - Markt-XXL\",\"isPartOf\":{\"@id\":\"https:\\\/\\\/marktxxl.de\\\/markt\\\/#website\"},\"primaryImageOfPage\":{\"@id\":\"https:\\\/\\\/marktxxl.de\\\/markt\\\/produkt\\\/led-lichterkette-aussen-20m-200-led-lichterkette-innen-mit-fernbedienung-stecker-8-modi-lichterkette-weihnachtsbaum-mit-timer-ip65-wasserdicht-lichterkette-strom-fuer-party-garten-zimmer\\\/#primaryimage\"},\"image\":{\"@id\":\"https:\\\/\\\/marktxxl.de\\\/markt\\\/produkt\\\/led-lichterkette-aussen-20m-200-led-lichterkette-innen-mit-fernbedienung-stecker-8-modi-lichterkette-weihnachtsbaum-mit-timer-ip65-wasserdicht-lichterkette-strom-fuer-party-garten-zimmer\\\/#primaryimage\"},\"thumbnailUrl\":\"https:\\\/\\\/m.media-amazon.com\\\/images\\\/I\\\/51MK1eCMsbL._SL500_.jpg\",\"datePublished\":\"2022-12-11T05:08:40+00:00\",\"dateModified\":\"2023-04-10T03:12:53+00:00\",\"description\":\"Markt-XXL LED Lichterkette Au\u00dfen, 20M 200 LED Lichterkette Innen mit Fernbedienung &amp; Stecker, 8 Modi Lichterkette Weihnachtsbaum\u2026\",\"breadcrumb\":{\"@id\":\"https:\\\/\\\/marktxxl.de\\\/markt\\\/produkt\\\/led-lichterkette-aussen-20m-200-led-lichterkette-innen-mit-fernbedienung-stecker-8-modi-lichterkette-weihnachtsbaum-mit-timer-ip65-wasserdicht-lichterkette-strom-fuer-party-garten-zimmer\\\/#breadcrumb\"},\"inLanguage\":\"de\",\"potentialAction\":[{\"@type\":\"ReadAction\",\"target\":[\"https:\\\/\\\/marktxxl.de\\\/markt\\\/produkt\\\/led-lichterkette-aussen-20m-200-led-lichterkette-innen-mit-fernbedienung-stecker-8-modi-lichterkette-weihnachtsbaum-mit-timer-ip65-wasserdicht-lichterkette-strom-fuer-party-garten-zimmer\\\/\"]}]},{\"@type\":\"ImageObject\",\"inLanguage\":\"de\",\"@id\":\"https:\\\/\\\/marktxxl.de\\\/markt\\\/produkt\\\/led-lichterkette-aussen-20m-200-led-lichterkette-innen-mit-fernbedienung-stecker-8-modi-lichterkette-weihnachtsbaum-mit-timer-ip65-wasserdicht-lichterkette-strom-fuer-party-garten-zimmer\\\/#primaryimage\",\"url\":\"https:\\\/\\\/m.media-amazon.com\\\/images\\\/I\\\/51MK1eCMsbL._SL500_.jpg\",\"contentUrl\":\"https:\\\/\\\/m.media-amazon.com\\\/images\\\/I\\\/51MK1eCMsbL._SL500_.jpg\",\"width\":500,\"height\":500},{\"@type\":\"BreadcrumbList\",\"@id\":\"https:\\\/\\\/marktxxl.de\\\/markt\\\/produkt\\\/led-lichterkette-aussen-20m-200-led-lichterkette-innen-mit-fernbedienung-stecker-8-modi-lichterkette-weihnachtsbaum-mit-timer-ip65-wasserdicht-lichterkette-strom-fuer-party-garten-zimmer\\\/#breadcrumb\",\"itemListElement\":[{\"@type\":\"ListItem\",\"position\":1,\"name\":\"Startseite\",\"item\":\"https:\\\/\\\/marktxxl.de\\\/markt\\\/\"},{\"@type\":\"ListItem\",\"position\":2,\"name\":\"Markt\",\"item\":\"https:\\\/\\\/marktxxl.de\\\/markt\\\/\"},{\"@type\":\"ListItem\",\"position\":3,\"name\":\"LED Lichterkette Au\u00dfen, 20M 200 LED Lichterkette Innen mit Fernbedienung &amp; Stecker, 8 Modi Lichterkette Weihnachtsbaum\u2026\"}]},{\"@type\":\"WebSite\",\"@id\":\"https:\\\/\\\/marktxxl.de\\\/markt\\\/#website\",\"url\":\"https:\\\/\\\/marktxxl.de\\\/markt\\\/\",\"name\":\"Markt-XXL\",\"description\":\"Ihr Markt Online\",\"publisher\":{\"@id\":\"https:\\\/\\\/marktxxl.de\\\/markt\\\/#organization\"},\"potentialAction\":[{\"@type\":\"SearchAction\",\"target\":{\"@type\":\"EntryPoint\",\"urlTemplate\":\"https:\\\/\\\/marktxxl.de\\\/markt\\\/?s={search_term_string}\"},\"query-input\":{\"@type\":\"PropertyValueSpecification\",\"valueRequired\":true,\"valueName\":\"search_term_string\"}}],\"inLanguage\":\"de\"},{\"@type\":\"Organization\",\"@id\":\"https:\\\/\\\/marktxxl.de\\\/markt\\\/#organization\",\"name\":\"Markt-XXL\",\"url\":\"https:\\\/\\\/marktxxl.de\\\/markt\\\/\",\"logo\":{\"@type\":\"ImageObject\",\"inLanguage\":\"de\",\"@id\":\"https:\\\/\\\/marktxxl.de\\\/markt\\\/#\\\/schema\\\/logo\\\/image\\\/\",\"url\":\"https:\\\/\\\/marktxxl.de\\\/markt\\\/wp-content\\\/uploads\\\/sites\\\/3\\\/2020\\\/12\\\/logo.png\",\"contentUrl\":\"https:\\\/\\\/marktxxl.de\\\/markt\\\/wp-content\\\/uploads\\\/sites\\\/3\\\/2020\\\/12\\\/logo.png\",\"width\":200,\"height\":70,\"caption\":\"Markt-XXL\"},\"image\":{\"@id\":\"https:\\\/\\\/marktxxl.de\\\/markt\\\/#\\\/schema\\\/logo\\\/image\\\/\"}}]}<\/script>\n<!-- \/ Yoast SEO plugin. -->","yoast_head_json":{"title":"LED Lichterkette Au\u00dfen, 20M 200 LED Lichterkette Innen mit Fernbedienung &amp; Stecker, 8 Modi Lichterkette Weihnachtsbaum\u2026 - Markt-XXL","description":"Markt-XXL LED Lichterkette Au\u00dfen, 20M 200 LED Lichterkette Innen mit Fernbedienung &amp; Stecker, 8 Modi Lichterkette Weihnachtsbaum\u2026","robots":{"index":"index","follow":"follow","max-snippet":"max-snippet:-1","max-image-preview":"max-image-preview:large","max-video-preview":"max-video-preview:-1"},"canonical":"https:\/\/marktxxl.de\/markt\/produkt\/led-lichterkette-aussen-20m-200-led-lichterkette-innen-mit-fernbedienung-stecker-8-modi-lichterkette-weihnachtsbaum-mit-timer-ip65-wasserdicht-lichterkette-strom-fuer-party-garten-zimmer\/","og_locale":"de_DE","og_type":"article","og_title":"LED Lichterkette Au\u00dfen, 20M 200 LED Lichterkette Innen mit Fernbedienung &amp; Stecker, 8 Modi Lichterkette Weihnachtsbaum\u2026 - Markt-XXL","og_description":"Markt-XXL LED Lichterkette Au\u00dfen, 20M 200 LED Lichterkette Innen mit Fernbedienung &amp; Stecker, 8 Modi Lichterkette Weihnachtsbaum\u2026","og_url":"https:\/\/marktxxl.de\/markt\/produkt\/led-lichterkette-aussen-20m-200-led-lichterkette-innen-mit-fernbedienung-stecker-8-modi-lichterkette-weihnachtsbaum-mit-timer-ip65-wasserdicht-lichterkette-strom-fuer-party-garten-zimmer\/","og_site_name":"Markt-XXL","article_modified_time":"2023-04-10T03:12:53+00:00","og_image":[{"width":500,"height":500,"url":"https:\/\/m.media-amazon.com\/images\/I\/51MK1eCMsbL._SL500_.jpg","type":"image\/jpeg"}],"twitter_card":"summary_large_image","twitter_misc":{"Gesch\u00e4tzte Lesezeit":"2\u00a0Minuten"},"schema":{"@context":"https:\/\/schema.org","@graph":[{"@type":"WebPage","@id":"https:\/\/marktxxl.de\/markt\/produkt\/led-lichterkette-aussen-20m-200-led-lichterkette-innen-mit-fernbedienung-stecker-8-modi-lichterkette-weihnachtsbaum-mit-timer-ip65-wasserdicht-lichterkette-strom-fuer-party-garten-zimmer\/","url":"https:\/\/marktxxl.de\/markt\/produkt\/led-lichterkette-aussen-20m-200-led-lichterkette-innen-mit-fernbedienung-stecker-8-modi-lichterkette-weihnachtsbaum-mit-timer-ip65-wasserdicht-lichterkette-strom-fuer-party-garten-zimmer\/","name":"LED Lichterkette Au\u00dfen, 20M 200 LED Lichterkette Innen mit Fernbedienung &amp; Stecker, 8 Modi Lichterkette Weihnachtsbaum\u2026 - Markt-XXL","isPartOf":{"@id":"https:\/\/marktxxl.de\/markt\/#website"},"primaryImageOfPage":{"@id":"https:\/\/marktxxl.de\/markt\/produkt\/led-lichterkette-aussen-20m-200-led-lichterkette-innen-mit-fernbedienung-stecker-8-modi-lichterkette-weihnachtsbaum-mit-timer-ip65-wasserdicht-lichterkette-strom-fuer-party-garten-zimmer\/#primaryimage"},"image":{"@id":"https:\/\/marktxxl.de\/markt\/produkt\/led-lichterkette-aussen-20m-200-led-lichterkette-innen-mit-fernbedienung-stecker-8-modi-lichterkette-weihnachtsbaum-mit-timer-ip65-wasserdicht-lichterkette-strom-fuer-party-garten-zimmer\/#primaryimage"},"thumbnailUrl":"https:\/\/m.media-amazon.com\/images\/I\/51MK1eCMsbL._SL500_.jpg","datePublished":"2022-12-11T05:08:40+00:00","dateModified":"2023-04-10T03:12:53+00:00","description":"Markt-XXL LED Lichterkette Au\u00dfen, 20M 200 LED Lichterkette Innen mit Fernbedienung &amp; Stecker, 8 Modi Lichterkette Weihnachtsbaum\u2026","breadcrumb":{"@id":"https:\/\/marktxxl.de\/markt\/produkt\/led-lichterkette-aussen-20m-200-led-lichterkette-innen-mit-fernbedienung-stecker-8-modi-lichterkette-weihnachtsbaum-mit-timer-ip65-wasserdicht-lichterkette-strom-fuer-party-garten-zimmer\/#breadcrumb"},"inLanguage":"de","potentialAction":[{"@type":"ReadAction","target":["https:\/\/marktxxl.de\/markt\/produkt\/led-lichterkette-aussen-20m-200-led-lichterkette-innen-mit-fernbedienung-stecker-8-modi-lichterkette-weihnachtsbaum-mit-timer-ip65-wasserdicht-lichterkette-strom-fuer-party-garten-zimmer\/"]}]},{"@type":"ImageObject","inLanguage":"de","@id":"https:\/\/marktxxl.de\/markt\/produkt\/led-lichterkette-aussen-20m-200-led-lichterkette-innen-mit-fernbedienung-stecker-8-modi-lichterkette-weihnachtsbaum-mit-timer-ip65-wasserdicht-lichterkette-strom-fuer-party-garten-zimmer\/#primaryimage","url":"https:\/\/m.media-amazon.com\/images\/I\/51MK1eCMsbL._SL500_.jpg","contentUrl":"https:\/\/m.media-amazon.com\/images\/I\/51MK1eCMsbL._SL500_.jpg","width":500,"height":500},{"@type":"BreadcrumbList","@id":"https:\/\/marktxxl.de\/markt\/produkt\/led-lichterkette-aussen-20m-200-led-lichterkette-innen-mit-fernbedienung-stecker-8-modi-lichterkette-weihnachtsbaum-mit-timer-ip65-wasserdicht-lichterkette-strom-fuer-party-garten-zimmer\/#breadcrumb","itemListElement":[{"@type":"ListItem","position":1,"name":"Startseite","item":"https:\/\/marktxxl.de\/markt\/"},{"@type":"ListItem","position":2,"name":"Markt","item":"https:\/\/marktxxl.de\/markt\/"},{"@type":"ListItem","position":3,"name":"LED Lichterkette Au\u00dfen, 20M 200 LED Lichterkette Innen mit Fernbedienung &amp; Stecker, 8 Modi Lichterkette Weihnachtsbaum\u2026"}]},{"@type":"WebSite","@id":"https:\/\/marktxxl.de\/markt\/#website","url":"https:\/\/marktxxl.de\/markt\/","name":"Markt-XXL","description":"Ihr Markt Online","publisher":{"@id":"https:\/\/marktxxl.de\/markt\/#organization"},"potentialAction":[{"@type":"SearchAction","target":{"@type":"EntryPoint","urlTemplate":"https:\/\/marktxxl.de\/markt\/?s={search_term_string}"},"query-input":{"@type":"PropertyValueSpecification","valueRequired":true,"valueName":"search_term_string"}}],"inLanguage":"de"},{"@type":"Organization","@id":"https:\/\/marktxxl.de\/markt\/#organization","name":"Markt-XXL","url":"https:\/\/marktxxl.de\/markt\/","logo":{"@type":"ImageObject","inLanguage":"de","@id":"https:\/\/marktxxl.de\/markt\/#\/schema\/logo\/image\/","url":"https:\/\/marktxxl.de\/markt\/wp-content\/uploads\/sites\/3\/2020\/12\/logo.png","contentUrl":"https:\/\/marktxxl.de\/markt\/wp-content\/uploads\/sites\/3\/2020\/12\/logo.png","width":200,"height":70,"caption":"Markt-XXL"},"image":{"@id":"https:\/\/marktxxl.de\/markt\/#\/schema\/logo\/image\/"}}]}},"_links":{"self":[{"href":"https:\/\/marktxxl.de\/markt\/wp-json\/wp\/v2\/product\/174073","targetHints":{"allow":["GET"]}}],"collection":[{"href":"https:\/\/marktxxl.de\/markt\/wp-json\/wp\/v2\/product"}],"about":[{"href":"https:\/\/marktxxl.de\/markt\/wp-json\/wp\/v2\/types\/product"}],"replies":[{"embeddable":true,"href":"https:\/\/marktxxl.de\/markt\/wp-json\/wp\/v2\/comments?post=174073"}],"wp:featuredmedia":[{"embeddable":true,"href":"https:\/\/marktxxl.de\/markt\/wp-json\/wp\/v2\/media\/174074"}],"wp:attachment":[{"href":"https:\/\/marktxxl.de\/markt\/wp-json\/wp\/v2\/media?parent=174073"}],"wp:term":[{"taxonomy":"product_brand","embeddable":true,"href":"https:\/\/marktxxl.de\/markt\/wp-json\/wp\/v2\/product_brand?post=174073"},{"taxonomy":"product_cat","embeddable":true,"href":"https:\/\/marktxxl.de\/markt\/wp-json\/wp\/v2\/product_cat?post=174073"},{"taxonomy":"product_tag","embeddable":true,"href":"https:\/\/marktxxl.de\/markt\/wp-json\/wp\/v2\/product_tag?post=174073"}],"curies":[{"name":"wp","href":"https:\/\/api.w.org\/{rel}","templated":true}]}}