{"id":174043,"date":"2022-12-11T06:05:52","date_gmt":"2022-12-11T05:05:52","guid":{"rendered":"https:\/\/marktxxl.de\/markt\/produkt\/lazyone-maenner-boxershorts-butt-quack-gr-xl\/"},"modified":"2023-04-10T05:12:52","modified_gmt":"2023-04-10T03:12:52","slug":"lazyone-maenner-boxershorts-butt-quack-gr-xl","status":"publish","type":"product","link":"https:\/\/marktxxl.de\/markt\/produkt\/lazyone-maenner-boxershorts-butt-quack-gr-xl\/","title":{"rendered":"Lazy One Buck Naked Camo Boxer Short Herren"},"content":{"rendered":"<p>Humorvolle Unterw\u00e4sche: Gehen Sie gl\u00fccklich mit diesen lustigen Boxershorts. Sie werden Sie sicher mit ihren cleveren Spr\u00fcchen zum Lachen bringen. W\u00e4hlen Sie aus verschiedenen Stilen, einschlie\u00dflich eines mit Tieren.<br \/>\nEin lustiges Geschenk: F\u00fcr den Jokester in Ihrer Familie, holen Sie sich diese albernen Boxershorts. Er wird einen Kick aus ihnen bekommen. Schenken Sie es dem Klassenclown in Ihrem Leben zu Weihnachten, zum Geburtstag oder zu besonderen Anl\u00e4ssen.<br \/>\nBequem und ger\u00e4umig: Diese Boxershorts sind aus 100 % gek\u00e4mmter Baumwolle f\u00fcr ultimativen Komfort. Sie haben eine lockere Passform, die Ihnen viel Freiheit gibt, sich zu bewegen und zu dehnen.<br \/>\nElastischer Bund: Unsere punny Boxershorts verf\u00fcgen \u00fcber einen weichen, freiliegenden elastischen Bund f\u00fcr eine bequeme Passform. Sie haben auch einen Hosenschlitz mit Knopf.<br \/>\nMaschinenwaschbar: Diese Boxershorts sind sanforisiert, sodass sie bequem in der Maschine gewaschen werden k\u00f6nnen. Mit \u00e4hnlichen Farben waschen und im Trockner bei niedriger Temperatur trocknen.<br \/>\n<div class=\"main-cross-sell\" data-asin=\"B07X371S7M\">\n\n\t<div class=\"WooZone-cross-sell-loader\">\n\t\t<div>\n\t\t\t<div id=\"floatingBarsG\">\n\t\t\t\t<div class=\"blockG\" id=\"rotateG_01\"><\/div>\n\t\t\t\t<div class=\"blockG\" id=\"rotateG_02\"><\/div>\n\t\t\t\t<div class=\"blockG\" id=\"rotateG_03\"><\/div>\n\t\t\t\t<div class=\"blockG\" id=\"rotateG_04\"><\/div>\n\t\t\t\t<div class=\"blockG\" id=\"rotateG_05\"><\/div>\n\t\t\t\t<div class=\"blockG\" id=\"rotateG_06\"><\/div>\n\t\t\t\t<div class=\"blockG\" id=\"rotateG_07\"><\/div>\n\t\t\t\t<div class=\"blockG\" id=\"rotateG_08\"><\/div>\n\t\t\t<\/div>\n\t\t\t<div class=\"WooZone-cross-sell-loader-text\"><\/div>\n\t\t<\/div>\n\t<\/div>\n\n\t\t\n<\/div>\n<div style=\"clear:both;\"><\/div><\/p>\n","protected":false},"excerpt":{"rendered":"<p>Humorvolle Unterw\u00e4sche: Gehen Sie gl\u00fccklich mit diesen lustigen Boxershorts. Sie werden Sie sicher mit ihren cleveren Spr\u00fcchen zum Lachen bringen. W\u00e4hlen Sie aus verschiedenen Stilen, einschlie\u00dflich eines mit Tieren.<br \/>\nEin lustiges Geschenk: F\u00fcr den Jokester in Ihrer Familie, holen Sie sich diese albernen Boxershorts. Er wird einen Kick aus ihnen bekommen. Schenken Sie es dem Klassenclown in Ihrem Leben zu Weihnachten, zum Geburtstag oder zu besonderen Anl\u00e4ssen.<br \/>\nBequem und ger\u00e4umig: Diese Boxershorts sind aus 100 % gek\u00e4mmter Baumwolle f\u00fcr ultimativen Komfort. Sie haben eine lockere Passform, die Ihnen viel Freiheit gibt, sich zu bewegen und zu dehnen.<\/p>\n","protected":false},"featured_media":174044,"comment_status":"open","ping_status":"closed","template":"","meta":[],"product_brand":[],"product_cat":[1186,4069],"product_tag":[],"class_list":{"0":"post-174043","1":"product","2":"type-product","3":"status-publish","4":"has-post-thumbnail","6":"product_cat-bekleidung","7":"product_cat-spezielle-anlaesse","8":"pa_binding-textilien","9":"pa_brand-lazy-one","10":"pa_color-butt-quack-boxer","11":"pa_size-xl","13":"first","14":"instock","15":"shipping-taxable","16":"purchasable","17":"product-type-simple","18":"customify-col","19":"product-has-gallery"},"yoast_head":"<!-- This site is optimized with the Yoast SEO plugin v27.4 - https:\/\/yoast.com\/product\/yoast-seo-wordpress\/ -->\n<title>Lazy One Buck Naked Camo Boxer Short Herren - Markt-XXL<\/title>\n<meta name=\"description\" content=\"Markt-XXL Lazy One Buck Naked Camo Boxer Short Herren\" \/>\n<meta name=\"robots\" content=\"index, follow, max-snippet:-1, max-image-preview:large, max-video-preview:-1\" \/>\n<link rel=\"canonical\" href=\"https:\/\/marktxxl.de\/markt\/produkt\/lazyone-maenner-boxershorts-butt-quack-gr-xl\/\" \/>\n<meta property=\"og:locale\" content=\"de_DE\" \/>\n<meta property=\"og:type\" content=\"article\" \/>\n<meta property=\"og:title\" content=\"Lazy One Buck Naked Camo Boxer Short Herren - Markt-XXL\" \/>\n<meta property=\"og:description\" content=\"Markt-XXL Lazy One Buck Naked Camo Boxer Short Herren\" \/>\n<meta property=\"og:url\" content=\"https:\/\/marktxxl.de\/markt\/produkt\/lazyone-maenner-boxershorts-butt-quack-gr-xl\/\" \/>\n<meta property=\"og:site_name\" content=\"Markt-XXL\" \/>\n<meta property=\"article:modified_time\" content=\"2023-04-10T03:12:52+00:00\" \/>\n<meta property=\"og:image\" content=\"https:\/\/m.media-amazon.com\/images\/I\/41EgwHjWoRS._SL500_.jpg\" \/>\n\t<meta property=\"og:image:width\" content=\"411\" \/>\n\t<meta property=\"og:image:height\" content=\"500\" \/>\n\t<meta property=\"og:image:type\" content=\"image\/jpeg\" \/>\n<meta name=\"twitter:card\" content=\"summary_large_image\" \/>\n<meta name=\"twitter:label1\" content=\"Gesch\u00e4tzte Lesezeit\" \/>\n\t<meta name=\"twitter:data1\" content=\"1\u00a0Minute\" \/>\n<script type=\"application\/ld+json\" class=\"yoast-schema-graph\">{\"@context\":\"https:\\\/\\\/schema.org\",\"@graph\":[{\"@type\":\"WebPage\",\"@id\":\"https:\\\/\\\/marktxxl.de\\\/markt\\\/produkt\\\/lazyone-maenner-boxershorts-butt-quack-gr-xl\\\/\",\"url\":\"https:\\\/\\\/marktxxl.de\\\/markt\\\/produkt\\\/lazyone-maenner-boxershorts-butt-quack-gr-xl\\\/\",\"name\":\"Lazy One Buck Naked Camo Boxer Short Herren - Markt-XXL\",\"isPartOf\":{\"@id\":\"https:\\\/\\\/marktxxl.de\\\/markt\\\/#website\"},\"primaryImageOfPage\":{\"@id\":\"https:\\\/\\\/marktxxl.de\\\/markt\\\/produkt\\\/lazyone-maenner-boxershorts-butt-quack-gr-xl\\\/#primaryimage\"},\"image\":{\"@id\":\"https:\\\/\\\/marktxxl.de\\\/markt\\\/produkt\\\/lazyone-maenner-boxershorts-butt-quack-gr-xl\\\/#primaryimage\"},\"thumbnailUrl\":\"https:\\\/\\\/m.media-amazon.com\\\/images\\\/I\\\/41EgwHjWoRS._SL500_.jpg\",\"datePublished\":\"2022-12-11T05:05:52+00:00\",\"dateModified\":\"2023-04-10T03:12:52+00:00\",\"description\":\"Markt-XXL Lazy One Buck Naked Camo Boxer Short Herren\",\"breadcrumb\":{\"@id\":\"https:\\\/\\\/marktxxl.de\\\/markt\\\/produkt\\\/lazyone-maenner-boxershorts-butt-quack-gr-xl\\\/#breadcrumb\"},\"inLanguage\":\"de\",\"potentialAction\":[{\"@type\":\"ReadAction\",\"target\":[\"https:\\\/\\\/marktxxl.de\\\/markt\\\/produkt\\\/lazyone-maenner-boxershorts-butt-quack-gr-xl\\\/\"]}]},{\"@type\":\"ImageObject\",\"inLanguage\":\"de\",\"@id\":\"https:\\\/\\\/marktxxl.de\\\/markt\\\/produkt\\\/lazyone-maenner-boxershorts-butt-quack-gr-xl\\\/#primaryimage\",\"url\":\"https:\\\/\\\/m.media-amazon.com\\\/images\\\/I\\\/41EgwHjWoRS._SL500_.jpg\",\"contentUrl\":\"https:\\\/\\\/m.media-amazon.com\\\/images\\\/I\\\/41EgwHjWoRS._SL500_.jpg\",\"width\":411,\"height\":500},{\"@type\":\"BreadcrumbList\",\"@id\":\"https:\\\/\\\/marktxxl.de\\\/markt\\\/produkt\\\/lazyone-maenner-boxershorts-butt-quack-gr-xl\\\/#breadcrumb\",\"itemListElement\":[{\"@type\":\"ListItem\",\"position\":1,\"name\":\"Startseite\",\"item\":\"https:\\\/\\\/marktxxl.de\\\/markt\\\/\"},{\"@type\":\"ListItem\",\"position\":2,\"name\":\"Markt\",\"item\":\"https:\\\/\\\/marktxxl.de\\\/markt\\\/\"},{\"@type\":\"ListItem\",\"position\":3,\"name\":\"Lazy One Buck Naked Camo Boxer Short Herren\"}]},{\"@type\":\"WebSite\",\"@id\":\"https:\\\/\\\/marktxxl.de\\\/markt\\\/#website\",\"url\":\"https:\\\/\\\/marktxxl.de\\\/markt\\\/\",\"name\":\"Markt-XXL\",\"description\":\"Ihr Markt Online\",\"publisher\":{\"@id\":\"https:\\\/\\\/marktxxl.de\\\/markt\\\/#organization\"},\"potentialAction\":[{\"@type\":\"SearchAction\",\"target\":{\"@type\":\"EntryPoint\",\"urlTemplate\":\"https:\\\/\\\/marktxxl.de\\\/markt\\\/?s={search_term_string}\"},\"query-input\":{\"@type\":\"PropertyValueSpecification\",\"valueRequired\":true,\"valueName\":\"search_term_string\"}}],\"inLanguage\":\"de\"},{\"@type\":\"Organization\",\"@id\":\"https:\\\/\\\/marktxxl.de\\\/markt\\\/#organization\",\"name\":\"Markt-XXL\",\"url\":\"https:\\\/\\\/marktxxl.de\\\/markt\\\/\",\"logo\":{\"@type\":\"ImageObject\",\"inLanguage\":\"de\",\"@id\":\"https:\\\/\\\/marktxxl.de\\\/markt\\\/#\\\/schema\\\/logo\\\/image\\\/\",\"url\":\"https:\\\/\\\/marktxxl.de\\\/markt\\\/wp-content\\\/uploads\\\/sites\\\/3\\\/2020\\\/12\\\/logo.png\",\"contentUrl\":\"https:\\\/\\\/marktxxl.de\\\/markt\\\/wp-content\\\/uploads\\\/sites\\\/3\\\/2020\\\/12\\\/logo.png\",\"width\":200,\"height\":70,\"caption\":\"Markt-XXL\"},\"image\":{\"@id\":\"https:\\\/\\\/marktxxl.de\\\/markt\\\/#\\\/schema\\\/logo\\\/image\\\/\"}}]}<\/script>\n<!-- \/ Yoast SEO plugin. -->","yoast_head_json":{"title":"Lazy One Buck Naked Camo Boxer Short Herren - Markt-XXL","description":"Markt-XXL Lazy One Buck Naked Camo Boxer Short Herren","robots":{"index":"index","follow":"follow","max-snippet":"max-snippet:-1","max-image-preview":"max-image-preview:large","max-video-preview":"max-video-preview:-1"},"canonical":"https:\/\/marktxxl.de\/markt\/produkt\/lazyone-maenner-boxershorts-butt-quack-gr-xl\/","og_locale":"de_DE","og_type":"article","og_title":"Lazy One Buck Naked Camo Boxer Short Herren - Markt-XXL","og_description":"Markt-XXL Lazy One Buck Naked Camo Boxer Short Herren","og_url":"https:\/\/marktxxl.de\/markt\/produkt\/lazyone-maenner-boxershorts-butt-quack-gr-xl\/","og_site_name":"Markt-XXL","article_modified_time":"2023-04-10T03:12:52+00:00","og_image":[{"width":411,"height":500,"url":"https:\/\/m.media-amazon.com\/images\/I\/41EgwHjWoRS._SL500_.jpg","type":"image\/jpeg"}],"twitter_card":"summary_large_image","twitter_misc":{"Gesch\u00e4tzte Lesezeit":"1\u00a0Minute"},"schema":{"@context":"https:\/\/schema.org","@graph":[{"@type":"WebPage","@id":"https:\/\/marktxxl.de\/markt\/produkt\/lazyone-maenner-boxershorts-butt-quack-gr-xl\/","url":"https:\/\/marktxxl.de\/markt\/produkt\/lazyone-maenner-boxershorts-butt-quack-gr-xl\/","name":"Lazy One Buck Naked Camo Boxer Short Herren - Markt-XXL","isPartOf":{"@id":"https:\/\/marktxxl.de\/markt\/#website"},"primaryImageOfPage":{"@id":"https:\/\/marktxxl.de\/markt\/produkt\/lazyone-maenner-boxershorts-butt-quack-gr-xl\/#primaryimage"},"image":{"@id":"https:\/\/marktxxl.de\/markt\/produkt\/lazyone-maenner-boxershorts-butt-quack-gr-xl\/#primaryimage"},"thumbnailUrl":"https:\/\/m.media-amazon.com\/images\/I\/41EgwHjWoRS._SL500_.jpg","datePublished":"2022-12-11T05:05:52+00:00","dateModified":"2023-04-10T03:12:52+00:00","description":"Markt-XXL Lazy One Buck Naked Camo Boxer Short Herren","breadcrumb":{"@id":"https:\/\/marktxxl.de\/markt\/produkt\/lazyone-maenner-boxershorts-butt-quack-gr-xl\/#breadcrumb"},"inLanguage":"de","potentialAction":[{"@type":"ReadAction","target":["https:\/\/marktxxl.de\/markt\/produkt\/lazyone-maenner-boxershorts-butt-quack-gr-xl\/"]}]},{"@type":"ImageObject","inLanguage":"de","@id":"https:\/\/marktxxl.de\/markt\/produkt\/lazyone-maenner-boxershorts-butt-quack-gr-xl\/#primaryimage","url":"https:\/\/m.media-amazon.com\/images\/I\/41EgwHjWoRS._SL500_.jpg","contentUrl":"https:\/\/m.media-amazon.com\/images\/I\/41EgwHjWoRS._SL500_.jpg","width":411,"height":500},{"@type":"BreadcrumbList","@id":"https:\/\/marktxxl.de\/markt\/produkt\/lazyone-maenner-boxershorts-butt-quack-gr-xl\/#breadcrumb","itemListElement":[{"@type":"ListItem","position":1,"name":"Startseite","item":"https:\/\/marktxxl.de\/markt\/"},{"@type":"ListItem","position":2,"name":"Markt","item":"https:\/\/marktxxl.de\/markt\/"},{"@type":"ListItem","position":3,"name":"Lazy One Buck Naked Camo Boxer Short Herren"}]},{"@type":"WebSite","@id":"https:\/\/marktxxl.de\/markt\/#website","url":"https:\/\/marktxxl.de\/markt\/","name":"Markt-XXL","description":"Ihr Markt Online","publisher":{"@id":"https:\/\/marktxxl.de\/markt\/#organization"},"potentialAction":[{"@type":"SearchAction","target":{"@type":"EntryPoint","urlTemplate":"https:\/\/marktxxl.de\/markt\/?s={search_term_string}"},"query-input":{"@type":"PropertyValueSpecification","valueRequired":true,"valueName":"search_term_string"}}],"inLanguage":"de"},{"@type":"Organization","@id":"https:\/\/marktxxl.de\/markt\/#organization","name":"Markt-XXL","url":"https:\/\/marktxxl.de\/markt\/","logo":{"@type":"ImageObject","inLanguage":"de","@id":"https:\/\/marktxxl.de\/markt\/#\/schema\/logo\/image\/","url":"https:\/\/marktxxl.de\/markt\/wp-content\/uploads\/sites\/3\/2020\/12\/logo.png","contentUrl":"https:\/\/marktxxl.de\/markt\/wp-content\/uploads\/sites\/3\/2020\/12\/logo.png","width":200,"height":70,"caption":"Markt-XXL"},"image":{"@id":"https:\/\/marktxxl.de\/markt\/#\/schema\/logo\/image\/"}}]}},"_links":{"self":[{"href":"https:\/\/marktxxl.de\/markt\/wp-json\/wp\/v2\/product\/174043","targetHints":{"allow":["GET"]}}],"collection":[{"href":"https:\/\/marktxxl.de\/markt\/wp-json\/wp\/v2\/product"}],"about":[{"href":"https:\/\/marktxxl.de\/markt\/wp-json\/wp\/v2\/types\/product"}],"replies":[{"embeddable":true,"href":"https:\/\/marktxxl.de\/markt\/wp-json\/wp\/v2\/comments?post=174043"}],"wp:featuredmedia":[{"embeddable":true,"href":"https:\/\/marktxxl.de\/markt\/wp-json\/wp\/v2\/media\/174044"}],"wp:attachment":[{"href":"https:\/\/marktxxl.de\/markt\/wp-json\/wp\/v2\/media?parent=174043"}],"wp:term":[{"taxonomy":"product_brand","embeddable":true,"href":"https:\/\/marktxxl.de\/markt\/wp-json\/wp\/v2\/product_brand?post=174043"},{"taxonomy":"product_cat","embeddable":true,"href":"https:\/\/marktxxl.de\/markt\/wp-json\/wp\/v2\/product_cat?post=174043"},{"taxonomy":"product_tag","embeddable":true,"href":"https:\/\/marktxxl.de\/markt\/wp-json\/wp\/v2\/product_tag?post=174043"}],"curies":[{"name":"wp","href":"https:\/\/api.w.org\/{rel}","templated":true}]}}