{"id":173821,"date":"2022-12-11T05:55:15","date_gmt":"2022-12-11T04:55:15","guid":{"rendered":"https:\/\/marktxxl.de\/markt\/produkt\/brother-pt-d400-beschriftungsgeraet-fuer-das-homeoffice-und-buero-fuer-3-5-bis-18-mm-breite-tze-schriftbaender-bis-zu-20-mm-sek-druckgeschwindigkeit-weiss\/"},"modified":"2023-04-10T05:12:45","modified_gmt":"2023-04-10T03:12:45","slug":"brother-pt-d400-beschriftungsgeraet-fuer-das-homeoffice-und-buero-fuer-3-5-bis-18-mm-breite-tze-schriftbaender-bis-zu-20-mm-sek-druckgeschwindigkeit-weiss","status":"publish","type":"product","link":"https:\/\/marktxxl.de\/markt\/produkt\/brother-pt-d400-beschriftungsgeraet-fuer-das-homeoffice-und-buero-fuer-3-5-bis-18-mm-breite-tze-schriftbaender-bis-zu-20-mm-sek-druckgeschwindigkeit-weiss\/","title":{"rendered":"Brother PT-D400, Monochrom, Beschriftungsger\u00e4t f\u00fcr das Homeoffice und B\u00fcro (f\u00fcr 3, 5 bis 18 mm breite TZe-Schriftb\u00e4nder\u2026"},"content":{"rendered":"<p>F\u00fcr 3,5 bis 18 mm breite TZe-Schriftb\u00e4nder<br \/>\nDeutsche QWERTZ-Tastatur, max. Druckh\u00f6he 15,8 mm<br \/>\nBis zu 5 Zeilen pro Etikett<br \/>\n3 Zeilen a 15 Zeichen Display mit Druckvorschau<br \/>\nEditierbare Etikettenmuster und Barcodedruck<br \/>\nHerstellergarantie: 3 Jahre. Die Garantiebedingungen finden Sie unter \u201eWeitere technische Informationen\u201c Ihre gesetzlichen Gew\u00e4hrleistungsrechte bleiben unber\u00fchrt<br \/>\nLieferumfang: Brother PT-D400, 18 mm laminiertes Schriftband (schwarz auf wei\u00df, 4 m lang), Batterien<br \/>\n<div class=\"main-cross-sell\" data-asin=\"B013RMY2E2\">\n\n\t<div class=\"WooZone-cross-sell-loader\">\n\t\t<div>\n\t\t\t<div id=\"floatingBarsG\">\n\t\t\t\t<div class=\"blockG\" id=\"rotateG_01\"><\/div>\n\t\t\t\t<div class=\"blockG\" id=\"rotateG_02\"><\/div>\n\t\t\t\t<div class=\"blockG\" id=\"rotateG_03\"><\/div>\n\t\t\t\t<div class=\"blockG\" id=\"rotateG_04\"><\/div>\n\t\t\t\t<div class=\"blockG\" id=\"rotateG_05\"><\/div>\n\t\t\t\t<div class=\"blockG\" id=\"rotateG_06\"><\/div>\n\t\t\t\t<div class=\"blockG\" id=\"rotateG_07\"><\/div>\n\t\t\t\t<div class=\"blockG\" id=\"rotateG_08\"><\/div>\n\t\t\t<\/div>\n\t\t\t<div class=\"WooZone-cross-sell-loader-text\"><\/div>\n\t\t<\/div>\n\t<\/div>\n\n\t\t\n<\/div>\n<div style=\"clear:both;\"><\/div><\/p>\n","protected":false},"excerpt":{"rendered":"<p>F\u00fcr 3,5 bis 18 mm breite TZe-Schriftb\u00e4nder<br \/>\nDeutsche QWERTZ-Tastatur, max. Druckh\u00f6he 15,8 mm<br \/>\nBis zu 5 Zeilen pro Etikett<\/p>\n","protected":false},"featured_media":173822,"comment_status":"open","ping_status":"closed","template":"","meta":[],"product_brand":[],"product_cat":[504,8208],"product_tag":[],"class_list":{"0":"post-173821","1":"product","2":"type-product","3":"status-publish","4":"has-post-thumbnail","6":"product_cat-buerobedarf-schreibwaren","7":"product_cat-bueroelektronik","8":"pa_binding-buerobedarf-schreibwaren","9":"pa_brand-brother","10":"pa_color-weiss","11":"pa_height-12-204724397-zoll","12":"pa_languages-originalsprache-englisch-originalsprache-englisch-originalsprache-englisch-originalsprache-englisch-originalsprache-englisch","13":"pa_length-8-8582677075-zoll","14":"pa_manufacturer-brother-international-gmbh","15":"pa_model-ptd400zg1","16":"pa_size-fuer-35-bis-18-mm","17":"pa_warranty-3-jahre-herstellergarantie","18":"pa_weight-2-866009406-pfund","19":"pa_width-3-93700787-zoll","21":"first","22":"instock","23":"shipping-taxable","24":"purchasable","25":"product-type-simple","26":"customify-col","27":"product-has-gallery"},"yoast_head":"<!-- This site is optimized with the Yoast SEO plugin v27.4 - https:\/\/yoast.com\/product\/yoast-seo-wordpress\/ -->\n<title>Brother PT-D400, Monochrom, Beschriftungsger\u00e4t f\u00fcr das Homeoffice und B\u00fcro (f\u00fcr 3, 5 bis 18 mm breite TZe-Schriftb\u00e4nder\u2026 - Markt-XXL<\/title>\n<meta name=\"description\" content=\"Markt-XXL Brother PT-D400, Monochrom, Beschriftungsger\u00e4t f\u00fcr das Homeoffice und B\u00fcro (f\u00fcr 3, 5 bis 18 mm breite TZe-Schriftb\u00e4nder\u2026\" \/>\n<meta name=\"robots\" content=\"index, follow, max-snippet:-1, max-image-preview:large, max-video-preview:-1\" \/>\n<link rel=\"canonical\" href=\"https:\/\/marktxxl.de\/markt\/produkt\/brother-pt-d400-beschriftungsgeraet-fuer-das-homeoffice-und-buero-fuer-3-5-bis-18-mm-breite-tze-schriftbaender-bis-zu-20-mm-sek-druckgeschwindigkeit-weiss\/\" \/>\n<meta property=\"og:locale\" content=\"de_DE\" \/>\n<meta property=\"og:type\" content=\"article\" \/>\n<meta property=\"og:title\" content=\"Brother PT-D400, Monochrom, Beschriftungsger\u00e4t f\u00fcr das Homeoffice und B\u00fcro (f\u00fcr 3, 5 bis 18 mm breite TZe-Schriftb\u00e4nder\u2026 - Markt-XXL\" \/>\n<meta property=\"og:description\" content=\"Markt-XXL Brother PT-D400, Monochrom, Beschriftungsger\u00e4t f\u00fcr das Homeoffice und B\u00fcro (f\u00fcr 3, 5 bis 18 mm breite TZe-Schriftb\u00e4nder\u2026\" \/>\n<meta property=\"og:url\" content=\"https:\/\/marktxxl.de\/markt\/produkt\/brother-pt-d400-beschriftungsgeraet-fuer-das-homeoffice-und-buero-fuer-3-5-bis-18-mm-breite-tze-schriftbaender-bis-zu-20-mm-sek-druckgeschwindigkeit-weiss\/\" \/>\n<meta property=\"og:site_name\" content=\"Markt-XXL\" \/>\n<meta property=\"article:modified_time\" content=\"2023-04-10T03:12:45+00:00\" \/>\n<meta property=\"og:image\" content=\"https:\/\/m.media-amazon.com\/images\/I\/317DHvdDLAL._SL500_.jpg\" \/>\n\t<meta property=\"og:image:width\" content=\"500\" \/>\n\t<meta property=\"og:image:height\" content=\"333\" \/>\n\t<meta property=\"og:image:type\" content=\"image\/jpeg\" \/>\n<meta name=\"twitter:card\" content=\"summary_large_image\" \/>\n<script type=\"application\/ld+json\" class=\"yoast-schema-graph\">{\"@context\":\"https:\\\/\\\/schema.org\",\"@graph\":[{\"@type\":\"WebPage\",\"@id\":\"https:\\\/\\\/marktxxl.de\\\/markt\\\/produkt\\\/brother-pt-d400-beschriftungsgeraet-fuer-das-homeoffice-und-buero-fuer-3-5-bis-18-mm-breite-tze-schriftbaender-bis-zu-20-mm-sek-druckgeschwindigkeit-weiss\\\/\",\"url\":\"https:\\\/\\\/marktxxl.de\\\/markt\\\/produkt\\\/brother-pt-d400-beschriftungsgeraet-fuer-das-homeoffice-und-buero-fuer-3-5-bis-18-mm-breite-tze-schriftbaender-bis-zu-20-mm-sek-druckgeschwindigkeit-weiss\\\/\",\"name\":\"Brother PT-D400, Monochrom, Beschriftungsger\u00e4t f\u00fcr das Homeoffice und B\u00fcro (f\u00fcr 3, 5 bis 18 mm breite TZe-Schriftb\u00e4nder\u2026 - Markt-XXL\",\"isPartOf\":{\"@id\":\"https:\\\/\\\/marktxxl.de\\\/markt\\\/#website\"},\"primaryImageOfPage\":{\"@id\":\"https:\\\/\\\/marktxxl.de\\\/markt\\\/produkt\\\/brother-pt-d400-beschriftungsgeraet-fuer-das-homeoffice-und-buero-fuer-3-5-bis-18-mm-breite-tze-schriftbaender-bis-zu-20-mm-sek-druckgeschwindigkeit-weiss\\\/#primaryimage\"},\"image\":{\"@id\":\"https:\\\/\\\/marktxxl.de\\\/markt\\\/produkt\\\/brother-pt-d400-beschriftungsgeraet-fuer-das-homeoffice-und-buero-fuer-3-5-bis-18-mm-breite-tze-schriftbaender-bis-zu-20-mm-sek-druckgeschwindigkeit-weiss\\\/#primaryimage\"},\"thumbnailUrl\":\"https:\\\/\\\/m.media-amazon.com\\\/images\\\/I\\\/317DHvdDLAL._SL500_.jpg\",\"datePublished\":\"2022-12-11T04:55:15+00:00\",\"dateModified\":\"2023-04-10T03:12:45+00:00\",\"description\":\"Markt-XXL Brother PT-D400, Monochrom, Beschriftungsger\u00e4t f\u00fcr das Homeoffice und B\u00fcro (f\u00fcr 3, 5 bis 18 mm breite TZe-Schriftb\u00e4nder\u2026\",\"breadcrumb\":{\"@id\":\"https:\\\/\\\/marktxxl.de\\\/markt\\\/produkt\\\/brother-pt-d400-beschriftungsgeraet-fuer-das-homeoffice-und-buero-fuer-3-5-bis-18-mm-breite-tze-schriftbaender-bis-zu-20-mm-sek-druckgeschwindigkeit-weiss\\\/#breadcrumb\"},\"inLanguage\":\"de\",\"potentialAction\":[{\"@type\":\"ReadAction\",\"target\":[\"https:\\\/\\\/marktxxl.de\\\/markt\\\/produkt\\\/brother-pt-d400-beschriftungsgeraet-fuer-das-homeoffice-und-buero-fuer-3-5-bis-18-mm-breite-tze-schriftbaender-bis-zu-20-mm-sek-druckgeschwindigkeit-weiss\\\/\"]}]},{\"@type\":\"ImageObject\",\"inLanguage\":\"de\",\"@id\":\"https:\\\/\\\/marktxxl.de\\\/markt\\\/produkt\\\/brother-pt-d400-beschriftungsgeraet-fuer-das-homeoffice-und-buero-fuer-3-5-bis-18-mm-breite-tze-schriftbaender-bis-zu-20-mm-sek-druckgeschwindigkeit-weiss\\\/#primaryimage\",\"url\":\"https:\\\/\\\/m.media-amazon.com\\\/images\\\/I\\\/317DHvdDLAL._SL500_.jpg\",\"contentUrl\":\"https:\\\/\\\/m.media-amazon.com\\\/images\\\/I\\\/317DHvdDLAL._SL500_.jpg\",\"width\":500,\"height\":333},{\"@type\":\"BreadcrumbList\",\"@id\":\"https:\\\/\\\/marktxxl.de\\\/markt\\\/produkt\\\/brother-pt-d400-beschriftungsgeraet-fuer-das-homeoffice-und-buero-fuer-3-5-bis-18-mm-breite-tze-schriftbaender-bis-zu-20-mm-sek-druckgeschwindigkeit-weiss\\\/#breadcrumb\",\"itemListElement\":[{\"@type\":\"ListItem\",\"position\":1,\"name\":\"Startseite\",\"item\":\"https:\\\/\\\/marktxxl.de\\\/markt\\\/\"},{\"@type\":\"ListItem\",\"position\":2,\"name\":\"Markt\",\"item\":\"https:\\\/\\\/marktxxl.de\\\/markt\\\/\"},{\"@type\":\"ListItem\",\"position\":3,\"name\":\"Brother PT-D400, Monochrom, Beschriftungsger\u00e4t f\u00fcr das Homeoffice und B\u00fcro (f\u00fcr 3, 5 bis 18 mm breite TZe-Schriftb\u00e4nder\u2026\"}]},{\"@type\":\"WebSite\",\"@id\":\"https:\\\/\\\/marktxxl.de\\\/markt\\\/#website\",\"url\":\"https:\\\/\\\/marktxxl.de\\\/markt\\\/\",\"name\":\"Markt-XXL\",\"description\":\"Ihr Markt Online\",\"publisher\":{\"@id\":\"https:\\\/\\\/marktxxl.de\\\/markt\\\/#organization\"},\"potentialAction\":[{\"@type\":\"SearchAction\",\"target\":{\"@type\":\"EntryPoint\",\"urlTemplate\":\"https:\\\/\\\/marktxxl.de\\\/markt\\\/?s={search_term_string}\"},\"query-input\":{\"@type\":\"PropertyValueSpecification\",\"valueRequired\":true,\"valueName\":\"search_term_string\"}}],\"inLanguage\":\"de\"},{\"@type\":\"Organization\",\"@id\":\"https:\\\/\\\/marktxxl.de\\\/markt\\\/#organization\",\"name\":\"Markt-XXL\",\"url\":\"https:\\\/\\\/marktxxl.de\\\/markt\\\/\",\"logo\":{\"@type\":\"ImageObject\",\"inLanguage\":\"de\",\"@id\":\"https:\\\/\\\/marktxxl.de\\\/markt\\\/#\\\/schema\\\/logo\\\/image\\\/\",\"url\":\"https:\\\/\\\/marktxxl.de\\\/markt\\\/wp-content\\\/uploads\\\/sites\\\/3\\\/2020\\\/12\\\/logo.png\",\"contentUrl\":\"https:\\\/\\\/marktxxl.de\\\/markt\\\/wp-content\\\/uploads\\\/sites\\\/3\\\/2020\\\/12\\\/logo.png\",\"width\":200,\"height\":70,\"caption\":\"Markt-XXL\"},\"image\":{\"@id\":\"https:\\\/\\\/marktxxl.de\\\/markt\\\/#\\\/schema\\\/logo\\\/image\\\/\"}}]}<\/script>\n<!-- \/ Yoast SEO plugin. -->","yoast_head_json":{"title":"Brother PT-D400, Monochrom, Beschriftungsger\u00e4t f\u00fcr das Homeoffice und B\u00fcro (f\u00fcr 3, 5 bis 18 mm breite TZe-Schriftb\u00e4nder\u2026 - Markt-XXL","description":"Markt-XXL Brother PT-D400, Monochrom, Beschriftungsger\u00e4t f\u00fcr das Homeoffice und B\u00fcro (f\u00fcr 3, 5 bis 18 mm breite TZe-Schriftb\u00e4nder\u2026","robots":{"index":"index","follow":"follow","max-snippet":"max-snippet:-1","max-image-preview":"max-image-preview:large","max-video-preview":"max-video-preview:-1"},"canonical":"https:\/\/marktxxl.de\/markt\/produkt\/brother-pt-d400-beschriftungsgeraet-fuer-das-homeoffice-und-buero-fuer-3-5-bis-18-mm-breite-tze-schriftbaender-bis-zu-20-mm-sek-druckgeschwindigkeit-weiss\/","og_locale":"de_DE","og_type":"article","og_title":"Brother PT-D400, Monochrom, Beschriftungsger\u00e4t f\u00fcr das Homeoffice und B\u00fcro (f\u00fcr 3, 5 bis 18 mm breite TZe-Schriftb\u00e4nder\u2026 - Markt-XXL","og_description":"Markt-XXL Brother PT-D400, Monochrom, Beschriftungsger\u00e4t f\u00fcr das Homeoffice und B\u00fcro (f\u00fcr 3, 5 bis 18 mm breite TZe-Schriftb\u00e4nder\u2026","og_url":"https:\/\/marktxxl.de\/markt\/produkt\/brother-pt-d400-beschriftungsgeraet-fuer-das-homeoffice-und-buero-fuer-3-5-bis-18-mm-breite-tze-schriftbaender-bis-zu-20-mm-sek-druckgeschwindigkeit-weiss\/","og_site_name":"Markt-XXL","article_modified_time":"2023-04-10T03:12:45+00:00","og_image":[{"width":500,"height":333,"url":"https:\/\/m.media-amazon.com\/images\/I\/317DHvdDLAL._SL500_.jpg","type":"image\/jpeg"}],"twitter_card":"summary_large_image","schema":{"@context":"https:\/\/schema.org","@graph":[{"@type":"WebPage","@id":"https:\/\/marktxxl.de\/markt\/produkt\/brother-pt-d400-beschriftungsgeraet-fuer-das-homeoffice-und-buero-fuer-3-5-bis-18-mm-breite-tze-schriftbaender-bis-zu-20-mm-sek-druckgeschwindigkeit-weiss\/","url":"https:\/\/marktxxl.de\/markt\/produkt\/brother-pt-d400-beschriftungsgeraet-fuer-das-homeoffice-und-buero-fuer-3-5-bis-18-mm-breite-tze-schriftbaender-bis-zu-20-mm-sek-druckgeschwindigkeit-weiss\/","name":"Brother PT-D400, Monochrom, Beschriftungsger\u00e4t f\u00fcr das Homeoffice und B\u00fcro (f\u00fcr 3, 5 bis 18 mm breite TZe-Schriftb\u00e4nder\u2026 - Markt-XXL","isPartOf":{"@id":"https:\/\/marktxxl.de\/markt\/#website"},"primaryImageOfPage":{"@id":"https:\/\/marktxxl.de\/markt\/produkt\/brother-pt-d400-beschriftungsgeraet-fuer-das-homeoffice-und-buero-fuer-3-5-bis-18-mm-breite-tze-schriftbaender-bis-zu-20-mm-sek-druckgeschwindigkeit-weiss\/#primaryimage"},"image":{"@id":"https:\/\/marktxxl.de\/markt\/produkt\/brother-pt-d400-beschriftungsgeraet-fuer-das-homeoffice-und-buero-fuer-3-5-bis-18-mm-breite-tze-schriftbaender-bis-zu-20-mm-sek-druckgeschwindigkeit-weiss\/#primaryimage"},"thumbnailUrl":"https:\/\/m.media-amazon.com\/images\/I\/317DHvdDLAL._SL500_.jpg","datePublished":"2022-12-11T04:55:15+00:00","dateModified":"2023-04-10T03:12:45+00:00","description":"Markt-XXL Brother PT-D400, Monochrom, Beschriftungsger\u00e4t f\u00fcr das Homeoffice und B\u00fcro (f\u00fcr 3, 5 bis 18 mm breite TZe-Schriftb\u00e4nder\u2026","breadcrumb":{"@id":"https:\/\/marktxxl.de\/markt\/produkt\/brother-pt-d400-beschriftungsgeraet-fuer-das-homeoffice-und-buero-fuer-3-5-bis-18-mm-breite-tze-schriftbaender-bis-zu-20-mm-sek-druckgeschwindigkeit-weiss\/#breadcrumb"},"inLanguage":"de","potentialAction":[{"@type":"ReadAction","target":["https:\/\/marktxxl.de\/markt\/produkt\/brother-pt-d400-beschriftungsgeraet-fuer-das-homeoffice-und-buero-fuer-3-5-bis-18-mm-breite-tze-schriftbaender-bis-zu-20-mm-sek-druckgeschwindigkeit-weiss\/"]}]},{"@type":"ImageObject","inLanguage":"de","@id":"https:\/\/marktxxl.de\/markt\/produkt\/brother-pt-d400-beschriftungsgeraet-fuer-das-homeoffice-und-buero-fuer-3-5-bis-18-mm-breite-tze-schriftbaender-bis-zu-20-mm-sek-druckgeschwindigkeit-weiss\/#primaryimage","url":"https:\/\/m.media-amazon.com\/images\/I\/317DHvdDLAL._SL500_.jpg","contentUrl":"https:\/\/m.media-amazon.com\/images\/I\/317DHvdDLAL._SL500_.jpg","width":500,"height":333},{"@type":"BreadcrumbList","@id":"https:\/\/marktxxl.de\/markt\/produkt\/brother-pt-d400-beschriftungsgeraet-fuer-das-homeoffice-und-buero-fuer-3-5-bis-18-mm-breite-tze-schriftbaender-bis-zu-20-mm-sek-druckgeschwindigkeit-weiss\/#breadcrumb","itemListElement":[{"@type":"ListItem","position":1,"name":"Startseite","item":"https:\/\/marktxxl.de\/markt\/"},{"@type":"ListItem","position":2,"name":"Markt","item":"https:\/\/marktxxl.de\/markt\/"},{"@type":"ListItem","position":3,"name":"Brother PT-D400, Monochrom, Beschriftungsger\u00e4t f\u00fcr das Homeoffice und B\u00fcro (f\u00fcr 3, 5 bis 18 mm breite TZe-Schriftb\u00e4nder\u2026"}]},{"@type":"WebSite","@id":"https:\/\/marktxxl.de\/markt\/#website","url":"https:\/\/marktxxl.de\/markt\/","name":"Markt-XXL","description":"Ihr Markt Online","publisher":{"@id":"https:\/\/marktxxl.de\/markt\/#organization"},"potentialAction":[{"@type":"SearchAction","target":{"@type":"EntryPoint","urlTemplate":"https:\/\/marktxxl.de\/markt\/?s={search_term_string}"},"query-input":{"@type":"PropertyValueSpecification","valueRequired":true,"valueName":"search_term_string"}}],"inLanguage":"de"},{"@type":"Organization","@id":"https:\/\/marktxxl.de\/markt\/#organization","name":"Markt-XXL","url":"https:\/\/marktxxl.de\/markt\/","logo":{"@type":"ImageObject","inLanguage":"de","@id":"https:\/\/marktxxl.de\/markt\/#\/schema\/logo\/image\/","url":"https:\/\/marktxxl.de\/markt\/wp-content\/uploads\/sites\/3\/2020\/12\/logo.png","contentUrl":"https:\/\/marktxxl.de\/markt\/wp-content\/uploads\/sites\/3\/2020\/12\/logo.png","width":200,"height":70,"caption":"Markt-XXL"},"image":{"@id":"https:\/\/marktxxl.de\/markt\/#\/schema\/logo\/image\/"}}]}},"_links":{"self":[{"href":"https:\/\/marktxxl.de\/markt\/wp-json\/wp\/v2\/product\/173821","targetHints":{"allow":["GET"]}}],"collection":[{"href":"https:\/\/marktxxl.de\/markt\/wp-json\/wp\/v2\/product"}],"about":[{"href":"https:\/\/marktxxl.de\/markt\/wp-json\/wp\/v2\/types\/product"}],"replies":[{"embeddable":true,"href":"https:\/\/marktxxl.de\/markt\/wp-json\/wp\/v2\/comments?post=173821"}],"wp:featuredmedia":[{"embeddable":true,"href":"https:\/\/marktxxl.de\/markt\/wp-json\/wp\/v2\/media\/173822"}],"wp:attachment":[{"href":"https:\/\/marktxxl.de\/markt\/wp-json\/wp\/v2\/media?parent=173821"}],"wp:term":[{"taxonomy":"product_brand","embeddable":true,"href":"https:\/\/marktxxl.de\/markt\/wp-json\/wp\/v2\/product_brand?post=173821"},{"taxonomy":"product_cat","embeddable":true,"href":"https:\/\/marktxxl.de\/markt\/wp-json\/wp\/v2\/product_cat?post=173821"},{"taxonomy":"product_tag","embeddable":true,"href":"https:\/\/marktxxl.de\/markt\/wp-json\/wp\/v2\/product_tag?post=173821"}],"curies":[{"name":"wp","href":"https:\/\/api.w.org\/{rel}","templated":true}]}}