{"id":173732,"date":"2022-12-11T05:32:18","date_gmt":"2022-12-11T04:32:18","guid":{"rendered":"https:\/\/marktxxl.de\/markt\/produkt\/papercrush-pop-up-karte-weihnachten-weihnachtsbaum-3d-weihnachtskarte-mit-tannenbaum-geschenken-fuer-kinder-weihnachtsgrusskarte-fuer-mama-frau-freundin-handgemachtes-popup-we\/"},"modified":"2023-04-10T05:12:43","modified_gmt":"2023-04-10T03:12:43","slug":"papercrush-pop-up-karte-weihnachten-weihnachtsbaum-3d-weihnachtskarte-mit-tannenbaum-geschenken-fuer-kinder-weihnachtsgrusskarte-fuer-mama-frau-freundin-handgemachtes-popup-we","status":"publish","type":"product","link":"https:\/\/marktxxl.de\/markt\/produkt\/papercrush-pop-up-karte-weihnachten-weihnachtsbaum-3d-weihnachtskarte-mit-tannenbaum-geschenken-fuer-kinder-weihnachtsgrusskarte-fuer-mama-frau-freundin-handgemachtes-popup-we\/","title":{"rendered":"papercrush\u00ae Pop-Up Karte Weihnachten Weihnachtsbaum &#8211; 3D Weihnachtskarte mit Tannenbaum &amp; Geschenken f\u00fcr Kinder\u2026"},"content":{"rendered":"<p>FROHES FEST \u2013 Die Weihnachtsbaum Pop Up Karte ist eine besondere Geschenkkarte zum Weihnachtsfest f\u00fcr die ganze Familie: Frau &amp; Mann, Mutter, Mama &amp; Papa, Oma &amp; Opa und Kinder (M\u00e4dchen &amp; Jungen).<br \/>\n\u00dcBERRASCHUNGSEFFEKT \u2013 Beim \u00d6ffnen der Klappkarte entfaltet sich der Baum mit Geschenken und es entsteht ein toller 3D Effekt. Eine ausgefallene Geschenkidee zu Weihnachten f\u00fcr dein Kind, deine Freundin, Kollegin oder Lehrerin.<br \/>\nHANDGEMACHT \u2013 Verschenke ein kleines Kunstwerk: Der Christbaum wurden per Laser zurechtgeschnitten und anschlie\u00dfend in Handarbeit zu dieser Popup Weihnachtskarte zusammengesetzt.<br \/>\nMIT NOTIZKARTE \u2013 Damit du gen\u00fcgend Platz f\u00fcr deine Weihnachtsgr\u00fc\u00dfe hast, ist ein praktisches Einsteckblatt in die 3D Karte integriert. Dieses l\u00e4sst sich vollst\u00e4ndig herausziehen, beschriften und wieder zur\u00fcck in die Geschenkkarte schieben \u2013 und eignet sich als Verpackung f\u00fcr ein Geldgeschenk.<br \/>\nWIR PFLANZEN B\u00c4UME \u2013 Mit dem Kauf einer papercrush Karte unterst\u00fctzt du die Wiederaufforstung der W\u00e4lder auf Madagaskar. Mehr als 200.000 Mangrovenb\u00e4ume haben wir bereits gepflanzt.<br \/>\n<div class=\"main-cross-sell\" data-asin=\"B081294WQW\">\n\n\t<div class=\"WooZone-cross-sell-loader\">\n\t\t<div>\n\t\t\t<div id=\"floatingBarsG\">\n\t\t\t\t<div class=\"blockG\" id=\"rotateG_01\"><\/div>\n\t\t\t\t<div class=\"blockG\" id=\"rotateG_02\"><\/div>\n\t\t\t\t<div class=\"blockG\" id=\"rotateG_03\"><\/div>\n\t\t\t\t<div class=\"blockG\" id=\"rotateG_04\"><\/div>\n\t\t\t\t<div class=\"blockG\" id=\"rotateG_05\"><\/div>\n\t\t\t\t<div class=\"blockG\" id=\"rotateG_06\"><\/div>\n\t\t\t\t<div class=\"blockG\" id=\"rotateG_07\"><\/div>\n\t\t\t\t<div class=\"blockG\" id=\"rotateG_08\"><\/div>\n\t\t\t<\/div>\n\t\t\t<div class=\"WooZone-cross-sell-loader-text\"><\/div>\n\t\t<\/div>\n\t<\/div>\n\n\t\t\n<\/div>\n<div style=\"clear:both;\"><\/div><\/p>\n","protected":false},"excerpt":{"rendered":"<p>FROHES FEST \u2013 Die Weihnachtsbaum Pop Up Karte ist eine besondere Geschenkkarte zum Weihnachtsfest f\u00fcr die ganze Familie: Frau &amp; Mann, Mutter, Mama &amp; Papa, Oma &amp; Opa und Kinder (M\u00e4dchen &amp; Jungen).<br \/>\n\u00dcBERRASCHUNGSEFFEKT \u2013 Beim \u00d6ffnen der Klappkarte entfaltet sich der Baum mit Geschenken und es entsteht ein toller 3D Effekt. Eine ausgefallene Geschenkidee zu Weihnachten f\u00fcr dein Kind, deine Freundin, Kollegin oder Lehrerin.<br \/>\nHANDGEMACHT \u2013 Verschenke ein kleines Kunstwerk: Der Christbaum wurden per Laser zurechtgeschnitten und anschlie\u00dfend in Handarbeit zu dieser Popup Weihnachtskarte zusammengesetzt.<\/p>\n","protected":false},"featured_media":173733,"comment_status":"open","ping_status":"closed","template":"","meta":[],"product_brand":[],"product_cat":[504],"product_tag":[],"class_list":{"0":"post-173732","1":"product","2":"type-product","3":"status-publish","4":"has-post-thumbnail","6":"product_cat-buerobedarf-schreibwaren","7":"pa_binding-unbekannter-einband","8":"pa_brand-papercrush","9":"pa_color-rot","10":"pa_height-0-03937-zoll","11":"pa_length-4-7244-zoll","12":"pa_manufacturer-papercrush","13":"pa_model-xm08","14":"pa_width-6-88975-zoll","16":"first","17":"instock","18":"shipping-taxable","19":"purchasable","20":"product-type-simple","21":"customify-col","22":"product-has-gallery"},"yoast_head":"<!-- This site is optimized with the Yoast SEO plugin v27.3 - https:\/\/yoast.com\/product\/yoast-seo-wordpress\/ -->\n<title>papercrush\u00ae Pop-Up Karte Weihnachten Weihnachtsbaum - 3D Weihnachtskarte mit Tannenbaum &amp; Geschenken f\u00fcr Kinder\u2026 - Markt-XXL<\/title>\n<meta name=\"description\" content=\"Markt-XXL papercrush\u00ae Pop-Up Karte Weihnachten Weihnachtsbaum - 3D Weihnachtskarte mit Tannenbaum &amp; Geschenken f\u00fcr Kinder\u2026\" \/>\n<meta name=\"robots\" content=\"index, follow, max-snippet:-1, max-image-preview:large, max-video-preview:-1\" \/>\n<link rel=\"canonical\" href=\"https:\/\/marktxxl.de\/markt\/produkt\/papercrush-pop-up-karte-weihnachten-weihnachtsbaum-3d-weihnachtskarte-mit-tannenbaum-geschenken-fuer-kinder-weihnachtsgrusskarte-fuer-mama-frau-freundin-handgemachtes-popup-we\/\" \/>\n<meta property=\"og:locale\" content=\"de_DE\" \/>\n<meta property=\"og:type\" content=\"article\" \/>\n<meta property=\"og:title\" content=\"papercrush\u00ae Pop-Up Karte Weihnachten Weihnachtsbaum - 3D Weihnachtskarte mit Tannenbaum &amp; Geschenken f\u00fcr Kinder\u2026 - Markt-XXL\" \/>\n<meta property=\"og:description\" content=\"Markt-XXL papercrush\u00ae Pop-Up Karte Weihnachten Weihnachtsbaum - 3D Weihnachtskarte mit Tannenbaum &amp; Geschenken f\u00fcr Kinder\u2026\" \/>\n<meta property=\"og:url\" content=\"https:\/\/marktxxl.de\/markt\/produkt\/papercrush-pop-up-karte-weihnachten-weihnachtsbaum-3d-weihnachtskarte-mit-tannenbaum-geschenken-fuer-kinder-weihnachtsgrusskarte-fuer-mama-frau-freundin-handgemachtes-popup-we\/\" \/>\n<meta property=\"og:site_name\" content=\"Markt-XXL\" \/>\n<meta property=\"article:modified_time\" content=\"2023-04-10T03:12:43+00:00\" \/>\n<meta property=\"og:image\" content=\"https:\/\/m.media-amazon.com\/images\/I\/51qaoRiQYkL._SL500_.jpg\" \/>\n\t<meta property=\"og:image:width\" content=\"500\" \/>\n\t<meta property=\"og:image:height\" content=\"500\" \/>\n\t<meta property=\"og:image:type\" content=\"image\/jpeg\" \/>\n<meta name=\"twitter:card\" content=\"summary_large_image\" \/>\n<meta name=\"twitter:label1\" content=\"Gesch\u00e4tzte Lesezeit\" \/>\n\t<meta name=\"twitter:data1\" content=\"1\u00a0Minute\" \/>\n<script type=\"application\/ld+json\" class=\"yoast-schema-graph\">{\"@context\":\"https:\\\/\\\/schema.org\",\"@graph\":[{\"@type\":\"WebPage\",\"@id\":\"https:\\\/\\\/marktxxl.de\\\/markt\\\/produkt\\\/papercrush-pop-up-karte-weihnachten-weihnachtsbaum-3d-weihnachtskarte-mit-tannenbaum-geschenken-fuer-kinder-weihnachtsgrusskarte-fuer-mama-frau-freundin-handgemachtes-popup-we\\\/\",\"url\":\"https:\\\/\\\/marktxxl.de\\\/markt\\\/produkt\\\/papercrush-pop-up-karte-weihnachten-weihnachtsbaum-3d-weihnachtskarte-mit-tannenbaum-geschenken-fuer-kinder-weihnachtsgrusskarte-fuer-mama-frau-freundin-handgemachtes-popup-we\\\/\",\"name\":\"papercrush\u00ae Pop-Up Karte Weihnachten Weihnachtsbaum - 3D Weihnachtskarte mit Tannenbaum &amp; Geschenken f\u00fcr Kinder\u2026 - Markt-XXL\",\"isPartOf\":{\"@id\":\"https:\\\/\\\/marktxxl.de\\\/markt\\\/#website\"},\"primaryImageOfPage\":{\"@id\":\"https:\\\/\\\/marktxxl.de\\\/markt\\\/produkt\\\/papercrush-pop-up-karte-weihnachten-weihnachtsbaum-3d-weihnachtskarte-mit-tannenbaum-geschenken-fuer-kinder-weihnachtsgrusskarte-fuer-mama-frau-freundin-handgemachtes-popup-we\\\/#primaryimage\"},\"image\":{\"@id\":\"https:\\\/\\\/marktxxl.de\\\/markt\\\/produkt\\\/papercrush-pop-up-karte-weihnachten-weihnachtsbaum-3d-weihnachtskarte-mit-tannenbaum-geschenken-fuer-kinder-weihnachtsgrusskarte-fuer-mama-frau-freundin-handgemachtes-popup-we\\\/#primaryimage\"},\"thumbnailUrl\":\"https:\\\/\\\/m.media-amazon.com\\\/images\\\/I\\\/51qaoRiQYkL._SL500_.jpg\",\"datePublished\":\"2022-12-11T04:32:18+00:00\",\"dateModified\":\"2023-04-10T03:12:43+00:00\",\"description\":\"Markt-XXL papercrush\u00ae Pop-Up Karte Weihnachten Weihnachtsbaum - 3D Weihnachtskarte mit Tannenbaum &amp; Geschenken f\u00fcr Kinder\u2026\",\"breadcrumb\":{\"@id\":\"https:\\\/\\\/marktxxl.de\\\/markt\\\/produkt\\\/papercrush-pop-up-karte-weihnachten-weihnachtsbaum-3d-weihnachtskarte-mit-tannenbaum-geschenken-fuer-kinder-weihnachtsgrusskarte-fuer-mama-frau-freundin-handgemachtes-popup-we\\\/#breadcrumb\"},\"inLanguage\":\"de\",\"potentialAction\":[{\"@type\":\"ReadAction\",\"target\":[\"https:\\\/\\\/marktxxl.de\\\/markt\\\/produkt\\\/papercrush-pop-up-karte-weihnachten-weihnachtsbaum-3d-weihnachtskarte-mit-tannenbaum-geschenken-fuer-kinder-weihnachtsgrusskarte-fuer-mama-frau-freundin-handgemachtes-popup-we\\\/\"]}]},{\"@type\":\"ImageObject\",\"inLanguage\":\"de\",\"@id\":\"https:\\\/\\\/marktxxl.de\\\/markt\\\/produkt\\\/papercrush-pop-up-karte-weihnachten-weihnachtsbaum-3d-weihnachtskarte-mit-tannenbaum-geschenken-fuer-kinder-weihnachtsgrusskarte-fuer-mama-frau-freundin-handgemachtes-popup-we\\\/#primaryimage\",\"url\":\"https:\\\/\\\/m.media-amazon.com\\\/images\\\/I\\\/51qaoRiQYkL._SL500_.jpg\",\"contentUrl\":\"https:\\\/\\\/m.media-amazon.com\\\/images\\\/I\\\/51qaoRiQYkL._SL500_.jpg\",\"width\":500,\"height\":500},{\"@type\":\"BreadcrumbList\",\"@id\":\"https:\\\/\\\/marktxxl.de\\\/markt\\\/produkt\\\/papercrush-pop-up-karte-weihnachten-weihnachtsbaum-3d-weihnachtskarte-mit-tannenbaum-geschenken-fuer-kinder-weihnachtsgrusskarte-fuer-mama-frau-freundin-handgemachtes-popup-we\\\/#breadcrumb\",\"itemListElement\":[{\"@type\":\"ListItem\",\"position\":1,\"name\":\"Startseite\",\"item\":\"https:\\\/\\\/marktxxl.de\\\/markt\\\/\"},{\"@type\":\"ListItem\",\"position\":2,\"name\":\"Markt\",\"item\":\"https:\\\/\\\/marktxxl.de\\\/markt\\\/\"},{\"@type\":\"ListItem\",\"position\":3,\"name\":\"papercrush\u00ae Pop-Up Karte Weihnachten Weihnachtsbaum &#8211; 3D Weihnachtskarte mit Tannenbaum &amp; Geschenken f\u00fcr Kinder\u2026\"}]},{\"@type\":\"WebSite\",\"@id\":\"https:\\\/\\\/marktxxl.de\\\/markt\\\/#website\",\"url\":\"https:\\\/\\\/marktxxl.de\\\/markt\\\/\",\"name\":\"Markt-XXL\",\"description\":\"Ihr Markt Online\",\"publisher\":{\"@id\":\"https:\\\/\\\/marktxxl.de\\\/markt\\\/#organization\"},\"potentialAction\":[{\"@type\":\"SearchAction\",\"target\":{\"@type\":\"EntryPoint\",\"urlTemplate\":\"https:\\\/\\\/marktxxl.de\\\/markt\\\/?s={search_term_string}\"},\"query-input\":{\"@type\":\"PropertyValueSpecification\",\"valueRequired\":true,\"valueName\":\"search_term_string\"}}],\"inLanguage\":\"de\"},{\"@type\":\"Organization\",\"@id\":\"https:\\\/\\\/marktxxl.de\\\/markt\\\/#organization\",\"name\":\"Markt-XXL\",\"url\":\"https:\\\/\\\/marktxxl.de\\\/markt\\\/\",\"logo\":{\"@type\":\"ImageObject\",\"inLanguage\":\"de\",\"@id\":\"https:\\\/\\\/marktxxl.de\\\/markt\\\/#\\\/schema\\\/logo\\\/image\\\/\",\"url\":\"https:\\\/\\\/marktxxl.de\\\/markt\\\/wp-content\\\/uploads\\\/sites\\\/3\\\/2020\\\/12\\\/logo.png\",\"contentUrl\":\"https:\\\/\\\/marktxxl.de\\\/markt\\\/wp-content\\\/uploads\\\/sites\\\/3\\\/2020\\\/12\\\/logo.png\",\"width\":200,\"height\":70,\"caption\":\"Markt-XXL\"},\"image\":{\"@id\":\"https:\\\/\\\/marktxxl.de\\\/markt\\\/#\\\/schema\\\/logo\\\/image\\\/\"}}]}<\/script>\n<!-- \/ Yoast SEO plugin. -->","yoast_head_json":{"title":"papercrush\u00ae Pop-Up Karte Weihnachten Weihnachtsbaum - 3D Weihnachtskarte mit Tannenbaum &amp; Geschenken f\u00fcr Kinder\u2026 - Markt-XXL","description":"Markt-XXL papercrush\u00ae Pop-Up Karte Weihnachten Weihnachtsbaum - 3D Weihnachtskarte mit Tannenbaum &amp; Geschenken f\u00fcr Kinder\u2026","robots":{"index":"index","follow":"follow","max-snippet":"max-snippet:-1","max-image-preview":"max-image-preview:large","max-video-preview":"max-video-preview:-1"},"canonical":"https:\/\/marktxxl.de\/markt\/produkt\/papercrush-pop-up-karte-weihnachten-weihnachtsbaum-3d-weihnachtskarte-mit-tannenbaum-geschenken-fuer-kinder-weihnachtsgrusskarte-fuer-mama-frau-freundin-handgemachtes-popup-we\/","og_locale":"de_DE","og_type":"article","og_title":"papercrush\u00ae Pop-Up Karte Weihnachten Weihnachtsbaum - 3D Weihnachtskarte mit Tannenbaum &amp; Geschenken f\u00fcr Kinder\u2026 - Markt-XXL","og_description":"Markt-XXL papercrush\u00ae Pop-Up Karte Weihnachten Weihnachtsbaum - 3D Weihnachtskarte mit Tannenbaum &amp; Geschenken f\u00fcr Kinder\u2026","og_url":"https:\/\/marktxxl.de\/markt\/produkt\/papercrush-pop-up-karte-weihnachten-weihnachtsbaum-3d-weihnachtskarte-mit-tannenbaum-geschenken-fuer-kinder-weihnachtsgrusskarte-fuer-mama-frau-freundin-handgemachtes-popup-we\/","og_site_name":"Markt-XXL","article_modified_time":"2023-04-10T03:12:43+00:00","og_image":[{"width":500,"height":500,"url":"https:\/\/m.media-amazon.com\/images\/I\/51qaoRiQYkL._SL500_.jpg","type":"image\/jpeg"}],"twitter_card":"summary_large_image","twitter_misc":{"Gesch\u00e4tzte Lesezeit":"1\u00a0Minute"},"schema":{"@context":"https:\/\/schema.org","@graph":[{"@type":"WebPage","@id":"https:\/\/marktxxl.de\/markt\/produkt\/papercrush-pop-up-karte-weihnachten-weihnachtsbaum-3d-weihnachtskarte-mit-tannenbaum-geschenken-fuer-kinder-weihnachtsgrusskarte-fuer-mama-frau-freundin-handgemachtes-popup-we\/","url":"https:\/\/marktxxl.de\/markt\/produkt\/papercrush-pop-up-karte-weihnachten-weihnachtsbaum-3d-weihnachtskarte-mit-tannenbaum-geschenken-fuer-kinder-weihnachtsgrusskarte-fuer-mama-frau-freundin-handgemachtes-popup-we\/","name":"papercrush\u00ae Pop-Up Karte Weihnachten Weihnachtsbaum - 3D Weihnachtskarte mit Tannenbaum &amp; Geschenken f\u00fcr Kinder\u2026 - Markt-XXL","isPartOf":{"@id":"https:\/\/marktxxl.de\/markt\/#website"},"primaryImageOfPage":{"@id":"https:\/\/marktxxl.de\/markt\/produkt\/papercrush-pop-up-karte-weihnachten-weihnachtsbaum-3d-weihnachtskarte-mit-tannenbaum-geschenken-fuer-kinder-weihnachtsgrusskarte-fuer-mama-frau-freundin-handgemachtes-popup-we\/#primaryimage"},"image":{"@id":"https:\/\/marktxxl.de\/markt\/produkt\/papercrush-pop-up-karte-weihnachten-weihnachtsbaum-3d-weihnachtskarte-mit-tannenbaum-geschenken-fuer-kinder-weihnachtsgrusskarte-fuer-mama-frau-freundin-handgemachtes-popup-we\/#primaryimage"},"thumbnailUrl":"https:\/\/m.media-amazon.com\/images\/I\/51qaoRiQYkL._SL500_.jpg","datePublished":"2022-12-11T04:32:18+00:00","dateModified":"2023-04-10T03:12:43+00:00","description":"Markt-XXL papercrush\u00ae Pop-Up Karte Weihnachten Weihnachtsbaum - 3D Weihnachtskarte mit Tannenbaum &amp; Geschenken f\u00fcr Kinder\u2026","breadcrumb":{"@id":"https:\/\/marktxxl.de\/markt\/produkt\/papercrush-pop-up-karte-weihnachten-weihnachtsbaum-3d-weihnachtskarte-mit-tannenbaum-geschenken-fuer-kinder-weihnachtsgrusskarte-fuer-mama-frau-freundin-handgemachtes-popup-we\/#breadcrumb"},"inLanguage":"de","potentialAction":[{"@type":"ReadAction","target":["https:\/\/marktxxl.de\/markt\/produkt\/papercrush-pop-up-karte-weihnachten-weihnachtsbaum-3d-weihnachtskarte-mit-tannenbaum-geschenken-fuer-kinder-weihnachtsgrusskarte-fuer-mama-frau-freundin-handgemachtes-popup-we\/"]}]},{"@type":"ImageObject","inLanguage":"de","@id":"https:\/\/marktxxl.de\/markt\/produkt\/papercrush-pop-up-karte-weihnachten-weihnachtsbaum-3d-weihnachtskarte-mit-tannenbaum-geschenken-fuer-kinder-weihnachtsgrusskarte-fuer-mama-frau-freundin-handgemachtes-popup-we\/#primaryimage","url":"https:\/\/m.media-amazon.com\/images\/I\/51qaoRiQYkL._SL500_.jpg","contentUrl":"https:\/\/m.media-amazon.com\/images\/I\/51qaoRiQYkL._SL500_.jpg","width":500,"height":500},{"@type":"BreadcrumbList","@id":"https:\/\/marktxxl.de\/markt\/produkt\/papercrush-pop-up-karte-weihnachten-weihnachtsbaum-3d-weihnachtskarte-mit-tannenbaum-geschenken-fuer-kinder-weihnachtsgrusskarte-fuer-mama-frau-freundin-handgemachtes-popup-we\/#breadcrumb","itemListElement":[{"@type":"ListItem","position":1,"name":"Startseite","item":"https:\/\/marktxxl.de\/markt\/"},{"@type":"ListItem","position":2,"name":"Markt","item":"https:\/\/marktxxl.de\/markt\/"},{"@type":"ListItem","position":3,"name":"papercrush\u00ae Pop-Up Karte Weihnachten Weihnachtsbaum &#8211; 3D Weihnachtskarte mit Tannenbaum &amp; Geschenken f\u00fcr Kinder\u2026"}]},{"@type":"WebSite","@id":"https:\/\/marktxxl.de\/markt\/#website","url":"https:\/\/marktxxl.de\/markt\/","name":"Markt-XXL","description":"Ihr Markt Online","publisher":{"@id":"https:\/\/marktxxl.de\/markt\/#organization"},"potentialAction":[{"@type":"SearchAction","target":{"@type":"EntryPoint","urlTemplate":"https:\/\/marktxxl.de\/markt\/?s={search_term_string}"},"query-input":{"@type":"PropertyValueSpecification","valueRequired":true,"valueName":"search_term_string"}}],"inLanguage":"de"},{"@type":"Organization","@id":"https:\/\/marktxxl.de\/markt\/#organization","name":"Markt-XXL","url":"https:\/\/marktxxl.de\/markt\/","logo":{"@type":"ImageObject","inLanguage":"de","@id":"https:\/\/marktxxl.de\/markt\/#\/schema\/logo\/image\/","url":"https:\/\/marktxxl.de\/markt\/wp-content\/uploads\/sites\/3\/2020\/12\/logo.png","contentUrl":"https:\/\/marktxxl.de\/markt\/wp-content\/uploads\/sites\/3\/2020\/12\/logo.png","width":200,"height":70,"caption":"Markt-XXL"},"image":{"@id":"https:\/\/marktxxl.de\/markt\/#\/schema\/logo\/image\/"}}]}},"_links":{"self":[{"href":"https:\/\/marktxxl.de\/markt\/wp-json\/wp\/v2\/product\/173732","targetHints":{"allow":["GET"]}}],"collection":[{"href":"https:\/\/marktxxl.de\/markt\/wp-json\/wp\/v2\/product"}],"about":[{"href":"https:\/\/marktxxl.de\/markt\/wp-json\/wp\/v2\/types\/product"}],"replies":[{"embeddable":true,"href":"https:\/\/marktxxl.de\/markt\/wp-json\/wp\/v2\/comments?post=173732"}],"wp:featuredmedia":[{"embeddable":true,"href":"https:\/\/marktxxl.de\/markt\/wp-json\/wp\/v2\/media\/173733"}],"wp:attachment":[{"href":"https:\/\/marktxxl.de\/markt\/wp-json\/wp\/v2\/media?parent=173732"}],"wp:term":[{"taxonomy":"product_brand","embeddable":true,"href":"https:\/\/marktxxl.de\/markt\/wp-json\/wp\/v2\/product_brand?post=173732"},{"taxonomy":"product_cat","embeddable":true,"href":"https:\/\/marktxxl.de\/markt\/wp-json\/wp\/v2\/product_cat?post=173732"},{"taxonomy":"product_tag","embeddable":true,"href":"https:\/\/marktxxl.de\/markt\/wp-json\/wp\/v2\/product_tag?post=173732"}],"curies":[{"name":"wp","href":"https:\/\/api.w.org\/{rel}","templated":true}]}}