{"id":173440,"date":"2022-12-11T04:59:40","date_gmt":"2022-12-11T03:59:40","guid":{"rendered":"https:\/\/marktxxl.de\/markt\/produkt\/crrxin-weihnachtsbaum-lichterketten-2m-16-straenge-weihnachten-lichterkette-400-leds-mit-8-modi-und-zeitfunktion-led-weihnachtsbeleuchtung-dekor-innen-aussenwarmweiss\/"},"modified":"2023-04-11T05:01:39","modified_gmt":"2023-04-11T03:01:39","slug":"crrxin-weihnachtsbaum-lichterketten-2m-16-straenge-weihnachten-lichterkette-400-leds-mit-8-modi-und-zeitfunktion-led-weihnachtsbeleuchtung-dekor-innen-aussenwarmweiss","status":"publish","type":"product","link":"https:\/\/marktxxl.de\/markt\/produkt\/crrxin-weihnachtsbaum-lichterketten-2m-16-straenge-weihnachten-lichterkette-400-leds-mit-8-modi-und-zeitfunktion-led-weihnachtsbeleuchtung-dekor-innen-aussenwarmweiss\/","title":{"rendered":"CRRXIN Weihnachtsbaum Lichterketten, 2M 16 Str\u00e4nge Weihnachten Lichterkette 400 LEDs mit 8 Modi und Zeitfunktion, LED\u2026"},"content":{"rendered":"<p>\u3010Weihnachtsbaum-Lichterketten\u3011 6,6 Fu\u00df * 16 Zeilen Weihnachtsbaum Lichter sind mit 400 LEDs ausgestattet, geeignet f\u00fcr 6ft-8ft Weihnachtsbaum. Weihnachtsbaum wird sch\u00f6ner, nachdem die Lichter geschm\u00fcckt sind.<br \/>\n\u30101 Minute zu installieren\u3011Weihnachtsbaumbeleuchtung ist mit einem Montagering ausgestattet, setzen Sie einfach den oberen Montagering auf die Spitze des Weihnachtsbaums. Sie m\u00fcssen nicht viel um einen Baum wickeln. Genie\u00dfen Sie sofort die wundervolle Weihnachtsbaum-Lichterkette.<br \/>\n\u30108 Beleuchtungsmodi\u3011 Es gibt 8 verschiedene Beleuchtungsmodi der Weihnachtsbeleuchtung, w\u00e4hlen Sie einfach den gew\u00fcnschten Modus. Lichterketten eignen sich zum Schm\u00fccken von Weihnachtsb\u00e4umen in H\u00e4usern, Einkaufszentren, Gemeinden usw.<br \/>\n\u3010Zeit- und Speicherfunktion\u3011Weihnachten Lichterketten sind mit Zeitfunktion ausgestattet, dr\u00fccken Sie einfach die Taste f\u00fcr 3 Sekunden, um die gew\u00fcnschte Zeit auszuw\u00e4hlen. Die Memory-Funktion ist so ausgelegt, dass sie sich an die letzte Einstellung des Lichtmodus erinnert.<br \/>\n\u3010Zeit- und Speicherfunktion\u3011Weihnachten Lichterketten sind mit Zeitfunktion ausgestattet, dr\u00fccken Sie einfach die Taste f\u00fcr 3 Sekunden, um die gew\u00fcnschte Zeit auszuw\u00e4hlen. Die Memory-Funktion ist so ausgelegt, dass sie sich an die letzte Einstellung des Lichtmodus erinnert.<br \/>\n<div class=\"main-cross-sell\" data-asin=\"B0B718GV3Y\">\n\n\t<div class=\"WooZone-cross-sell-loader\">\n\t\t<div>\n\t\t\t<div id=\"floatingBarsG\">\n\t\t\t\t<div class=\"blockG\" id=\"rotateG_01\"><\/div>\n\t\t\t\t<div class=\"blockG\" id=\"rotateG_02\"><\/div>\n\t\t\t\t<div class=\"blockG\" id=\"rotateG_03\"><\/div>\n\t\t\t\t<div class=\"blockG\" id=\"rotateG_04\"><\/div>\n\t\t\t\t<div class=\"blockG\" id=\"rotateG_05\"><\/div>\n\t\t\t\t<div class=\"blockG\" id=\"rotateG_06\"><\/div>\n\t\t\t\t<div class=\"blockG\" id=\"rotateG_07\"><\/div>\n\t\t\t\t<div class=\"blockG\" id=\"rotateG_08\"><\/div>\n\t\t\t<\/div>\n\t\t\t<div class=\"WooZone-cross-sell-loader-text\"><\/div>\n\t\t<\/div>\n\t<\/div>\n\n\t\t\n<\/div>\n<div style=\"clear:both;\"><\/div><\/p>\n","protected":false},"excerpt":{"rendered":"<p>\u3010Weihnachtsbaum-Lichterketten\u3011 6,6 Fu\u00df * 16 Zeilen Weihnachtsbaum Lichter sind mit 400 LEDs ausgestattet, geeignet f\u00fcr 6ft-8ft Weihnachtsbaum. Weihnachtsbaum wird sch\u00f6ner, nachdem die Lichter geschm\u00fcckt sind.<br \/>\n\u30101 Minute zu installieren\u3011Weihnachtsbaumbeleuchtung ist mit einem Montagering ausgestattet, setzen Sie einfach den oberen Montagering auf die Spitze des Weihnachtsbaums. Sie m\u00fcssen nicht viel um einen Baum wickeln. Genie\u00dfen Sie sofort die wundervolle Weihnachtsbaum-Lichterkette.<br \/>\n\u30108 Beleuchtungsmodi\u3011 Es gibt 8 verschiedene Beleuchtungsmodi der Weihnachtsbeleuchtung, w\u00e4hlen Sie einfach den gew\u00fcnschten Modus. Lichterketten eignen sich zum Schm\u00fccken von Weihnachtsb\u00e4umen in H\u00e4usern, Einkaufszentren, Gemeinden usw.<\/p>\n","protected":false},"featured_media":173441,"comment_status":"open","ping_status":"closed","template":"","meta":[],"product_brand":[],"product_cat":[2108,15624],"product_tag":[],"class_list":{"0":"post-173440","1":"product","2":"type-product","3":"status-publish","4":"has-post-thumbnail","6":"product_cat-beleuchtung","7":"product_cat-weihnachtsbeleuchtung","8":"pa_brand-crrxin","9":"pa_manufacturer-crrxin","10":"pa_model-25199","11":"pa_model-sw-lsl-02-400","13":"first","14":"instock","15":"shipping-taxable","16":"purchasable","17":"product-type-simple","18":"customify-col","19":"product-has-gallery"},"yoast_head":"<!-- This site is optimized with the Yoast SEO plugin v27.4 - https:\/\/yoast.com\/product\/yoast-seo-wordpress\/ -->\n<title>CRRXIN Weihnachtsbaum Lichterketten, 2M 16 Str\u00e4nge Weihnachten Lichterkette 400 LEDs mit 8 Modi und Zeitfunktion, LED\u2026 - Markt-XXL<\/title>\n<meta name=\"description\" content=\"Markt-XXL CRRXIN Weihnachtsbaum Lichterketten, 2M 16 Str\u00e4nge Weihnachten Lichterkette 400 LEDs mit 8 Modi und Zeitfunktion, LED\u2026\" \/>\n<meta name=\"robots\" content=\"index, follow, max-snippet:-1, max-image-preview:large, max-video-preview:-1\" \/>\n<link rel=\"canonical\" href=\"https:\/\/marktxxl.de\/markt\/produkt\/crrxin-weihnachtsbaum-lichterketten-2m-16-straenge-weihnachten-lichterkette-400-leds-mit-8-modi-und-zeitfunktion-led-weihnachtsbeleuchtung-dekor-innen-aussenwarmweiss\/\" \/>\n<meta property=\"og:locale\" content=\"de_DE\" \/>\n<meta property=\"og:type\" content=\"article\" \/>\n<meta property=\"og:title\" content=\"CRRXIN Weihnachtsbaum Lichterketten, 2M 16 Str\u00e4nge Weihnachten Lichterkette 400 LEDs mit 8 Modi und Zeitfunktion, LED\u2026 - Markt-XXL\" \/>\n<meta property=\"og:description\" content=\"Markt-XXL CRRXIN Weihnachtsbaum Lichterketten, 2M 16 Str\u00e4nge Weihnachten Lichterkette 400 LEDs mit 8 Modi und Zeitfunktion, LED\u2026\" \/>\n<meta property=\"og:url\" content=\"https:\/\/marktxxl.de\/markt\/produkt\/crrxin-weihnachtsbaum-lichterketten-2m-16-straenge-weihnachten-lichterkette-400-leds-mit-8-modi-und-zeitfunktion-led-weihnachtsbeleuchtung-dekor-innen-aussenwarmweiss\/\" \/>\n<meta property=\"og:site_name\" content=\"Markt-XXL\" \/>\n<meta property=\"article:modified_time\" content=\"2023-04-11T03:01:39+00:00\" \/>\n<meta property=\"og:image\" content=\"https:\/\/m.media-amazon.com\/images\/I\/51eEn8ZEWUL._SL500_.jpg\" \/>\n\t<meta property=\"og:image:width\" content=\"500\" \/>\n\t<meta property=\"og:image:height\" content=\"480\" \/>\n\t<meta property=\"og:image:type\" content=\"image\/jpeg\" \/>\n<meta name=\"twitter:card\" content=\"summary_large_image\" \/>\n<meta name=\"twitter:label1\" content=\"Gesch\u00e4tzte Lesezeit\" \/>\n\t<meta name=\"twitter:data1\" content=\"1\u00a0Minute\" \/>\n<script type=\"application\/ld+json\" class=\"yoast-schema-graph\">{\"@context\":\"https:\\\/\\\/schema.org\",\"@graph\":[{\"@type\":\"WebPage\",\"@id\":\"https:\\\/\\\/marktxxl.de\\\/markt\\\/produkt\\\/crrxin-weihnachtsbaum-lichterketten-2m-16-straenge-weihnachten-lichterkette-400-leds-mit-8-modi-und-zeitfunktion-led-weihnachtsbeleuchtung-dekor-innen-aussenwarmweiss\\\/\",\"url\":\"https:\\\/\\\/marktxxl.de\\\/markt\\\/produkt\\\/crrxin-weihnachtsbaum-lichterketten-2m-16-straenge-weihnachten-lichterkette-400-leds-mit-8-modi-und-zeitfunktion-led-weihnachtsbeleuchtung-dekor-innen-aussenwarmweiss\\\/\",\"name\":\"CRRXIN Weihnachtsbaum Lichterketten, 2M 16 Str\u00e4nge Weihnachten Lichterkette 400 LEDs mit 8 Modi und Zeitfunktion, LED\u2026 - Markt-XXL\",\"isPartOf\":{\"@id\":\"https:\\\/\\\/marktxxl.de\\\/markt\\\/#website\"},\"primaryImageOfPage\":{\"@id\":\"https:\\\/\\\/marktxxl.de\\\/markt\\\/produkt\\\/crrxin-weihnachtsbaum-lichterketten-2m-16-straenge-weihnachten-lichterkette-400-leds-mit-8-modi-und-zeitfunktion-led-weihnachtsbeleuchtung-dekor-innen-aussenwarmweiss\\\/#primaryimage\"},\"image\":{\"@id\":\"https:\\\/\\\/marktxxl.de\\\/markt\\\/produkt\\\/crrxin-weihnachtsbaum-lichterketten-2m-16-straenge-weihnachten-lichterkette-400-leds-mit-8-modi-und-zeitfunktion-led-weihnachtsbeleuchtung-dekor-innen-aussenwarmweiss\\\/#primaryimage\"},\"thumbnailUrl\":\"https:\\\/\\\/m.media-amazon.com\\\/images\\\/I\\\/51eEn8ZEWUL._SL500_.jpg\",\"datePublished\":\"2022-12-11T03:59:40+00:00\",\"dateModified\":\"2023-04-11T03:01:39+00:00\",\"description\":\"Markt-XXL CRRXIN Weihnachtsbaum Lichterketten, 2M 16 Str\u00e4nge Weihnachten Lichterkette 400 LEDs mit 8 Modi und Zeitfunktion, LED\u2026\",\"breadcrumb\":{\"@id\":\"https:\\\/\\\/marktxxl.de\\\/markt\\\/produkt\\\/crrxin-weihnachtsbaum-lichterketten-2m-16-straenge-weihnachten-lichterkette-400-leds-mit-8-modi-und-zeitfunktion-led-weihnachtsbeleuchtung-dekor-innen-aussenwarmweiss\\\/#breadcrumb\"},\"inLanguage\":\"de\",\"potentialAction\":[{\"@type\":\"ReadAction\",\"target\":[\"https:\\\/\\\/marktxxl.de\\\/markt\\\/produkt\\\/crrxin-weihnachtsbaum-lichterketten-2m-16-straenge-weihnachten-lichterkette-400-leds-mit-8-modi-und-zeitfunktion-led-weihnachtsbeleuchtung-dekor-innen-aussenwarmweiss\\\/\"]}]},{\"@type\":\"ImageObject\",\"inLanguage\":\"de\",\"@id\":\"https:\\\/\\\/marktxxl.de\\\/markt\\\/produkt\\\/crrxin-weihnachtsbaum-lichterketten-2m-16-straenge-weihnachten-lichterkette-400-leds-mit-8-modi-und-zeitfunktion-led-weihnachtsbeleuchtung-dekor-innen-aussenwarmweiss\\\/#primaryimage\",\"url\":\"https:\\\/\\\/m.media-amazon.com\\\/images\\\/I\\\/51eEn8ZEWUL._SL500_.jpg\",\"contentUrl\":\"https:\\\/\\\/m.media-amazon.com\\\/images\\\/I\\\/51eEn8ZEWUL._SL500_.jpg\",\"width\":500,\"height\":480},{\"@type\":\"BreadcrumbList\",\"@id\":\"https:\\\/\\\/marktxxl.de\\\/markt\\\/produkt\\\/crrxin-weihnachtsbaum-lichterketten-2m-16-straenge-weihnachten-lichterkette-400-leds-mit-8-modi-und-zeitfunktion-led-weihnachtsbeleuchtung-dekor-innen-aussenwarmweiss\\\/#breadcrumb\",\"itemListElement\":[{\"@type\":\"ListItem\",\"position\":1,\"name\":\"Startseite\",\"item\":\"https:\\\/\\\/marktxxl.de\\\/markt\\\/\"},{\"@type\":\"ListItem\",\"position\":2,\"name\":\"Markt\",\"item\":\"https:\\\/\\\/marktxxl.de\\\/markt\\\/\"},{\"@type\":\"ListItem\",\"position\":3,\"name\":\"CRRXIN Weihnachtsbaum Lichterketten, 2M 16 Str\u00e4nge Weihnachten Lichterkette 400 LEDs mit 8 Modi und Zeitfunktion, LED\u2026\"}]},{\"@type\":\"WebSite\",\"@id\":\"https:\\\/\\\/marktxxl.de\\\/markt\\\/#website\",\"url\":\"https:\\\/\\\/marktxxl.de\\\/markt\\\/\",\"name\":\"Markt-XXL\",\"description\":\"Ihr Markt Online\",\"publisher\":{\"@id\":\"https:\\\/\\\/marktxxl.de\\\/markt\\\/#organization\"},\"potentialAction\":[{\"@type\":\"SearchAction\",\"target\":{\"@type\":\"EntryPoint\",\"urlTemplate\":\"https:\\\/\\\/marktxxl.de\\\/markt\\\/?s={search_term_string}\"},\"query-input\":{\"@type\":\"PropertyValueSpecification\",\"valueRequired\":true,\"valueName\":\"search_term_string\"}}],\"inLanguage\":\"de\"},{\"@type\":\"Organization\",\"@id\":\"https:\\\/\\\/marktxxl.de\\\/markt\\\/#organization\",\"name\":\"Markt-XXL\",\"url\":\"https:\\\/\\\/marktxxl.de\\\/markt\\\/\",\"logo\":{\"@type\":\"ImageObject\",\"inLanguage\":\"de\",\"@id\":\"https:\\\/\\\/marktxxl.de\\\/markt\\\/#\\\/schema\\\/logo\\\/image\\\/\",\"url\":\"https:\\\/\\\/marktxxl.de\\\/markt\\\/wp-content\\\/uploads\\\/sites\\\/3\\\/2020\\\/12\\\/logo.png\",\"contentUrl\":\"https:\\\/\\\/marktxxl.de\\\/markt\\\/wp-content\\\/uploads\\\/sites\\\/3\\\/2020\\\/12\\\/logo.png\",\"width\":200,\"height\":70,\"caption\":\"Markt-XXL\"},\"image\":{\"@id\":\"https:\\\/\\\/marktxxl.de\\\/markt\\\/#\\\/schema\\\/logo\\\/image\\\/\"}}]}<\/script>\n<!-- \/ Yoast SEO plugin. -->","yoast_head_json":{"title":"CRRXIN Weihnachtsbaum Lichterketten, 2M 16 Str\u00e4nge Weihnachten Lichterkette 400 LEDs mit 8 Modi und Zeitfunktion, LED\u2026 - Markt-XXL","description":"Markt-XXL CRRXIN Weihnachtsbaum Lichterketten, 2M 16 Str\u00e4nge Weihnachten Lichterkette 400 LEDs mit 8 Modi und Zeitfunktion, LED\u2026","robots":{"index":"index","follow":"follow","max-snippet":"max-snippet:-1","max-image-preview":"max-image-preview:large","max-video-preview":"max-video-preview:-1"},"canonical":"https:\/\/marktxxl.de\/markt\/produkt\/crrxin-weihnachtsbaum-lichterketten-2m-16-straenge-weihnachten-lichterkette-400-leds-mit-8-modi-und-zeitfunktion-led-weihnachtsbeleuchtung-dekor-innen-aussenwarmweiss\/","og_locale":"de_DE","og_type":"article","og_title":"CRRXIN Weihnachtsbaum Lichterketten, 2M 16 Str\u00e4nge Weihnachten Lichterkette 400 LEDs mit 8 Modi und Zeitfunktion, LED\u2026 - Markt-XXL","og_description":"Markt-XXL CRRXIN Weihnachtsbaum Lichterketten, 2M 16 Str\u00e4nge Weihnachten Lichterkette 400 LEDs mit 8 Modi und Zeitfunktion, LED\u2026","og_url":"https:\/\/marktxxl.de\/markt\/produkt\/crrxin-weihnachtsbaum-lichterketten-2m-16-straenge-weihnachten-lichterkette-400-leds-mit-8-modi-und-zeitfunktion-led-weihnachtsbeleuchtung-dekor-innen-aussenwarmweiss\/","og_site_name":"Markt-XXL","article_modified_time":"2023-04-11T03:01:39+00:00","og_image":[{"width":500,"height":480,"url":"https:\/\/m.media-amazon.com\/images\/I\/51eEn8ZEWUL._SL500_.jpg","type":"image\/jpeg"}],"twitter_card":"summary_large_image","twitter_misc":{"Gesch\u00e4tzte Lesezeit":"1\u00a0Minute"},"schema":{"@context":"https:\/\/schema.org","@graph":[{"@type":"WebPage","@id":"https:\/\/marktxxl.de\/markt\/produkt\/crrxin-weihnachtsbaum-lichterketten-2m-16-straenge-weihnachten-lichterkette-400-leds-mit-8-modi-und-zeitfunktion-led-weihnachtsbeleuchtung-dekor-innen-aussenwarmweiss\/","url":"https:\/\/marktxxl.de\/markt\/produkt\/crrxin-weihnachtsbaum-lichterketten-2m-16-straenge-weihnachten-lichterkette-400-leds-mit-8-modi-und-zeitfunktion-led-weihnachtsbeleuchtung-dekor-innen-aussenwarmweiss\/","name":"CRRXIN Weihnachtsbaum Lichterketten, 2M 16 Str\u00e4nge Weihnachten Lichterkette 400 LEDs mit 8 Modi und Zeitfunktion, LED\u2026 - Markt-XXL","isPartOf":{"@id":"https:\/\/marktxxl.de\/markt\/#website"},"primaryImageOfPage":{"@id":"https:\/\/marktxxl.de\/markt\/produkt\/crrxin-weihnachtsbaum-lichterketten-2m-16-straenge-weihnachten-lichterkette-400-leds-mit-8-modi-und-zeitfunktion-led-weihnachtsbeleuchtung-dekor-innen-aussenwarmweiss\/#primaryimage"},"image":{"@id":"https:\/\/marktxxl.de\/markt\/produkt\/crrxin-weihnachtsbaum-lichterketten-2m-16-straenge-weihnachten-lichterkette-400-leds-mit-8-modi-und-zeitfunktion-led-weihnachtsbeleuchtung-dekor-innen-aussenwarmweiss\/#primaryimage"},"thumbnailUrl":"https:\/\/m.media-amazon.com\/images\/I\/51eEn8ZEWUL._SL500_.jpg","datePublished":"2022-12-11T03:59:40+00:00","dateModified":"2023-04-11T03:01:39+00:00","description":"Markt-XXL CRRXIN Weihnachtsbaum Lichterketten, 2M 16 Str\u00e4nge Weihnachten Lichterkette 400 LEDs mit 8 Modi und Zeitfunktion, LED\u2026","breadcrumb":{"@id":"https:\/\/marktxxl.de\/markt\/produkt\/crrxin-weihnachtsbaum-lichterketten-2m-16-straenge-weihnachten-lichterkette-400-leds-mit-8-modi-und-zeitfunktion-led-weihnachtsbeleuchtung-dekor-innen-aussenwarmweiss\/#breadcrumb"},"inLanguage":"de","potentialAction":[{"@type":"ReadAction","target":["https:\/\/marktxxl.de\/markt\/produkt\/crrxin-weihnachtsbaum-lichterketten-2m-16-straenge-weihnachten-lichterkette-400-leds-mit-8-modi-und-zeitfunktion-led-weihnachtsbeleuchtung-dekor-innen-aussenwarmweiss\/"]}]},{"@type":"ImageObject","inLanguage":"de","@id":"https:\/\/marktxxl.de\/markt\/produkt\/crrxin-weihnachtsbaum-lichterketten-2m-16-straenge-weihnachten-lichterkette-400-leds-mit-8-modi-und-zeitfunktion-led-weihnachtsbeleuchtung-dekor-innen-aussenwarmweiss\/#primaryimage","url":"https:\/\/m.media-amazon.com\/images\/I\/51eEn8ZEWUL._SL500_.jpg","contentUrl":"https:\/\/m.media-amazon.com\/images\/I\/51eEn8ZEWUL._SL500_.jpg","width":500,"height":480},{"@type":"BreadcrumbList","@id":"https:\/\/marktxxl.de\/markt\/produkt\/crrxin-weihnachtsbaum-lichterketten-2m-16-straenge-weihnachten-lichterkette-400-leds-mit-8-modi-und-zeitfunktion-led-weihnachtsbeleuchtung-dekor-innen-aussenwarmweiss\/#breadcrumb","itemListElement":[{"@type":"ListItem","position":1,"name":"Startseite","item":"https:\/\/marktxxl.de\/markt\/"},{"@type":"ListItem","position":2,"name":"Markt","item":"https:\/\/marktxxl.de\/markt\/"},{"@type":"ListItem","position":3,"name":"CRRXIN Weihnachtsbaum Lichterketten, 2M 16 Str\u00e4nge Weihnachten Lichterkette 400 LEDs mit 8 Modi und Zeitfunktion, LED\u2026"}]},{"@type":"WebSite","@id":"https:\/\/marktxxl.de\/markt\/#website","url":"https:\/\/marktxxl.de\/markt\/","name":"Markt-XXL","description":"Ihr Markt Online","publisher":{"@id":"https:\/\/marktxxl.de\/markt\/#organization"},"potentialAction":[{"@type":"SearchAction","target":{"@type":"EntryPoint","urlTemplate":"https:\/\/marktxxl.de\/markt\/?s={search_term_string}"},"query-input":{"@type":"PropertyValueSpecification","valueRequired":true,"valueName":"search_term_string"}}],"inLanguage":"de"},{"@type":"Organization","@id":"https:\/\/marktxxl.de\/markt\/#organization","name":"Markt-XXL","url":"https:\/\/marktxxl.de\/markt\/","logo":{"@type":"ImageObject","inLanguage":"de","@id":"https:\/\/marktxxl.de\/markt\/#\/schema\/logo\/image\/","url":"https:\/\/marktxxl.de\/markt\/wp-content\/uploads\/sites\/3\/2020\/12\/logo.png","contentUrl":"https:\/\/marktxxl.de\/markt\/wp-content\/uploads\/sites\/3\/2020\/12\/logo.png","width":200,"height":70,"caption":"Markt-XXL"},"image":{"@id":"https:\/\/marktxxl.de\/markt\/#\/schema\/logo\/image\/"}}]}},"_links":{"self":[{"href":"https:\/\/marktxxl.de\/markt\/wp-json\/wp\/v2\/product\/173440","targetHints":{"allow":["GET"]}}],"collection":[{"href":"https:\/\/marktxxl.de\/markt\/wp-json\/wp\/v2\/product"}],"about":[{"href":"https:\/\/marktxxl.de\/markt\/wp-json\/wp\/v2\/types\/product"}],"replies":[{"embeddable":true,"href":"https:\/\/marktxxl.de\/markt\/wp-json\/wp\/v2\/comments?post=173440"}],"wp:featuredmedia":[{"embeddable":true,"href":"https:\/\/marktxxl.de\/markt\/wp-json\/wp\/v2\/media\/173441"}],"wp:attachment":[{"href":"https:\/\/marktxxl.de\/markt\/wp-json\/wp\/v2\/media?parent=173440"}],"wp:term":[{"taxonomy":"product_brand","embeddable":true,"href":"https:\/\/marktxxl.de\/markt\/wp-json\/wp\/v2\/product_brand?post=173440"},{"taxonomy":"product_cat","embeddable":true,"href":"https:\/\/marktxxl.de\/markt\/wp-json\/wp\/v2\/product_cat?post=173440"},{"taxonomy":"product_tag","embeddable":true,"href":"https:\/\/marktxxl.de\/markt\/wp-json\/wp\/v2\/product_tag?post=173440"}],"curies":[{"name":"wp","href":"https:\/\/api.w.org\/{rel}","templated":true}]}}