{"id":173201,"date":"2022-12-11T04:49:57","date_gmt":"2022-12-11T03:49:57","guid":{"rendered":"https:\/\/marktxxl.de\/markt\/produkt\/creative-cables-zylindrische-rosette-aus-metall\/"},"modified":"2023-04-11T05:01:37","modified_gmt":"2023-04-11T03:01:37","slug":"creative-cables-zylindrische-rosette-aus-metall","status":"publish","type":"product","link":"https:\/\/marktxxl.de\/markt\/produkt\/creative-cables-zylindrische-rosette-aus-metall\/","title":{"rendered":"creative cables Zylindrischer Lampenbaldachin Kit aus Metall &#8211; Zylindrisch, Mattwei\u00df"},"content":{"rendered":"<p>Mit diesem 1-Loch Metall-Baldachin-Kit wird eine Wand oder Deckenleuchte montiert, die mit einer einzigen Lichtquelle ausgestattet ist. Metall ist ein robustes Material und kann in vielen Umgebungen verwendet werden: minimal, skandinavisch, industriell oder klassisch, mit uns k\u00f6nnen Sie die perfekte Lampe kreieren. Unser Tipp f\u00fcr Sie: Verleihen Sie Ihrer Pendelleuchte Pers\u00f6nlichkeit mit einer XL-Gl\u00fchbirne in der ungew\u00f6hnlichen Form.<br \/>\nVielseitiges Produkt, das f\u00fcr alle Ihre Bed\u00fcrfnisse geeignet ist. Dieses Baldachin-Set ist ideal, wenn Sie eine einzelne Pendelleuchte mit einer Gl\u00fchbirne ben\u00f6tigen oder ein bestimmtes Finish wie Messing oder Kupfer bevorzugen. Bereichern Sie Ihr Zuhause mit einer Pendelleuchte nach Ihrem Geschmack.<br \/>\nErstellen Sie Ihre eigene DIY-Lampe. Das 1-Loch Baldachin-Set ist perfekt f\u00fcr die Herstellung einer Wand- oder Deckenlampe. Kombinieren Sie das Lampendach mit einer Lampenfassung, einem Textilkabel und dem notwendigen Zubeh\u00f6r (wie Dezentrator, Kabelklemmen, Verl\u00e4ngerungsrohre oder Kabeldurchf\u00fchrung) und perfektionieren Sie Ihre Leuchte mit einer unserer Creative-Cables Design-Leuchtmittel.<br \/>\nSpezifikationen: Technische Daten: Vordach aus Metall, Durchmesser 120 mm. Lochdurchmesser: 10 mm. Material: Metall. Deckenverschluss der Halterung Technische Daten Kabelklemme (rund) Kappengr\u00f6\u00dfe: Durchmesser 13 mm &#8211; H\u00f6he 17 mm Material der Kappe: Kunststoff\/Metall. Gewindebohrung: Durchmesser M10 x 1 \u2013 H\u00f6he 15 mm. Rohrmaterial: Metall. Technische Daten Zugentlastung konisch H\u00f6he 43 mm Durchmesser 14,8 mm Material: Thermoplast<br \/>\nSICHERHEIT: Alle unsere Komponenten sind nach den h\u00f6chsten Sicherheitsstandards zertifiziert. Ebenso wichtig ist es bei der Installation mit Vorsicht vorzugehen: Unsere Produkte m\u00fcssen von qualifiziertem Personal installiert werden, ohne an das Stromnetz angeschlossen zu werden oder die Zentralversorgung auszuschalten.<br \/>\n<div class=\"main-cross-sell\" data-asin=\"B08D9SLGWL\">\n\n\t<div class=\"WooZone-cross-sell-loader\">\n\t\t<div>\n\t\t\t<div id=\"floatingBarsG\">\n\t\t\t\t<div class=\"blockG\" id=\"rotateG_01\"><\/div>\n\t\t\t\t<div class=\"blockG\" id=\"rotateG_02\"><\/div>\n\t\t\t\t<div class=\"blockG\" id=\"rotateG_03\"><\/div>\n\t\t\t\t<div class=\"blockG\" id=\"rotateG_04\"><\/div>\n\t\t\t\t<div class=\"blockG\" id=\"rotateG_05\"><\/div>\n\t\t\t\t<div class=\"blockG\" id=\"rotateG_06\"><\/div>\n\t\t\t\t<div class=\"blockG\" id=\"rotateG_07\"><\/div>\n\t\t\t\t<div class=\"blockG\" id=\"rotateG_08\"><\/div>\n\t\t\t<\/div>\n\t\t\t<div class=\"WooZone-cross-sell-loader-text\"><\/div>\n\t\t<\/div>\n\t<\/div>\n\n\t\t\n<\/div>\n<div style=\"clear:both;\"><\/div><\/p>\n","protected":false},"excerpt":{"rendered":"<p>Mit diesem 1-Loch Metall-Baldachin-Kit wird eine Wand oder Deckenleuchte montiert, die mit einer einzigen Lichtquelle ausgestattet ist. Metall ist ein robustes Material und kann in vielen Umgebungen verwendet werden: minimal, skandinavisch, industriell oder klassisch, mit uns k\u00f6nnen Sie die perfekte Lampe kreieren. Unser Tipp f\u00fcr Sie: Verleihen Sie Ihrer Pendelleuchte Pers\u00f6nlichkeit mit einer XL-Gl\u00fchbirne in der ungew\u00f6hnlichen Form.<br \/>\nVielseitiges Produkt, das f\u00fcr alle Ihre Bed\u00fcrfnisse geeignet ist. Dieses Baldachin-Set ist ideal, wenn Sie eine einzelne Pendelleuchte mit einer Gl\u00fchbirne ben\u00f6tigen oder ein bestimmtes Finish wie Messing oder Kupfer bevorzugen. Bereichern Sie Ihr Zuhause mit einer Pendelleuchte nach Ihrem Geschmack.<br \/>\nErstellen Sie Ihre eigene DIY-Lampe. Das 1-Loch Baldachin-Set ist perfekt f\u00fcr die Herstellung einer Wand- oder Deckenlampe. Kombinieren Sie das Lampendach mit einer Lampenfassung, einem Textilkabel und dem notwendigen Zubeh\u00f6r (wie Dezentrator, Kabelklemmen, Verl\u00e4ngerungsrohre oder Kabeldurchf\u00fchrung) und perfektionieren Sie Ihre Leuchte mit einer unserer Creative-Cables Design-Leuchtmittel.<\/p>\n","protected":false},"featured_media":173202,"comment_status":"open","ping_status":"closed","template":"","meta":[],"product_brand":[],"product_cat":[2108,11509],"product_tag":[],"class_list":{"0":"post-173201","1":"product","2":"type-product","3":"status-publish","4":"has-post-thumbnail","6":"product_cat-beleuchtung","7":"product_cat-innenbeleuchtung","8":"pa_binding-haushaltswaren","9":"pa_brand-creative-cables","10":"pa_manufacturer-creative-cables","12":"first","13":"instock","14":"shipping-taxable","15":"purchasable","16":"product-type-simple","17":"customify-col","18":"product-has-gallery"},"yoast_head":"<!-- This site is optimized with the Yoast SEO plugin v27.3 - https:\/\/yoast.com\/product\/yoast-seo-wordpress\/ -->\n<title>creative cables Zylindrischer Lampenbaldachin Kit aus Metall - Zylindrisch, Mattwei\u00df - Markt-XXL<\/title>\n<meta name=\"description\" content=\"Markt-XXL creative cables Zylindrischer Lampenbaldachin Kit aus Metall - Zylindrisch, Mattwei\u00df\" \/>\n<meta name=\"robots\" content=\"index, follow, max-snippet:-1, max-image-preview:large, max-video-preview:-1\" \/>\n<link rel=\"canonical\" href=\"https:\/\/marktxxl.de\/markt\/produkt\/creative-cables-zylindrische-rosette-aus-metall\/\" \/>\n<meta property=\"og:locale\" content=\"de_DE\" \/>\n<meta property=\"og:type\" content=\"article\" \/>\n<meta property=\"og:title\" content=\"creative cables Zylindrischer Lampenbaldachin Kit aus Metall - Zylindrisch, Mattwei\u00df - Markt-XXL\" \/>\n<meta property=\"og:description\" content=\"Markt-XXL creative cables Zylindrischer Lampenbaldachin Kit aus Metall - Zylindrisch, Mattwei\u00df\" \/>\n<meta property=\"og:url\" content=\"https:\/\/marktxxl.de\/markt\/produkt\/creative-cables-zylindrische-rosette-aus-metall\/\" \/>\n<meta property=\"og:site_name\" content=\"Markt-XXL\" \/>\n<meta property=\"article:modified_time\" content=\"2023-04-11T03:01:37+00:00\" \/>\n<meta property=\"og:image\" content=\"https:\/\/m.media-amazon.com\/images\/I\/21Al5HH7mYL._SL500_.jpg\" \/>\n\t<meta property=\"og:image:width\" content=\"500\" \/>\n\t<meta property=\"og:image:height\" content=\"500\" \/>\n\t<meta property=\"og:image:type\" content=\"image\/jpeg\" \/>\n<meta name=\"twitter:card\" content=\"summary_large_image\" \/>\n<meta name=\"twitter:label1\" content=\"Gesch\u00e4tzte Lesezeit\" \/>\n\t<meta name=\"twitter:data1\" content=\"1\u00a0Minute\" \/>\n<script type=\"application\/ld+json\" class=\"yoast-schema-graph\">{\"@context\":\"https:\\\/\\\/schema.org\",\"@graph\":[{\"@type\":\"WebPage\",\"@id\":\"https:\\\/\\\/marktxxl.de\\\/markt\\\/produkt\\\/creative-cables-zylindrische-rosette-aus-metall\\\/\",\"url\":\"https:\\\/\\\/marktxxl.de\\\/markt\\\/produkt\\\/creative-cables-zylindrische-rosette-aus-metall\\\/\",\"name\":\"creative cables Zylindrischer Lampenbaldachin Kit aus Metall - Zylindrisch, Mattwei\u00df - Markt-XXL\",\"isPartOf\":{\"@id\":\"https:\\\/\\\/marktxxl.de\\\/markt\\\/#website\"},\"primaryImageOfPage\":{\"@id\":\"https:\\\/\\\/marktxxl.de\\\/markt\\\/produkt\\\/creative-cables-zylindrische-rosette-aus-metall\\\/#primaryimage\"},\"image\":{\"@id\":\"https:\\\/\\\/marktxxl.de\\\/markt\\\/produkt\\\/creative-cables-zylindrische-rosette-aus-metall\\\/#primaryimage\"},\"thumbnailUrl\":\"https:\\\/\\\/m.media-amazon.com\\\/images\\\/I\\\/21Al5HH7mYL._SL500_.jpg\",\"datePublished\":\"2022-12-11T03:49:57+00:00\",\"dateModified\":\"2023-04-11T03:01:37+00:00\",\"description\":\"Markt-XXL creative cables Zylindrischer Lampenbaldachin Kit aus Metall - Zylindrisch, Mattwei\u00df\",\"breadcrumb\":{\"@id\":\"https:\\\/\\\/marktxxl.de\\\/markt\\\/produkt\\\/creative-cables-zylindrische-rosette-aus-metall\\\/#breadcrumb\"},\"inLanguage\":\"de\",\"potentialAction\":[{\"@type\":\"ReadAction\",\"target\":[\"https:\\\/\\\/marktxxl.de\\\/markt\\\/produkt\\\/creative-cables-zylindrische-rosette-aus-metall\\\/\"]}]},{\"@type\":\"ImageObject\",\"inLanguage\":\"de\",\"@id\":\"https:\\\/\\\/marktxxl.de\\\/markt\\\/produkt\\\/creative-cables-zylindrische-rosette-aus-metall\\\/#primaryimage\",\"url\":\"https:\\\/\\\/m.media-amazon.com\\\/images\\\/I\\\/21Al5HH7mYL._SL500_.jpg\",\"contentUrl\":\"https:\\\/\\\/m.media-amazon.com\\\/images\\\/I\\\/21Al5HH7mYL._SL500_.jpg\",\"width\":500,\"height\":500},{\"@type\":\"BreadcrumbList\",\"@id\":\"https:\\\/\\\/marktxxl.de\\\/markt\\\/produkt\\\/creative-cables-zylindrische-rosette-aus-metall\\\/#breadcrumb\",\"itemListElement\":[{\"@type\":\"ListItem\",\"position\":1,\"name\":\"Startseite\",\"item\":\"https:\\\/\\\/marktxxl.de\\\/markt\\\/\"},{\"@type\":\"ListItem\",\"position\":2,\"name\":\"Markt\",\"item\":\"https:\\\/\\\/marktxxl.de\\\/markt\\\/\"},{\"@type\":\"ListItem\",\"position\":3,\"name\":\"creative cables Zylindrischer Lampenbaldachin Kit aus Metall &#8211; Zylindrisch, Mattwei\u00df\"}]},{\"@type\":\"WebSite\",\"@id\":\"https:\\\/\\\/marktxxl.de\\\/markt\\\/#website\",\"url\":\"https:\\\/\\\/marktxxl.de\\\/markt\\\/\",\"name\":\"Markt-XXL\",\"description\":\"Ihr Markt Online\",\"publisher\":{\"@id\":\"https:\\\/\\\/marktxxl.de\\\/markt\\\/#organization\"},\"potentialAction\":[{\"@type\":\"SearchAction\",\"target\":{\"@type\":\"EntryPoint\",\"urlTemplate\":\"https:\\\/\\\/marktxxl.de\\\/markt\\\/?s={search_term_string}\"},\"query-input\":{\"@type\":\"PropertyValueSpecification\",\"valueRequired\":true,\"valueName\":\"search_term_string\"}}],\"inLanguage\":\"de\"},{\"@type\":\"Organization\",\"@id\":\"https:\\\/\\\/marktxxl.de\\\/markt\\\/#organization\",\"name\":\"Markt-XXL\",\"url\":\"https:\\\/\\\/marktxxl.de\\\/markt\\\/\",\"logo\":{\"@type\":\"ImageObject\",\"inLanguage\":\"de\",\"@id\":\"https:\\\/\\\/marktxxl.de\\\/markt\\\/#\\\/schema\\\/logo\\\/image\\\/\",\"url\":\"https:\\\/\\\/marktxxl.de\\\/markt\\\/wp-content\\\/uploads\\\/sites\\\/3\\\/2020\\\/12\\\/logo.png\",\"contentUrl\":\"https:\\\/\\\/marktxxl.de\\\/markt\\\/wp-content\\\/uploads\\\/sites\\\/3\\\/2020\\\/12\\\/logo.png\",\"width\":200,\"height\":70,\"caption\":\"Markt-XXL\"},\"image\":{\"@id\":\"https:\\\/\\\/marktxxl.de\\\/markt\\\/#\\\/schema\\\/logo\\\/image\\\/\"}}]}<\/script>\n<!-- \/ Yoast SEO plugin. -->","yoast_head_json":{"title":"creative cables Zylindrischer Lampenbaldachin Kit aus Metall - Zylindrisch, Mattwei\u00df - Markt-XXL","description":"Markt-XXL creative cables Zylindrischer Lampenbaldachin Kit aus Metall - Zylindrisch, Mattwei\u00df","robots":{"index":"index","follow":"follow","max-snippet":"max-snippet:-1","max-image-preview":"max-image-preview:large","max-video-preview":"max-video-preview:-1"},"canonical":"https:\/\/marktxxl.de\/markt\/produkt\/creative-cables-zylindrische-rosette-aus-metall\/","og_locale":"de_DE","og_type":"article","og_title":"creative cables Zylindrischer Lampenbaldachin Kit aus Metall - Zylindrisch, Mattwei\u00df - Markt-XXL","og_description":"Markt-XXL creative cables Zylindrischer Lampenbaldachin Kit aus Metall - Zylindrisch, Mattwei\u00df","og_url":"https:\/\/marktxxl.de\/markt\/produkt\/creative-cables-zylindrische-rosette-aus-metall\/","og_site_name":"Markt-XXL","article_modified_time":"2023-04-11T03:01:37+00:00","og_image":[{"width":500,"height":500,"url":"https:\/\/m.media-amazon.com\/images\/I\/21Al5HH7mYL._SL500_.jpg","type":"image\/jpeg"}],"twitter_card":"summary_large_image","twitter_misc":{"Gesch\u00e4tzte Lesezeit":"1\u00a0Minute"},"schema":{"@context":"https:\/\/schema.org","@graph":[{"@type":"WebPage","@id":"https:\/\/marktxxl.de\/markt\/produkt\/creative-cables-zylindrische-rosette-aus-metall\/","url":"https:\/\/marktxxl.de\/markt\/produkt\/creative-cables-zylindrische-rosette-aus-metall\/","name":"creative cables Zylindrischer Lampenbaldachin Kit aus Metall - Zylindrisch, Mattwei\u00df - Markt-XXL","isPartOf":{"@id":"https:\/\/marktxxl.de\/markt\/#website"},"primaryImageOfPage":{"@id":"https:\/\/marktxxl.de\/markt\/produkt\/creative-cables-zylindrische-rosette-aus-metall\/#primaryimage"},"image":{"@id":"https:\/\/marktxxl.de\/markt\/produkt\/creative-cables-zylindrische-rosette-aus-metall\/#primaryimage"},"thumbnailUrl":"https:\/\/m.media-amazon.com\/images\/I\/21Al5HH7mYL._SL500_.jpg","datePublished":"2022-12-11T03:49:57+00:00","dateModified":"2023-04-11T03:01:37+00:00","description":"Markt-XXL creative cables Zylindrischer Lampenbaldachin Kit aus Metall - Zylindrisch, Mattwei\u00df","breadcrumb":{"@id":"https:\/\/marktxxl.de\/markt\/produkt\/creative-cables-zylindrische-rosette-aus-metall\/#breadcrumb"},"inLanguage":"de","potentialAction":[{"@type":"ReadAction","target":["https:\/\/marktxxl.de\/markt\/produkt\/creative-cables-zylindrische-rosette-aus-metall\/"]}]},{"@type":"ImageObject","inLanguage":"de","@id":"https:\/\/marktxxl.de\/markt\/produkt\/creative-cables-zylindrische-rosette-aus-metall\/#primaryimage","url":"https:\/\/m.media-amazon.com\/images\/I\/21Al5HH7mYL._SL500_.jpg","contentUrl":"https:\/\/m.media-amazon.com\/images\/I\/21Al5HH7mYL._SL500_.jpg","width":500,"height":500},{"@type":"BreadcrumbList","@id":"https:\/\/marktxxl.de\/markt\/produkt\/creative-cables-zylindrische-rosette-aus-metall\/#breadcrumb","itemListElement":[{"@type":"ListItem","position":1,"name":"Startseite","item":"https:\/\/marktxxl.de\/markt\/"},{"@type":"ListItem","position":2,"name":"Markt","item":"https:\/\/marktxxl.de\/markt\/"},{"@type":"ListItem","position":3,"name":"creative cables Zylindrischer Lampenbaldachin Kit aus Metall &#8211; Zylindrisch, Mattwei\u00df"}]},{"@type":"WebSite","@id":"https:\/\/marktxxl.de\/markt\/#website","url":"https:\/\/marktxxl.de\/markt\/","name":"Markt-XXL","description":"Ihr Markt Online","publisher":{"@id":"https:\/\/marktxxl.de\/markt\/#organization"},"potentialAction":[{"@type":"SearchAction","target":{"@type":"EntryPoint","urlTemplate":"https:\/\/marktxxl.de\/markt\/?s={search_term_string}"},"query-input":{"@type":"PropertyValueSpecification","valueRequired":true,"valueName":"search_term_string"}}],"inLanguage":"de"},{"@type":"Organization","@id":"https:\/\/marktxxl.de\/markt\/#organization","name":"Markt-XXL","url":"https:\/\/marktxxl.de\/markt\/","logo":{"@type":"ImageObject","inLanguage":"de","@id":"https:\/\/marktxxl.de\/markt\/#\/schema\/logo\/image\/","url":"https:\/\/marktxxl.de\/markt\/wp-content\/uploads\/sites\/3\/2020\/12\/logo.png","contentUrl":"https:\/\/marktxxl.de\/markt\/wp-content\/uploads\/sites\/3\/2020\/12\/logo.png","width":200,"height":70,"caption":"Markt-XXL"},"image":{"@id":"https:\/\/marktxxl.de\/markt\/#\/schema\/logo\/image\/"}}]}},"_links":{"self":[{"href":"https:\/\/marktxxl.de\/markt\/wp-json\/wp\/v2\/product\/173201","targetHints":{"allow":["GET"]}}],"collection":[{"href":"https:\/\/marktxxl.de\/markt\/wp-json\/wp\/v2\/product"}],"about":[{"href":"https:\/\/marktxxl.de\/markt\/wp-json\/wp\/v2\/types\/product"}],"replies":[{"embeddable":true,"href":"https:\/\/marktxxl.de\/markt\/wp-json\/wp\/v2\/comments?post=173201"}],"wp:featuredmedia":[{"embeddable":true,"href":"https:\/\/marktxxl.de\/markt\/wp-json\/wp\/v2\/media\/173202"}],"wp:attachment":[{"href":"https:\/\/marktxxl.de\/markt\/wp-json\/wp\/v2\/media?parent=173201"}],"wp:term":[{"taxonomy":"product_brand","embeddable":true,"href":"https:\/\/marktxxl.de\/markt\/wp-json\/wp\/v2\/product_brand?post=173201"},{"taxonomy":"product_cat","embeddable":true,"href":"https:\/\/marktxxl.de\/markt\/wp-json\/wp\/v2\/product_cat?post=173201"},{"taxonomy":"product_tag","embeddable":true,"href":"https:\/\/marktxxl.de\/markt\/wp-json\/wp\/v2\/product_tag?post=173201"}],"curies":[{"name":"wp","href":"https:\/\/api.w.org\/{rel}","templated":true}]}}