{"id":173060,"date":"2022-12-11T04:44:33","date_gmt":"2022-12-11T03:44:33","guid":{"rendered":"https:\/\/marktxxl.de\/markt\/produkt\/lyridz-nachtlicht-steckdose-mit-bewegungsmelder-dimmbar-strahlend-hell-plug-in-nachtlicht-smart-warmweisses-led-licht-mit-einstellbarer-helligkeit-fuer-kinder-schlafzimmer-kueche-flur-2-stueck\/"},"modified":"2023-04-11T05:01:34","modified_gmt":"2023-04-11T03:01:34","slug":"lyridz-nachtlicht-steckdose-mit-bewegungsmelder-dimmbar-strahlend-hell-plug-in-nachtlicht-smart-warmweisses-led-licht-mit-einstellbarer-helligkeit-fuer-kinder-schlafzimmer-kueche-flur-2-stueck","status":"publish","type":"product","link":"https:\/\/marktxxl.de\/markt\/produkt\/lyridz-nachtlicht-steckdose-mit-bewegungsmelder-dimmbar-strahlend-hell-plug-in-nachtlicht-smart-warmweisses-led-licht-mit-einstellbarer-helligkeit-fuer-kinder-schlafzimmer-kueche-flur-2-stueck\/","title":{"rendered":"Lyridz Nachtlicht Steckdose mit Bewegungsmelder, dimmbar strahlend hell Plug-in Nachtlicht, Smart Warmwei\u00dfes LED Licht\u2026"},"content":{"rendered":"<p>\ud83d\udca1Ultrahelles dimmbares LED-Licht: LYRIDZ LED-Nachtlichter was f\u00fcr dunkle Orte gut geeignet ist. Halten Sie das Bedienfeld gedr\u00fcckt, um die Helligkeit nach Belieben gleichm\u00e4\u00dfig (min-max) einzustellen. Oder tippen Sie auf das Bedienfeld, um die gew\u00fcnschte Helligkeit auszuw\u00e4hlen.<br \/>\n\ud83d\udca1Jeden Tag Energie sparen: Wenn im AUTO-Modus eine Bewegung im Dunkeln erkannt wird, leuchtet die Lampe automatisch auf und erleichtert Ihnen den Weg. Es schaltet sich automatisch nach 90 Sekunden nach der Erkennung der letzten Bewegung aus, wodurch unn\u00f6tiger Stromverbrauch reduziert wird.. Im EIN-Modus immer aufleuchten.<br \/>\n\ud83d\udca1Angenehmes Licht: Das warmwei\u00dfem Licht wird Sie in der Dunkelheit niemals blenden.. Mit dem Schlaflicht k\u00f6nnen Sie sich entspannt und wohl f\u00fchlen und einfacher durchschlafen.<br \/>\n\ud83d\udca1Sensor mit kompakter Gr\u00f6\u00dfe und empfindlicher Bewegung: Das Mini-Nachtlicht wird an jede Standardsteckdose angeschlossen, w\u00e4hrend die zweite Steckdose frei verwendet werden kann. Der Bewegungssensor deckt einen Erfassungswinkel von 120 Grad und einen Bereich von 10ft-13ft ab.<br \/>\n\ud83d\udca1Breite Anwendungsm\u00f6glichkeiten: Bad, K\u00fcche, Kinderzimmer, Garage, Treppe, Flur, Korridor, Keller und \u00fcberall dort, wo Sie etwas mehr Licht ben\u00f6tigen.<br \/>\n<div class=\"main-cross-sell\" data-asin=\"B09MTPX997\">\n\n\t<div class=\"WooZone-cross-sell-loader\">\n\t\t<div>\n\t\t\t<div id=\"floatingBarsG\">\n\t\t\t\t<div class=\"blockG\" id=\"rotateG_01\"><\/div>\n\t\t\t\t<div class=\"blockG\" id=\"rotateG_02\"><\/div>\n\t\t\t\t<div class=\"blockG\" id=\"rotateG_03\"><\/div>\n\t\t\t\t<div class=\"blockG\" id=\"rotateG_04\"><\/div>\n\t\t\t\t<div class=\"blockG\" id=\"rotateG_05\"><\/div>\n\t\t\t\t<div class=\"blockG\" id=\"rotateG_06\"><\/div>\n\t\t\t\t<div class=\"blockG\" id=\"rotateG_07\"><\/div>\n\t\t\t\t<div class=\"blockG\" id=\"rotateG_08\"><\/div>\n\t\t\t<\/div>\n\t\t\t<div class=\"WooZone-cross-sell-loader-text\"><\/div>\n\t\t<\/div>\n\t<\/div>\n\n\t\t\n<\/div>\n<div style=\"clear:both;\"><\/div><\/p>\n","protected":false},"excerpt":{"rendered":"<p>\ud83d\udca1Ultrahelles dimmbares LED-Licht: LYRIDZ LED-Nachtlichter was f\u00fcr dunkle Orte gut geeignet ist. Halten Sie das Bedienfeld gedr\u00fcckt, um die Helligkeit nach Belieben gleichm\u00e4\u00dfig (min-max) einzustellen. Oder tippen Sie auf das Bedienfeld, um die gew\u00fcnschte Helligkeit auszuw\u00e4hlen.<br \/>\n\ud83d\udca1Jeden Tag Energie sparen: Wenn im AUTO-Modus eine Bewegung im Dunkeln erkannt wird, leuchtet die Lampe automatisch auf und erleichtert Ihnen den Weg. Es schaltet sich automatisch nach 90 Sekunden nach der Erkennung der letzten Bewegung aus, wodurch unn\u00f6tiger Stromverbrauch reduziert wird.. Im EIN-Modus immer aufleuchten.<br \/>\n\ud83d\udca1Angenehmes Licht: Das warmwei\u00dfem Licht wird Sie in der Dunkelheit niemals blenden.. Mit dem Schlaflicht k\u00f6nnen Sie sich entspannt und wohl f\u00fchlen und einfacher durchschlafen.<\/p>\n","protected":false},"featured_media":173061,"comment_status":"open","ping_status":"closed","template":"","meta":[],"product_brand":[],"product_cat":[2108,11509],"product_tag":[],"class_list":{"0":"post-173060","1":"product","2":"type-product","3":"status-publish","4":"has-post-thumbnail","6":"product_cat-beleuchtung","7":"product_cat-innenbeleuchtung","8":"pa_binding-werkzeug","9":"pa_brand-lyridz","10":"pa_height-2-362204722-zoll","11":"pa_length-4-330708657-zoll","12":"pa_manufacturer-lyridz","13":"pa_model-25199","14":"pa_model-a5118","15":"pa_size-2-stueck","16":"pa_warranty-12-monate-garantie","17":"pa_width-2-755905509-zoll","19":"first","20":"instock","21":"shipping-taxable","22":"purchasable","23":"product-type-simple","24":"customify-col","25":"product-has-gallery"},"yoast_head":"<!-- This site is optimized with the Yoast SEO plugin v27.4 - https:\/\/yoast.com\/product\/yoast-seo-wordpress\/ -->\n<title>Lyridz Nachtlicht Steckdose mit Bewegungsmelder, dimmbar strahlend hell Plug-in Nachtlicht, Smart Warmwei\u00dfes LED Licht\u2026 - Markt-XXL<\/title>\n<meta name=\"description\" content=\"Markt-XXL Lyridz Nachtlicht Steckdose mit Bewegungsmelder, dimmbar strahlend hell Plug-in Nachtlicht, Smart Warmwei\u00dfes LED Licht\u2026\" \/>\n<meta name=\"robots\" content=\"index, follow, max-snippet:-1, max-image-preview:large, max-video-preview:-1\" \/>\n<link rel=\"canonical\" href=\"https:\/\/marktxxl.de\/markt\/produkt\/lyridz-nachtlicht-steckdose-mit-bewegungsmelder-dimmbar-strahlend-hell-plug-in-nachtlicht-smart-warmweisses-led-licht-mit-einstellbarer-helligkeit-fuer-kinder-schlafzimmer-kueche-flur-2-stueck\/\" \/>\n<meta property=\"og:locale\" content=\"de_DE\" \/>\n<meta property=\"og:type\" content=\"article\" \/>\n<meta property=\"og:title\" content=\"Lyridz Nachtlicht Steckdose mit Bewegungsmelder, dimmbar strahlend hell Plug-in Nachtlicht, Smart Warmwei\u00dfes LED Licht\u2026 - Markt-XXL\" \/>\n<meta property=\"og:description\" content=\"Markt-XXL Lyridz Nachtlicht Steckdose mit Bewegungsmelder, dimmbar strahlend hell Plug-in Nachtlicht, Smart Warmwei\u00dfes LED Licht\u2026\" \/>\n<meta property=\"og:url\" content=\"https:\/\/marktxxl.de\/markt\/produkt\/lyridz-nachtlicht-steckdose-mit-bewegungsmelder-dimmbar-strahlend-hell-plug-in-nachtlicht-smart-warmweisses-led-licht-mit-einstellbarer-helligkeit-fuer-kinder-schlafzimmer-kueche-flur-2-stueck\/\" \/>\n<meta property=\"og:site_name\" content=\"Markt-XXL\" \/>\n<meta property=\"article:modified_time\" content=\"2023-04-11T03:01:34+00:00\" \/>\n<meta property=\"og:image\" content=\"https:\/\/m.media-amazon.com\/images\/I\/31EeuFrbhvS._SL500_.jpg\" \/>\n\t<meta property=\"og:image:width\" content=\"500\" \/>\n\t<meta property=\"og:image:height\" content=\"500\" \/>\n\t<meta property=\"og:image:type\" content=\"image\/jpeg\" \/>\n<meta name=\"twitter:card\" content=\"summary_large_image\" \/>\n<meta name=\"twitter:label1\" content=\"Gesch\u00e4tzte Lesezeit\" \/>\n\t<meta name=\"twitter:data1\" content=\"1\u00a0Minute\" \/>\n<script type=\"application\/ld+json\" class=\"yoast-schema-graph\">{\"@context\":\"https:\\\/\\\/schema.org\",\"@graph\":[{\"@type\":\"WebPage\",\"@id\":\"https:\\\/\\\/marktxxl.de\\\/markt\\\/produkt\\\/lyridz-nachtlicht-steckdose-mit-bewegungsmelder-dimmbar-strahlend-hell-plug-in-nachtlicht-smart-warmweisses-led-licht-mit-einstellbarer-helligkeit-fuer-kinder-schlafzimmer-kueche-flur-2-stueck\\\/\",\"url\":\"https:\\\/\\\/marktxxl.de\\\/markt\\\/produkt\\\/lyridz-nachtlicht-steckdose-mit-bewegungsmelder-dimmbar-strahlend-hell-plug-in-nachtlicht-smart-warmweisses-led-licht-mit-einstellbarer-helligkeit-fuer-kinder-schlafzimmer-kueche-flur-2-stueck\\\/\",\"name\":\"Lyridz Nachtlicht Steckdose mit Bewegungsmelder, dimmbar strahlend hell Plug-in Nachtlicht, Smart Warmwei\u00dfes LED Licht\u2026 - Markt-XXL\",\"isPartOf\":{\"@id\":\"https:\\\/\\\/marktxxl.de\\\/markt\\\/#website\"},\"primaryImageOfPage\":{\"@id\":\"https:\\\/\\\/marktxxl.de\\\/markt\\\/produkt\\\/lyridz-nachtlicht-steckdose-mit-bewegungsmelder-dimmbar-strahlend-hell-plug-in-nachtlicht-smart-warmweisses-led-licht-mit-einstellbarer-helligkeit-fuer-kinder-schlafzimmer-kueche-flur-2-stueck\\\/#primaryimage\"},\"image\":{\"@id\":\"https:\\\/\\\/marktxxl.de\\\/markt\\\/produkt\\\/lyridz-nachtlicht-steckdose-mit-bewegungsmelder-dimmbar-strahlend-hell-plug-in-nachtlicht-smart-warmweisses-led-licht-mit-einstellbarer-helligkeit-fuer-kinder-schlafzimmer-kueche-flur-2-stueck\\\/#primaryimage\"},\"thumbnailUrl\":\"https:\\\/\\\/m.media-amazon.com\\\/images\\\/I\\\/31EeuFrbhvS._SL500_.jpg\",\"datePublished\":\"2022-12-11T03:44:33+00:00\",\"dateModified\":\"2023-04-11T03:01:34+00:00\",\"description\":\"Markt-XXL Lyridz Nachtlicht Steckdose mit Bewegungsmelder, dimmbar strahlend hell Plug-in Nachtlicht, Smart Warmwei\u00dfes LED Licht\u2026\",\"breadcrumb\":{\"@id\":\"https:\\\/\\\/marktxxl.de\\\/markt\\\/produkt\\\/lyridz-nachtlicht-steckdose-mit-bewegungsmelder-dimmbar-strahlend-hell-plug-in-nachtlicht-smart-warmweisses-led-licht-mit-einstellbarer-helligkeit-fuer-kinder-schlafzimmer-kueche-flur-2-stueck\\\/#breadcrumb\"},\"inLanguage\":\"de\",\"potentialAction\":[{\"@type\":\"ReadAction\",\"target\":[\"https:\\\/\\\/marktxxl.de\\\/markt\\\/produkt\\\/lyridz-nachtlicht-steckdose-mit-bewegungsmelder-dimmbar-strahlend-hell-plug-in-nachtlicht-smart-warmweisses-led-licht-mit-einstellbarer-helligkeit-fuer-kinder-schlafzimmer-kueche-flur-2-stueck\\\/\"]}]},{\"@type\":\"ImageObject\",\"inLanguage\":\"de\",\"@id\":\"https:\\\/\\\/marktxxl.de\\\/markt\\\/produkt\\\/lyridz-nachtlicht-steckdose-mit-bewegungsmelder-dimmbar-strahlend-hell-plug-in-nachtlicht-smart-warmweisses-led-licht-mit-einstellbarer-helligkeit-fuer-kinder-schlafzimmer-kueche-flur-2-stueck\\\/#primaryimage\",\"url\":\"https:\\\/\\\/m.media-amazon.com\\\/images\\\/I\\\/31EeuFrbhvS._SL500_.jpg\",\"contentUrl\":\"https:\\\/\\\/m.media-amazon.com\\\/images\\\/I\\\/31EeuFrbhvS._SL500_.jpg\",\"width\":500,\"height\":500},{\"@type\":\"BreadcrumbList\",\"@id\":\"https:\\\/\\\/marktxxl.de\\\/markt\\\/produkt\\\/lyridz-nachtlicht-steckdose-mit-bewegungsmelder-dimmbar-strahlend-hell-plug-in-nachtlicht-smart-warmweisses-led-licht-mit-einstellbarer-helligkeit-fuer-kinder-schlafzimmer-kueche-flur-2-stueck\\\/#breadcrumb\",\"itemListElement\":[{\"@type\":\"ListItem\",\"position\":1,\"name\":\"Startseite\",\"item\":\"https:\\\/\\\/marktxxl.de\\\/markt\\\/\"},{\"@type\":\"ListItem\",\"position\":2,\"name\":\"Markt\",\"item\":\"https:\\\/\\\/marktxxl.de\\\/markt\\\/\"},{\"@type\":\"ListItem\",\"position\":3,\"name\":\"Lyridz Nachtlicht Steckdose mit Bewegungsmelder, dimmbar strahlend hell Plug-in Nachtlicht, Smart Warmwei\u00dfes LED Licht\u2026\"}]},{\"@type\":\"WebSite\",\"@id\":\"https:\\\/\\\/marktxxl.de\\\/markt\\\/#website\",\"url\":\"https:\\\/\\\/marktxxl.de\\\/markt\\\/\",\"name\":\"Markt-XXL\",\"description\":\"Ihr Markt Online\",\"publisher\":{\"@id\":\"https:\\\/\\\/marktxxl.de\\\/markt\\\/#organization\"},\"potentialAction\":[{\"@type\":\"SearchAction\",\"target\":{\"@type\":\"EntryPoint\",\"urlTemplate\":\"https:\\\/\\\/marktxxl.de\\\/markt\\\/?s={search_term_string}\"},\"query-input\":{\"@type\":\"PropertyValueSpecification\",\"valueRequired\":true,\"valueName\":\"search_term_string\"}}],\"inLanguage\":\"de\"},{\"@type\":\"Organization\",\"@id\":\"https:\\\/\\\/marktxxl.de\\\/markt\\\/#organization\",\"name\":\"Markt-XXL\",\"url\":\"https:\\\/\\\/marktxxl.de\\\/markt\\\/\",\"logo\":{\"@type\":\"ImageObject\",\"inLanguage\":\"de\",\"@id\":\"https:\\\/\\\/marktxxl.de\\\/markt\\\/#\\\/schema\\\/logo\\\/image\\\/\",\"url\":\"https:\\\/\\\/marktxxl.de\\\/markt\\\/wp-content\\\/uploads\\\/sites\\\/3\\\/2020\\\/12\\\/logo.png\",\"contentUrl\":\"https:\\\/\\\/marktxxl.de\\\/markt\\\/wp-content\\\/uploads\\\/sites\\\/3\\\/2020\\\/12\\\/logo.png\",\"width\":200,\"height\":70,\"caption\":\"Markt-XXL\"},\"image\":{\"@id\":\"https:\\\/\\\/marktxxl.de\\\/markt\\\/#\\\/schema\\\/logo\\\/image\\\/\"}}]}<\/script>\n<!-- \/ Yoast SEO plugin. -->","yoast_head_json":{"title":"Lyridz Nachtlicht Steckdose mit Bewegungsmelder, dimmbar strahlend hell Plug-in Nachtlicht, Smart Warmwei\u00dfes LED Licht\u2026 - Markt-XXL","description":"Markt-XXL Lyridz Nachtlicht Steckdose mit Bewegungsmelder, dimmbar strahlend hell Plug-in Nachtlicht, Smart Warmwei\u00dfes LED Licht\u2026","robots":{"index":"index","follow":"follow","max-snippet":"max-snippet:-1","max-image-preview":"max-image-preview:large","max-video-preview":"max-video-preview:-1"},"canonical":"https:\/\/marktxxl.de\/markt\/produkt\/lyridz-nachtlicht-steckdose-mit-bewegungsmelder-dimmbar-strahlend-hell-plug-in-nachtlicht-smart-warmweisses-led-licht-mit-einstellbarer-helligkeit-fuer-kinder-schlafzimmer-kueche-flur-2-stueck\/","og_locale":"de_DE","og_type":"article","og_title":"Lyridz Nachtlicht Steckdose mit Bewegungsmelder, dimmbar strahlend hell Plug-in Nachtlicht, Smart Warmwei\u00dfes LED Licht\u2026 - Markt-XXL","og_description":"Markt-XXL Lyridz Nachtlicht Steckdose mit Bewegungsmelder, dimmbar strahlend hell Plug-in Nachtlicht, Smart Warmwei\u00dfes LED Licht\u2026","og_url":"https:\/\/marktxxl.de\/markt\/produkt\/lyridz-nachtlicht-steckdose-mit-bewegungsmelder-dimmbar-strahlend-hell-plug-in-nachtlicht-smart-warmweisses-led-licht-mit-einstellbarer-helligkeit-fuer-kinder-schlafzimmer-kueche-flur-2-stueck\/","og_site_name":"Markt-XXL","article_modified_time":"2023-04-11T03:01:34+00:00","og_image":[{"width":500,"height":500,"url":"https:\/\/m.media-amazon.com\/images\/I\/31EeuFrbhvS._SL500_.jpg","type":"image\/jpeg"}],"twitter_card":"summary_large_image","twitter_misc":{"Gesch\u00e4tzte Lesezeit":"1\u00a0Minute"},"schema":{"@context":"https:\/\/schema.org","@graph":[{"@type":"WebPage","@id":"https:\/\/marktxxl.de\/markt\/produkt\/lyridz-nachtlicht-steckdose-mit-bewegungsmelder-dimmbar-strahlend-hell-plug-in-nachtlicht-smart-warmweisses-led-licht-mit-einstellbarer-helligkeit-fuer-kinder-schlafzimmer-kueche-flur-2-stueck\/","url":"https:\/\/marktxxl.de\/markt\/produkt\/lyridz-nachtlicht-steckdose-mit-bewegungsmelder-dimmbar-strahlend-hell-plug-in-nachtlicht-smart-warmweisses-led-licht-mit-einstellbarer-helligkeit-fuer-kinder-schlafzimmer-kueche-flur-2-stueck\/","name":"Lyridz Nachtlicht Steckdose mit Bewegungsmelder, dimmbar strahlend hell Plug-in Nachtlicht, Smart Warmwei\u00dfes LED Licht\u2026 - Markt-XXL","isPartOf":{"@id":"https:\/\/marktxxl.de\/markt\/#website"},"primaryImageOfPage":{"@id":"https:\/\/marktxxl.de\/markt\/produkt\/lyridz-nachtlicht-steckdose-mit-bewegungsmelder-dimmbar-strahlend-hell-plug-in-nachtlicht-smart-warmweisses-led-licht-mit-einstellbarer-helligkeit-fuer-kinder-schlafzimmer-kueche-flur-2-stueck\/#primaryimage"},"image":{"@id":"https:\/\/marktxxl.de\/markt\/produkt\/lyridz-nachtlicht-steckdose-mit-bewegungsmelder-dimmbar-strahlend-hell-plug-in-nachtlicht-smart-warmweisses-led-licht-mit-einstellbarer-helligkeit-fuer-kinder-schlafzimmer-kueche-flur-2-stueck\/#primaryimage"},"thumbnailUrl":"https:\/\/m.media-amazon.com\/images\/I\/31EeuFrbhvS._SL500_.jpg","datePublished":"2022-12-11T03:44:33+00:00","dateModified":"2023-04-11T03:01:34+00:00","description":"Markt-XXL Lyridz Nachtlicht Steckdose mit Bewegungsmelder, dimmbar strahlend hell Plug-in Nachtlicht, Smart Warmwei\u00dfes LED Licht\u2026","breadcrumb":{"@id":"https:\/\/marktxxl.de\/markt\/produkt\/lyridz-nachtlicht-steckdose-mit-bewegungsmelder-dimmbar-strahlend-hell-plug-in-nachtlicht-smart-warmweisses-led-licht-mit-einstellbarer-helligkeit-fuer-kinder-schlafzimmer-kueche-flur-2-stueck\/#breadcrumb"},"inLanguage":"de","potentialAction":[{"@type":"ReadAction","target":["https:\/\/marktxxl.de\/markt\/produkt\/lyridz-nachtlicht-steckdose-mit-bewegungsmelder-dimmbar-strahlend-hell-plug-in-nachtlicht-smart-warmweisses-led-licht-mit-einstellbarer-helligkeit-fuer-kinder-schlafzimmer-kueche-flur-2-stueck\/"]}]},{"@type":"ImageObject","inLanguage":"de","@id":"https:\/\/marktxxl.de\/markt\/produkt\/lyridz-nachtlicht-steckdose-mit-bewegungsmelder-dimmbar-strahlend-hell-plug-in-nachtlicht-smart-warmweisses-led-licht-mit-einstellbarer-helligkeit-fuer-kinder-schlafzimmer-kueche-flur-2-stueck\/#primaryimage","url":"https:\/\/m.media-amazon.com\/images\/I\/31EeuFrbhvS._SL500_.jpg","contentUrl":"https:\/\/m.media-amazon.com\/images\/I\/31EeuFrbhvS._SL500_.jpg","width":500,"height":500},{"@type":"BreadcrumbList","@id":"https:\/\/marktxxl.de\/markt\/produkt\/lyridz-nachtlicht-steckdose-mit-bewegungsmelder-dimmbar-strahlend-hell-plug-in-nachtlicht-smart-warmweisses-led-licht-mit-einstellbarer-helligkeit-fuer-kinder-schlafzimmer-kueche-flur-2-stueck\/#breadcrumb","itemListElement":[{"@type":"ListItem","position":1,"name":"Startseite","item":"https:\/\/marktxxl.de\/markt\/"},{"@type":"ListItem","position":2,"name":"Markt","item":"https:\/\/marktxxl.de\/markt\/"},{"@type":"ListItem","position":3,"name":"Lyridz Nachtlicht Steckdose mit Bewegungsmelder, dimmbar strahlend hell Plug-in Nachtlicht, Smart Warmwei\u00dfes LED Licht\u2026"}]},{"@type":"WebSite","@id":"https:\/\/marktxxl.de\/markt\/#website","url":"https:\/\/marktxxl.de\/markt\/","name":"Markt-XXL","description":"Ihr Markt Online","publisher":{"@id":"https:\/\/marktxxl.de\/markt\/#organization"},"potentialAction":[{"@type":"SearchAction","target":{"@type":"EntryPoint","urlTemplate":"https:\/\/marktxxl.de\/markt\/?s={search_term_string}"},"query-input":{"@type":"PropertyValueSpecification","valueRequired":true,"valueName":"search_term_string"}}],"inLanguage":"de"},{"@type":"Organization","@id":"https:\/\/marktxxl.de\/markt\/#organization","name":"Markt-XXL","url":"https:\/\/marktxxl.de\/markt\/","logo":{"@type":"ImageObject","inLanguage":"de","@id":"https:\/\/marktxxl.de\/markt\/#\/schema\/logo\/image\/","url":"https:\/\/marktxxl.de\/markt\/wp-content\/uploads\/sites\/3\/2020\/12\/logo.png","contentUrl":"https:\/\/marktxxl.de\/markt\/wp-content\/uploads\/sites\/3\/2020\/12\/logo.png","width":200,"height":70,"caption":"Markt-XXL"},"image":{"@id":"https:\/\/marktxxl.de\/markt\/#\/schema\/logo\/image\/"}}]}},"_links":{"self":[{"href":"https:\/\/marktxxl.de\/markt\/wp-json\/wp\/v2\/product\/173060","targetHints":{"allow":["GET"]}}],"collection":[{"href":"https:\/\/marktxxl.de\/markt\/wp-json\/wp\/v2\/product"}],"about":[{"href":"https:\/\/marktxxl.de\/markt\/wp-json\/wp\/v2\/types\/product"}],"replies":[{"embeddable":true,"href":"https:\/\/marktxxl.de\/markt\/wp-json\/wp\/v2\/comments?post=173060"}],"wp:featuredmedia":[{"embeddable":true,"href":"https:\/\/marktxxl.de\/markt\/wp-json\/wp\/v2\/media\/173061"}],"wp:attachment":[{"href":"https:\/\/marktxxl.de\/markt\/wp-json\/wp\/v2\/media?parent=173060"}],"wp:term":[{"taxonomy":"product_brand","embeddable":true,"href":"https:\/\/marktxxl.de\/markt\/wp-json\/wp\/v2\/product_brand?post=173060"},{"taxonomy":"product_cat","embeddable":true,"href":"https:\/\/marktxxl.de\/markt\/wp-json\/wp\/v2\/product_cat?post=173060"},{"taxonomy":"product_tag","embeddable":true,"href":"https:\/\/marktxxl.de\/markt\/wp-json\/wp\/v2\/product_tag?post=173060"}],"curies":[{"name":"wp","href":"https:\/\/api.w.org\/{rel}","templated":true}]}}