{"id":173053,"date":"2022-12-11T04:44:20","date_gmt":"2022-12-11T03:44:20","guid":{"rendered":"https:\/\/marktxxl.de\/markt\/produkt\/osasy-deckenlampe-holz-rustikal-esszimmer-hoehenverstellbare-haengelampe-mit-60-cm-holzbalken-haengeleuchte-3-x-e27-max-40-watt-industrielle-pendelleuchte-fuer-esszimmer-kueche-wohnzimmer-bar\/"},"modified":"2023-04-11T05:01:34","modified_gmt":"2023-04-11T03:01:34","slug":"osasy-deckenlampe-holz-rustikal-esszimmer-hoehenverstellbare-haengelampe-mit-60-cm-holzbalken-haengeleuchte-3-x-e27-max-40-watt-industrielle-pendelleuchte-fuer-esszimmer-kueche-wohnzimmer-bar","status":"publish","type":"product","link":"https:\/\/marktxxl.de\/markt\/produkt\/osasy-deckenlampe-holz-rustikal-esszimmer-hoehenverstellbare-haengelampe-mit-60-cm-holzbalken-haengeleuchte-3-x-e27-max-40-watt-industrielle-pendelleuchte-fuer-esszimmer-kueche-wohnzimmer-bar\/","title":{"rendered":"Osasy Deckenlampe holz rustikal Esszimmer H\u00f6henverstellbare H\u00e4ngelampe mit 60 CM Holzbalken, H\u00e4ngeleuchte 3 x E27 max\u2026"},"content":{"rendered":"<p>Rustikal &amp; Vintage Deckenlampe Holz Design: antik H\u00e4ngeleuchte besteht aus einem an zwei Kabel h\u00e4ngenden Kieferholz Holzbalken, Jede einzelne pendelleuchte holz wird von Hand hergestellt und ist in jeder Hinsicht einzigartig. an dem drei Retro-E27-Metallfassung sind. Sie kombiniert rustikalen Charme mit zeitgem\u00e4\u00dfem Stil, um ein markantes St\u00fcck zu schaffen, dass das perfekte Finish f\u00fcr ein Wohn- oder Esszimmer bietet.<br \/>\nFlexibel h\u00f6henverstellbar:deckenleuchte rustikal von bis maximal 142.8cm in der H\u00f6he verstellt werden,so dass sich viel Spielraum f\u00fcr die dekorative Anordnung in verschiedenen H\u00f6hen ergibt.kann die Vertiefung der niedrigen Decke effektiv lindern und Ihren Esszimmer, Wohnzimmer oder andere R\u00e4ume ger\u00e4umiger und heller machen.Bitte BEACHTEN Sie: Aufgrund des begrenzten Platzes der Deckenplatte m\u00fcssen Sie das Kabel abschneiden, eine k\u00fcrzere L\u00e4nge (zwischen 10 cm und 142.8 cm) einstellen m\u00fcssen<br \/>\nMaterial &amp;E27 Fassung :hochwertigen Pendelleuchten Holz und Metall; Holzbalkengr\u00f6\u00dfe: 60*6.5*6.5cm; Deckenplattengr\u00f6\u00dfe: 38.5*8.45*3.5cm; H\u00e4ngende Kabel: 115cm; Fassung: E27(Max. 40W); Art\/Form: l\u00e4nglich; Montageart: Decke; Leuchtmittel inklusive:Nein; (Weiteres: Leuchtmittel austauschbar,mehrflammige Holzlampe mit Smart Home kompatiblen LEDs aus und steuern Sie die Leuchte leicht mit Fernbedienung oder App. Richten Sie die schwenkbaren Fassungen perfekt aus);h\u00e4ngelampe ohne Leuchtmittel.<br \/>\nBequem und praktisch : Aufgrund des einfachen Designs ist die Installation einfacher als Sie denken! Der gesamte Installationsvorgang dauert nicht l\u00e4nger als 15 Minuten.Ob als stylishe H\u00e4ngelampe in gro\u00dfz\u00fcgigen Fluren und Dielen, als zeitgem\u00e4\u00dfes Pendel \u00fcber Ihrem Esstisch in K\u00fcche oder Esszimmer, als Eyecatcher in Ihrem Wohnzimmer oder auch als einladende Designerlampe in \u00f6ffentlichen Bereichen, wie z.B. \u00fcber einer Bar im Restaurant.<br \/>\nQualit\u00e4tssicherung: Osasy wohnzimmer h\u00e4ngeleuchte90-t\u00e4gige sorgenfreie R\u00fcckgabe und Austausch von Produkten sowie 24-monatige Qualit\u00e4tssicherung. Wenn Sie Fragen zu unseren Produkten haben, k\u00f6nnen Sie sich gerne an uns wenden.<br \/>\n<div class=\"main-cross-sell\" data-asin=\"B08MBV39RP\">\n\n\t<div class=\"WooZone-cross-sell-loader\">\n\t\t<div>\n\t\t\t<div id=\"floatingBarsG\">\n\t\t\t\t<div class=\"blockG\" id=\"rotateG_01\"><\/div>\n\t\t\t\t<div class=\"blockG\" id=\"rotateG_02\"><\/div>\n\t\t\t\t<div class=\"blockG\" id=\"rotateG_03\"><\/div>\n\t\t\t\t<div class=\"blockG\" id=\"rotateG_04\"><\/div>\n\t\t\t\t<div class=\"blockG\" id=\"rotateG_05\"><\/div>\n\t\t\t\t<div class=\"blockG\" id=\"rotateG_06\"><\/div>\n\t\t\t\t<div class=\"blockG\" id=\"rotateG_07\"><\/div>\n\t\t\t\t<div class=\"blockG\" id=\"rotateG_08\"><\/div>\n\t\t\t<\/div>\n\t\t\t<div class=\"WooZone-cross-sell-loader-text\"><\/div>\n\t\t<\/div>\n\t<\/div>\n\n\t\t\n<\/div>\n<div style=\"clear:both;\"><\/div><\/p>\n","protected":false},"excerpt":{"rendered":"<p>Rustikal &amp; Vintage Deckenlampe Holz Design: antik H\u00e4ngeleuchte besteht aus einem an zwei Kabel h\u00e4ngenden Kieferholz Holzbalken, Jede einzelne pendelleuchte holz wird von Hand hergestellt und ist in jeder Hinsicht einzigartig. an dem drei Retro-E27-Metallfassung sind. Sie kombiniert rustikalen Charme mit zeitgem\u00e4\u00dfem Stil, um ein markantes St\u00fcck zu schaffen, dass das perfekte Finish f\u00fcr ein Wohn- oder Esszimmer bietet.<br \/>\nFlexibel h\u00f6henverstellbar:deckenleuchte rustikal von bis maximal 142.8cm in der H\u00f6he verstellt werden,so dass sich viel Spielraum f\u00fcr die dekorative Anordnung in verschiedenen H\u00f6hen ergibt.kann die Vertiefung der niedrigen Decke effektiv lindern und Ihren Esszimmer, Wohnzimmer oder andere R\u00e4ume ger\u00e4umiger und heller machen.Bitte BEACHTEN Sie: Aufgrund des begrenzten Platzes der Deckenplatte m\u00fcssen Sie das Kabel abschneiden, eine k\u00fcrzere L\u00e4nge (zwischen 10 cm und 142.8 cm) einstellen m\u00fcssen<br \/>\nMaterial &amp;E27 Fassung :hochwertigen Pendelleuchten Holz und Metall; Holzbalkengr\u00f6\u00dfe: 60*6.5*6.5cm; Deckenplattengr\u00f6\u00dfe: 38.5*8.45*3.5cm; H\u00e4ngende Kabel: 115cm; Fassung: E27(Max. 40W); Art\/Form: l\u00e4nglich; Montageart: Decke; Leuchtmittel inklusive:Nein; (Weiteres: Leuchtmittel austauschbar,mehrflammige Holzlampe mit Smart Home kompatiblen LEDs aus und steuern Sie die Leuchte leicht mit Fernbedienung oder App. Richten Sie die schwenkbaren Fassungen perfekt aus);h\u00e4ngelampe ohne Leuchtmittel.<\/p>\n","protected":false},"featured_media":173054,"comment_status":"open","ping_status":"closed","template":"","meta":[],"product_brand":[],"product_cat":[2108,11509],"product_tag":[],"class_list":{"0":"post-173053","1":"product","2":"type-product","3":"status-publish","4":"has-post-thumbnail","6":"product_cat-beleuchtung","7":"product_cat-innenbeleuchtung","8":"pa_binding-unbekannter-einband","9":"pa_brand-osasy","10":"pa_height-56-2204723836-zoll","11":"pa_length-23-62204722-zoll","12":"pa_manufacturer-new-go","13":"pa_width-5-118110231-zoll","15":"first","16":"instock","17":"shipping-taxable","18":"purchasable","19":"product-type-simple","20":"customify-col","21":"product-has-gallery"},"yoast_head":"<!-- This site is optimized with the Yoast SEO plugin v27.4 - https:\/\/yoast.com\/product\/yoast-seo-wordpress\/ -->\n<title>Osasy Deckenlampe holz rustikal Esszimmer H\u00f6henverstellbare H\u00e4ngelampe mit 60 CM Holzbalken, H\u00e4ngeleuchte 3 x E27 max\u2026 - Markt-XXL<\/title>\n<meta name=\"description\" content=\"Markt-XXL Osasy Deckenlampe holz rustikal Esszimmer H\u00f6henverstellbare H\u00e4ngelampe mit 60 CM Holzbalken, H\u00e4ngeleuchte 3 x E27 max\u2026\" \/>\n<meta name=\"robots\" content=\"index, follow, max-snippet:-1, max-image-preview:large, max-video-preview:-1\" \/>\n<link rel=\"canonical\" href=\"https:\/\/marktxxl.de\/markt\/produkt\/osasy-deckenlampe-holz-rustikal-esszimmer-hoehenverstellbare-haengelampe-mit-60-cm-holzbalken-haengeleuchte-3-x-e27-max-40-watt-industrielle-pendelleuchte-fuer-esszimmer-kueche-wohnzimmer-bar\/\" \/>\n<meta property=\"og:locale\" content=\"de_DE\" \/>\n<meta property=\"og:type\" content=\"article\" \/>\n<meta property=\"og:title\" content=\"Osasy Deckenlampe holz rustikal Esszimmer H\u00f6henverstellbare H\u00e4ngelampe mit 60 CM Holzbalken, H\u00e4ngeleuchte 3 x E27 max\u2026 - Markt-XXL\" \/>\n<meta property=\"og:description\" content=\"Markt-XXL Osasy Deckenlampe holz rustikal Esszimmer H\u00f6henverstellbare H\u00e4ngelampe mit 60 CM Holzbalken, H\u00e4ngeleuchte 3 x E27 max\u2026\" \/>\n<meta property=\"og:url\" content=\"https:\/\/marktxxl.de\/markt\/produkt\/osasy-deckenlampe-holz-rustikal-esszimmer-hoehenverstellbare-haengelampe-mit-60-cm-holzbalken-haengeleuchte-3-x-e27-max-40-watt-industrielle-pendelleuchte-fuer-esszimmer-kueche-wohnzimmer-bar\/\" \/>\n<meta property=\"og:site_name\" content=\"Markt-XXL\" \/>\n<meta property=\"article:modified_time\" content=\"2023-04-11T03:01:34+00:00\" \/>\n<meta property=\"og:image\" content=\"https:\/\/m.media-amazon.com\/images\/I\/41Fsl7Vg3rL._SL500_.jpg\" \/>\n\t<meta property=\"og:image:width\" content=\"500\" \/>\n\t<meta property=\"og:image:height\" content=\"500\" \/>\n\t<meta property=\"og:image:type\" content=\"image\/jpeg\" \/>\n<meta name=\"twitter:card\" content=\"summary_large_image\" \/>\n<meta name=\"twitter:label1\" content=\"Gesch\u00e4tzte Lesezeit\" \/>\n\t<meta name=\"twitter:data1\" content=\"2\u00a0Minuten\" \/>\n<script type=\"application\/ld+json\" class=\"yoast-schema-graph\">{\"@context\":\"https:\\\/\\\/schema.org\",\"@graph\":[{\"@type\":\"WebPage\",\"@id\":\"https:\\\/\\\/marktxxl.de\\\/markt\\\/produkt\\\/osasy-deckenlampe-holz-rustikal-esszimmer-hoehenverstellbare-haengelampe-mit-60-cm-holzbalken-haengeleuchte-3-x-e27-max-40-watt-industrielle-pendelleuchte-fuer-esszimmer-kueche-wohnzimmer-bar\\\/\",\"url\":\"https:\\\/\\\/marktxxl.de\\\/markt\\\/produkt\\\/osasy-deckenlampe-holz-rustikal-esszimmer-hoehenverstellbare-haengelampe-mit-60-cm-holzbalken-haengeleuchte-3-x-e27-max-40-watt-industrielle-pendelleuchte-fuer-esszimmer-kueche-wohnzimmer-bar\\\/\",\"name\":\"Osasy Deckenlampe holz rustikal Esszimmer H\u00f6henverstellbare H\u00e4ngelampe mit 60 CM Holzbalken, H\u00e4ngeleuchte 3 x E27 max\u2026 - Markt-XXL\",\"isPartOf\":{\"@id\":\"https:\\\/\\\/marktxxl.de\\\/markt\\\/#website\"},\"primaryImageOfPage\":{\"@id\":\"https:\\\/\\\/marktxxl.de\\\/markt\\\/produkt\\\/osasy-deckenlampe-holz-rustikal-esszimmer-hoehenverstellbare-haengelampe-mit-60-cm-holzbalken-haengeleuchte-3-x-e27-max-40-watt-industrielle-pendelleuchte-fuer-esszimmer-kueche-wohnzimmer-bar\\\/#primaryimage\"},\"image\":{\"@id\":\"https:\\\/\\\/marktxxl.de\\\/markt\\\/produkt\\\/osasy-deckenlampe-holz-rustikal-esszimmer-hoehenverstellbare-haengelampe-mit-60-cm-holzbalken-haengeleuchte-3-x-e27-max-40-watt-industrielle-pendelleuchte-fuer-esszimmer-kueche-wohnzimmer-bar\\\/#primaryimage\"},\"thumbnailUrl\":\"https:\\\/\\\/m.media-amazon.com\\\/images\\\/I\\\/41Fsl7Vg3rL._SL500_.jpg\",\"datePublished\":\"2022-12-11T03:44:20+00:00\",\"dateModified\":\"2023-04-11T03:01:34+00:00\",\"description\":\"Markt-XXL Osasy Deckenlampe holz rustikal Esszimmer H\u00f6henverstellbare H\u00e4ngelampe mit 60 CM Holzbalken, H\u00e4ngeleuchte 3 x E27 max\u2026\",\"breadcrumb\":{\"@id\":\"https:\\\/\\\/marktxxl.de\\\/markt\\\/produkt\\\/osasy-deckenlampe-holz-rustikal-esszimmer-hoehenverstellbare-haengelampe-mit-60-cm-holzbalken-haengeleuchte-3-x-e27-max-40-watt-industrielle-pendelleuchte-fuer-esszimmer-kueche-wohnzimmer-bar\\\/#breadcrumb\"},\"inLanguage\":\"de\",\"potentialAction\":[{\"@type\":\"ReadAction\",\"target\":[\"https:\\\/\\\/marktxxl.de\\\/markt\\\/produkt\\\/osasy-deckenlampe-holz-rustikal-esszimmer-hoehenverstellbare-haengelampe-mit-60-cm-holzbalken-haengeleuchte-3-x-e27-max-40-watt-industrielle-pendelleuchte-fuer-esszimmer-kueche-wohnzimmer-bar\\\/\"]}]},{\"@type\":\"ImageObject\",\"inLanguage\":\"de\",\"@id\":\"https:\\\/\\\/marktxxl.de\\\/markt\\\/produkt\\\/osasy-deckenlampe-holz-rustikal-esszimmer-hoehenverstellbare-haengelampe-mit-60-cm-holzbalken-haengeleuchte-3-x-e27-max-40-watt-industrielle-pendelleuchte-fuer-esszimmer-kueche-wohnzimmer-bar\\\/#primaryimage\",\"url\":\"https:\\\/\\\/m.media-amazon.com\\\/images\\\/I\\\/41Fsl7Vg3rL._SL500_.jpg\",\"contentUrl\":\"https:\\\/\\\/m.media-amazon.com\\\/images\\\/I\\\/41Fsl7Vg3rL._SL500_.jpg\",\"width\":500,\"height\":500},{\"@type\":\"BreadcrumbList\",\"@id\":\"https:\\\/\\\/marktxxl.de\\\/markt\\\/produkt\\\/osasy-deckenlampe-holz-rustikal-esszimmer-hoehenverstellbare-haengelampe-mit-60-cm-holzbalken-haengeleuchte-3-x-e27-max-40-watt-industrielle-pendelleuchte-fuer-esszimmer-kueche-wohnzimmer-bar\\\/#breadcrumb\",\"itemListElement\":[{\"@type\":\"ListItem\",\"position\":1,\"name\":\"Startseite\",\"item\":\"https:\\\/\\\/marktxxl.de\\\/markt\\\/\"},{\"@type\":\"ListItem\",\"position\":2,\"name\":\"Markt\",\"item\":\"https:\\\/\\\/marktxxl.de\\\/markt\\\/\"},{\"@type\":\"ListItem\",\"position\":3,\"name\":\"Osasy Deckenlampe holz rustikal Esszimmer H\u00f6henverstellbare H\u00e4ngelampe mit 60 CM Holzbalken, H\u00e4ngeleuchte 3 x E27 max\u2026\"}]},{\"@type\":\"WebSite\",\"@id\":\"https:\\\/\\\/marktxxl.de\\\/markt\\\/#website\",\"url\":\"https:\\\/\\\/marktxxl.de\\\/markt\\\/\",\"name\":\"Markt-XXL\",\"description\":\"Ihr Markt Online\",\"publisher\":{\"@id\":\"https:\\\/\\\/marktxxl.de\\\/markt\\\/#organization\"},\"potentialAction\":[{\"@type\":\"SearchAction\",\"target\":{\"@type\":\"EntryPoint\",\"urlTemplate\":\"https:\\\/\\\/marktxxl.de\\\/markt\\\/?s={search_term_string}\"},\"query-input\":{\"@type\":\"PropertyValueSpecification\",\"valueRequired\":true,\"valueName\":\"search_term_string\"}}],\"inLanguage\":\"de\"},{\"@type\":\"Organization\",\"@id\":\"https:\\\/\\\/marktxxl.de\\\/markt\\\/#organization\",\"name\":\"Markt-XXL\",\"url\":\"https:\\\/\\\/marktxxl.de\\\/markt\\\/\",\"logo\":{\"@type\":\"ImageObject\",\"inLanguage\":\"de\",\"@id\":\"https:\\\/\\\/marktxxl.de\\\/markt\\\/#\\\/schema\\\/logo\\\/image\\\/\",\"url\":\"https:\\\/\\\/marktxxl.de\\\/markt\\\/wp-content\\\/uploads\\\/sites\\\/3\\\/2020\\\/12\\\/logo.png\",\"contentUrl\":\"https:\\\/\\\/marktxxl.de\\\/markt\\\/wp-content\\\/uploads\\\/sites\\\/3\\\/2020\\\/12\\\/logo.png\",\"width\":200,\"height\":70,\"caption\":\"Markt-XXL\"},\"image\":{\"@id\":\"https:\\\/\\\/marktxxl.de\\\/markt\\\/#\\\/schema\\\/logo\\\/image\\\/\"}}]}<\/script>\n<!-- \/ Yoast SEO plugin. -->","yoast_head_json":{"title":"Osasy Deckenlampe holz rustikal Esszimmer H\u00f6henverstellbare H\u00e4ngelampe mit 60 CM Holzbalken, H\u00e4ngeleuchte 3 x E27 max\u2026 - Markt-XXL","description":"Markt-XXL Osasy Deckenlampe holz rustikal Esszimmer H\u00f6henverstellbare H\u00e4ngelampe mit 60 CM Holzbalken, H\u00e4ngeleuchte 3 x E27 max\u2026","robots":{"index":"index","follow":"follow","max-snippet":"max-snippet:-1","max-image-preview":"max-image-preview:large","max-video-preview":"max-video-preview:-1"},"canonical":"https:\/\/marktxxl.de\/markt\/produkt\/osasy-deckenlampe-holz-rustikal-esszimmer-hoehenverstellbare-haengelampe-mit-60-cm-holzbalken-haengeleuchte-3-x-e27-max-40-watt-industrielle-pendelleuchte-fuer-esszimmer-kueche-wohnzimmer-bar\/","og_locale":"de_DE","og_type":"article","og_title":"Osasy Deckenlampe holz rustikal Esszimmer H\u00f6henverstellbare H\u00e4ngelampe mit 60 CM Holzbalken, H\u00e4ngeleuchte 3 x E27 max\u2026 - Markt-XXL","og_description":"Markt-XXL Osasy Deckenlampe holz rustikal Esszimmer H\u00f6henverstellbare H\u00e4ngelampe mit 60 CM Holzbalken, H\u00e4ngeleuchte 3 x E27 max\u2026","og_url":"https:\/\/marktxxl.de\/markt\/produkt\/osasy-deckenlampe-holz-rustikal-esszimmer-hoehenverstellbare-haengelampe-mit-60-cm-holzbalken-haengeleuchte-3-x-e27-max-40-watt-industrielle-pendelleuchte-fuer-esszimmer-kueche-wohnzimmer-bar\/","og_site_name":"Markt-XXL","article_modified_time":"2023-04-11T03:01:34+00:00","og_image":[{"width":500,"height":500,"url":"https:\/\/m.media-amazon.com\/images\/I\/41Fsl7Vg3rL._SL500_.jpg","type":"image\/jpeg"}],"twitter_card":"summary_large_image","twitter_misc":{"Gesch\u00e4tzte Lesezeit":"2\u00a0Minuten"},"schema":{"@context":"https:\/\/schema.org","@graph":[{"@type":"WebPage","@id":"https:\/\/marktxxl.de\/markt\/produkt\/osasy-deckenlampe-holz-rustikal-esszimmer-hoehenverstellbare-haengelampe-mit-60-cm-holzbalken-haengeleuchte-3-x-e27-max-40-watt-industrielle-pendelleuchte-fuer-esszimmer-kueche-wohnzimmer-bar\/","url":"https:\/\/marktxxl.de\/markt\/produkt\/osasy-deckenlampe-holz-rustikal-esszimmer-hoehenverstellbare-haengelampe-mit-60-cm-holzbalken-haengeleuchte-3-x-e27-max-40-watt-industrielle-pendelleuchte-fuer-esszimmer-kueche-wohnzimmer-bar\/","name":"Osasy Deckenlampe holz rustikal Esszimmer H\u00f6henverstellbare H\u00e4ngelampe mit 60 CM Holzbalken, H\u00e4ngeleuchte 3 x E27 max\u2026 - Markt-XXL","isPartOf":{"@id":"https:\/\/marktxxl.de\/markt\/#website"},"primaryImageOfPage":{"@id":"https:\/\/marktxxl.de\/markt\/produkt\/osasy-deckenlampe-holz-rustikal-esszimmer-hoehenverstellbare-haengelampe-mit-60-cm-holzbalken-haengeleuchte-3-x-e27-max-40-watt-industrielle-pendelleuchte-fuer-esszimmer-kueche-wohnzimmer-bar\/#primaryimage"},"image":{"@id":"https:\/\/marktxxl.de\/markt\/produkt\/osasy-deckenlampe-holz-rustikal-esszimmer-hoehenverstellbare-haengelampe-mit-60-cm-holzbalken-haengeleuchte-3-x-e27-max-40-watt-industrielle-pendelleuchte-fuer-esszimmer-kueche-wohnzimmer-bar\/#primaryimage"},"thumbnailUrl":"https:\/\/m.media-amazon.com\/images\/I\/41Fsl7Vg3rL._SL500_.jpg","datePublished":"2022-12-11T03:44:20+00:00","dateModified":"2023-04-11T03:01:34+00:00","description":"Markt-XXL Osasy Deckenlampe holz rustikal Esszimmer H\u00f6henverstellbare H\u00e4ngelampe mit 60 CM Holzbalken, H\u00e4ngeleuchte 3 x E27 max\u2026","breadcrumb":{"@id":"https:\/\/marktxxl.de\/markt\/produkt\/osasy-deckenlampe-holz-rustikal-esszimmer-hoehenverstellbare-haengelampe-mit-60-cm-holzbalken-haengeleuchte-3-x-e27-max-40-watt-industrielle-pendelleuchte-fuer-esszimmer-kueche-wohnzimmer-bar\/#breadcrumb"},"inLanguage":"de","potentialAction":[{"@type":"ReadAction","target":["https:\/\/marktxxl.de\/markt\/produkt\/osasy-deckenlampe-holz-rustikal-esszimmer-hoehenverstellbare-haengelampe-mit-60-cm-holzbalken-haengeleuchte-3-x-e27-max-40-watt-industrielle-pendelleuchte-fuer-esszimmer-kueche-wohnzimmer-bar\/"]}]},{"@type":"ImageObject","inLanguage":"de","@id":"https:\/\/marktxxl.de\/markt\/produkt\/osasy-deckenlampe-holz-rustikal-esszimmer-hoehenverstellbare-haengelampe-mit-60-cm-holzbalken-haengeleuchte-3-x-e27-max-40-watt-industrielle-pendelleuchte-fuer-esszimmer-kueche-wohnzimmer-bar\/#primaryimage","url":"https:\/\/m.media-amazon.com\/images\/I\/41Fsl7Vg3rL._SL500_.jpg","contentUrl":"https:\/\/m.media-amazon.com\/images\/I\/41Fsl7Vg3rL._SL500_.jpg","width":500,"height":500},{"@type":"BreadcrumbList","@id":"https:\/\/marktxxl.de\/markt\/produkt\/osasy-deckenlampe-holz-rustikal-esszimmer-hoehenverstellbare-haengelampe-mit-60-cm-holzbalken-haengeleuchte-3-x-e27-max-40-watt-industrielle-pendelleuchte-fuer-esszimmer-kueche-wohnzimmer-bar\/#breadcrumb","itemListElement":[{"@type":"ListItem","position":1,"name":"Startseite","item":"https:\/\/marktxxl.de\/markt\/"},{"@type":"ListItem","position":2,"name":"Markt","item":"https:\/\/marktxxl.de\/markt\/"},{"@type":"ListItem","position":3,"name":"Osasy Deckenlampe holz rustikal Esszimmer H\u00f6henverstellbare H\u00e4ngelampe mit 60 CM Holzbalken, H\u00e4ngeleuchte 3 x E27 max\u2026"}]},{"@type":"WebSite","@id":"https:\/\/marktxxl.de\/markt\/#website","url":"https:\/\/marktxxl.de\/markt\/","name":"Markt-XXL","description":"Ihr Markt Online","publisher":{"@id":"https:\/\/marktxxl.de\/markt\/#organization"},"potentialAction":[{"@type":"SearchAction","target":{"@type":"EntryPoint","urlTemplate":"https:\/\/marktxxl.de\/markt\/?s={search_term_string}"},"query-input":{"@type":"PropertyValueSpecification","valueRequired":true,"valueName":"search_term_string"}}],"inLanguage":"de"},{"@type":"Organization","@id":"https:\/\/marktxxl.de\/markt\/#organization","name":"Markt-XXL","url":"https:\/\/marktxxl.de\/markt\/","logo":{"@type":"ImageObject","inLanguage":"de","@id":"https:\/\/marktxxl.de\/markt\/#\/schema\/logo\/image\/","url":"https:\/\/marktxxl.de\/markt\/wp-content\/uploads\/sites\/3\/2020\/12\/logo.png","contentUrl":"https:\/\/marktxxl.de\/markt\/wp-content\/uploads\/sites\/3\/2020\/12\/logo.png","width":200,"height":70,"caption":"Markt-XXL"},"image":{"@id":"https:\/\/marktxxl.de\/markt\/#\/schema\/logo\/image\/"}}]}},"_links":{"self":[{"href":"https:\/\/marktxxl.de\/markt\/wp-json\/wp\/v2\/product\/173053","targetHints":{"allow":["GET"]}}],"collection":[{"href":"https:\/\/marktxxl.de\/markt\/wp-json\/wp\/v2\/product"}],"about":[{"href":"https:\/\/marktxxl.de\/markt\/wp-json\/wp\/v2\/types\/product"}],"replies":[{"embeddable":true,"href":"https:\/\/marktxxl.de\/markt\/wp-json\/wp\/v2\/comments?post=173053"}],"wp:featuredmedia":[{"embeddable":true,"href":"https:\/\/marktxxl.de\/markt\/wp-json\/wp\/v2\/media\/173054"}],"wp:attachment":[{"href":"https:\/\/marktxxl.de\/markt\/wp-json\/wp\/v2\/media?parent=173053"}],"wp:term":[{"taxonomy":"product_brand","embeddable":true,"href":"https:\/\/marktxxl.de\/markt\/wp-json\/wp\/v2\/product_brand?post=173053"},{"taxonomy":"product_cat","embeddable":true,"href":"https:\/\/marktxxl.de\/markt\/wp-json\/wp\/v2\/product_cat?post=173053"},{"taxonomy":"product_tag","embeddable":true,"href":"https:\/\/marktxxl.de\/markt\/wp-json\/wp\/v2\/product_tag?post=173053"}],"curies":[{"name":"wp","href":"https:\/\/api.w.org\/{rel}","templated":true}]}}