{"id":173042,"date":"2022-12-11T04:44:08","date_gmt":"2022-12-11T03:44:08","guid":{"rendered":"https:\/\/marktxxl.de\/markt\/produkt\/yooshine-nachtlicht-steckdose-mit-bewegungsmelder-innen-2-stueck-30s-60s-automatisches-ein-aus-led-nachtlicht-kinder-dimmbar-nachtlicht-mit-daemmerungssensor-fuer-schlafzimmer-treppen-warmweiss\/"},"modified":"2023-04-11T05:01:34","modified_gmt":"2023-04-11T03:01:34","slug":"yooshine-nachtlicht-steckdose-mit-bewegungsmelder-innen-2-stueck-30s-60s-automatisches-ein-aus-led-nachtlicht-kinder-dimmbar-nachtlicht-mit-daemmerungssensor-fuer-schlafzimmer-treppen-warmweiss","status":"publish","type":"product","link":"https:\/\/marktxxl.de\/markt\/produkt\/yooshine-nachtlicht-steckdose-mit-bewegungsmelder-innen-2-stueck-30s-60s-automatisches-ein-aus-led-nachtlicht-kinder-dimmbar-nachtlicht-mit-daemmerungssensor-fuer-schlafzimmer-treppen-warmweiss\/","title":{"rendered":"YooShine Nachtlicht Steckdose mit Bewegungsmelder Innen 2 St\u00fcck, 30s\/60s automatisches Ein\/Aus LED Steckdosenlampe\u2026"},"content":{"rendered":"<p>\ud83d\udca1Stufenloses Dimmen: Die Helligkeit dieser Nachtlicht Steckdose Kinder ist von niedrig bis hoch (0% &#8211; 100,00%) einstellbar. Nachtlicht hat die OFF-Funktion hinzugef\u00fcgt, die bei l\u00e4ngerer Nichtbenutzung nicht aus der Steckdose genommen werden muss.<br \/>\n\u23f04 Modi:Aus\/Langzeit-Beleuchtung Modus, automatischer Abschaltmodus nach 30\/60s. Dieses Nachtlicht Baby kann auf 3 Beleuchtungsdauermodi eingestellt werden, um unterschiedliche Beleuchtungsanforderungen zu erf\u00fcllen und Strom zu sparen.<br \/>\n\ud83d\udce1Bewegungsmelder &amp; D\u00e4mmerungssensor: Wenn die Umgebung dunkel ist und die Bewegung von Objekten erkannt wird, schaltet sich das Nachtlicht mit Bewegungsmelder Steckdose automatisch ein. Der Erfassungswinkel des Nachtlicht Bewegungsmelders betr\u00e4gt 120 Grad und die Reichweite 3-4 Meter.<br \/>\n\ud83d\udc40Hochwertige Lichtleiterplatte: Die Lichtleiterplatte f\u00fcr Nachtlicht Kinder aus hochwertigem optischem Acryl hat eine gleichm\u00e4\u00dfige Beleuchtung, Energieeinsparung und Umweltschutz, sodass das Licht dieser LED Nachtlicht Steckdose Kinder nat\u00fcrlich und nicht flackert, weich und nicht Blendend, sch\u00fctzt Ihre Augen.<br \/>\n\ud83c\udf81Breite Anwendung: Diese LED Nachtlicht Kinder Steckdose kann in Schlafzimmer, Kinderzimmer, Flur, Treppen, K\u00fcche oder Keller eingesetzt werden. LED Nachtlicht mit Bewegungsmelder Steckdose ist nicht nur Ihre ideale und sichere Beleuchtungswahl, sondern auch als Geschenk f\u00fcr Familie und Freunde geeignet.<br \/>\n<div class=\"main-cross-sell\" data-asin=\"B09WV3YTBG\">\n\n\t<div class=\"WooZone-cross-sell-loader\">\n\t\t<div>\n\t\t\t<div id=\"floatingBarsG\">\n\t\t\t\t<div class=\"blockG\" id=\"rotateG_01\"><\/div>\n\t\t\t\t<div class=\"blockG\" id=\"rotateG_02\"><\/div>\n\t\t\t\t<div class=\"blockG\" id=\"rotateG_03\"><\/div>\n\t\t\t\t<div class=\"blockG\" id=\"rotateG_04\"><\/div>\n\t\t\t\t<div class=\"blockG\" id=\"rotateG_05\"><\/div>\n\t\t\t\t<div class=\"blockG\" id=\"rotateG_06\"><\/div>\n\t\t\t\t<div class=\"blockG\" id=\"rotateG_07\"><\/div>\n\t\t\t\t<div class=\"blockG\" id=\"rotateG_08\"><\/div>\n\t\t\t<\/div>\n\t\t\t<div class=\"WooZone-cross-sell-loader-text\"><\/div>\n\t\t<\/div>\n\t<\/div>\n\n\t\t\n<\/div>\n<div style=\"clear:both;\"><\/div><\/p>\n","protected":false},"excerpt":{"rendered":"<p>\ud83d\udca1Stufenloses Dimmen: Die Helligkeit dieser Nachtlicht Steckdose Kinder ist von niedrig bis hoch (0% &#8211; 100,00%) einstellbar. Nachtlicht hat die OFF-Funktion hinzugef\u00fcgt, die bei l\u00e4ngerer Nichtbenutzung nicht aus der Steckdose genommen werden muss.<br \/>\n\u23f04 Modi:Aus\/Langzeit-Beleuchtung Modus, automatischer Abschaltmodus nach 30\/60s. Dieses Nachtlicht Baby kann auf 3 Beleuchtungsdauermodi eingestellt werden, um unterschiedliche Beleuchtungsanforderungen zu erf\u00fcllen und Strom zu sparen.<br \/>\n\ud83d\udce1Bewegungsmelder &amp; D\u00e4mmerungssensor: Wenn die Umgebung dunkel ist und die Bewegung von Objekten erkannt wird, schaltet sich das Nachtlicht mit Bewegungsmelder Steckdose automatisch ein. Der Erfassungswinkel des Nachtlicht Bewegungsmelders betr\u00e4gt 120 Grad und die Reichweite 3-4 Meter.<\/p>\n","protected":false},"featured_media":173043,"comment_status":"open","ping_status":"closed","template":"","meta":[],"product_brand":[],"product_cat":[2108,11509],"product_tag":[],"class_list":{"0":"post-173042","1":"product","2":"type-product","3":"status-publish","4":"has-post-thumbnail","6":"product_cat-beleuchtung","7":"product_cat-innenbeleuchtung","8":"pa_brand-yooshine","9":"pa_height-3-543307083-zoll","10":"pa_length-2-6377952729-zoll","11":"pa_manufacturer-yooshine","12":"pa_model-25199","13":"pa_width-2-5590551155-zoll","15":"first","16":"instock","17":"shipping-taxable","18":"purchasable","19":"product-type-simple","20":"customify-col","21":"product-has-gallery"},"yoast_head":"<!-- This site is optimized with the Yoast SEO plugin v27.4 - https:\/\/yoast.com\/product\/yoast-seo-wordpress\/ -->\n<title>YooShine Nachtlicht Steckdose mit Bewegungsmelder Innen 2 St\u00fcck, 30s\/60s automatisches Ein\/Aus LED Steckdosenlampe\u2026 - Markt-XXL<\/title>\n<meta name=\"description\" content=\"Markt-XXL YooShine Nachtlicht Steckdose mit Bewegungsmelder Innen 2 St\u00fcck, 30s\/60s automatisches Ein\/Aus LED Steckdosenlampe\u2026\" \/>\n<meta name=\"robots\" content=\"index, follow, max-snippet:-1, max-image-preview:large, max-video-preview:-1\" \/>\n<link rel=\"canonical\" href=\"https:\/\/marktxxl.de\/markt\/produkt\/yooshine-nachtlicht-steckdose-mit-bewegungsmelder-innen-2-stueck-30s-60s-automatisches-ein-aus-led-nachtlicht-kinder-dimmbar-nachtlicht-mit-daemmerungssensor-fuer-schlafzimmer-treppen-warmweiss\/\" \/>\n<meta property=\"og:locale\" content=\"de_DE\" \/>\n<meta property=\"og:type\" content=\"article\" \/>\n<meta property=\"og:title\" content=\"YooShine Nachtlicht Steckdose mit Bewegungsmelder Innen 2 St\u00fcck, 30s\/60s automatisches Ein\/Aus LED Steckdosenlampe\u2026 - Markt-XXL\" \/>\n<meta property=\"og:description\" content=\"Markt-XXL YooShine Nachtlicht Steckdose mit Bewegungsmelder Innen 2 St\u00fcck, 30s\/60s automatisches Ein\/Aus LED Steckdosenlampe\u2026\" \/>\n<meta property=\"og:url\" content=\"https:\/\/marktxxl.de\/markt\/produkt\/yooshine-nachtlicht-steckdose-mit-bewegungsmelder-innen-2-stueck-30s-60s-automatisches-ein-aus-led-nachtlicht-kinder-dimmbar-nachtlicht-mit-daemmerungssensor-fuer-schlafzimmer-treppen-warmweiss\/\" \/>\n<meta property=\"og:site_name\" content=\"Markt-XXL\" \/>\n<meta property=\"article:modified_time\" content=\"2023-04-11T03:01:34+00:00\" \/>\n<meta property=\"og:image\" content=\"https:\/\/m.media-amazon.com\/images\/I\/31TVWvBBF3L._SL500_.jpg\" \/>\n\t<meta property=\"og:image:width\" content=\"500\" \/>\n\t<meta property=\"og:image:height\" content=\"500\" \/>\n\t<meta property=\"og:image:type\" content=\"image\/jpeg\" \/>\n<meta name=\"twitter:card\" content=\"summary_large_image\" \/>\n<meta name=\"twitter:label1\" content=\"Gesch\u00e4tzte Lesezeit\" \/>\n\t<meta name=\"twitter:data1\" content=\"1\u00a0Minute\" \/>\n<script type=\"application\/ld+json\" class=\"yoast-schema-graph\">{\"@context\":\"https:\\\/\\\/schema.org\",\"@graph\":[{\"@type\":\"WebPage\",\"@id\":\"https:\\\/\\\/marktxxl.de\\\/markt\\\/produkt\\\/yooshine-nachtlicht-steckdose-mit-bewegungsmelder-innen-2-stueck-30s-60s-automatisches-ein-aus-led-nachtlicht-kinder-dimmbar-nachtlicht-mit-daemmerungssensor-fuer-schlafzimmer-treppen-warmweiss\\\/\",\"url\":\"https:\\\/\\\/marktxxl.de\\\/markt\\\/produkt\\\/yooshine-nachtlicht-steckdose-mit-bewegungsmelder-innen-2-stueck-30s-60s-automatisches-ein-aus-led-nachtlicht-kinder-dimmbar-nachtlicht-mit-daemmerungssensor-fuer-schlafzimmer-treppen-warmweiss\\\/\",\"name\":\"YooShine Nachtlicht Steckdose mit Bewegungsmelder Innen 2 St\u00fcck, 30s\\\/60s automatisches Ein\\\/Aus LED Steckdosenlampe\u2026 - Markt-XXL\",\"isPartOf\":{\"@id\":\"https:\\\/\\\/marktxxl.de\\\/markt\\\/#website\"},\"primaryImageOfPage\":{\"@id\":\"https:\\\/\\\/marktxxl.de\\\/markt\\\/produkt\\\/yooshine-nachtlicht-steckdose-mit-bewegungsmelder-innen-2-stueck-30s-60s-automatisches-ein-aus-led-nachtlicht-kinder-dimmbar-nachtlicht-mit-daemmerungssensor-fuer-schlafzimmer-treppen-warmweiss\\\/#primaryimage\"},\"image\":{\"@id\":\"https:\\\/\\\/marktxxl.de\\\/markt\\\/produkt\\\/yooshine-nachtlicht-steckdose-mit-bewegungsmelder-innen-2-stueck-30s-60s-automatisches-ein-aus-led-nachtlicht-kinder-dimmbar-nachtlicht-mit-daemmerungssensor-fuer-schlafzimmer-treppen-warmweiss\\\/#primaryimage\"},\"thumbnailUrl\":\"https:\\\/\\\/m.media-amazon.com\\\/images\\\/I\\\/31TVWvBBF3L._SL500_.jpg\",\"datePublished\":\"2022-12-11T03:44:08+00:00\",\"dateModified\":\"2023-04-11T03:01:34+00:00\",\"description\":\"Markt-XXL YooShine Nachtlicht Steckdose mit Bewegungsmelder Innen 2 St\u00fcck, 30s\\\/60s automatisches Ein\\\/Aus LED Steckdosenlampe\u2026\",\"breadcrumb\":{\"@id\":\"https:\\\/\\\/marktxxl.de\\\/markt\\\/produkt\\\/yooshine-nachtlicht-steckdose-mit-bewegungsmelder-innen-2-stueck-30s-60s-automatisches-ein-aus-led-nachtlicht-kinder-dimmbar-nachtlicht-mit-daemmerungssensor-fuer-schlafzimmer-treppen-warmweiss\\\/#breadcrumb\"},\"inLanguage\":\"de\",\"potentialAction\":[{\"@type\":\"ReadAction\",\"target\":[\"https:\\\/\\\/marktxxl.de\\\/markt\\\/produkt\\\/yooshine-nachtlicht-steckdose-mit-bewegungsmelder-innen-2-stueck-30s-60s-automatisches-ein-aus-led-nachtlicht-kinder-dimmbar-nachtlicht-mit-daemmerungssensor-fuer-schlafzimmer-treppen-warmweiss\\\/\"]}]},{\"@type\":\"ImageObject\",\"inLanguage\":\"de\",\"@id\":\"https:\\\/\\\/marktxxl.de\\\/markt\\\/produkt\\\/yooshine-nachtlicht-steckdose-mit-bewegungsmelder-innen-2-stueck-30s-60s-automatisches-ein-aus-led-nachtlicht-kinder-dimmbar-nachtlicht-mit-daemmerungssensor-fuer-schlafzimmer-treppen-warmweiss\\\/#primaryimage\",\"url\":\"https:\\\/\\\/m.media-amazon.com\\\/images\\\/I\\\/31TVWvBBF3L._SL500_.jpg\",\"contentUrl\":\"https:\\\/\\\/m.media-amazon.com\\\/images\\\/I\\\/31TVWvBBF3L._SL500_.jpg\",\"width\":500,\"height\":500},{\"@type\":\"BreadcrumbList\",\"@id\":\"https:\\\/\\\/marktxxl.de\\\/markt\\\/produkt\\\/yooshine-nachtlicht-steckdose-mit-bewegungsmelder-innen-2-stueck-30s-60s-automatisches-ein-aus-led-nachtlicht-kinder-dimmbar-nachtlicht-mit-daemmerungssensor-fuer-schlafzimmer-treppen-warmweiss\\\/#breadcrumb\",\"itemListElement\":[{\"@type\":\"ListItem\",\"position\":1,\"name\":\"Startseite\",\"item\":\"https:\\\/\\\/marktxxl.de\\\/markt\\\/\"},{\"@type\":\"ListItem\",\"position\":2,\"name\":\"Markt\",\"item\":\"https:\\\/\\\/marktxxl.de\\\/markt\\\/\"},{\"@type\":\"ListItem\",\"position\":3,\"name\":\"YooShine Nachtlicht Steckdose mit Bewegungsmelder Innen 2 St\u00fcck, 30s\\\/60s automatisches Ein\\\/Aus LED Steckdosenlampe\u2026\"}]},{\"@type\":\"WebSite\",\"@id\":\"https:\\\/\\\/marktxxl.de\\\/markt\\\/#website\",\"url\":\"https:\\\/\\\/marktxxl.de\\\/markt\\\/\",\"name\":\"Markt-XXL\",\"description\":\"Ihr Markt Online\",\"publisher\":{\"@id\":\"https:\\\/\\\/marktxxl.de\\\/markt\\\/#organization\"},\"potentialAction\":[{\"@type\":\"SearchAction\",\"target\":{\"@type\":\"EntryPoint\",\"urlTemplate\":\"https:\\\/\\\/marktxxl.de\\\/markt\\\/?s={search_term_string}\"},\"query-input\":{\"@type\":\"PropertyValueSpecification\",\"valueRequired\":true,\"valueName\":\"search_term_string\"}}],\"inLanguage\":\"de\"},{\"@type\":\"Organization\",\"@id\":\"https:\\\/\\\/marktxxl.de\\\/markt\\\/#organization\",\"name\":\"Markt-XXL\",\"url\":\"https:\\\/\\\/marktxxl.de\\\/markt\\\/\",\"logo\":{\"@type\":\"ImageObject\",\"inLanguage\":\"de\",\"@id\":\"https:\\\/\\\/marktxxl.de\\\/markt\\\/#\\\/schema\\\/logo\\\/image\\\/\",\"url\":\"https:\\\/\\\/marktxxl.de\\\/markt\\\/wp-content\\\/uploads\\\/sites\\\/3\\\/2020\\\/12\\\/logo.png\",\"contentUrl\":\"https:\\\/\\\/marktxxl.de\\\/markt\\\/wp-content\\\/uploads\\\/sites\\\/3\\\/2020\\\/12\\\/logo.png\",\"width\":200,\"height\":70,\"caption\":\"Markt-XXL\"},\"image\":{\"@id\":\"https:\\\/\\\/marktxxl.de\\\/markt\\\/#\\\/schema\\\/logo\\\/image\\\/\"}}]}<\/script>\n<!-- \/ Yoast SEO plugin. -->","yoast_head_json":{"title":"YooShine Nachtlicht Steckdose mit Bewegungsmelder Innen 2 St\u00fcck, 30s\/60s automatisches Ein\/Aus LED Steckdosenlampe\u2026 - Markt-XXL","description":"Markt-XXL YooShine Nachtlicht Steckdose mit Bewegungsmelder Innen 2 St\u00fcck, 30s\/60s automatisches Ein\/Aus LED Steckdosenlampe\u2026","robots":{"index":"index","follow":"follow","max-snippet":"max-snippet:-1","max-image-preview":"max-image-preview:large","max-video-preview":"max-video-preview:-1"},"canonical":"https:\/\/marktxxl.de\/markt\/produkt\/yooshine-nachtlicht-steckdose-mit-bewegungsmelder-innen-2-stueck-30s-60s-automatisches-ein-aus-led-nachtlicht-kinder-dimmbar-nachtlicht-mit-daemmerungssensor-fuer-schlafzimmer-treppen-warmweiss\/","og_locale":"de_DE","og_type":"article","og_title":"YooShine Nachtlicht Steckdose mit Bewegungsmelder Innen 2 St\u00fcck, 30s\/60s automatisches Ein\/Aus LED Steckdosenlampe\u2026 - Markt-XXL","og_description":"Markt-XXL YooShine Nachtlicht Steckdose mit Bewegungsmelder Innen 2 St\u00fcck, 30s\/60s automatisches Ein\/Aus LED Steckdosenlampe\u2026","og_url":"https:\/\/marktxxl.de\/markt\/produkt\/yooshine-nachtlicht-steckdose-mit-bewegungsmelder-innen-2-stueck-30s-60s-automatisches-ein-aus-led-nachtlicht-kinder-dimmbar-nachtlicht-mit-daemmerungssensor-fuer-schlafzimmer-treppen-warmweiss\/","og_site_name":"Markt-XXL","article_modified_time":"2023-04-11T03:01:34+00:00","og_image":[{"width":500,"height":500,"url":"https:\/\/m.media-amazon.com\/images\/I\/31TVWvBBF3L._SL500_.jpg","type":"image\/jpeg"}],"twitter_card":"summary_large_image","twitter_misc":{"Gesch\u00e4tzte Lesezeit":"1\u00a0Minute"},"schema":{"@context":"https:\/\/schema.org","@graph":[{"@type":"WebPage","@id":"https:\/\/marktxxl.de\/markt\/produkt\/yooshine-nachtlicht-steckdose-mit-bewegungsmelder-innen-2-stueck-30s-60s-automatisches-ein-aus-led-nachtlicht-kinder-dimmbar-nachtlicht-mit-daemmerungssensor-fuer-schlafzimmer-treppen-warmweiss\/","url":"https:\/\/marktxxl.de\/markt\/produkt\/yooshine-nachtlicht-steckdose-mit-bewegungsmelder-innen-2-stueck-30s-60s-automatisches-ein-aus-led-nachtlicht-kinder-dimmbar-nachtlicht-mit-daemmerungssensor-fuer-schlafzimmer-treppen-warmweiss\/","name":"YooShine Nachtlicht Steckdose mit Bewegungsmelder Innen 2 St\u00fcck, 30s\/60s automatisches Ein\/Aus LED Steckdosenlampe\u2026 - Markt-XXL","isPartOf":{"@id":"https:\/\/marktxxl.de\/markt\/#website"},"primaryImageOfPage":{"@id":"https:\/\/marktxxl.de\/markt\/produkt\/yooshine-nachtlicht-steckdose-mit-bewegungsmelder-innen-2-stueck-30s-60s-automatisches-ein-aus-led-nachtlicht-kinder-dimmbar-nachtlicht-mit-daemmerungssensor-fuer-schlafzimmer-treppen-warmweiss\/#primaryimage"},"image":{"@id":"https:\/\/marktxxl.de\/markt\/produkt\/yooshine-nachtlicht-steckdose-mit-bewegungsmelder-innen-2-stueck-30s-60s-automatisches-ein-aus-led-nachtlicht-kinder-dimmbar-nachtlicht-mit-daemmerungssensor-fuer-schlafzimmer-treppen-warmweiss\/#primaryimage"},"thumbnailUrl":"https:\/\/m.media-amazon.com\/images\/I\/31TVWvBBF3L._SL500_.jpg","datePublished":"2022-12-11T03:44:08+00:00","dateModified":"2023-04-11T03:01:34+00:00","description":"Markt-XXL YooShine Nachtlicht Steckdose mit Bewegungsmelder Innen 2 St\u00fcck, 30s\/60s automatisches Ein\/Aus LED Steckdosenlampe\u2026","breadcrumb":{"@id":"https:\/\/marktxxl.de\/markt\/produkt\/yooshine-nachtlicht-steckdose-mit-bewegungsmelder-innen-2-stueck-30s-60s-automatisches-ein-aus-led-nachtlicht-kinder-dimmbar-nachtlicht-mit-daemmerungssensor-fuer-schlafzimmer-treppen-warmweiss\/#breadcrumb"},"inLanguage":"de","potentialAction":[{"@type":"ReadAction","target":["https:\/\/marktxxl.de\/markt\/produkt\/yooshine-nachtlicht-steckdose-mit-bewegungsmelder-innen-2-stueck-30s-60s-automatisches-ein-aus-led-nachtlicht-kinder-dimmbar-nachtlicht-mit-daemmerungssensor-fuer-schlafzimmer-treppen-warmweiss\/"]}]},{"@type":"ImageObject","inLanguage":"de","@id":"https:\/\/marktxxl.de\/markt\/produkt\/yooshine-nachtlicht-steckdose-mit-bewegungsmelder-innen-2-stueck-30s-60s-automatisches-ein-aus-led-nachtlicht-kinder-dimmbar-nachtlicht-mit-daemmerungssensor-fuer-schlafzimmer-treppen-warmweiss\/#primaryimage","url":"https:\/\/m.media-amazon.com\/images\/I\/31TVWvBBF3L._SL500_.jpg","contentUrl":"https:\/\/m.media-amazon.com\/images\/I\/31TVWvBBF3L._SL500_.jpg","width":500,"height":500},{"@type":"BreadcrumbList","@id":"https:\/\/marktxxl.de\/markt\/produkt\/yooshine-nachtlicht-steckdose-mit-bewegungsmelder-innen-2-stueck-30s-60s-automatisches-ein-aus-led-nachtlicht-kinder-dimmbar-nachtlicht-mit-daemmerungssensor-fuer-schlafzimmer-treppen-warmweiss\/#breadcrumb","itemListElement":[{"@type":"ListItem","position":1,"name":"Startseite","item":"https:\/\/marktxxl.de\/markt\/"},{"@type":"ListItem","position":2,"name":"Markt","item":"https:\/\/marktxxl.de\/markt\/"},{"@type":"ListItem","position":3,"name":"YooShine Nachtlicht Steckdose mit Bewegungsmelder Innen 2 St\u00fcck, 30s\/60s automatisches Ein\/Aus LED Steckdosenlampe\u2026"}]},{"@type":"WebSite","@id":"https:\/\/marktxxl.de\/markt\/#website","url":"https:\/\/marktxxl.de\/markt\/","name":"Markt-XXL","description":"Ihr Markt Online","publisher":{"@id":"https:\/\/marktxxl.de\/markt\/#organization"},"potentialAction":[{"@type":"SearchAction","target":{"@type":"EntryPoint","urlTemplate":"https:\/\/marktxxl.de\/markt\/?s={search_term_string}"},"query-input":{"@type":"PropertyValueSpecification","valueRequired":true,"valueName":"search_term_string"}}],"inLanguage":"de"},{"@type":"Organization","@id":"https:\/\/marktxxl.de\/markt\/#organization","name":"Markt-XXL","url":"https:\/\/marktxxl.de\/markt\/","logo":{"@type":"ImageObject","inLanguage":"de","@id":"https:\/\/marktxxl.de\/markt\/#\/schema\/logo\/image\/","url":"https:\/\/marktxxl.de\/markt\/wp-content\/uploads\/sites\/3\/2020\/12\/logo.png","contentUrl":"https:\/\/marktxxl.de\/markt\/wp-content\/uploads\/sites\/3\/2020\/12\/logo.png","width":200,"height":70,"caption":"Markt-XXL"},"image":{"@id":"https:\/\/marktxxl.de\/markt\/#\/schema\/logo\/image\/"}}]}},"_links":{"self":[{"href":"https:\/\/marktxxl.de\/markt\/wp-json\/wp\/v2\/product\/173042","targetHints":{"allow":["GET"]}}],"collection":[{"href":"https:\/\/marktxxl.de\/markt\/wp-json\/wp\/v2\/product"}],"about":[{"href":"https:\/\/marktxxl.de\/markt\/wp-json\/wp\/v2\/types\/product"}],"replies":[{"embeddable":true,"href":"https:\/\/marktxxl.de\/markt\/wp-json\/wp\/v2\/comments?post=173042"}],"wp:featuredmedia":[{"embeddable":true,"href":"https:\/\/marktxxl.de\/markt\/wp-json\/wp\/v2\/media\/173043"}],"wp:attachment":[{"href":"https:\/\/marktxxl.de\/markt\/wp-json\/wp\/v2\/media?parent=173042"}],"wp:term":[{"taxonomy":"product_brand","embeddable":true,"href":"https:\/\/marktxxl.de\/markt\/wp-json\/wp\/v2\/product_brand?post=173042"},{"taxonomy":"product_cat","embeddable":true,"href":"https:\/\/marktxxl.de\/markt\/wp-json\/wp\/v2\/product_cat?post=173042"},{"taxonomy":"product_tag","embeddable":true,"href":"https:\/\/marktxxl.de\/markt\/wp-json\/wp\/v2\/product_tag?post=173042"}],"curies":[{"name":"wp","href":"https:\/\/api.w.org\/{rel}","templated":true}]}}