{"id":172838,"date":"2022-12-11T04:35:04","date_gmt":"2022-12-11T03:35:04","guid":{"rendered":"https:\/\/marktxxl.de\/markt\/produkt\/jonathan-y-jyl7409a-virginia-64-cm-3-licht-metall-glas-led-traditionelle-klassische-waschtischlampefuer-eingangsbereich-lobby-kueche-badezimmer-schlafzimmer-wohnzimmer-flur-chrom\/"},"modified":"2023-04-11T05:01:23","modified_gmt":"2023-04-11T03:01:23","slug":"jonathan-y-jyl7409a-virginia-64-cm-3-licht-metall-glas-led-traditionelle-klassische-waschtischlampefuer-eingangsbereich-lobby-kueche-badezimmer-schlafzimmer-wohnzimmer-flur-chrom","status":"publish","type":"product","link":"https:\/\/marktxxl.de\/markt\/produkt\/jonathan-y-jyl7409a-virginia-64-cm-3-licht-metall-glas-led-traditionelle-klassische-waschtischlampefuer-eingangsbereich-lobby-kueche-badezimmer-schlafzimmer-wohnzimmer-flur-chrom\/","title":{"rendered":"JONATHAN Y JYL7409A Virginia 64 cm 3-Licht Metall\/Glas LED Traditionelle Klassische Waschtischlampe,f\u00fcr Eingangsbereich\u2026"},"content":{"rendered":"<p>Strukturiertes Glas und poliertes Chrom erg\u00e4nzen eine schicke, klassische Kombination f\u00fcr dieses Schminklicht<br \/>\nBen\u00f6tigt drei Gl\u00fchbirnen und ist kompatibel mit einer 9-W-LED oder 40W-Typ &#8220;A&#8221; oder 13W CFL<br \/>\nUmweltfreundliches 4W LED Leuchtmittel inklusive<br \/>\nDa diese Leuchte fest verdrahtet werden muss, empfehlen wir eine professionelle Elektriker-Installation.<br \/>\nMit einem Hauch von Textur auf dem Glasschirm, um die Blendung der Gl\u00fchbirne zu verwischen. Diese elegante Lichtleuchte ist perfekt f\u00fcr ein Badezimmer oder einen Schminkbereich, der hell, aber nicht raus, Licht erfordert. \u00dcber einem Spiegel oder Schminktisch finden Sie dieses stilvolle St\u00fcck die perfekte Erg\u00e4nzung f\u00fcr Ihr morgendliches Make-up, da es mit einer Vielzahl von Gl\u00fchbirnen kompatibel ist. Auch in jedem Einrichtungsstil vielseitig einsetzbar, wir lieben es vor allem in B\u00e4dern und K\u00fcchen, wo der Lichtbogen an die Kurve eines sch\u00f6nen Wasserhahns erinnert.<br \/>\n<div class=\"main-cross-sell\" data-asin=\"B07GY3M491\">\n\n\t<div class=\"WooZone-cross-sell-loader\">\n\t\t<div>\n\t\t\t<div id=\"floatingBarsG\">\n\t\t\t\t<div class=\"blockG\" id=\"rotateG_01\"><\/div>\n\t\t\t\t<div class=\"blockG\" id=\"rotateG_02\"><\/div>\n\t\t\t\t<div class=\"blockG\" id=\"rotateG_03\"><\/div>\n\t\t\t\t<div class=\"blockG\" id=\"rotateG_04\"><\/div>\n\t\t\t\t<div class=\"blockG\" id=\"rotateG_05\"><\/div>\n\t\t\t\t<div class=\"blockG\" id=\"rotateG_06\"><\/div>\n\t\t\t\t<div class=\"blockG\" id=\"rotateG_07\"><\/div>\n\t\t\t\t<div class=\"blockG\" id=\"rotateG_08\"><\/div>\n\t\t\t<\/div>\n\t\t\t<div class=\"WooZone-cross-sell-loader-text\"><\/div>\n\t\t<\/div>\n\t<\/div>\n\n\t\t\n<\/div>\n<div style=\"clear:both;\"><\/div><\/p>\n","protected":false},"excerpt":{"rendered":"<p>Strukturiertes Glas und poliertes Chrom erg\u00e4nzen eine schicke, klassische Kombination f\u00fcr dieses Schminklicht<br \/>\nBen\u00f6tigt drei Gl\u00fchbirnen und ist kompatibel mit einer 9-W-LED oder 40W-Typ &#8220;A&#8221; oder 13W CFL<br \/>\nUmweltfreundliches 4W LED Leuchtmittel inklusive<\/p>\n","protected":false},"featured_media":172839,"comment_status":"open","ping_status":"closed","template":"","meta":[],"product_brand":[],"product_cat":[11474,2108],"product_tag":[],"class_list":{"0":"post-172838","1":"product","2":"type-product","3":"status-publish","4":"has-post-thumbnail","6":"product_cat-bad-beleuchtung","7":"product_cat-beleuchtung","8":"pa_binding-werkzeug","9":"pa_brand-jonathan-y","10":"pa_color-chrome-clear","11":"pa_height-9-zoll","12":"pa_length-25-25-zoll","13":"pa_manufacturer-jonathan-y","14":"pa_model-jyl7409a","15":"pa_weight-8-14-pfund","16":"pa_width-9-5-zoll","18":"first","19":"instock","20":"shipping-taxable","21":"purchasable","22":"product-type-simple","23":"customify-col","24":"product-has-gallery"},"yoast_head":"<!-- This site is optimized with the Yoast SEO plugin v27.4 - https:\/\/yoast.com\/product\/yoast-seo-wordpress\/ -->\n<title>JONATHAN Y JYL7409A Virginia 64 cm 3-Licht Metall\/Glas LED Traditionelle Klassische Waschtischlampe,f\u00fcr Eingangsbereich\u2026 - Markt-XXL<\/title>\n<meta name=\"description\" content=\"Markt-XXL JONATHAN Y JYL7409A Virginia 64 cm 3-Licht Metall\/Glas LED Traditionelle Klassische Waschtischlampe,f\u00fcr Eingangsbereich\u2026\" \/>\n<meta name=\"robots\" content=\"index, follow, max-snippet:-1, max-image-preview:large, max-video-preview:-1\" \/>\n<link rel=\"canonical\" href=\"https:\/\/marktxxl.de\/markt\/produkt\/jonathan-y-jyl7409a-virginia-64-cm-3-licht-metall-glas-led-traditionelle-klassische-waschtischlampefuer-eingangsbereich-lobby-kueche-badezimmer-schlafzimmer-wohnzimmer-flur-chrom\/\" \/>\n<meta property=\"og:locale\" content=\"de_DE\" \/>\n<meta property=\"og:type\" content=\"article\" \/>\n<meta property=\"og:title\" content=\"JONATHAN Y JYL7409A Virginia 64 cm 3-Licht Metall\/Glas LED Traditionelle Klassische Waschtischlampe,f\u00fcr Eingangsbereich\u2026 - Markt-XXL\" \/>\n<meta property=\"og:description\" content=\"Markt-XXL JONATHAN Y JYL7409A Virginia 64 cm 3-Licht Metall\/Glas LED Traditionelle Klassische Waschtischlampe,f\u00fcr Eingangsbereich\u2026\" \/>\n<meta property=\"og:url\" content=\"https:\/\/marktxxl.de\/markt\/produkt\/jonathan-y-jyl7409a-virginia-64-cm-3-licht-metall-glas-led-traditionelle-klassische-waschtischlampefuer-eingangsbereich-lobby-kueche-badezimmer-schlafzimmer-wohnzimmer-flur-chrom\/\" \/>\n<meta property=\"og:site_name\" content=\"Markt-XXL\" \/>\n<meta property=\"article:modified_time\" content=\"2023-04-11T03:01:23+00:00\" \/>\n<meta property=\"og:image\" content=\"https:\/\/m.media-amazon.com\/images\/I\/41wAlG44TLL._SL500_.jpg\" \/>\n\t<meta property=\"og:image:width\" content=\"500\" \/>\n\t<meta property=\"og:image:height\" content=\"500\" \/>\n\t<meta property=\"og:image:type\" content=\"image\/jpeg\" \/>\n<meta name=\"twitter:card\" content=\"summary_large_image\" \/>\n<meta name=\"twitter:label1\" content=\"Gesch\u00e4tzte Lesezeit\" \/>\n\t<meta name=\"twitter:data1\" content=\"1\u00a0Minute\" \/>\n<script type=\"application\/ld+json\" class=\"yoast-schema-graph\">{\"@context\":\"https:\\\/\\\/schema.org\",\"@graph\":[{\"@type\":\"WebPage\",\"@id\":\"https:\\\/\\\/marktxxl.de\\\/markt\\\/produkt\\\/jonathan-y-jyl7409a-virginia-64-cm-3-licht-metall-glas-led-traditionelle-klassische-waschtischlampefuer-eingangsbereich-lobby-kueche-badezimmer-schlafzimmer-wohnzimmer-flur-chrom\\\/\",\"url\":\"https:\\\/\\\/marktxxl.de\\\/markt\\\/produkt\\\/jonathan-y-jyl7409a-virginia-64-cm-3-licht-metall-glas-led-traditionelle-klassische-waschtischlampefuer-eingangsbereich-lobby-kueche-badezimmer-schlafzimmer-wohnzimmer-flur-chrom\\\/\",\"name\":\"JONATHAN Y JYL7409A Virginia 64 cm 3-Licht Metall\\\/Glas LED Traditionelle Klassische Waschtischlampe,f\u00fcr Eingangsbereich\u2026 - Markt-XXL\",\"isPartOf\":{\"@id\":\"https:\\\/\\\/marktxxl.de\\\/markt\\\/#website\"},\"primaryImageOfPage\":{\"@id\":\"https:\\\/\\\/marktxxl.de\\\/markt\\\/produkt\\\/jonathan-y-jyl7409a-virginia-64-cm-3-licht-metall-glas-led-traditionelle-klassische-waschtischlampefuer-eingangsbereich-lobby-kueche-badezimmer-schlafzimmer-wohnzimmer-flur-chrom\\\/#primaryimage\"},\"image\":{\"@id\":\"https:\\\/\\\/marktxxl.de\\\/markt\\\/produkt\\\/jonathan-y-jyl7409a-virginia-64-cm-3-licht-metall-glas-led-traditionelle-klassische-waschtischlampefuer-eingangsbereich-lobby-kueche-badezimmer-schlafzimmer-wohnzimmer-flur-chrom\\\/#primaryimage\"},\"thumbnailUrl\":\"https:\\\/\\\/m.media-amazon.com\\\/images\\\/I\\\/41wAlG44TLL._SL500_.jpg\",\"datePublished\":\"2022-12-11T03:35:04+00:00\",\"dateModified\":\"2023-04-11T03:01:23+00:00\",\"description\":\"Markt-XXL JONATHAN Y JYL7409A Virginia 64 cm 3-Licht Metall\\\/Glas LED Traditionelle Klassische Waschtischlampe,f\u00fcr Eingangsbereich\u2026\",\"breadcrumb\":{\"@id\":\"https:\\\/\\\/marktxxl.de\\\/markt\\\/produkt\\\/jonathan-y-jyl7409a-virginia-64-cm-3-licht-metall-glas-led-traditionelle-klassische-waschtischlampefuer-eingangsbereich-lobby-kueche-badezimmer-schlafzimmer-wohnzimmer-flur-chrom\\\/#breadcrumb\"},\"inLanguage\":\"de\",\"potentialAction\":[{\"@type\":\"ReadAction\",\"target\":[\"https:\\\/\\\/marktxxl.de\\\/markt\\\/produkt\\\/jonathan-y-jyl7409a-virginia-64-cm-3-licht-metall-glas-led-traditionelle-klassische-waschtischlampefuer-eingangsbereich-lobby-kueche-badezimmer-schlafzimmer-wohnzimmer-flur-chrom\\\/\"]}]},{\"@type\":\"ImageObject\",\"inLanguage\":\"de\",\"@id\":\"https:\\\/\\\/marktxxl.de\\\/markt\\\/produkt\\\/jonathan-y-jyl7409a-virginia-64-cm-3-licht-metall-glas-led-traditionelle-klassische-waschtischlampefuer-eingangsbereich-lobby-kueche-badezimmer-schlafzimmer-wohnzimmer-flur-chrom\\\/#primaryimage\",\"url\":\"https:\\\/\\\/m.media-amazon.com\\\/images\\\/I\\\/41wAlG44TLL._SL500_.jpg\",\"contentUrl\":\"https:\\\/\\\/m.media-amazon.com\\\/images\\\/I\\\/41wAlG44TLL._SL500_.jpg\",\"width\":500,\"height\":500},{\"@type\":\"BreadcrumbList\",\"@id\":\"https:\\\/\\\/marktxxl.de\\\/markt\\\/produkt\\\/jonathan-y-jyl7409a-virginia-64-cm-3-licht-metall-glas-led-traditionelle-klassische-waschtischlampefuer-eingangsbereich-lobby-kueche-badezimmer-schlafzimmer-wohnzimmer-flur-chrom\\\/#breadcrumb\",\"itemListElement\":[{\"@type\":\"ListItem\",\"position\":1,\"name\":\"Startseite\",\"item\":\"https:\\\/\\\/marktxxl.de\\\/markt\\\/\"},{\"@type\":\"ListItem\",\"position\":2,\"name\":\"Markt\",\"item\":\"https:\\\/\\\/marktxxl.de\\\/markt\\\/\"},{\"@type\":\"ListItem\",\"position\":3,\"name\":\"JONATHAN Y JYL7409A Virginia 64 cm 3-Licht Metall\\\/Glas LED Traditionelle Klassische Waschtischlampe,f\u00fcr Eingangsbereich\u2026\"}]},{\"@type\":\"WebSite\",\"@id\":\"https:\\\/\\\/marktxxl.de\\\/markt\\\/#website\",\"url\":\"https:\\\/\\\/marktxxl.de\\\/markt\\\/\",\"name\":\"Markt-XXL\",\"description\":\"Ihr Markt Online\",\"publisher\":{\"@id\":\"https:\\\/\\\/marktxxl.de\\\/markt\\\/#organization\"},\"potentialAction\":[{\"@type\":\"SearchAction\",\"target\":{\"@type\":\"EntryPoint\",\"urlTemplate\":\"https:\\\/\\\/marktxxl.de\\\/markt\\\/?s={search_term_string}\"},\"query-input\":{\"@type\":\"PropertyValueSpecification\",\"valueRequired\":true,\"valueName\":\"search_term_string\"}}],\"inLanguage\":\"de\"},{\"@type\":\"Organization\",\"@id\":\"https:\\\/\\\/marktxxl.de\\\/markt\\\/#organization\",\"name\":\"Markt-XXL\",\"url\":\"https:\\\/\\\/marktxxl.de\\\/markt\\\/\",\"logo\":{\"@type\":\"ImageObject\",\"inLanguage\":\"de\",\"@id\":\"https:\\\/\\\/marktxxl.de\\\/markt\\\/#\\\/schema\\\/logo\\\/image\\\/\",\"url\":\"https:\\\/\\\/marktxxl.de\\\/markt\\\/wp-content\\\/uploads\\\/sites\\\/3\\\/2020\\\/12\\\/logo.png\",\"contentUrl\":\"https:\\\/\\\/marktxxl.de\\\/markt\\\/wp-content\\\/uploads\\\/sites\\\/3\\\/2020\\\/12\\\/logo.png\",\"width\":200,\"height\":70,\"caption\":\"Markt-XXL\"},\"image\":{\"@id\":\"https:\\\/\\\/marktxxl.de\\\/markt\\\/#\\\/schema\\\/logo\\\/image\\\/\"}}]}<\/script>\n<!-- \/ Yoast SEO plugin. -->","yoast_head_json":{"title":"JONATHAN Y JYL7409A Virginia 64 cm 3-Licht Metall\/Glas LED Traditionelle Klassische Waschtischlampe,f\u00fcr Eingangsbereich\u2026 - Markt-XXL","description":"Markt-XXL JONATHAN Y JYL7409A Virginia 64 cm 3-Licht Metall\/Glas LED Traditionelle Klassische Waschtischlampe,f\u00fcr Eingangsbereich\u2026","robots":{"index":"index","follow":"follow","max-snippet":"max-snippet:-1","max-image-preview":"max-image-preview:large","max-video-preview":"max-video-preview:-1"},"canonical":"https:\/\/marktxxl.de\/markt\/produkt\/jonathan-y-jyl7409a-virginia-64-cm-3-licht-metall-glas-led-traditionelle-klassische-waschtischlampefuer-eingangsbereich-lobby-kueche-badezimmer-schlafzimmer-wohnzimmer-flur-chrom\/","og_locale":"de_DE","og_type":"article","og_title":"JONATHAN Y JYL7409A Virginia 64 cm 3-Licht Metall\/Glas LED Traditionelle Klassische Waschtischlampe,f\u00fcr Eingangsbereich\u2026 - Markt-XXL","og_description":"Markt-XXL JONATHAN Y JYL7409A Virginia 64 cm 3-Licht Metall\/Glas LED Traditionelle Klassische Waschtischlampe,f\u00fcr Eingangsbereich\u2026","og_url":"https:\/\/marktxxl.de\/markt\/produkt\/jonathan-y-jyl7409a-virginia-64-cm-3-licht-metall-glas-led-traditionelle-klassische-waschtischlampefuer-eingangsbereich-lobby-kueche-badezimmer-schlafzimmer-wohnzimmer-flur-chrom\/","og_site_name":"Markt-XXL","article_modified_time":"2023-04-11T03:01:23+00:00","og_image":[{"width":500,"height":500,"url":"https:\/\/m.media-amazon.com\/images\/I\/41wAlG44TLL._SL500_.jpg","type":"image\/jpeg"}],"twitter_card":"summary_large_image","twitter_misc":{"Gesch\u00e4tzte Lesezeit":"1\u00a0Minute"},"schema":{"@context":"https:\/\/schema.org","@graph":[{"@type":"WebPage","@id":"https:\/\/marktxxl.de\/markt\/produkt\/jonathan-y-jyl7409a-virginia-64-cm-3-licht-metall-glas-led-traditionelle-klassische-waschtischlampefuer-eingangsbereich-lobby-kueche-badezimmer-schlafzimmer-wohnzimmer-flur-chrom\/","url":"https:\/\/marktxxl.de\/markt\/produkt\/jonathan-y-jyl7409a-virginia-64-cm-3-licht-metall-glas-led-traditionelle-klassische-waschtischlampefuer-eingangsbereich-lobby-kueche-badezimmer-schlafzimmer-wohnzimmer-flur-chrom\/","name":"JONATHAN Y JYL7409A Virginia 64 cm 3-Licht Metall\/Glas LED Traditionelle Klassische Waschtischlampe,f\u00fcr Eingangsbereich\u2026 - Markt-XXL","isPartOf":{"@id":"https:\/\/marktxxl.de\/markt\/#website"},"primaryImageOfPage":{"@id":"https:\/\/marktxxl.de\/markt\/produkt\/jonathan-y-jyl7409a-virginia-64-cm-3-licht-metall-glas-led-traditionelle-klassische-waschtischlampefuer-eingangsbereich-lobby-kueche-badezimmer-schlafzimmer-wohnzimmer-flur-chrom\/#primaryimage"},"image":{"@id":"https:\/\/marktxxl.de\/markt\/produkt\/jonathan-y-jyl7409a-virginia-64-cm-3-licht-metall-glas-led-traditionelle-klassische-waschtischlampefuer-eingangsbereich-lobby-kueche-badezimmer-schlafzimmer-wohnzimmer-flur-chrom\/#primaryimage"},"thumbnailUrl":"https:\/\/m.media-amazon.com\/images\/I\/41wAlG44TLL._SL500_.jpg","datePublished":"2022-12-11T03:35:04+00:00","dateModified":"2023-04-11T03:01:23+00:00","description":"Markt-XXL JONATHAN Y JYL7409A Virginia 64 cm 3-Licht Metall\/Glas LED Traditionelle Klassische Waschtischlampe,f\u00fcr Eingangsbereich\u2026","breadcrumb":{"@id":"https:\/\/marktxxl.de\/markt\/produkt\/jonathan-y-jyl7409a-virginia-64-cm-3-licht-metall-glas-led-traditionelle-klassische-waschtischlampefuer-eingangsbereich-lobby-kueche-badezimmer-schlafzimmer-wohnzimmer-flur-chrom\/#breadcrumb"},"inLanguage":"de","potentialAction":[{"@type":"ReadAction","target":["https:\/\/marktxxl.de\/markt\/produkt\/jonathan-y-jyl7409a-virginia-64-cm-3-licht-metall-glas-led-traditionelle-klassische-waschtischlampefuer-eingangsbereich-lobby-kueche-badezimmer-schlafzimmer-wohnzimmer-flur-chrom\/"]}]},{"@type":"ImageObject","inLanguage":"de","@id":"https:\/\/marktxxl.de\/markt\/produkt\/jonathan-y-jyl7409a-virginia-64-cm-3-licht-metall-glas-led-traditionelle-klassische-waschtischlampefuer-eingangsbereich-lobby-kueche-badezimmer-schlafzimmer-wohnzimmer-flur-chrom\/#primaryimage","url":"https:\/\/m.media-amazon.com\/images\/I\/41wAlG44TLL._SL500_.jpg","contentUrl":"https:\/\/m.media-amazon.com\/images\/I\/41wAlG44TLL._SL500_.jpg","width":500,"height":500},{"@type":"BreadcrumbList","@id":"https:\/\/marktxxl.de\/markt\/produkt\/jonathan-y-jyl7409a-virginia-64-cm-3-licht-metall-glas-led-traditionelle-klassische-waschtischlampefuer-eingangsbereich-lobby-kueche-badezimmer-schlafzimmer-wohnzimmer-flur-chrom\/#breadcrumb","itemListElement":[{"@type":"ListItem","position":1,"name":"Startseite","item":"https:\/\/marktxxl.de\/markt\/"},{"@type":"ListItem","position":2,"name":"Markt","item":"https:\/\/marktxxl.de\/markt\/"},{"@type":"ListItem","position":3,"name":"JONATHAN Y JYL7409A Virginia 64 cm 3-Licht Metall\/Glas LED Traditionelle Klassische Waschtischlampe,f\u00fcr Eingangsbereich\u2026"}]},{"@type":"WebSite","@id":"https:\/\/marktxxl.de\/markt\/#website","url":"https:\/\/marktxxl.de\/markt\/","name":"Markt-XXL","description":"Ihr Markt Online","publisher":{"@id":"https:\/\/marktxxl.de\/markt\/#organization"},"potentialAction":[{"@type":"SearchAction","target":{"@type":"EntryPoint","urlTemplate":"https:\/\/marktxxl.de\/markt\/?s={search_term_string}"},"query-input":{"@type":"PropertyValueSpecification","valueRequired":true,"valueName":"search_term_string"}}],"inLanguage":"de"},{"@type":"Organization","@id":"https:\/\/marktxxl.de\/markt\/#organization","name":"Markt-XXL","url":"https:\/\/marktxxl.de\/markt\/","logo":{"@type":"ImageObject","inLanguage":"de","@id":"https:\/\/marktxxl.de\/markt\/#\/schema\/logo\/image\/","url":"https:\/\/marktxxl.de\/markt\/wp-content\/uploads\/sites\/3\/2020\/12\/logo.png","contentUrl":"https:\/\/marktxxl.de\/markt\/wp-content\/uploads\/sites\/3\/2020\/12\/logo.png","width":200,"height":70,"caption":"Markt-XXL"},"image":{"@id":"https:\/\/marktxxl.de\/markt\/#\/schema\/logo\/image\/"}}]}},"_links":{"self":[{"href":"https:\/\/marktxxl.de\/markt\/wp-json\/wp\/v2\/product\/172838","targetHints":{"allow":["GET"]}}],"collection":[{"href":"https:\/\/marktxxl.de\/markt\/wp-json\/wp\/v2\/product"}],"about":[{"href":"https:\/\/marktxxl.de\/markt\/wp-json\/wp\/v2\/types\/product"}],"replies":[{"embeddable":true,"href":"https:\/\/marktxxl.de\/markt\/wp-json\/wp\/v2\/comments?post=172838"}],"wp:featuredmedia":[{"embeddable":true,"href":"https:\/\/marktxxl.de\/markt\/wp-json\/wp\/v2\/media\/172839"}],"wp:attachment":[{"href":"https:\/\/marktxxl.de\/markt\/wp-json\/wp\/v2\/media?parent=172838"}],"wp:term":[{"taxonomy":"product_brand","embeddable":true,"href":"https:\/\/marktxxl.de\/markt\/wp-json\/wp\/v2\/product_brand?post=172838"},{"taxonomy":"product_cat","embeddable":true,"href":"https:\/\/marktxxl.de\/markt\/wp-json\/wp\/v2\/product_cat?post=172838"},{"taxonomy":"product_tag","embeddable":true,"href":"https:\/\/marktxxl.de\/markt\/wp-json\/wp\/v2\/product_tag?post=172838"}],"curies":[{"name":"wp","href":"https:\/\/api.w.org\/{rel}","templated":true}]}}