{"id":172700,"date":"2022-12-11T04:26:40","date_gmt":"2022-12-11T03:26:40","guid":{"rendered":"https:\/\/marktxxl.de\/markt\/produkt\/spotted-zebra-disney-marvel-star-wars-frozen-princess-maedchen-fleece-kapuzenpullis-mit-reissverschluss\/"},"modified":"2023-04-11T05:00:35","modified_gmt":"2023-04-11T03:00:35","slug":"spotted-zebra-disney-marvel-star-wars-frozen-princess-maedchen-fleece-kapuzenpullis-mit-reissverschluss","status":"publish","type":"product","link":"https:\/\/marktxxl.de\/markt\/produkt\/spotted-zebra-disney-marvel-star-wars-frozen-princess-maedchen-fleece-kapuzenpullis-mit-reissverschluss\/","title":{"rendered":"Amazon Essentials Disney | Marvel | Star Wars | Frozen | Princess M\u00e4dchen Fleece-Kapuzenpullis mit Rei\u00dfverschluss"},"content":{"rendered":"<p>Super-Style-Kr\u00e4fte vereinen. Spotted Zebra hat sich mit Disney, Star Wars und Marvel zusammengetan, um die niedlichste, total mutige Kinderkleidung zum Sammeln zu kreieren. Nur bei Amazon.<br \/>\nEin verspielter Druck und weiche Baumwolle machen diesen Kapuzenpulli mit durchgehendem Rei\u00dfverschluss zu einer lustigen Wahl f\u00fcr den Alltag.<br \/>\nK\u00e4ngurutasche, gef\u00fctterte Kapuze, gerippte B\u00fcndchen und Saum<br \/>\nOffizielles Disney Lizenzprodukt<br \/>\nBitte beachten Sie, dass das Gr\u00f6\u00dfenetikett am inneren Halsausschnitt in Ihrem Kleidungsst\u00fcck der Marken-\/Herstellergr\u00f6\u00dfe entspricht. Bitte verwenden Sie die Gr\u00f6\u00dfentabellen auf der Produktdetailseite, um die entsprechende Gr\u00f6\u00dfe zu finden.<br \/>\n<div class=\"main-cross-sell\" data-asin=\"B07ZZKKVTQ\">\n\n\t<div class=\"WooZone-cross-sell-loader\">\n\t\t<div>\n\t\t\t<div id=\"floatingBarsG\">\n\t\t\t\t<div class=\"blockG\" id=\"rotateG_01\"><\/div>\n\t\t\t\t<div class=\"blockG\" id=\"rotateG_02\"><\/div>\n\t\t\t\t<div class=\"blockG\" id=\"rotateG_03\"><\/div>\n\t\t\t\t<div class=\"blockG\" id=\"rotateG_04\"><\/div>\n\t\t\t\t<div class=\"blockG\" id=\"rotateG_05\"><\/div>\n\t\t\t\t<div class=\"blockG\" id=\"rotateG_06\"><\/div>\n\t\t\t\t<div class=\"blockG\" id=\"rotateG_07\"><\/div>\n\t\t\t\t<div class=\"blockG\" id=\"rotateG_08\"><\/div>\n\t\t\t<\/div>\n\t\t\t<div class=\"WooZone-cross-sell-loader-text\"><\/div>\n\t\t<\/div>\n\t<\/div>\n\n\t\t\n<\/div>\n<div style=\"clear:both;\"><\/div><\/p>\n","protected":false},"excerpt":{"rendered":"<p>Super-Style-Kr\u00e4fte vereinen. Spotted Zebra hat sich mit Disney, Star Wars und Marvel zusammengetan, um die niedlichste, total mutige Kinderkleidung zum Sammeln zu kreieren. Nur bei Amazon.<br \/>\nEin verspielter Druck und weiche Baumwolle machen diesen Kapuzenpulli mit durchgehendem Rei\u00dfverschluss zu einer lustigen Wahl f\u00fcr den Alltag.<br \/>\nK\u00e4ngurutasche, gef\u00fctterte Kapuze, gerippte B\u00fcndchen und Saum<\/p>\n","protected":false},"featured_media":172701,"comment_status":"open","ping_status":"closed","template":"","meta":[],"product_brand":[],"product_cat":[1186,3990],"product_tag":[],"class_list":{"0":"post-172700","1":"product","2":"type-product","3":"status-publish","4":"has-post-thumbnail","6":"product_cat-bekleidung","7":"product_cat-maedchen","8":"pa_binding-textilien","9":"pa_brand-spotted-zebra","10":"pa_color-weiss","11":"pa_edition-acd","12":"pa_manufacturer-spotted-zebra","13":"pa_model-gsz50006sp18","15":"first","16":"instock","17":"shipping-taxable","18":"purchasable","19":"product-type-simple","20":"customify-col","21":"product-has-gallery"},"yoast_head":"<!-- This site is optimized with the Yoast SEO plugin v27.3 - https:\/\/yoast.com\/product\/yoast-seo-wordpress\/ -->\n<title>Amazon Essentials Disney | Marvel | Star Wars | Frozen | Princess M\u00e4dchen Fleece-Kapuzenpullis mit Rei\u00dfverschluss - Markt-XXL<\/title>\n<meta name=\"description\" content=\"Markt-XXL Amazon Essentials Disney | Marvel | Star Wars | Frozen | Princess M\u00e4dchen Fleece-Kapuzenpullis mit Rei\u00dfverschluss\" \/>\n<meta name=\"robots\" content=\"index, follow, max-snippet:-1, max-image-preview:large, max-video-preview:-1\" \/>\n<link rel=\"canonical\" href=\"https:\/\/marktxxl.de\/markt\/produkt\/spotted-zebra-disney-marvel-star-wars-frozen-princess-maedchen-fleece-kapuzenpullis-mit-reissverschluss\/\" \/>\n<meta property=\"og:locale\" content=\"de_DE\" \/>\n<meta property=\"og:type\" content=\"article\" \/>\n<meta property=\"og:title\" content=\"Amazon Essentials Disney | Marvel | Star Wars | Frozen | Princess M\u00e4dchen Fleece-Kapuzenpullis mit Rei\u00dfverschluss - Markt-XXL\" \/>\n<meta property=\"og:description\" content=\"Markt-XXL Amazon Essentials Disney | Marvel | Star Wars | Frozen | Princess M\u00e4dchen Fleece-Kapuzenpullis mit Rei\u00dfverschluss\" \/>\n<meta property=\"og:url\" content=\"https:\/\/marktxxl.de\/markt\/produkt\/spotted-zebra-disney-marvel-star-wars-frozen-princess-maedchen-fleece-kapuzenpullis-mit-reissverschluss\/\" \/>\n<meta property=\"og:site_name\" content=\"Markt-XXL\" \/>\n<meta property=\"article:modified_time\" content=\"2023-04-11T03:00:35+00:00\" \/>\n<meta property=\"og:image\" content=\"https:\/\/m.media-amazon.com\/images\/I\/51yh-jE6UOL._SL500_.jpg\" \/>\n\t<meta property=\"og:image:width\" content=\"500\" \/>\n\t<meta property=\"og:image:height\" content=\"430\" \/>\n\t<meta property=\"og:image:type\" content=\"image\/jpeg\" \/>\n<meta name=\"twitter:card\" content=\"summary_large_image\" \/>\n<meta name=\"twitter:label1\" content=\"Gesch\u00e4tzte Lesezeit\" \/>\n\t<meta name=\"twitter:data1\" content=\"1\u00a0Minute\" \/>\n<script type=\"application\/ld+json\" class=\"yoast-schema-graph\">{\"@context\":\"https:\\\/\\\/schema.org\",\"@graph\":[{\"@type\":\"WebPage\",\"@id\":\"https:\\\/\\\/marktxxl.de\\\/markt\\\/produkt\\\/spotted-zebra-disney-marvel-star-wars-frozen-princess-maedchen-fleece-kapuzenpullis-mit-reissverschluss\\\/\",\"url\":\"https:\\\/\\\/marktxxl.de\\\/markt\\\/produkt\\\/spotted-zebra-disney-marvel-star-wars-frozen-princess-maedchen-fleece-kapuzenpullis-mit-reissverschluss\\\/\",\"name\":\"Amazon Essentials Disney | Marvel | Star Wars | Frozen | Princess M\u00e4dchen Fleece-Kapuzenpullis mit Rei\u00dfverschluss - Markt-XXL\",\"isPartOf\":{\"@id\":\"https:\\\/\\\/marktxxl.de\\\/markt\\\/#website\"},\"primaryImageOfPage\":{\"@id\":\"https:\\\/\\\/marktxxl.de\\\/markt\\\/produkt\\\/spotted-zebra-disney-marvel-star-wars-frozen-princess-maedchen-fleece-kapuzenpullis-mit-reissverschluss\\\/#primaryimage\"},\"image\":{\"@id\":\"https:\\\/\\\/marktxxl.de\\\/markt\\\/produkt\\\/spotted-zebra-disney-marvel-star-wars-frozen-princess-maedchen-fleece-kapuzenpullis-mit-reissverschluss\\\/#primaryimage\"},\"thumbnailUrl\":\"https:\\\/\\\/m.media-amazon.com\\\/images\\\/I\\\/51yh-jE6UOL._SL500_.jpg\",\"datePublished\":\"2022-12-11T03:26:40+00:00\",\"dateModified\":\"2023-04-11T03:00:35+00:00\",\"description\":\"Markt-XXL Amazon Essentials Disney | Marvel | Star Wars | Frozen | Princess M\u00e4dchen Fleece-Kapuzenpullis mit Rei\u00dfverschluss\",\"breadcrumb\":{\"@id\":\"https:\\\/\\\/marktxxl.de\\\/markt\\\/produkt\\\/spotted-zebra-disney-marvel-star-wars-frozen-princess-maedchen-fleece-kapuzenpullis-mit-reissverschluss\\\/#breadcrumb\"},\"inLanguage\":\"de\",\"potentialAction\":[{\"@type\":\"ReadAction\",\"target\":[\"https:\\\/\\\/marktxxl.de\\\/markt\\\/produkt\\\/spotted-zebra-disney-marvel-star-wars-frozen-princess-maedchen-fleece-kapuzenpullis-mit-reissverschluss\\\/\"]}]},{\"@type\":\"ImageObject\",\"inLanguage\":\"de\",\"@id\":\"https:\\\/\\\/marktxxl.de\\\/markt\\\/produkt\\\/spotted-zebra-disney-marvel-star-wars-frozen-princess-maedchen-fleece-kapuzenpullis-mit-reissverschluss\\\/#primaryimage\",\"url\":\"https:\\\/\\\/m.media-amazon.com\\\/images\\\/I\\\/51yh-jE6UOL._SL500_.jpg\",\"contentUrl\":\"https:\\\/\\\/m.media-amazon.com\\\/images\\\/I\\\/51yh-jE6UOL._SL500_.jpg\",\"width\":500,\"height\":430},{\"@type\":\"BreadcrumbList\",\"@id\":\"https:\\\/\\\/marktxxl.de\\\/markt\\\/produkt\\\/spotted-zebra-disney-marvel-star-wars-frozen-princess-maedchen-fleece-kapuzenpullis-mit-reissverschluss\\\/#breadcrumb\",\"itemListElement\":[{\"@type\":\"ListItem\",\"position\":1,\"name\":\"Startseite\",\"item\":\"https:\\\/\\\/marktxxl.de\\\/markt\\\/\"},{\"@type\":\"ListItem\",\"position\":2,\"name\":\"Markt\",\"item\":\"https:\\\/\\\/marktxxl.de\\\/markt\\\/\"},{\"@type\":\"ListItem\",\"position\":3,\"name\":\"Amazon Essentials Disney | Marvel | Star Wars | Frozen | Princess M\u00e4dchen Fleece-Kapuzenpullis mit Rei\u00dfverschluss\"}]},{\"@type\":\"WebSite\",\"@id\":\"https:\\\/\\\/marktxxl.de\\\/markt\\\/#website\",\"url\":\"https:\\\/\\\/marktxxl.de\\\/markt\\\/\",\"name\":\"Markt-XXL\",\"description\":\"Ihr Markt Online\",\"publisher\":{\"@id\":\"https:\\\/\\\/marktxxl.de\\\/markt\\\/#organization\"},\"potentialAction\":[{\"@type\":\"SearchAction\",\"target\":{\"@type\":\"EntryPoint\",\"urlTemplate\":\"https:\\\/\\\/marktxxl.de\\\/markt\\\/?s={search_term_string}\"},\"query-input\":{\"@type\":\"PropertyValueSpecification\",\"valueRequired\":true,\"valueName\":\"search_term_string\"}}],\"inLanguage\":\"de\"},{\"@type\":\"Organization\",\"@id\":\"https:\\\/\\\/marktxxl.de\\\/markt\\\/#organization\",\"name\":\"Markt-XXL\",\"url\":\"https:\\\/\\\/marktxxl.de\\\/markt\\\/\",\"logo\":{\"@type\":\"ImageObject\",\"inLanguage\":\"de\",\"@id\":\"https:\\\/\\\/marktxxl.de\\\/markt\\\/#\\\/schema\\\/logo\\\/image\\\/\",\"url\":\"https:\\\/\\\/marktxxl.de\\\/markt\\\/wp-content\\\/uploads\\\/sites\\\/3\\\/2020\\\/12\\\/logo.png\",\"contentUrl\":\"https:\\\/\\\/marktxxl.de\\\/markt\\\/wp-content\\\/uploads\\\/sites\\\/3\\\/2020\\\/12\\\/logo.png\",\"width\":200,\"height\":70,\"caption\":\"Markt-XXL\"},\"image\":{\"@id\":\"https:\\\/\\\/marktxxl.de\\\/markt\\\/#\\\/schema\\\/logo\\\/image\\\/\"}}]}<\/script>\n<!-- \/ Yoast SEO plugin. -->","yoast_head_json":{"title":"Amazon Essentials Disney | Marvel | Star Wars | Frozen | Princess M\u00e4dchen Fleece-Kapuzenpullis mit Rei\u00dfverschluss - Markt-XXL","description":"Markt-XXL Amazon Essentials Disney | Marvel | Star Wars | Frozen | Princess M\u00e4dchen Fleece-Kapuzenpullis mit Rei\u00dfverschluss","robots":{"index":"index","follow":"follow","max-snippet":"max-snippet:-1","max-image-preview":"max-image-preview:large","max-video-preview":"max-video-preview:-1"},"canonical":"https:\/\/marktxxl.de\/markt\/produkt\/spotted-zebra-disney-marvel-star-wars-frozen-princess-maedchen-fleece-kapuzenpullis-mit-reissverschluss\/","og_locale":"de_DE","og_type":"article","og_title":"Amazon Essentials Disney | Marvel | Star Wars | Frozen | Princess M\u00e4dchen Fleece-Kapuzenpullis mit Rei\u00dfverschluss - Markt-XXL","og_description":"Markt-XXL Amazon Essentials Disney | Marvel | Star Wars | Frozen | Princess M\u00e4dchen Fleece-Kapuzenpullis mit Rei\u00dfverschluss","og_url":"https:\/\/marktxxl.de\/markt\/produkt\/spotted-zebra-disney-marvel-star-wars-frozen-princess-maedchen-fleece-kapuzenpullis-mit-reissverschluss\/","og_site_name":"Markt-XXL","article_modified_time":"2023-04-11T03:00:35+00:00","og_image":[{"width":500,"height":430,"url":"https:\/\/m.media-amazon.com\/images\/I\/51yh-jE6UOL._SL500_.jpg","type":"image\/jpeg"}],"twitter_card":"summary_large_image","twitter_misc":{"Gesch\u00e4tzte Lesezeit":"1\u00a0Minute"},"schema":{"@context":"https:\/\/schema.org","@graph":[{"@type":"WebPage","@id":"https:\/\/marktxxl.de\/markt\/produkt\/spotted-zebra-disney-marvel-star-wars-frozen-princess-maedchen-fleece-kapuzenpullis-mit-reissverschluss\/","url":"https:\/\/marktxxl.de\/markt\/produkt\/spotted-zebra-disney-marvel-star-wars-frozen-princess-maedchen-fleece-kapuzenpullis-mit-reissverschluss\/","name":"Amazon Essentials Disney | Marvel | Star Wars | Frozen | Princess M\u00e4dchen Fleece-Kapuzenpullis mit Rei\u00dfverschluss - Markt-XXL","isPartOf":{"@id":"https:\/\/marktxxl.de\/markt\/#website"},"primaryImageOfPage":{"@id":"https:\/\/marktxxl.de\/markt\/produkt\/spotted-zebra-disney-marvel-star-wars-frozen-princess-maedchen-fleece-kapuzenpullis-mit-reissverschluss\/#primaryimage"},"image":{"@id":"https:\/\/marktxxl.de\/markt\/produkt\/spotted-zebra-disney-marvel-star-wars-frozen-princess-maedchen-fleece-kapuzenpullis-mit-reissverschluss\/#primaryimage"},"thumbnailUrl":"https:\/\/m.media-amazon.com\/images\/I\/51yh-jE6UOL._SL500_.jpg","datePublished":"2022-12-11T03:26:40+00:00","dateModified":"2023-04-11T03:00:35+00:00","description":"Markt-XXL Amazon Essentials Disney | Marvel | Star Wars | Frozen | Princess M\u00e4dchen Fleece-Kapuzenpullis mit Rei\u00dfverschluss","breadcrumb":{"@id":"https:\/\/marktxxl.de\/markt\/produkt\/spotted-zebra-disney-marvel-star-wars-frozen-princess-maedchen-fleece-kapuzenpullis-mit-reissverschluss\/#breadcrumb"},"inLanguage":"de","potentialAction":[{"@type":"ReadAction","target":["https:\/\/marktxxl.de\/markt\/produkt\/spotted-zebra-disney-marvel-star-wars-frozen-princess-maedchen-fleece-kapuzenpullis-mit-reissverschluss\/"]}]},{"@type":"ImageObject","inLanguage":"de","@id":"https:\/\/marktxxl.de\/markt\/produkt\/spotted-zebra-disney-marvel-star-wars-frozen-princess-maedchen-fleece-kapuzenpullis-mit-reissverschluss\/#primaryimage","url":"https:\/\/m.media-amazon.com\/images\/I\/51yh-jE6UOL._SL500_.jpg","contentUrl":"https:\/\/m.media-amazon.com\/images\/I\/51yh-jE6UOL._SL500_.jpg","width":500,"height":430},{"@type":"BreadcrumbList","@id":"https:\/\/marktxxl.de\/markt\/produkt\/spotted-zebra-disney-marvel-star-wars-frozen-princess-maedchen-fleece-kapuzenpullis-mit-reissverschluss\/#breadcrumb","itemListElement":[{"@type":"ListItem","position":1,"name":"Startseite","item":"https:\/\/marktxxl.de\/markt\/"},{"@type":"ListItem","position":2,"name":"Markt","item":"https:\/\/marktxxl.de\/markt\/"},{"@type":"ListItem","position":3,"name":"Amazon Essentials Disney | Marvel | Star Wars | Frozen | Princess M\u00e4dchen Fleece-Kapuzenpullis mit Rei\u00dfverschluss"}]},{"@type":"WebSite","@id":"https:\/\/marktxxl.de\/markt\/#website","url":"https:\/\/marktxxl.de\/markt\/","name":"Markt-XXL","description":"Ihr Markt Online","publisher":{"@id":"https:\/\/marktxxl.de\/markt\/#organization"},"potentialAction":[{"@type":"SearchAction","target":{"@type":"EntryPoint","urlTemplate":"https:\/\/marktxxl.de\/markt\/?s={search_term_string}"},"query-input":{"@type":"PropertyValueSpecification","valueRequired":true,"valueName":"search_term_string"}}],"inLanguage":"de"},{"@type":"Organization","@id":"https:\/\/marktxxl.de\/markt\/#organization","name":"Markt-XXL","url":"https:\/\/marktxxl.de\/markt\/","logo":{"@type":"ImageObject","inLanguage":"de","@id":"https:\/\/marktxxl.de\/markt\/#\/schema\/logo\/image\/","url":"https:\/\/marktxxl.de\/markt\/wp-content\/uploads\/sites\/3\/2020\/12\/logo.png","contentUrl":"https:\/\/marktxxl.de\/markt\/wp-content\/uploads\/sites\/3\/2020\/12\/logo.png","width":200,"height":70,"caption":"Markt-XXL"},"image":{"@id":"https:\/\/marktxxl.de\/markt\/#\/schema\/logo\/image\/"}}]}},"_links":{"self":[{"href":"https:\/\/marktxxl.de\/markt\/wp-json\/wp\/v2\/product\/172700","targetHints":{"allow":["GET"]}}],"collection":[{"href":"https:\/\/marktxxl.de\/markt\/wp-json\/wp\/v2\/product"}],"about":[{"href":"https:\/\/marktxxl.de\/markt\/wp-json\/wp\/v2\/types\/product"}],"replies":[{"embeddable":true,"href":"https:\/\/marktxxl.de\/markt\/wp-json\/wp\/v2\/comments?post=172700"}],"wp:featuredmedia":[{"embeddable":true,"href":"https:\/\/marktxxl.de\/markt\/wp-json\/wp\/v2\/media\/172701"}],"wp:attachment":[{"href":"https:\/\/marktxxl.de\/markt\/wp-json\/wp\/v2\/media?parent=172700"}],"wp:term":[{"taxonomy":"product_brand","embeddable":true,"href":"https:\/\/marktxxl.de\/markt\/wp-json\/wp\/v2\/product_brand?post=172700"},{"taxonomy":"product_cat","embeddable":true,"href":"https:\/\/marktxxl.de\/markt\/wp-json\/wp\/v2\/product_cat?post=172700"},{"taxonomy":"product_tag","embeddable":true,"href":"https:\/\/marktxxl.de\/markt\/wp-json\/wp\/v2\/product_tag?post=172700"}],"curies":[{"name":"wp","href":"https:\/\/api.w.org\/{rel}","templated":true}]}}