{"id":172582,"date":"2022-12-11T04:05:07","date_gmt":"2022-12-11T03:05:07","guid":{"rendered":"https:\/\/marktxxl.de\/markt\/produkt\/carhartt-herren-bifold-und-passcase-durable-billfold-wallets-erhaeltlich-in-leder-und-canvas-stilen-reise-geldboersen\/"},"modified":"2023-04-11T05:00:32","modified_gmt":"2023-04-11T03:00:32","slug":"carhartt-herren-bifold-und-passcase-durable-billfold-wallets-erhaeltlich-in-leder-und-canvas-stilen-reise-geldboersen","status":"publish","type":"product","link":"https:\/\/marktxxl.de\/markt\/produkt\/carhartt-herren-bifold-und-passcase-durable-billfold-wallets-erhaeltlich-in-leder-und-canvas-stilen-reise-geldboersen\/","title":{"rendered":"Carhartt Herren Bifold und Passcase Durable Billfold Wallets, Erh\u00e4ltlich in Leder-und Canvas-stilen Reise-Geldb\u00f6rsen"},"content":{"rendered":"<p>Carhartt Herren Nylon Duck Bifold Wallet Faltbare Brieftasche, die auch bei feuchten Bedingungen seine Form beh\u00e4lt<br \/>\nWenn eine Ledergeldb\u00f6rse auf Ihrer Baustelle keine Chance hat, ist diese Carhartt Duck Wallet eine langlebige Option f\u00fcr Sie. Nicht nur wasserabweisend auf der Au\u00dfenseite, es hat auch eine wasserabweisende Innenseite, die die Brieftasche in feuchten oder nassen Bedingungen h\u00e4lt<br \/>\nRobustes Cordura-500-Denier-Nylon mit Rain Defender, langlebig, wasserabweisend, praktisch unzerst\u00f6rbar<br \/>\nDas schlanke Design beinhaltet vier Taschen, ein Netz-ID-Fenster und eine Geldscheinfach, Carhartt-Patch, ikonisches Deckenfutter, RFID-blockierendes Material<br \/>\nMa\u00dfe: 11,4 x 8,9 x 2,5 cm<br \/>\n<div class=\"main-cross-sell\" data-asin=\"B086B26MDP\">\n\n\t<div class=\"WooZone-cross-sell-loader\">\n\t\t<div>\n\t\t\t<div id=\"floatingBarsG\">\n\t\t\t\t<div class=\"blockG\" id=\"rotateG_01\"><\/div>\n\t\t\t\t<div class=\"blockG\" id=\"rotateG_02\"><\/div>\n\t\t\t\t<div class=\"blockG\" id=\"rotateG_03\"><\/div>\n\t\t\t\t<div class=\"blockG\" id=\"rotateG_04\"><\/div>\n\t\t\t\t<div class=\"blockG\" id=\"rotateG_05\"><\/div>\n\t\t\t\t<div class=\"blockG\" id=\"rotateG_06\"><\/div>\n\t\t\t\t<div class=\"blockG\" id=\"rotateG_07\"><\/div>\n\t\t\t\t<div class=\"blockG\" id=\"rotateG_08\"><\/div>\n\t\t\t<\/div>\n\t\t\t<div class=\"WooZone-cross-sell-loader-text\"><\/div>\n\t\t<\/div>\n\t<\/div>\n\n\t\t\n<\/div>\n<div style=\"clear:both;\"><\/div><\/p>\n","protected":false},"excerpt":{"rendered":"<p>Carhartt Herren Nylon Duck Bifold Wallet Faltbare Brieftasche, die auch bei feuchten Bedingungen seine Form beh\u00e4lt<br \/>\nWenn eine Ledergeldb\u00f6rse auf Ihrer Baustelle keine Chance hat, ist diese Carhartt Duck Wallet eine langlebige Option f\u00fcr Sie. Nicht nur wasserabweisend auf der Au\u00dfenseite, es hat auch eine wasserabweisende Innenseite, die die Brieftasche in feuchten oder nassen Bedingungen h\u00e4lt<br \/>\nRobustes Cordura-500-Denier-Nylon mit Rain Defender, langlebig, wasserabweisend, praktisch unzerst\u00f6rbar<\/p>\n","protected":false},"featured_media":172583,"comment_status":"open","ping_status":"closed","template":"","meta":[],"product_brand":[],"product_cat":[1186,3960],"product_tag":[],"class_list":{"0":"post-172582","1":"product","2":"type-product","3":"status-publish","4":"has-post-thumbnail","6":"product_cat-bekleidung","7":"product_cat-herren","8":"pa_binding-textilien","9":"pa_brand-carhartt","10":"pa_manufacturer-carhartt","11":"pa_model-chbifwlt1","13":"first","14":"instock","15":"shipping-taxable","16":"purchasable","17":"product-type-simple","18":"customify-col","19":"product-has-gallery"},"yoast_head":"<!-- This site is optimized with the Yoast SEO plugin v27.4 - https:\/\/yoast.com\/product\/yoast-seo-wordpress\/ -->\n<title>Carhartt Herren Bifold und Passcase Durable Billfold Wallets, Erh\u00e4ltlich in Leder-und Canvas-stilen Reise-Geldb\u00f6rsen - Markt-XXL<\/title>\n<meta name=\"description\" content=\"Markt-XXL Carhartt Herren Bifold und Passcase Durable Billfold Wallets, Erh\u00e4ltlich in Leder-und Canvas-stilen Reise-Geldb\u00f6rsen\" \/>\n<meta name=\"robots\" content=\"index, follow, max-snippet:-1, max-image-preview:large, max-video-preview:-1\" \/>\n<link rel=\"canonical\" href=\"https:\/\/marktxxl.de\/markt\/produkt\/carhartt-herren-bifold-und-passcase-durable-billfold-wallets-erhaeltlich-in-leder-und-canvas-stilen-reise-geldboersen\/\" \/>\n<meta property=\"og:locale\" content=\"de_DE\" \/>\n<meta property=\"og:type\" content=\"article\" \/>\n<meta property=\"og:title\" content=\"Carhartt Herren Bifold und Passcase Durable Billfold Wallets, Erh\u00e4ltlich in Leder-und Canvas-stilen Reise-Geldb\u00f6rsen - Markt-XXL\" \/>\n<meta property=\"og:description\" content=\"Markt-XXL Carhartt Herren Bifold und Passcase Durable Billfold Wallets, Erh\u00e4ltlich in Leder-und Canvas-stilen Reise-Geldb\u00f6rsen\" \/>\n<meta property=\"og:url\" content=\"https:\/\/marktxxl.de\/markt\/produkt\/carhartt-herren-bifold-und-passcase-durable-billfold-wallets-erhaeltlich-in-leder-und-canvas-stilen-reise-geldboersen\/\" \/>\n<meta property=\"og:site_name\" content=\"Markt-XXL\" \/>\n<meta property=\"article:modified_time\" content=\"2023-04-11T03:00:32+00:00\" \/>\n<meta property=\"og:image\" content=\"https:\/\/m.media-amazon.com\/images\/I\/513gu1oon2L._SL500_.jpg\" \/>\n\t<meta property=\"og:image:width\" content=\"500\" \/>\n\t<meta property=\"og:image:height\" content=\"488\" \/>\n\t<meta property=\"og:image:type\" content=\"image\/jpeg\" \/>\n<meta name=\"twitter:card\" content=\"summary_large_image\" \/>\n<meta name=\"twitter:label1\" content=\"Gesch\u00e4tzte Lesezeit\" \/>\n\t<meta name=\"twitter:data1\" content=\"1\u00a0Minute\" \/>\n<script type=\"application\/ld+json\" class=\"yoast-schema-graph\">{\"@context\":\"https:\\\/\\\/schema.org\",\"@graph\":[{\"@type\":\"WebPage\",\"@id\":\"https:\\\/\\\/marktxxl.de\\\/markt\\\/produkt\\\/carhartt-herren-bifold-und-passcase-durable-billfold-wallets-erhaeltlich-in-leder-und-canvas-stilen-reise-geldboersen\\\/\",\"url\":\"https:\\\/\\\/marktxxl.de\\\/markt\\\/produkt\\\/carhartt-herren-bifold-und-passcase-durable-billfold-wallets-erhaeltlich-in-leder-und-canvas-stilen-reise-geldboersen\\\/\",\"name\":\"Carhartt Herren Bifold und Passcase Durable Billfold Wallets, Erh\u00e4ltlich in Leder-und Canvas-stilen Reise-Geldb\u00f6rsen - Markt-XXL\",\"isPartOf\":{\"@id\":\"https:\\\/\\\/marktxxl.de\\\/markt\\\/#website\"},\"primaryImageOfPage\":{\"@id\":\"https:\\\/\\\/marktxxl.de\\\/markt\\\/produkt\\\/carhartt-herren-bifold-und-passcase-durable-billfold-wallets-erhaeltlich-in-leder-und-canvas-stilen-reise-geldboersen\\\/#primaryimage\"},\"image\":{\"@id\":\"https:\\\/\\\/marktxxl.de\\\/markt\\\/produkt\\\/carhartt-herren-bifold-und-passcase-durable-billfold-wallets-erhaeltlich-in-leder-und-canvas-stilen-reise-geldboersen\\\/#primaryimage\"},\"thumbnailUrl\":\"https:\\\/\\\/m.media-amazon.com\\\/images\\\/I\\\/513gu1oon2L._SL500_.jpg\",\"datePublished\":\"2022-12-11T03:05:07+00:00\",\"dateModified\":\"2023-04-11T03:00:32+00:00\",\"description\":\"Markt-XXL Carhartt Herren Bifold und Passcase Durable Billfold Wallets, Erh\u00e4ltlich in Leder-und Canvas-stilen Reise-Geldb\u00f6rsen\",\"breadcrumb\":{\"@id\":\"https:\\\/\\\/marktxxl.de\\\/markt\\\/produkt\\\/carhartt-herren-bifold-und-passcase-durable-billfold-wallets-erhaeltlich-in-leder-und-canvas-stilen-reise-geldboersen\\\/#breadcrumb\"},\"inLanguage\":\"de\",\"potentialAction\":[{\"@type\":\"ReadAction\",\"target\":[\"https:\\\/\\\/marktxxl.de\\\/markt\\\/produkt\\\/carhartt-herren-bifold-und-passcase-durable-billfold-wallets-erhaeltlich-in-leder-und-canvas-stilen-reise-geldboersen\\\/\"]}]},{\"@type\":\"ImageObject\",\"inLanguage\":\"de\",\"@id\":\"https:\\\/\\\/marktxxl.de\\\/markt\\\/produkt\\\/carhartt-herren-bifold-und-passcase-durable-billfold-wallets-erhaeltlich-in-leder-und-canvas-stilen-reise-geldboersen\\\/#primaryimage\",\"url\":\"https:\\\/\\\/m.media-amazon.com\\\/images\\\/I\\\/513gu1oon2L._SL500_.jpg\",\"contentUrl\":\"https:\\\/\\\/m.media-amazon.com\\\/images\\\/I\\\/513gu1oon2L._SL500_.jpg\",\"width\":500,\"height\":488},{\"@type\":\"BreadcrumbList\",\"@id\":\"https:\\\/\\\/marktxxl.de\\\/markt\\\/produkt\\\/carhartt-herren-bifold-und-passcase-durable-billfold-wallets-erhaeltlich-in-leder-und-canvas-stilen-reise-geldboersen\\\/#breadcrumb\",\"itemListElement\":[{\"@type\":\"ListItem\",\"position\":1,\"name\":\"Startseite\",\"item\":\"https:\\\/\\\/marktxxl.de\\\/markt\\\/\"},{\"@type\":\"ListItem\",\"position\":2,\"name\":\"Markt\",\"item\":\"https:\\\/\\\/marktxxl.de\\\/markt\\\/\"},{\"@type\":\"ListItem\",\"position\":3,\"name\":\"Carhartt Herren Bifold und Passcase Durable Billfold Wallets, Erh\u00e4ltlich in Leder-und Canvas-stilen Reise-Geldb\u00f6rsen\"}]},{\"@type\":\"WebSite\",\"@id\":\"https:\\\/\\\/marktxxl.de\\\/markt\\\/#website\",\"url\":\"https:\\\/\\\/marktxxl.de\\\/markt\\\/\",\"name\":\"Markt-XXL\",\"description\":\"Ihr Markt Online\",\"publisher\":{\"@id\":\"https:\\\/\\\/marktxxl.de\\\/markt\\\/#organization\"},\"potentialAction\":[{\"@type\":\"SearchAction\",\"target\":{\"@type\":\"EntryPoint\",\"urlTemplate\":\"https:\\\/\\\/marktxxl.de\\\/markt\\\/?s={search_term_string}\"},\"query-input\":{\"@type\":\"PropertyValueSpecification\",\"valueRequired\":true,\"valueName\":\"search_term_string\"}}],\"inLanguage\":\"de\"},{\"@type\":\"Organization\",\"@id\":\"https:\\\/\\\/marktxxl.de\\\/markt\\\/#organization\",\"name\":\"Markt-XXL\",\"url\":\"https:\\\/\\\/marktxxl.de\\\/markt\\\/\",\"logo\":{\"@type\":\"ImageObject\",\"inLanguage\":\"de\",\"@id\":\"https:\\\/\\\/marktxxl.de\\\/markt\\\/#\\\/schema\\\/logo\\\/image\\\/\",\"url\":\"https:\\\/\\\/marktxxl.de\\\/markt\\\/wp-content\\\/uploads\\\/sites\\\/3\\\/2020\\\/12\\\/logo.png\",\"contentUrl\":\"https:\\\/\\\/marktxxl.de\\\/markt\\\/wp-content\\\/uploads\\\/sites\\\/3\\\/2020\\\/12\\\/logo.png\",\"width\":200,\"height\":70,\"caption\":\"Markt-XXL\"},\"image\":{\"@id\":\"https:\\\/\\\/marktxxl.de\\\/markt\\\/#\\\/schema\\\/logo\\\/image\\\/\"}}]}<\/script>\n<!-- \/ Yoast SEO plugin. -->","yoast_head_json":{"title":"Carhartt Herren Bifold und Passcase Durable Billfold Wallets, Erh\u00e4ltlich in Leder-und Canvas-stilen Reise-Geldb\u00f6rsen - Markt-XXL","description":"Markt-XXL Carhartt Herren Bifold und Passcase Durable Billfold Wallets, Erh\u00e4ltlich in Leder-und Canvas-stilen Reise-Geldb\u00f6rsen","robots":{"index":"index","follow":"follow","max-snippet":"max-snippet:-1","max-image-preview":"max-image-preview:large","max-video-preview":"max-video-preview:-1"},"canonical":"https:\/\/marktxxl.de\/markt\/produkt\/carhartt-herren-bifold-und-passcase-durable-billfold-wallets-erhaeltlich-in-leder-und-canvas-stilen-reise-geldboersen\/","og_locale":"de_DE","og_type":"article","og_title":"Carhartt Herren Bifold und Passcase Durable Billfold Wallets, Erh\u00e4ltlich in Leder-und Canvas-stilen Reise-Geldb\u00f6rsen - Markt-XXL","og_description":"Markt-XXL Carhartt Herren Bifold und Passcase Durable Billfold Wallets, Erh\u00e4ltlich in Leder-und Canvas-stilen Reise-Geldb\u00f6rsen","og_url":"https:\/\/marktxxl.de\/markt\/produkt\/carhartt-herren-bifold-und-passcase-durable-billfold-wallets-erhaeltlich-in-leder-und-canvas-stilen-reise-geldboersen\/","og_site_name":"Markt-XXL","article_modified_time":"2023-04-11T03:00:32+00:00","og_image":[{"width":500,"height":488,"url":"https:\/\/m.media-amazon.com\/images\/I\/513gu1oon2L._SL500_.jpg","type":"image\/jpeg"}],"twitter_card":"summary_large_image","twitter_misc":{"Gesch\u00e4tzte Lesezeit":"1\u00a0Minute"},"schema":{"@context":"https:\/\/schema.org","@graph":[{"@type":"WebPage","@id":"https:\/\/marktxxl.de\/markt\/produkt\/carhartt-herren-bifold-und-passcase-durable-billfold-wallets-erhaeltlich-in-leder-und-canvas-stilen-reise-geldboersen\/","url":"https:\/\/marktxxl.de\/markt\/produkt\/carhartt-herren-bifold-und-passcase-durable-billfold-wallets-erhaeltlich-in-leder-und-canvas-stilen-reise-geldboersen\/","name":"Carhartt Herren Bifold und Passcase Durable Billfold Wallets, Erh\u00e4ltlich in Leder-und Canvas-stilen Reise-Geldb\u00f6rsen - Markt-XXL","isPartOf":{"@id":"https:\/\/marktxxl.de\/markt\/#website"},"primaryImageOfPage":{"@id":"https:\/\/marktxxl.de\/markt\/produkt\/carhartt-herren-bifold-und-passcase-durable-billfold-wallets-erhaeltlich-in-leder-und-canvas-stilen-reise-geldboersen\/#primaryimage"},"image":{"@id":"https:\/\/marktxxl.de\/markt\/produkt\/carhartt-herren-bifold-und-passcase-durable-billfold-wallets-erhaeltlich-in-leder-und-canvas-stilen-reise-geldboersen\/#primaryimage"},"thumbnailUrl":"https:\/\/m.media-amazon.com\/images\/I\/513gu1oon2L._SL500_.jpg","datePublished":"2022-12-11T03:05:07+00:00","dateModified":"2023-04-11T03:00:32+00:00","description":"Markt-XXL Carhartt Herren Bifold und Passcase Durable Billfold Wallets, Erh\u00e4ltlich in Leder-und Canvas-stilen Reise-Geldb\u00f6rsen","breadcrumb":{"@id":"https:\/\/marktxxl.de\/markt\/produkt\/carhartt-herren-bifold-und-passcase-durable-billfold-wallets-erhaeltlich-in-leder-und-canvas-stilen-reise-geldboersen\/#breadcrumb"},"inLanguage":"de","potentialAction":[{"@type":"ReadAction","target":["https:\/\/marktxxl.de\/markt\/produkt\/carhartt-herren-bifold-und-passcase-durable-billfold-wallets-erhaeltlich-in-leder-und-canvas-stilen-reise-geldboersen\/"]}]},{"@type":"ImageObject","inLanguage":"de","@id":"https:\/\/marktxxl.de\/markt\/produkt\/carhartt-herren-bifold-und-passcase-durable-billfold-wallets-erhaeltlich-in-leder-und-canvas-stilen-reise-geldboersen\/#primaryimage","url":"https:\/\/m.media-amazon.com\/images\/I\/513gu1oon2L._SL500_.jpg","contentUrl":"https:\/\/m.media-amazon.com\/images\/I\/513gu1oon2L._SL500_.jpg","width":500,"height":488},{"@type":"BreadcrumbList","@id":"https:\/\/marktxxl.de\/markt\/produkt\/carhartt-herren-bifold-und-passcase-durable-billfold-wallets-erhaeltlich-in-leder-und-canvas-stilen-reise-geldboersen\/#breadcrumb","itemListElement":[{"@type":"ListItem","position":1,"name":"Startseite","item":"https:\/\/marktxxl.de\/markt\/"},{"@type":"ListItem","position":2,"name":"Markt","item":"https:\/\/marktxxl.de\/markt\/"},{"@type":"ListItem","position":3,"name":"Carhartt Herren Bifold und Passcase Durable Billfold Wallets, Erh\u00e4ltlich in Leder-und Canvas-stilen Reise-Geldb\u00f6rsen"}]},{"@type":"WebSite","@id":"https:\/\/marktxxl.de\/markt\/#website","url":"https:\/\/marktxxl.de\/markt\/","name":"Markt-XXL","description":"Ihr Markt Online","publisher":{"@id":"https:\/\/marktxxl.de\/markt\/#organization"},"potentialAction":[{"@type":"SearchAction","target":{"@type":"EntryPoint","urlTemplate":"https:\/\/marktxxl.de\/markt\/?s={search_term_string}"},"query-input":{"@type":"PropertyValueSpecification","valueRequired":true,"valueName":"search_term_string"}}],"inLanguage":"de"},{"@type":"Organization","@id":"https:\/\/marktxxl.de\/markt\/#organization","name":"Markt-XXL","url":"https:\/\/marktxxl.de\/markt\/","logo":{"@type":"ImageObject","inLanguage":"de","@id":"https:\/\/marktxxl.de\/markt\/#\/schema\/logo\/image\/","url":"https:\/\/marktxxl.de\/markt\/wp-content\/uploads\/sites\/3\/2020\/12\/logo.png","contentUrl":"https:\/\/marktxxl.de\/markt\/wp-content\/uploads\/sites\/3\/2020\/12\/logo.png","width":200,"height":70,"caption":"Markt-XXL"},"image":{"@id":"https:\/\/marktxxl.de\/markt\/#\/schema\/logo\/image\/"}}]}},"_links":{"self":[{"href":"https:\/\/marktxxl.de\/markt\/wp-json\/wp\/v2\/product\/172582","targetHints":{"allow":["GET"]}}],"collection":[{"href":"https:\/\/marktxxl.de\/markt\/wp-json\/wp\/v2\/product"}],"about":[{"href":"https:\/\/marktxxl.de\/markt\/wp-json\/wp\/v2\/types\/product"}],"replies":[{"embeddable":true,"href":"https:\/\/marktxxl.de\/markt\/wp-json\/wp\/v2\/comments?post=172582"}],"wp:featuredmedia":[{"embeddable":true,"href":"https:\/\/marktxxl.de\/markt\/wp-json\/wp\/v2\/media\/172583"}],"wp:attachment":[{"href":"https:\/\/marktxxl.de\/markt\/wp-json\/wp\/v2\/media?parent=172582"}],"wp:term":[{"taxonomy":"product_brand","embeddable":true,"href":"https:\/\/marktxxl.de\/markt\/wp-json\/wp\/v2\/product_brand?post=172582"},{"taxonomy":"product_cat","embeddable":true,"href":"https:\/\/marktxxl.de\/markt\/wp-json\/wp\/v2\/product_cat?post=172582"},{"taxonomy":"product_tag","embeddable":true,"href":"https:\/\/marktxxl.de\/markt\/wp-json\/wp\/v2\/product_tag?post=172582"}],"curies":[{"name":"wp","href":"https:\/\/api.w.org\/{rel}","templated":true}]}}