{"id":172527,"date":"2022-12-11T04:02:37","date_gmt":"2022-12-11T03:02:37","guid":{"rendered":"https:\/\/marktxxl.de\/markt\/produkt\/uebergrosser-sherpa-hoodie-warme-sherpa-tragbare-decke-sweatshirt-hoodie-fuer-frauen-maenner-superweiche-bequeme-riesige-kapuzenpulli-mit-grosser-fronttasche-einheitsgroesse\/"},"modified":"2023-04-11T05:00:31","modified_gmt":"2023-04-11T03:00:31","slug":"uebergrosser-sherpa-hoodie-warme-sherpa-tragbare-decke-sweatshirt-hoodie-fuer-frauen-maenner-superweiche-bequeme-riesige-kapuzenpulli-mit-grosser-fronttasche-einheitsgroesse","status":"publish","type":"product","link":"https:\/\/marktxxl.de\/markt\/produkt\/uebergrosser-sherpa-hoodie-warme-sherpa-tragbare-decke-sweatshirt-hoodie-fuer-frauen-maenner-superweiche-bequeme-riesige-kapuzenpulli-mit-grosser-fronttasche-einheitsgroesse\/","title":{"rendered":"IvyH \u00dcbergro\u00dfer Sherpa Hoodie, Warme Sherpa tragbare Decke Sweatshirt Hoodie f\u00fcr Frauen M\u00e4nner -Superweiche, Bequeme\u2026"},"content":{"rendered":"<p>\ud83d\udc8eWarm den ganzen Winter \uff1a Die \u00fcbergro\u00dfe Sweatshirt-Hoodie-Decke sorgt daf\u00fcr, dass Sie den ganzen Winter \u00fcber von Kopf bis Fu\u00df warm und gem\u00fctlich bleiben, sich in einer faulen Winternacht auf dem Sofa zusammenrollen, fernsehen, lesen, ein Nickerchen machen oder campen und ein Konzert im Freien genie\u00dfen. Nehmen Sie es \u00fcberall hin mit.<br \/>\n\ud83d\udc8eSuperweicher und gem\u00fctlicher Hoodie: Au\u00dfergew\u00f6hnlich weiches Mikrofleece-Material und bequemes Sherpa-Futter bieten unglaublichen Luxus. Diese flauschige, bequeme Riesen-Kapuzenpulloverdecke h\u00e4lt Sie an k\u00fchlen Tagen warm und gem\u00fctlich.<br \/>\n\ud83d\udc8e\u00dcbergro\u00dfes Sweatshirt f\u00fcr alle: Die Hoodie-Decke ist sehr gro\u00df und ger\u00e4umig f\u00fcr Erwachsene, M\u00e4nner, Frauen, Jugendliche und M\u00e4dchen ab 14 Jahren. Geeignet f\u00fcr jede K\u00f6rperform. Die Enden der \u00c4rmel haben elastische Manschetten, so dass Sie die \u00c4rmel an Ort und Stelle halten und Ihre Hand benutzen k\u00f6nnen. Super warm. Waschmaschinenfest.<br \/>\n\ud83d\udc8eGro\u00dfe Kapuze und Tasche: Das Kapuzenpullover h\u00e4lt Kopf, Ohren, Hals und H\u00e4nde warm. Die Kapuze dient gleichzeitig als Kissen zum Liegen und die gro\u00dfen Taschen f\u00fcr Ihr Telefon, TV-Fernbedienungen, Snacks usw.<br \/>\n\ud83d\udc8eMacht ein tolles Geschenk: Die Riesen-Sweatshirt-Decke ist ein sehr s\u00fc\u00dfes Geschenk f\u00fcr Ihre M\u00fctter, V\u00e4ter, Frauen, Ehem\u00e4nner, Schwestern, Br\u00fcder, Cousins, Freunde und Studenten am Muttertag, Vatertag, Weihnachten, Ostern, Valentinstag, Thanksgiving, Silvester, Geburtstage, Brautduschen, Hochzeiten, Jubil\u00e4en, Schulanfang, Abschluss &amp; Hauptgeschenk 2021.<br \/>\n<div class=\"main-cross-sell\" data-asin=\"B08GSRBL82\">\n\n\t<div class=\"WooZone-cross-sell-loader\">\n\t\t<div>\n\t\t\t<div id=\"floatingBarsG\">\n\t\t\t\t<div class=\"blockG\" id=\"rotateG_01\"><\/div>\n\t\t\t\t<div class=\"blockG\" id=\"rotateG_02\"><\/div>\n\t\t\t\t<div class=\"blockG\" id=\"rotateG_03\"><\/div>\n\t\t\t\t<div class=\"blockG\" id=\"rotateG_04\"><\/div>\n\t\t\t\t<div class=\"blockG\" id=\"rotateG_05\"><\/div>\n\t\t\t\t<div class=\"blockG\" id=\"rotateG_06\"><\/div>\n\t\t\t\t<div class=\"blockG\" id=\"rotateG_07\"><\/div>\n\t\t\t\t<div class=\"blockG\" id=\"rotateG_08\"><\/div>\n\t\t\t<\/div>\n\t\t\t<div class=\"WooZone-cross-sell-loader-text\"><\/div>\n\t\t<\/div>\n\t<\/div>\n\n\t\t\n<\/div>\n<div style=\"clear:both;\"><\/div><\/p>\n","protected":false},"excerpt":{"rendered":"<p>\ud83d\udc8eWarm den ganzen Winter \uff1a Die \u00fcbergro\u00dfe Sweatshirt-Hoodie-Decke sorgt daf\u00fcr, dass Sie den ganzen Winter \u00fcber von Kopf bis Fu\u00df warm und gem\u00fctlich bleiben, sich in einer faulen Winternacht auf dem Sofa zusammenrollen, fernsehen, lesen, ein Nickerchen machen oder campen und ein Konzert im Freien genie\u00dfen. Nehmen Sie es \u00fcberall hin mit.<br \/>\n\ud83d\udc8eSuperweicher und gem\u00fctlicher Hoodie: Au\u00dfergew\u00f6hnlich weiches Mikrofleece-Material und bequemes Sherpa-Futter bieten unglaublichen Luxus. Diese flauschige, bequeme Riesen-Kapuzenpulloverdecke h\u00e4lt Sie an k\u00fchlen Tagen warm und gem\u00fctlich.<br \/>\n\ud83d\udc8e\u00dcbergro\u00dfes Sweatshirt f\u00fcr alle: Die Hoodie-Decke ist sehr gro\u00df und ger\u00e4umig f\u00fcr Erwachsene, M\u00e4nner, Frauen, Jugendliche und M\u00e4dchen ab 14 Jahren. Geeignet f\u00fcr jede K\u00f6rperform. Die Enden der \u00c4rmel haben elastische Manschetten, so dass Sie die \u00c4rmel an Ort und Stelle halten und Ihre Hand benutzen k\u00f6nnen. Super warm. Waschmaschinenfest.<\/p>\n","protected":false},"featured_media":172528,"comment_status":"open","ping_status":"closed","template":"","meta":[],"product_brand":[],"product_cat":[1186,3920],"product_tag":[],"class_list":{"0":"post-172527","1":"product","2":"type-product","3":"status-publish","4":"has-post-thumbnail","6":"product_cat-bekleidung","7":"product_cat-damen","8":"pa_binding-textilien","9":"pa_brand-ivyh","10":"pa_size-einheitsgroesse","12":"first","13":"instock","14":"shipping-taxable","15":"purchasable","16":"product-type-simple","17":"customify-col","18":"product-has-gallery"},"yoast_head":"<!-- This site is optimized with the Yoast SEO plugin v27.4 - https:\/\/yoast.com\/product\/yoast-seo-wordpress\/ -->\n<title>IvyH \u00dcbergro\u00dfer Sherpa Hoodie, Warme Sherpa tragbare Decke Sweatshirt Hoodie f\u00fcr Frauen M\u00e4nner -Superweiche, Bequeme\u2026 - Markt-XXL<\/title>\n<meta name=\"description\" content=\"Markt-XXL IvyH \u00dcbergro\u00dfer Sherpa Hoodie, Warme Sherpa tragbare Decke Sweatshirt Hoodie f\u00fcr Frauen M\u00e4nner -Superweiche, Bequeme\u2026\" \/>\n<meta name=\"robots\" content=\"index, follow, max-snippet:-1, max-image-preview:large, max-video-preview:-1\" \/>\n<link rel=\"canonical\" href=\"https:\/\/marktxxl.de\/markt\/produkt\/uebergrosser-sherpa-hoodie-warme-sherpa-tragbare-decke-sweatshirt-hoodie-fuer-frauen-maenner-superweiche-bequeme-riesige-kapuzenpulli-mit-grosser-fronttasche-einheitsgroesse\/\" \/>\n<meta property=\"og:locale\" content=\"de_DE\" \/>\n<meta property=\"og:type\" content=\"article\" \/>\n<meta property=\"og:title\" content=\"IvyH \u00dcbergro\u00dfer Sherpa Hoodie, Warme Sherpa tragbare Decke Sweatshirt Hoodie f\u00fcr Frauen M\u00e4nner -Superweiche, Bequeme\u2026 - Markt-XXL\" \/>\n<meta property=\"og:description\" content=\"Markt-XXL IvyH \u00dcbergro\u00dfer Sherpa Hoodie, Warme Sherpa tragbare Decke Sweatshirt Hoodie f\u00fcr Frauen M\u00e4nner -Superweiche, Bequeme\u2026\" \/>\n<meta property=\"og:url\" content=\"https:\/\/marktxxl.de\/markt\/produkt\/uebergrosser-sherpa-hoodie-warme-sherpa-tragbare-decke-sweatshirt-hoodie-fuer-frauen-maenner-superweiche-bequeme-riesige-kapuzenpulli-mit-grosser-fronttasche-einheitsgroesse\/\" \/>\n<meta property=\"og:site_name\" content=\"Markt-XXL\" \/>\n<meta property=\"article:modified_time\" content=\"2023-04-11T03:00:31+00:00\" \/>\n<meta property=\"og:image\" content=\"https:\/\/m.media-amazon.com\/images\/I\/41aRdQdmemL._SL500_.jpg\" \/>\n\t<meta property=\"og:image:width\" content=\"500\" \/>\n\t<meta property=\"og:image:height\" content=\"500\" \/>\n\t<meta property=\"og:image:type\" content=\"image\/jpeg\" \/>\n<meta name=\"twitter:card\" content=\"summary_large_image\" \/>\n<meta name=\"twitter:label1\" content=\"Gesch\u00e4tzte Lesezeit\" \/>\n\t<meta name=\"twitter:data1\" content=\"1\u00a0Minute\" \/>\n<script type=\"application\/ld+json\" class=\"yoast-schema-graph\">{\"@context\":\"https:\\\/\\\/schema.org\",\"@graph\":[{\"@type\":\"WebPage\",\"@id\":\"https:\\\/\\\/marktxxl.de\\\/markt\\\/produkt\\\/uebergrosser-sherpa-hoodie-warme-sherpa-tragbare-decke-sweatshirt-hoodie-fuer-frauen-maenner-superweiche-bequeme-riesige-kapuzenpulli-mit-grosser-fronttasche-einheitsgroesse\\\/\",\"url\":\"https:\\\/\\\/marktxxl.de\\\/markt\\\/produkt\\\/uebergrosser-sherpa-hoodie-warme-sherpa-tragbare-decke-sweatshirt-hoodie-fuer-frauen-maenner-superweiche-bequeme-riesige-kapuzenpulli-mit-grosser-fronttasche-einheitsgroesse\\\/\",\"name\":\"IvyH \u00dcbergro\u00dfer Sherpa Hoodie, Warme Sherpa tragbare Decke Sweatshirt Hoodie f\u00fcr Frauen M\u00e4nner -Superweiche, Bequeme\u2026 - Markt-XXL\",\"isPartOf\":{\"@id\":\"https:\\\/\\\/marktxxl.de\\\/markt\\\/#website\"},\"primaryImageOfPage\":{\"@id\":\"https:\\\/\\\/marktxxl.de\\\/markt\\\/produkt\\\/uebergrosser-sherpa-hoodie-warme-sherpa-tragbare-decke-sweatshirt-hoodie-fuer-frauen-maenner-superweiche-bequeme-riesige-kapuzenpulli-mit-grosser-fronttasche-einheitsgroesse\\\/#primaryimage\"},\"image\":{\"@id\":\"https:\\\/\\\/marktxxl.de\\\/markt\\\/produkt\\\/uebergrosser-sherpa-hoodie-warme-sherpa-tragbare-decke-sweatshirt-hoodie-fuer-frauen-maenner-superweiche-bequeme-riesige-kapuzenpulli-mit-grosser-fronttasche-einheitsgroesse\\\/#primaryimage\"},\"thumbnailUrl\":\"https:\\\/\\\/m.media-amazon.com\\\/images\\\/I\\\/41aRdQdmemL._SL500_.jpg\",\"datePublished\":\"2022-12-11T03:02:37+00:00\",\"dateModified\":\"2023-04-11T03:00:31+00:00\",\"description\":\"Markt-XXL IvyH \u00dcbergro\u00dfer Sherpa Hoodie, Warme Sherpa tragbare Decke Sweatshirt Hoodie f\u00fcr Frauen M\u00e4nner -Superweiche, Bequeme\u2026\",\"breadcrumb\":{\"@id\":\"https:\\\/\\\/marktxxl.de\\\/markt\\\/produkt\\\/uebergrosser-sherpa-hoodie-warme-sherpa-tragbare-decke-sweatshirt-hoodie-fuer-frauen-maenner-superweiche-bequeme-riesige-kapuzenpulli-mit-grosser-fronttasche-einheitsgroesse\\\/#breadcrumb\"},\"inLanguage\":\"de\",\"potentialAction\":[{\"@type\":\"ReadAction\",\"target\":[\"https:\\\/\\\/marktxxl.de\\\/markt\\\/produkt\\\/uebergrosser-sherpa-hoodie-warme-sherpa-tragbare-decke-sweatshirt-hoodie-fuer-frauen-maenner-superweiche-bequeme-riesige-kapuzenpulli-mit-grosser-fronttasche-einheitsgroesse\\\/\"]}]},{\"@type\":\"ImageObject\",\"inLanguage\":\"de\",\"@id\":\"https:\\\/\\\/marktxxl.de\\\/markt\\\/produkt\\\/uebergrosser-sherpa-hoodie-warme-sherpa-tragbare-decke-sweatshirt-hoodie-fuer-frauen-maenner-superweiche-bequeme-riesige-kapuzenpulli-mit-grosser-fronttasche-einheitsgroesse\\\/#primaryimage\",\"url\":\"https:\\\/\\\/m.media-amazon.com\\\/images\\\/I\\\/41aRdQdmemL._SL500_.jpg\",\"contentUrl\":\"https:\\\/\\\/m.media-amazon.com\\\/images\\\/I\\\/41aRdQdmemL._SL500_.jpg\",\"width\":500,\"height\":500},{\"@type\":\"BreadcrumbList\",\"@id\":\"https:\\\/\\\/marktxxl.de\\\/markt\\\/produkt\\\/uebergrosser-sherpa-hoodie-warme-sherpa-tragbare-decke-sweatshirt-hoodie-fuer-frauen-maenner-superweiche-bequeme-riesige-kapuzenpulli-mit-grosser-fronttasche-einheitsgroesse\\\/#breadcrumb\",\"itemListElement\":[{\"@type\":\"ListItem\",\"position\":1,\"name\":\"Startseite\",\"item\":\"https:\\\/\\\/marktxxl.de\\\/markt\\\/\"},{\"@type\":\"ListItem\",\"position\":2,\"name\":\"Markt\",\"item\":\"https:\\\/\\\/marktxxl.de\\\/markt\\\/\"},{\"@type\":\"ListItem\",\"position\":3,\"name\":\"IvyH \u00dcbergro\u00dfer Sherpa Hoodie, Warme Sherpa tragbare Decke Sweatshirt Hoodie f\u00fcr Frauen M\u00e4nner -Superweiche, Bequeme\u2026\"}]},{\"@type\":\"WebSite\",\"@id\":\"https:\\\/\\\/marktxxl.de\\\/markt\\\/#website\",\"url\":\"https:\\\/\\\/marktxxl.de\\\/markt\\\/\",\"name\":\"Markt-XXL\",\"description\":\"Ihr Markt Online\",\"publisher\":{\"@id\":\"https:\\\/\\\/marktxxl.de\\\/markt\\\/#organization\"},\"potentialAction\":[{\"@type\":\"SearchAction\",\"target\":{\"@type\":\"EntryPoint\",\"urlTemplate\":\"https:\\\/\\\/marktxxl.de\\\/markt\\\/?s={search_term_string}\"},\"query-input\":{\"@type\":\"PropertyValueSpecification\",\"valueRequired\":true,\"valueName\":\"search_term_string\"}}],\"inLanguage\":\"de\"},{\"@type\":\"Organization\",\"@id\":\"https:\\\/\\\/marktxxl.de\\\/markt\\\/#organization\",\"name\":\"Markt-XXL\",\"url\":\"https:\\\/\\\/marktxxl.de\\\/markt\\\/\",\"logo\":{\"@type\":\"ImageObject\",\"inLanguage\":\"de\",\"@id\":\"https:\\\/\\\/marktxxl.de\\\/markt\\\/#\\\/schema\\\/logo\\\/image\\\/\",\"url\":\"https:\\\/\\\/marktxxl.de\\\/markt\\\/wp-content\\\/uploads\\\/sites\\\/3\\\/2020\\\/12\\\/logo.png\",\"contentUrl\":\"https:\\\/\\\/marktxxl.de\\\/markt\\\/wp-content\\\/uploads\\\/sites\\\/3\\\/2020\\\/12\\\/logo.png\",\"width\":200,\"height\":70,\"caption\":\"Markt-XXL\"},\"image\":{\"@id\":\"https:\\\/\\\/marktxxl.de\\\/markt\\\/#\\\/schema\\\/logo\\\/image\\\/\"}}]}<\/script>\n<!-- \/ Yoast SEO plugin. -->","yoast_head_json":{"title":"IvyH \u00dcbergro\u00dfer Sherpa Hoodie, Warme Sherpa tragbare Decke Sweatshirt Hoodie f\u00fcr Frauen M\u00e4nner -Superweiche, Bequeme\u2026 - Markt-XXL","description":"Markt-XXL IvyH \u00dcbergro\u00dfer Sherpa Hoodie, Warme Sherpa tragbare Decke Sweatshirt Hoodie f\u00fcr Frauen M\u00e4nner -Superweiche, Bequeme\u2026","robots":{"index":"index","follow":"follow","max-snippet":"max-snippet:-1","max-image-preview":"max-image-preview:large","max-video-preview":"max-video-preview:-1"},"canonical":"https:\/\/marktxxl.de\/markt\/produkt\/uebergrosser-sherpa-hoodie-warme-sherpa-tragbare-decke-sweatshirt-hoodie-fuer-frauen-maenner-superweiche-bequeme-riesige-kapuzenpulli-mit-grosser-fronttasche-einheitsgroesse\/","og_locale":"de_DE","og_type":"article","og_title":"IvyH \u00dcbergro\u00dfer Sherpa Hoodie, Warme Sherpa tragbare Decke Sweatshirt Hoodie f\u00fcr Frauen M\u00e4nner -Superweiche, Bequeme\u2026 - Markt-XXL","og_description":"Markt-XXL IvyH \u00dcbergro\u00dfer Sherpa Hoodie, Warme Sherpa tragbare Decke Sweatshirt Hoodie f\u00fcr Frauen M\u00e4nner -Superweiche, Bequeme\u2026","og_url":"https:\/\/marktxxl.de\/markt\/produkt\/uebergrosser-sherpa-hoodie-warme-sherpa-tragbare-decke-sweatshirt-hoodie-fuer-frauen-maenner-superweiche-bequeme-riesige-kapuzenpulli-mit-grosser-fronttasche-einheitsgroesse\/","og_site_name":"Markt-XXL","article_modified_time":"2023-04-11T03:00:31+00:00","og_image":[{"width":500,"height":500,"url":"https:\/\/m.media-amazon.com\/images\/I\/41aRdQdmemL._SL500_.jpg","type":"image\/jpeg"}],"twitter_card":"summary_large_image","twitter_misc":{"Gesch\u00e4tzte Lesezeit":"1\u00a0Minute"},"schema":{"@context":"https:\/\/schema.org","@graph":[{"@type":"WebPage","@id":"https:\/\/marktxxl.de\/markt\/produkt\/uebergrosser-sherpa-hoodie-warme-sherpa-tragbare-decke-sweatshirt-hoodie-fuer-frauen-maenner-superweiche-bequeme-riesige-kapuzenpulli-mit-grosser-fronttasche-einheitsgroesse\/","url":"https:\/\/marktxxl.de\/markt\/produkt\/uebergrosser-sherpa-hoodie-warme-sherpa-tragbare-decke-sweatshirt-hoodie-fuer-frauen-maenner-superweiche-bequeme-riesige-kapuzenpulli-mit-grosser-fronttasche-einheitsgroesse\/","name":"IvyH \u00dcbergro\u00dfer Sherpa Hoodie, Warme Sherpa tragbare Decke Sweatshirt Hoodie f\u00fcr Frauen M\u00e4nner -Superweiche, Bequeme\u2026 - Markt-XXL","isPartOf":{"@id":"https:\/\/marktxxl.de\/markt\/#website"},"primaryImageOfPage":{"@id":"https:\/\/marktxxl.de\/markt\/produkt\/uebergrosser-sherpa-hoodie-warme-sherpa-tragbare-decke-sweatshirt-hoodie-fuer-frauen-maenner-superweiche-bequeme-riesige-kapuzenpulli-mit-grosser-fronttasche-einheitsgroesse\/#primaryimage"},"image":{"@id":"https:\/\/marktxxl.de\/markt\/produkt\/uebergrosser-sherpa-hoodie-warme-sherpa-tragbare-decke-sweatshirt-hoodie-fuer-frauen-maenner-superweiche-bequeme-riesige-kapuzenpulli-mit-grosser-fronttasche-einheitsgroesse\/#primaryimage"},"thumbnailUrl":"https:\/\/m.media-amazon.com\/images\/I\/41aRdQdmemL._SL500_.jpg","datePublished":"2022-12-11T03:02:37+00:00","dateModified":"2023-04-11T03:00:31+00:00","description":"Markt-XXL IvyH \u00dcbergro\u00dfer Sherpa Hoodie, Warme Sherpa tragbare Decke Sweatshirt Hoodie f\u00fcr Frauen M\u00e4nner -Superweiche, Bequeme\u2026","breadcrumb":{"@id":"https:\/\/marktxxl.de\/markt\/produkt\/uebergrosser-sherpa-hoodie-warme-sherpa-tragbare-decke-sweatshirt-hoodie-fuer-frauen-maenner-superweiche-bequeme-riesige-kapuzenpulli-mit-grosser-fronttasche-einheitsgroesse\/#breadcrumb"},"inLanguage":"de","potentialAction":[{"@type":"ReadAction","target":["https:\/\/marktxxl.de\/markt\/produkt\/uebergrosser-sherpa-hoodie-warme-sherpa-tragbare-decke-sweatshirt-hoodie-fuer-frauen-maenner-superweiche-bequeme-riesige-kapuzenpulli-mit-grosser-fronttasche-einheitsgroesse\/"]}]},{"@type":"ImageObject","inLanguage":"de","@id":"https:\/\/marktxxl.de\/markt\/produkt\/uebergrosser-sherpa-hoodie-warme-sherpa-tragbare-decke-sweatshirt-hoodie-fuer-frauen-maenner-superweiche-bequeme-riesige-kapuzenpulli-mit-grosser-fronttasche-einheitsgroesse\/#primaryimage","url":"https:\/\/m.media-amazon.com\/images\/I\/41aRdQdmemL._SL500_.jpg","contentUrl":"https:\/\/m.media-amazon.com\/images\/I\/41aRdQdmemL._SL500_.jpg","width":500,"height":500},{"@type":"BreadcrumbList","@id":"https:\/\/marktxxl.de\/markt\/produkt\/uebergrosser-sherpa-hoodie-warme-sherpa-tragbare-decke-sweatshirt-hoodie-fuer-frauen-maenner-superweiche-bequeme-riesige-kapuzenpulli-mit-grosser-fronttasche-einheitsgroesse\/#breadcrumb","itemListElement":[{"@type":"ListItem","position":1,"name":"Startseite","item":"https:\/\/marktxxl.de\/markt\/"},{"@type":"ListItem","position":2,"name":"Markt","item":"https:\/\/marktxxl.de\/markt\/"},{"@type":"ListItem","position":3,"name":"IvyH \u00dcbergro\u00dfer Sherpa Hoodie, Warme Sherpa tragbare Decke Sweatshirt Hoodie f\u00fcr Frauen M\u00e4nner -Superweiche, Bequeme\u2026"}]},{"@type":"WebSite","@id":"https:\/\/marktxxl.de\/markt\/#website","url":"https:\/\/marktxxl.de\/markt\/","name":"Markt-XXL","description":"Ihr Markt Online","publisher":{"@id":"https:\/\/marktxxl.de\/markt\/#organization"},"potentialAction":[{"@type":"SearchAction","target":{"@type":"EntryPoint","urlTemplate":"https:\/\/marktxxl.de\/markt\/?s={search_term_string}"},"query-input":{"@type":"PropertyValueSpecification","valueRequired":true,"valueName":"search_term_string"}}],"inLanguage":"de"},{"@type":"Organization","@id":"https:\/\/marktxxl.de\/markt\/#organization","name":"Markt-XXL","url":"https:\/\/marktxxl.de\/markt\/","logo":{"@type":"ImageObject","inLanguage":"de","@id":"https:\/\/marktxxl.de\/markt\/#\/schema\/logo\/image\/","url":"https:\/\/marktxxl.de\/markt\/wp-content\/uploads\/sites\/3\/2020\/12\/logo.png","contentUrl":"https:\/\/marktxxl.de\/markt\/wp-content\/uploads\/sites\/3\/2020\/12\/logo.png","width":200,"height":70,"caption":"Markt-XXL"},"image":{"@id":"https:\/\/marktxxl.de\/markt\/#\/schema\/logo\/image\/"}}]}},"_links":{"self":[{"href":"https:\/\/marktxxl.de\/markt\/wp-json\/wp\/v2\/product\/172527","targetHints":{"allow":["GET"]}}],"collection":[{"href":"https:\/\/marktxxl.de\/markt\/wp-json\/wp\/v2\/product"}],"about":[{"href":"https:\/\/marktxxl.de\/markt\/wp-json\/wp\/v2\/types\/product"}],"replies":[{"embeddable":true,"href":"https:\/\/marktxxl.de\/markt\/wp-json\/wp\/v2\/comments?post=172527"}],"wp:featuredmedia":[{"embeddable":true,"href":"https:\/\/marktxxl.de\/markt\/wp-json\/wp\/v2\/media\/172528"}],"wp:attachment":[{"href":"https:\/\/marktxxl.de\/markt\/wp-json\/wp\/v2\/media?parent=172527"}],"wp:term":[{"taxonomy":"product_brand","embeddable":true,"href":"https:\/\/marktxxl.de\/markt\/wp-json\/wp\/v2\/product_brand?post=172527"},{"taxonomy":"product_cat","embeddable":true,"href":"https:\/\/marktxxl.de\/markt\/wp-json\/wp\/v2\/product_cat?post=172527"},{"taxonomy":"product_tag","embeddable":true,"href":"https:\/\/marktxxl.de\/markt\/wp-json\/wp\/v2\/product_tag?post=172527"}],"curies":[{"name":"wp","href":"https:\/\/api.w.org\/{rel}","templated":true}]}}