{"id":172499,"date":"2022-12-11T04:01:40","date_gmt":"2022-12-11T03:01:40","guid":{"rendered":"https:\/\/marktxxl.de\/markt\/produkt\/wrangler-damen-retro-mid-rise-bootcut-jeans\/"},"modified":"2023-04-11T05:00:31","modified_gmt":"2023-04-11T03:00:31","slug":"wrangler-damen-retro-mid-rise-bootcut-jeans","status":"publish","type":"product","link":"https:\/\/marktxxl.de\/markt\/produkt\/wrangler-damen-retro-mid-rise-bootcut-jeans\/","title":{"rendered":"Wrangler Damen Retro Mid Rise Bootcut Jeans"},"content":{"rendered":"<p>Schmeichelhafte Passform. Diese mittelhohe Retro-Jeans ist mit einem Konturbund f\u00fcr eine kurvenbetonte Silhouette und eine schmeichelhafte Passform entworfen. Diese Retro-Jeans sieht genauso gut aus, wenn Sie abends ausgehen, als wenn Sie sie anziehen.<br \/>\nKlassischer Retro-Stil. Sie k\u00f6nnen das Original nicht schlagen, es sei denn, Sie sind das Original. Mit der neuen Wrangler Retro Jeans haben wir unsere 1947 Innovationen mit den heutigen Premiumstandards in Technik und Design verbessert.<br \/>\nHochwertige Materialien. Hergestellt aus einem strapazierf\u00e4higen Baumwoll-Stretch-Mischgewebe, sind diese Low Rise Jeans f\u00fcr die Ewigkeit gebaut. Von einem Mittagessen bis zu einer Nacht in der Stadt, diese Jeans ist f\u00fcr Komfort mit einem modischen Stil gebaut.<br \/>\nKlassische Verzierungen. Diese Bootcut Jeans ist mit unserer Wrangler &#8220;W&#8221; Naht an den Ges\u00e4\u00dftaschen und einem Wrangler Logopatch versehen. Erhalten Sie den m\u00fchelosen klassischen Stil mit einem Hauch von Retro.<br \/>\nF\u00fcnf Taschen-Styling. Konstruiert mit unserem klassischen Five-Pocket-Jeans-Styling, ist diese Retro-Jeans mit (2) bestickten H\u00fcfttaschen, (1) aufgesetzten Uhrentasche und (2) Vordertaschen ausgestattet.<br \/>\n<div class=\"main-cross-sell\" data-asin=\"B0BKS7QFL5\">\n\n\t<div class=\"WooZone-cross-sell-loader\">\n\t\t<div>\n\t\t\t<div id=\"floatingBarsG\">\n\t\t\t\t<div class=\"blockG\" id=\"rotateG_01\"><\/div>\n\t\t\t\t<div class=\"blockG\" id=\"rotateG_02\"><\/div>\n\t\t\t\t<div class=\"blockG\" id=\"rotateG_03\"><\/div>\n\t\t\t\t<div class=\"blockG\" id=\"rotateG_04\"><\/div>\n\t\t\t\t<div class=\"blockG\" id=\"rotateG_05\"><\/div>\n\t\t\t\t<div class=\"blockG\" id=\"rotateG_06\"><\/div>\n\t\t\t\t<div class=\"blockG\" id=\"rotateG_07\"><\/div>\n\t\t\t\t<div class=\"blockG\" id=\"rotateG_08\"><\/div>\n\t\t\t<\/div>\n\t\t\t<div class=\"WooZone-cross-sell-loader-text\"><\/div>\n\t\t<\/div>\n\t<\/div>\n\n\t\t\n<\/div>\n<div style=\"clear:both;\"><\/div><\/p>\n","protected":false},"excerpt":{"rendered":"<p>Schmeichelhafte Passform. Diese mittelhohe Retro-Jeans ist mit einem Konturbund f\u00fcr eine kurvenbetonte Silhouette und eine schmeichelhafte Passform entworfen. Diese Retro-Jeans sieht genauso gut aus, wenn Sie abends ausgehen, als wenn Sie sie anziehen.<br \/>\nKlassischer Retro-Stil. Sie k\u00f6nnen das Original nicht schlagen, es sei denn, Sie sind das Original. Mit der neuen Wrangler Retro Jeans haben wir unsere 1947 Innovationen mit den heutigen Premiumstandards in Technik und Design verbessert.<br \/>\nHochwertige Materialien. Hergestellt aus einem strapazierf\u00e4higen Baumwoll-Stretch-Mischgewebe, sind diese Low Rise Jeans f\u00fcr die Ewigkeit gebaut. Von einem Mittagessen bis zu einer Nacht in der Stadt, diese Jeans ist f\u00fcr Komfort mit einem modischen Stil gebaut.<\/p>\n","protected":false},"featured_media":172500,"comment_status":"open","ping_status":"closed","template":"","meta":[],"product_brand":[],"product_cat":[1186,3920],"product_tag":[],"class_list":{"0":"post-172499","1":"product","2":"type-product","3":"status-publish","4":"has-post-thumbnail","6":"product_cat-bekleidung","7":"product_cat-damen","8":"pa_binding-textilien","9":"pa_brand-wrangler","10":"pa_manufacturer-wrangler","12":"first","13":"instock","14":"shipping-taxable","15":"purchasable","16":"product-type-simple","17":"customify-col","18":"product-has-gallery"},"yoast_head":"<!-- This site is optimized with the Yoast SEO plugin v27.4 - https:\/\/yoast.com\/product\/yoast-seo-wordpress\/ -->\n<title>Wrangler Damen Retro Mid Rise Bootcut Jeans - Markt-XXL<\/title>\n<meta name=\"description\" content=\"Markt-XXL Wrangler Damen Retro Mid Rise Bootcut Jeans\" \/>\n<meta name=\"robots\" content=\"index, follow, max-snippet:-1, max-image-preview:large, max-video-preview:-1\" \/>\n<link rel=\"canonical\" href=\"https:\/\/marktxxl.de\/markt\/produkt\/wrangler-damen-retro-mid-rise-bootcut-jeans\/\" \/>\n<meta property=\"og:locale\" content=\"de_DE\" \/>\n<meta property=\"og:type\" content=\"article\" \/>\n<meta property=\"og:title\" content=\"Wrangler Damen Retro Mid Rise Bootcut Jeans - Markt-XXL\" \/>\n<meta property=\"og:description\" content=\"Markt-XXL Wrangler Damen Retro Mid Rise Bootcut Jeans\" \/>\n<meta property=\"og:url\" content=\"https:\/\/marktxxl.de\/markt\/produkt\/wrangler-damen-retro-mid-rise-bootcut-jeans\/\" \/>\n<meta property=\"og:site_name\" content=\"Markt-XXL\" \/>\n<meta property=\"article:modified_time\" content=\"2023-04-11T03:00:31+00:00\" \/>\n<meta property=\"og:image\" content=\"https:\/\/m.media-amazon.com\/images\/I\/31HRzJCzIvL._SL500_.jpg\" \/>\n\t<meta property=\"og:image:width\" content=\"500\" \/>\n\t<meta property=\"og:image:height\" content=\"500\" \/>\n\t<meta property=\"og:image:type\" content=\"image\/jpeg\" \/>\n<meta name=\"twitter:card\" content=\"summary_large_image\" \/>\n<meta name=\"twitter:label1\" content=\"Gesch\u00e4tzte Lesezeit\" \/>\n\t<meta name=\"twitter:data1\" content=\"1\u00a0Minute\" \/>\n<script type=\"application\/ld+json\" class=\"yoast-schema-graph\">{\"@context\":\"https:\\\/\\\/schema.org\",\"@graph\":[{\"@type\":\"WebPage\",\"@id\":\"https:\\\/\\\/marktxxl.de\\\/markt\\\/produkt\\\/wrangler-damen-retro-mid-rise-bootcut-jeans\\\/\",\"url\":\"https:\\\/\\\/marktxxl.de\\\/markt\\\/produkt\\\/wrangler-damen-retro-mid-rise-bootcut-jeans\\\/\",\"name\":\"Wrangler Damen Retro Mid Rise Bootcut Jeans - Markt-XXL\",\"isPartOf\":{\"@id\":\"https:\\\/\\\/marktxxl.de\\\/markt\\\/#website\"},\"primaryImageOfPage\":{\"@id\":\"https:\\\/\\\/marktxxl.de\\\/markt\\\/produkt\\\/wrangler-damen-retro-mid-rise-bootcut-jeans\\\/#primaryimage\"},\"image\":{\"@id\":\"https:\\\/\\\/marktxxl.de\\\/markt\\\/produkt\\\/wrangler-damen-retro-mid-rise-bootcut-jeans\\\/#primaryimage\"},\"thumbnailUrl\":\"https:\\\/\\\/m.media-amazon.com\\\/images\\\/I\\\/31HRzJCzIvL._SL500_.jpg\",\"datePublished\":\"2022-12-11T03:01:40+00:00\",\"dateModified\":\"2023-04-11T03:00:31+00:00\",\"description\":\"Markt-XXL Wrangler Damen Retro Mid Rise Bootcut Jeans\",\"breadcrumb\":{\"@id\":\"https:\\\/\\\/marktxxl.de\\\/markt\\\/produkt\\\/wrangler-damen-retro-mid-rise-bootcut-jeans\\\/#breadcrumb\"},\"inLanguage\":\"de\",\"potentialAction\":[{\"@type\":\"ReadAction\",\"target\":[\"https:\\\/\\\/marktxxl.de\\\/markt\\\/produkt\\\/wrangler-damen-retro-mid-rise-bootcut-jeans\\\/\"]}]},{\"@type\":\"ImageObject\",\"inLanguage\":\"de\",\"@id\":\"https:\\\/\\\/marktxxl.de\\\/markt\\\/produkt\\\/wrangler-damen-retro-mid-rise-bootcut-jeans\\\/#primaryimage\",\"url\":\"https:\\\/\\\/m.media-amazon.com\\\/images\\\/I\\\/31HRzJCzIvL._SL500_.jpg\",\"contentUrl\":\"https:\\\/\\\/m.media-amazon.com\\\/images\\\/I\\\/31HRzJCzIvL._SL500_.jpg\",\"width\":500,\"height\":500},{\"@type\":\"BreadcrumbList\",\"@id\":\"https:\\\/\\\/marktxxl.de\\\/markt\\\/produkt\\\/wrangler-damen-retro-mid-rise-bootcut-jeans\\\/#breadcrumb\",\"itemListElement\":[{\"@type\":\"ListItem\",\"position\":1,\"name\":\"Startseite\",\"item\":\"https:\\\/\\\/marktxxl.de\\\/markt\\\/\"},{\"@type\":\"ListItem\",\"position\":2,\"name\":\"Markt\",\"item\":\"https:\\\/\\\/marktxxl.de\\\/markt\\\/\"},{\"@type\":\"ListItem\",\"position\":3,\"name\":\"Wrangler Damen Retro Mid Rise Bootcut Jeans\"}]},{\"@type\":\"WebSite\",\"@id\":\"https:\\\/\\\/marktxxl.de\\\/markt\\\/#website\",\"url\":\"https:\\\/\\\/marktxxl.de\\\/markt\\\/\",\"name\":\"Markt-XXL\",\"description\":\"Ihr Markt Online\",\"publisher\":{\"@id\":\"https:\\\/\\\/marktxxl.de\\\/markt\\\/#organization\"},\"potentialAction\":[{\"@type\":\"SearchAction\",\"target\":{\"@type\":\"EntryPoint\",\"urlTemplate\":\"https:\\\/\\\/marktxxl.de\\\/markt\\\/?s={search_term_string}\"},\"query-input\":{\"@type\":\"PropertyValueSpecification\",\"valueRequired\":true,\"valueName\":\"search_term_string\"}}],\"inLanguage\":\"de\"},{\"@type\":\"Organization\",\"@id\":\"https:\\\/\\\/marktxxl.de\\\/markt\\\/#organization\",\"name\":\"Markt-XXL\",\"url\":\"https:\\\/\\\/marktxxl.de\\\/markt\\\/\",\"logo\":{\"@type\":\"ImageObject\",\"inLanguage\":\"de\",\"@id\":\"https:\\\/\\\/marktxxl.de\\\/markt\\\/#\\\/schema\\\/logo\\\/image\\\/\",\"url\":\"https:\\\/\\\/marktxxl.de\\\/markt\\\/wp-content\\\/uploads\\\/sites\\\/3\\\/2020\\\/12\\\/logo.png\",\"contentUrl\":\"https:\\\/\\\/marktxxl.de\\\/markt\\\/wp-content\\\/uploads\\\/sites\\\/3\\\/2020\\\/12\\\/logo.png\",\"width\":200,\"height\":70,\"caption\":\"Markt-XXL\"},\"image\":{\"@id\":\"https:\\\/\\\/marktxxl.de\\\/markt\\\/#\\\/schema\\\/logo\\\/image\\\/\"}}]}<\/script>\n<!-- \/ Yoast SEO plugin. -->","yoast_head_json":{"title":"Wrangler Damen Retro Mid Rise Bootcut Jeans - Markt-XXL","description":"Markt-XXL Wrangler Damen Retro Mid Rise Bootcut Jeans","robots":{"index":"index","follow":"follow","max-snippet":"max-snippet:-1","max-image-preview":"max-image-preview:large","max-video-preview":"max-video-preview:-1"},"canonical":"https:\/\/marktxxl.de\/markt\/produkt\/wrangler-damen-retro-mid-rise-bootcut-jeans\/","og_locale":"de_DE","og_type":"article","og_title":"Wrangler Damen Retro Mid Rise Bootcut Jeans - Markt-XXL","og_description":"Markt-XXL Wrangler Damen Retro Mid Rise Bootcut Jeans","og_url":"https:\/\/marktxxl.de\/markt\/produkt\/wrangler-damen-retro-mid-rise-bootcut-jeans\/","og_site_name":"Markt-XXL","article_modified_time":"2023-04-11T03:00:31+00:00","og_image":[{"width":500,"height":500,"url":"https:\/\/m.media-amazon.com\/images\/I\/31HRzJCzIvL._SL500_.jpg","type":"image\/jpeg"}],"twitter_card":"summary_large_image","twitter_misc":{"Gesch\u00e4tzte Lesezeit":"1\u00a0Minute"},"schema":{"@context":"https:\/\/schema.org","@graph":[{"@type":"WebPage","@id":"https:\/\/marktxxl.de\/markt\/produkt\/wrangler-damen-retro-mid-rise-bootcut-jeans\/","url":"https:\/\/marktxxl.de\/markt\/produkt\/wrangler-damen-retro-mid-rise-bootcut-jeans\/","name":"Wrangler Damen Retro Mid Rise Bootcut Jeans - Markt-XXL","isPartOf":{"@id":"https:\/\/marktxxl.de\/markt\/#website"},"primaryImageOfPage":{"@id":"https:\/\/marktxxl.de\/markt\/produkt\/wrangler-damen-retro-mid-rise-bootcut-jeans\/#primaryimage"},"image":{"@id":"https:\/\/marktxxl.de\/markt\/produkt\/wrangler-damen-retro-mid-rise-bootcut-jeans\/#primaryimage"},"thumbnailUrl":"https:\/\/m.media-amazon.com\/images\/I\/31HRzJCzIvL._SL500_.jpg","datePublished":"2022-12-11T03:01:40+00:00","dateModified":"2023-04-11T03:00:31+00:00","description":"Markt-XXL Wrangler Damen Retro Mid Rise Bootcut Jeans","breadcrumb":{"@id":"https:\/\/marktxxl.de\/markt\/produkt\/wrangler-damen-retro-mid-rise-bootcut-jeans\/#breadcrumb"},"inLanguage":"de","potentialAction":[{"@type":"ReadAction","target":["https:\/\/marktxxl.de\/markt\/produkt\/wrangler-damen-retro-mid-rise-bootcut-jeans\/"]}]},{"@type":"ImageObject","inLanguage":"de","@id":"https:\/\/marktxxl.de\/markt\/produkt\/wrangler-damen-retro-mid-rise-bootcut-jeans\/#primaryimage","url":"https:\/\/m.media-amazon.com\/images\/I\/31HRzJCzIvL._SL500_.jpg","contentUrl":"https:\/\/m.media-amazon.com\/images\/I\/31HRzJCzIvL._SL500_.jpg","width":500,"height":500},{"@type":"BreadcrumbList","@id":"https:\/\/marktxxl.de\/markt\/produkt\/wrangler-damen-retro-mid-rise-bootcut-jeans\/#breadcrumb","itemListElement":[{"@type":"ListItem","position":1,"name":"Startseite","item":"https:\/\/marktxxl.de\/markt\/"},{"@type":"ListItem","position":2,"name":"Markt","item":"https:\/\/marktxxl.de\/markt\/"},{"@type":"ListItem","position":3,"name":"Wrangler Damen Retro Mid Rise Bootcut Jeans"}]},{"@type":"WebSite","@id":"https:\/\/marktxxl.de\/markt\/#website","url":"https:\/\/marktxxl.de\/markt\/","name":"Markt-XXL","description":"Ihr Markt Online","publisher":{"@id":"https:\/\/marktxxl.de\/markt\/#organization"},"potentialAction":[{"@type":"SearchAction","target":{"@type":"EntryPoint","urlTemplate":"https:\/\/marktxxl.de\/markt\/?s={search_term_string}"},"query-input":{"@type":"PropertyValueSpecification","valueRequired":true,"valueName":"search_term_string"}}],"inLanguage":"de"},{"@type":"Organization","@id":"https:\/\/marktxxl.de\/markt\/#organization","name":"Markt-XXL","url":"https:\/\/marktxxl.de\/markt\/","logo":{"@type":"ImageObject","inLanguage":"de","@id":"https:\/\/marktxxl.de\/markt\/#\/schema\/logo\/image\/","url":"https:\/\/marktxxl.de\/markt\/wp-content\/uploads\/sites\/3\/2020\/12\/logo.png","contentUrl":"https:\/\/marktxxl.de\/markt\/wp-content\/uploads\/sites\/3\/2020\/12\/logo.png","width":200,"height":70,"caption":"Markt-XXL"},"image":{"@id":"https:\/\/marktxxl.de\/markt\/#\/schema\/logo\/image\/"}}]}},"_links":{"self":[{"href":"https:\/\/marktxxl.de\/markt\/wp-json\/wp\/v2\/product\/172499","targetHints":{"allow":["GET"]}}],"collection":[{"href":"https:\/\/marktxxl.de\/markt\/wp-json\/wp\/v2\/product"}],"about":[{"href":"https:\/\/marktxxl.de\/markt\/wp-json\/wp\/v2\/types\/product"}],"replies":[{"embeddable":true,"href":"https:\/\/marktxxl.de\/markt\/wp-json\/wp\/v2\/comments?post=172499"}],"wp:featuredmedia":[{"embeddable":true,"href":"https:\/\/marktxxl.de\/markt\/wp-json\/wp\/v2\/media\/172500"}],"wp:attachment":[{"href":"https:\/\/marktxxl.de\/markt\/wp-json\/wp\/v2\/media?parent=172499"}],"wp:term":[{"taxonomy":"product_brand","embeddable":true,"href":"https:\/\/marktxxl.de\/markt\/wp-json\/wp\/v2\/product_brand?post=172499"},{"taxonomy":"product_cat","embeddable":true,"href":"https:\/\/marktxxl.de\/markt\/wp-json\/wp\/v2\/product_cat?post=172499"},{"taxonomy":"product_tag","embeddable":true,"href":"https:\/\/marktxxl.de\/markt\/wp-json\/wp\/v2\/product_tag?post=172499"}],"curies":[{"name":"wp","href":"https:\/\/api.w.org\/{rel}","templated":true}]}}