{"id":172447,"date":"2022-12-11T03:58:48","date_gmt":"2022-12-11T02:58:48","guid":{"rendered":"https:\/\/marktxxl.de\/markt\/produkt\/frosch-eimer-hut-oder-kuh-flamingo-hut-mit-50-aufkleber-fischerhut-frosch-stil\/"},"modified":"2023-04-11T05:00:29","modified_gmt":"2023-04-11T03:00:29","slug":"frosch-eimer-hut-oder-kuh-flamingo-hut-mit-50-aufkleber-fischerhut-frosch-stil","status":"publish","type":"product","link":"https:\/\/marktxxl.de\/markt\/produkt\/frosch-eimer-hut-oder-kuh-flamingo-hut-mit-50-aufkleber-fischerhut-frosch-stil\/","title":{"rendered":"Frosch Eimer Hut oder Kuh Flamingo Hut mit 50 Aufkleber Fischerhut (Frosch Stil)"},"content":{"rendered":"<p>Was Sie bekommen: Das Paket enth\u00e4lt 1 St\u00fcck niedlichen Froschhut und 50 St\u00fcck Froschaufkleber, mit denen Sie bequem DIY-Dekorationen herstellen k\u00f6nnen<br \/>\nSch\u00f6n und chic: Mit klassischen Farben und liebenswert Design bringt der Sommer Eimer Hut Menschen ein einfache und elegantes Gef\u00fchl, das Tragen wird es Ihnen s\u00fc\u00dfe und liebliche aussehen lassen, der l\u00e4ssige Stil f\u00fcr die meisten Erwachsene und Jugendliche geeignet ist; Der Hut ist f\u00fcr ein Kind vielleicht etwas gro\u00df, kann aber einen sch\u00f6nen Sonnenschutz bieten<br \/>\nBequemes Material: Der Sommer-Eimerhut besteht aus hochwertiger Baumwolle, die atmungsaktiv und leicht ist, nicht leicht zu tragen, weich und feuchtigkeitstransportierend ist, Sie k\u00fchl h\u00e4lt und Komfort bietet und Sie lange begleiten kann<br \/>\nTragbar: Die Eimerkappe ist leicht zu tragen, leicht und faltbar, kann leicht gefaltet und in eine kleine Gr\u00f6\u00dfe verpackt werden, um in eine kleine Tasche oder Tasche zu passen, praktisch f\u00fcr den t\u00e4glichen Gebrauch und auf Reisen<br \/>\nBreite Anwendbarkeit: Der Sonnenschutzhut kann f\u00fcr Schule, Einkaufen, Arbeit, Urlaub verwendet werden, auch sehr gut f\u00fcr Outdoor-Aktivit\u00e4ten wie Angeln, Wandern, Camping, Reisen, Jagen usw. geeignet; Die niedliche Fischerm\u00fctze kann auch ein sch\u00f6nes Geschenk f\u00fcr Freunde und Familie sein<br \/>\n<div class=\"main-cross-sell\" data-asin=\"B08V8CDQN2\">\n\n\t<div class=\"WooZone-cross-sell-loader\">\n\t\t<div>\n\t\t\t<div id=\"floatingBarsG\">\n\t\t\t\t<div class=\"blockG\" id=\"rotateG_01\"><\/div>\n\t\t\t\t<div class=\"blockG\" id=\"rotateG_02\"><\/div>\n\t\t\t\t<div class=\"blockG\" id=\"rotateG_03\"><\/div>\n\t\t\t\t<div class=\"blockG\" id=\"rotateG_04\"><\/div>\n\t\t\t\t<div class=\"blockG\" id=\"rotateG_05\"><\/div>\n\t\t\t\t<div class=\"blockG\" id=\"rotateG_06\"><\/div>\n\t\t\t\t<div class=\"blockG\" id=\"rotateG_07\"><\/div>\n\t\t\t\t<div class=\"blockG\" id=\"rotateG_08\"><\/div>\n\t\t\t<\/div>\n\t\t\t<div class=\"WooZone-cross-sell-loader-text\"><\/div>\n\t\t<\/div>\n\t<\/div>\n\n\t\t\n<\/div>\n<div style=\"clear:both;\"><\/div><\/p>\n","protected":false},"excerpt":{"rendered":"<p>Was Sie bekommen: Das Paket enth\u00e4lt 1 St\u00fcck niedlichen Froschhut und 50 St\u00fcck Froschaufkleber, mit denen Sie bequem DIY-Dekorationen herstellen k\u00f6nnen<br \/>\nSch\u00f6n und chic: Mit klassischen Farben und liebenswert Design bringt der Sommer Eimer Hut Menschen ein einfache und elegantes Gef\u00fchl, das Tragen wird es Ihnen s\u00fc\u00dfe und liebliche aussehen lassen, der l\u00e4ssige Stil f\u00fcr die meisten Erwachsene und Jugendliche geeignet ist; Der Hut ist f\u00fcr ein Kind vielleicht etwas gro\u00df, kann aber einen sch\u00f6nen Sonnenschutz bieten<br \/>\nBequemes Material: Der Sommer-Eimerhut besteht aus hochwertiger Baumwolle, die atmungsaktiv und leicht ist, nicht leicht zu tragen, weich und feuchtigkeitstransportierend ist, Sie k\u00fchl h\u00e4lt und Komfort bietet und Sie lange begleiten kann<\/p>\n","protected":false},"featured_media":172448,"comment_status":"open","ping_status":"closed","template":"","meta":[],"product_brand":[],"product_cat":[1186,3920],"product_tag":[],"class_list":{"0":"post-172447","1":"product","2":"type-product","3":"status-publish","4":"has-post-thumbnail","6":"product_cat-bekleidung","7":"product_cat-damen","8":"pa_binding-textilien","9":"pa_brand-syhood","10":"pa_color-hauptsaechlich-gruen","11":"pa_manufacturer-syhood","12":"pa_size-wie-abgebildet","14":"first","15":"instock","16":"shipping-taxable","17":"purchasable","18":"product-type-simple","19":"customify-col","20":"product-has-gallery"},"yoast_head":"<!-- This site is optimized with the Yoast SEO plugin v27.3 - https:\/\/yoast.com\/product\/yoast-seo-wordpress\/ -->\n<title>Frosch Eimer Hut oder Kuh Flamingo Hut mit 50 Aufkleber Fischerhut (Frosch Stil) - Markt-XXL<\/title>\n<meta name=\"description\" content=\"Markt-XXL Frosch Eimer Hut oder Kuh Flamingo Hut mit 50 Aufkleber Fischerhut (Frosch Stil)\" \/>\n<meta name=\"robots\" content=\"index, follow, max-snippet:-1, max-image-preview:large, max-video-preview:-1\" \/>\n<link rel=\"canonical\" href=\"https:\/\/marktxxl.de\/markt\/produkt\/frosch-eimer-hut-oder-kuh-flamingo-hut-mit-50-aufkleber-fischerhut-frosch-stil\/\" \/>\n<meta property=\"og:locale\" content=\"de_DE\" \/>\n<meta property=\"og:type\" content=\"article\" \/>\n<meta property=\"og:title\" content=\"Frosch Eimer Hut oder Kuh Flamingo Hut mit 50 Aufkleber Fischerhut (Frosch Stil) - Markt-XXL\" \/>\n<meta property=\"og:description\" content=\"Markt-XXL Frosch Eimer Hut oder Kuh Flamingo Hut mit 50 Aufkleber Fischerhut (Frosch Stil)\" \/>\n<meta property=\"og:url\" content=\"https:\/\/marktxxl.de\/markt\/produkt\/frosch-eimer-hut-oder-kuh-flamingo-hut-mit-50-aufkleber-fischerhut-frosch-stil\/\" \/>\n<meta property=\"og:site_name\" content=\"Markt-XXL\" \/>\n<meta property=\"article:modified_time\" content=\"2023-04-11T03:00:29+00:00\" \/>\n<meta property=\"og:image\" content=\"https:\/\/m.media-amazon.com\/images\/I\/515caYIARiL._SL500_.jpg\" \/>\n\t<meta property=\"og:image:width\" content=\"500\" \/>\n\t<meta property=\"og:image:height\" content=\"500\" \/>\n\t<meta property=\"og:image:type\" content=\"image\/jpeg\" \/>\n<meta name=\"twitter:card\" content=\"summary_large_image\" \/>\n<meta name=\"twitter:label1\" content=\"Gesch\u00e4tzte Lesezeit\" \/>\n\t<meta name=\"twitter:data1\" content=\"1\u00a0Minute\" \/>\n<script type=\"application\/ld+json\" class=\"yoast-schema-graph\">{\"@context\":\"https:\\\/\\\/schema.org\",\"@graph\":[{\"@type\":\"WebPage\",\"@id\":\"https:\\\/\\\/marktxxl.de\\\/markt\\\/produkt\\\/frosch-eimer-hut-oder-kuh-flamingo-hut-mit-50-aufkleber-fischerhut-frosch-stil\\\/\",\"url\":\"https:\\\/\\\/marktxxl.de\\\/markt\\\/produkt\\\/frosch-eimer-hut-oder-kuh-flamingo-hut-mit-50-aufkleber-fischerhut-frosch-stil\\\/\",\"name\":\"Frosch Eimer Hut oder Kuh Flamingo Hut mit 50 Aufkleber Fischerhut (Frosch Stil) - Markt-XXL\",\"isPartOf\":{\"@id\":\"https:\\\/\\\/marktxxl.de\\\/markt\\\/#website\"},\"primaryImageOfPage\":{\"@id\":\"https:\\\/\\\/marktxxl.de\\\/markt\\\/produkt\\\/frosch-eimer-hut-oder-kuh-flamingo-hut-mit-50-aufkleber-fischerhut-frosch-stil\\\/#primaryimage\"},\"image\":{\"@id\":\"https:\\\/\\\/marktxxl.de\\\/markt\\\/produkt\\\/frosch-eimer-hut-oder-kuh-flamingo-hut-mit-50-aufkleber-fischerhut-frosch-stil\\\/#primaryimage\"},\"thumbnailUrl\":\"https:\\\/\\\/m.media-amazon.com\\\/images\\\/I\\\/515caYIARiL._SL500_.jpg\",\"datePublished\":\"2022-12-11T02:58:48+00:00\",\"dateModified\":\"2023-04-11T03:00:29+00:00\",\"description\":\"Markt-XXL Frosch Eimer Hut oder Kuh Flamingo Hut mit 50 Aufkleber Fischerhut (Frosch Stil)\",\"breadcrumb\":{\"@id\":\"https:\\\/\\\/marktxxl.de\\\/markt\\\/produkt\\\/frosch-eimer-hut-oder-kuh-flamingo-hut-mit-50-aufkleber-fischerhut-frosch-stil\\\/#breadcrumb\"},\"inLanguage\":\"de\",\"potentialAction\":[{\"@type\":\"ReadAction\",\"target\":[\"https:\\\/\\\/marktxxl.de\\\/markt\\\/produkt\\\/frosch-eimer-hut-oder-kuh-flamingo-hut-mit-50-aufkleber-fischerhut-frosch-stil\\\/\"]}]},{\"@type\":\"ImageObject\",\"inLanguage\":\"de\",\"@id\":\"https:\\\/\\\/marktxxl.de\\\/markt\\\/produkt\\\/frosch-eimer-hut-oder-kuh-flamingo-hut-mit-50-aufkleber-fischerhut-frosch-stil\\\/#primaryimage\",\"url\":\"https:\\\/\\\/m.media-amazon.com\\\/images\\\/I\\\/515caYIARiL._SL500_.jpg\",\"contentUrl\":\"https:\\\/\\\/m.media-amazon.com\\\/images\\\/I\\\/515caYIARiL._SL500_.jpg\",\"width\":500,\"height\":500},{\"@type\":\"BreadcrumbList\",\"@id\":\"https:\\\/\\\/marktxxl.de\\\/markt\\\/produkt\\\/frosch-eimer-hut-oder-kuh-flamingo-hut-mit-50-aufkleber-fischerhut-frosch-stil\\\/#breadcrumb\",\"itemListElement\":[{\"@type\":\"ListItem\",\"position\":1,\"name\":\"Startseite\",\"item\":\"https:\\\/\\\/marktxxl.de\\\/markt\\\/\"},{\"@type\":\"ListItem\",\"position\":2,\"name\":\"Markt\",\"item\":\"https:\\\/\\\/marktxxl.de\\\/markt\\\/\"},{\"@type\":\"ListItem\",\"position\":3,\"name\":\"Frosch Eimer Hut oder Kuh Flamingo Hut mit 50 Aufkleber Fischerhut (Frosch Stil)\"}]},{\"@type\":\"WebSite\",\"@id\":\"https:\\\/\\\/marktxxl.de\\\/markt\\\/#website\",\"url\":\"https:\\\/\\\/marktxxl.de\\\/markt\\\/\",\"name\":\"Markt-XXL\",\"description\":\"Ihr Markt Online\",\"publisher\":{\"@id\":\"https:\\\/\\\/marktxxl.de\\\/markt\\\/#organization\"},\"potentialAction\":[{\"@type\":\"SearchAction\",\"target\":{\"@type\":\"EntryPoint\",\"urlTemplate\":\"https:\\\/\\\/marktxxl.de\\\/markt\\\/?s={search_term_string}\"},\"query-input\":{\"@type\":\"PropertyValueSpecification\",\"valueRequired\":true,\"valueName\":\"search_term_string\"}}],\"inLanguage\":\"de\"},{\"@type\":\"Organization\",\"@id\":\"https:\\\/\\\/marktxxl.de\\\/markt\\\/#organization\",\"name\":\"Markt-XXL\",\"url\":\"https:\\\/\\\/marktxxl.de\\\/markt\\\/\",\"logo\":{\"@type\":\"ImageObject\",\"inLanguage\":\"de\",\"@id\":\"https:\\\/\\\/marktxxl.de\\\/markt\\\/#\\\/schema\\\/logo\\\/image\\\/\",\"url\":\"https:\\\/\\\/marktxxl.de\\\/markt\\\/wp-content\\\/uploads\\\/sites\\\/3\\\/2020\\\/12\\\/logo.png\",\"contentUrl\":\"https:\\\/\\\/marktxxl.de\\\/markt\\\/wp-content\\\/uploads\\\/sites\\\/3\\\/2020\\\/12\\\/logo.png\",\"width\":200,\"height\":70,\"caption\":\"Markt-XXL\"},\"image\":{\"@id\":\"https:\\\/\\\/marktxxl.de\\\/markt\\\/#\\\/schema\\\/logo\\\/image\\\/\"}}]}<\/script>\n<!-- \/ Yoast SEO plugin. -->","yoast_head_json":{"title":"Frosch Eimer Hut oder Kuh Flamingo Hut mit 50 Aufkleber Fischerhut (Frosch Stil) - Markt-XXL","description":"Markt-XXL Frosch Eimer Hut oder Kuh Flamingo Hut mit 50 Aufkleber Fischerhut (Frosch Stil)","robots":{"index":"index","follow":"follow","max-snippet":"max-snippet:-1","max-image-preview":"max-image-preview:large","max-video-preview":"max-video-preview:-1"},"canonical":"https:\/\/marktxxl.de\/markt\/produkt\/frosch-eimer-hut-oder-kuh-flamingo-hut-mit-50-aufkleber-fischerhut-frosch-stil\/","og_locale":"de_DE","og_type":"article","og_title":"Frosch Eimer Hut oder Kuh Flamingo Hut mit 50 Aufkleber Fischerhut (Frosch Stil) - Markt-XXL","og_description":"Markt-XXL Frosch Eimer Hut oder Kuh Flamingo Hut mit 50 Aufkleber Fischerhut (Frosch Stil)","og_url":"https:\/\/marktxxl.de\/markt\/produkt\/frosch-eimer-hut-oder-kuh-flamingo-hut-mit-50-aufkleber-fischerhut-frosch-stil\/","og_site_name":"Markt-XXL","article_modified_time":"2023-04-11T03:00:29+00:00","og_image":[{"width":500,"height":500,"url":"https:\/\/m.media-amazon.com\/images\/I\/515caYIARiL._SL500_.jpg","type":"image\/jpeg"}],"twitter_card":"summary_large_image","twitter_misc":{"Gesch\u00e4tzte Lesezeit":"1\u00a0Minute"},"schema":{"@context":"https:\/\/schema.org","@graph":[{"@type":"WebPage","@id":"https:\/\/marktxxl.de\/markt\/produkt\/frosch-eimer-hut-oder-kuh-flamingo-hut-mit-50-aufkleber-fischerhut-frosch-stil\/","url":"https:\/\/marktxxl.de\/markt\/produkt\/frosch-eimer-hut-oder-kuh-flamingo-hut-mit-50-aufkleber-fischerhut-frosch-stil\/","name":"Frosch Eimer Hut oder Kuh Flamingo Hut mit 50 Aufkleber Fischerhut (Frosch Stil) - Markt-XXL","isPartOf":{"@id":"https:\/\/marktxxl.de\/markt\/#website"},"primaryImageOfPage":{"@id":"https:\/\/marktxxl.de\/markt\/produkt\/frosch-eimer-hut-oder-kuh-flamingo-hut-mit-50-aufkleber-fischerhut-frosch-stil\/#primaryimage"},"image":{"@id":"https:\/\/marktxxl.de\/markt\/produkt\/frosch-eimer-hut-oder-kuh-flamingo-hut-mit-50-aufkleber-fischerhut-frosch-stil\/#primaryimage"},"thumbnailUrl":"https:\/\/m.media-amazon.com\/images\/I\/515caYIARiL._SL500_.jpg","datePublished":"2022-12-11T02:58:48+00:00","dateModified":"2023-04-11T03:00:29+00:00","description":"Markt-XXL Frosch Eimer Hut oder Kuh Flamingo Hut mit 50 Aufkleber Fischerhut (Frosch Stil)","breadcrumb":{"@id":"https:\/\/marktxxl.de\/markt\/produkt\/frosch-eimer-hut-oder-kuh-flamingo-hut-mit-50-aufkleber-fischerhut-frosch-stil\/#breadcrumb"},"inLanguage":"de","potentialAction":[{"@type":"ReadAction","target":["https:\/\/marktxxl.de\/markt\/produkt\/frosch-eimer-hut-oder-kuh-flamingo-hut-mit-50-aufkleber-fischerhut-frosch-stil\/"]}]},{"@type":"ImageObject","inLanguage":"de","@id":"https:\/\/marktxxl.de\/markt\/produkt\/frosch-eimer-hut-oder-kuh-flamingo-hut-mit-50-aufkleber-fischerhut-frosch-stil\/#primaryimage","url":"https:\/\/m.media-amazon.com\/images\/I\/515caYIARiL._SL500_.jpg","contentUrl":"https:\/\/m.media-amazon.com\/images\/I\/515caYIARiL._SL500_.jpg","width":500,"height":500},{"@type":"BreadcrumbList","@id":"https:\/\/marktxxl.de\/markt\/produkt\/frosch-eimer-hut-oder-kuh-flamingo-hut-mit-50-aufkleber-fischerhut-frosch-stil\/#breadcrumb","itemListElement":[{"@type":"ListItem","position":1,"name":"Startseite","item":"https:\/\/marktxxl.de\/markt\/"},{"@type":"ListItem","position":2,"name":"Markt","item":"https:\/\/marktxxl.de\/markt\/"},{"@type":"ListItem","position":3,"name":"Frosch Eimer Hut oder Kuh Flamingo Hut mit 50 Aufkleber Fischerhut (Frosch Stil)"}]},{"@type":"WebSite","@id":"https:\/\/marktxxl.de\/markt\/#website","url":"https:\/\/marktxxl.de\/markt\/","name":"Markt-XXL","description":"Ihr Markt Online","publisher":{"@id":"https:\/\/marktxxl.de\/markt\/#organization"},"potentialAction":[{"@type":"SearchAction","target":{"@type":"EntryPoint","urlTemplate":"https:\/\/marktxxl.de\/markt\/?s={search_term_string}"},"query-input":{"@type":"PropertyValueSpecification","valueRequired":true,"valueName":"search_term_string"}}],"inLanguage":"de"},{"@type":"Organization","@id":"https:\/\/marktxxl.de\/markt\/#organization","name":"Markt-XXL","url":"https:\/\/marktxxl.de\/markt\/","logo":{"@type":"ImageObject","inLanguage":"de","@id":"https:\/\/marktxxl.de\/markt\/#\/schema\/logo\/image\/","url":"https:\/\/marktxxl.de\/markt\/wp-content\/uploads\/sites\/3\/2020\/12\/logo.png","contentUrl":"https:\/\/marktxxl.de\/markt\/wp-content\/uploads\/sites\/3\/2020\/12\/logo.png","width":200,"height":70,"caption":"Markt-XXL"},"image":{"@id":"https:\/\/marktxxl.de\/markt\/#\/schema\/logo\/image\/"}}]}},"_links":{"self":[{"href":"https:\/\/marktxxl.de\/markt\/wp-json\/wp\/v2\/product\/172447","targetHints":{"allow":["GET"]}}],"collection":[{"href":"https:\/\/marktxxl.de\/markt\/wp-json\/wp\/v2\/product"}],"about":[{"href":"https:\/\/marktxxl.de\/markt\/wp-json\/wp\/v2\/types\/product"}],"replies":[{"embeddable":true,"href":"https:\/\/marktxxl.de\/markt\/wp-json\/wp\/v2\/comments?post=172447"}],"wp:featuredmedia":[{"embeddable":true,"href":"https:\/\/marktxxl.de\/markt\/wp-json\/wp\/v2\/media\/172448"}],"wp:attachment":[{"href":"https:\/\/marktxxl.de\/markt\/wp-json\/wp\/v2\/media?parent=172447"}],"wp:term":[{"taxonomy":"product_brand","embeddable":true,"href":"https:\/\/marktxxl.de\/markt\/wp-json\/wp\/v2\/product_brand?post=172447"},{"taxonomy":"product_cat","embeddable":true,"href":"https:\/\/marktxxl.de\/markt\/wp-json\/wp\/v2\/product_cat?post=172447"},{"taxonomy":"product_tag","embeddable":true,"href":"https:\/\/marktxxl.de\/markt\/wp-json\/wp\/v2\/product_tag?post=172447"}],"curies":[{"name":"wp","href":"https:\/\/api.w.org\/{rel}","templated":true}]}}