{"id":172385,"date":"2022-12-11T03:56:00","date_gmt":"2022-12-11T02:56:00","guid":{"rendered":"https:\/\/marktxxl.de\/markt\/produkt\/michael-kors-jet-set-travel-medium-zip-around-card-case-vanilla\/"},"modified":"2023-04-11T05:00:28","modified_gmt":"2023-04-11T03:00:28","slug":"michael-kors-jet-set-travel-medium-zip-around-card-case-vanilla","status":"publish","type":"product","link":"https:\/\/marktxxl.de\/markt\/produkt\/michael-kors-jet-set-travel-medium-zip-around-card-case-vanilla\/","title":{"rendered":"Michael Kors Jet Set Travel Medium Zip Around Card Case Vanilla"},"content":{"rendered":"<p>Ungef\u00e4hre Gr\u00f6\u00dfe: Ma\u00dfe (H x B x T): 8,3 x 11,4 x 2,3 cm<br \/>\nFarbe: Vanille, Goldton, Material: beschichtetes Segeltuch und echtes Leder mit goldfarbenen Imitationen<br \/>\nMichael Kors Logo auf der Vorderseite, runder Rei\u00dfverschluss<br \/>\n4 F\u00e4cher f\u00fcr Kreditkarten, 1 Innenfach f\u00fcr Mitte, 2 offene Innenf\u00e4cher, 2 Kreditkartenf\u00e4cher, 2 Kreditkartenf\u00e4cher au\u00dfen, 2 Kreditkartenf\u00e4cher<br \/>\nImportiert<br \/>\n<div class=\"main-cross-sell\" data-asin=\"B09RVMH7M2\">\n\n\t<div class=\"WooZone-cross-sell-loader\">\n\t\t<div>\n\t\t\t<div id=\"floatingBarsG\">\n\t\t\t\t<div class=\"blockG\" id=\"rotateG_01\"><\/div>\n\t\t\t\t<div class=\"blockG\" id=\"rotateG_02\"><\/div>\n\t\t\t\t<div class=\"blockG\" id=\"rotateG_03\"><\/div>\n\t\t\t\t<div class=\"blockG\" id=\"rotateG_04\"><\/div>\n\t\t\t\t<div class=\"blockG\" id=\"rotateG_05\"><\/div>\n\t\t\t\t<div class=\"blockG\" id=\"rotateG_06\"><\/div>\n\t\t\t\t<div class=\"blockG\" id=\"rotateG_07\"><\/div>\n\t\t\t\t<div class=\"blockG\" id=\"rotateG_08\"><\/div>\n\t\t\t<\/div>\n\t\t\t<div class=\"WooZone-cross-sell-loader-text\"><\/div>\n\t\t<\/div>\n\t<\/div>\n\n\t\t\n<\/div>\n<div style=\"clear:both;\"><\/div><\/p>\n","protected":false},"excerpt":{"rendered":"<p>Ungef\u00e4hre Gr\u00f6\u00dfe: Ma\u00dfe (H x B x T): 8,3 x 11,4 x 2,3 cm<br \/>\nFarbe: Vanille, Goldton, Material: beschichtetes Segeltuch und echtes Leder mit goldfarbenen Imitationen<br \/>\nMichael Kors Logo auf der Vorderseite, runder Rei\u00dfverschluss<\/p>\n","protected":false},"featured_media":172386,"comment_status":"open","ping_status":"closed","template":"","meta":[],"product_brand":[],"product_cat":[1186,3920],"product_tag":[],"class_list":{"0":"post-172385","1":"product","2":"type-product","3":"status-publish","4":"has-post-thumbnail","6":"product_cat-bekleidung","7":"product_cat-damen","8":"pa_binding-unbekannter-einband","9":"pa_brand-michael-kors","10":"pa_color-vanille","11":"pa_size-s","12":"pa_weight-0-26-pfund","14":"first","15":"instock","16":"shipping-taxable","17":"purchasable","18":"product-type-simple","19":"customify-col","20":"product-has-gallery"},"yoast_head":"<!-- This site is optimized with the Yoast SEO plugin v27.3 - https:\/\/yoast.com\/product\/yoast-seo-wordpress\/ -->\n<title>Michael Kors Jet Set Travel Medium Zip Around Card Case Vanilla - Markt-XXL<\/title>\n<meta name=\"description\" content=\"Markt-XXL Michael Kors Jet Set Travel Medium Zip Around Card Case Vanilla\" \/>\n<meta name=\"robots\" content=\"index, follow, max-snippet:-1, max-image-preview:large, max-video-preview:-1\" \/>\n<link rel=\"canonical\" href=\"https:\/\/marktxxl.de\/markt\/produkt\/michael-kors-jet-set-travel-medium-zip-around-card-case-vanilla\/\" \/>\n<meta property=\"og:locale\" content=\"de_DE\" \/>\n<meta property=\"og:type\" content=\"article\" \/>\n<meta property=\"og:title\" content=\"Michael Kors Jet Set Travel Medium Zip Around Card Case Vanilla - Markt-XXL\" \/>\n<meta property=\"og:description\" content=\"Markt-XXL Michael Kors Jet Set Travel Medium Zip Around Card Case Vanilla\" \/>\n<meta property=\"og:url\" content=\"https:\/\/marktxxl.de\/markt\/produkt\/michael-kors-jet-set-travel-medium-zip-around-card-case-vanilla\/\" \/>\n<meta property=\"og:site_name\" content=\"Markt-XXL\" \/>\n<meta property=\"article:modified_time\" content=\"2023-04-11T03:00:28+00:00\" \/>\n<meta property=\"og:image\" content=\"https:\/\/m.media-amazon.com\/images\/I\/41RfkfS6FIL._SL500_.jpg\" \/>\n\t<meta property=\"og:image:width\" content=\"500\" \/>\n\t<meta property=\"og:image:height\" content=\"326\" \/>\n\t<meta property=\"og:image:type\" content=\"image\/jpeg\" \/>\n<meta name=\"twitter:card\" content=\"summary_large_image\" \/>\n<script type=\"application\/ld+json\" class=\"yoast-schema-graph\">{\"@context\":\"https:\\\/\\\/schema.org\",\"@graph\":[{\"@type\":\"WebPage\",\"@id\":\"https:\\\/\\\/marktxxl.de\\\/markt\\\/produkt\\\/michael-kors-jet-set-travel-medium-zip-around-card-case-vanilla\\\/\",\"url\":\"https:\\\/\\\/marktxxl.de\\\/markt\\\/produkt\\\/michael-kors-jet-set-travel-medium-zip-around-card-case-vanilla\\\/\",\"name\":\"Michael Kors Jet Set Travel Medium Zip Around Card Case Vanilla - Markt-XXL\",\"isPartOf\":{\"@id\":\"https:\\\/\\\/marktxxl.de\\\/markt\\\/#website\"},\"primaryImageOfPage\":{\"@id\":\"https:\\\/\\\/marktxxl.de\\\/markt\\\/produkt\\\/michael-kors-jet-set-travel-medium-zip-around-card-case-vanilla\\\/#primaryimage\"},\"image\":{\"@id\":\"https:\\\/\\\/marktxxl.de\\\/markt\\\/produkt\\\/michael-kors-jet-set-travel-medium-zip-around-card-case-vanilla\\\/#primaryimage\"},\"thumbnailUrl\":\"https:\\\/\\\/m.media-amazon.com\\\/images\\\/I\\\/41RfkfS6FIL._SL500_.jpg\",\"datePublished\":\"2022-12-11T02:56:00+00:00\",\"dateModified\":\"2023-04-11T03:00:28+00:00\",\"description\":\"Markt-XXL Michael Kors Jet Set Travel Medium Zip Around Card Case Vanilla\",\"breadcrumb\":{\"@id\":\"https:\\\/\\\/marktxxl.de\\\/markt\\\/produkt\\\/michael-kors-jet-set-travel-medium-zip-around-card-case-vanilla\\\/#breadcrumb\"},\"inLanguage\":\"de\",\"potentialAction\":[{\"@type\":\"ReadAction\",\"target\":[\"https:\\\/\\\/marktxxl.de\\\/markt\\\/produkt\\\/michael-kors-jet-set-travel-medium-zip-around-card-case-vanilla\\\/\"]}]},{\"@type\":\"ImageObject\",\"inLanguage\":\"de\",\"@id\":\"https:\\\/\\\/marktxxl.de\\\/markt\\\/produkt\\\/michael-kors-jet-set-travel-medium-zip-around-card-case-vanilla\\\/#primaryimage\",\"url\":\"https:\\\/\\\/m.media-amazon.com\\\/images\\\/I\\\/41RfkfS6FIL._SL500_.jpg\",\"contentUrl\":\"https:\\\/\\\/m.media-amazon.com\\\/images\\\/I\\\/41RfkfS6FIL._SL500_.jpg\",\"width\":500,\"height\":326},{\"@type\":\"BreadcrumbList\",\"@id\":\"https:\\\/\\\/marktxxl.de\\\/markt\\\/produkt\\\/michael-kors-jet-set-travel-medium-zip-around-card-case-vanilla\\\/#breadcrumb\",\"itemListElement\":[{\"@type\":\"ListItem\",\"position\":1,\"name\":\"Startseite\",\"item\":\"https:\\\/\\\/marktxxl.de\\\/markt\\\/\"},{\"@type\":\"ListItem\",\"position\":2,\"name\":\"Markt\",\"item\":\"https:\\\/\\\/marktxxl.de\\\/markt\\\/\"},{\"@type\":\"ListItem\",\"position\":3,\"name\":\"Michael Kors Jet Set Travel Medium Zip Around Card Case Vanilla\"}]},{\"@type\":\"WebSite\",\"@id\":\"https:\\\/\\\/marktxxl.de\\\/markt\\\/#website\",\"url\":\"https:\\\/\\\/marktxxl.de\\\/markt\\\/\",\"name\":\"Markt-XXL\",\"description\":\"Ihr Markt Online\",\"publisher\":{\"@id\":\"https:\\\/\\\/marktxxl.de\\\/markt\\\/#organization\"},\"potentialAction\":[{\"@type\":\"SearchAction\",\"target\":{\"@type\":\"EntryPoint\",\"urlTemplate\":\"https:\\\/\\\/marktxxl.de\\\/markt\\\/?s={search_term_string}\"},\"query-input\":{\"@type\":\"PropertyValueSpecification\",\"valueRequired\":true,\"valueName\":\"search_term_string\"}}],\"inLanguage\":\"de\"},{\"@type\":\"Organization\",\"@id\":\"https:\\\/\\\/marktxxl.de\\\/markt\\\/#organization\",\"name\":\"Markt-XXL\",\"url\":\"https:\\\/\\\/marktxxl.de\\\/markt\\\/\",\"logo\":{\"@type\":\"ImageObject\",\"inLanguage\":\"de\",\"@id\":\"https:\\\/\\\/marktxxl.de\\\/markt\\\/#\\\/schema\\\/logo\\\/image\\\/\",\"url\":\"https:\\\/\\\/marktxxl.de\\\/markt\\\/wp-content\\\/uploads\\\/sites\\\/3\\\/2020\\\/12\\\/logo.png\",\"contentUrl\":\"https:\\\/\\\/marktxxl.de\\\/markt\\\/wp-content\\\/uploads\\\/sites\\\/3\\\/2020\\\/12\\\/logo.png\",\"width\":200,\"height\":70,\"caption\":\"Markt-XXL\"},\"image\":{\"@id\":\"https:\\\/\\\/marktxxl.de\\\/markt\\\/#\\\/schema\\\/logo\\\/image\\\/\"}}]}<\/script>\n<!-- \/ Yoast SEO plugin. -->","yoast_head_json":{"title":"Michael Kors Jet Set Travel Medium Zip Around Card Case Vanilla - Markt-XXL","description":"Markt-XXL Michael Kors Jet Set Travel Medium Zip Around Card Case Vanilla","robots":{"index":"index","follow":"follow","max-snippet":"max-snippet:-1","max-image-preview":"max-image-preview:large","max-video-preview":"max-video-preview:-1"},"canonical":"https:\/\/marktxxl.de\/markt\/produkt\/michael-kors-jet-set-travel-medium-zip-around-card-case-vanilla\/","og_locale":"de_DE","og_type":"article","og_title":"Michael Kors Jet Set Travel Medium Zip Around Card Case Vanilla - Markt-XXL","og_description":"Markt-XXL Michael Kors Jet Set Travel Medium Zip Around Card Case Vanilla","og_url":"https:\/\/marktxxl.de\/markt\/produkt\/michael-kors-jet-set-travel-medium-zip-around-card-case-vanilla\/","og_site_name":"Markt-XXL","article_modified_time":"2023-04-11T03:00:28+00:00","og_image":[{"width":500,"height":326,"url":"https:\/\/m.media-amazon.com\/images\/I\/41RfkfS6FIL._SL500_.jpg","type":"image\/jpeg"}],"twitter_card":"summary_large_image","schema":{"@context":"https:\/\/schema.org","@graph":[{"@type":"WebPage","@id":"https:\/\/marktxxl.de\/markt\/produkt\/michael-kors-jet-set-travel-medium-zip-around-card-case-vanilla\/","url":"https:\/\/marktxxl.de\/markt\/produkt\/michael-kors-jet-set-travel-medium-zip-around-card-case-vanilla\/","name":"Michael Kors Jet Set Travel Medium Zip Around Card Case Vanilla - Markt-XXL","isPartOf":{"@id":"https:\/\/marktxxl.de\/markt\/#website"},"primaryImageOfPage":{"@id":"https:\/\/marktxxl.de\/markt\/produkt\/michael-kors-jet-set-travel-medium-zip-around-card-case-vanilla\/#primaryimage"},"image":{"@id":"https:\/\/marktxxl.de\/markt\/produkt\/michael-kors-jet-set-travel-medium-zip-around-card-case-vanilla\/#primaryimage"},"thumbnailUrl":"https:\/\/m.media-amazon.com\/images\/I\/41RfkfS6FIL._SL500_.jpg","datePublished":"2022-12-11T02:56:00+00:00","dateModified":"2023-04-11T03:00:28+00:00","description":"Markt-XXL Michael Kors Jet Set Travel Medium Zip Around Card Case Vanilla","breadcrumb":{"@id":"https:\/\/marktxxl.de\/markt\/produkt\/michael-kors-jet-set-travel-medium-zip-around-card-case-vanilla\/#breadcrumb"},"inLanguage":"de","potentialAction":[{"@type":"ReadAction","target":["https:\/\/marktxxl.de\/markt\/produkt\/michael-kors-jet-set-travel-medium-zip-around-card-case-vanilla\/"]}]},{"@type":"ImageObject","inLanguage":"de","@id":"https:\/\/marktxxl.de\/markt\/produkt\/michael-kors-jet-set-travel-medium-zip-around-card-case-vanilla\/#primaryimage","url":"https:\/\/m.media-amazon.com\/images\/I\/41RfkfS6FIL._SL500_.jpg","contentUrl":"https:\/\/m.media-amazon.com\/images\/I\/41RfkfS6FIL._SL500_.jpg","width":500,"height":326},{"@type":"BreadcrumbList","@id":"https:\/\/marktxxl.de\/markt\/produkt\/michael-kors-jet-set-travel-medium-zip-around-card-case-vanilla\/#breadcrumb","itemListElement":[{"@type":"ListItem","position":1,"name":"Startseite","item":"https:\/\/marktxxl.de\/markt\/"},{"@type":"ListItem","position":2,"name":"Markt","item":"https:\/\/marktxxl.de\/markt\/"},{"@type":"ListItem","position":3,"name":"Michael Kors Jet Set Travel Medium Zip Around Card Case Vanilla"}]},{"@type":"WebSite","@id":"https:\/\/marktxxl.de\/markt\/#website","url":"https:\/\/marktxxl.de\/markt\/","name":"Markt-XXL","description":"Ihr Markt Online","publisher":{"@id":"https:\/\/marktxxl.de\/markt\/#organization"},"potentialAction":[{"@type":"SearchAction","target":{"@type":"EntryPoint","urlTemplate":"https:\/\/marktxxl.de\/markt\/?s={search_term_string}"},"query-input":{"@type":"PropertyValueSpecification","valueRequired":true,"valueName":"search_term_string"}}],"inLanguage":"de"},{"@type":"Organization","@id":"https:\/\/marktxxl.de\/markt\/#organization","name":"Markt-XXL","url":"https:\/\/marktxxl.de\/markt\/","logo":{"@type":"ImageObject","inLanguage":"de","@id":"https:\/\/marktxxl.de\/markt\/#\/schema\/logo\/image\/","url":"https:\/\/marktxxl.de\/markt\/wp-content\/uploads\/sites\/3\/2020\/12\/logo.png","contentUrl":"https:\/\/marktxxl.de\/markt\/wp-content\/uploads\/sites\/3\/2020\/12\/logo.png","width":200,"height":70,"caption":"Markt-XXL"},"image":{"@id":"https:\/\/marktxxl.de\/markt\/#\/schema\/logo\/image\/"}}]}},"_links":{"self":[{"href":"https:\/\/marktxxl.de\/markt\/wp-json\/wp\/v2\/product\/172385","targetHints":{"allow":["GET"]}}],"collection":[{"href":"https:\/\/marktxxl.de\/markt\/wp-json\/wp\/v2\/product"}],"about":[{"href":"https:\/\/marktxxl.de\/markt\/wp-json\/wp\/v2\/types\/product"}],"replies":[{"embeddable":true,"href":"https:\/\/marktxxl.de\/markt\/wp-json\/wp\/v2\/comments?post=172385"}],"wp:featuredmedia":[{"embeddable":true,"href":"https:\/\/marktxxl.de\/markt\/wp-json\/wp\/v2\/media\/172386"}],"wp:attachment":[{"href":"https:\/\/marktxxl.de\/markt\/wp-json\/wp\/v2\/media?parent=172385"}],"wp:term":[{"taxonomy":"product_brand","embeddable":true,"href":"https:\/\/marktxxl.de\/markt\/wp-json\/wp\/v2\/product_brand?post=172385"},{"taxonomy":"product_cat","embeddable":true,"href":"https:\/\/marktxxl.de\/markt\/wp-json\/wp\/v2\/product_cat?post=172385"},{"taxonomy":"product_tag","embeddable":true,"href":"https:\/\/marktxxl.de\/markt\/wp-json\/wp\/v2\/product_tag?post=172385"}],"curies":[{"name":"wp","href":"https:\/\/api.w.org\/{rel}","templated":true}]}}