{"id":172214,"date":"2022-12-11T03:32:34","date_gmt":"2022-12-11T02:32:34","guid":{"rendered":"https:\/\/marktxxl.de\/markt\/produkt\/schlaefer-4800130-kerox-keramik-kartusche-35mm-mit-kartuschenboden-ersatzkartusche-fuer-einhand-armaturen-waschbecken-dusche-badewanne-ersatzteile-fuer-wasserhahn\/"},"modified":"2023-04-11T05:00:24","modified_gmt":"2023-04-11T03:00:24","slug":"schlaefer-4800130-kerox-keramik-kartusche-35mm-mit-kartuschenboden-ersatzkartusche-fuer-einhand-armaturen-waschbecken-dusche-badewanne-ersatzteile-fuer-wasserhahn","status":"publish","type":"product","link":"https:\/\/marktxxl.de\/markt\/produkt\/schlaefer-4800130-kerox-keramik-kartusche-35mm-mit-kartuschenboden-ersatzkartusche-fuer-einhand-armaturen-waschbecken-dusche-badewanne-ersatzteile-fuer-wasserhahn\/","title":{"rendered":"Schl\u00e4fer | 4800130 &#8211; Kerox Keramik Kartusche 35mm, mit Kartuschenboden, Ersatzkartusche f\u00fcr Einhand Armaturen\u2026"},"content":{"rendered":"<p>ERSATZKARTUSCHE: Niedrige Keramik mit 2 F\u00fc\u00dfen ohne Verteiler mit Keramikscheiben KEROX &#8211; K35 B. Geeignet f\u00fcr Mischer mit niedrigem Kartuschensitz \u00d8 35 mm. Verwendung: f\u00fcr Einhebelmischer in K\u00fcche, Bad, Dusche und Badewanne.<br \/>\nINSTALLATION: Die von Ihnen gew\u00e4hlte Keramikkartusche muss mit dem Wasserhahn kompatibel sein. Vergewissern Sie sich, dass die Positionierungsf\u00fc\u00dfe der Kartusche in die daf\u00fcr vorgesehenen L\u00f6cher an Ihrem Mixer passen, und vergewissern Sie sich schlie\u00dflich, dass Sie die Ringmutter und die Kartuschenklemme festgezogen haben, wobei Sie darauf achten, nicht zu viel Kraft auszu\u00fcben, da sonst die Gefahr besteht, dass sie brechen. Wenn das Problem des Wasseraustritts nicht gel\u00f6st wurde, m\u00fcssen die L\u00f6che<br \/>\nWIE MAN EINE KERAMIKSCHEIBENKARTUSCHE AUSW\u00c4HLT: Es ist notwendig, den Au\u00dfendurchmesser der Keramikkartusche Ihres Wasserhahns, Mischers oder Einhebelmischers zu messen, um sicherzustellen, dass Sie eine kompatible Kartusche kaufen. Der Durchmesser der Patrone mit Keramikscheiben betr\u00e4gt im Allgemeinen 25 mm &#8211; 35 mm und 40 mm. Lesen Sie die technischen Datenbl\u00e4tter des gew\u00e4hlten Produkts sorgf\u00e4ltig durch.<br \/>\nPRODUKTZERTIFIZIERUNG: Kartusche f\u00fcr Keramikscheibenmischer Abmessungen: \u00d8 35 mm. mit Kartuschenboden. TECHNISCHE DATEN: Anzugsdrehmoment der Ringmutter: 12-13 Nm Dichtheitspr\u00fcfungen unter Druck: Luft: 6 bar Wasser: 35 bar DURCHFLUSSPR\u00dcFUNGEN: bei 3 bar im Pr\u00fcfhahn nach EN 817-Norm 20,1 l \/ min mit Widerstand &#8221; C&#8221; HALTBARKEITSTESTS: gem\u00e4\u00df EN 817-Standards 70.000 Zyklen &#8211; Gem\u00e4\u00df ASME A-Standards 112.18.1M 500.000 Zyklen.<br \/>\nERSATZKARTUSCHE: Niedrig Keramik mit 2 F\u00fc\u00dfen mit Kartuschenboden K35-B \u201eKerox\u201c Passend f\u00fcr Armaturen mit niedrigem Kartuschensitz \u00d835 mm GEEIGNET: f\u00fcr Einhebelmischer in K\u00fcche, Bad, Dusche und Wanne VE: 1 Stck.<br \/>\n<div class=\"main-cross-sell\" data-asin=\"B007RMW9FI\">\n\n\t<div class=\"WooZone-cross-sell-loader\">\n\t\t<div>\n\t\t\t<div id=\"floatingBarsG\">\n\t\t\t\t<div class=\"blockG\" id=\"rotateG_01\"><\/div>\n\t\t\t\t<div class=\"blockG\" id=\"rotateG_02\"><\/div>\n\t\t\t\t<div class=\"blockG\" id=\"rotateG_03\"><\/div>\n\t\t\t\t<div class=\"blockG\" id=\"rotateG_04\"><\/div>\n\t\t\t\t<div class=\"blockG\" id=\"rotateG_05\"><\/div>\n\t\t\t\t<div class=\"blockG\" id=\"rotateG_06\"><\/div>\n\t\t\t\t<div class=\"blockG\" id=\"rotateG_07\"><\/div>\n\t\t\t\t<div class=\"blockG\" id=\"rotateG_08\"><\/div>\n\t\t\t<\/div>\n\t\t\t<div class=\"WooZone-cross-sell-loader-text\"><\/div>\n\t\t<\/div>\n\t<\/div>\n\n\t\t\n<\/div>\n<div style=\"clear:both;\"><\/div><\/p>\n","protected":false},"excerpt":{"rendered":"<p>ERSATZKARTUSCHE: Niedrige Keramik mit 2 F\u00fc\u00dfen ohne Verteiler mit Keramikscheiben KEROX &#8211; K35 B. Geeignet f\u00fcr Mischer mit niedrigem Kartuschensitz \u00d8 35 mm. Verwendung: f\u00fcr Einhebelmischer in K\u00fcche, Bad, Dusche und Badewanne.<br \/>\nINSTALLATION: Die von Ihnen gew\u00e4hlte Keramikkartusche muss mit dem Wasserhahn kompatibel sein. Vergewissern Sie sich, dass die Positionierungsf\u00fc\u00dfe der Kartusche in die daf\u00fcr vorgesehenen L\u00f6cher an Ihrem Mixer passen, und vergewissern Sie sich schlie\u00dflich, dass Sie die Ringmutter und die Kartuschenklemme festgezogen haben, wobei Sie darauf achten, nicht zu viel Kraft auszu\u00fcben, da sonst die Gefahr besteht, dass sie brechen. Wenn das Problem des Wasseraustritts nicht gel\u00f6st wurde, m\u00fcssen die L\u00f6che<br \/>\nWIE MAN EINE KERAMIKSCHEIBENKARTUSCHE AUSW\u00c4HLT: Es ist notwendig, den Au\u00dfendurchmesser der Keramikkartusche Ihres Wasserhahns, Mischers oder Einhebelmischers zu messen, um sicherzustellen, dass Sie eine kompatible Kartusche kaufen. Der Durchmesser der Patrone mit Keramikscheiben betr\u00e4gt im Allgemeinen 25 mm &#8211; 35 mm und 40 mm. Lesen Sie die technischen Datenbl\u00e4tter des gew\u00e4hlten Produkts sorgf\u00e4ltig durch.<\/p>\n","protected":false},"featured_media":172215,"comment_status":"open","ping_status":"closed","template":"","meta":[],"product_brand":[],"product_cat":[1983,11101],"product_tag":[],"class_list":{"0":"post-172214","1":"product","2":"type-product","3":"status-publish","4":"has-post-thumbnail","6":"product_cat-baumarkt","7":"product_cat-kuechen-badinstallation","8":"pa_brand-schlaefer","9":"pa_manufacturer-schlaefer-gmbh-plus-co","10":"pa_weight-0-1763698096-pfund","12":"first","13":"instock","14":"shipping-taxable","15":"purchasable","16":"product-type-simple","17":"customify-col","18":"product-has-gallery"},"yoast_head":"<!-- This site is optimized with the Yoast SEO plugin v27.4 - https:\/\/yoast.com\/product\/yoast-seo-wordpress\/ -->\n<title>Schl\u00e4fer | 4800130 - Kerox Keramik Kartusche 35mm, mit Kartuschenboden, Ersatzkartusche f\u00fcr Einhand Armaturen\u2026 - Markt-XXL<\/title>\n<meta name=\"description\" content=\"Markt-XXL Schl\u00e4fer | 4800130 - Kerox Keramik Kartusche 35mm, mit Kartuschenboden, Ersatzkartusche f\u00fcr Einhand Armaturen\u2026\" \/>\n<meta name=\"robots\" content=\"index, follow, max-snippet:-1, max-image-preview:large, max-video-preview:-1\" \/>\n<link rel=\"canonical\" href=\"https:\/\/marktxxl.de\/markt\/produkt\/schlaefer-4800130-kerox-keramik-kartusche-35mm-mit-kartuschenboden-ersatzkartusche-fuer-einhand-armaturen-waschbecken-dusche-badewanne-ersatzteile-fuer-wasserhahn\/\" \/>\n<meta property=\"og:locale\" content=\"de_DE\" \/>\n<meta property=\"og:type\" content=\"article\" \/>\n<meta property=\"og:title\" content=\"Schl\u00e4fer | 4800130 - Kerox Keramik Kartusche 35mm, mit Kartuschenboden, Ersatzkartusche f\u00fcr Einhand Armaturen\u2026 - Markt-XXL\" \/>\n<meta property=\"og:description\" content=\"Markt-XXL Schl\u00e4fer | 4800130 - Kerox Keramik Kartusche 35mm, mit Kartuschenboden, Ersatzkartusche f\u00fcr Einhand Armaturen\u2026\" \/>\n<meta property=\"og:url\" content=\"https:\/\/marktxxl.de\/markt\/produkt\/schlaefer-4800130-kerox-keramik-kartusche-35mm-mit-kartuschenboden-ersatzkartusche-fuer-einhand-armaturen-waschbecken-dusche-badewanne-ersatzteile-fuer-wasserhahn\/\" \/>\n<meta property=\"og:site_name\" content=\"Markt-XXL\" \/>\n<meta property=\"article:modified_time\" content=\"2023-04-11T03:00:24+00:00\" \/>\n<meta property=\"og:image\" content=\"https:\/\/m.media-amazon.com\/images\/I\/41soHlbevyL._SL500_.jpg\" \/>\n\t<meta property=\"og:image:width\" content=\"500\" \/>\n\t<meta property=\"og:image:height\" content=\"479\" \/>\n\t<meta property=\"og:image:type\" content=\"image\/jpeg\" \/>\n<meta name=\"twitter:card\" content=\"summary_large_image\" \/>\n<meta name=\"twitter:label1\" content=\"Gesch\u00e4tzte Lesezeit\" \/>\n\t<meta name=\"twitter:data1\" content=\"1\u00a0Minute\" \/>\n<script type=\"application\/ld+json\" class=\"yoast-schema-graph\">{\"@context\":\"https:\\\/\\\/schema.org\",\"@graph\":[{\"@type\":\"WebPage\",\"@id\":\"https:\\\/\\\/marktxxl.de\\\/markt\\\/produkt\\\/schlaefer-4800130-kerox-keramik-kartusche-35mm-mit-kartuschenboden-ersatzkartusche-fuer-einhand-armaturen-waschbecken-dusche-badewanne-ersatzteile-fuer-wasserhahn\\\/\",\"url\":\"https:\\\/\\\/marktxxl.de\\\/markt\\\/produkt\\\/schlaefer-4800130-kerox-keramik-kartusche-35mm-mit-kartuschenboden-ersatzkartusche-fuer-einhand-armaturen-waschbecken-dusche-badewanne-ersatzteile-fuer-wasserhahn\\\/\",\"name\":\"Schl\u00e4fer | 4800130 - Kerox Keramik Kartusche 35mm, mit Kartuschenboden, Ersatzkartusche f\u00fcr Einhand Armaturen\u2026 - Markt-XXL\",\"isPartOf\":{\"@id\":\"https:\\\/\\\/marktxxl.de\\\/markt\\\/#website\"},\"primaryImageOfPage\":{\"@id\":\"https:\\\/\\\/marktxxl.de\\\/markt\\\/produkt\\\/schlaefer-4800130-kerox-keramik-kartusche-35mm-mit-kartuschenboden-ersatzkartusche-fuer-einhand-armaturen-waschbecken-dusche-badewanne-ersatzteile-fuer-wasserhahn\\\/#primaryimage\"},\"image\":{\"@id\":\"https:\\\/\\\/marktxxl.de\\\/markt\\\/produkt\\\/schlaefer-4800130-kerox-keramik-kartusche-35mm-mit-kartuschenboden-ersatzkartusche-fuer-einhand-armaturen-waschbecken-dusche-badewanne-ersatzteile-fuer-wasserhahn\\\/#primaryimage\"},\"thumbnailUrl\":\"https:\\\/\\\/m.media-amazon.com\\\/images\\\/I\\\/41soHlbevyL._SL500_.jpg\",\"datePublished\":\"2022-12-11T02:32:34+00:00\",\"dateModified\":\"2023-04-11T03:00:24+00:00\",\"description\":\"Markt-XXL Schl\u00e4fer | 4800130 - Kerox Keramik Kartusche 35mm, mit Kartuschenboden, Ersatzkartusche f\u00fcr Einhand Armaturen\u2026\",\"breadcrumb\":{\"@id\":\"https:\\\/\\\/marktxxl.de\\\/markt\\\/produkt\\\/schlaefer-4800130-kerox-keramik-kartusche-35mm-mit-kartuschenboden-ersatzkartusche-fuer-einhand-armaturen-waschbecken-dusche-badewanne-ersatzteile-fuer-wasserhahn\\\/#breadcrumb\"},\"inLanguage\":\"de\",\"potentialAction\":[{\"@type\":\"ReadAction\",\"target\":[\"https:\\\/\\\/marktxxl.de\\\/markt\\\/produkt\\\/schlaefer-4800130-kerox-keramik-kartusche-35mm-mit-kartuschenboden-ersatzkartusche-fuer-einhand-armaturen-waschbecken-dusche-badewanne-ersatzteile-fuer-wasserhahn\\\/\"]}]},{\"@type\":\"ImageObject\",\"inLanguage\":\"de\",\"@id\":\"https:\\\/\\\/marktxxl.de\\\/markt\\\/produkt\\\/schlaefer-4800130-kerox-keramik-kartusche-35mm-mit-kartuschenboden-ersatzkartusche-fuer-einhand-armaturen-waschbecken-dusche-badewanne-ersatzteile-fuer-wasserhahn\\\/#primaryimage\",\"url\":\"https:\\\/\\\/m.media-amazon.com\\\/images\\\/I\\\/41soHlbevyL._SL500_.jpg\",\"contentUrl\":\"https:\\\/\\\/m.media-amazon.com\\\/images\\\/I\\\/41soHlbevyL._SL500_.jpg\",\"width\":500,\"height\":479},{\"@type\":\"BreadcrumbList\",\"@id\":\"https:\\\/\\\/marktxxl.de\\\/markt\\\/produkt\\\/schlaefer-4800130-kerox-keramik-kartusche-35mm-mit-kartuschenboden-ersatzkartusche-fuer-einhand-armaturen-waschbecken-dusche-badewanne-ersatzteile-fuer-wasserhahn\\\/#breadcrumb\",\"itemListElement\":[{\"@type\":\"ListItem\",\"position\":1,\"name\":\"Startseite\",\"item\":\"https:\\\/\\\/marktxxl.de\\\/markt\\\/\"},{\"@type\":\"ListItem\",\"position\":2,\"name\":\"Markt\",\"item\":\"https:\\\/\\\/marktxxl.de\\\/markt\\\/\"},{\"@type\":\"ListItem\",\"position\":3,\"name\":\"Schl\u00e4fer | 4800130 &#8211; Kerox Keramik Kartusche 35mm, mit Kartuschenboden, Ersatzkartusche f\u00fcr Einhand Armaturen\u2026\"}]},{\"@type\":\"WebSite\",\"@id\":\"https:\\\/\\\/marktxxl.de\\\/markt\\\/#website\",\"url\":\"https:\\\/\\\/marktxxl.de\\\/markt\\\/\",\"name\":\"Markt-XXL\",\"description\":\"Ihr Markt Online\",\"publisher\":{\"@id\":\"https:\\\/\\\/marktxxl.de\\\/markt\\\/#organization\"},\"potentialAction\":[{\"@type\":\"SearchAction\",\"target\":{\"@type\":\"EntryPoint\",\"urlTemplate\":\"https:\\\/\\\/marktxxl.de\\\/markt\\\/?s={search_term_string}\"},\"query-input\":{\"@type\":\"PropertyValueSpecification\",\"valueRequired\":true,\"valueName\":\"search_term_string\"}}],\"inLanguage\":\"de\"},{\"@type\":\"Organization\",\"@id\":\"https:\\\/\\\/marktxxl.de\\\/markt\\\/#organization\",\"name\":\"Markt-XXL\",\"url\":\"https:\\\/\\\/marktxxl.de\\\/markt\\\/\",\"logo\":{\"@type\":\"ImageObject\",\"inLanguage\":\"de\",\"@id\":\"https:\\\/\\\/marktxxl.de\\\/markt\\\/#\\\/schema\\\/logo\\\/image\\\/\",\"url\":\"https:\\\/\\\/marktxxl.de\\\/markt\\\/wp-content\\\/uploads\\\/sites\\\/3\\\/2020\\\/12\\\/logo.png\",\"contentUrl\":\"https:\\\/\\\/marktxxl.de\\\/markt\\\/wp-content\\\/uploads\\\/sites\\\/3\\\/2020\\\/12\\\/logo.png\",\"width\":200,\"height\":70,\"caption\":\"Markt-XXL\"},\"image\":{\"@id\":\"https:\\\/\\\/marktxxl.de\\\/markt\\\/#\\\/schema\\\/logo\\\/image\\\/\"}}]}<\/script>\n<!-- \/ Yoast SEO plugin. -->","yoast_head_json":{"title":"Schl\u00e4fer | 4800130 - Kerox Keramik Kartusche 35mm, mit Kartuschenboden, Ersatzkartusche f\u00fcr Einhand Armaturen\u2026 - Markt-XXL","description":"Markt-XXL Schl\u00e4fer | 4800130 - Kerox Keramik Kartusche 35mm, mit Kartuschenboden, Ersatzkartusche f\u00fcr Einhand Armaturen\u2026","robots":{"index":"index","follow":"follow","max-snippet":"max-snippet:-1","max-image-preview":"max-image-preview:large","max-video-preview":"max-video-preview:-1"},"canonical":"https:\/\/marktxxl.de\/markt\/produkt\/schlaefer-4800130-kerox-keramik-kartusche-35mm-mit-kartuschenboden-ersatzkartusche-fuer-einhand-armaturen-waschbecken-dusche-badewanne-ersatzteile-fuer-wasserhahn\/","og_locale":"de_DE","og_type":"article","og_title":"Schl\u00e4fer | 4800130 - Kerox Keramik Kartusche 35mm, mit Kartuschenboden, Ersatzkartusche f\u00fcr Einhand Armaturen\u2026 - Markt-XXL","og_description":"Markt-XXL Schl\u00e4fer | 4800130 - Kerox Keramik Kartusche 35mm, mit Kartuschenboden, Ersatzkartusche f\u00fcr Einhand Armaturen\u2026","og_url":"https:\/\/marktxxl.de\/markt\/produkt\/schlaefer-4800130-kerox-keramik-kartusche-35mm-mit-kartuschenboden-ersatzkartusche-fuer-einhand-armaturen-waschbecken-dusche-badewanne-ersatzteile-fuer-wasserhahn\/","og_site_name":"Markt-XXL","article_modified_time":"2023-04-11T03:00:24+00:00","og_image":[{"width":500,"height":479,"url":"https:\/\/m.media-amazon.com\/images\/I\/41soHlbevyL._SL500_.jpg","type":"image\/jpeg"}],"twitter_card":"summary_large_image","twitter_misc":{"Gesch\u00e4tzte Lesezeit":"1\u00a0Minute"},"schema":{"@context":"https:\/\/schema.org","@graph":[{"@type":"WebPage","@id":"https:\/\/marktxxl.de\/markt\/produkt\/schlaefer-4800130-kerox-keramik-kartusche-35mm-mit-kartuschenboden-ersatzkartusche-fuer-einhand-armaturen-waschbecken-dusche-badewanne-ersatzteile-fuer-wasserhahn\/","url":"https:\/\/marktxxl.de\/markt\/produkt\/schlaefer-4800130-kerox-keramik-kartusche-35mm-mit-kartuschenboden-ersatzkartusche-fuer-einhand-armaturen-waschbecken-dusche-badewanne-ersatzteile-fuer-wasserhahn\/","name":"Schl\u00e4fer | 4800130 - Kerox Keramik Kartusche 35mm, mit Kartuschenboden, Ersatzkartusche f\u00fcr Einhand Armaturen\u2026 - Markt-XXL","isPartOf":{"@id":"https:\/\/marktxxl.de\/markt\/#website"},"primaryImageOfPage":{"@id":"https:\/\/marktxxl.de\/markt\/produkt\/schlaefer-4800130-kerox-keramik-kartusche-35mm-mit-kartuschenboden-ersatzkartusche-fuer-einhand-armaturen-waschbecken-dusche-badewanne-ersatzteile-fuer-wasserhahn\/#primaryimage"},"image":{"@id":"https:\/\/marktxxl.de\/markt\/produkt\/schlaefer-4800130-kerox-keramik-kartusche-35mm-mit-kartuschenboden-ersatzkartusche-fuer-einhand-armaturen-waschbecken-dusche-badewanne-ersatzteile-fuer-wasserhahn\/#primaryimage"},"thumbnailUrl":"https:\/\/m.media-amazon.com\/images\/I\/41soHlbevyL._SL500_.jpg","datePublished":"2022-12-11T02:32:34+00:00","dateModified":"2023-04-11T03:00:24+00:00","description":"Markt-XXL Schl\u00e4fer | 4800130 - Kerox Keramik Kartusche 35mm, mit Kartuschenboden, Ersatzkartusche f\u00fcr Einhand Armaturen\u2026","breadcrumb":{"@id":"https:\/\/marktxxl.de\/markt\/produkt\/schlaefer-4800130-kerox-keramik-kartusche-35mm-mit-kartuschenboden-ersatzkartusche-fuer-einhand-armaturen-waschbecken-dusche-badewanne-ersatzteile-fuer-wasserhahn\/#breadcrumb"},"inLanguage":"de","potentialAction":[{"@type":"ReadAction","target":["https:\/\/marktxxl.de\/markt\/produkt\/schlaefer-4800130-kerox-keramik-kartusche-35mm-mit-kartuschenboden-ersatzkartusche-fuer-einhand-armaturen-waschbecken-dusche-badewanne-ersatzteile-fuer-wasserhahn\/"]}]},{"@type":"ImageObject","inLanguage":"de","@id":"https:\/\/marktxxl.de\/markt\/produkt\/schlaefer-4800130-kerox-keramik-kartusche-35mm-mit-kartuschenboden-ersatzkartusche-fuer-einhand-armaturen-waschbecken-dusche-badewanne-ersatzteile-fuer-wasserhahn\/#primaryimage","url":"https:\/\/m.media-amazon.com\/images\/I\/41soHlbevyL._SL500_.jpg","contentUrl":"https:\/\/m.media-amazon.com\/images\/I\/41soHlbevyL._SL500_.jpg","width":500,"height":479},{"@type":"BreadcrumbList","@id":"https:\/\/marktxxl.de\/markt\/produkt\/schlaefer-4800130-kerox-keramik-kartusche-35mm-mit-kartuschenboden-ersatzkartusche-fuer-einhand-armaturen-waschbecken-dusche-badewanne-ersatzteile-fuer-wasserhahn\/#breadcrumb","itemListElement":[{"@type":"ListItem","position":1,"name":"Startseite","item":"https:\/\/marktxxl.de\/markt\/"},{"@type":"ListItem","position":2,"name":"Markt","item":"https:\/\/marktxxl.de\/markt\/"},{"@type":"ListItem","position":3,"name":"Schl\u00e4fer | 4800130 &#8211; Kerox Keramik Kartusche 35mm, mit Kartuschenboden, Ersatzkartusche f\u00fcr Einhand Armaturen\u2026"}]},{"@type":"WebSite","@id":"https:\/\/marktxxl.de\/markt\/#website","url":"https:\/\/marktxxl.de\/markt\/","name":"Markt-XXL","description":"Ihr Markt Online","publisher":{"@id":"https:\/\/marktxxl.de\/markt\/#organization"},"potentialAction":[{"@type":"SearchAction","target":{"@type":"EntryPoint","urlTemplate":"https:\/\/marktxxl.de\/markt\/?s={search_term_string}"},"query-input":{"@type":"PropertyValueSpecification","valueRequired":true,"valueName":"search_term_string"}}],"inLanguage":"de"},{"@type":"Organization","@id":"https:\/\/marktxxl.de\/markt\/#organization","name":"Markt-XXL","url":"https:\/\/marktxxl.de\/markt\/","logo":{"@type":"ImageObject","inLanguage":"de","@id":"https:\/\/marktxxl.de\/markt\/#\/schema\/logo\/image\/","url":"https:\/\/marktxxl.de\/markt\/wp-content\/uploads\/sites\/3\/2020\/12\/logo.png","contentUrl":"https:\/\/marktxxl.de\/markt\/wp-content\/uploads\/sites\/3\/2020\/12\/logo.png","width":200,"height":70,"caption":"Markt-XXL"},"image":{"@id":"https:\/\/marktxxl.de\/markt\/#\/schema\/logo\/image\/"}}]}},"_links":{"self":[{"href":"https:\/\/marktxxl.de\/markt\/wp-json\/wp\/v2\/product\/172214","targetHints":{"allow":["GET"]}}],"collection":[{"href":"https:\/\/marktxxl.de\/markt\/wp-json\/wp\/v2\/product"}],"about":[{"href":"https:\/\/marktxxl.de\/markt\/wp-json\/wp\/v2\/types\/product"}],"replies":[{"embeddable":true,"href":"https:\/\/marktxxl.de\/markt\/wp-json\/wp\/v2\/comments?post=172214"}],"wp:featuredmedia":[{"embeddable":true,"href":"https:\/\/marktxxl.de\/markt\/wp-json\/wp\/v2\/media\/172215"}],"wp:attachment":[{"href":"https:\/\/marktxxl.de\/markt\/wp-json\/wp\/v2\/media?parent=172214"}],"wp:term":[{"taxonomy":"product_brand","embeddable":true,"href":"https:\/\/marktxxl.de\/markt\/wp-json\/wp\/v2\/product_brand?post=172214"},{"taxonomy":"product_cat","embeddable":true,"href":"https:\/\/marktxxl.de\/markt\/wp-json\/wp\/v2\/product_cat?post=172214"},{"taxonomy":"product_tag","embeddable":true,"href":"https:\/\/marktxxl.de\/markt\/wp-json\/wp\/v2\/product_tag?post=172214"}],"curies":[{"name":"wp","href":"https:\/\/api.w.org\/{rel}","templated":true}]}}