{"id":172092,"date":"2022-12-11T02:58:58","date_gmt":"2022-12-11T01:58:58","guid":{"rendered":"https:\/\/marktxxl.de\/markt\/produkt\/motherhood-maternity-damen-lace-inset-gown-and-robe-set-with-nursing-function-pyjamaset\/"},"modified":"2023-04-08T04:29:15","modified_gmt":"2023-04-08T02:29:15","slug":"motherhood-maternity-damen-lace-inset-gown-and-robe-set-with-nursing-function-pyjamaset","status":"publish","type":"product","link":"https:\/\/marktxxl.de\/markt\/produkt\/motherhood-maternity-damen-lace-inset-gown-and-robe-set-with-nursing-function-pyjamaset\/","title":{"rendered":"Motherhood Maternity Damen Lace Inset Gown and Robe Set with Nursing Function Pyjamaset"},"content":{"rendered":"<p>Das Nachthemd Set ist ein Muss, das w\u00e4hrend der gesamten Schwangerschaft und dar\u00fcber hinaus getragen werden kann. Das perfekte Outfit f\u00fcr Ihren Krankenhausaufenthalt, zum Faulenzen im Haus oder f\u00fcr die stillende Mutter<br \/>\nDas Unterkleid ist sowohl feminin als auch funktionell mit verstellbaren Spaghetti-Tr\u00e4gern, V-Ausschnitt mit Spitzenpass-Detail, Raffung an Empire-Saum und Clip-Down-Pflege-Funktion<br \/>\nStylisches 2-teiliges Robe- und Robe-Set bestehend aus einem Spitzenmantel und einem Kleid mit Clip Down Doppel\u00f6ffnung Stillfunktion<br \/>\nDie Krawatte l\u00e4sst sich leicht anpassen, um sich bequem an Ihre wachsende Bauchbauch anzupassen, sodass Sie sie w\u00e4hrend der Schwangerschaft und dar\u00fcber hinaus tragen k\u00f6nnen<br \/>\nBitte klicken Sie auf unser Mutterschaft-Logo oben, um unsere Marke zu kaufen<br \/>\n<div class=\"main-cross-sell\" data-asin=\"B07D3YDS2Z\">\n\n\t<div class=\"WooZone-cross-sell-loader\">\n\t\t<div>\n\t\t\t<div id=\"floatingBarsG\">\n\t\t\t\t<div class=\"blockG\" id=\"rotateG_01\"><\/div>\n\t\t\t\t<div class=\"blockG\" id=\"rotateG_02\"><\/div>\n\t\t\t\t<div class=\"blockG\" id=\"rotateG_03\"><\/div>\n\t\t\t\t<div class=\"blockG\" id=\"rotateG_04\"><\/div>\n\t\t\t\t<div class=\"blockG\" id=\"rotateG_05\"><\/div>\n\t\t\t\t<div class=\"blockG\" id=\"rotateG_06\"><\/div>\n\t\t\t\t<div class=\"blockG\" id=\"rotateG_07\"><\/div>\n\t\t\t\t<div class=\"blockG\" id=\"rotateG_08\"><\/div>\n\t\t\t<\/div>\n\t\t\t<div class=\"WooZone-cross-sell-loader-text\"><\/div>\n\t\t<\/div>\n\t<\/div>\n\n\t\t\n<\/div>\n<div style=\"clear:both;\"><\/div><\/p>\n","protected":false},"excerpt":{"rendered":"<p>Das Nachthemd Set ist ein Muss, das w\u00e4hrend der gesamten Schwangerschaft und dar\u00fcber hinaus getragen werden kann. Das perfekte Outfit f\u00fcr Ihren Krankenhausaufenthalt, zum Faulenzen im Haus oder f\u00fcr die stillende Mutter<br \/>\nDas Unterkleid ist sowohl feminin als auch funktionell mit verstellbaren Spaghetti-Tr\u00e4gern, V-Ausschnitt mit Spitzenpass-Detail, Raffung an Empire-Saum und Clip-Down-Pflege-Funktion<br \/>\nStylisches 2-teiliges Robe- und Robe-Set bestehend aus einem Spitzenmantel und einem Kleid mit Clip Down Doppel\u00f6ffnung Stillfunktion<\/p>\n","protected":false},"featured_media":172093,"comment_status":"open","ping_status":"closed","template":"","meta":[],"product_brand":[],"product_cat":[21,9478],"product_tag":[],"class_list":{"0":"post-172092","1":"product","2":"type-product","3":"status-publish","4":"has-post-thumbnail","6":"product_cat-baby","7":"product_cat-umstandskleidung-baby","8":"pa_binding-textilien","9":"pa_brand-motherhood-maternity","10":"pa_manufacturer-motherhood-maternity","12":"first","13":"instock","14":"shipping-taxable","15":"purchasable","16":"product-type-simple","17":"customify-col","18":"product-has-gallery"},"yoast_head":"<!-- This site is optimized with the Yoast SEO plugin v27.4 - https:\/\/yoast.com\/product\/yoast-seo-wordpress\/ -->\n<title>Motherhood Maternity Damen Lace Inset Gown and Robe Set with Nursing Function Pyjamaset - Markt-XXL<\/title>\n<meta name=\"description\" content=\"Markt-XXL Motherhood Maternity Damen Lace Inset Gown and Robe Set with Nursing Function Pyjamaset\" \/>\n<meta name=\"robots\" content=\"index, follow, max-snippet:-1, max-image-preview:large, max-video-preview:-1\" \/>\n<link rel=\"canonical\" href=\"https:\/\/marktxxl.de\/markt\/produkt\/motherhood-maternity-damen-lace-inset-gown-and-robe-set-with-nursing-function-pyjamaset\/\" \/>\n<meta property=\"og:locale\" content=\"de_DE\" \/>\n<meta property=\"og:type\" content=\"article\" \/>\n<meta property=\"og:title\" content=\"Motherhood Maternity Damen Lace Inset Gown and Robe Set with Nursing Function Pyjamaset - Markt-XXL\" \/>\n<meta property=\"og:description\" content=\"Markt-XXL Motherhood Maternity Damen Lace Inset Gown and Robe Set with Nursing Function Pyjamaset\" \/>\n<meta property=\"og:url\" content=\"https:\/\/marktxxl.de\/markt\/produkt\/motherhood-maternity-damen-lace-inset-gown-and-robe-set-with-nursing-function-pyjamaset\/\" \/>\n<meta property=\"og:site_name\" content=\"Markt-XXL\" \/>\n<meta property=\"article:modified_time\" content=\"2023-04-08T02:29:15+00:00\" \/>\n<meta property=\"og:image\" content=\"https:\/\/m.media-amazon.com\/images\/I\/4120egicX5L._SL500_.jpg\" \/>\n\t<meta property=\"og:image:width\" content=\"381\" \/>\n\t<meta property=\"og:image:height\" content=\"500\" \/>\n\t<meta property=\"og:image:type\" content=\"image\/jpeg\" \/>\n<meta name=\"twitter:card\" content=\"summary_large_image\" \/>\n<meta name=\"twitter:label1\" content=\"Gesch\u00e4tzte Lesezeit\" \/>\n\t<meta name=\"twitter:data1\" content=\"1\u00a0Minute\" \/>\n<script type=\"application\/ld+json\" class=\"yoast-schema-graph\">{\"@context\":\"https:\\\/\\\/schema.org\",\"@graph\":[{\"@type\":\"WebPage\",\"@id\":\"https:\\\/\\\/marktxxl.de\\\/markt\\\/produkt\\\/motherhood-maternity-damen-lace-inset-gown-and-robe-set-with-nursing-function-pyjamaset\\\/\",\"url\":\"https:\\\/\\\/marktxxl.de\\\/markt\\\/produkt\\\/motherhood-maternity-damen-lace-inset-gown-and-robe-set-with-nursing-function-pyjamaset\\\/\",\"name\":\"Motherhood Maternity Damen Lace Inset Gown and Robe Set with Nursing Function Pyjamaset - Markt-XXL\",\"isPartOf\":{\"@id\":\"https:\\\/\\\/marktxxl.de\\\/markt\\\/#website\"},\"primaryImageOfPage\":{\"@id\":\"https:\\\/\\\/marktxxl.de\\\/markt\\\/produkt\\\/motherhood-maternity-damen-lace-inset-gown-and-robe-set-with-nursing-function-pyjamaset\\\/#primaryimage\"},\"image\":{\"@id\":\"https:\\\/\\\/marktxxl.de\\\/markt\\\/produkt\\\/motherhood-maternity-damen-lace-inset-gown-and-robe-set-with-nursing-function-pyjamaset\\\/#primaryimage\"},\"thumbnailUrl\":\"https:\\\/\\\/m.media-amazon.com\\\/images\\\/I\\\/4120egicX5L._SL500_.jpg\",\"datePublished\":\"2022-12-11T01:58:58+00:00\",\"dateModified\":\"2023-04-08T02:29:15+00:00\",\"description\":\"Markt-XXL Motherhood Maternity Damen Lace Inset Gown and Robe Set with Nursing Function Pyjamaset\",\"breadcrumb\":{\"@id\":\"https:\\\/\\\/marktxxl.de\\\/markt\\\/produkt\\\/motherhood-maternity-damen-lace-inset-gown-and-robe-set-with-nursing-function-pyjamaset\\\/#breadcrumb\"},\"inLanguage\":\"de\",\"potentialAction\":[{\"@type\":\"ReadAction\",\"target\":[\"https:\\\/\\\/marktxxl.de\\\/markt\\\/produkt\\\/motherhood-maternity-damen-lace-inset-gown-and-robe-set-with-nursing-function-pyjamaset\\\/\"]}]},{\"@type\":\"ImageObject\",\"inLanguage\":\"de\",\"@id\":\"https:\\\/\\\/marktxxl.de\\\/markt\\\/produkt\\\/motherhood-maternity-damen-lace-inset-gown-and-robe-set-with-nursing-function-pyjamaset\\\/#primaryimage\",\"url\":\"https:\\\/\\\/m.media-amazon.com\\\/images\\\/I\\\/4120egicX5L._SL500_.jpg\",\"contentUrl\":\"https:\\\/\\\/m.media-amazon.com\\\/images\\\/I\\\/4120egicX5L._SL500_.jpg\",\"width\":381,\"height\":500},{\"@type\":\"BreadcrumbList\",\"@id\":\"https:\\\/\\\/marktxxl.de\\\/markt\\\/produkt\\\/motherhood-maternity-damen-lace-inset-gown-and-robe-set-with-nursing-function-pyjamaset\\\/#breadcrumb\",\"itemListElement\":[{\"@type\":\"ListItem\",\"position\":1,\"name\":\"Startseite\",\"item\":\"https:\\\/\\\/marktxxl.de\\\/markt\\\/\"},{\"@type\":\"ListItem\",\"position\":2,\"name\":\"Markt\",\"item\":\"https:\\\/\\\/marktxxl.de\\\/markt\\\/\"},{\"@type\":\"ListItem\",\"position\":3,\"name\":\"Motherhood Maternity Damen Lace Inset Gown and Robe Set with Nursing Function Pyjamaset\"}]},{\"@type\":\"WebSite\",\"@id\":\"https:\\\/\\\/marktxxl.de\\\/markt\\\/#website\",\"url\":\"https:\\\/\\\/marktxxl.de\\\/markt\\\/\",\"name\":\"Markt-XXL\",\"description\":\"Ihr Markt Online\",\"publisher\":{\"@id\":\"https:\\\/\\\/marktxxl.de\\\/markt\\\/#organization\"},\"potentialAction\":[{\"@type\":\"SearchAction\",\"target\":{\"@type\":\"EntryPoint\",\"urlTemplate\":\"https:\\\/\\\/marktxxl.de\\\/markt\\\/?s={search_term_string}\"},\"query-input\":{\"@type\":\"PropertyValueSpecification\",\"valueRequired\":true,\"valueName\":\"search_term_string\"}}],\"inLanguage\":\"de\"},{\"@type\":\"Organization\",\"@id\":\"https:\\\/\\\/marktxxl.de\\\/markt\\\/#organization\",\"name\":\"Markt-XXL\",\"url\":\"https:\\\/\\\/marktxxl.de\\\/markt\\\/\",\"logo\":{\"@type\":\"ImageObject\",\"inLanguage\":\"de\",\"@id\":\"https:\\\/\\\/marktxxl.de\\\/markt\\\/#\\\/schema\\\/logo\\\/image\\\/\",\"url\":\"https:\\\/\\\/marktxxl.de\\\/markt\\\/wp-content\\\/uploads\\\/sites\\\/3\\\/2020\\\/12\\\/logo.png\",\"contentUrl\":\"https:\\\/\\\/marktxxl.de\\\/markt\\\/wp-content\\\/uploads\\\/sites\\\/3\\\/2020\\\/12\\\/logo.png\",\"width\":200,\"height\":70,\"caption\":\"Markt-XXL\"},\"image\":{\"@id\":\"https:\\\/\\\/marktxxl.de\\\/markt\\\/#\\\/schema\\\/logo\\\/image\\\/\"}}]}<\/script>\n<!-- \/ Yoast SEO plugin. -->","yoast_head_json":{"title":"Motherhood Maternity Damen Lace Inset Gown and Robe Set with Nursing Function Pyjamaset - Markt-XXL","description":"Markt-XXL Motherhood Maternity Damen Lace Inset Gown and Robe Set with Nursing Function Pyjamaset","robots":{"index":"index","follow":"follow","max-snippet":"max-snippet:-1","max-image-preview":"max-image-preview:large","max-video-preview":"max-video-preview:-1"},"canonical":"https:\/\/marktxxl.de\/markt\/produkt\/motherhood-maternity-damen-lace-inset-gown-and-robe-set-with-nursing-function-pyjamaset\/","og_locale":"de_DE","og_type":"article","og_title":"Motherhood Maternity Damen Lace Inset Gown and Robe Set with Nursing Function Pyjamaset - Markt-XXL","og_description":"Markt-XXL Motherhood Maternity Damen Lace Inset Gown and Robe Set with Nursing Function Pyjamaset","og_url":"https:\/\/marktxxl.de\/markt\/produkt\/motherhood-maternity-damen-lace-inset-gown-and-robe-set-with-nursing-function-pyjamaset\/","og_site_name":"Markt-XXL","article_modified_time":"2023-04-08T02:29:15+00:00","og_image":[{"width":381,"height":500,"url":"https:\/\/m.media-amazon.com\/images\/I\/4120egicX5L._SL500_.jpg","type":"image\/jpeg"}],"twitter_card":"summary_large_image","twitter_misc":{"Gesch\u00e4tzte Lesezeit":"1\u00a0Minute"},"schema":{"@context":"https:\/\/schema.org","@graph":[{"@type":"WebPage","@id":"https:\/\/marktxxl.de\/markt\/produkt\/motherhood-maternity-damen-lace-inset-gown-and-robe-set-with-nursing-function-pyjamaset\/","url":"https:\/\/marktxxl.de\/markt\/produkt\/motherhood-maternity-damen-lace-inset-gown-and-robe-set-with-nursing-function-pyjamaset\/","name":"Motherhood Maternity Damen Lace Inset Gown and Robe Set with Nursing Function Pyjamaset - Markt-XXL","isPartOf":{"@id":"https:\/\/marktxxl.de\/markt\/#website"},"primaryImageOfPage":{"@id":"https:\/\/marktxxl.de\/markt\/produkt\/motherhood-maternity-damen-lace-inset-gown-and-robe-set-with-nursing-function-pyjamaset\/#primaryimage"},"image":{"@id":"https:\/\/marktxxl.de\/markt\/produkt\/motherhood-maternity-damen-lace-inset-gown-and-robe-set-with-nursing-function-pyjamaset\/#primaryimage"},"thumbnailUrl":"https:\/\/m.media-amazon.com\/images\/I\/4120egicX5L._SL500_.jpg","datePublished":"2022-12-11T01:58:58+00:00","dateModified":"2023-04-08T02:29:15+00:00","description":"Markt-XXL Motherhood Maternity Damen Lace Inset Gown and Robe Set with Nursing Function Pyjamaset","breadcrumb":{"@id":"https:\/\/marktxxl.de\/markt\/produkt\/motherhood-maternity-damen-lace-inset-gown-and-robe-set-with-nursing-function-pyjamaset\/#breadcrumb"},"inLanguage":"de","potentialAction":[{"@type":"ReadAction","target":["https:\/\/marktxxl.de\/markt\/produkt\/motherhood-maternity-damen-lace-inset-gown-and-robe-set-with-nursing-function-pyjamaset\/"]}]},{"@type":"ImageObject","inLanguage":"de","@id":"https:\/\/marktxxl.de\/markt\/produkt\/motherhood-maternity-damen-lace-inset-gown-and-robe-set-with-nursing-function-pyjamaset\/#primaryimage","url":"https:\/\/m.media-amazon.com\/images\/I\/4120egicX5L._SL500_.jpg","contentUrl":"https:\/\/m.media-amazon.com\/images\/I\/4120egicX5L._SL500_.jpg","width":381,"height":500},{"@type":"BreadcrumbList","@id":"https:\/\/marktxxl.de\/markt\/produkt\/motherhood-maternity-damen-lace-inset-gown-and-robe-set-with-nursing-function-pyjamaset\/#breadcrumb","itemListElement":[{"@type":"ListItem","position":1,"name":"Startseite","item":"https:\/\/marktxxl.de\/markt\/"},{"@type":"ListItem","position":2,"name":"Markt","item":"https:\/\/marktxxl.de\/markt\/"},{"@type":"ListItem","position":3,"name":"Motherhood Maternity Damen Lace Inset Gown and Robe Set with Nursing Function Pyjamaset"}]},{"@type":"WebSite","@id":"https:\/\/marktxxl.de\/markt\/#website","url":"https:\/\/marktxxl.de\/markt\/","name":"Markt-XXL","description":"Ihr Markt Online","publisher":{"@id":"https:\/\/marktxxl.de\/markt\/#organization"},"potentialAction":[{"@type":"SearchAction","target":{"@type":"EntryPoint","urlTemplate":"https:\/\/marktxxl.de\/markt\/?s={search_term_string}"},"query-input":{"@type":"PropertyValueSpecification","valueRequired":true,"valueName":"search_term_string"}}],"inLanguage":"de"},{"@type":"Organization","@id":"https:\/\/marktxxl.de\/markt\/#organization","name":"Markt-XXL","url":"https:\/\/marktxxl.de\/markt\/","logo":{"@type":"ImageObject","inLanguage":"de","@id":"https:\/\/marktxxl.de\/markt\/#\/schema\/logo\/image\/","url":"https:\/\/marktxxl.de\/markt\/wp-content\/uploads\/sites\/3\/2020\/12\/logo.png","contentUrl":"https:\/\/marktxxl.de\/markt\/wp-content\/uploads\/sites\/3\/2020\/12\/logo.png","width":200,"height":70,"caption":"Markt-XXL"},"image":{"@id":"https:\/\/marktxxl.de\/markt\/#\/schema\/logo\/image\/"}}]}},"_links":{"self":[{"href":"https:\/\/marktxxl.de\/markt\/wp-json\/wp\/v2\/product\/172092","targetHints":{"allow":["GET"]}}],"collection":[{"href":"https:\/\/marktxxl.de\/markt\/wp-json\/wp\/v2\/product"}],"about":[{"href":"https:\/\/marktxxl.de\/markt\/wp-json\/wp\/v2\/types\/product"}],"replies":[{"embeddable":true,"href":"https:\/\/marktxxl.de\/markt\/wp-json\/wp\/v2\/comments?post=172092"}],"wp:featuredmedia":[{"embeddable":true,"href":"https:\/\/marktxxl.de\/markt\/wp-json\/wp\/v2\/media\/172093"}],"wp:attachment":[{"href":"https:\/\/marktxxl.de\/markt\/wp-json\/wp\/v2\/media?parent=172092"}],"wp:term":[{"taxonomy":"product_brand","embeddable":true,"href":"https:\/\/marktxxl.de\/markt\/wp-json\/wp\/v2\/product_brand?post=172092"},{"taxonomy":"product_cat","embeddable":true,"href":"https:\/\/marktxxl.de\/markt\/wp-json\/wp\/v2\/product_cat?post=172092"},{"taxonomy":"product_tag","embeddable":true,"href":"https:\/\/marktxxl.de\/markt\/wp-json\/wp\/v2\/product_tag?post=172092"}],"curies":[{"name":"wp","href":"https:\/\/api.w.org\/{rel}","templated":true}]}}