{"id":172039,"date":"2022-12-11T02:56:06","date_gmt":"2022-12-11T01:56:06","guid":{"rendered":"https:\/\/marktxxl.de\/markt\/produkt\/umstandskrankenhaus-robe-arbeit-und-lieferung-stillmantel-umstandsmode-nachtwaesche-schwangerschaft-und-postpartum-stillen\/"},"modified":"2023-04-09T04:41:31","modified_gmt":"2023-04-09T02:41:31","slug":"umstandskrankenhaus-robe-arbeit-und-lieferung-stillmantel-umstandsmode-nachtwaesche-schwangerschaft-und-postpartum-stillen","status":"publish","type":"product","link":"https:\/\/marktxxl.de\/markt\/produkt\/umstandskrankenhaus-robe-arbeit-und-lieferung-stillmantel-umstandsmode-nachtwaesche-schwangerschaft-und-postpartum-stillen\/","title":{"rendered":"Umstandskrankenhaus-Robe Arbeit und Lieferung Stillmantel Umstandsmode Nachtw\u00e4sche Schwangerschaft und Postpartum\u2026"},"content":{"rendered":"<p>Gro\u00dfe, klare Drucke: Exklusive, gro\u00dfe, klare Drucke Umstandsmantel, eleganter und stilvoller f\u00fcr erste Bilder mit Ihrem s\u00fc\u00dfen Baby. Vergessen Sie nicht, den Umstandsmantel in Ihre Krankenhaustasche zu packen.<br \/>\n\u3010Sicherheit im Inneren\u3011 Gen\u00fcgend bump wrap Umstandsmantel verf\u00fcgt \u00fcber eine innere Taillenb\u00e4nder, halten Sie Ihren Bademantel sicher geschlossen, der \u00e4u\u00dfere G\u00fcrtel ist in den Bademantel eingen\u00e4ht, damit Sie nicht mehr verloren gehen.<br \/>\nTiefe Taschen: Tiefer und praktischer, zwei Seitentaschen f\u00fcr Umstandsmantel, Stauraum f\u00fcr alles, was Sie beim Stillen zur Hand haben oder Ihr Kind von Raum zu Raum tragen m\u00fcssen. Nie wieder etwas verloren.<br \/>\nWeich und atmungsaktiv: Der Stillmantel, 3\/4-\u00c4rmel, V-Ausschnitt ist bequemer zum Stillen. 95 % Viskose, 5 % Spandex, super weich, bequem, atmungsaktiv, leicht.<br \/>\n\u3010Krankenhaustasche\u3011Der Arbeits- und Lieferumhang, Umstandsmantel f\u00fcr Krankenhaus, perfekt f\u00fcr Schwangerschaft und Postpartum, Krankenhauslieferung, stellen Sie sicher, dass Ihre Besuche w\u00e4hrend und nach dem Krankenhaus bequem und stilvoll sind.<br \/>\n<div class=\"main-cross-sell\" data-asin=\"B08CCB9261\">\n\n\t<div class=\"WooZone-cross-sell-loader\">\n\t\t<div>\n\t\t\t<div id=\"floatingBarsG\">\n\t\t\t\t<div class=\"blockG\" id=\"rotateG_01\"><\/div>\n\t\t\t\t<div class=\"blockG\" id=\"rotateG_02\"><\/div>\n\t\t\t\t<div class=\"blockG\" id=\"rotateG_03\"><\/div>\n\t\t\t\t<div class=\"blockG\" id=\"rotateG_04\"><\/div>\n\t\t\t\t<div class=\"blockG\" id=\"rotateG_05\"><\/div>\n\t\t\t\t<div class=\"blockG\" id=\"rotateG_06\"><\/div>\n\t\t\t\t<div class=\"blockG\" id=\"rotateG_07\"><\/div>\n\t\t\t\t<div class=\"blockG\" id=\"rotateG_08\"><\/div>\n\t\t\t<\/div>\n\t\t\t<div class=\"WooZone-cross-sell-loader-text\"><\/div>\n\t\t<\/div>\n\t<\/div>\n\n\t\t\n<\/div>\n<div style=\"clear:both;\"><\/div><\/p>\n","protected":false},"excerpt":{"rendered":"<p>Gro\u00dfe, klare Drucke: Exklusive, gro\u00dfe, klare Drucke Umstandsmantel, eleganter und stilvoller f\u00fcr erste Bilder mit Ihrem s\u00fc\u00dfen Baby. Vergessen Sie nicht, den Umstandsmantel in Ihre Krankenhaustasche zu packen.<br \/>\n\u3010Sicherheit im Inneren\u3011 Gen\u00fcgend bump wrap Umstandsmantel verf\u00fcgt \u00fcber eine innere Taillenb\u00e4nder, halten Sie Ihren Bademantel sicher geschlossen, der \u00e4u\u00dfere G\u00fcrtel ist in den Bademantel eingen\u00e4ht, damit Sie nicht mehr verloren gehen.<br \/>\nTiefe Taschen: Tiefer und praktischer, zwei Seitentaschen f\u00fcr Umstandsmantel, Stauraum f\u00fcr alles, was Sie beim Stillen zur Hand haben oder Ihr Kind von Raum zu Raum tragen m\u00fcssen. Nie wieder etwas verloren.<\/p>\n","protected":false},"featured_media":172040,"comment_status":"open","ping_status":"closed","template":"","meta":[],"product_brand":[],"product_cat":[21,9478],"product_tag":[],"class_list":{"0":"post-172039","1":"product","2":"type-product","3":"status-publish","4":"has-post-thumbnail","6":"product_cat-baby","7":"product_cat-umstandskleidung-baby","8":"pa_brand-peauty","9":"pa_color-blau","10":"pa_height-0-787401574-zoll","11":"pa_length-11-81102361-zoll","12":"pa_manufacturer-peauty","13":"pa_size-l","14":"pa_width-7-87401574-zoll","16":"first","17":"instock","18":"shipping-taxable","19":"purchasable","20":"product-type-simple","21":"customify-col","22":"product-has-gallery"},"yoast_head":"<!-- This site is optimized with the Yoast SEO plugin v27.4 - https:\/\/yoast.com\/product\/yoast-seo-wordpress\/ -->\n<title>Umstandskrankenhaus-Robe Arbeit und Lieferung Stillmantel Umstandsmode Nachtw\u00e4sche Schwangerschaft und Postpartum\u2026 - Markt-XXL<\/title>\n<meta name=\"description\" content=\"Markt-XXL Umstandskrankenhaus-Robe Arbeit und Lieferung Stillmantel Umstandsmode Nachtw\u00e4sche Schwangerschaft und Postpartum\u2026\" \/>\n<meta name=\"robots\" content=\"index, follow, max-snippet:-1, max-image-preview:large, max-video-preview:-1\" \/>\n<link rel=\"canonical\" href=\"https:\/\/marktxxl.de\/markt\/produkt\/umstandskrankenhaus-robe-arbeit-und-lieferung-stillmantel-umstandsmode-nachtwaesche-schwangerschaft-und-postpartum-stillen\/\" \/>\n<meta property=\"og:locale\" content=\"de_DE\" \/>\n<meta property=\"og:type\" content=\"article\" \/>\n<meta property=\"og:title\" content=\"Umstandskrankenhaus-Robe Arbeit und Lieferung Stillmantel Umstandsmode Nachtw\u00e4sche Schwangerschaft und Postpartum\u2026 - Markt-XXL\" \/>\n<meta property=\"og:description\" content=\"Markt-XXL Umstandskrankenhaus-Robe Arbeit und Lieferung Stillmantel Umstandsmode Nachtw\u00e4sche Schwangerschaft und Postpartum\u2026\" \/>\n<meta property=\"og:url\" content=\"https:\/\/marktxxl.de\/markt\/produkt\/umstandskrankenhaus-robe-arbeit-und-lieferung-stillmantel-umstandsmode-nachtwaesche-schwangerschaft-und-postpartum-stillen\/\" \/>\n<meta property=\"og:site_name\" content=\"Markt-XXL\" \/>\n<meta property=\"article:modified_time\" content=\"2023-04-09T02:41:31+00:00\" \/>\n<meta property=\"og:image\" content=\"https:\/\/m.media-amazon.com\/images\/I\/41nDHZ7z6nL._SL500_.jpg\" \/>\n\t<meta property=\"og:image:width\" content=\"385\" \/>\n\t<meta property=\"og:image:height\" content=\"500\" \/>\n\t<meta property=\"og:image:type\" content=\"image\/jpeg\" \/>\n<meta name=\"twitter:card\" content=\"summary_large_image\" \/>\n<meta name=\"twitter:label1\" content=\"Gesch\u00e4tzte Lesezeit\" \/>\n\t<meta name=\"twitter:data1\" content=\"1\u00a0Minute\" \/>\n<script type=\"application\/ld+json\" class=\"yoast-schema-graph\">{\"@context\":\"https:\\\/\\\/schema.org\",\"@graph\":[{\"@type\":\"WebPage\",\"@id\":\"https:\\\/\\\/marktxxl.de\\\/markt\\\/produkt\\\/umstandskrankenhaus-robe-arbeit-und-lieferung-stillmantel-umstandsmode-nachtwaesche-schwangerschaft-und-postpartum-stillen\\\/\",\"url\":\"https:\\\/\\\/marktxxl.de\\\/markt\\\/produkt\\\/umstandskrankenhaus-robe-arbeit-und-lieferung-stillmantel-umstandsmode-nachtwaesche-schwangerschaft-und-postpartum-stillen\\\/\",\"name\":\"Umstandskrankenhaus-Robe Arbeit und Lieferung Stillmantel Umstandsmode Nachtw\u00e4sche Schwangerschaft und Postpartum\u2026 - Markt-XXL\",\"isPartOf\":{\"@id\":\"https:\\\/\\\/marktxxl.de\\\/markt\\\/#website\"},\"primaryImageOfPage\":{\"@id\":\"https:\\\/\\\/marktxxl.de\\\/markt\\\/produkt\\\/umstandskrankenhaus-robe-arbeit-und-lieferung-stillmantel-umstandsmode-nachtwaesche-schwangerschaft-und-postpartum-stillen\\\/#primaryimage\"},\"image\":{\"@id\":\"https:\\\/\\\/marktxxl.de\\\/markt\\\/produkt\\\/umstandskrankenhaus-robe-arbeit-und-lieferung-stillmantel-umstandsmode-nachtwaesche-schwangerschaft-und-postpartum-stillen\\\/#primaryimage\"},\"thumbnailUrl\":\"https:\\\/\\\/m.media-amazon.com\\\/images\\\/I\\\/41nDHZ7z6nL._SL500_.jpg\",\"datePublished\":\"2022-12-11T01:56:06+00:00\",\"dateModified\":\"2023-04-09T02:41:31+00:00\",\"description\":\"Markt-XXL Umstandskrankenhaus-Robe Arbeit und Lieferung Stillmantel Umstandsmode Nachtw\u00e4sche Schwangerschaft und Postpartum\u2026\",\"breadcrumb\":{\"@id\":\"https:\\\/\\\/marktxxl.de\\\/markt\\\/produkt\\\/umstandskrankenhaus-robe-arbeit-und-lieferung-stillmantel-umstandsmode-nachtwaesche-schwangerschaft-und-postpartum-stillen\\\/#breadcrumb\"},\"inLanguage\":\"de\",\"potentialAction\":[{\"@type\":\"ReadAction\",\"target\":[\"https:\\\/\\\/marktxxl.de\\\/markt\\\/produkt\\\/umstandskrankenhaus-robe-arbeit-und-lieferung-stillmantel-umstandsmode-nachtwaesche-schwangerschaft-und-postpartum-stillen\\\/\"]}]},{\"@type\":\"ImageObject\",\"inLanguage\":\"de\",\"@id\":\"https:\\\/\\\/marktxxl.de\\\/markt\\\/produkt\\\/umstandskrankenhaus-robe-arbeit-und-lieferung-stillmantel-umstandsmode-nachtwaesche-schwangerschaft-und-postpartum-stillen\\\/#primaryimage\",\"url\":\"https:\\\/\\\/m.media-amazon.com\\\/images\\\/I\\\/41nDHZ7z6nL._SL500_.jpg\",\"contentUrl\":\"https:\\\/\\\/m.media-amazon.com\\\/images\\\/I\\\/41nDHZ7z6nL._SL500_.jpg\",\"width\":385,\"height\":500},{\"@type\":\"BreadcrumbList\",\"@id\":\"https:\\\/\\\/marktxxl.de\\\/markt\\\/produkt\\\/umstandskrankenhaus-robe-arbeit-und-lieferung-stillmantel-umstandsmode-nachtwaesche-schwangerschaft-und-postpartum-stillen\\\/#breadcrumb\",\"itemListElement\":[{\"@type\":\"ListItem\",\"position\":1,\"name\":\"Startseite\",\"item\":\"https:\\\/\\\/marktxxl.de\\\/markt\\\/\"},{\"@type\":\"ListItem\",\"position\":2,\"name\":\"Markt\",\"item\":\"https:\\\/\\\/marktxxl.de\\\/markt\\\/\"},{\"@type\":\"ListItem\",\"position\":3,\"name\":\"Umstandskrankenhaus-Robe Arbeit und Lieferung Stillmantel Umstandsmode Nachtw\u00e4sche Schwangerschaft und Postpartum\u2026\"}]},{\"@type\":\"WebSite\",\"@id\":\"https:\\\/\\\/marktxxl.de\\\/markt\\\/#website\",\"url\":\"https:\\\/\\\/marktxxl.de\\\/markt\\\/\",\"name\":\"Markt-XXL\",\"description\":\"Ihr Markt Online\",\"publisher\":{\"@id\":\"https:\\\/\\\/marktxxl.de\\\/markt\\\/#organization\"},\"potentialAction\":[{\"@type\":\"SearchAction\",\"target\":{\"@type\":\"EntryPoint\",\"urlTemplate\":\"https:\\\/\\\/marktxxl.de\\\/markt\\\/?s={search_term_string}\"},\"query-input\":{\"@type\":\"PropertyValueSpecification\",\"valueRequired\":true,\"valueName\":\"search_term_string\"}}],\"inLanguage\":\"de\"},{\"@type\":\"Organization\",\"@id\":\"https:\\\/\\\/marktxxl.de\\\/markt\\\/#organization\",\"name\":\"Markt-XXL\",\"url\":\"https:\\\/\\\/marktxxl.de\\\/markt\\\/\",\"logo\":{\"@type\":\"ImageObject\",\"inLanguage\":\"de\",\"@id\":\"https:\\\/\\\/marktxxl.de\\\/markt\\\/#\\\/schema\\\/logo\\\/image\\\/\",\"url\":\"https:\\\/\\\/marktxxl.de\\\/markt\\\/wp-content\\\/uploads\\\/sites\\\/3\\\/2020\\\/12\\\/logo.png\",\"contentUrl\":\"https:\\\/\\\/marktxxl.de\\\/markt\\\/wp-content\\\/uploads\\\/sites\\\/3\\\/2020\\\/12\\\/logo.png\",\"width\":200,\"height\":70,\"caption\":\"Markt-XXL\"},\"image\":{\"@id\":\"https:\\\/\\\/marktxxl.de\\\/markt\\\/#\\\/schema\\\/logo\\\/image\\\/\"}}]}<\/script>\n<!-- \/ Yoast SEO plugin. -->","yoast_head_json":{"title":"Umstandskrankenhaus-Robe Arbeit und Lieferung Stillmantel Umstandsmode Nachtw\u00e4sche Schwangerschaft und Postpartum\u2026 - Markt-XXL","description":"Markt-XXL Umstandskrankenhaus-Robe Arbeit und Lieferung Stillmantel Umstandsmode Nachtw\u00e4sche Schwangerschaft und Postpartum\u2026","robots":{"index":"index","follow":"follow","max-snippet":"max-snippet:-1","max-image-preview":"max-image-preview:large","max-video-preview":"max-video-preview:-1"},"canonical":"https:\/\/marktxxl.de\/markt\/produkt\/umstandskrankenhaus-robe-arbeit-und-lieferung-stillmantel-umstandsmode-nachtwaesche-schwangerschaft-und-postpartum-stillen\/","og_locale":"de_DE","og_type":"article","og_title":"Umstandskrankenhaus-Robe Arbeit und Lieferung Stillmantel Umstandsmode Nachtw\u00e4sche Schwangerschaft und Postpartum\u2026 - Markt-XXL","og_description":"Markt-XXL Umstandskrankenhaus-Robe Arbeit und Lieferung Stillmantel Umstandsmode Nachtw\u00e4sche Schwangerschaft und Postpartum\u2026","og_url":"https:\/\/marktxxl.de\/markt\/produkt\/umstandskrankenhaus-robe-arbeit-und-lieferung-stillmantel-umstandsmode-nachtwaesche-schwangerschaft-und-postpartum-stillen\/","og_site_name":"Markt-XXL","article_modified_time":"2023-04-09T02:41:31+00:00","og_image":[{"width":385,"height":500,"url":"https:\/\/m.media-amazon.com\/images\/I\/41nDHZ7z6nL._SL500_.jpg","type":"image\/jpeg"}],"twitter_card":"summary_large_image","twitter_misc":{"Gesch\u00e4tzte Lesezeit":"1\u00a0Minute"},"schema":{"@context":"https:\/\/schema.org","@graph":[{"@type":"WebPage","@id":"https:\/\/marktxxl.de\/markt\/produkt\/umstandskrankenhaus-robe-arbeit-und-lieferung-stillmantel-umstandsmode-nachtwaesche-schwangerschaft-und-postpartum-stillen\/","url":"https:\/\/marktxxl.de\/markt\/produkt\/umstandskrankenhaus-robe-arbeit-und-lieferung-stillmantel-umstandsmode-nachtwaesche-schwangerschaft-und-postpartum-stillen\/","name":"Umstandskrankenhaus-Robe Arbeit und Lieferung Stillmantel Umstandsmode Nachtw\u00e4sche Schwangerschaft und Postpartum\u2026 - Markt-XXL","isPartOf":{"@id":"https:\/\/marktxxl.de\/markt\/#website"},"primaryImageOfPage":{"@id":"https:\/\/marktxxl.de\/markt\/produkt\/umstandskrankenhaus-robe-arbeit-und-lieferung-stillmantel-umstandsmode-nachtwaesche-schwangerschaft-und-postpartum-stillen\/#primaryimage"},"image":{"@id":"https:\/\/marktxxl.de\/markt\/produkt\/umstandskrankenhaus-robe-arbeit-und-lieferung-stillmantel-umstandsmode-nachtwaesche-schwangerschaft-und-postpartum-stillen\/#primaryimage"},"thumbnailUrl":"https:\/\/m.media-amazon.com\/images\/I\/41nDHZ7z6nL._SL500_.jpg","datePublished":"2022-12-11T01:56:06+00:00","dateModified":"2023-04-09T02:41:31+00:00","description":"Markt-XXL Umstandskrankenhaus-Robe Arbeit und Lieferung Stillmantel Umstandsmode Nachtw\u00e4sche Schwangerschaft und Postpartum\u2026","breadcrumb":{"@id":"https:\/\/marktxxl.de\/markt\/produkt\/umstandskrankenhaus-robe-arbeit-und-lieferung-stillmantel-umstandsmode-nachtwaesche-schwangerschaft-und-postpartum-stillen\/#breadcrumb"},"inLanguage":"de","potentialAction":[{"@type":"ReadAction","target":["https:\/\/marktxxl.de\/markt\/produkt\/umstandskrankenhaus-robe-arbeit-und-lieferung-stillmantel-umstandsmode-nachtwaesche-schwangerschaft-und-postpartum-stillen\/"]}]},{"@type":"ImageObject","inLanguage":"de","@id":"https:\/\/marktxxl.de\/markt\/produkt\/umstandskrankenhaus-robe-arbeit-und-lieferung-stillmantel-umstandsmode-nachtwaesche-schwangerschaft-und-postpartum-stillen\/#primaryimage","url":"https:\/\/m.media-amazon.com\/images\/I\/41nDHZ7z6nL._SL500_.jpg","contentUrl":"https:\/\/m.media-amazon.com\/images\/I\/41nDHZ7z6nL._SL500_.jpg","width":385,"height":500},{"@type":"BreadcrumbList","@id":"https:\/\/marktxxl.de\/markt\/produkt\/umstandskrankenhaus-robe-arbeit-und-lieferung-stillmantel-umstandsmode-nachtwaesche-schwangerschaft-und-postpartum-stillen\/#breadcrumb","itemListElement":[{"@type":"ListItem","position":1,"name":"Startseite","item":"https:\/\/marktxxl.de\/markt\/"},{"@type":"ListItem","position":2,"name":"Markt","item":"https:\/\/marktxxl.de\/markt\/"},{"@type":"ListItem","position":3,"name":"Umstandskrankenhaus-Robe Arbeit und Lieferung Stillmantel Umstandsmode Nachtw\u00e4sche Schwangerschaft und Postpartum\u2026"}]},{"@type":"WebSite","@id":"https:\/\/marktxxl.de\/markt\/#website","url":"https:\/\/marktxxl.de\/markt\/","name":"Markt-XXL","description":"Ihr Markt Online","publisher":{"@id":"https:\/\/marktxxl.de\/markt\/#organization"},"potentialAction":[{"@type":"SearchAction","target":{"@type":"EntryPoint","urlTemplate":"https:\/\/marktxxl.de\/markt\/?s={search_term_string}"},"query-input":{"@type":"PropertyValueSpecification","valueRequired":true,"valueName":"search_term_string"}}],"inLanguage":"de"},{"@type":"Organization","@id":"https:\/\/marktxxl.de\/markt\/#organization","name":"Markt-XXL","url":"https:\/\/marktxxl.de\/markt\/","logo":{"@type":"ImageObject","inLanguage":"de","@id":"https:\/\/marktxxl.de\/markt\/#\/schema\/logo\/image\/","url":"https:\/\/marktxxl.de\/markt\/wp-content\/uploads\/sites\/3\/2020\/12\/logo.png","contentUrl":"https:\/\/marktxxl.de\/markt\/wp-content\/uploads\/sites\/3\/2020\/12\/logo.png","width":200,"height":70,"caption":"Markt-XXL"},"image":{"@id":"https:\/\/marktxxl.de\/markt\/#\/schema\/logo\/image\/"}}]}},"_links":{"self":[{"href":"https:\/\/marktxxl.de\/markt\/wp-json\/wp\/v2\/product\/172039","targetHints":{"allow":["GET"]}}],"collection":[{"href":"https:\/\/marktxxl.de\/markt\/wp-json\/wp\/v2\/product"}],"about":[{"href":"https:\/\/marktxxl.de\/markt\/wp-json\/wp\/v2\/types\/product"}],"replies":[{"embeddable":true,"href":"https:\/\/marktxxl.de\/markt\/wp-json\/wp\/v2\/comments?post=172039"}],"wp:featuredmedia":[{"embeddable":true,"href":"https:\/\/marktxxl.de\/markt\/wp-json\/wp\/v2\/media\/172040"}],"wp:attachment":[{"href":"https:\/\/marktxxl.de\/markt\/wp-json\/wp\/v2\/media?parent=172039"}],"wp:term":[{"taxonomy":"product_brand","embeddable":true,"href":"https:\/\/marktxxl.de\/markt\/wp-json\/wp\/v2\/product_brand?post=172039"},{"taxonomy":"product_cat","embeddable":true,"href":"https:\/\/marktxxl.de\/markt\/wp-json\/wp\/v2\/product_cat?post=172039"},{"taxonomy":"product_tag","embeddable":true,"href":"https:\/\/marktxxl.de\/markt\/wp-json\/wp\/v2\/product_tag?post=172039"}],"curies":[{"name":"wp","href":"https:\/\/api.w.org\/{rel}","templated":true}]}}