{"id":171993,"date":"2022-12-11T02:55:23","date_gmt":"2022-12-11T01:55:23","guid":{"rendered":"https:\/\/marktxxl.de\/markt\/produkt\/cartes-premieres-fois-de-bebe-et-coffret-souvenir-francais-40-milestone-cartes-photos-unisexe-futures-mamans-et-par-age-ideal-pour-une-cadeau\/"},"modified":"2023-04-09T04:41:30","modified_gmt":"2023-04-09T02:41:30","slug":"cartes-premieres-fois-de-bebe-et-coffret-souvenir-francais-40-milestone-cartes-photos-unisexe-futures-mamans-et-par-age-ideal-pour-une-cadeau","status":"publish","type":"product","link":"https:\/\/marktxxl.de\/markt\/produkt\/cartes-premieres-fois-de-bebe-et-coffret-souvenir-francais-40-milestone-cartes-photos-unisexe-futures-mamans-et-par-age-ideal-pour-une-cadeau\/","title":{"rendered":"Cartes premi\u00e8res fois de b\u00e9b\u00e9 et coffret souvenir (fran\u00e7ais) \u2013 40 milestone cartes photos unisexe &#8211; futures mamans et\u2026"},"content":{"rendered":"<p>40 CARTES PREMI\u00c8RES FOIS DE B\u00c9B\u00c9 uniques et adapt\u00e9es aux enfants, illustr\u00e9es dans des couleurs pastel modernes, UNISEXE et pr\u00e9sent\u00e9es dans un joli coffret souvenir. Prenez une photo de votre tout-petit en train de sourire, de rire, de marcher et de parler pour la premi\u00e8re fois et partagez-la avec vos amis sur les r\u00e9seaux sociaux.<br \/>\nSur chaque carte se trouve un ESPACE LIBRE AU DOS et un espace pour \u00e9crire la DATE SUR LE DEVANT DE LA CARTE pour que vous puissiez vous rem\u00e9morer chaque d\u00e9tail de ses premi\u00e8res fois.<br \/>\nChaque carte mesure environ 15 cm par 10,5 cm (A6), des dimensions parfaites pour la mettre \u00e0 c\u00f4t\u00e9 de votre b\u00e9b\u00e9 ! Les motifs sont imprim\u00e9s par un professionnel sur papier cartonn\u00e9 \u00e9pais et durable et chaque carte est dot\u00e9e d&#8217;un fini mat pour que vous puissiez \u00e9crire dessus en toute libert\u00e9, ainsi que d&#8217;une protection anti-reflet contre les flashs des appareils photo.<br \/>\nUn coffret BABY SHOWER id\u00e9al pour une amie ou des proches. Les textes des cartes sont adapt\u00e9s \u00e0 la fois aux FAMILLES BIPARENTALES ET AUX FAMILLES MONOPARENTALES. Les motifs sont \u00e9crits en fran\u00e7ais.<br \/>\nCARTES LIVR\u00c9ES : 34 \u00c2GE \/ \u00c9TAPES DE D\u00c9VELOPPEMENT, 3 CARTES VIERGES \u00e0 PERSONNALISER POUR CONSIGNER LES PREMI\u00c8RES FOIS DE VOTRE B\u00c9B\u00c9 QUE VOUS PR\u00c9F\u00c9REZ et 3 CARTES BONUS GROSSESSE pour les futures mamans.<br \/>\n<div class=\"main-cross-sell\" data-asin=\"B079X4GWW3\">\n\n\t<div class=\"WooZone-cross-sell-loader\">\n\t\t<div>\n\t\t\t<div id=\"floatingBarsG\">\n\t\t\t\t<div class=\"blockG\" id=\"rotateG_01\"><\/div>\n\t\t\t\t<div class=\"blockG\" id=\"rotateG_02\"><\/div>\n\t\t\t\t<div class=\"blockG\" id=\"rotateG_03\"><\/div>\n\t\t\t\t<div class=\"blockG\" id=\"rotateG_04\"><\/div>\n\t\t\t\t<div class=\"blockG\" id=\"rotateG_05\"><\/div>\n\t\t\t\t<div class=\"blockG\" id=\"rotateG_06\"><\/div>\n\t\t\t\t<div class=\"blockG\" id=\"rotateG_07\"><\/div>\n\t\t\t\t<div class=\"blockG\" id=\"rotateG_08\"><\/div>\n\t\t\t<\/div>\n\t\t\t<div class=\"WooZone-cross-sell-loader-text\"><\/div>\n\t\t<\/div>\n\t<\/div>\n\n\t\t\n<\/div>\n<div style=\"clear:both;\"><\/div><\/p>\n","protected":false},"excerpt":{"rendered":"<p>40 CARTES PREMI\u00c8RES FOIS DE B\u00c9B\u00c9 uniques et adapt\u00e9es aux enfants, illustr\u00e9es dans des couleurs pastel modernes, UNISEXE et pr\u00e9sent\u00e9es dans un joli coffret souvenir. Prenez une photo de votre tout-petit en train de sourire, de rire, de marcher et de parler pour la premi\u00e8re fois et partagez-la avec vos amis sur les r\u00e9seaux sociaux.<br \/>\nSur chaque carte se trouve un ESPACE LIBRE AU DOS et un espace pour \u00e9crire la DATE SUR LE DEVANT DE LA CARTE pour que vous puissiez vous rem\u00e9morer chaque d\u00e9tail de ses premi\u00e8res fois.<br \/>\nChaque carte mesure environ 15 cm par 10,5 cm (A6), des dimensions parfaites pour la mettre \u00e0 c\u00f4t\u00e9 de votre b\u00e9b\u00e9 ! Les motifs sont imprim\u00e9s par un professionnel sur papier cartonn\u00e9 \u00e9pais et durable et chaque carte est dot\u00e9e d&#8217;un fini mat pour que vous puissiez \u00e9crire dessus en toute libert\u00e9, ainsi que d&#8217;une protection anti-reflet contre les flashs des appareils photo.<\/p>\n","protected":false},"featured_media":171994,"comment_status":"open","ping_status":"closed","template":"","meta":[],"product_brand":[],"product_cat":[21,8929],"product_tag":[],"class_list":{"0":"post-171993","1":"product","2":"type-product","3":"status-publish","4":"has-post-thumbnail","6":"product_cat-baby","7":"product_cat-babygeschenke-baby","8":"pa_binding-babyartikel","9":"pa_brand-cozy-hedgehog","10":"pa_color-francais","11":"pa_languages-unbekannt-franzoesisch","12":"pa_manufacturer-la-brands-ltd","13":"pa_model-ye-121m-w20w","15":"first","16":"instock","17":"shipping-taxable","18":"purchasable","19":"product-type-simple","20":"customify-col","21":"product-has-gallery"},"yoast_head":"<!-- This site is optimized with the Yoast SEO plugin v27.4 - https:\/\/yoast.com\/product\/yoast-seo-wordpress\/ -->\n<title>Cartes premi\u00e8res fois de b\u00e9b\u00e9 et coffret souvenir (fran\u00e7ais) \u2013 40 milestone cartes photos unisexe - futures mamans et\u2026 - Markt-XXL<\/title>\n<meta name=\"description\" content=\"Markt-XXL Cartes premi\u00e8res fois de b\u00e9b\u00e9 et coffret souvenir (fran\u00e7ais) \u2013 40 milestone cartes photos unisexe - futures mamans et\u2026\" \/>\n<meta name=\"robots\" content=\"index, follow, max-snippet:-1, max-image-preview:large, max-video-preview:-1\" \/>\n<link rel=\"canonical\" href=\"https:\/\/marktxxl.de\/markt\/produkt\/cartes-premieres-fois-de-bebe-et-coffret-souvenir-francais-40-milestone-cartes-photos-unisexe-futures-mamans-et-par-age-ideal-pour-une-cadeau\/\" \/>\n<meta property=\"og:locale\" content=\"de_DE\" \/>\n<meta property=\"og:type\" content=\"article\" \/>\n<meta property=\"og:title\" content=\"Cartes premi\u00e8res fois de b\u00e9b\u00e9 et coffret souvenir (fran\u00e7ais) \u2013 40 milestone cartes photos unisexe - futures mamans et\u2026 - Markt-XXL\" \/>\n<meta property=\"og:description\" content=\"Markt-XXL Cartes premi\u00e8res fois de b\u00e9b\u00e9 et coffret souvenir (fran\u00e7ais) \u2013 40 milestone cartes photos unisexe - futures mamans et\u2026\" \/>\n<meta property=\"og:url\" content=\"https:\/\/marktxxl.de\/markt\/produkt\/cartes-premieres-fois-de-bebe-et-coffret-souvenir-francais-40-milestone-cartes-photos-unisexe-futures-mamans-et-par-age-ideal-pour-une-cadeau\/\" \/>\n<meta property=\"og:site_name\" content=\"Markt-XXL\" \/>\n<meta property=\"article:modified_time\" content=\"2023-04-09T02:41:30+00:00\" \/>\n<meta property=\"og:image\" content=\"https:\/\/m.media-amazon.com\/images\/I\/41RoUafPGGL._SL500_.jpg\" \/>\n\t<meta property=\"og:image:width\" content=\"500\" \/>\n\t<meta property=\"og:image:height\" content=\"500\" \/>\n\t<meta property=\"og:image:type\" content=\"image\/jpeg\" \/>\n<meta name=\"twitter:card\" content=\"summary_large_image\" \/>\n<meta name=\"twitter:label1\" content=\"Gesch\u00e4tzte Lesezeit\" \/>\n\t<meta name=\"twitter:data1\" content=\"1\u00a0Minute\" \/>\n<script type=\"application\/ld+json\" class=\"yoast-schema-graph\">{\"@context\":\"https:\\\/\\\/schema.org\",\"@graph\":[{\"@type\":\"WebPage\",\"@id\":\"https:\\\/\\\/marktxxl.de\\\/markt\\\/produkt\\\/cartes-premieres-fois-de-bebe-et-coffret-souvenir-francais-40-milestone-cartes-photos-unisexe-futures-mamans-et-par-age-ideal-pour-une-cadeau\\\/\",\"url\":\"https:\\\/\\\/marktxxl.de\\\/markt\\\/produkt\\\/cartes-premieres-fois-de-bebe-et-coffret-souvenir-francais-40-milestone-cartes-photos-unisexe-futures-mamans-et-par-age-ideal-pour-une-cadeau\\\/\",\"name\":\"Cartes premi\u00e8res fois de b\u00e9b\u00e9 et coffret souvenir (fran\u00e7ais) \u2013 40 milestone cartes photos unisexe - futures mamans et\u2026 - Markt-XXL\",\"isPartOf\":{\"@id\":\"https:\\\/\\\/marktxxl.de\\\/markt\\\/#website\"},\"primaryImageOfPage\":{\"@id\":\"https:\\\/\\\/marktxxl.de\\\/markt\\\/produkt\\\/cartes-premieres-fois-de-bebe-et-coffret-souvenir-francais-40-milestone-cartes-photos-unisexe-futures-mamans-et-par-age-ideal-pour-une-cadeau\\\/#primaryimage\"},\"image\":{\"@id\":\"https:\\\/\\\/marktxxl.de\\\/markt\\\/produkt\\\/cartes-premieres-fois-de-bebe-et-coffret-souvenir-francais-40-milestone-cartes-photos-unisexe-futures-mamans-et-par-age-ideal-pour-une-cadeau\\\/#primaryimage\"},\"thumbnailUrl\":\"https:\\\/\\\/m.media-amazon.com\\\/images\\\/I\\\/41RoUafPGGL._SL500_.jpg\",\"datePublished\":\"2022-12-11T01:55:23+00:00\",\"dateModified\":\"2023-04-09T02:41:30+00:00\",\"description\":\"Markt-XXL Cartes premi\u00e8res fois de b\u00e9b\u00e9 et coffret souvenir (fran\u00e7ais) \u2013 40 milestone cartes photos unisexe - futures mamans et\u2026\",\"breadcrumb\":{\"@id\":\"https:\\\/\\\/marktxxl.de\\\/markt\\\/produkt\\\/cartes-premieres-fois-de-bebe-et-coffret-souvenir-francais-40-milestone-cartes-photos-unisexe-futures-mamans-et-par-age-ideal-pour-une-cadeau\\\/#breadcrumb\"},\"inLanguage\":\"de\",\"potentialAction\":[{\"@type\":\"ReadAction\",\"target\":[\"https:\\\/\\\/marktxxl.de\\\/markt\\\/produkt\\\/cartes-premieres-fois-de-bebe-et-coffret-souvenir-francais-40-milestone-cartes-photos-unisexe-futures-mamans-et-par-age-ideal-pour-une-cadeau\\\/\"]}]},{\"@type\":\"ImageObject\",\"inLanguage\":\"de\",\"@id\":\"https:\\\/\\\/marktxxl.de\\\/markt\\\/produkt\\\/cartes-premieres-fois-de-bebe-et-coffret-souvenir-francais-40-milestone-cartes-photos-unisexe-futures-mamans-et-par-age-ideal-pour-une-cadeau\\\/#primaryimage\",\"url\":\"https:\\\/\\\/m.media-amazon.com\\\/images\\\/I\\\/41RoUafPGGL._SL500_.jpg\",\"contentUrl\":\"https:\\\/\\\/m.media-amazon.com\\\/images\\\/I\\\/41RoUafPGGL._SL500_.jpg\",\"width\":500,\"height\":500},{\"@type\":\"BreadcrumbList\",\"@id\":\"https:\\\/\\\/marktxxl.de\\\/markt\\\/produkt\\\/cartes-premieres-fois-de-bebe-et-coffret-souvenir-francais-40-milestone-cartes-photos-unisexe-futures-mamans-et-par-age-ideal-pour-une-cadeau\\\/#breadcrumb\",\"itemListElement\":[{\"@type\":\"ListItem\",\"position\":1,\"name\":\"Startseite\",\"item\":\"https:\\\/\\\/marktxxl.de\\\/markt\\\/\"},{\"@type\":\"ListItem\",\"position\":2,\"name\":\"Markt\",\"item\":\"https:\\\/\\\/marktxxl.de\\\/markt\\\/\"},{\"@type\":\"ListItem\",\"position\":3,\"name\":\"Cartes premi\u00e8res fois de b\u00e9b\u00e9 et coffret souvenir (fran\u00e7ais) \u2013 40 milestone cartes photos unisexe &#8211; futures mamans et\u2026\"}]},{\"@type\":\"WebSite\",\"@id\":\"https:\\\/\\\/marktxxl.de\\\/markt\\\/#website\",\"url\":\"https:\\\/\\\/marktxxl.de\\\/markt\\\/\",\"name\":\"Markt-XXL\",\"description\":\"Ihr Markt Online\",\"publisher\":{\"@id\":\"https:\\\/\\\/marktxxl.de\\\/markt\\\/#organization\"},\"potentialAction\":[{\"@type\":\"SearchAction\",\"target\":{\"@type\":\"EntryPoint\",\"urlTemplate\":\"https:\\\/\\\/marktxxl.de\\\/markt\\\/?s={search_term_string}\"},\"query-input\":{\"@type\":\"PropertyValueSpecification\",\"valueRequired\":true,\"valueName\":\"search_term_string\"}}],\"inLanguage\":\"de\"},{\"@type\":\"Organization\",\"@id\":\"https:\\\/\\\/marktxxl.de\\\/markt\\\/#organization\",\"name\":\"Markt-XXL\",\"url\":\"https:\\\/\\\/marktxxl.de\\\/markt\\\/\",\"logo\":{\"@type\":\"ImageObject\",\"inLanguage\":\"de\",\"@id\":\"https:\\\/\\\/marktxxl.de\\\/markt\\\/#\\\/schema\\\/logo\\\/image\\\/\",\"url\":\"https:\\\/\\\/marktxxl.de\\\/markt\\\/wp-content\\\/uploads\\\/sites\\\/3\\\/2020\\\/12\\\/logo.png\",\"contentUrl\":\"https:\\\/\\\/marktxxl.de\\\/markt\\\/wp-content\\\/uploads\\\/sites\\\/3\\\/2020\\\/12\\\/logo.png\",\"width\":200,\"height\":70,\"caption\":\"Markt-XXL\"},\"image\":{\"@id\":\"https:\\\/\\\/marktxxl.de\\\/markt\\\/#\\\/schema\\\/logo\\\/image\\\/\"}}]}<\/script>\n<!-- \/ Yoast SEO plugin. -->","yoast_head_json":{"title":"Cartes premi\u00e8res fois de b\u00e9b\u00e9 et coffret souvenir (fran\u00e7ais) \u2013 40 milestone cartes photos unisexe - futures mamans et\u2026 - Markt-XXL","description":"Markt-XXL Cartes premi\u00e8res fois de b\u00e9b\u00e9 et coffret souvenir (fran\u00e7ais) \u2013 40 milestone cartes photos unisexe - futures mamans et\u2026","robots":{"index":"index","follow":"follow","max-snippet":"max-snippet:-1","max-image-preview":"max-image-preview:large","max-video-preview":"max-video-preview:-1"},"canonical":"https:\/\/marktxxl.de\/markt\/produkt\/cartes-premieres-fois-de-bebe-et-coffret-souvenir-francais-40-milestone-cartes-photos-unisexe-futures-mamans-et-par-age-ideal-pour-une-cadeau\/","og_locale":"de_DE","og_type":"article","og_title":"Cartes premi\u00e8res fois de b\u00e9b\u00e9 et coffret souvenir (fran\u00e7ais) \u2013 40 milestone cartes photos unisexe - futures mamans et\u2026 - Markt-XXL","og_description":"Markt-XXL Cartes premi\u00e8res fois de b\u00e9b\u00e9 et coffret souvenir (fran\u00e7ais) \u2013 40 milestone cartes photos unisexe - futures mamans et\u2026","og_url":"https:\/\/marktxxl.de\/markt\/produkt\/cartes-premieres-fois-de-bebe-et-coffret-souvenir-francais-40-milestone-cartes-photos-unisexe-futures-mamans-et-par-age-ideal-pour-une-cadeau\/","og_site_name":"Markt-XXL","article_modified_time":"2023-04-09T02:41:30+00:00","og_image":[{"width":500,"height":500,"url":"https:\/\/m.media-amazon.com\/images\/I\/41RoUafPGGL._SL500_.jpg","type":"image\/jpeg"}],"twitter_card":"summary_large_image","twitter_misc":{"Gesch\u00e4tzte Lesezeit":"1\u00a0Minute"},"schema":{"@context":"https:\/\/schema.org","@graph":[{"@type":"WebPage","@id":"https:\/\/marktxxl.de\/markt\/produkt\/cartes-premieres-fois-de-bebe-et-coffret-souvenir-francais-40-milestone-cartes-photos-unisexe-futures-mamans-et-par-age-ideal-pour-une-cadeau\/","url":"https:\/\/marktxxl.de\/markt\/produkt\/cartes-premieres-fois-de-bebe-et-coffret-souvenir-francais-40-milestone-cartes-photos-unisexe-futures-mamans-et-par-age-ideal-pour-une-cadeau\/","name":"Cartes premi\u00e8res fois de b\u00e9b\u00e9 et coffret souvenir (fran\u00e7ais) \u2013 40 milestone cartes photos unisexe - futures mamans et\u2026 - Markt-XXL","isPartOf":{"@id":"https:\/\/marktxxl.de\/markt\/#website"},"primaryImageOfPage":{"@id":"https:\/\/marktxxl.de\/markt\/produkt\/cartes-premieres-fois-de-bebe-et-coffret-souvenir-francais-40-milestone-cartes-photos-unisexe-futures-mamans-et-par-age-ideal-pour-une-cadeau\/#primaryimage"},"image":{"@id":"https:\/\/marktxxl.de\/markt\/produkt\/cartes-premieres-fois-de-bebe-et-coffret-souvenir-francais-40-milestone-cartes-photos-unisexe-futures-mamans-et-par-age-ideal-pour-une-cadeau\/#primaryimage"},"thumbnailUrl":"https:\/\/m.media-amazon.com\/images\/I\/41RoUafPGGL._SL500_.jpg","datePublished":"2022-12-11T01:55:23+00:00","dateModified":"2023-04-09T02:41:30+00:00","description":"Markt-XXL Cartes premi\u00e8res fois de b\u00e9b\u00e9 et coffret souvenir (fran\u00e7ais) \u2013 40 milestone cartes photos unisexe - futures mamans et\u2026","breadcrumb":{"@id":"https:\/\/marktxxl.de\/markt\/produkt\/cartes-premieres-fois-de-bebe-et-coffret-souvenir-francais-40-milestone-cartes-photos-unisexe-futures-mamans-et-par-age-ideal-pour-une-cadeau\/#breadcrumb"},"inLanguage":"de","potentialAction":[{"@type":"ReadAction","target":["https:\/\/marktxxl.de\/markt\/produkt\/cartes-premieres-fois-de-bebe-et-coffret-souvenir-francais-40-milestone-cartes-photos-unisexe-futures-mamans-et-par-age-ideal-pour-une-cadeau\/"]}]},{"@type":"ImageObject","inLanguage":"de","@id":"https:\/\/marktxxl.de\/markt\/produkt\/cartes-premieres-fois-de-bebe-et-coffret-souvenir-francais-40-milestone-cartes-photos-unisexe-futures-mamans-et-par-age-ideal-pour-une-cadeau\/#primaryimage","url":"https:\/\/m.media-amazon.com\/images\/I\/41RoUafPGGL._SL500_.jpg","contentUrl":"https:\/\/m.media-amazon.com\/images\/I\/41RoUafPGGL._SL500_.jpg","width":500,"height":500},{"@type":"BreadcrumbList","@id":"https:\/\/marktxxl.de\/markt\/produkt\/cartes-premieres-fois-de-bebe-et-coffret-souvenir-francais-40-milestone-cartes-photos-unisexe-futures-mamans-et-par-age-ideal-pour-une-cadeau\/#breadcrumb","itemListElement":[{"@type":"ListItem","position":1,"name":"Startseite","item":"https:\/\/marktxxl.de\/markt\/"},{"@type":"ListItem","position":2,"name":"Markt","item":"https:\/\/marktxxl.de\/markt\/"},{"@type":"ListItem","position":3,"name":"Cartes premi\u00e8res fois de b\u00e9b\u00e9 et coffret souvenir (fran\u00e7ais) \u2013 40 milestone cartes photos unisexe &#8211; futures mamans et\u2026"}]},{"@type":"WebSite","@id":"https:\/\/marktxxl.de\/markt\/#website","url":"https:\/\/marktxxl.de\/markt\/","name":"Markt-XXL","description":"Ihr Markt Online","publisher":{"@id":"https:\/\/marktxxl.de\/markt\/#organization"},"potentialAction":[{"@type":"SearchAction","target":{"@type":"EntryPoint","urlTemplate":"https:\/\/marktxxl.de\/markt\/?s={search_term_string}"},"query-input":{"@type":"PropertyValueSpecification","valueRequired":true,"valueName":"search_term_string"}}],"inLanguage":"de"},{"@type":"Organization","@id":"https:\/\/marktxxl.de\/markt\/#organization","name":"Markt-XXL","url":"https:\/\/marktxxl.de\/markt\/","logo":{"@type":"ImageObject","inLanguage":"de","@id":"https:\/\/marktxxl.de\/markt\/#\/schema\/logo\/image\/","url":"https:\/\/marktxxl.de\/markt\/wp-content\/uploads\/sites\/3\/2020\/12\/logo.png","contentUrl":"https:\/\/marktxxl.de\/markt\/wp-content\/uploads\/sites\/3\/2020\/12\/logo.png","width":200,"height":70,"caption":"Markt-XXL"},"image":{"@id":"https:\/\/marktxxl.de\/markt\/#\/schema\/logo\/image\/"}}]}},"_links":{"self":[{"href":"https:\/\/marktxxl.de\/markt\/wp-json\/wp\/v2\/product\/171993","targetHints":{"allow":["GET"]}}],"collection":[{"href":"https:\/\/marktxxl.de\/markt\/wp-json\/wp\/v2\/product"}],"about":[{"href":"https:\/\/marktxxl.de\/markt\/wp-json\/wp\/v2\/types\/product"}],"replies":[{"embeddable":true,"href":"https:\/\/marktxxl.de\/markt\/wp-json\/wp\/v2\/comments?post=171993"}],"wp:featuredmedia":[{"embeddable":true,"href":"https:\/\/marktxxl.de\/markt\/wp-json\/wp\/v2\/media\/171994"}],"wp:attachment":[{"href":"https:\/\/marktxxl.de\/markt\/wp-json\/wp\/v2\/media?parent=171993"}],"wp:term":[{"taxonomy":"product_brand","embeddable":true,"href":"https:\/\/marktxxl.de\/markt\/wp-json\/wp\/v2\/product_brand?post=171993"},{"taxonomy":"product_cat","embeddable":true,"href":"https:\/\/marktxxl.de\/markt\/wp-json\/wp\/v2\/product_cat?post=171993"},{"taxonomy":"product_tag","embeddable":true,"href":"https:\/\/marktxxl.de\/markt\/wp-json\/wp\/v2\/product_tag?post=171993"}],"curies":[{"name":"wp","href":"https:\/\/api.w.org\/{rel}","templated":true}]}}