{"id":171970,"date":"2022-12-11T02:55:02","date_gmt":"2022-12-11T01:55:02","guid":{"rendered":"https:\/\/marktxxl.de\/markt\/produkt\/prinzental-40-holz-meilensteinkarten-schwangerschaft-alle-wichtigen-meilensteine-edel-gravierte-meilensteine-fuer-die-zeit-der-schwangerschaft-schwangerschaft-verkuenden-auf-fotos\/"},"modified":"2023-04-09T04:41:29","modified_gmt":"2023-04-09T02:41:29","slug":"prinzental-40-holz-meilensteinkarten-schwangerschaft-alle-wichtigen-meilensteine-edel-gravierte-meilensteine-fuer-die-zeit-der-schwangerschaft-schwangerschaft-verkuenden-auf-fotos","status":"publish","type":"product","link":"https:\/\/marktxxl.de\/markt\/produkt\/prinzental-40-holz-meilensteinkarten-schwangerschaft-alle-wichtigen-meilensteine-edel-gravierte-meilensteine-fuer-die-zeit-der-schwangerschaft-schwangerschaft-verkuenden-auf-fotos\/","title":{"rendered":"Prinzental\u00ae Meilensteinkarten Schwangerschaft [Alle Wichtigen Meilensteine] Edel Gravierte Holz Schwangerschaftskarten\u2026"},"content":{"rendered":"<p>\ud83d\udc97 \ud835\udc00\ud835\udc0d\ud835\udc03\ud835\udc04\ud835\udc11\ud835\udc04 \ud835\udc0c\ud835\udc04\ud835\udc08\ud835\udc0b\ud835\udc04\ud835\udc0d\ud835\udc12\ud835\udc13\ud835\udc04\ud835\udc08\ud835\udc0d\ud835\udc0a\ud835\udc00\ud835\udc11\ud835\udc13\ud835\udc04\ud835\udc0d sind oft aus bedrucktem Papier, was auf Erinnerungsfotos einen eher g\u00fcnstigen Eindruck macht. Du bist mit Deinem Baby aber nur einmal schwanger! Daher m\u00f6chtest Du, dass es perfekt wird. Deswegen setzen wir bei Prinzental auf edles Lindenholz und eine perfekte Gravur.<br \/>\n\ud83d\udc97 \ud835\udc03\ud835\udc08\ud835\udc04 \ud835\udc19\ud835\udc04\ud835\udc08\ud835\udc13 \ud835\udc03\ud835\udc04\ud835\udc11 \ud835\udc12\ud835\udc02\ud835\udc07\ud835\udc16\ud835\udc00\ud835\udc0d\ud835\udc06\ud835\udc04\ud835\udc11\ud835\udc12\ud835\udc02\ud835\udc07\ud835\udc00\ud835\udc05\ud835\udc13 ist eine magische Zeit, die dokumentiert werden muss! Daf\u00fcr sind Deine 40 Meilensteinkarten perfekt. Egal ob der erste Ultraschall, die 7-Monatsmarke oder zum Schwangerschaft Verk\u00fcnden: Jeder Moment wird mit liebevollen Spr\u00fcchen und Zeitangaben festgehalten!<br \/>\n\ud83d\udc97 \ud835\udc0c\ud835\udc08\ud835\udc13 \ud835\udc06\ud835\udc04\ud835\udc0b\ud835\udc08\ud835\udc0d\ud835\udc06-\ud835\udc06\ud835\udc00\ud835\udc11\ud835\udc00\ud835\udc0d\ud835\udc13\ud835\udc08\ud835\udc04 &#8211; Die Prinzental Meilensteinkarten begeistern seit Jahren Kunden in ganz Deutschland und haben schon tausenden Eltern dabei geholfen, wundersch\u00f6ne Erinnerungsfotos zu machen, von denen sie vorher selbst nicht geglaubt h\u00e4tten, dass dies ohne Fotografen m\u00f6glich w\u00e4re.<br \/>\n\ud83d\udc97 \ud835\udc0c\ud835\udc08\ud835\udc13 \ud835\udc00\ud835\udc0b\ud835\udc0b\ud835\udc04\ud835\udc0c, \ud835\udc16\ud835\udc00\ud835\udc12 \ud835\udc03\ud835\udc00\ud835\udc12 \ud835\udc07\ud835\udc04\ud835\udc11\ud835\udc19 \ud835\udc01\ud835\udc04\ud835\udc06\ud835\udc04\ud835\udc07\ud835\udc11\ud835\udc13! Bei Prinzental bekommst Du zu Deinen 20 beidseitig-gravierten Meilensteinkarten (40 Spr\u00fcche) eine Blanko-Karte f\u00fcr zwei eigene Spr\u00fcche, eine Staffelei, einen Baumwollbeutel, eine hochwertige Geschenkverpackung sowie \ud835\udfd2 \ud835\udc11\ud835\udc2e\ud835\udc1b\ud835\udc1b\ud835\udc1e\ud835\udc25\ud835\udc24\ud835\udc1a\ud835\udc2b\ud835\udc2d\ud835\udc1e\ud835\udc27 \ud835\udc33\ud835\udc2e\ud835\udc26 \ud835\udc2c\ud835\udc1e\ud835\udc25\ud835\udc1b\ud835\udc1e\ud835\udc2b \ud835\udc1b\ud835\udc1e\ud835\udc2c\ud835\udc1c\ud835\udc21\ud835\udc2b\ud835\udc22\ud835\udc1f\ud835\udc2d\ud835\udc1e\ud835\udc27 zur Verk\u00fcndung deiner Schwangerschaft!<br \/>\n\ud83d\udc97 \ud835\udc03\ud835\udc08\ud835\udc04 \ud835\udc19\ud835\udc04\ud835\udc08\ud835\udc13 \ud835\udc0b\u00c4\ud835\udc14\ud835\udc05\ud835\udc13 \ud835\udc12\ud835\udc02\ud835\udc07\ud835\udc0d\ud835\udc04\ud835\udc0b\ud835\udc0b &#8211; Im Handumdrehen ist Dein Baby auf der Welt! Unsere Meilensteinkarten helfen Dir dabei, alle sch\u00f6nen Momente und Meilensteine Deiner Schwangerschaft ganz einfach einzufangen, damit Du nicht verpasst, unwiederbringliche Momente festzuhalten. \ud835\udc09\ud835\udc1e\ud835\udc2d\ud835\udc33\ud835\udc2d \ud835\udc1b\ud835\udc1e\ud835\udc2c\ud835\udc2d\ud835\udc1e\ud835\udc25\ud835\udc25\ud835\udc1e\ud835\udc27 \ud835\udc2e\ud835\udc27\ud835\udc1d \ud835\udc30\ud835\udc2e\ud835\udc27\ud835\udc1d\ud835\udc1e\ud835\udc2b\ud835\udc2c\ud835\udc1c\ud835\udc21\u00f6\ud835\udc27\ud835\udc1e \ud835\udc04\ud835\udc2b\ud835\udc22\ud835\udc27\ud835\udc27\ud835\udc1e\ud835\udc2b\ud835\udc2e\ud835\udc27\ud835\udc20\ud835\udc2c\ud835\udc1f\ud835\udc28\ud835\udc2d\ud835\udc28\ud835\udc2c \ud835\udc26\ud835\udc1a\ud835\udc1c\ud835\udc21\ud835\udc1e\ud835\udc27.<br \/>\n<div class=\"main-cross-sell\" data-asin=\"B0965511HB\">\n\n\t<div class=\"WooZone-cross-sell-loader\">\n\t\t<div>\n\t\t\t<div id=\"floatingBarsG\">\n\t\t\t\t<div class=\"blockG\" id=\"rotateG_01\"><\/div>\n\t\t\t\t<div class=\"blockG\" id=\"rotateG_02\"><\/div>\n\t\t\t\t<div class=\"blockG\" id=\"rotateG_03\"><\/div>\n\t\t\t\t<div class=\"blockG\" id=\"rotateG_04\"><\/div>\n\t\t\t\t<div class=\"blockG\" id=\"rotateG_05\"><\/div>\n\t\t\t\t<div class=\"blockG\" id=\"rotateG_06\"><\/div>\n\t\t\t\t<div class=\"blockG\" id=\"rotateG_07\"><\/div>\n\t\t\t\t<div class=\"blockG\" id=\"rotateG_08\"><\/div>\n\t\t\t<\/div>\n\t\t\t<div class=\"WooZone-cross-sell-loader-text\"><\/div>\n\t\t<\/div>\n\t<\/div>\n\n\t\t\n<\/div>\n<div style=\"clear:both;\"><\/div><\/p>\n","protected":false},"excerpt":{"rendered":"<p>\ud83d\udc97 \ud835\udc00\ud835\udc0d\ud835\udc03\ud835\udc04\ud835\udc11\ud835\udc04 \ud835\udc0c\ud835\udc04\ud835\udc08\ud835\udc0b\ud835\udc04\ud835\udc0d\ud835\udc12\ud835\udc13\ud835\udc04\ud835\udc08\ud835\udc0d\ud835\udc0a\ud835\udc00\ud835\udc11\ud835\udc13\ud835\udc04\ud835\udc0d sind oft aus bedrucktem Papier, was auf Erinnerungsfotos einen eher g\u00fcnstigen Eindruck macht. Du bist mit Deinem Baby aber nur einmal schwanger! Daher m\u00f6chtest Du, dass es perfekt wird. Deswegen setzen wir bei Prinzental auf edles Lindenholz und eine perfekte Gravur.<br \/>\n\ud83d\udc97 \ud835\udc03\ud835\udc08\ud835\udc04 \ud835\udc19\ud835\udc04\ud835\udc08\ud835\udc13 \ud835\udc03\ud835\udc04\ud835\udc11 \ud835\udc12\ud835\udc02\ud835\udc07\ud835\udc16\ud835\udc00\ud835\udc0d\ud835\udc06\ud835\udc04\ud835\udc11\ud835\udc12\ud835\udc02\ud835\udc07\ud835\udc00\ud835\udc05\ud835\udc13 ist eine magische Zeit, die dokumentiert werden muss! Daf\u00fcr sind Deine 40 Meilensteinkarten perfekt. Egal ob der erste Ultraschall, die 7-Monatsmarke oder zum Schwangerschaft Verk\u00fcnden: Jeder Moment wird mit liebevollen Spr\u00fcchen und Zeitangaben festgehalten!<br \/>\n\ud83d\udc97 \ud835\udc0c\ud835\udc08\ud835\udc13 \ud835\udc06\ud835\udc04\ud835\udc0b\ud835\udc08\ud835\udc0d\ud835\udc06-\ud835\udc06\ud835\udc00\ud835\udc11\ud835\udc00\ud835\udc0d\ud835\udc13\ud835\udc08\ud835\udc04 &#8211; Die Prinzental Meilensteinkarten begeistern seit Jahren Kunden in ganz Deutschland und haben schon tausenden Eltern dabei geholfen, wundersch\u00f6ne Erinnerungsfotos zu machen, von denen sie vorher selbst nicht geglaubt h\u00e4tten, dass dies ohne Fotografen m\u00f6glich w\u00e4re.<\/p>\n","protected":false},"featured_media":171971,"comment_status":"open","ping_status":"closed","template":"","meta":[],"product_brand":[],"product_cat":[21,8929],"product_tag":[],"class_list":{"0":"post-171970","1":"product","2":"type-product","3":"status-publish","4":"has-post-thumbnail","6":"product_cat-baby","7":"product_cat-babygeschenke-baby","8":"pa_binding-babyartikel","9":"pa_brand-prinzental","10":"pa_color-schwangerschaft","11":"pa_height-1-9291338563-zoll","12":"pa_length-8-661417314-zoll","13":"pa_manufacturer-prinzental","14":"pa_width-5-905511805-zoll","16":"first","17":"instock","18":"shipping-taxable","19":"purchasable","20":"product-type-simple","21":"customify-col","22":"product-has-gallery"},"yoast_head":"<!-- This site is optimized with the Yoast SEO plugin v27.3 - https:\/\/yoast.com\/product\/yoast-seo-wordpress\/ -->\n<title>Prinzental\u00ae Meilensteinkarten Schwangerschaft [Alle Wichtigen Meilensteine] Edel Gravierte Holz Schwangerschaftskarten\u2026 - Markt-XXL<\/title>\n<meta name=\"description\" content=\"Markt-XXL Prinzental\u00ae Meilensteinkarten Schwangerschaft [Alle Wichtigen Meilensteine] Edel Gravierte Holz Schwangerschaftskarten\u2026\" \/>\n<meta name=\"robots\" content=\"index, follow, max-snippet:-1, max-image-preview:large, max-video-preview:-1\" \/>\n<link rel=\"canonical\" href=\"https:\/\/marktxxl.de\/markt\/produkt\/prinzental-40-holz-meilensteinkarten-schwangerschaft-alle-wichtigen-meilensteine-edel-gravierte-meilensteine-fuer-die-zeit-der-schwangerschaft-schwangerschaft-verkuenden-auf-fotos\/\" \/>\n<meta property=\"og:locale\" content=\"de_DE\" \/>\n<meta property=\"og:type\" content=\"article\" \/>\n<meta property=\"og:title\" content=\"Prinzental\u00ae Meilensteinkarten Schwangerschaft [Alle Wichtigen Meilensteine] Edel Gravierte Holz Schwangerschaftskarten\u2026 - Markt-XXL\" \/>\n<meta property=\"og:description\" content=\"Markt-XXL Prinzental\u00ae Meilensteinkarten Schwangerschaft [Alle Wichtigen Meilensteine] Edel Gravierte Holz Schwangerschaftskarten\u2026\" \/>\n<meta property=\"og:url\" content=\"https:\/\/marktxxl.de\/markt\/produkt\/prinzental-40-holz-meilensteinkarten-schwangerschaft-alle-wichtigen-meilensteine-edel-gravierte-meilensteine-fuer-die-zeit-der-schwangerschaft-schwangerschaft-verkuenden-auf-fotos\/\" \/>\n<meta property=\"og:site_name\" content=\"Markt-XXL\" \/>\n<meta property=\"article:modified_time\" content=\"2023-04-09T02:41:29+00:00\" \/>\n<meta property=\"og:image\" content=\"https:\/\/m.media-amazon.com\/images\/I\/51zwPGSPLLL._SL500_.jpg\" \/>\n\t<meta property=\"og:image:width\" content=\"500\" \/>\n\t<meta property=\"og:image:height\" content=\"500\" \/>\n\t<meta property=\"og:image:type\" content=\"image\/jpeg\" \/>\n<meta name=\"twitter:card\" content=\"summary_large_image\" \/>\n<meta name=\"twitter:label1\" content=\"Gesch\u00e4tzte Lesezeit\" \/>\n\t<meta name=\"twitter:data1\" content=\"1\u00a0Minute\" \/>\n<script type=\"application\/ld+json\" class=\"yoast-schema-graph\">{\"@context\":\"https:\\\/\\\/schema.org\",\"@graph\":[{\"@type\":\"WebPage\",\"@id\":\"https:\\\/\\\/marktxxl.de\\\/markt\\\/produkt\\\/prinzental-40-holz-meilensteinkarten-schwangerschaft-alle-wichtigen-meilensteine-edel-gravierte-meilensteine-fuer-die-zeit-der-schwangerschaft-schwangerschaft-verkuenden-auf-fotos\\\/\",\"url\":\"https:\\\/\\\/marktxxl.de\\\/markt\\\/produkt\\\/prinzental-40-holz-meilensteinkarten-schwangerschaft-alle-wichtigen-meilensteine-edel-gravierte-meilensteine-fuer-die-zeit-der-schwangerschaft-schwangerschaft-verkuenden-auf-fotos\\\/\",\"name\":\"Prinzental\u00ae Meilensteinkarten Schwangerschaft [Alle Wichtigen Meilensteine] Edel Gravierte Holz Schwangerschaftskarten\u2026 - Markt-XXL\",\"isPartOf\":{\"@id\":\"https:\\\/\\\/marktxxl.de\\\/markt\\\/#website\"},\"primaryImageOfPage\":{\"@id\":\"https:\\\/\\\/marktxxl.de\\\/markt\\\/produkt\\\/prinzental-40-holz-meilensteinkarten-schwangerschaft-alle-wichtigen-meilensteine-edel-gravierte-meilensteine-fuer-die-zeit-der-schwangerschaft-schwangerschaft-verkuenden-auf-fotos\\\/#primaryimage\"},\"image\":{\"@id\":\"https:\\\/\\\/marktxxl.de\\\/markt\\\/produkt\\\/prinzental-40-holz-meilensteinkarten-schwangerschaft-alle-wichtigen-meilensteine-edel-gravierte-meilensteine-fuer-die-zeit-der-schwangerschaft-schwangerschaft-verkuenden-auf-fotos\\\/#primaryimage\"},\"thumbnailUrl\":\"https:\\\/\\\/m.media-amazon.com\\\/images\\\/I\\\/51zwPGSPLLL._SL500_.jpg\",\"datePublished\":\"2022-12-11T01:55:02+00:00\",\"dateModified\":\"2023-04-09T02:41:29+00:00\",\"description\":\"Markt-XXL Prinzental\u00ae Meilensteinkarten Schwangerschaft [Alle Wichtigen Meilensteine] Edel Gravierte Holz Schwangerschaftskarten\u2026\",\"breadcrumb\":{\"@id\":\"https:\\\/\\\/marktxxl.de\\\/markt\\\/produkt\\\/prinzental-40-holz-meilensteinkarten-schwangerschaft-alle-wichtigen-meilensteine-edel-gravierte-meilensteine-fuer-die-zeit-der-schwangerschaft-schwangerschaft-verkuenden-auf-fotos\\\/#breadcrumb\"},\"inLanguage\":\"de\",\"potentialAction\":[{\"@type\":\"ReadAction\",\"target\":[\"https:\\\/\\\/marktxxl.de\\\/markt\\\/produkt\\\/prinzental-40-holz-meilensteinkarten-schwangerschaft-alle-wichtigen-meilensteine-edel-gravierte-meilensteine-fuer-die-zeit-der-schwangerschaft-schwangerschaft-verkuenden-auf-fotos\\\/\"]}]},{\"@type\":\"ImageObject\",\"inLanguage\":\"de\",\"@id\":\"https:\\\/\\\/marktxxl.de\\\/markt\\\/produkt\\\/prinzental-40-holz-meilensteinkarten-schwangerschaft-alle-wichtigen-meilensteine-edel-gravierte-meilensteine-fuer-die-zeit-der-schwangerschaft-schwangerschaft-verkuenden-auf-fotos\\\/#primaryimage\",\"url\":\"https:\\\/\\\/m.media-amazon.com\\\/images\\\/I\\\/51zwPGSPLLL._SL500_.jpg\",\"contentUrl\":\"https:\\\/\\\/m.media-amazon.com\\\/images\\\/I\\\/51zwPGSPLLL._SL500_.jpg\",\"width\":500,\"height\":500},{\"@type\":\"BreadcrumbList\",\"@id\":\"https:\\\/\\\/marktxxl.de\\\/markt\\\/produkt\\\/prinzental-40-holz-meilensteinkarten-schwangerschaft-alle-wichtigen-meilensteine-edel-gravierte-meilensteine-fuer-die-zeit-der-schwangerschaft-schwangerschaft-verkuenden-auf-fotos\\\/#breadcrumb\",\"itemListElement\":[{\"@type\":\"ListItem\",\"position\":1,\"name\":\"Startseite\",\"item\":\"https:\\\/\\\/marktxxl.de\\\/markt\\\/\"},{\"@type\":\"ListItem\",\"position\":2,\"name\":\"Markt\",\"item\":\"https:\\\/\\\/marktxxl.de\\\/markt\\\/\"},{\"@type\":\"ListItem\",\"position\":3,\"name\":\"Prinzental\u00ae Meilensteinkarten Schwangerschaft [Alle Wichtigen Meilensteine] Edel Gravierte Holz Schwangerschaftskarten\u2026\"}]},{\"@type\":\"WebSite\",\"@id\":\"https:\\\/\\\/marktxxl.de\\\/markt\\\/#website\",\"url\":\"https:\\\/\\\/marktxxl.de\\\/markt\\\/\",\"name\":\"Markt-XXL\",\"description\":\"Ihr Markt Online\",\"publisher\":{\"@id\":\"https:\\\/\\\/marktxxl.de\\\/markt\\\/#organization\"},\"potentialAction\":[{\"@type\":\"SearchAction\",\"target\":{\"@type\":\"EntryPoint\",\"urlTemplate\":\"https:\\\/\\\/marktxxl.de\\\/markt\\\/?s={search_term_string}\"},\"query-input\":{\"@type\":\"PropertyValueSpecification\",\"valueRequired\":true,\"valueName\":\"search_term_string\"}}],\"inLanguage\":\"de\"},{\"@type\":\"Organization\",\"@id\":\"https:\\\/\\\/marktxxl.de\\\/markt\\\/#organization\",\"name\":\"Markt-XXL\",\"url\":\"https:\\\/\\\/marktxxl.de\\\/markt\\\/\",\"logo\":{\"@type\":\"ImageObject\",\"inLanguage\":\"de\",\"@id\":\"https:\\\/\\\/marktxxl.de\\\/markt\\\/#\\\/schema\\\/logo\\\/image\\\/\",\"url\":\"https:\\\/\\\/marktxxl.de\\\/markt\\\/wp-content\\\/uploads\\\/sites\\\/3\\\/2020\\\/12\\\/logo.png\",\"contentUrl\":\"https:\\\/\\\/marktxxl.de\\\/markt\\\/wp-content\\\/uploads\\\/sites\\\/3\\\/2020\\\/12\\\/logo.png\",\"width\":200,\"height\":70,\"caption\":\"Markt-XXL\"},\"image\":{\"@id\":\"https:\\\/\\\/marktxxl.de\\\/markt\\\/#\\\/schema\\\/logo\\\/image\\\/\"}}]}<\/script>\n<!-- \/ Yoast SEO plugin. -->","yoast_head_json":{"title":"Prinzental\u00ae Meilensteinkarten Schwangerschaft [Alle Wichtigen Meilensteine] Edel Gravierte Holz Schwangerschaftskarten\u2026 - Markt-XXL","description":"Markt-XXL Prinzental\u00ae Meilensteinkarten Schwangerschaft [Alle Wichtigen Meilensteine] Edel Gravierte Holz Schwangerschaftskarten\u2026","robots":{"index":"index","follow":"follow","max-snippet":"max-snippet:-1","max-image-preview":"max-image-preview:large","max-video-preview":"max-video-preview:-1"},"canonical":"https:\/\/marktxxl.de\/markt\/produkt\/prinzental-40-holz-meilensteinkarten-schwangerschaft-alle-wichtigen-meilensteine-edel-gravierte-meilensteine-fuer-die-zeit-der-schwangerschaft-schwangerschaft-verkuenden-auf-fotos\/","og_locale":"de_DE","og_type":"article","og_title":"Prinzental\u00ae Meilensteinkarten Schwangerschaft [Alle Wichtigen Meilensteine] Edel Gravierte Holz Schwangerschaftskarten\u2026 - Markt-XXL","og_description":"Markt-XXL Prinzental\u00ae Meilensteinkarten Schwangerschaft [Alle Wichtigen Meilensteine] Edel Gravierte Holz Schwangerschaftskarten\u2026","og_url":"https:\/\/marktxxl.de\/markt\/produkt\/prinzental-40-holz-meilensteinkarten-schwangerschaft-alle-wichtigen-meilensteine-edel-gravierte-meilensteine-fuer-die-zeit-der-schwangerschaft-schwangerschaft-verkuenden-auf-fotos\/","og_site_name":"Markt-XXL","article_modified_time":"2023-04-09T02:41:29+00:00","og_image":[{"width":500,"height":500,"url":"https:\/\/m.media-amazon.com\/images\/I\/51zwPGSPLLL._SL500_.jpg","type":"image\/jpeg"}],"twitter_card":"summary_large_image","twitter_misc":{"Gesch\u00e4tzte Lesezeit":"1\u00a0Minute"},"schema":{"@context":"https:\/\/schema.org","@graph":[{"@type":"WebPage","@id":"https:\/\/marktxxl.de\/markt\/produkt\/prinzental-40-holz-meilensteinkarten-schwangerschaft-alle-wichtigen-meilensteine-edel-gravierte-meilensteine-fuer-die-zeit-der-schwangerschaft-schwangerschaft-verkuenden-auf-fotos\/","url":"https:\/\/marktxxl.de\/markt\/produkt\/prinzental-40-holz-meilensteinkarten-schwangerschaft-alle-wichtigen-meilensteine-edel-gravierte-meilensteine-fuer-die-zeit-der-schwangerschaft-schwangerschaft-verkuenden-auf-fotos\/","name":"Prinzental\u00ae Meilensteinkarten Schwangerschaft [Alle Wichtigen Meilensteine] Edel Gravierte Holz Schwangerschaftskarten\u2026 - Markt-XXL","isPartOf":{"@id":"https:\/\/marktxxl.de\/markt\/#website"},"primaryImageOfPage":{"@id":"https:\/\/marktxxl.de\/markt\/produkt\/prinzental-40-holz-meilensteinkarten-schwangerschaft-alle-wichtigen-meilensteine-edel-gravierte-meilensteine-fuer-die-zeit-der-schwangerschaft-schwangerschaft-verkuenden-auf-fotos\/#primaryimage"},"image":{"@id":"https:\/\/marktxxl.de\/markt\/produkt\/prinzental-40-holz-meilensteinkarten-schwangerschaft-alle-wichtigen-meilensteine-edel-gravierte-meilensteine-fuer-die-zeit-der-schwangerschaft-schwangerschaft-verkuenden-auf-fotos\/#primaryimage"},"thumbnailUrl":"https:\/\/m.media-amazon.com\/images\/I\/51zwPGSPLLL._SL500_.jpg","datePublished":"2022-12-11T01:55:02+00:00","dateModified":"2023-04-09T02:41:29+00:00","description":"Markt-XXL Prinzental\u00ae Meilensteinkarten Schwangerschaft [Alle Wichtigen Meilensteine] Edel Gravierte Holz Schwangerschaftskarten\u2026","breadcrumb":{"@id":"https:\/\/marktxxl.de\/markt\/produkt\/prinzental-40-holz-meilensteinkarten-schwangerschaft-alle-wichtigen-meilensteine-edel-gravierte-meilensteine-fuer-die-zeit-der-schwangerschaft-schwangerschaft-verkuenden-auf-fotos\/#breadcrumb"},"inLanguage":"de","potentialAction":[{"@type":"ReadAction","target":["https:\/\/marktxxl.de\/markt\/produkt\/prinzental-40-holz-meilensteinkarten-schwangerschaft-alle-wichtigen-meilensteine-edel-gravierte-meilensteine-fuer-die-zeit-der-schwangerschaft-schwangerschaft-verkuenden-auf-fotos\/"]}]},{"@type":"ImageObject","inLanguage":"de","@id":"https:\/\/marktxxl.de\/markt\/produkt\/prinzental-40-holz-meilensteinkarten-schwangerschaft-alle-wichtigen-meilensteine-edel-gravierte-meilensteine-fuer-die-zeit-der-schwangerschaft-schwangerschaft-verkuenden-auf-fotos\/#primaryimage","url":"https:\/\/m.media-amazon.com\/images\/I\/51zwPGSPLLL._SL500_.jpg","contentUrl":"https:\/\/m.media-amazon.com\/images\/I\/51zwPGSPLLL._SL500_.jpg","width":500,"height":500},{"@type":"BreadcrumbList","@id":"https:\/\/marktxxl.de\/markt\/produkt\/prinzental-40-holz-meilensteinkarten-schwangerschaft-alle-wichtigen-meilensteine-edel-gravierte-meilensteine-fuer-die-zeit-der-schwangerschaft-schwangerschaft-verkuenden-auf-fotos\/#breadcrumb","itemListElement":[{"@type":"ListItem","position":1,"name":"Startseite","item":"https:\/\/marktxxl.de\/markt\/"},{"@type":"ListItem","position":2,"name":"Markt","item":"https:\/\/marktxxl.de\/markt\/"},{"@type":"ListItem","position":3,"name":"Prinzental\u00ae Meilensteinkarten Schwangerschaft [Alle Wichtigen Meilensteine] Edel Gravierte Holz Schwangerschaftskarten\u2026"}]},{"@type":"WebSite","@id":"https:\/\/marktxxl.de\/markt\/#website","url":"https:\/\/marktxxl.de\/markt\/","name":"Markt-XXL","description":"Ihr Markt Online","publisher":{"@id":"https:\/\/marktxxl.de\/markt\/#organization"},"potentialAction":[{"@type":"SearchAction","target":{"@type":"EntryPoint","urlTemplate":"https:\/\/marktxxl.de\/markt\/?s={search_term_string}"},"query-input":{"@type":"PropertyValueSpecification","valueRequired":true,"valueName":"search_term_string"}}],"inLanguage":"de"},{"@type":"Organization","@id":"https:\/\/marktxxl.de\/markt\/#organization","name":"Markt-XXL","url":"https:\/\/marktxxl.de\/markt\/","logo":{"@type":"ImageObject","inLanguage":"de","@id":"https:\/\/marktxxl.de\/markt\/#\/schema\/logo\/image\/","url":"https:\/\/marktxxl.de\/markt\/wp-content\/uploads\/sites\/3\/2020\/12\/logo.png","contentUrl":"https:\/\/marktxxl.de\/markt\/wp-content\/uploads\/sites\/3\/2020\/12\/logo.png","width":200,"height":70,"caption":"Markt-XXL"},"image":{"@id":"https:\/\/marktxxl.de\/markt\/#\/schema\/logo\/image\/"}}]}},"_links":{"self":[{"href":"https:\/\/marktxxl.de\/markt\/wp-json\/wp\/v2\/product\/171970","targetHints":{"allow":["GET"]}}],"collection":[{"href":"https:\/\/marktxxl.de\/markt\/wp-json\/wp\/v2\/product"}],"about":[{"href":"https:\/\/marktxxl.de\/markt\/wp-json\/wp\/v2\/types\/product"}],"replies":[{"embeddable":true,"href":"https:\/\/marktxxl.de\/markt\/wp-json\/wp\/v2\/comments?post=171970"}],"wp:featuredmedia":[{"embeddable":true,"href":"https:\/\/marktxxl.de\/markt\/wp-json\/wp\/v2\/media\/171971"}],"wp:attachment":[{"href":"https:\/\/marktxxl.de\/markt\/wp-json\/wp\/v2\/media?parent=171970"}],"wp:term":[{"taxonomy":"product_brand","embeddable":true,"href":"https:\/\/marktxxl.de\/markt\/wp-json\/wp\/v2\/product_brand?post=171970"},{"taxonomy":"product_cat","embeddable":true,"href":"https:\/\/marktxxl.de\/markt\/wp-json\/wp\/v2\/product_cat?post=171970"},{"taxonomy":"product_tag","embeddable":true,"href":"https:\/\/marktxxl.de\/markt\/wp-json\/wp\/v2\/product_tag?post=171970"}],"curies":[{"name":"wp","href":"https:\/\/api.w.org\/{rel}","templated":true}]}}