{"id":171936,"date":"2022-12-11T02:50:53","date_gmt":"2022-12-11T01:50:53","guid":{"rendered":"https:\/\/marktxxl.de\/markt\/produkt\/ice-ice-baby-umstands-t-shirt-frauen-schwangerschaft-ankuendigung-shirt-lustige-brief-drucken-schwangere-mama-tee-tops\/"},"modified":"2023-04-09T04:41:29","modified_gmt":"2023-04-09T02:41:29","slug":"ice-ice-baby-umstands-t-shirt-frauen-schwangerschaft-ankuendigung-shirt-lustige-brief-drucken-schwangere-mama-tee-tops","status":"publish","type":"product","link":"https:\/\/marktxxl.de\/markt\/produkt\/ice-ice-baby-umstands-t-shirt-frauen-schwangerschaft-ankuendigung-shirt-lustige-brief-drucken-schwangere-mama-tee-tops\/","title":{"rendered":"Ice Ice Baby Umstands-T-Shirt f\u00fcr Damen, Schwangerschaft, Ank\u00fcndigung, lustiges Buchstaben-Druck, schwangere Mutter, T\u2026"},"content":{"rendered":"<p>Material: Baumwoll-Mischgewebe, superweicher, bequemer, atmungsaktiver Stoff, bequem den ganzen Tag zu tragen<br \/>\nEigenschaften: Damen-T-Shirt, mit Eis-Eisbuchstaben-Aufdruck, lustiges Schwangerschafts-Shirt, Schwangerschaftsbek\u00fcndigung, s\u00fc\u00dfes Baby-Shirt, Baby-T-Shirt, l\u00e4ssig, stilvoll, kurz\u00e4rmelig, O-Ausschnitt, Geschenk f\u00fcr Schwangere<br \/>\nAnlass: Lustiges, s\u00fc\u00dfes Baby-Schwangerschaftsbek\u00fcndigungs-Shirt f\u00fcr Mutter, perfekt f\u00fcr Urlaub, Party, Stra\u00dfe, Strand, Freizeitkleidung, Arbeit, Urlaub, Outdoor oder Alltag. Ein tolles Geschenk f\u00fcr einen Geburtstag, Muttertag, Weihnachten, Thanksgiving, Halloween, Jahrestag, Valentinstag usw. Ein tolles Geschenk f\u00fcr Ihre Mutter, Ehefrau, Schwester, Tante oder beste Freundin<br \/>\nPflegehinweis: Handw\u00e4sche \/ Maschinenw\u00e4sche mit kaltem Wasser, nicht chemisch reinigen, nicht trocknen, nicht bleichen<br \/>\nLieferumfang: 1 x Damen-T-Shirt mit Aufschrift \u201eIce Ice\u201c, f\u00fcr die Schwangerschaft und die Ank\u00fcndigung des Babys, lustiger Buchstabendruck, kurz\u00e4rmelig<br \/>\n<div class=\"main-cross-sell\" data-asin=\"B08RWDP3W7\">\n\n\t<div class=\"WooZone-cross-sell-loader\">\n\t\t<div>\n\t\t\t<div id=\"floatingBarsG\">\n\t\t\t\t<div class=\"blockG\" id=\"rotateG_01\"><\/div>\n\t\t\t\t<div class=\"blockG\" id=\"rotateG_02\"><\/div>\n\t\t\t\t<div class=\"blockG\" id=\"rotateG_03\"><\/div>\n\t\t\t\t<div class=\"blockG\" id=\"rotateG_04\"><\/div>\n\t\t\t\t<div class=\"blockG\" id=\"rotateG_05\"><\/div>\n\t\t\t\t<div class=\"blockG\" id=\"rotateG_06\"><\/div>\n\t\t\t\t<div class=\"blockG\" id=\"rotateG_07\"><\/div>\n\t\t\t\t<div class=\"blockG\" id=\"rotateG_08\"><\/div>\n\t\t\t<\/div>\n\t\t\t<div class=\"WooZone-cross-sell-loader-text\"><\/div>\n\t\t<\/div>\n\t<\/div>\n\n\t\t\n<\/div>\n<div style=\"clear:both;\"><\/div><\/p>\n","protected":false},"excerpt":{"rendered":"<p>Material: Baumwoll-Mischgewebe, superweicher, bequemer, atmungsaktiver Stoff, bequem den ganzen Tag zu tragen<br \/>\nEigenschaften: Damen-T-Shirt, mit Eis-Eisbuchstaben-Aufdruck, lustiges Schwangerschafts-Shirt, Schwangerschaftsbek\u00fcndigung, s\u00fc\u00dfes Baby-Shirt, Baby-T-Shirt, l\u00e4ssig, stilvoll, kurz\u00e4rmelig, O-Ausschnitt, Geschenk f\u00fcr Schwangere<br \/>\nAnlass: Lustiges, s\u00fc\u00dfes Baby-Schwangerschaftsbek\u00fcndigungs-Shirt f\u00fcr Mutter, perfekt f\u00fcr Urlaub, Party, Stra\u00dfe, Strand, Freizeitkleidung, Arbeit, Urlaub, Outdoor oder Alltag. Ein tolles Geschenk f\u00fcr einen Geburtstag, Muttertag, Weihnachten, Thanksgiving, Halloween, Jahrestag, Valentinstag usw. Ein tolles Geschenk f\u00fcr Ihre Mutter, Ehefrau, Schwester, Tante oder beste Freundin<\/p>\n","protected":false},"featured_media":171937,"comment_status":"open","ping_status":"closed","template":"","meta":[],"product_brand":[],"product_cat":[21,9478],"product_tag":[],"class_list":{"0":"post-171936","1":"product","2":"type-product","3":"status-publish","4":"has-post-thumbnail","6":"product_cat-baby","7":"product_cat-umstandskleidung-baby","8":"pa_binding-textilien","9":"pa_brand-zifota","11":"first","12":"instock","13":"shipping-taxable","14":"purchasable","15":"product-type-simple","16":"customify-col","17":"product-has-gallery"},"yoast_head":"<!-- This site is optimized with the Yoast SEO plugin v27.4 - https:\/\/yoast.com\/product\/yoast-seo-wordpress\/ -->\n<title>Ice Ice Baby Umstands-T-Shirt f\u00fcr Damen, Schwangerschaft, Ank\u00fcndigung, lustiges Buchstaben-Druck, schwangere Mutter, T\u2026 - Markt-XXL<\/title>\n<meta name=\"description\" content=\"Markt-XXL Ice Ice Baby Umstands-T-Shirt f\u00fcr Damen, Schwangerschaft, Ank\u00fcndigung, lustiges Buchstaben-Druck, schwangere Mutter, T\u2026\" \/>\n<meta name=\"robots\" content=\"index, follow, max-snippet:-1, max-image-preview:large, max-video-preview:-1\" \/>\n<link rel=\"canonical\" href=\"https:\/\/marktxxl.de\/markt\/produkt\/ice-ice-baby-umstands-t-shirt-frauen-schwangerschaft-ankuendigung-shirt-lustige-brief-drucken-schwangere-mama-tee-tops\/\" \/>\n<meta property=\"og:locale\" content=\"de_DE\" \/>\n<meta property=\"og:type\" content=\"article\" \/>\n<meta property=\"og:title\" content=\"Ice Ice Baby Umstands-T-Shirt f\u00fcr Damen, Schwangerschaft, Ank\u00fcndigung, lustiges Buchstaben-Druck, schwangere Mutter, T\u2026 - Markt-XXL\" \/>\n<meta property=\"og:description\" content=\"Markt-XXL Ice Ice Baby Umstands-T-Shirt f\u00fcr Damen, Schwangerschaft, Ank\u00fcndigung, lustiges Buchstaben-Druck, schwangere Mutter, T\u2026\" \/>\n<meta property=\"og:url\" content=\"https:\/\/marktxxl.de\/markt\/produkt\/ice-ice-baby-umstands-t-shirt-frauen-schwangerschaft-ankuendigung-shirt-lustige-brief-drucken-schwangere-mama-tee-tops\/\" \/>\n<meta property=\"og:site_name\" content=\"Markt-XXL\" \/>\n<meta property=\"article:modified_time\" content=\"2023-04-09T02:41:29+00:00\" \/>\n<meta property=\"og:image\" content=\"https:\/\/m.media-amazon.com\/images\/I\/51d92A6Ke6L._SL500_.jpg\" \/>\n\t<meta property=\"og:image:width\" content=\"500\" \/>\n\t<meta property=\"og:image:height\" content=\"466\" \/>\n\t<meta property=\"og:image:type\" content=\"image\/jpeg\" \/>\n<meta name=\"twitter:card\" content=\"summary_large_image\" \/>\n<meta name=\"twitter:label1\" content=\"Gesch\u00e4tzte Lesezeit\" \/>\n\t<meta name=\"twitter:data1\" content=\"1\u00a0Minute\" \/>\n<script type=\"application\/ld+json\" class=\"yoast-schema-graph\">{\"@context\":\"https:\\\/\\\/schema.org\",\"@graph\":[{\"@type\":\"WebPage\",\"@id\":\"https:\\\/\\\/marktxxl.de\\\/markt\\\/produkt\\\/ice-ice-baby-umstands-t-shirt-frauen-schwangerschaft-ankuendigung-shirt-lustige-brief-drucken-schwangere-mama-tee-tops\\\/\",\"url\":\"https:\\\/\\\/marktxxl.de\\\/markt\\\/produkt\\\/ice-ice-baby-umstands-t-shirt-frauen-schwangerschaft-ankuendigung-shirt-lustige-brief-drucken-schwangere-mama-tee-tops\\\/\",\"name\":\"Ice Ice Baby Umstands-T-Shirt f\u00fcr Damen, Schwangerschaft, Ank\u00fcndigung, lustiges Buchstaben-Druck, schwangere Mutter, T\u2026 - Markt-XXL\",\"isPartOf\":{\"@id\":\"https:\\\/\\\/marktxxl.de\\\/markt\\\/#website\"},\"primaryImageOfPage\":{\"@id\":\"https:\\\/\\\/marktxxl.de\\\/markt\\\/produkt\\\/ice-ice-baby-umstands-t-shirt-frauen-schwangerschaft-ankuendigung-shirt-lustige-brief-drucken-schwangere-mama-tee-tops\\\/#primaryimage\"},\"image\":{\"@id\":\"https:\\\/\\\/marktxxl.de\\\/markt\\\/produkt\\\/ice-ice-baby-umstands-t-shirt-frauen-schwangerschaft-ankuendigung-shirt-lustige-brief-drucken-schwangere-mama-tee-tops\\\/#primaryimage\"},\"thumbnailUrl\":\"https:\\\/\\\/m.media-amazon.com\\\/images\\\/I\\\/51d92A6Ke6L._SL500_.jpg\",\"datePublished\":\"2022-12-11T01:50:53+00:00\",\"dateModified\":\"2023-04-09T02:41:29+00:00\",\"description\":\"Markt-XXL Ice Ice Baby Umstands-T-Shirt f\u00fcr Damen, Schwangerschaft, Ank\u00fcndigung, lustiges Buchstaben-Druck, schwangere Mutter, T\u2026\",\"breadcrumb\":{\"@id\":\"https:\\\/\\\/marktxxl.de\\\/markt\\\/produkt\\\/ice-ice-baby-umstands-t-shirt-frauen-schwangerschaft-ankuendigung-shirt-lustige-brief-drucken-schwangere-mama-tee-tops\\\/#breadcrumb\"},\"inLanguage\":\"de\",\"potentialAction\":[{\"@type\":\"ReadAction\",\"target\":[\"https:\\\/\\\/marktxxl.de\\\/markt\\\/produkt\\\/ice-ice-baby-umstands-t-shirt-frauen-schwangerschaft-ankuendigung-shirt-lustige-brief-drucken-schwangere-mama-tee-tops\\\/\"]}]},{\"@type\":\"ImageObject\",\"inLanguage\":\"de\",\"@id\":\"https:\\\/\\\/marktxxl.de\\\/markt\\\/produkt\\\/ice-ice-baby-umstands-t-shirt-frauen-schwangerschaft-ankuendigung-shirt-lustige-brief-drucken-schwangere-mama-tee-tops\\\/#primaryimage\",\"url\":\"https:\\\/\\\/m.media-amazon.com\\\/images\\\/I\\\/51d92A6Ke6L._SL500_.jpg\",\"contentUrl\":\"https:\\\/\\\/m.media-amazon.com\\\/images\\\/I\\\/51d92A6Ke6L._SL500_.jpg\",\"width\":500,\"height\":466},{\"@type\":\"BreadcrumbList\",\"@id\":\"https:\\\/\\\/marktxxl.de\\\/markt\\\/produkt\\\/ice-ice-baby-umstands-t-shirt-frauen-schwangerschaft-ankuendigung-shirt-lustige-brief-drucken-schwangere-mama-tee-tops\\\/#breadcrumb\",\"itemListElement\":[{\"@type\":\"ListItem\",\"position\":1,\"name\":\"Startseite\",\"item\":\"https:\\\/\\\/marktxxl.de\\\/markt\\\/\"},{\"@type\":\"ListItem\",\"position\":2,\"name\":\"Markt\",\"item\":\"https:\\\/\\\/marktxxl.de\\\/markt\\\/\"},{\"@type\":\"ListItem\",\"position\":3,\"name\":\"Ice Ice Baby Umstands-T-Shirt f\u00fcr Damen, Schwangerschaft, Ank\u00fcndigung, lustiges Buchstaben-Druck, schwangere Mutter, T\u2026\"}]},{\"@type\":\"WebSite\",\"@id\":\"https:\\\/\\\/marktxxl.de\\\/markt\\\/#website\",\"url\":\"https:\\\/\\\/marktxxl.de\\\/markt\\\/\",\"name\":\"Markt-XXL\",\"description\":\"Ihr Markt Online\",\"publisher\":{\"@id\":\"https:\\\/\\\/marktxxl.de\\\/markt\\\/#organization\"},\"potentialAction\":[{\"@type\":\"SearchAction\",\"target\":{\"@type\":\"EntryPoint\",\"urlTemplate\":\"https:\\\/\\\/marktxxl.de\\\/markt\\\/?s={search_term_string}\"},\"query-input\":{\"@type\":\"PropertyValueSpecification\",\"valueRequired\":true,\"valueName\":\"search_term_string\"}}],\"inLanguage\":\"de\"},{\"@type\":\"Organization\",\"@id\":\"https:\\\/\\\/marktxxl.de\\\/markt\\\/#organization\",\"name\":\"Markt-XXL\",\"url\":\"https:\\\/\\\/marktxxl.de\\\/markt\\\/\",\"logo\":{\"@type\":\"ImageObject\",\"inLanguage\":\"de\",\"@id\":\"https:\\\/\\\/marktxxl.de\\\/markt\\\/#\\\/schema\\\/logo\\\/image\\\/\",\"url\":\"https:\\\/\\\/marktxxl.de\\\/markt\\\/wp-content\\\/uploads\\\/sites\\\/3\\\/2020\\\/12\\\/logo.png\",\"contentUrl\":\"https:\\\/\\\/marktxxl.de\\\/markt\\\/wp-content\\\/uploads\\\/sites\\\/3\\\/2020\\\/12\\\/logo.png\",\"width\":200,\"height\":70,\"caption\":\"Markt-XXL\"},\"image\":{\"@id\":\"https:\\\/\\\/marktxxl.de\\\/markt\\\/#\\\/schema\\\/logo\\\/image\\\/\"}}]}<\/script>\n<!-- \/ Yoast SEO plugin. -->","yoast_head_json":{"title":"Ice Ice Baby Umstands-T-Shirt f\u00fcr Damen, Schwangerschaft, Ank\u00fcndigung, lustiges Buchstaben-Druck, schwangere Mutter, T\u2026 - Markt-XXL","description":"Markt-XXL Ice Ice Baby Umstands-T-Shirt f\u00fcr Damen, Schwangerschaft, Ank\u00fcndigung, lustiges Buchstaben-Druck, schwangere Mutter, T\u2026","robots":{"index":"index","follow":"follow","max-snippet":"max-snippet:-1","max-image-preview":"max-image-preview:large","max-video-preview":"max-video-preview:-1"},"canonical":"https:\/\/marktxxl.de\/markt\/produkt\/ice-ice-baby-umstands-t-shirt-frauen-schwangerschaft-ankuendigung-shirt-lustige-brief-drucken-schwangere-mama-tee-tops\/","og_locale":"de_DE","og_type":"article","og_title":"Ice Ice Baby Umstands-T-Shirt f\u00fcr Damen, Schwangerschaft, Ank\u00fcndigung, lustiges Buchstaben-Druck, schwangere Mutter, T\u2026 - Markt-XXL","og_description":"Markt-XXL Ice Ice Baby Umstands-T-Shirt f\u00fcr Damen, Schwangerschaft, Ank\u00fcndigung, lustiges Buchstaben-Druck, schwangere Mutter, T\u2026","og_url":"https:\/\/marktxxl.de\/markt\/produkt\/ice-ice-baby-umstands-t-shirt-frauen-schwangerschaft-ankuendigung-shirt-lustige-brief-drucken-schwangere-mama-tee-tops\/","og_site_name":"Markt-XXL","article_modified_time":"2023-04-09T02:41:29+00:00","og_image":[{"width":500,"height":466,"url":"https:\/\/m.media-amazon.com\/images\/I\/51d92A6Ke6L._SL500_.jpg","type":"image\/jpeg"}],"twitter_card":"summary_large_image","twitter_misc":{"Gesch\u00e4tzte Lesezeit":"1\u00a0Minute"},"schema":{"@context":"https:\/\/schema.org","@graph":[{"@type":"WebPage","@id":"https:\/\/marktxxl.de\/markt\/produkt\/ice-ice-baby-umstands-t-shirt-frauen-schwangerschaft-ankuendigung-shirt-lustige-brief-drucken-schwangere-mama-tee-tops\/","url":"https:\/\/marktxxl.de\/markt\/produkt\/ice-ice-baby-umstands-t-shirt-frauen-schwangerschaft-ankuendigung-shirt-lustige-brief-drucken-schwangere-mama-tee-tops\/","name":"Ice Ice Baby Umstands-T-Shirt f\u00fcr Damen, Schwangerschaft, Ank\u00fcndigung, lustiges Buchstaben-Druck, schwangere Mutter, T\u2026 - Markt-XXL","isPartOf":{"@id":"https:\/\/marktxxl.de\/markt\/#website"},"primaryImageOfPage":{"@id":"https:\/\/marktxxl.de\/markt\/produkt\/ice-ice-baby-umstands-t-shirt-frauen-schwangerschaft-ankuendigung-shirt-lustige-brief-drucken-schwangere-mama-tee-tops\/#primaryimage"},"image":{"@id":"https:\/\/marktxxl.de\/markt\/produkt\/ice-ice-baby-umstands-t-shirt-frauen-schwangerschaft-ankuendigung-shirt-lustige-brief-drucken-schwangere-mama-tee-tops\/#primaryimage"},"thumbnailUrl":"https:\/\/m.media-amazon.com\/images\/I\/51d92A6Ke6L._SL500_.jpg","datePublished":"2022-12-11T01:50:53+00:00","dateModified":"2023-04-09T02:41:29+00:00","description":"Markt-XXL Ice Ice Baby Umstands-T-Shirt f\u00fcr Damen, Schwangerschaft, Ank\u00fcndigung, lustiges Buchstaben-Druck, schwangere Mutter, T\u2026","breadcrumb":{"@id":"https:\/\/marktxxl.de\/markt\/produkt\/ice-ice-baby-umstands-t-shirt-frauen-schwangerschaft-ankuendigung-shirt-lustige-brief-drucken-schwangere-mama-tee-tops\/#breadcrumb"},"inLanguage":"de","potentialAction":[{"@type":"ReadAction","target":["https:\/\/marktxxl.de\/markt\/produkt\/ice-ice-baby-umstands-t-shirt-frauen-schwangerschaft-ankuendigung-shirt-lustige-brief-drucken-schwangere-mama-tee-tops\/"]}]},{"@type":"ImageObject","inLanguage":"de","@id":"https:\/\/marktxxl.de\/markt\/produkt\/ice-ice-baby-umstands-t-shirt-frauen-schwangerschaft-ankuendigung-shirt-lustige-brief-drucken-schwangere-mama-tee-tops\/#primaryimage","url":"https:\/\/m.media-amazon.com\/images\/I\/51d92A6Ke6L._SL500_.jpg","contentUrl":"https:\/\/m.media-amazon.com\/images\/I\/51d92A6Ke6L._SL500_.jpg","width":500,"height":466},{"@type":"BreadcrumbList","@id":"https:\/\/marktxxl.de\/markt\/produkt\/ice-ice-baby-umstands-t-shirt-frauen-schwangerschaft-ankuendigung-shirt-lustige-brief-drucken-schwangere-mama-tee-tops\/#breadcrumb","itemListElement":[{"@type":"ListItem","position":1,"name":"Startseite","item":"https:\/\/marktxxl.de\/markt\/"},{"@type":"ListItem","position":2,"name":"Markt","item":"https:\/\/marktxxl.de\/markt\/"},{"@type":"ListItem","position":3,"name":"Ice Ice Baby Umstands-T-Shirt f\u00fcr Damen, Schwangerschaft, Ank\u00fcndigung, lustiges Buchstaben-Druck, schwangere Mutter, T\u2026"}]},{"@type":"WebSite","@id":"https:\/\/marktxxl.de\/markt\/#website","url":"https:\/\/marktxxl.de\/markt\/","name":"Markt-XXL","description":"Ihr Markt Online","publisher":{"@id":"https:\/\/marktxxl.de\/markt\/#organization"},"potentialAction":[{"@type":"SearchAction","target":{"@type":"EntryPoint","urlTemplate":"https:\/\/marktxxl.de\/markt\/?s={search_term_string}"},"query-input":{"@type":"PropertyValueSpecification","valueRequired":true,"valueName":"search_term_string"}}],"inLanguage":"de"},{"@type":"Organization","@id":"https:\/\/marktxxl.de\/markt\/#organization","name":"Markt-XXL","url":"https:\/\/marktxxl.de\/markt\/","logo":{"@type":"ImageObject","inLanguage":"de","@id":"https:\/\/marktxxl.de\/markt\/#\/schema\/logo\/image\/","url":"https:\/\/marktxxl.de\/markt\/wp-content\/uploads\/sites\/3\/2020\/12\/logo.png","contentUrl":"https:\/\/marktxxl.de\/markt\/wp-content\/uploads\/sites\/3\/2020\/12\/logo.png","width":200,"height":70,"caption":"Markt-XXL"},"image":{"@id":"https:\/\/marktxxl.de\/markt\/#\/schema\/logo\/image\/"}}]}},"_links":{"self":[{"href":"https:\/\/marktxxl.de\/markt\/wp-json\/wp\/v2\/product\/171936","targetHints":{"allow":["GET"]}}],"collection":[{"href":"https:\/\/marktxxl.de\/markt\/wp-json\/wp\/v2\/product"}],"about":[{"href":"https:\/\/marktxxl.de\/markt\/wp-json\/wp\/v2\/types\/product"}],"replies":[{"embeddable":true,"href":"https:\/\/marktxxl.de\/markt\/wp-json\/wp\/v2\/comments?post=171936"}],"wp:featuredmedia":[{"embeddable":true,"href":"https:\/\/marktxxl.de\/markt\/wp-json\/wp\/v2\/media\/171937"}],"wp:attachment":[{"href":"https:\/\/marktxxl.de\/markt\/wp-json\/wp\/v2\/media?parent=171936"}],"wp:term":[{"taxonomy":"product_brand","embeddable":true,"href":"https:\/\/marktxxl.de\/markt\/wp-json\/wp\/v2\/product_brand?post=171936"},{"taxonomy":"product_cat","embeddable":true,"href":"https:\/\/marktxxl.de\/markt\/wp-json\/wp\/v2\/product_cat?post=171936"},{"taxonomy":"product_tag","embeddable":true,"href":"https:\/\/marktxxl.de\/markt\/wp-json\/wp\/v2\/product_tag?post=171936"}],"curies":[{"name":"wp","href":"https:\/\/api.w.org\/{rel}","templated":true}]}}