{"id":171874,"date":"2022-12-11T02:40:29","date_gmt":"2022-12-11T01:40:29","guid":{"rendered":"https:\/\/marktxxl.de\/markt\/produkt\/jojoba-oil-de\/"},"modified":"2023-04-09T04:41:27","modified_gmt":"2023-04-09T02:41:27","slug":"jojoba-oil-de","status":"publish","type":"product","link":"https:\/\/marktxxl.de\/markt\/produkt\/jojoba-oil-de\/","title":{"rendered":"Bionoble Jojoba\u00f6l Bio 50ml &#8211; 100% Rein, Nat\u00fcrlich und Kaltgepresst &#8211; Gesicht, K\u00f6rper, Haare, Bart, N\u00e4gel &#8211; Vegan und\u2026"},"content":{"rendered":"<p>\u2705 PFLEGT, SCH\u00dcTZT &amp; BERUHIGT | Das Jojoba\u00f6l sorgt f\u00fcr die intensive Pflege aller Haut- und Haartypen.<br \/>\n\ud83d\ude4c LEICHTE TEXTUR &amp; ZIEHT SCHNELL EIN | Das leichtfl\u00fcssige \u00d6l zieht nach wenigen Augenblicken ohne zu fetten ein und hinterl\u00e4sst eine weiche Haut.<br \/>\n\ud83d\udec0 VIELSEITIG EINSETZBAR, SPARSAM &amp; EFFIZIENT | Regulierende Maske f\u00fcr leicht fettende Kopfhaut, Haar\u00f6l, Make-up-Entferner, sanfte Pflege f\u00fcr zu Akne neigende Haut, Nagelhaut\u00f6l, Bart\u00f6l, pflegt und heilt nach Rasur und Epilation, Behandlung von Dehnungsstreifen.<br \/>\n\ud83c\udf3f VITALES PRODUKT, ULTRA-FRISCH UND WIRKSAM | Unser Jojoba\u00f6l wird, je nach Verf\u00fcgbarkeit der Ernten, in Panama oder Argentinien durch Kaltpressung gewonnen. Es ist zu 100% rein, frei von Hexan und ohne Zusatz von Konservierungsstoffen. Die Abf\u00fcllung erfolgt in Frankreich.<br \/>\n\ud83e\udd47 100% ZUFRIEDEN ODER GELD ZUR\u00dcCK | Bionoble ist eine franz\u00f6sische Marke \ud83c\uddea\ud83c\uddfa. All unsere Produkte unterliegen einer dermatologischen Kontrolle, sind vegan und verzichten auf Tierversuche \ud83d\udc30. Sie haben Fragen? Kontaktieren Sie unser Team, wir antworten Ihnen innerhalb von 24 Stunden!<br \/>\n<div class=\"main-cross-sell\" data-asin=\"B084P155PZ\">\n\n\t<div class=\"WooZone-cross-sell-loader\">\n\t\t<div>\n\t\t\t<div id=\"floatingBarsG\">\n\t\t\t\t<div class=\"blockG\" id=\"rotateG_01\"><\/div>\n\t\t\t\t<div class=\"blockG\" id=\"rotateG_02\"><\/div>\n\t\t\t\t<div class=\"blockG\" id=\"rotateG_03\"><\/div>\n\t\t\t\t<div class=\"blockG\" id=\"rotateG_04\"><\/div>\n\t\t\t\t<div class=\"blockG\" id=\"rotateG_05\"><\/div>\n\t\t\t\t<div class=\"blockG\" id=\"rotateG_06\"><\/div>\n\t\t\t\t<div class=\"blockG\" id=\"rotateG_07\"><\/div>\n\t\t\t\t<div class=\"blockG\" id=\"rotateG_08\"><\/div>\n\t\t\t<\/div>\n\t\t\t<div class=\"WooZone-cross-sell-loader-text\"><\/div>\n\t\t<\/div>\n\t<\/div>\n\n\t\t\n<\/div>\n<div style=\"clear:both;\"><\/div><\/p>\n","protected":false},"excerpt":{"rendered":"<p>\u2705 PFLEGT, SCH\u00dcTZT &amp; BERUHIGT | Das Jojoba\u00f6l sorgt f\u00fcr die intensive Pflege aller Haut- und Haartypen.<br \/>\n\ud83d\ude4c LEICHTE TEXTUR &amp; ZIEHT SCHNELL EIN | Das leichtfl\u00fcssige \u00d6l zieht nach wenigen Augenblicken ohne zu fetten ein und hinterl\u00e4sst eine weiche Haut.<br \/>\n\ud83d\udec0 VIELSEITIG EINSETZBAR, SPARSAM &amp; EFFIZIENT | Regulierende Maske f\u00fcr leicht fettende Kopfhaut, Haar\u00f6l, Make-up-Entferner, sanfte Pflege f\u00fcr zu Akne neigende Haut, Nagelhaut\u00f6l, Bart\u00f6l, pflegt und heilt nach Rasur und Epilation, Behandlung von Dehnungsstreifen.<\/p>\n","protected":false},"featured_media":171875,"comment_status":"open","ping_status":"closed","template":"","meta":[],"product_brand":[],"product_cat":[2858,7067],"product_tag":[],"class_list":{"0":"post-171874","1":"product","2":"type-product","3":"status-publish","4":"has-post-thumbnail","6":"product_cat-beauty","7":"product_cat-hautpflege","8":"pa_binding-misc","9":"pa_brand-bionoble","10":"pa_manufacturer-bionoble","11":"pa_model-france","13":"first","14":"instock","15":"shipping-taxable","16":"purchasable","17":"product-type-simple","18":"customify-col","19":"product-has-gallery"},"yoast_head":"<!-- This site is optimized with the Yoast SEO plugin v27.3 - https:\/\/yoast.com\/product\/yoast-seo-wordpress\/ -->\n<title>Bionoble Jojoba\u00f6l Bio 50ml - 100% Rein, Nat\u00fcrlich und Kaltgepresst - Gesicht, K\u00f6rper, Haare, Bart, N\u00e4gel - Vegan und\u2026 - Markt-XXL<\/title>\n<meta name=\"description\" content=\"Markt-XXL Bionoble Jojoba\u00f6l Bio 50ml - 100% Rein, Nat\u00fcrlich und Kaltgepresst - Gesicht, K\u00f6rper, Haare, Bart, N\u00e4gel - Vegan und\u2026\" \/>\n<meta name=\"robots\" content=\"index, follow, max-snippet:-1, max-image-preview:large, max-video-preview:-1\" \/>\n<link rel=\"canonical\" href=\"https:\/\/marktxxl.de\/markt\/produkt\/jojoba-oil-de\/\" \/>\n<meta property=\"og:locale\" content=\"de_DE\" \/>\n<meta property=\"og:type\" content=\"article\" \/>\n<meta property=\"og:title\" content=\"Bionoble Jojoba\u00f6l Bio 50ml - 100% Rein, Nat\u00fcrlich und Kaltgepresst - Gesicht, K\u00f6rper, Haare, Bart, N\u00e4gel - Vegan und\u2026 - Markt-XXL\" \/>\n<meta property=\"og:description\" content=\"Markt-XXL Bionoble Jojoba\u00f6l Bio 50ml - 100% Rein, Nat\u00fcrlich und Kaltgepresst - Gesicht, K\u00f6rper, Haare, Bart, N\u00e4gel - Vegan und\u2026\" \/>\n<meta property=\"og:url\" content=\"https:\/\/marktxxl.de\/markt\/produkt\/jojoba-oil-de\/\" \/>\n<meta property=\"og:site_name\" content=\"Markt-XXL\" \/>\n<meta property=\"article:modified_time\" content=\"2023-04-09T02:41:27+00:00\" \/>\n<meta property=\"og:image\" content=\"https:\/\/m.media-amazon.com\/images\/I\/51qW9Np4l1L._SL500_.jpg\" \/>\n\t<meta property=\"og:image:width\" content=\"375\" \/>\n\t<meta property=\"og:image:height\" content=\"500\" \/>\n\t<meta property=\"og:image:type\" content=\"image\/jpeg\" \/>\n<meta name=\"twitter:card\" content=\"summary_large_image\" \/>\n<meta name=\"twitter:label1\" content=\"Gesch\u00e4tzte Lesezeit\" \/>\n\t<meta name=\"twitter:data1\" content=\"1\u00a0Minute\" \/>\n<script type=\"application\/ld+json\" class=\"yoast-schema-graph\">{\"@context\":\"https:\\\/\\\/schema.org\",\"@graph\":[{\"@type\":\"WebPage\",\"@id\":\"https:\\\/\\\/marktxxl.de\\\/markt\\\/produkt\\\/jojoba-oil-de\\\/\",\"url\":\"https:\\\/\\\/marktxxl.de\\\/markt\\\/produkt\\\/jojoba-oil-de\\\/\",\"name\":\"Bionoble Jojoba\u00f6l Bio 50ml - 100% Rein, Nat\u00fcrlich und Kaltgepresst - Gesicht, K\u00f6rper, Haare, Bart, N\u00e4gel - Vegan und\u2026 - Markt-XXL\",\"isPartOf\":{\"@id\":\"https:\\\/\\\/marktxxl.de\\\/markt\\\/#website\"},\"primaryImageOfPage\":{\"@id\":\"https:\\\/\\\/marktxxl.de\\\/markt\\\/produkt\\\/jojoba-oil-de\\\/#primaryimage\"},\"image\":{\"@id\":\"https:\\\/\\\/marktxxl.de\\\/markt\\\/produkt\\\/jojoba-oil-de\\\/#primaryimage\"},\"thumbnailUrl\":\"https:\\\/\\\/m.media-amazon.com\\\/images\\\/I\\\/51qW9Np4l1L._SL500_.jpg\",\"datePublished\":\"2022-12-11T01:40:29+00:00\",\"dateModified\":\"2023-04-09T02:41:27+00:00\",\"description\":\"Markt-XXL Bionoble Jojoba\u00f6l Bio 50ml - 100% Rein, Nat\u00fcrlich und Kaltgepresst - Gesicht, K\u00f6rper, Haare, Bart, N\u00e4gel - Vegan und\u2026\",\"breadcrumb\":{\"@id\":\"https:\\\/\\\/marktxxl.de\\\/markt\\\/produkt\\\/jojoba-oil-de\\\/#breadcrumb\"},\"inLanguage\":\"de\",\"potentialAction\":[{\"@type\":\"ReadAction\",\"target\":[\"https:\\\/\\\/marktxxl.de\\\/markt\\\/produkt\\\/jojoba-oil-de\\\/\"]}]},{\"@type\":\"ImageObject\",\"inLanguage\":\"de\",\"@id\":\"https:\\\/\\\/marktxxl.de\\\/markt\\\/produkt\\\/jojoba-oil-de\\\/#primaryimage\",\"url\":\"https:\\\/\\\/m.media-amazon.com\\\/images\\\/I\\\/51qW9Np4l1L._SL500_.jpg\",\"contentUrl\":\"https:\\\/\\\/m.media-amazon.com\\\/images\\\/I\\\/51qW9Np4l1L._SL500_.jpg\",\"width\":375,\"height\":500},{\"@type\":\"BreadcrumbList\",\"@id\":\"https:\\\/\\\/marktxxl.de\\\/markt\\\/produkt\\\/jojoba-oil-de\\\/#breadcrumb\",\"itemListElement\":[{\"@type\":\"ListItem\",\"position\":1,\"name\":\"Startseite\",\"item\":\"https:\\\/\\\/marktxxl.de\\\/markt\\\/\"},{\"@type\":\"ListItem\",\"position\":2,\"name\":\"Markt\",\"item\":\"https:\\\/\\\/marktxxl.de\\\/markt\\\/\"},{\"@type\":\"ListItem\",\"position\":3,\"name\":\"Bionoble Jojoba\u00f6l Bio 50ml &#8211; 100% Rein, Nat\u00fcrlich und Kaltgepresst &#8211; Gesicht, K\u00f6rper, Haare, Bart, N\u00e4gel &#8211; Vegan und\u2026\"}]},{\"@type\":\"WebSite\",\"@id\":\"https:\\\/\\\/marktxxl.de\\\/markt\\\/#website\",\"url\":\"https:\\\/\\\/marktxxl.de\\\/markt\\\/\",\"name\":\"Markt-XXL\",\"description\":\"Ihr Markt Online\",\"publisher\":{\"@id\":\"https:\\\/\\\/marktxxl.de\\\/markt\\\/#organization\"},\"potentialAction\":[{\"@type\":\"SearchAction\",\"target\":{\"@type\":\"EntryPoint\",\"urlTemplate\":\"https:\\\/\\\/marktxxl.de\\\/markt\\\/?s={search_term_string}\"},\"query-input\":{\"@type\":\"PropertyValueSpecification\",\"valueRequired\":true,\"valueName\":\"search_term_string\"}}],\"inLanguage\":\"de\"},{\"@type\":\"Organization\",\"@id\":\"https:\\\/\\\/marktxxl.de\\\/markt\\\/#organization\",\"name\":\"Markt-XXL\",\"url\":\"https:\\\/\\\/marktxxl.de\\\/markt\\\/\",\"logo\":{\"@type\":\"ImageObject\",\"inLanguage\":\"de\",\"@id\":\"https:\\\/\\\/marktxxl.de\\\/markt\\\/#\\\/schema\\\/logo\\\/image\\\/\",\"url\":\"https:\\\/\\\/marktxxl.de\\\/markt\\\/wp-content\\\/uploads\\\/sites\\\/3\\\/2020\\\/12\\\/logo.png\",\"contentUrl\":\"https:\\\/\\\/marktxxl.de\\\/markt\\\/wp-content\\\/uploads\\\/sites\\\/3\\\/2020\\\/12\\\/logo.png\",\"width\":200,\"height\":70,\"caption\":\"Markt-XXL\"},\"image\":{\"@id\":\"https:\\\/\\\/marktxxl.de\\\/markt\\\/#\\\/schema\\\/logo\\\/image\\\/\"}}]}<\/script>\n<!-- \/ Yoast SEO plugin. -->","yoast_head_json":{"title":"Bionoble Jojoba\u00f6l Bio 50ml - 100% Rein, Nat\u00fcrlich und Kaltgepresst - Gesicht, K\u00f6rper, Haare, Bart, N\u00e4gel - Vegan und\u2026 - Markt-XXL","description":"Markt-XXL Bionoble Jojoba\u00f6l Bio 50ml - 100% Rein, Nat\u00fcrlich und Kaltgepresst - Gesicht, K\u00f6rper, Haare, Bart, N\u00e4gel - Vegan und\u2026","robots":{"index":"index","follow":"follow","max-snippet":"max-snippet:-1","max-image-preview":"max-image-preview:large","max-video-preview":"max-video-preview:-1"},"canonical":"https:\/\/marktxxl.de\/markt\/produkt\/jojoba-oil-de\/","og_locale":"de_DE","og_type":"article","og_title":"Bionoble Jojoba\u00f6l Bio 50ml - 100% Rein, Nat\u00fcrlich und Kaltgepresst - Gesicht, K\u00f6rper, Haare, Bart, N\u00e4gel - Vegan und\u2026 - Markt-XXL","og_description":"Markt-XXL Bionoble Jojoba\u00f6l Bio 50ml - 100% Rein, Nat\u00fcrlich und Kaltgepresst - Gesicht, K\u00f6rper, Haare, Bart, N\u00e4gel - Vegan und\u2026","og_url":"https:\/\/marktxxl.de\/markt\/produkt\/jojoba-oil-de\/","og_site_name":"Markt-XXL","article_modified_time":"2023-04-09T02:41:27+00:00","og_image":[{"width":375,"height":500,"url":"https:\/\/m.media-amazon.com\/images\/I\/51qW9Np4l1L._SL500_.jpg","type":"image\/jpeg"}],"twitter_card":"summary_large_image","twitter_misc":{"Gesch\u00e4tzte Lesezeit":"1\u00a0Minute"},"schema":{"@context":"https:\/\/schema.org","@graph":[{"@type":"WebPage","@id":"https:\/\/marktxxl.de\/markt\/produkt\/jojoba-oil-de\/","url":"https:\/\/marktxxl.de\/markt\/produkt\/jojoba-oil-de\/","name":"Bionoble Jojoba\u00f6l Bio 50ml - 100% Rein, Nat\u00fcrlich und Kaltgepresst - Gesicht, K\u00f6rper, Haare, Bart, N\u00e4gel - Vegan und\u2026 - Markt-XXL","isPartOf":{"@id":"https:\/\/marktxxl.de\/markt\/#website"},"primaryImageOfPage":{"@id":"https:\/\/marktxxl.de\/markt\/produkt\/jojoba-oil-de\/#primaryimage"},"image":{"@id":"https:\/\/marktxxl.de\/markt\/produkt\/jojoba-oil-de\/#primaryimage"},"thumbnailUrl":"https:\/\/m.media-amazon.com\/images\/I\/51qW9Np4l1L._SL500_.jpg","datePublished":"2022-12-11T01:40:29+00:00","dateModified":"2023-04-09T02:41:27+00:00","description":"Markt-XXL Bionoble Jojoba\u00f6l Bio 50ml - 100% Rein, Nat\u00fcrlich und Kaltgepresst - Gesicht, K\u00f6rper, Haare, Bart, N\u00e4gel - Vegan und\u2026","breadcrumb":{"@id":"https:\/\/marktxxl.de\/markt\/produkt\/jojoba-oil-de\/#breadcrumb"},"inLanguage":"de","potentialAction":[{"@type":"ReadAction","target":["https:\/\/marktxxl.de\/markt\/produkt\/jojoba-oil-de\/"]}]},{"@type":"ImageObject","inLanguage":"de","@id":"https:\/\/marktxxl.de\/markt\/produkt\/jojoba-oil-de\/#primaryimage","url":"https:\/\/m.media-amazon.com\/images\/I\/51qW9Np4l1L._SL500_.jpg","contentUrl":"https:\/\/m.media-amazon.com\/images\/I\/51qW9Np4l1L._SL500_.jpg","width":375,"height":500},{"@type":"BreadcrumbList","@id":"https:\/\/marktxxl.de\/markt\/produkt\/jojoba-oil-de\/#breadcrumb","itemListElement":[{"@type":"ListItem","position":1,"name":"Startseite","item":"https:\/\/marktxxl.de\/markt\/"},{"@type":"ListItem","position":2,"name":"Markt","item":"https:\/\/marktxxl.de\/markt\/"},{"@type":"ListItem","position":3,"name":"Bionoble Jojoba\u00f6l Bio 50ml &#8211; 100% Rein, Nat\u00fcrlich und Kaltgepresst &#8211; Gesicht, K\u00f6rper, Haare, Bart, N\u00e4gel &#8211; Vegan und\u2026"}]},{"@type":"WebSite","@id":"https:\/\/marktxxl.de\/markt\/#website","url":"https:\/\/marktxxl.de\/markt\/","name":"Markt-XXL","description":"Ihr Markt Online","publisher":{"@id":"https:\/\/marktxxl.de\/markt\/#organization"},"potentialAction":[{"@type":"SearchAction","target":{"@type":"EntryPoint","urlTemplate":"https:\/\/marktxxl.de\/markt\/?s={search_term_string}"},"query-input":{"@type":"PropertyValueSpecification","valueRequired":true,"valueName":"search_term_string"}}],"inLanguage":"de"},{"@type":"Organization","@id":"https:\/\/marktxxl.de\/markt\/#organization","name":"Markt-XXL","url":"https:\/\/marktxxl.de\/markt\/","logo":{"@type":"ImageObject","inLanguage":"de","@id":"https:\/\/marktxxl.de\/markt\/#\/schema\/logo\/image\/","url":"https:\/\/marktxxl.de\/markt\/wp-content\/uploads\/sites\/3\/2020\/12\/logo.png","contentUrl":"https:\/\/marktxxl.de\/markt\/wp-content\/uploads\/sites\/3\/2020\/12\/logo.png","width":200,"height":70,"caption":"Markt-XXL"},"image":{"@id":"https:\/\/marktxxl.de\/markt\/#\/schema\/logo\/image\/"}}]}},"_links":{"self":[{"href":"https:\/\/marktxxl.de\/markt\/wp-json\/wp\/v2\/product\/171874","targetHints":{"allow":["GET"]}}],"collection":[{"href":"https:\/\/marktxxl.de\/markt\/wp-json\/wp\/v2\/product"}],"about":[{"href":"https:\/\/marktxxl.de\/markt\/wp-json\/wp\/v2\/types\/product"}],"replies":[{"embeddable":true,"href":"https:\/\/marktxxl.de\/markt\/wp-json\/wp\/v2\/comments?post=171874"}],"wp:featuredmedia":[{"embeddable":true,"href":"https:\/\/marktxxl.de\/markt\/wp-json\/wp\/v2\/media\/171875"}],"wp:attachment":[{"href":"https:\/\/marktxxl.de\/markt\/wp-json\/wp\/v2\/media?parent=171874"}],"wp:term":[{"taxonomy":"product_brand","embeddable":true,"href":"https:\/\/marktxxl.de\/markt\/wp-json\/wp\/v2\/product_brand?post=171874"},{"taxonomy":"product_cat","embeddable":true,"href":"https:\/\/marktxxl.de\/markt\/wp-json\/wp\/v2\/product_cat?post=171874"},{"taxonomy":"product_tag","embeddable":true,"href":"https:\/\/marktxxl.de\/markt\/wp-json\/wp\/v2\/product_tag?post=171874"}],"curies":[{"name":"wp","href":"https:\/\/api.w.org\/{rel}","templated":true}]}}