{"id":171782,"date":"2022-12-11T02:35:10","date_gmt":"2022-12-11T01:35:10","guid":{"rendered":"https:\/\/marktxxl.de\/markt\/produkt\/hazens-sturmhaube-gestrickte-classic-balaclava-1-loch-sturmmaske-warm-atmungsaktiv-motorradmaske-elastizitaet-outdoor-sport-winddicht-fuer-motorrad-fahrrad-laufen\/"},"modified":"2023-04-09T04:41:26","modified_gmt":"2023-04-09T02:41:26","slug":"hazens-sturmhaube-gestrickte-classic-balaclava-1-loch-sturmmaske-warm-atmungsaktiv-motorradmaske-elastizitaet-outdoor-sport-winddicht-fuer-motorrad-fahrrad-laufen","status":"publish","type":"product","link":"https:\/\/marktxxl.de\/markt\/produkt\/hazens-sturmhaube-gestrickte-classic-balaclava-1-loch-sturmmaske-warm-atmungsaktiv-motorradmaske-elastizitaet-outdoor-sport-winddicht-fuer-motorrad-fahrrad-laufen\/","title":{"rendered":"HAZENS Sturmhaube Gestrickte Classic Balaclava 1 Loch, Sturmmaske Warm Atmungsaktiv Motorradmaske Elastizit\u00e4t Outdoor\u2026"},"content":{"rendered":"<p>Vollst\u00e4ndige Gesichtsabdeckung Balaclava: Die doppellagige gestrickte Sturmhaube im One-Hole-Design kann bei kaltem Wetter Ihren gesamten Kopf, Ihr Gesicht, Ihren Hals und Ihre Ohren bedecken, w\u00e4hrend Sie leicht durchatmen k\u00f6nnen.<br \/>\nBequem zu tragen: Diese 1-Loch gestrickte Gesichtsschutzmasken bestehen aus 100% Wollvlies, sind zuverl\u00e4ssig und wiederverwendbar, robust und weich, atmungsaktiv und bequem, nicht leicht zu brechen oder zu verblassen, was Ihnen lange dienen kann und Sie k\u00f6nnen sie zum Abdecken verwenden Gesicht, Hals und Ohren sorgen f\u00fcr ein angenehmes Tragegef\u00fchl.<br \/>\nNotwendig f\u00fcr M\u00e4nner und Frauen im Freien: Diese Sturmhauben ist eine bessere M\u00f6glichkeit, Ihr Gesicht bei Outdoor-Aktivit\u00e4ten wie Angeln, Einkaufen, Laufen, Radfahren, Snowboarden, Skifahren, Klettern und Wandern usw. vor K\u00e4lte zu sch\u00fctzen.<br \/>\nPerfect Match: Classic Black ist die vielseitigste Farbe, die sich leicht mit verschiedenen Outfits kombinieren l\u00e4sst. Sehr einfach, die Aug\u00e4pfel anderer auf der Stra\u00dfe oder im Freien zu fangen. Es ist ein sch\u00f6nes Geschenk f\u00fcr Ihre Freunde oder Familie, besonders geeignet f\u00fcr Outdoor-Enthusiasten.<br \/>\n\ud835\udde4\ud835\udde8\ud835\uddd4\ud835\udddf\ud835\udddc\ud835\udde7\u00c4\ud835\udde7\ud835\udde6\ud835\udde9\ud835\uddd8\ud835\udde5\ud835\udde6\ud835\udde3\ud835\udde5\ud835\uddd8\ud835\uddd6\ud835\udddb\ud835\uddd8\ud835\udde1 &#8211; Wir sind von der Qualit\u00e4t unserer Produkte \u00fcberzeugt! Solltest Du nicht zu 100% von unserem Skimaske \u00fcberzeugt sein, leisten wir Dir unverz\u00fcglich Ersatz!<br \/>\n<div class=\"main-cross-sell\" data-asin=\"B0BK4NJH2C\">\n\n\t<div class=\"WooZone-cross-sell-loader\">\n\t\t<div>\n\t\t\t<div id=\"floatingBarsG\">\n\t\t\t\t<div class=\"blockG\" id=\"rotateG_01\"><\/div>\n\t\t\t\t<div class=\"blockG\" id=\"rotateG_02\"><\/div>\n\t\t\t\t<div class=\"blockG\" id=\"rotateG_03\"><\/div>\n\t\t\t\t<div class=\"blockG\" id=\"rotateG_04\"><\/div>\n\t\t\t\t<div class=\"blockG\" id=\"rotateG_05\"><\/div>\n\t\t\t\t<div class=\"blockG\" id=\"rotateG_06\"><\/div>\n\t\t\t\t<div class=\"blockG\" id=\"rotateG_07\"><\/div>\n\t\t\t\t<div class=\"blockG\" id=\"rotateG_08\"><\/div>\n\t\t\t<\/div>\n\t\t\t<div class=\"WooZone-cross-sell-loader-text\"><\/div>\n\t\t<\/div>\n\t<\/div>\n\n\t\t\n<\/div>\n<div style=\"clear:both;\"><\/div><\/p>\n","protected":false},"excerpt":{"rendered":"<p>Vollst\u00e4ndige Gesichtsabdeckung Balaclava: Die doppellagige gestrickte Sturmhaube im One-Hole-Design kann bei kaltem Wetter Ihren gesamten Kopf, Ihr Gesicht, Ihren Hals und Ihre Ohren bedecken, w\u00e4hrend Sie leicht durchatmen k\u00f6nnen.<br \/>\nBequem zu tragen: Diese 1-Loch gestrickte Gesichtsschutzmasken bestehen aus 100% Wollvlies, sind zuverl\u00e4ssig und wiederverwendbar, robust und weich, atmungsaktiv und bequem, nicht leicht zu brechen oder zu verblassen, was Ihnen lange dienen kann und Sie k\u00f6nnen sie zum Abdecken verwenden Gesicht, Hals und Ohren sorgen f\u00fcr ein angenehmes Tragegef\u00fchl.<br \/>\nNotwendig f\u00fcr M\u00e4nner und Frauen im Freien: Diese Sturmhauben ist eine bessere M\u00f6glichkeit, Ihr Gesicht bei Outdoor-Aktivit\u00e4ten wie Angeln, Einkaufen, Laufen, Radfahren, Snowboarden, Skifahren, Klettern und Wandern usw. vor K\u00e4lte zu sch\u00fctzen.<\/p>\n","protected":false},"featured_media":171783,"comment_status":"open","ping_status":"closed","template":"","meta":[],"product_brand":[],"product_cat":[1186],"product_tag":[],"class_list":{"0":"post-171782","1":"product","2":"type-product","3":"status-publish","4":"has-post-thumbnail","6":"product_cat-bekleidung","7":"pa_binding-textilien","8":"pa_brand-hazens","9":"pa_color-schwarz","10":"pa_manufacturer-rd","11":"pa_size-einheitsgroesse","13":"first","14":"instock","15":"shipping-taxable","16":"purchasable","17":"product-type-simple","18":"customify-col","19":"product-has-gallery"},"yoast_head":"<!-- This site is optimized with the Yoast SEO plugin v27.4 - https:\/\/yoast.com\/product\/yoast-seo-wordpress\/ -->\n<title>HAZENS Sturmhaube Gestrickte Classic Balaclava 1 Loch, Sturmmaske Warm Atmungsaktiv Motorradmaske Elastizit\u00e4t Outdoor\u2026 - Markt-XXL<\/title>\n<meta name=\"description\" content=\"Markt-XXL HAZENS Sturmhaube Gestrickte Classic Balaclava 1 Loch, Sturmmaske Warm Atmungsaktiv Motorradmaske Elastizit\u00e4t Outdoor\u2026\" \/>\n<meta name=\"robots\" content=\"index, follow, max-snippet:-1, max-image-preview:large, max-video-preview:-1\" \/>\n<link rel=\"canonical\" href=\"https:\/\/marktxxl.de\/markt\/produkt\/hazens-sturmhaube-gestrickte-classic-balaclava-1-loch-sturmmaske-warm-atmungsaktiv-motorradmaske-elastizitaet-outdoor-sport-winddicht-fuer-motorrad-fahrrad-laufen\/\" \/>\n<meta property=\"og:locale\" content=\"de_DE\" \/>\n<meta property=\"og:type\" content=\"article\" \/>\n<meta property=\"og:title\" content=\"HAZENS Sturmhaube Gestrickte Classic Balaclava 1 Loch, Sturmmaske Warm Atmungsaktiv Motorradmaske Elastizit\u00e4t Outdoor\u2026 - Markt-XXL\" \/>\n<meta property=\"og:description\" content=\"Markt-XXL HAZENS Sturmhaube Gestrickte Classic Balaclava 1 Loch, Sturmmaske Warm Atmungsaktiv Motorradmaske Elastizit\u00e4t Outdoor\u2026\" \/>\n<meta property=\"og:url\" content=\"https:\/\/marktxxl.de\/markt\/produkt\/hazens-sturmhaube-gestrickte-classic-balaclava-1-loch-sturmmaske-warm-atmungsaktiv-motorradmaske-elastizitaet-outdoor-sport-winddicht-fuer-motorrad-fahrrad-laufen\/\" \/>\n<meta property=\"og:site_name\" content=\"Markt-XXL\" \/>\n<meta property=\"article:modified_time\" content=\"2023-04-09T02:41:26+00:00\" \/>\n<meta property=\"og:image\" content=\"https:\/\/m.media-amazon.com\/images\/I\/417u5EzPJDL._SL500_.jpg\" \/>\n\t<meta property=\"og:image:width\" content=\"500\" \/>\n\t<meta property=\"og:image:height\" content=\"500\" \/>\n\t<meta property=\"og:image:type\" content=\"image\/jpeg\" \/>\n<meta name=\"twitter:card\" content=\"summary_large_image\" \/>\n<meta name=\"twitter:label1\" content=\"Gesch\u00e4tzte Lesezeit\" \/>\n\t<meta name=\"twitter:data1\" content=\"1\u00a0Minute\" \/>\n<script type=\"application\/ld+json\" class=\"yoast-schema-graph\">{\"@context\":\"https:\\\/\\\/schema.org\",\"@graph\":[{\"@type\":\"WebPage\",\"@id\":\"https:\\\/\\\/marktxxl.de\\\/markt\\\/produkt\\\/hazens-sturmhaube-gestrickte-classic-balaclava-1-loch-sturmmaske-warm-atmungsaktiv-motorradmaske-elastizitaet-outdoor-sport-winddicht-fuer-motorrad-fahrrad-laufen\\\/\",\"url\":\"https:\\\/\\\/marktxxl.de\\\/markt\\\/produkt\\\/hazens-sturmhaube-gestrickte-classic-balaclava-1-loch-sturmmaske-warm-atmungsaktiv-motorradmaske-elastizitaet-outdoor-sport-winddicht-fuer-motorrad-fahrrad-laufen\\\/\",\"name\":\"HAZENS Sturmhaube Gestrickte Classic Balaclava 1 Loch, Sturmmaske Warm Atmungsaktiv Motorradmaske Elastizit\u00e4t Outdoor\u2026 - Markt-XXL\",\"isPartOf\":{\"@id\":\"https:\\\/\\\/marktxxl.de\\\/markt\\\/#website\"},\"primaryImageOfPage\":{\"@id\":\"https:\\\/\\\/marktxxl.de\\\/markt\\\/produkt\\\/hazens-sturmhaube-gestrickte-classic-balaclava-1-loch-sturmmaske-warm-atmungsaktiv-motorradmaske-elastizitaet-outdoor-sport-winddicht-fuer-motorrad-fahrrad-laufen\\\/#primaryimage\"},\"image\":{\"@id\":\"https:\\\/\\\/marktxxl.de\\\/markt\\\/produkt\\\/hazens-sturmhaube-gestrickte-classic-balaclava-1-loch-sturmmaske-warm-atmungsaktiv-motorradmaske-elastizitaet-outdoor-sport-winddicht-fuer-motorrad-fahrrad-laufen\\\/#primaryimage\"},\"thumbnailUrl\":\"https:\\\/\\\/m.media-amazon.com\\\/images\\\/I\\\/417u5EzPJDL._SL500_.jpg\",\"datePublished\":\"2022-12-11T01:35:10+00:00\",\"dateModified\":\"2023-04-09T02:41:26+00:00\",\"description\":\"Markt-XXL HAZENS Sturmhaube Gestrickte Classic Balaclava 1 Loch, Sturmmaske Warm Atmungsaktiv Motorradmaske Elastizit\u00e4t Outdoor\u2026\",\"breadcrumb\":{\"@id\":\"https:\\\/\\\/marktxxl.de\\\/markt\\\/produkt\\\/hazens-sturmhaube-gestrickte-classic-balaclava-1-loch-sturmmaske-warm-atmungsaktiv-motorradmaske-elastizitaet-outdoor-sport-winddicht-fuer-motorrad-fahrrad-laufen\\\/#breadcrumb\"},\"inLanguage\":\"de\",\"potentialAction\":[{\"@type\":\"ReadAction\",\"target\":[\"https:\\\/\\\/marktxxl.de\\\/markt\\\/produkt\\\/hazens-sturmhaube-gestrickte-classic-balaclava-1-loch-sturmmaske-warm-atmungsaktiv-motorradmaske-elastizitaet-outdoor-sport-winddicht-fuer-motorrad-fahrrad-laufen\\\/\"]}]},{\"@type\":\"ImageObject\",\"inLanguage\":\"de\",\"@id\":\"https:\\\/\\\/marktxxl.de\\\/markt\\\/produkt\\\/hazens-sturmhaube-gestrickte-classic-balaclava-1-loch-sturmmaske-warm-atmungsaktiv-motorradmaske-elastizitaet-outdoor-sport-winddicht-fuer-motorrad-fahrrad-laufen\\\/#primaryimage\",\"url\":\"https:\\\/\\\/m.media-amazon.com\\\/images\\\/I\\\/417u5EzPJDL._SL500_.jpg\",\"contentUrl\":\"https:\\\/\\\/m.media-amazon.com\\\/images\\\/I\\\/417u5EzPJDL._SL500_.jpg\",\"width\":500,\"height\":500},{\"@type\":\"BreadcrumbList\",\"@id\":\"https:\\\/\\\/marktxxl.de\\\/markt\\\/produkt\\\/hazens-sturmhaube-gestrickte-classic-balaclava-1-loch-sturmmaske-warm-atmungsaktiv-motorradmaske-elastizitaet-outdoor-sport-winddicht-fuer-motorrad-fahrrad-laufen\\\/#breadcrumb\",\"itemListElement\":[{\"@type\":\"ListItem\",\"position\":1,\"name\":\"Startseite\",\"item\":\"https:\\\/\\\/marktxxl.de\\\/markt\\\/\"},{\"@type\":\"ListItem\",\"position\":2,\"name\":\"Markt\",\"item\":\"https:\\\/\\\/marktxxl.de\\\/markt\\\/\"},{\"@type\":\"ListItem\",\"position\":3,\"name\":\"HAZENS Sturmhaube Gestrickte Classic Balaclava 1 Loch, Sturmmaske Warm Atmungsaktiv Motorradmaske Elastizit\u00e4t Outdoor\u2026\"}]},{\"@type\":\"WebSite\",\"@id\":\"https:\\\/\\\/marktxxl.de\\\/markt\\\/#website\",\"url\":\"https:\\\/\\\/marktxxl.de\\\/markt\\\/\",\"name\":\"Markt-XXL\",\"description\":\"Ihr Markt Online\",\"publisher\":{\"@id\":\"https:\\\/\\\/marktxxl.de\\\/markt\\\/#organization\"},\"potentialAction\":[{\"@type\":\"SearchAction\",\"target\":{\"@type\":\"EntryPoint\",\"urlTemplate\":\"https:\\\/\\\/marktxxl.de\\\/markt\\\/?s={search_term_string}\"},\"query-input\":{\"@type\":\"PropertyValueSpecification\",\"valueRequired\":true,\"valueName\":\"search_term_string\"}}],\"inLanguage\":\"de\"},{\"@type\":\"Organization\",\"@id\":\"https:\\\/\\\/marktxxl.de\\\/markt\\\/#organization\",\"name\":\"Markt-XXL\",\"url\":\"https:\\\/\\\/marktxxl.de\\\/markt\\\/\",\"logo\":{\"@type\":\"ImageObject\",\"inLanguage\":\"de\",\"@id\":\"https:\\\/\\\/marktxxl.de\\\/markt\\\/#\\\/schema\\\/logo\\\/image\\\/\",\"url\":\"https:\\\/\\\/marktxxl.de\\\/markt\\\/wp-content\\\/uploads\\\/sites\\\/3\\\/2020\\\/12\\\/logo.png\",\"contentUrl\":\"https:\\\/\\\/marktxxl.de\\\/markt\\\/wp-content\\\/uploads\\\/sites\\\/3\\\/2020\\\/12\\\/logo.png\",\"width\":200,\"height\":70,\"caption\":\"Markt-XXL\"},\"image\":{\"@id\":\"https:\\\/\\\/marktxxl.de\\\/markt\\\/#\\\/schema\\\/logo\\\/image\\\/\"}}]}<\/script>\n<!-- \/ Yoast SEO plugin. -->","yoast_head_json":{"title":"HAZENS Sturmhaube Gestrickte Classic Balaclava 1 Loch, Sturmmaske Warm Atmungsaktiv Motorradmaske Elastizit\u00e4t Outdoor\u2026 - Markt-XXL","description":"Markt-XXL HAZENS Sturmhaube Gestrickte Classic Balaclava 1 Loch, Sturmmaske Warm Atmungsaktiv Motorradmaske Elastizit\u00e4t Outdoor\u2026","robots":{"index":"index","follow":"follow","max-snippet":"max-snippet:-1","max-image-preview":"max-image-preview:large","max-video-preview":"max-video-preview:-1"},"canonical":"https:\/\/marktxxl.de\/markt\/produkt\/hazens-sturmhaube-gestrickte-classic-balaclava-1-loch-sturmmaske-warm-atmungsaktiv-motorradmaske-elastizitaet-outdoor-sport-winddicht-fuer-motorrad-fahrrad-laufen\/","og_locale":"de_DE","og_type":"article","og_title":"HAZENS Sturmhaube Gestrickte Classic Balaclava 1 Loch, Sturmmaske Warm Atmungsaktiv Motorradmaske Elastizit\u00e4t Outdoor\u2026 - Markt-XXL","og_description":"Markt-XXL HAZENS Sturmhaube Gestrickte Classic Balaclava 1 Loch, Sturmmaske Warm Atmungsaktiv Motorradmaske Elastizit\u00e4t Outdoor\u2026","og_url":"https:\/\/marktxxl.de\/markt\/produkt\/hazens-sturmhaube-gestrickte-classic-balaclava-1-loch-sturmmaske-warm-atmungsaktiv-motorradmaske-elastizitaet-outdoor-sport-winddicht-fuer-motorrad-fahrrad-laufen\/","og_site_name":"Markt-XXL","article_modified_time":"2023-04-09T02:41:26+00:00","og_image":[{"width":500,"height":500,"url":"https:\/\/m.media-amazon.com\/images\/I\/417u5EzPJDL._SL500_.jpg","type":"image\/jpeg"}],"twitter_card":"summary_large_image","twitter_misc":{"Gesch\u00e4tzte Lesezeit":"1\u00a0Minute"},"schema":{"@context":"https:\/\/schema.org","@graph":[{"@type":"WebPage","@id":"https:\/\/marktxxl.de\/markt\/produkt\/hazens-sturmhaube-gestrickte-classic-balaclava-1-loch-sturmmaske-warm-atmungsaktiv-motorradmaske-elastizitaet-outdoor-sport-winddicht-fuer-motorrad-fahrrad-laufen\/","url":"https:\/\/marktxxl.de\/markt\/produkt\/hazens-sturmhaube-gestrickte-classic-balaclava-1-loch-sturmmaske-warm-atmungsaktiv-motorradmaske-elastizitaet-outdoor-sport-winddicht-fuer-motorrad-fahrrad-laufen\/","name":"HAZENS Sturmhaube Gestrickte Classic Balaclava 1 Loch, Sturmmaske Warm Atmungsaktiv Motorradmaske Elastizit\u00e4t Outdoor\u2026 - Markt-XXL","isPartOf":{"@id":"https:\/\/marktxxl.de\/markt\/#website"},"primaryImageOfPage":{"@id":"https:\/\/marktxxl.de\/markt\/produkt\/hazens-sturmhaube-gestrickte-classic-balaclava-1-loch-sturmmaske-warm-atmungsaktiv-motorradmaske-elastizitaet-outdoor-sport-winddicht-fuer-motorrad-fahrrad-laufen\/#primaryimage"},"image":{"@id":"https:\/\/marktxxl.de\/markt\/produkt\/hazens-sturmhaube-gestrickte-classic-balaclava-1-loch-sturmmaske-warm-atmungsaktiv-motorradmaske-elastizitaet-outdoor-sport-winddicht-fuer-motorrad-fahrrad-laufen\/#primaryimage"},"thumbnailUrl":"https:\/\/m.media-amazon.com\/images\/I\/417u5EzPJDL._SL500_.jpg","datePublished":"2022-12-11T01:35:10+00:00","dateModified":"2023-04-09T02:41:26+00:00","description":"Markt-XXL HAZENS Sturmhaube Gestrickte Classic Balaclava 1 Loch, Sturmmaske Warm Atmungsaktiv Motorradmaske Elastizit\u00e4t Outdoor\u2026","breadcrumb":{"@id":"https:\/\/marktxxl.de\/markt\/produkt\/hazens-sturmhaube-gestrickte-classic-balaclava-1-loch-sturmmaske-warm-atmungsaktiv-motorradmaske-elastizitaet-outdoor-sport-winddicht-fuer-motorrad-fahrrad-laufen\/#breadcrumb"},"inLanguage":"de","potentialAction":[{"@type":"ReadAction","target":["https:\/\/marktxxl.de\/markt\/produkt\/hazens-sturmhaube-gestrickte-classic-balaclava-1-loch-sturmmaske-warm-atmungsaktiv-motorradmaske-elastizitaet-outdoor-sport-winddicht-fuer-motorrad-fahrrad-laufen\/"]}]},{"@type":"ImageObject","inLanguage":"de","@id":"https:\/\/marktxxl.de\/markt\/produkt\/hazens-sturmhaube-gestrickte-classic-balaclava-1-loch-sturmmaske-warm-atmungsaktiv-motorradmaske-elastizitaet-outdoor-sport-winddicht-fuer-motorrad-fahrrad-laufen\/#primaryimage","url":"https:\/\/m.media-amazon.com\/images\/I\/417u5EzPJDL._SL500_.jpg","contentUrl":"https:\/\/m.media-amazon.com\/images\/I\/417u5EzPJDL._SL500_.jpg","width":500,"height":500},{"@type":"BreadcrumbList","@id":"https:\/\/marktxxl.de\/markt\/produkt\/hazens-sturmhaube-gestrickte-classic-balaclava-1-loch-sturmmaske-warm-atmungsaktiv-motorradmaske-elastizitaet-outdoor-sport-winddicht-fuer-motorrad-fahrrad-laufen\/#breadcrumb","itemListElement":[{"@type":"ListItem","position":1,"name":"Startseite","item":"https:\/\/marktxxl.de\/markt\/"},{"@type":"ListItem","position":2,"name":"Markt","item":"https:\/\/marktxxl.de\/markt\/"},{"@type":"ListItem","position":3,"name":"HAZENS Sturmhaube Gestrickte Classic Balaclava 1 Loch, Sturmmaske Warm Atmungsaktiv Motorradmaske Elastizit\u00e4t Outdoor\u2026"}]},{"@type":"WebSite","@id":"https:\/\/marktxxl.de\/markt\/#website","url":"https:\/\/marktxxl.de\/markt\/","name":"Markt-XXL","description":"Ihr Markt Online","publisher":{"@id":"https:\/\/marktxxl.de\/markt\/#organization"},"potentialAction":[{"@type":"SearchAction","target":{"@type":"EntryPoint","urlTemplate":"https:\/\/marktxxl.de\/markt\/?s={search_term_string}"},"query-input":{"@type":"PropertyValueSpecification","valueRequired":true,"valueName":"search_term_string"}}],"inLanguage":"de"},{"@type":"Organization","@id":"https:\/\/marktxxl.de\/markt\/#organization","name":"Markt-XXL","url":"https:\/\/marktxxl.de\/markt\/","logo":{"@type":"ImageObject","inLanguage":"de","@id":"https:\/\/marktxxl.de\/markt\/#\/schema\/logo\/image\/","url":"https:\/\/marktxxl.de\/markt\/wp-content\/uploads\/sites\/3\/2020\/12\/logo.png","contentUrl":"https:\/\/marktxxl.de\/markt\/wp-content\/uploads\/sites\/3\/2020\/12\/logo.png","width":200,"height":70,"caption":"Markt-XXL"},"image":{"@id":"https:\/\/marktxxl.de\/markt\/#\/schema\/logo\/image\/"}}]}},"_links":{"self":[{"href":"https:\/\/marktxxl.de\/markt\/wp-json\/wp\/v2\/product\/171782","targetHints":{"allow":["GET"]}}],"collection":[{"href":"https:\/\/marktxxl.de\/markt\/wp-json\/wp\/v2\/product"}],"about":[{"href":"https:\/\/marktxxl.de\/markt\/wp-json\/wp\/v2\/types\/product"}],"replies":[{"embeddable":true,"href":"https:\/\/marktxxl.de\/markt\/wp-json\/wp\/v2\/comments?post=171782"}],"wp:featuredmedia":[{"embeddable":true,"href":"https:\/\/marktxxl.de\/markt\/wp-json\/wp\/v2\/media\/171783"}],"wp:attachment":[{"href":"https:\/\/marktxxl.de\/markt\/wp-json\/wp\/v2\/media?parent=171782"}],"wp:term":[{"taxonomy":"product_brand","embeddable":true,"href":"https:\/\/marktxxl.de\/markt\/wp-json\/wp\/v2\/product_brand?post=171782"},{"taxonomy":"product_cat","embeddable":true,"href":"https:\/\/marktxxl.de\/markt\/wp-json\/wp\/v2\/product_cat?post=171782"},{"taxonomy":"product_tag","embeddable":true,"href":"https:\/\/marktxxl.de\/markt\/wp-json\/wp\/v2\/product_tag?post=171782"}],"curies":[{"name":"wp","href":"https:\/\/api.w.org\/{rel}","templated":true}]}}