{"id":171708,"date":"2022-12-11T02:14:09","date_gmt":"2022-12-11T01:14:09","guid":{"rendered":"https:\/\/marktxxl.de\/markt\/produkt\/m-asam-magic-care-perfect-teint-30-ml-transparentes-make-up-laesst-falten-sofort-verschwinden-weichzeichner-effekt-mit-sofort-langzeitwirkung-verfeinert-sichtbar-das-porenbild-m\/"},"modified":"2023-04-09T04:41:25","modified_gmt":"2023-04-09T02:41:25","slug":"m-asam-magic-care-perfect-teint-30-ml-transparentes-make-up-laesst-falten-sofort-verschwinden-weichzeichner-effekt-mit-sofort-langzeitwirkung-verfeinert-sichtbar-das-porenbild-m","status":"publish","type":"product","link":"https:\/\/marktxxl.de\/markt\/produkt\/m-asam-magic-care-perfect-teint-30-ml-transparentes-make-up-laesst-falten-sofort-verschwinden-weichzeichner-effekt-mit-sofort-langzeitwirkung-verfeinert-sichtbar-das-porenbild-m\/","title":{"rendered":"M. Asam MAGIC CARE Perfect Teint (30 ml) \u2013 Transparentes Make-up l\u00e4sst Falten sofort verschwinden, Weichzeichner-Effekt\u2026"},"content":{"rendered":"<p>WEICHZEICHNER F\u00dcR DEINE HAUT: M. Asam MAGIC CARE Perfect Teint ist eine Art &#8220;Weichzeichner&#8221; f\u00fcr Deine Haut. Die seidige Textur legt sich auf Linien und F\u00e4ltchen und f\u00fcllt diese optisch von au\u00dfen auf. Das Hautbild wirkt sofort gegl\u00e4ttet und erh\u00e4lt einen ebenm\u00e4\u00dfigen und perfekt mattierten Teint.<br \/>\nVORTEILE: Transparentes Make-up das Falten sofort verschwinden l\u00e4sst und f\u00fcr ein ebenm\u00e4\u00dfiges und mattiertes Hautbild sorgt. Weichzeichner-Effekt mit Sofort- und Langzeitwirkung und kombinierbar mit Tagespflege und Make-up.<br \/>\nBESONDERHEITEN: Soforteffekt &#8211; Optische Faltengl\u00e4ttung durch &#8220;Weichzeichner-Effekt&#8221; sofort nach dem Auftragen. Langzeiteffekt &#8211; Ein innovativer Peptid-Komplex bek\u00e4mpft langfristig die sichtbaren Anzeichen der Hautalterung.<br \/>\nPFLEGEBED\u00dcRFNIS: Pre-Aging, Anti-Aging, Straffung und Glow. F\u00fcr jeden Hauttyp geeignet.<br \/>\nANWENDUNG: MAGIC CARE Perfect Teint ist sehr flexibel anwendbar. Du kannst es nach Deiner Tagespflege auf das ganze Gesicht oder auch nur auf ausgew\u00e4hlte Partien auftragen. Perfect Teint kann unter und \u00fcber dem Make-up getragen und bei Bedarf erneuert werden. Perfect Teint l\u00e4sst sich auch gut mit einer get\u00f6nten Tagescreme oder einem Make-up vermischen und auf das Gesicht verteilen.<br \/>\n<div class=\"main-cross-sell\" data-asin=\"B0BHYZS5GH\">\n\n\t<div class=\"WooZone-cross-sell-loader\">\n\t\t<div>\n\t\t\t<div id=\"floatingBarsG\">\n\t\t\t\t<div class=\"blockG\" id=\"rotateG_01\"><\/div>\n\t\t\t\t<div class=\"blockG\" id=\"rotateG_02\"><\/div>\n\t\t\t\t<div class=\"blockG\" id=\"rotateG_03\"><\/div>\n\t\t\t\t<div class=\"blockG\" id=\"rotateG_04\"><\/div>\n\t\t\t\t<div class=\"blockG\" id=\"rotateG_05\"><\/div>\n\t\t\t\t<div class=\"blockG\" id=\"rotateG_06\"><\/div>\n\t\t\t\t<div class=\"blockG\" id=\"rotateG_07\"><\/div>\n\t\t\t\t<div class=\"blockG\" id=\"rotateG_08\"><\/div>\n\t\t\t<\/div>\n\t\t\t<div class=\"WooZone-cross-sell-loader-text\"><\/div>\n\t\t<\/div>\n\t<\/div>\n\n\t\t\n<\/div>\n<div style=\"clear:both;\"><\/div><\/p>\n","protected":false},"excerpt":{"rendered":"<p>WEICHZEICHNER F\u00dcR DEINE HAUT: M. Asam MAGIC CARE Perfect Teint ist eine Art &#8220;Weichzeichner&#8221; f\u00fcr Deine Haut. Die seidige Textur legt sich auf Linien und F\u00e4ltchen und f\u00fcllt diese optisch von au\u00dfen auf. Das Hautbild wirkt sofort gegl\u00e4ttet und erh\u00e4lt einen ebenm\u00e4\u00dfigen und perfekt mattierten Teint.<br \/>\nVORTEILE: Transparentes Make-up das Falten sofort verschwinden l\u00e4sst und f\u00fcr ein ebenm\u00e4\u00dfiges und mattiertes Hautbild sorgt. Weichzeichner-Effekt mit Sofort- und Langzeitwirkung und kombinierbar mit Tagespflege und Make-up.<br \/>\nBESONDERHEITEN: Soforteffekt &#8211; Optische Faltengl\u00e4ttung durch &#8220;Weichzeichner-Effekt&#8221; sofort nach dem Auftragen. Langzeiteffekt &#8211; Ein innovativer Peptid-Komplex bek\u00e4mpft langfristig die sichtbaren Anzeichen der Hautalterung.<\/p>\n","protected":false},"featured_media":171709,"comment_status":"open","ping_status":"closed","template":"","meta":[],"product_brand":[],"product_cat":[2858,7067],"product_tag":[],"class_list":{"0":"post-171708","1":"product","2":"type-product","3":"status-publish","4":"has-post-thumbnail","6":"product_cat-beauty","7":"product_cat-hautpflege","8":"pa_brand-m-asam","9":"pa_manufacturer-m-asam-gmbh","10":"pa_size-30-ml-1er-pack","12":"first","13":"instock","14":"shipping-taxable","15":"purchasable","16":"product-type-simple","17":"customify-col","18":"product-has-gallery"},"yoast_head":"<!-- This site is optimized with the Yoast SEO plugin v27.4 - https:\/\/yoast.com\/product\/yoast-seo-wordpress\/ -->\n<title>M. Asam MAGIC CARE Perfect Teint (30 ml) \u2013 Transparentes Make-up l\u00e4sst Falten sofort verschwinden, Weichzeichner-Effekt\u2026 - Markt-XXL<\/title>\n<meta name=\"description\" content=\"Markt-XXL M. Asam MAGIC CARE Perfect Teint (30 ml) \u2013 Transparentes Make-up l\u00e4sst Falten sofort verschwinden, Weichzeichner-Effekt\u2026\" \/>\n<meta name=\"robots\" content=\"index, follow, max-snippet:-1, max-image-preview:large, max-video-preview:-1\" \/>\n<link rel=\"canonical\" href=\"https:\/\/marktxxl.de\/markt\/produkt\/m-asam-magic-care-perfect-teint-30-ml-transparentes-make-up-laesst-falten-sofort-verschwinden-weichzeichner-effekt-mit-sofort-langzeitwirkung-verfeinert-sichtbar-das-porenbild-m\/\" \/>\n<meta property=\"og:locale\" content=\"de_DE\" \/>\n<meta property=\"og:type\" content=\"article\" \/>\n<meta property=\"og:title\" content=\"M. Asam MAGIC CARE Perfect Teint (30 ml) \u2013 Transparentes Make-up l\u00e4sst Falten sofort verschwinden, Weichzeichner-Effekt\u2026 - Markt-XXL\" \/>\n<meta property=\"og:description\" content=\"Markt-XXL M. Asam MAGIC CARE Perfect Teint (30 ml) \u2013 Transparentes Make-up l\u00e4sst Falten sofort verschwinden, Weichzeichner-Effekt\u2026\" \/>\n<meta property=\"og:url\" content=\"https:\/\/marktxxl.de\/markt\/produkt\/m-asam-magic-care-perfect-teint-30-ml-transparentes-make-up-laesst-falten-sofort-verschwinden-weichzeichner-effekt-mit-sofort-langzeitwirkung-verfeinert-sichtbar-das-porenbild-m\/\" \/>\n<meta property=\"og:site_name\" content=\"Markt-XXL\" \/>\n<meta property=\"article:modified_time\" content=\"2023-04-09T02:41:25+00:00\" \/>\n<meta property=\"og:image\" content=\"https:\/\/m.media-amazon.com\/images\/I\/31VPni8QLJL._SL500_.jpg\" \/>\n\t<meta property=\"og:image:width\" content=\"500\" \/>\n\t<meta property=\"og:image:height\" content=\"500\" \/>\n\t<meta property=\"og:image:type\" content=\"image\/jpeg\" \/>\n<meta name=\"twitter:card\" content=\"summary_large_image\" \/>\n<meta name=\"twitter:label1\" content=\"Gesch\u00e4tzte Lesezeit\" \/>\n\t<meta name=\"twitter:data1\" content=\"1\u00a0Minute\" \/>\n<script type=\"application\/ld+json\" class=\"yoast-schema-graph\">{\"@context\":\"https:\\\/\\\/schema.org\",\"@graph\":[{\"@type\":\"WebPage\",\"@id\":\"https:\\\/\\\/marktxxl.de\\\/markt\\\/produkt\\\/m-asam-magic-care-perfect-teint-30-ml-transparentes-make-up-laesst-falten-sofort-verschwinden-weichzeichner-effekt-mit-sofort-langzeitwirkung-verfeinert-sichtbar-das-porenbild-m\\\/\",\"url\":\"https:\\\/\\\/marktxxl.de\\\/markt\\\/produkt\\\/m-asam-magic-care-perfect-teint-30-ml-transparentes-make-up-laesst-falten-sofort-verschwinden-weichzeichner-effekt-mit-sofort-langzeitwirkung-verfeinert-sichtbar-das-porenbild-m\\\/\",\"name\":\"M. Asam MAGIC CARE Perfect Teint (30 ml) \u2013 Transparentes Make-up l\u00e4sst Falten sofort verschwinden, Weichzeichner-Effekt\u2026 - Markt-XXL\",\"isPartOf\":{\"@id\":\"https:\\\/\\\/marktxxl.de\\\/markt\\\/#website\"},\"primaryImageOfPage\":{\"@id\":\"https:\\\/\\\/marktxxl.de\\\/markt\\\/produkt\\\/m-asam-magic-care-perfect-teint-30-ml-transparentes-make-up-laesst-falten-sofort-verschwinden-weichzeichner-effekt-mit-sofort-langzeitwirkung-verfeinert-sichtbar-das-porenbild-m\\\/#primaryimage\"},\"image\":{\"@id\":\"https:\\\/\\\/marktxxl.de\\\/markt\\\/produkt\\\/m-asam-magic-care-perfect-teint-30-ml-transparentes-make-up-laesst-falten-sofort-verschwinden-weichzeichner-effekt-mit-sofort-langzeitwirkung-verfeinert-sichtbar-das-porenbild-m\\\/#primaryimage\"},\"thumbnailUrl\":\"https:\\\/\\\/m.media-amazon.com\\\/images\\\/I\\\/31VPni8QLJL._SL500_.jpg\",\"datePublished\":\"2022-12-11T01:14:09+00:00\",\"dateModified\":\"2023-04-09T02:41:25+00:00\",\"description\":\"Markt-XXL M. Asam MAGIC CARE Perfect Teint (30 ml) \u2013 Transparentes Make-up l\u00e4sst Falten sofort verschwinden, Weichzeichner-Effekt\u2026\",\"breadcrumb\":{\"@id\":\"https:\\\/\\\/marktxxl.de\\\/markt\\\/produkt\\\/m-asam-magic-care-perfect-teint-30-ml-transparentes-make-up-laesst-falten-sofort-verschwinden-weichzeichner-effekt-mit-sofort-langzeitwirkung-verfeinert-sichtbar-das-porenbild-m\\\/#breadcrumb\"},\"inLanguage\":\"de\",\"potentialAction\":[{\"@type\":\"ReadAction\",\"target\":[\"https:\\\/\\\/marktxxl.de\\\/markt\\\/produkt\\\/m-asam-magic-care-perfect-teint-30-ml-transparentes-make-up-laesst-falten-sofort-verschwinden-weichzeichner-effekt-mit-sofort-langzeitwirkung-verfeinert-sichtbar-das-porenbild-m\\\/\"]}]},{\"@type\":\"ImageObject\",\"inLanguage\":\"de\",\"@id\":\"https:\\\/\\\/marktxxl.de\\\/markt\\\/produkt\\\/m-asam-magic-care-perfect-teint-30-ml-transparentes-make-up-laesst-falten-sofort-verschwinden-weichzeichner-effekt-mit-sofort-langzeitwirkung-verfeinert-sichtbar-das-porenbild-m\\\/#primaryimage\",\"url\":\"https:\\\/\\\/m.media-amazon.com\\\/images\\\/I\\\/31VPni8QLJL._SL500_.jpg\",\"contentUrl\":\"https:\\\/\\\/m.media-amazon.com\\\/images\\\/I\\\/31VPni8QLJL._SL500_.jpg\",\"width\":500,\"height\":500},{\"@type\":\"BreadcrumbList\",\"@id\":\"https:\\\/\\\/marktxxl.de\\\/markt\\\/produkt\\\/m-asam-magic-care-perfect-teint-30-ml-transparentes-make-up-laesst-falten-sofort-verschwinden-weichzeichner-effekt-mit-sofort-langzeitwirkung-verfeinert-sichtbar-das-porenbild-m\\\/#breadcrumb\",\"itemListElement\":[{\"@type\":\"ListItem\",\"position\":1,\"name\":\"Startseite\",\"item\":\"https:\\\/\\\/marktxxl.de\\\/markt\\\/\"},{\"@type\":\"ListItem\",\"position\":2,\"name\":\"Markt\",\"item\":\"https:\\\/\\\/marktxxl.de\\\/markt\\\/\"},{\"@type\":\"ListItem\",\"position\":3,\"name\":\"M. Asam MAGIC CARE Perfect Teint (30 ml) \u2013 Transparentes Make-up l\u00e4sst Falten sofort verschwinden, Weichzeichner-Effekt\u2026\"}]},{\"@type\":\"WebSite\",\"@id\":\"https:\\\/\\\/marktxxl.de\\\/markt\\\/#website\",\"url\":\"https:\\\/\\\/marktxxl.de\\\/markt\\\/\",\"name\":\"Markt-XXL\",\"description\":\"Ihr Markt Online\",\"publisher\":{\"@id\":\"https:\\\/\\\/marktxxl.de\\\/markt\\\/#organization\"},\"potentialAction\":[{\"@type\":\"SearchAction\",\"target\":{\"@type\":\"EntryPoint\",\"urlTemplate\":\"https:\\\/\\\/marktxxl.de\\\/markt\\\/?s={search_term_string}\"},\"query-input\":{\"@type\":\"PropertyValueSpecification\",\"valueRequired\":true,\"valueName\":\"search_term_string\"}}],\"inLanguage\":\"de\"},{\"@type\":\"Organization\",\"@id\":\"https:\\\/\\\/marktxxl.de\\\/markt\\\/#organization\",\"name\":\"Markt-XXL\",\"url\":\"https:\\\/\\\/marktxxl.de\\\/markt\\\/\",\"logo\":{\"@type\":\"ImageObject\",\"inLanguage\":\"de\",\"@id\":\"https:\\\/\\\/marktxxl.de\\\/markt\\\/#\\\/schema\\\/logo\\\/image\\\/\",\"url\":\"https:\\\/\\\/marktxxl.de\\\/markt\\\/wp-content\\\/uploads\\\/sites\\\/3\\\/2020\\\/12\\\/logo.png\",\"contentUrl\":\"https:\\\/\\\/marktxxl.de\\\/markt\\\/wp-content\\\/uploads\\\/sites\\\/3\\\/2020\\\/12\\\/logo.png\",\"width\":200,\"height\":70,\"caption\":\"Markt-XXL\"},\"image\":{\"@id\":\"https:\\\/\\\/marktxxl.de\\\/markt\\\/#\\\/schema\\\/logo\\\/image\\\/\"}}]}<\/script>\n<!-- \/ Yoast SEO plugin. -->","yoast_head_json":{"title":"M. Asam MAGIC CARE Perfect Teint (30 ml) \u2013 Transparentes Make-up l\u00e4sst Falten sofort verschwinden, Weichzeichner-Effekt\u2026 - Markt-XXL","description":"Markt-XXL M. Asam MAGIC CARE Perfect Teint (30 ml) \u2013 Transparentes Make-up l\u00e4sst Falten sofort verschwinden, Weichzeichner-Effekt\u2026","robots":{"index":"index","follow":"follow","max-snippet":"max-snippet:-1","max-image-preview":"max-image-preview:large","max-video-preview":"max-video-preview:-1"},"canonical":"https:\/\/marktxxl.de\/markt\/produkt\/m-asam-magic-care-perfect-teint-30-ml-transparentes-make-up-laesst-falten-sofort-verschwinden-weichzeichner-effekt-mit-sofort-langzeitwirkung-verfeinert-sichtbar-das-porenbild-m\/","og_locale":"de_DE","og_type":"article","og_title":"M. Asam MAGIC CARE Perfect Teint (30 ml) \u2013 Transparentes Make-up l\u00e4sst Falten sofort verschwinden, Weichzeichner-Effekt\u2026 - Markt-XXL","og_description":"Markt-XXL M. Asam MAGIC CARE Perfect Teint (30 ml) \u2013 Transparentes Make-up l\u00e4sst Falten sofort verschwinden, Weichzeichner-Effekt\u2026","og_url":"https:\/\/marktxxl.de\/markt\/produkt\/m-asam-magic-care-perfect-teint-30-ml-transparentes-make-up-laesst-falten-sofort-verschwinden-weichzeichner-effekt-mit-sofort-langzeitwirkung-verfeinert-sichtbar-das-porenbild-m\/","og_site_name":"Markt-XXL","article_modified_time":"2023-04-09T02:41:25+00:00","og_image":[{"width":500,"height":500,"url":"https:\/\/m.media-amazon.com\/images\/I\/31VPni8QLJL._SL500_.jpg","type":"image\/jpeg"}],"twitter_card":"summary_large_image","twitter_misc":{"Gesch\u00e4tzte Lesezeit":"1\u00a0Minute"},"schema":{"@context":"https:\/\/schema.org","@graph":[{"@type":"WebPage","@id":"https:\/\/marktxxl.de\/markt\/produkt\/m-asam-magic-care-perfect-teint-30-ml-transparentes-make-up-laesst-falten-sofort-verschwinden-weichzeichner-effekt-mit-sofort-langzeitwirkung-verfeinert-sichtbar-das-porenbild-m\/","url":"https:\/\/marktxxl.de\/markt\/produkt\/m-asam-magic-care-perfect-teint-30-ml-transparentes-make-up-laesst-falten-sofort-verschwinden-weichzeichner-effekt-mit-sofort-langzeitwirkung-verfeinert-sichtbar-das-porenbild-m\/","name":"M. Asam MAGIC CARE Perfect Teint (30 ml) \u2013 Transparentes Make-up l\u00e4sst Falten sofort verschwinden, Weichzeichner-Effekt\u2026 - Markt-XXL","isPartOf":{"@id":"https:\/\/marktxxl.de\/markt\/#website"},"primaryImageOfPage":{"@id":"https:\/\/marktxxl.de\/markt\/produkt\/m-asam-magic-care-perfect-teint-30-ml-transparentes-make-up-laesst-falten-sofort-verschwinden-weichzeichner-effekt-mit-sofort-langzeitwirkung-verfeinert-sichtbar-das-porenbild-m\/#primaryimage"},"image":{"@id":"https:\/\/marktxxl.de\/markt\/produkt\/m-asam-magic-care-perfect-teint-30-ml-transparentes-make-up-laesst-falten-sofort-verschwinden-weichzeichner-effekt-mit-sofort-langzeitwirkung-verfeinert-sichtbar-das-porenbild-m\/#primaryimage"},"thumbnailUrl":"https:\/\/m.media-amazon.com\/images\/I\/31VPni8QLJL._SL500_.jpg","datePublished":"2022-12-11T01:14:09+00:00","dateModified":"2023-04-09T02:41:25+00:00","description":"Markt-XXL M. Asam MAGIC CARE Perfect Teint (30 ml) \u2013 Transparentes Make-up l\u00e4sst Falten sofort verschwinden, Weichzeichner-Effekt\u2026","breadcrumb":{"@id":"https:\/\/marktxxl.de\/markt\/produkt\/m-asam-magic-care-perfect-teint-30-ml-transparentes-make-up-laesst-falten-sofort-verschwinden-weichzeichner-effekt-mit-sofort-langzeitwirkung-verfeinert-sichtbar-das-porenbild-m\/#breadcrumb"},"inLanguage":"de","potentialAction":[{"@type":"ReadAction","target":["https:\/\/marktxxl.de\/markt\/produkt\/m-asam-magic-care-perfect-teint-30-ml-transparentes-make-up-laesst-falten-sofort-verschwinden-weichzeichner-effekt-mit-sofort-langzeitwirkung-verfeinert-sichtbar-das-porenbild-m\/"]}]},{"@type":"ImageObject","inLanguage":"de","@id":"https:\/\/marktxxl.de\/markt\/produkt\/m-asam-magic-care-perfect-teint-30-ml-transparentes-make-up-laesst-falten-sofort-verschwinden-weichzeichner-effekt-mit-sofort-langzeitwirkung-verfeinert-sichtbar-das-porenbild-m\/#primaryimage","url":"https:\/\/m.media-amazon.com\/images\/I\/31VPni8QLJL._SL500_.jpg","contentUrl":"https:\/\/m.media-amazon.com\/images\/I\/31VPni8QLJL._SL500_.jpg","width":500,"height":500},{"@type":"BreadcrumbList","@id":"https:\/\/marktxxl.de\/markt\/produkt\/m-asam-magic-care-perfect-teint-30-ml-transparentes-make-up-laesst-falten-sofort-verschwinden-weichzeichner-effekt-mit-sofort-langzeitwirkung-verfeinert-sichtbar-das-porenbild-m\/#breadcrumb","itemListElement":[{"@type":"ListItem","position":1,"name":"Startseite","item":"https:\/\/marktxxl.de\/markt\/"},{"@type":"ListItem","position":2,"name":"Markt","item":"https:\/\/marktxxl.de\/markt\/"},{"@type":"ListItem","position":3,"name":"M. Asam MAGIC CARE Perfect Teint (30 ml) \u2013 Transparentes Make-up l\u00e4sst Falten sofort verschwinden, Weichzeichner-Effekt\u2026"}]},{"@type":"WebSite","@id":"https:\/\/marktxxl.de\/markt\/#website","url":"https:\/\/marktxxl.de\/markt\/","name":"Markt-XXL","description":"Ihr Markt Online","publisher":{"@id":"https:\/\/marktxxl.de\/markt\/#organization"},"potentialAction":[{"@type":"SearchAction","target":{"@type":"EntryPoint","urlTemplate":"https:\/\/marktxxl.de\/markt\/?s={search_term_string}"},"query-input":{"@type":"PropertyValueSpecification","valueRequired":true,"valueName":"search_term_string"}}],"inLanguage":"de"},{"@type":"Organization","@id":"https:\/\/marktxxl.de\/markt\/#organization","name":"Markt-XXL","url":"https:\/\/marktxxl.de\/markt\/","logo":{"@type":"ImageObject","inLanguage":"de","@id":"https:\/\/marktxxl.de\/markt\/#\/schema\/logo\/image\/","url":"https:\/\/marktxxl.de\/markt\/wp-content\/uploads\/sites\/3\/2020\/12\/logo.png","contentUrl":"https:\/\/marktxxl.de\/markt\/wp-content\/uploads\/sites\/3\/2020\/12\/logo.png","width":200,"height":70,"caption":"Markt-XXL"},"image":{"@id":"https:\/\/marktxxl.de\/markt\/#\/schema\/logo\/image\/"}}]}},"_links":{"self":[{"href":"https:\/\/marktxxl.de\/markt\/wp-json\/wp\/v2\/product\/171708","targetHints":{"allow":["GET"]}}],"collection":[{"href":"https:\/\/marktxxl.de\/markt\/wp-json\/wp\/v2\/product"}],"about":[{"href":"https:\/\/marktxxl.de\/markt\/wp-json\/wp\/v2\/types\/product"}],"replies":[{"embeddable":true,"href":"https:\/\/marktxxl.de\/markt\/wp-json\/wp\/v2\/comments?post=171708"}],"wp:featuredmedia":[{"embeddable":true,"href":"https:\/\/marktxxl.de\/markt\/wp-json\/wp\/v2\/media\/171709"}],"wp:attachment":[{"href":"https:\/\/marktxxl.de\/markt\/wp-json\/wp\/v2\/media?parent=171708"}],"wp:term":[{"taxonomy":"product_brand","embeddable":true,"href":"https:\/\/marktxxl.de\/markt\/wp-json\/wp\/v2\/product_brand?post=171708"},{"taxonomy":"product_cat","embeddable":true,"href":"https:\/\/marktxxl.de\/markt\/wp-json\/wp\/v2\/product_cat?post=171708"},{"taxonomy":"product_tag","embeddable":true,"href":"https:\/\/marktxxl.de\/markt\/wp-json\/wp\/v2\/product_tag?post=171708"}],"curies":[{"name":"wp","href":"https:\/\/api.w.org\/{rel}","templated":true}]}}