{"id":171656,"date":"2022-12-11T02:13:19","date_gmt":"2022-12-11T01:13:19","guid":{"rendered":"https:\/\/marktxxl.de\/markt\/produkt\/nivea-men-mens-stuff-geschenkset-attraktive-geschenkbox-mit-pflege-favoriten-fuer-einen-aktiven-lifestyle-pflegeset-mit-duschgel-gesichtscreme-deo-und-xmas-socken\/"},"modified":"2023-04-09T04:41:22","modified_gmt":"2023-04-09T02:41:22","slug":"nivea-men-mens-stuff-geschenkset-attraktive-geschenkbox-mit-pflege-favoriten-fuer-einen-aktiven-lifestyle-pflegeset-mit-duschgel-gesichtscreme-deo-und-xmas-socken","status":"publish","type":"product","link":"https:\/\/marktxxl.de\/markt\/produkt\/nivea-men-mens-stuff-geschenkset-attraktive-geschenkbox-mit-pflege-favoriten-fuer-einen-aktiven-lifestyle-pflegeset-mit-duschgel-gesichtscreme-deo-und-xmas-socken\/","title":{"rendered":"NIVEA MEN Men&#8217;s Stuff Geschenkset, attraktive Geschenkbox mit Pflege-Favoriten f\u00fcr einen aktiven Lifestyle, Pflegeset\u2026"},"content":{"rendered":"<p>Praktisches Set \u2013 Das NIVEA MEN Men&#8217;s Stuff Geschenkset enth\u00e4lt die NIVEA MEN Protect &amp; Care Pflege-Favoriten f\u00fcr jeden Tag \u2013 ideal f\u00fcr einen aktiven Lifestyle.<br \/>\nSchutz &amp; Pflege \u2013 Die NIVEA MEN Protect &amp; Care Feuchtigkeitscreme pflegt die Haut mit Aloe Vera und Pro Vitamin B5 und sch\u00fctzt sie vor \u00e4u\u00dferen Einfl\u00fcssen.<br \/>\nPflegendes Duschgel \u2013 Dank der Formel mit Aloe Vera sch\u00fctzt das Duschgel die Haut vor dem Austrocknen und spendet ein Gef\u00fchl von intensiver Feuchtigkeit.<br \/>\nMild zur Haut \u2013 Das Deo mit dem Duft der NIVEA MEN Creme ist besonders mild zur Haut und l\u00f6st selbst direkt nach der Rasur kein unangenehmes Brennen aus.<br \/>\nLieferumfang &amp; Details \u2013 NIVEA MEN Men&#8217;s Stuff Set, Protect &amp; Care Gesichtspflege Creme (75 ml), Protect &amp; Care Duschgel (250 ml), Protect &amp; Care Deo Spray (150 ml), XMAS-Socken, Artikelnr. 94412<br \/>\n<div class=\"main-cross-sell\" data-asin=\"B0B88JS575\">\n\n\t<div class=\"WooZone-cross-sell-loader\">\n\t\t<div>\n\t\t\t<div id=\"floatingBarsG\">\n\t\t\t\t<div class=\"blockG\" id=\"rotateG_01\"><\/div>\n\t\t\t\t<div class=\"blockG\" id=\"rotateG_02\"><\/div>\n\t\t\t\t<div class=\"blockG\" id=\"rotateG_03\"><\/div>\n\t\t\t\t<div class=\"blockG\" id=\"rotateG_04\"><\/div>\n\t\t\t\t<div class=\"blockG\" id=\"rotateG_05\"><\/div>\n\t\t\t\t<div class=\"blockG\" id=\"rotateG_06\"><\/div>\n\t\t\t\t<div class=\"blockG\" id=\"rotateG_07\"><\/div>\n\t\t\t\t<div class=\"blockG\" id=\"rotateG_08\"><\/div>\n\t\t\t<\/div>\n\t\t\t<div class=\"WooZone-cross-sell-loader-text\"><\/div>\n\t\t<\/div>\n\t<\/div>\n\n\t\t\n<\/div>\n<div style=\"clear:both;\"><\/div><\/p>\n","protected":false},"excerpt":{"rendered":"<p>Praktisches Set \u2013 Das NIVEA MEN Men&#8217;s Stuff Geschenkset enth\u00e4lt die NIVEA MEN Protect &amp; Care Pflege-Favoriten f\u00fcr jeden Tag \u2013 ideal f\u00fcr einen aktiven Lifestyle.<br \/>\nSchutz &amp; Pflege \u2013 Die NIVEA MEN Protect &amp; Care Feuchtigkeitscreme pflegt die Haut mit Aloe Vera und Pro Vitamin B5 und sch\u00fctzt sie vor \u00e4u\u00dferen Einfl\u00fcssen.<br \/>\nPflegendes Duschgel \u2013 Dank der Formel mit Aloe Vera sch\u00fctzt das Duschgel die Haut vor dem Austrocknen und spendet ein Gef\u00fchl von intensiver Feuchtigkeit.<\/p>\n","protected":false},"featured_media":171657,"comment_status":"open","ping_status":"closed","template":"","meta":[],"product_brand":[],"product_cat":[2858,7067],"product_tag":[],"class_list":{"0":"post-171656","1":"product","2":"type-product","3":"status-publish","4":"has-post-thumbnail","6":"product_cat-beauty","7":"product_cat-hautpflege","8":"pa_binding-badartikel","9":"pa_brand-nivea","10":"pa_color-grau","11":"pa_height-8-2677-zoll","12":"pa_length-5-9055-zoll","13":"pa_manufacturer-beiersdorf-ag","14":"pa_width-3-38582-zoll","16":"first","17":"instock","18":"shipping-taxable","19":"purchasable","20":"product-type-simple","21":"customify-col","22":"product-has-gallery"},"yoast_head":"<!-- This site is optimized with the Yoast SEO plugin v27.4 - https:\/\/yoast.com\/product\/yoast-seo-wordpress\/ -->\n<title>NIVEA MEN Men&#039;s Stuff Geschenkset, attraktive Geschenkbox mit Pflege-Favoriten f\u00fcr einen aktiven Lifestyle, Pflegeset\u2026 - Markt-XXL<\/title>\n<meta name=\"description\" content=\"Markt-XXL NIVEA MEN Men&#039;s Stuff Geschenkset, attraktive Geschenkbox mit Pflege-Favoriten f\u00fcr einen aktiven Lifestyle, Pflegeset\u2026\" \/>\n<meta name=\"robots\" content=\"index, follow, max-snippet:-1, max-image-preview:large, max-video-preview:-1\" \/>\n<link rel=\"canonical\" href=\"https:\/\/marktxxl.de\/markt\/produkt\/nivea-men-mens-stuff-geschenkset-attraktive-geschenkbox-mit-pflege-favoriten-fuer-einen-aktiven-lifestyle-pflegeset-mit-duschgel-gesichtscreme-deo-und-xmas-socken\/\" \/>\n<meta property=\"og:locale\" content=\"de_DE\" \/>\n<meta property=\"og:type\" content=\"article\" \/>\n<meta property=\"og:title\" content=\"NIVEA MEN Men&#039;s Stuff Geschenkset, attraktive Geschenkbox mit Pflege-Favoriten f\u00fcr einen aktiven Lifestyle, Pflegeset\u2026 - Markt-XXL\" \/>\n<meta property=\"og:description\" content=\"Markt-XXL NIVEA MEN Men&#039;s Stuff Geschenkset, attraktive Geschenkbox mit Pflege-Favoriten f\u00fcr einen aktiven Lifestyle, Pflegeset\u2026\" \/>\n<meta property=\"og:url\" content=\"https:\/\/marktxxl.de\/markt\/produkt\/nivea-men-mens-stuff-geschenkset-attraktive-geschenkbox-mit-pflege-favoriten-fuer-einen-aktiven-lifestyle-pflegeset-mit-duschgel-gesichtscreme-deo-und-xmas-socken\/\" \/>\n<meta property=\"og:site_name\" content=\"Markt-XXL\" \/>\n<meta property=\"article:modified_time\" content=\"2023-04-09T02:41:22+00:00\" \/>\n<meta property=\"og:image\" content=\"https:\/\/m.media-amazon.com\/images\/I\/41k2BqTNbSL._SL500_.jpg\" \/>\n\t<meta property=\"og:image:width\" content=\"428\" \/>\n\t<meta property=\"og:image:height\" content=\"500\" \/>\n\t<meta property=\"og:image:type\" content=\"image\/jpeg\" \/>\n<meta name=\"twitter:card\" content=\"summary_large_image\" \/>\n<meta name=\"twitter:label1\" content=\"Gesch\u00e4tzte Lesezeit\" \/>\n\t<meta name=\"twitter:data1\" content=\"1\u00a0Minute\" \/>\n<script type=\"application\/ld+json\" class=\"yoast-schema-graph\">{\"@context\":\"https:\\\/\\\/schema.org\",\"@graph\":[{\"@type\":\"WebPage\",\"@id\":\"https:\\\/\\\/marktxxl.de\\\/markt\\\/produkt\\\/nivea-men-mens-stuff-geschenkset-attraktive-geschenkbox-mit-pflege-favoriten-fuer-einen-aktiven-lifestyle-pflegeset-mit-duschgel-gesichtscreme-deo-und-xmas-socken\\\/\",\"url\":\"https:\\\/\\\/marktxxl.de\\\/markt\\\/produkt\\\/nivea-men-mens-stuff-geschenkset-attraktive-geschenkbox-mit-pflege-favoriten-fuer-einen-aktiven-lifestyle-pflegeset-mit-duschgel-gesichtscreme-deo-und-xmas-socken\\\/\",\"name\":\"NIVEA MEN Men's Stuff Geschenkset, attraktive Geschenkbox mit Pflege-Favoriten f\u00fcr einen aktiven Lifestyle, Pflegeset\u2026 - Markt-XXL\",\"isPartOf\":{\"@id\":\"https:\\\/\\\/marktxxl.de\\\/markt\\\/#website\"},\"primaryImageOfPage\":{\"@id\":\"https:\\\/\\\/marktxxl.de\\\/markt\\\/produkt\\\/nivea-men-mens-stuff-geschenkset-attraktive-geschenkbox-mit-pflege-favoriten-fuer-einen-aktiven-lifestyle-pflegeset-mit-duschgel-gesichtscreme-deo-und-xmas-socken\\\/#primaryimage\"},\"image\":{\"@id\":\"https:\\\/\\\/marktxxl.de\\\/markt\\\/produkt\\\/nivea-men-mens-stuff-geschenkset-attraktive-geschenkbox-mit-pflege-favoriten-fuer-einen-aktiven-lifestyle-pflegeset-mit-duschgel-gesichtscreme-deo-und-xmas-socken\\\/#primaryimage\"},\"thumbnailUrl\":\"https:\\\/\\\/m.media-amazon.com\\\/images\\\/I\\\/41k2BqTNbSL._SL500_.jpg\",\"datePublished\":\"2022-12-11T01:13:19+00:00\",\"dateModified\":\"2023-04-09T02:41:22+00:00\",\"description\":\"Markt-XXL NIVEA MEN Men's Stuff Geschenkset, attraktive Geschenkbox mit Pflege-Favoriten f\u00fcr einen aktiven Lifestyle, Pflegeset\u2026\",\"breadcrumb\":{\"@id\":\"https:\\\/\\\/marktxxl.de\\\/markt\\\/produkt\\\/nivea-men-mens-stuff-geschenkset-attraktive-geschenkbox-mit-pflege-favoriten-fuer-einen-aktiven-lifestyle-pflegeset-mit-duschgel-gesichtscreme-deo-und-xmas-socken\\\/#breadcrumb\"},\"inLanguage\":\"de\",\"potentialAction\":[{\"@type\":\"ReadAction\",\"target\":[\"https:\\\/\\\/marktxxl.de\\\/markt\\\/produkt\\\/nivea-men-mens-stuff-geschenkset-attraktive-geschenkbox-mit-pflege-favoriten-fuer-einen-aktiven-lifestyle-pflegeset-mit-duschgel-gesichtscreme-deo-und-xmas-socken\\\/\"]}]},{\"@type\":\"ImageObject\",\"inLanguage\":\"de\",\"@id\":\"https:\\\/\\\/marktxxl.de\\\/markt\\\/produkt\\\/nivea-men-mens-stuff-geschenkset-attraktive-geschenkbox-mit-pflege-favoriten-fuer-einen-aktiven-lifestyle-pflegeset-mit-duschgel-gesichtscreme-deo-und-xmas-socken\\\/#primaryimage\",\"url\":\"https:\\\/\\\/m.media-amazon.com\\\/images\\\/I\\\/41k2BqTNbSL._SL500_.jpg\",\"contentUrl\":\"https:\\\/\\\/m.media-amazon.com\\\/images\\\/I\\\/41k2BqTNbSL._SL500_.jpg\",\"width\":428,\"height\":500},{\"@type\":\"BreadcrumbList\",\"@id\":\"https:\\\/\\\/marktxxl.de\\\/markt\\\/produkt\\\/nivea-men-mens-stuff-geschenkset-attraktive-geschenkbox-mit-pflege-favoriten-fuer-einen-aktiven-lifestyle-pflegeset-mit-duschgel-gesichtscreme-deo-und-xmas-socken\\\/#breadcrumb\",\"itemListElement\":[{\"@type\":\"ListItem\",\"position\":1,\"name\":\"Startseite\",\"item\":\"https:\\\/\\\/marktxxl.de\\\/markt\\\/\"},{\"@type\":\"ListItem\",\"position\":2,\"name\":\"Markt\",\"item\":\"https:\\\/\\\/marktxxl.de\\\/markt\\\/\"},{\"@type\":\"ListItem\",\"position\":3,\"name\":\"NIVEA MEN Men&#8217;s Stuff Geschenkset, attraktive Geschenkbox mit Pflege-Favoriten f\u00fcr einen aktiven Lifestyle, Pflegeset\u2026\"}]},{\"@type\":\"WebSite\",\"@id\":\"https:\\\/\\\/marktxxl.de\\\/markt\\\/#website\",\"url\":\"https:\\\/\\\/marktxxl.de\\\/markt\\\/\",\"name\":\"Markt-XXL\",\"description\":\"Ihr Markt Online\",\"publisher\":{\"@id\":\"https:\\\/\\\/marktxxl.de\\\/markt\\\/#organization\"},\"potentialAction\":[{\"@type\":\"SearchAction\",\"target\":{\"@type\":\"EntryPoint\",\"urlTemplate\":\"https:\\\/\\\/marktxxl.de\\\/markt\\\/?s={search_term_string}\"},\"query-input\":{\"@type\":\"PropertyValueSpecification\",\"valueRequired\":true,\"valueName\":\"search_term_string\"}}],\"inLanguage\":\"de\"},{\"@type\":\"Organization\",\"@id\":\"https:\\\/\\\/marktxxl.de\\\/markt\\\/#organization\",\"name\":\"Markt-XXL\",\"url\":\"https:\\\/\\\/marktxxl.de\\\/markt\\\/\",\"logo\":{\"@type\":\"ImageObject\",\"inLanguage\":\"de\",\"@id\":\"https:\\\/\\\/marktxxl.de\\\/markt\\\/#\\\/schema\\\/logo\\\/image\\\/\",\"url\":\"https:\\\/\\\/marktxxl.de\\\/markt\\\/wp-content\\\/uploads\\\/sites\\\/3\\\/2020\\\/12\\\/logo.png\",\"contentUrl\":\"https:\\\/\\\/marktxxl.de\\\/markt\\\/wp-content\\\/uploads\\\/sites\\\/3\\\/2020\\\/12\\\/logo.png\",\"width\":200,\"height\":70,\"caption\":\"Markt-XXL\"},\"image\":{\"@id\":\"https:\\\/\\\/marktxxl.de\\\/markt\\\/#\\\/schema\\\/logo\\\/image\\\/\"}}]}<\/script>\n<!-- \/ Yoast SEO plugin. -->","yoast_head_json":{"title":"NIVEA MEN Men's Stuff Geschenkset, attraktive Geschenkbox mit Pflege-Favoriten f\u00fcr einen aktiven Lifestyle, Pflegeset\u2026 - Markt-XXL","description":"Markt-XXL NIVEA MEN Men's Stuff Geschenkset, attraktive Geschenkbox mit Pflege-Favoriten f\u00fcr einen aktiven Lifestyle, Pflegeset\u2026","robots":{"index":"index","follow":"follow","max-snippet":"max-snippet:-1","max-image-preview":"max-image-preview:large","max-video-preview":"max-video-preview:-1"},"canonical":"https:\/\/marktxxl.de\/markt\/produkt\/nivea-men-mens-stuff-geschenkset-attraktive-geschenkbox-mit-pflege-favoriten-fuer-einen-aktiven-lifestyle-pflegeset-mit-duschgel-gesichtscreme-deo-und-xmas-socken\/","og_locale":"de_DE","og_type":"article","og_title":"NIVEA MEN Men's Stuff Geschenkset, attraktive Geschenkbox mit Pflege-Favoriten f\u00fcr einen aktiven Lifestyle, Pflegeset\u2026 - Markt-XXL","og_description":"Markt-XXL NIVEA MEN Men's Stuff Geschenkset, attraktive Geschenkbox mit Pflege-Favoriten f\u00fcr einen aktiven Lifestyle, Pflegeset\u2026","og_url":"https:\/\/marktxxl.de\/markt\/produkt\/nivea-men-mens-stuff-geschenkset-attraktive-geschenkbox-mit-pflege-favoriten-fuer-einen-aktiven-lifestyle-pflegeset-mit-duschgel-gesichtscreme-deo-und-xmas-socken\/","og_site_name":"Markt-XXL","article_modified_time":"2023-04-09T02:41:22+00:00","og_image":[{"width":428,"height":500,"url":"https:\/\/m.media-amazon.com\/images\/I\/41k2BqTNbSL._SL500_.jpg","type":"image\/jpeg"}],"twitter_card":"summary_large_image","twitter_misc":{"Gesch\u00e4tzte Lesezeit":"1\u00a0Minute"},"schema":{"@context":"https:\/\/schema.org","@graph":[{"@type":"WebPage","@id":"https:\/\/marktxxl.de\/markt\/produkt\/nivea-men-mens-stuff-geschenkset-attraktive-geschenkbox-mit-pflege-favoriten-fuer-einen-aktiven-lifestyle-pflegeset-mit-duschgel-gesichtscreme-deo-und-xmas-socken\/","url":"https:\/\/marktxxl.de\/markt\/produkt\/nivea-men-mens-stuff-geschenkset-attraktive-geschenkbox-mit-pflege-favoriten-fuer-einen-aktiven-lifestyle-pflegeset-mit-duschgel-gesichtscreme-deo-und-xmas-socken\/","name":"NIVEA MEN Men's Stuff Geschenkset, attraktive Geschenkbox mit Pflege-Favoriten f\u00fcr einen aktiven Lifestyle, Pflegeset\u2026 - Markt-XXL","isPartOf":{"@id":"https:\/\/marktxxl.de\/markt\/#website"},"primaryImageOfPage":{"@id":"https:\/\/marktxxl.de\/markt\/produkt\/nivea-men-mens-stuff-geschenkset-attraktive-geschenkbox-mit-pflege-favoriten-fuer-einen-aktiven-lifestyle-pflegeset-mit-duschgel-gesichtscreme-deo-und-xmas-socken\/#primaryimage"},"image":{"@id":"https:\/\/marktxxl.de\/markt\/produkt\/nivea-men-mens-stuff-geschenkset-attraktive-geschenkbox-mit-pflege-favoriten-fuer-einen-aktiven-lifestyle-pflegeset-mit-duschgel-gesichtscreme-deo-und-xmas-socken\/#primaryimage"},"thumbnailUrl":"https:\/\/m.media-amazon.com\/images\/I\/41k2BqTNbSL._SL500_.jpg","datePublished":"2022-12-11T01:13:19+00:00","dateModified":"2023-04-09T02:41:22+00:00","description":"Markt-XXL NIVEA MEN Men's Stuff Geschenkset, attraktive Geschenkbox mit Pflege-Favoriten f\u00fcr einen aktiven Lifestyle, Pflegeset\u2026","breadcrumb":{"@id":"https:\/\/marktxxl.de\/markt\/produkt\/nivea-men-mens-stuff-geschenkset-attraktive-geschenkbox-mit-pflege-favoriten-fuer-einen-aktiven-lifestyle-pflegeset-mit-duschgel-gesichtscreme-deo-und-xmas-socken\/#breadcrumb"},"inLanguage":"de","potentialAction":[{"@type":"ReadAction","target":["https:\/\/marktxxl.de\/markt\/produkt\/nivea-men-mens-stuff-geschenkset-attraktive-geschenkbox-mit-pflege-favoriten-fuer-einen-aktiven-lifestyle-pflegeset-mit-duschgel-gesichtscreme-deo-und-xmas-socken\/"]}]},{"@type":"ImageObject","inLanguage":"de","@id":"https:\/\/marktxxl.de\/markt\/produkt\/nivea-men-mens-stuff-geschenkset-attraktive-geschenkbox-mit-pflege-favoriten-fuer-einen-aktiven-lifestyle-pflegeset-mit-duschgel-gesichtscreme-deo-und-xmas-socken\/#primaryimage","url":"https:\/\/m.media-amazon.com\/images\/I\/41k2BqTNbSL._SL500_.jpg","contentUrl":"https:\/\/m.media-amazon.com\/images\/I\/41k2BqTNbSL._SL500_.jpg","width":428,"height":500},{"@type":"BreadcrumbList","@id":"https:\/\/marktxxl.de\/markt\/produkt\/nivea-men-mens-stuff-geschenkset-attraktive-geschenkbox-mit-pflege-favoriten-fuer-einen-aktiven-lifestyle-pflegeset-mit-duschgel-gesichtscreme-deo-und-xmas-socken\/#breadcrumb","itemListElement":[{"@type":"ListItem","position":1,"name":"Startseite","item":"https:\/\/marktxxl.de\/markt\/"},{"@type":"ListItem","position":2,"name":"Markt","item":"https:\/\/marktxxl.de\/markt\/"},{"@type":"ListItem","position":3,"name":"NIVEA MEN Men&#8217;s Stuff Geschenkset, attraktive Geschenkbox mit Pflege-Favoriten f\u00fcr einen aktiven Lifestyle, Pflegeset\u2026"}]},{"@type":"WebSite","@id":"https:\/\/marktxxl.de\/markt\/#website","url":"https:\/\/marktxxl.de\/markt\/","name":"Markt-XXL","description":"Ihr Markt Online","publisher":{"@id":"https:\/\/marktxxl.de\/markt\/#organization"},"potentialAction":[{"@type":"SearchAction","target":{"@type":"EntryPoint","urlTemplate":"https:\/\/marktxxl.de\/markt\/?s={search_term_string}"},"query-input":{"@type":"PropertyValueSpecification","valueRequired":true,"valueName":"search_term_string"}}],"inLanguage":"de"},{"@type":"Organization","@id":"https:\/\/marktxxl.de\/markt\/#organization","name":"Markt-XXL","url":"https:\/\/marktxxl.de\/markt\/","logo":{"@type":"ImageObject","inLanguage":"de","@id":"https:\/\/marktxxl.de\/markt\/#\/schema\/logo\/image\/","url":"https:\/\/marktxxl.de\/markt\/wp-content\/uploads\/sites\/3\/2020\/12\/logo.png","contentUrl":"https:\/\/marktxxl.de\/markt\/wp-content\/uploads\/sites\/3\/2020\/12\/logo.png","width":200,"height":70,"caption":"Markt-XXL"},"image":{"@id":"https:\/\/marktxxl.de\/markt\/#\/schema\/logo\/image\/"}}]}},"_links":{"self":[{"href":"https:\/\/marktxxl.de\/markt\/wp-json\/wp\/v2\/product\/171656","targetHints":{"allow":["GET"]}}],"collection":[{"href":"https:\/\/marktxxl.de\/markt\/wp-json\/wp\/v2\/product"}],"about":[{"href":"https:\/\/marktxxl.de\/markt\/wp-json\/wp\/v2\/types\/product"}],"replies":[{"embeddable":true,"href":"https:\/\/marktxxl.de\/markt\/wp-json\/wp\/v2\/comments?post=171656"}],"wp:featuredmedia":[{"embeddable":true,"href":"https:\/\/marktxxl.de\/markt\/wp-json\/wp\/v2\/media\/171657"}],"wp:attachment":[{"href":"https:\/\/marktxxl.de\/markt\/wp-json\/wp\/v2\/media?parent=171656"}],"wp:term":[{"taxonomy":"product_brand","embeddable":true,"href":"https:\/\/marktxxl.de\/markt\/wp-json\/wp\/v2\/product_brand?post=171656"},{"taxonomy":"product_cat","embeddable":true,"href":"https:\/\/marktxxl.de\/markt\/wp-json\/wp\/v2\/product_cat?post=171656"},{"taxonomy":"product_tag","embeddable":true,"href":"https:\/\/marktxxl.de\/markt\/wp-json\/wp\/v2\/product_tag?post=171656"}],"curies":[{"name":"wp","href":"https:\/\/api.w.org\/{rel}","templated":true}]}}