{"id":171629,"date":"2022-12-11T02:10:55","date_gmt":"2022-12-11T01:10:55","guid":{"rendered":"https:\/\/marktxxl.de\/markt\/produkt\/nivea-men-strong-power-geschenkset-geschenkbox-mit-starken-pflege-favoriten-fuer-einen-aktiven-lifestyle-pflegeset-mit-duschgel-shampoo-deo-und-labello-for-men\/"},"modified":"2023-04-09T04:41:22","modified_gmt":"2023-04-09T02:41:22","slug":"nivea-men-strong-power-geschenkset-geschenkbox-mit-starken-pflege-favoriten-fuer-einen-aktiven-lifestyle-pflegeset-mit-duschgel-shampoo-deo-und-labello-for-men","status":"publish","type":"product","link":"https:\/\/marktxxl.de\/markt\/produkt\/nivea-men-strong-power-geschenkset-geschenkbox-mit-starken-pflege-favoriten-fuer-einen-aktiven-lifestyle-pflegeset-mit-duschgel-shampoo-deo-und-labello-for-men\/","title":{"rendered":"NIVEA MEN Strong Power Geschenkset, Geschenkbox mit starken Pflege-Favoriten f\u00fcr einen aktiven Lifestyle, Pflegeset mit\u2026"},"content":{"rendered":"<p>Praktisches Set \u2013 Die NIVEA MEN Strong Power Geschenkbox enth\u00e4lt das Power-Quartett f\u00fcr einen aktiven Lifestyle mit Pflegedusche, Shampoo und Deo und Labello.<br \/>\nStrong Power \u2013 Das NIVEA MEN Strong Power Shampoo mit Meeresmineralien reinigt mild und st\u00e4rkt kraftloses und plattes Haar sp\u00fcrbar bei jeder Anwendung.<br \/>\nFresh Ocean \u2013 Das NIVEA MEN Duschgel mit Meeresmineralien pflegt und reinigt die Haut sanft und verleiht Gesicht, K\u00f6rper und Haar langanhaltende Frische.<br \/>\nDry Active \u2013 Die hocheffektive Dual-Active-Formel des Deo Sprays sch\u00fctzt 72h vor Achseln\u00e4sse und unangenehmem K\u00f6rpergeruch: f\u00fcr ein trockenes Hautgef\u00fchl.<br \/>\nLieferumfang &amp; Details \u2013 NIVEA MEN Strong Power Set, Fresh Ocean Duschgel (250 ml), Strong Power Shampoo (250 ml), Dry Active Deo Spray (150 ml), Labello Active for Men (5,5 ml), Artikelnr. 93360<br \/>\n<div class=\"main-cross-sell\" data-asin=\"B0B88L1Z69\">\n\n\t<div class=\"WooZone-cross-sell-loader\">\n\t\t<div>\n\t\t\t<div id=\"floatingBarsG\">\n\t\t\t\t<div class=\"blockG\" id=\"rotateG_01\"><\/div>\n\t\t\t\t<div class=\"blockG\" id=\"rotateG_02\"><\/div>\n\t\t\t\t<div class=\"blockG\" id=\"rotateG_03\"><\/div>\n\t\t\t\t<div class=\"blockG\" id=\"rotateG_04\"><\/div>\n\t\t\t\t<div class=\"blockG\" id=\"rotateG_05\"><\/div>\n\t\t\t\t<div class=\"blockG\" id=\"rotateG_06\"><\/div>\n\t\t\t\t<div class=\"blockG\" id=\"rotateG_07\"><\/div>\n\t\t\t\t<div class=\"blockG\" id=\"rotateG_08\"><\/div>\n\t\t\t<\/div>\n\t\t\t<div class=\"WooZone-cross-sell-loader-text\"><\/div>\n\t\t<\/div>\n\t<\/div>\n\n\t\t\n<\/div>\n<div style=\"clear:both;\"><\/div><\/p>\n","protected":false},"excerpt":{"rendered":"<p>Praktisches Set \u2013 Die NIVEA MEN Strong Power Geschenkbox enth\u00e4lt das Power-Quartett f\u00fcr einen aktiven Lifestyle mit Pflegedusche, Shampoo und Deo und Labello.<br \/>\nStrong Power \u2013 Das NIVEA MEN Strong Power Shampoo mit Meeresmineralien reinigt mild und st\u00e4rkt kraftloses und plattes Haar sp\u00fcrbar bei jeder Anwendung.<br \/>\nFresh Ocean \u2013 Das NIVEA MEN Duschgel mit Meeresmineralien pflegt und reinigt die Haut sanft und verleiht Gesicht, K\u00f6rper und Haar langanhaltende Frische.<\/p>\n","protected":false},"featured_media":171630,"comment_status":"open","ping_status":"closed","template":"","meta":[],"product_brand":[],"product_cat":[2858,7067],"product_tag":[],"class_list":{"0":"post-171629","1":"product","2":"type-product","3":"status-publish","4":"has-post-thumbnail","6":"product_cat-beauty","7":"product_cat-hautpflege","8":"pa_binding-badartikel","9":"pa_brand-nivea","10":"pa_color-blau","11":"pa_height-8-2677-zoll","12":"pa_length-6-10235-zoll","13":"pa_manufacturer-beiersdorf-ag","14":"pa_width-2-04724-zoll","16":"first","17":"instock","18":"shipping-taxable","19":"purchasable","20":"product-type-simple","21":"customify-col","22":"product-has-gallery"},"yoast_head":"<!-- This site is optimized with the Yoast SEO plugin v27.4 - https:\/\/yoast.com\/product\/yoast-seo-wordpress\/ -->\n<title>NIVEA MEN Strong Power Geschenkset, Geschenkbox mit starken Pflege-Favoriten f\u00fcr einen aktiven Lifestyle, Pflegeset mit\u2026 - Markt-XXL<\/title>\n<meta name=\"description\" content=\"Markt-XXL NIVEA MEN Strong Power Geschenkset, Geschenkbox mit starken Pflege-Favoriten f\u00fcr einen aktiven Lifestyle, Pflegeset mit\u2026\" \/>\n<meta name=\"robots\" content=\"index, follow, max-snippet:-1, max-image-preview:large, max-video-preview:-1\" \/>\n<link rel=\"canonical\" href=\"https:\/\/marktxxl.de\/markt\/produkt\/nivea-men-strong-power-geschenkset-geschenkbox-mit-starken-pflege-favoriten-fuer-einen-aktiven-lifestyle-pflegeset-mit-duschgel-shampoo-deo-und-labello-for-men\/\" \/>\n<meta property=\"og:locale\" content=\"de_DE\" \/>\n<meta property=\"og:type\" content=\"article\" \/>\n<meta property=\"og:title\" content=\"NIVEA MEN Strong Power Geschenkset, Geschenkbox mit starken Pflege-Favoriten f\u00fcr einen aktiven Lifestyle, Pflegeset mit\u2026 - Markt-XXL\" \/>\n<meta property=\"og:description\" content=\"Markt-XXL NIVEA MEN Strong Power Geschenkset, Geschenkbox mit starken Pflege-Favoriten f\u00fcr einen aktiven Lifestyle, Pflegeset mit\u2026\" \/>\n<meta property=\"og:url\" content=\"https:\/\/marktxxl.de\/markt\/produkt\/nivea-men-strong-power-geschenkset-geschenkbox-mit-starken-pflege-favoriten-fuer-einen-aktiven-lifestyle-pflegeset-mit-duschgel-shampoo-deo-und-labello-for-men\/\" \/>\n<meta property=\"og:site_name\" content=\"Markt-XXL\" \/>\n<meta property=\"article:modified_time\" content=\"2023-04-09T02:41:22+00:00\" \/>\n<meta property=\"og:image\" content=\"https:\/\/m.media-amazon.com\/images\/I\/41t5SyTuUvL._SL500_.jpg\" \/>\n\t<meta property=\"og:image:width\" content=\"428\" \/>\n\t<meta property=\"og:image:height\" content=\"500\" \/>\n\t<meta property=\"og:image:type\" content=\"image\/jpeg\" \/>\n<meta name=\"twitter:card\" content=\"summary_large_image\" \/>\n<meta name=\"twitter:label1\" content=\"Gesch\u00e4tzte Lesezeit\" \/>\n\t<meta name=\"twitter:data1\" content=\"1\u00a0Minute\" \/>\n<script type=\"application\/ld+json\" class=\"yoast-schema-graph\">{\"@context\":\"https:\\\/\\\/schema.org\",\"@graph\":[{\"@type\":\"WebPage\",\"@id\":\"https:\\\/\\\/marktxxl.de\\\/markt\\\/produkt\\\/nivea-men-strong-power-geschenkset-geschenkbox-mit-starken-pflege-favoriten-fuer-einen-aktiven-lifestyle-pflegeset-mit-duschgel-shampoo-deo-und-labello-for-men\\\/\",\"url\":\"https:\\\/\\\/marktxxl.de\\\/markt\\\/produkt\\\/nivea-men-strong-power-geschenkset-geschenkbox-mit-starken-pflege-favoriten-fuer-einen-aktiven-lifestyle-pflegeset-mit-duschgel-shampoo-deo-und-labello-for-men\\\/\",\"name\":\"NIVEA MEN Strong Power Geschenkset, Geschenkbox mit starken Pflege-Favoriten f\u00fcr einen aktiven Lifestyle, Pflegeset mit\u2026 - Markt-XXL\",\"isPartOf\":{\"@id\":\"https:\\\/\\\/marktxxl.de\\\/markt\\\/#website\"},\"primaryImageOfPage\":{\"@id\":\"https:\\\/\\\/marktxxl.de\\\/markt\\\/produkt\\\/nivea-men-strong-power-geschenkset-geschenkbox-mit-starken-pflege-favoriten-fuer-einen-aktiven-lifestyle-pflegeset-mit-duschgel-shampoo-deo-und-labello-for-men\\\/#primaryimage\"},\"image\":{\"@id\":\"https:\\\/\\\/marktxxl.de\\\/markt\\\/produkt\\\/nivea-men-strong-power-geschenkset-geschenkbox-mit-starken-pflege-favoriten-fuer-einen-aktiven-lifestyle-pflegeset-mit-duschgel-shampoo-deo-und-labello-for-men\\\/#primaryimage\"},\"thumbnailUrl\":\"https:\\\/\\\/m.media-amazon.com\\\/images\\\/I\\\/41t5SyTuUvL._SL500_.jpg\",\"datePublished\":\"2022-12-11T01:10:55+00:00\",\"dateModified\":\"2023-04-09T02:41:22+00:00\",\"description\":\"Markt-XXL NIVEA MEN Strong Power Geschenkset, Geschenkbox mit starken Pflege-Favoriten f\u00fcr einen aktiven Lifestyle, Pflegeset mit\u2026\",\"breadcrumb\":{\"@id\":\"https:\\\/\\\/marktxxl.de\\\/markt\\\/produkt\\\/nivea-men-strong-power-geschenkset-geschenkbox-mit-starken-pflege-favoriten-fuer-einen-aktiven-lifestyle-pflegeset-mit-duschgel-shampoo-deo-und-labello-for-men\\\/#breadcrumb\"},\"inLanguage\":\"de\",\"potentialAction\":[{\"@type\":\"ReadAction\",\"target\":[\"https:\\\/\\\/marktxxl.de\\\/markt\\\/produkt\\\/nivea-men-strong-power-geschenkset-geschenkbox-mit-starken-pflege-favoriten-fuer-einen-aktiven-lifestyle-pflegeset-mit-duschgel-shampoo-deo-und-labello-for-men\\\/\"]}]},{\"@type\":\"ImageObject\",\"inLanguage\":\"de\",\"@id\":\"https:\\\/\\\/marktxxl.de\\\/markt\\\/produkt\\\/nivea-men-strong-power-geschenkset-geschenkbox-mit-starken-pflege-favoriten-fuer-einen-aktiven-lifestyle-pflegeset-mit-duschgel-shampoo-deo-und-labello-for-men\\\/#primaryimage\",\"url\":\"https:\\\/\\\/m.media-amazon.com\\\/images\\\/I\\\/41t5SyTuUvL._SL500_.jpg\",\"contentUrl\":\"https:\\\/\\\/m.media-amazon.com\\\/images\\\/I\\\/41t5SyTuUvL._SL500_.jpg\",\"width\":428,\"height\":500},{\"@type\":\"BreadcrumbList\",\"@id\":\"https:\\\/\\\/marktxxl.de\\\/markt\\\/produkt\\\/nivea-men-strong-power-geschenkset-geschenkbox-mit-starken-pflege-favoriten-fuer-einen-aktiven-lifestyle-pflegeset-mit-duschgel-shampoo-deo-und-labello-for-men\\\/#breadcrumb\",\"itemListElement\":[{\"@type\":\"ListItem\",\"position\":1,\"name\":\"Startseite\",\"item\":\"https:\\\/\\\/marktxxl.de\\\/markt\\\/\"},{\"@type\":\"ListItem\",\"position\":2,\"name\":\"Markt\",\"item\":\"https:\\\/\\\/marktxxl.de\\\/markt\\\/\"},{\"@type\":\"ListItem\",\"position\":3,\"name\":\"NIVEA MEN Strong Power Geschenkset, Geschenkbox mit starken Pflege-Favoriten f\u00fcr einen aktiven Lifestyle, Pflegeset mit\u2026\"}]},{\"@type\":\"WebSite\",\"@id\":\"https:\\\/\\\/marktxxl.de\\\/markt\\\/#website\",\"url\":\"https:\\\/\\\/marktxxl.de\\\/markt\\\/\",\"name\":\"Markt-XXL\",\"description\":\"Ihr Markt Online\",\"publisher\":{\"@id\":\"https:\\\/\\\/marktxxl.de\\\/markt\\\/#organization\"},\"potentialAction\":[{\"@type\":\"SearchAction\",\"target\":{\"@type\":\"EntryPoint\",\"urlTemplate\":\"https:\\\/\\\/marktxxl.de\\\/markt\\\/?s={search_term_string}\"},\"query-input\":{\"@type\":\"PropertyValueSpecification\",\"valueRequired\":true,\"valueName\":\"search_term_string\"}}],\"inLanguage\":\"de\"},{\"@type\":\"Organization\",\"@id\":\"https:\\\/\\\/marktxxl.de\\\/markt\\\/#organization\",\"name\":\"Markt-XXL\",\"url\":\"https:\\\/\\\/marktxxl.de\\\/markt\\\/\",\"logo\":{\"@type\":\"ImageObject\",\"inLanguage\":\"de\",\"@id\":\"https:\\\/\\\/marktxxl.de\\\/markt\\\/#\\\/schema\\\/logo\\\/image\\\/\",\"url\":\"https:\\\/\\\/marktxxl.de\\\/markt\\\/wp-content\\\/uploads\\\/sites\\\/3\\\/2020\\\/12\\\/logo.png\",\"contentUrl\":\"https:\\\/\\\/marktxxl.de\\\/markt\\\/wp-content\\\/uploads\\\/sites\\\/3\\\/2020\\\/12\\\/logo.png\",\"width\":200,\"height\":70,\"caption\":\"Markt-XXL\"},\"image\":{\"@id\":\"https:\\\/\\\/marktxxl.de\\\/markt\\\/#\\\/schema\\\/logo\\\/image\\\/\"}}]}<\/script>\n<!-- \/ Yoast SEO plugin. -->","yoast_head_json":{"title":"NIVEA MEN Strong Power Geschenkset, Geschenkbox mit starken Pflege-Favoriten f\u00fcr einen aktiven Lifestyle, Pflegeset mit\u2026 - Markt-XXL","description":"Markt-XXL NIVEA MEN Strong Power Geschenkset, Geschenkbox mit starken Pflege-Favoriten f\u00fcr einen aktiven Lifestyle, Pflegeset mit\u2026","robots":{"index":"index","follow":"follow","max-snippet":"max-snippet:-1","max-image-preview":"max-image-preview:large","max-video-preview":"max-video-preview:-1"},"canonical":"https:\/\/marktxxl.de\/markt\/produkt\/nivea-men-strong-power-geschenkset-geschenkbox-mit-starken-pflege-favoriten-fuer-einen-aktiven-lifestyle-pflegeset-mit-duschgel-shampoo-deo-und-labello-for-men\/","og_locale":"de_DE","og_type":"article","og_title":"NIVEA MEN Strong Power Geschenkset, Geschenkbox mit starken Pflege-Favoriten f\u00fcr einen aktiven Lifestyle, Pflegeset mit\u2026 - Markt-XXL","og_description":"Markt-XXL NIVEA MEN Strong Power Geschenkset, Geschenkbox mit starken Pflege-Favoriten f\u00fcr einen aktiven Lifestyle, Pflegeset mit\u2026","og_url":"https:\/\/marktxxl.de\/markt\/produkt\/nivea-men-strong-power-geschenkset-geschenkbox-mit-starken-pflege-favoriten-fuer-einen-aktiven-lifestyle-pflegeset-mit-duschgel-shampoo-deo-und-labello-for-men\/","og_site_name":"Markt-XXL","article_modified_time":"2023-04-09T02:41:22+00:00","og_image":[{"width":428,"height":500,"url":"https:\/\/m.media-amazon.com\/images\/I\/41t5SyTuUvL._SL500_.jpg","type":"image\/jpeg"}],"twitter_card":"summary_large_image","twitter_misc":{"Gesch\u00e4tzte Lesezeit":"1\u00a0Minute"},"schema":{"@context":"https:\/\/schema.org","@graph":[{"@type":"WebPage","@id":"https:\/\/marktxxl.de\/markt\/produkt\/nivea-men-strong-power-geschenkset-geschenkbox-mit-starken-pflege-favoriten-fuer-einen-aktiven-lifestyle-pflegeset-mit-duschgel-shampoo-deo-und-labello-for-men\/","url":"https:\/\/marktxxl.de\/markt\/produkt\/nivea-men-strong-power-geschenkset-geschenkbox-mit-starken-pflege-favoriten-fuer-einen-aktiven-lifestyle-pflegeset-mit-duschgel-shampoo-deo-und-labello-for-men\/","name":"NIVEA MEN Strong Power Geschenkset, Geschenkbox mit starken Pflege-Favoriten f\u00fcr einen aktiven Lifestyle, Pflegeset mit\u2026 - Markt-XXL","isPartOf":{"@id":"https:\/\/marktxxl.de\/markt\/#website"},"primaryImageOfPage":{"@id":"https:\/\/marktxxl.de\/markt\/produkt\/nivea-men-strong-power-geschenkset-geschenkbox-mit-starken-pflege-favoriten-fuer-einen-aktiven-lifestyle-pflegeset-mit-duschgel-shampoo-deo-und-labello-for-men\/#primaryimage"},"image":{"@id":"https:\/\/marktxxl.de\/markt\/produkt\/nivea-men-strong-power-geschenkset-geschenkbox-mit-starken-pflege-favoriten-fuer-einen-aktiven-lifestyle-pflegeset-mit-duschgel-shampoo-deo-und-labello-for-men\/#primaryimage"},"thumbnailUrl":"https:\/\/m.media-amazon.com\/images\/I\/41t5SyTuUvL._SL500_.jpg","datePublished":"2022-12-11T01:10:55+00:00","dateModified":"2023-04-09T02:41:22+00:00","description":"Markt-XXL NIVEA MEN Strong Power Geschenkset, Geschenkbox mit starken Pflege-Favoriten f\u00fcr einen aktiven Lifestyle, Pflegeset mit\u2026","breadcrumb":{"@id":"https:\/\/marktxxl.de\/markt\/produkt\/nivea-men-strong-power-geschenkset-geschenkbox-mit-starken-pflege-favoriten-fuer-einen-aktiven-lifestyle-pflegeset-mit-duschgel-shampoo-deo-und-labello-for-men\/#breadcrumb"},"inLanguage":"de","potentialAction":[{"@type":"ReadAction","target":["https:\/\/marktxxl.de\/markt\/produkt\/nivea-men-strong-power-geschenkset-geschenkbox-mit-starken-pflege-favoriten-fuer-einen-aktiven-lifestyle-pflegeset-mit-duschgel-shampoo-deo-und-labello-for-men\/"]}]},{"@type":"ImageObject","inLanguage":"de","@id":"https:\/\/marktxxl.de\/markt\/produkt\/nivea-men-strong-power-geschenkset-geschenkbox-mit-starken-pflege-favoriten-fuer-einen-aktiven-lifestyle-pflegeset-mit-duschgel-shampoo-deo-und-labello-for-men\/#primaryimage","url":"https:\/\/m.media-amazon.com\/images\/I\/41t5SyTuUvL._SL500_.jpg","contentUrl":"https:\/\/m.media-amazon.com\/images\/I\/41t5SyTuUvL._SL500_.jpg","width":428,"height":500},{"@type":"BreadcrumbList","@id":"https:\/\/marktxxl.de\/markt\/produkt\/nivea-men-strong-power-geschenkset-geschenkbox-mit-starken-pflege-favoriten-fuer-einen-aktiven-lifestyle-pflegeset-mit-duschgel-shampoo-deo-und-labello-for-men\/#breadcrumb","itemListElement":[{"@type":"ListItem","position":1,"name":"Startseite","item":"https:\/\/marktxxl.de\/markt\/"},{"@type":"ListItem","position":2,"name":"Markt","item":"https:\/\/marktxxl.de\/markt\/"},{"@type":"ListItem","position":3,"name":"NIVEA MEN Strong Power Geschenkset, Geschenkbox mit starken Pflege-Favoriten f\u00fcr einen aktiven Lifestyle, Pflegeset mit\u2026"}]},{"@type":"WebSite","@id":"https:\/\/marktxxl.de\/markt\/#website","url":"https:\/\/marktxxl.de\/markt\/","name":"Markt-XXL","description":"Ihr Markt Online","publisher":{"@id":"https:\/\/marktxxl.de\/markt\/#organization"},"potentialAction":[{"@type":"SearchAction","target":{"@type":"EntryPoint","urlTemplate":"https:\/\/marktxxl.de\/markt\/?s={search_term_string}"},"query-input":{"@type":"PropertyValueSpecification","valueRequired":true,"valueName":"search_term_string"}}],"inLanguage":"de"},{"@type":"Organization","@id":"https:\/\/marktxxl.de\/markt\/#organization","name":"Markt-XXL","url":"https:\/\/marktxxl.de\/markt\/","logo":{"@type":"ImageObject","inLanguage":"de","@id":"https:\/\/marktxxl.de\/markt\/#\/schema\/logo\/image\/","url":"https:\/\/marktxxl.de\/markt\/wp-content\/uploads\/sites\/3\/2020\/12\/logo.png","contentUrl":"https:\/\/marktxxl.de\/markt\/wp-content\/uploads\/sites\/3\/2020\/12\/logo.png","width":200,"height":70,"caption":"Markt-XXL"},"image":{"@id":"https:\/\/marktxxl.de\/markt\/#\/schema\/logo\/image\/"}}]}},"_links":{"self":[{"href":"https:\/\/marktxxl.de\/markt\/wp-json\/wp\/v2\/product\/171629","targetHints":{"allow":["GET"]}}],"collection":[{"href":"https:\/\/marktxxl.de\/markt\/wp-json\/wp\/v2\/product"}],"about":[{"href":"https:\/\/marktxxl.de\/markt\/wp-json\/wp\/v2\/types\/product"}],"replies":[{"embeddable":true,"href":"https:\/\/marktxxl.de\/markt\/wp-json\/wp\/v2\/comments?post=171629"}],"wp:featuredmedia":[{"embeddable":true,"href":"https:\/\/marktxxl.de\/markt\/wp-json\/wp\/v2\/media\/171630"}],"wp:attachment":[{"href":"https:\/\/marktxxl.de\/markt\/wp-json\/wp\/v2\/media?parent=171629"}],"wp:term":[{"taxonomy":"product_brand","embeddable":true,"href":"https:\/\/marktxxl.de\/markt\/wp-json\/wp\/v2\/product_brand?post=171629"},{"taxonomy":"product_cat","embeddable":true,"href":"https:\/\/marktxxl.de\/markt\/wp-json\/wp\/v2\/product_cat?post=171629"},{"taxonomy":"product_tag","embeddable":true,"href":"https:\/\/marktxxl.de\/markt\/wp-json\/wp\/v2\/product_tag?post=171629"}],"curies":[{"name":"wp","href":"https:\/\/api.w.org\/{rel}","templated":true}]}}