{"id":171382,"date":"2022-12-11T01:46:49","date_gmt":"2022-12-11T00:46:49","guid":{"rendered":"https:\/\/marktxxl.de\/markt\/produkt\/oma-opa-ddr-waren-24x-fuer-oma-opa\/"},"modified":"2023-04-11T04:58:32","modified_gmt":"2023-04-11T02:58:32","slug":"oma-opa-ddr-waren-24x-fuer-oma-opa","status":"publish","type":"product","link":"https:\/\/marktxxl.de\/markt\/produkt\/oma-opa-ddr-waren-24x-fuer-oma-opa\/","title":{"rendered":"F\u00fcr Oma &amp; Opa \/ DDR Waren 24tlg. \/ Geschenkideen Gro\u00dfeltern"},"content":{"rendered":"<p>24 OSTPRODUKTE in GESCHENK BOX: Trabi Puffreis Schokolade, Wikana Butterkeks Wittenberger, Pfeffi 5 Stangen, Liebesperlen Babyfl\u00e4schchen 70g, Eierpieker Eierstecher, Eierl\u00f6ffel 2St\u00fcck, Crottendorfer R\u00e4ucherkerzen, Viba Nougat Stange, Kleiner Maulwurf Schokot\u00e4felchen, Zitronenkissen Viba, Chokis Sandmann + Co., Grie\u00dfbrei Komet, Flaschen\u00f6ffner &#8220;Faust&#8221;, Rote Gr\u00fctze Komet, Aufkleber Schriftzug &#8220;DDR&#8221;, Held der Arbeit Button, Doppelkeks Mini Kakaocreme Wikinger, Pfeffi Lik\u00f6r, Kr\u00fcgerol Halsbonbons..<br \/>\n&#8230;Seifenbeutel Perligran, Eierbecher Huhnform, Brausepulver 2 T\u00fctchen, Rotk\u00e4ppchen Sekt Piccolo, Erichs Rache Lik\u00f6r 40ml. &#8211; Inkl. anlassbezogene Geschenkverpackung(wiederverschlie\u00dfbar). WEITERE PR\u00c4SENTK\u00d6RBE: Bei uns gibt es viele weitere Ideen f\u00fcr DDR-Pr\u00e4sentk\u00f6rbe gef\u00fcllt mit Ostprodukten. Unsere Ostpakete sind genau das Richtige f\u00fcr Geburtstag oder Weihnachten. Dazu neben dem \u201eOssi-Shop\u201c eine breite Palette an Geschenkideen. Geschenkk\u00f6rbe, Ostpakete und Geschenksets f\u00fcr jeden Anlass<br \/>\nGRATIS DDR KOCHBUCH: B\u00fcchlein im handlichen A6 Format (114 S., UPV 3,99\u20ac), festes Cover. Auf geht\u2019s zur kulinarischen Zeitreise mit dem DDR Kochbuch. Mit gro\u00dfem Einfallsreichtum meisterten die \u201eDDR Hausfrauen\u201c so manchen Versorgungsengpass und zauberten eine ganze Reihe leckerer Gerichte, die wir heute nicht missen m\u00f6chten. \u00dcber 40 neu fotografierte K\u00f6stlichkeiten mit leicht verst\u00e4ndlichen Anleitungen zum Nachkochen: Soljanka, Letscho, Senfeier, Kalter Hund und Quarkkeulchen &#8211; Guten Appetit!<br \/>\n24h LIEFERUNG: **Bestellungen werden werktags innerhalb von max. 24h in den DHL-Versand gegeben** GRATIS: Zu jeder Lieferung erhalten Sie die angezeigte DDR Geschenkkarte + \u00dcber 1000 weitere DDR Geschenkideen in unserem H\u00e4ndlershop + Geschenkboxen sind wiederverschlie\u00dfbar \u2013 legen Sie noch individuelle Geschenkideen dazu! + viele weitere Ostprodukte und Ossiartikel + Ihr Geschenkespezialist f\u00fcr DDR-Produkte + Ostprodukte Versand seit 2003 Deutschlands Nummer 1 f\u00fcr Ostalgie<br \/>\nAuch bei Amazon erh\u00e4ltlich: Geschenke f\u00fcr Oma und Opa, Geschenke f\u00fcr Oma und Opa, Geschenke Ideen Gro\u00dfeltern, Geschenke Ideen f\u00fcr Gro\u00dfeltern, Geschenkideen Gro\u00dfeltern, Geschenkideen f\u00fcr die Gro\u00dfeltern, Geschenkideen f\u00fcr Gro\u00dfeltern, Geschenkideen f\u00fcr Oma und Opa, Geschenkideen f\u00fcr Oma und Opa, Geschenkideen Oma und Opa, Geschenkset Gro\u00dfeltern, Geschenktipps f\u00fcr die Gro\u00dfeltern, Geschenktipps f\u00fcr Gro\u00dfeltern, gute Geschenke f\u00fcr die Gro\u00dfeltern, gute Geschenke f\u00fcr Gro\u00dfeltern<br \/>\n<div class=\"main-cross-sell\" data-asin=\"B07RHV48BY\">\n\n\t<div class=\"WooZone-cross-sell-loader\">\n\t\t<div>\n\t\t\t<div id=\"floatingBarsG\">\n\t\t\t\t<div class=\"blockG\" id=\"rotateG_01\"><\/div>\n\t\t\t\t<div class=\"blockG\" id=\"rotateG_02\"><\/div>\n\t\t\t\t<div class=\"blockG\" id=\"rotateG_03\"><\/div>\n\t\t\t\t<div class=\"blockG\" id=\"rotateG_04\"><\/div>\n\t\t\t\t<div class=\"blockG\" id=\"rotateG_05\"><\/div>\n\t\t\t\t<div class=\"blockG\" id=\"rotateG_06\"><\/div>\n\t\t\t\t<div class=\"blockG\" id=\"rotateG_07\"><\/div>\n\t\t\t\t<div class=\"blockG\" id=\"rotateG_08\"><\/div>\n\t\t\t<\/div>\n\t\t\t<div class=\"WooZone-cross-sell-loader-text\"><\/div>\n\t\t<\/div>\n\t<\/div>\n\n\t\t\n<\/div>\n<div style=\"clear:both;\"><\/div><\/p>\n","protected":false},"excerpt":{"rendered":"<p>24 OSTPRODUKTE in GESCHENK BOX: Trabi Puffreis Schokolade, Wikana Butterkeks Wittenberger, Pfeffi 5 Stangen, Liebesperlen Babyfl\u00e4schchen 70g, Eierpieker Eierstecher, Eierl\u00f6ffel 2St\u00fcck, Crottendorfer R\u00e4ucherkerzen, Viba Nougat Stange, Kleiner Maulwurf Schokot\u00e4felchen, Zitronenkissen Viba, Chokis Sandmann + Co., Grie\u00dfbrei Komet, Flaschen\u00f6ffner &#8220;Faust&#8221;, Rote Gr\u00fctze Komet, Aufkleber Schriftzug &#8220;DDR&#8221;, Held der Arbeit Button, Doppelkeks Mini Kakaocreme Wikinger, Pfeffi Lik\u00f6r, Kr\u00fcgerol Halsbonbons..<br \/>\n&#8230;Seifenbeutel Perligran, Eierbecher Huhnform, Brausepulver 2 T\u00fctchen, Rotk\u00e4ppchen Sekt Piccolo, Erichs Rache Lik\u00f6r 40ml. &#8211; Inkl. anlassbezogene Geschenkverpackung(wiederverschlie\u00dfbar). WEITERE PR\u00c4SENTK\u00d6RBE: Bei uns gibt es viele weitere Ideen f\u00fcr DDR-Pr\u00e4sentk\u00f6rbe gef\u00fcllt mit Ostprodukten. Unsere Ostpakete sind genau das Richtige f\u00fcr Geburtstag oder Weihnachten. Dazu neben dem \u201eOssi-Shop\u201c eine breite Palette an Geschenkideen. Geschenkk\u00f6rbe, Ostpakete und Geschenksets f\u00fcr jeden Anlass<br \/>\nGRATIS DDR KOCHBUCH: B\u00fcchlein im handlichen A6 Format (114 S., UPV 3,99\u20ac), festes Cover. Auf geht\u2019s zur kulinarischen Zeitreise mit dem DDR Kochbuch. Mit gro\u00dfem Einfallsreichtum meisterten die \u201eDDR Hausfrauen\u201c so manchen Versorgungsengpass und zauberten eine ganze Reihe leckerer Gerichte, die wir heute nicht missen m\u00f6chten. \u00dcber 40 neu fotografierte K\u00f6stlichkeiten mit leicht verst\u00e4ndlichen Anleitungen zum Nachkochen: Soljanka, Letscho, Senfeier, Kalter Hund und Quarkkeulchen &#8211; Guten Appetit!<\/p>\n","protected":false},"featured_media":171383,"comment_status":"open","ping_status":"closed","template":"","meta":[],"product_brand":[],"product_cat":[2858,6632],"product_tag":[],"class_list":{"0":"post-171382","1":"product","2":"type-product","3":"status-publish","4":"has-post-thumbnail","6":"product_cat-beauty","7":"product_cat-beauty-pflegesets","8":"pa_brand-ostprodukte-versand-de","9":"pa_manufacturer-ostprodukte-versand-de","11":"first","12":"instock","13":"shipping-taxable","14":"purchasable","15":"product-type-simple","16":"customify-col","17":"product-has-gallery"},"yoast_head":"<!-- This site is optimized with the Yoast SEO plugin v27.3 - https:\/\/yoast.com\/product\/yoast-seo-wordpress\/ -->\n<title>F\u00fcr Oma &amp; Opa \/ DDR Waren 24tlg. \/ Geschenkideen Gro\u00dfeltern - Markt-XXL<\/title>\n<meta name=\"description\" content=\"Markt-XXL F\u00fcr Oma &amp; Opa \/ DDR Waren 24tlg. \/ Geschenkideen Gro\u00dfeltern\" \/>\n<meta name=\"robots\" content=\"index, follow, max-snippet:-1, max-image-preview:large, max-video-preview:-1\" \/>\n<link rel=\"canonical\" href=\"https:\/\/marktxxl.de\/markt\/produkt\/oma-opa-ddr-waren-24x-fuer-oma-opa\/\" \/>\n<meta property=\"og:locale\" content=\"de_DE\" \/>\n<meta property=\"og:type\" content=\"article\" \/>\n<meta property=\"og:title\" content=\"F\u00fcr Oma &amp; Opa \/ DDR Waren 24tlg. \/ Geschenkideen Gro\u00dfeltern - Markt-XXL\" \/>\n<meta property=\"og:description\" content=\"Markt-XXL F\u00fcr Oma &amp; Opa \/ DDR Waren 24tlg. \/ Geschenkideen Gro\u00dfeltern\" \/>\n<meta property=\"og:url\" content=\"https:\/\/marktxxl.de\/markt\/produkt\/oma-opa-ddr-waren-24x-fuer-oma-opa\/\" \/>\n<meta property=\"og:site_name\" content=\"Markt-XXL\" \/>\n<meta property=\"article:modified_time\" content=\"2023-04-11T02:58:32+00:00\" \/>\n<meta property=\"og:image\" content=\"https:\/\/m.media-amazon.com\/images\/I\/61jeHDEhyVL._SL500_.jpg\" \/>\n\t<meta property=\"og:image:width\" content=\"500\" \/>\n\t<meta property=\"og:image:height\" content=\"500\" \/>\n\t<meta property=\"og:image:type\" content=\"image\/jpeg\" \/>\n<meta name=\"twitter:card\" content=\"summary_large_image\" \/>\n<meta name=\"twitter:label1\" content=\"Gesch\u00e4tzte Lesezeit\" \/>\n\t<meta name=\"twitter:data1\" content=\"2\u00a0Minuten\" \/>\n<script type=\"application\/ld+json\" class=\"yoast-schema-graph\">{\"@context\":\"https:\\\/\\\/schema.org\",\"@graph\":[{\"@type\":\"WebPage\",\"@id\":\"https:\\\/\\\/marktxxl.de\\\/markt\\\/produkt\\\/oma-opa-ddr-waren-24x-fuer-oma-opa\\\/\",\"url\":\"https:\\\/\\\/marktxxl.de\\\/markt\\\/produkt\\\/oma-opa-ddr-waren-24x-fuer-oma-opa\\\/\",\"name\":\"F\u00fcr Oma &amp; Opa \\\/ DDR Waren 24tlg. \\\/ Geschenkideen Gro\u00dfeltern - Markt-XXL\",\"isPartOf\":{\"@id\":\"https:\\\/\\\/marktxxl.de\\\/markt\\\/#website\"},\"primaryImageOfPage\":{\"@id\":\"https:\\\/\\\/marktxxl.de\\\/markt\\\/produkt\\\/oma-opa-ddr-waren-24x-fuer-oma-opa\\\/#primaryimage\"},\"image\":{\"@id\":\"https:\\\/\\\/marktxxl.de\\\/markt\\\/produkt\\\/oma-opa-ddr-waren-24x-fuer-oma-opa\\\/#primaryimage\"},\"thumbnailUrl\":\"https:\\\/\\\/m.media-amazon.com\\\/images\\\/I\\\/61jeHDEhyVL._SL500_.jpg\",\"datePublished\":\"2022-12-11T00:46:49+00:00\",\"dateModified\":\"2023-04-11T02:58:32+00:00\",\"description\":\"Markt-XXL F\u00fcr Oma &amp; Opa \\\/ DDR Waren 24tlg. \\\/ Geschenkideen Gro\u00dfeltern\",\"breadcrumb\":{\"@id\":\"https:\\\/\\\/marktxxl.de\\\/markt\\\/produkt\\\/oma-opa-ddr-waren-24x-fuer-oma-opa\\\/#breadcrumb\"},\"inLanguage\":\"de\",\"potentialAction\":[{\"@type\":\"ReadAction\",\"target\":[\"https:\\\/\\\/marktxxl.de\\\/markt\\\/produkt\\\/oma-opa-ddr-waren-24x-fuer-oma-opa\\\/\"]}]},{\"@type\":\"ImageObject\",\"inLanguage\":\"de\",\"@id\":\"https:\\\/\\\/marktxxl.de\\\/markt\\\/produkt\\\/oma-opa-ddr-waren-24x-fuer-oma-opa\\\/#primaryimage\",\"url\":\"https:\\\/\\\/m.media-amazon.com\\\/images\\\/I\\\/61jeHDEhyVL._SL500_.jpg\",\"contentUrl\":\"https:\\\/\\\/m.media-amazon.com\\\/images\\\/I\\\/61jeHDEhyVL._SL500_.jpg\",\"width\":500,\"height\":500},{\"@type\":\"BreadcrumbList\",\"@id\":\"https:\\\/\\\/marktxxl.de\\\/markt\\\/produkt\\\/oma-opa-ddr-waren-24x-fuer-oma-opa\\\/#breadcrumb\",\"itemListElement\":[{\"@type\":\"ListItem\",\"position\":1,\"name\":\"Startseite\",\"item\":\"https:\\\/\\\/marktxxl.de\\\/markt\\\/\"},{\"@type\":\"ListItem\",\"position\":2,\"name\":\"Markt\",\"item\":\"https:\\\/\\\/marktxxl.de\\\/markt\\\/\"},{\"@type\":\"ListItem\",\"position\":3,\"name\":\"F\u00fcr Oma &amp; Opa \\\/ DDR Waren 24tlg. \\\/ Geschenkideen Gro\u00dfeltern\"}]},{\"@type\":\"WebSite\",\"@id\":\"https:\\\/\\\/marktxxl.de\\\/markt\\\/#website\",\"url\":\"https:\\\/\\\/marktxxl.de\\\/markt\\\/\",\"name\":\"Markt-XXL\",\"description\":\"Ihr Markt Online\",\"publisher\":{\"@id\":\"https:\\\/\\\/marktxxl.de\\\/markt\\\/#organization\"},\"potentialAction\":[{\"@type\":\"SearchAction\",\"target\":{\"@type\":\"EntryPoint\",\"urlTemplate\":\"https:\\\/\\\/marktxxl.de\\\/markt\\\/?s={search_term_string}\"},\"query-input\":{\"@type\":\"PropertyValueSpecification\",\"valueRequired\":true,\"valueName\":\"search_term_string\"}}],\"inLanguage\":\"de\"},{\"@type\":\"Organization\",\"@id\":\"https:\\\/\\\/marktxxl.de\\\/markt\\\/#organization\",\"name\":\"Markt-XXL\",\"url\":\"https:\\\/\\\/marktxxl.de\\\/markt\\\/\",\"logo\":{\"@type\":\"ImageObject\",\"inLanguage\":\"de\",\"@id\":\"https:\\\/\\\/marktxxl.de\\\/markt\\\/#\\\/schema\\\/logo\\\/image\\\/\",\"url\":\"https:\\\/\\\/marktxxl.de\\\/markt\\\/wp-content\\\/uploads\\\/sites\\\/3\\\/2020\\\/12\\\/logo.png\",\"contentUrl\":\"https:\\\/\\\/marktxxl.de\\\/markt\\\/wp-content\\\/uploads\\\/sites\\\/3\\\/2020\\\/12\\\/logo.png\",\"width\":200,\"height\":70,\"caption\":\"Markt-XXL\"},\"image\":{\"@id\":\"https:\\\/\\\/marktxxl.de\\\/markt\\\/#\\\/schema\\\/logo\\\/image\\\/\"}}]}<\/script>\n<!-- \/ Yoast SEO plugin. -->","yoast_head_json":{"title":"F\u00fcr Oma &amp; Opa \/ DDR Waren 24tlg. \/ Geschenkideen Gro\u00dfeltern - Markt-XXL","description":"Markt-XXL F\u00fcr Oma &amp; Opa \/ DDR Waren 24tlg. \/ Geschenkideen Gro\u00dfeltern","robots":{"index":"index","follow":"follow","max-snippet":"max-snippet:-1","max-image-preview":"max-image-preview:large","max-video-preview":"max-video-preview:-1"},"canonical":"https:\/\/marktxxl.de\/markt\/produkt\/oma-opa-ddr-waren-24x-fuer-oma-opa\/","og_locale":"de_DE","og_type":"article","og_title":"F\u00fcr Oma &amp; Opa \/ DDR Waren 24tlg. \/ Geschenkideen Gro\u00dfeltern - Markt-XXL","og_description":"Markt-XXL F\u00fcr Oma &amp; Opa \/ DDR Waren 24tlg. \/ Geschenkideen Gro\u00dfeltern","og_url":"https:\/\/marktxxl.de\/markt\/produkt\/oma-opa-ddr-waren-24x-fuer-oma-opa\/","og_site_name":"Markt-XXL","article_modified_time":"2023-04-11T02:58:32+00:00","og_image":[{"width":500,"height":500,"url":"https:\/\/m.media-amazon.com\/images\/I\/61jeHDEhyVL._SL500_.jpg","type":"image\/jpeg"}],"twitter_card":"summary_large_image","twitter_misc":{"Gesch\u00e4tzte Lesezeit":"2\u00a0Minuten"},"schema":{"@context":"https:\/\/schema.org","@graph":[{"@type":"WebPage","@id":"https:\/\/marktxxl.de\/markt\/produkt\/oma-opa-ddr-waren-24x-fuer-oma-opa\/","url":"https:\/\/marktxxl.de\/markt\/produkt\/oma-opa-ddr-waren-24x-fuer-oma-opa\/","name":"F\u00fcr Oma &amp; Opa \/ DDR Waren 24tlg. \/ Geschenkideen Gro\u00dfeltern - Markt-XXL","isPartOf":{"@id":"https:\/\/marktxxl.de\/markt\/#website"},"primaryImageOfPage":{"@id":"https:\/\/marktxxl.de\/markt\/produkt\/oma-opa-ddr-waren-24x-fuer-oma-opa\/#primaryimage"},"image":{"@id":"https:\/\/marktxxl.de\/markt\/produkt\/oma-opa-ddr-waren-24x-fuer-oma-opa\/#primaryimage"},"thumbnailUrl":"https:\/\/m.media-amazon.com\/images\/I\/61jeHDEhyVL._SL500_.jpg","datePublished":"2022-12-11T00:46:49+00:00","dateModified":"2023-04-11T02:58:32+00:00","description":"Markt-XXL F\u00fcr Oma &amp; Opa \/ DDR Waren 24tlg. \/ Geschenkideen Gro\u00dfeltern","breadcrumb":{"@id":"https:\/\/marktxxl.de\/markt\/produkt\/oma-opa-ddr-waren-24x-fuer-oma-opa\/#breadcrumb"},"inLanguage":"de","potentialAction":[{"@type":"ReadAction","target":["https:\/\/marktxxl.de\/markt\/produkt\/oma-opa-ddr-waren-24x-fuer-oma-opa\/"]}]},{"@type":"ImageObject","inLanguage":"de","@id":"https:\/\/marktxxl.de\/markt\/produkt\/oma-opa-ddr-waren-24x-fuer-oma-opa\/#primaryimage","url":"https:\/\/m.media-amazon.com\/images\/I\/61jeHDEhyVL._SL500_.jpg","contentUrl":"https:\/\/m.media-amazon.com\/images\/I\/61jeHDEhyVL._SL500_.jpg","width":500,"height":500},{"@type":"BreadcrumbList","@id":"https:\/\/marktxxl.de\/markt\/produkt\/oma-opa-ddr-waren-24x-fuer-oma-opa\/#breadcrumb","itemListElement":[{"@type":"ListItem","position":1,"name":"Startseite","item":"https:\/\/marktxxl.de\/markt\/"},{"@type":"ListItem","position":2,"name":"Markt","item":"https:\/\/marktxxl.de\/markt\/"},{"@type":"ListItem","position":3,"name":"F\u00fcr Oma &amp; Opa \/ DDR Waren 24tlg. \/ Geschenkideen Gro\u00dfeltern"}]},{"@type":"WebSite","@id":"https:\/\/marktxxl.de\/markt\/#website","url":"https:\/\/marktxxl.de\/markt\/","name":"Markt-XXL","description":"Ihr Markt Online","publisher":{"@id":"https:\/\/marktxxl.de\/markt\/#organization"},"potentialAction":[{"@type":"SearchAction","target":{"@type":"EntryPoint","urlTemplate":"https:\/\/marktxxl.de\/markt\/?s={search_term_string}"},"query-input":{"@type":"PropertyValueSpecification","valueRequired":true,"valueName":"search_term_string"}}],"inLanguage":"de"},{"@type":"Organization","@id":"https:\/\/marktxxl.de\/markt\/#organization","name":"Markt-XXL","url":"https:\/\/marktxxl.de\/markt\/","logo":{"@type":"ImageObject","inLanguage":"de","@id":"https:\/\/marktxxl.de\/markt\/#\/schema\/logo\/image\/","url":"https:\/\/marktxxl.de\/markt\/wp-content\/uploads\/sites\/3\/2020\/12\/logo.png","contentUrl":"https:\/\/marktxxl.de\/markt\/wp-content\/uploads\/sites\/3\/2020\/12\/logo.png","width":200,"height":70,"caption":"Markt-XXL"},"image":{"@id":"https:\/\/marktxxl.de\/markt\/#\/schema\/logo\/image\/"}}]}},"_links":{"self":[{"href":"https:\/\/marktxxl.de\/markt\/wp-json\/wp\/v2\/product\/171382","targetHints":{"allow":["GET"]}}],"collection":[{"href":"https:\/\/marktxxl.de\/markt\/wp-json\/wp\/v2\/product"}],"about":[{"href":"https:\/\/marktxxl.de\/markt\/wp-json\/wp\/v2\/types\/product"}],"replies":[{"embeddable":true,"href":"https:\/\/marktxxl.de\/markt\/wp-json\/wp\/v2\/comments?post=171382"}],"wp:featuredmedia":[{"embeddable":true,"href":"https:\/\/marktxxl.de\/markt\/wp-json\/wp\/v2\/media\/171383"}],"wp:attachment":[{"href":"https:\/\/marktxxl.de\/markt\/wp-json\/wp\/v2\/media?parent=171382"}],"wp:term":[{"taxonomy":"product_brand","embeddable":true,"href":"https:\/\/marktxxl.de\/markt\/wp-json\/wp\/v2\/product_brand?post=171382"},{"taxonomy":"product_cat","embeddable":true,"href":"https:\/\/marktxxl.de\/markt\/wp-json\/wp\/v2\/product_cat?post=171382"},{"taxonomy":"product_tag","embeddable":true,"href":"https:\/\/marktxxl.de\/markt\/wp-json\/wp\/v2\/product_tag?post=171382"}],"curies":[{"name":"wp","href":"https:\/\/api.w.org\/{rel}","templated":true}]}}