{"id":171366,"date":"2022-12-11T01:46:28","date_gmt":"2022-12-11T00:46:28","guid":{"rendered":"https:\/\/marktxxl.de\/markt\/produkt\/lumity-facial-oil\/"},"modified":"2023-04-11T04:58:32","modified_gmt":"2023-04-11T02:58:32","slug":"lumity-facial-oil","status":"publish","type":"product","link":"https:\/\/marktxxl.de\/markt\/produkt\/lumity-facial-oil\/","title":{"rendered":"Lumity Facial Oil"},"content":{"rendered":"<p>Unsere handverlesenen feuchtigkeitsspendenden Inhaltsstoffe helfen dabei, Feuchtigkeit aufzuf\u00fcllen und zu speichern, f\u00fcr hydratisierte, auff\u00fcllte und jugendlich aussehende Haut.<br \/>\nAnti-Aging: Wir haben unsere Forschung darauf konzentriert, die besten Anti-Aging-Inhaltsstoffe zu finden, die die Natur zu bieten hat. Es ist Zeit, sich von Falten und feinen Linien zu verabschieden.<br \/>\nRestaurieren Sie den Reichtum an hautliebevollen N\u00e4hrstoffen in unserem Gesichts\u00f6l sind der Schl\u00fcssel zur Wiederherstellung der Elastizit\u00e4t und Vitalit\u00e4t f\u00fcr einen strahlenden Teint.<br \/>\nAktivieren: Unser Gesichts\u00f6l funktioniert von au\u00dfen und die clevere Matrix der Inhaltsstoffe wirkt harmonisch, um die Kollagen-Synthese und die Zellerneuerung f\u00fcr sofortige Verj\u00fcngung zu f\u00f6rdern.<br \/>\nBeruhigend, wir haben auch an die Auswirkungen von Stress auf Ihre Haut gedacht. Deshalb haben wir einige Favoriten der Aromatherapie in unser Gesichts\u00f6l integriert, so dass Sie sich auch gut f\u00fchlen k\u00f6nnen<br \/>\n<div class=\"main-cross-sell\" data-asin=\"B07BFF2HRS\">\n\n\t<div class=\"WooZone-cross-sell-loader\">\n\t\t<div>\n\t\t\t<div id=\"floatingBarsG\">\n\t\t\t\t<div class=\"blockG\" id=\"rotateG_01\"><\/div>\n\t\t\t\t<div class=\"blockG\" id=\"rotateG_02\"><\/div>\n\t\t\t\t<div class=\"blockG\" id=\"rotateG_03\"><\/div>\n\t\t\t\t<div class=\"blockG\" id=\"rotateG_04\"><\/div>\n\t\t\t\t<div class=\"blockG\" id=\"rotateG_05\"><\/div>\n\t\t\t\t<div class=\"blockG\" id=\"rotateG_06\"><\/div>\n\t\t\t\t<div class=\"blockG\" id=\"rotateG_07\"><\/div>\n\t\t\t\t<div class=\"blockG\" id=\"rotateG_08\"><\/div>\n\t\t\t<\/div>\n\t\t\t<div class=\"WooZone-cross-sell-loader-text\"><\/div>\n\t\t<\/div>\n\t<\/div>\n\n\t\t\n<\/div>\n<div style=\"clear:both;\"><\/div><\/p>\n","protected":false},"excerpt":{"rendered":"<p>Unsere handverlesenen feuchtigkeitsspendenden Inhaltsstoffe helfen dabei, Feuchtigkeit aufzuf\u00fcllen und zu speichern, f\u00fcr hydratisierte, auff\u00fcllte und jugendlich aussehende Haut.<br \/>\nAnti-Aging: Wir haben unsere Forschung darauf konzentriert, die besten Anti-Aging-Inhaltsstoffe zu finden, die die Natur zu bieten hat. Es ist Zeit, sich von Falten und feinen Linien zu verabschieden.<br \/>\nRestaurieren Sie den Reichtum an hautliebevollen N\u00e4hrstoffen in unserem Gesichts\u00f6l sind der Schl\u00fcssel zur Wiederherstellung der Elastizit\u00e4t und Vitalit\u00e4t f\u00fcr einen strahlenden Teint.<\/p>\n","protected":false},"featured_media":171367,"comment_status":"open","ping_status":"closed","template":"","meta":[],"product_brand":[],"product_cat":[2858,6632],"product_tag":[],"class_list":{"0":"post-171366","1":"product","2":"type-product","3":"status-publish","4":"has-post-thumbnail","6":"product_cat-beauty","7":"product_cat-beauty-pflegesets","8":"pa_binding-misc","9":"pa_brand-lumity","10":"pa_manufacturer-lumity","12":"first","13":"instock","14":"shipping-taxable","15":"purchasable","16":"product-type-simple","17":"customify-col","18":"product-has-gallery"},"yoast_head":"<!-- This site is optimized with the Yoast SEO plugin v27.3 - https:\/\/yoast.com\/product\/yoast-seo-wordpress\/ -->\n<title>Lumity Facial Oil - Markt-XXL<\/title>\n<meta name=\"description\" content=\"Markt-XXL Lumity Facial Oil\" \/>\n<meta name=\"robots\" content=\"index, follow, max-snippet:-1, max-image-preview:large, max-video-preview:-1\" \/>\n<link rel=\"canonical\" href=\"https:\/\/marktxxl.de\/markt\/produkt\/lumity-facial-oil\/\" \/>\n<meta property=\"og:locale\" content=\"de_DE\" \/>\n<meta property=\"og:type\" content=\"article\" \/>\n<meta property=\"og:title\" content=\"Lumity Facial Oil - Markt-XXL\" \/>\n<meta property=\"og:description\" content=\"Markt-XXL Lumity Facial Oil\" \/>\n<meta property=\"og:url\" content=\"https:\/\/marktxxl.de\/markt\/produkt\/lumity-facial-oil\/\" \/>\n<meta property=\"og:site_name\" content=\"Markt-XXL\" \/>\n<meta property=\"article:modified_time\" content=\"2023-04-11T02:58:32+00:00\" \/>\n<meta property=\"og:image\" content=\"https:\/\/m.media-amazon.com\/images\/I\/21qlE2vXenL._SL500_.jpg\" \/>\n\t<meta property=\"og:image:width\" content=\"500\" \/>\n\t<meta property=\"og:image:height\" content=\"459\" \/>\n\t<meta property=\"og:image:type\" content=\"image\/jpeg\" \/>\n<meta name=\"twitter:card\" content=\"summary_large_image\" \/>\n<meta name=\"twitter:label1\" content=\"Gesch\u00e4tzte Lesezeit\" \/>\n\t<meta name=\"twitter:data1\" content=\"1\u00a0Minute\" \/>\n<script type=\"application\/ld+json\" class=\"yoast-schema-graph\">{\"@context\":\"https:\\\/\\\/schema.org\",\"@graph\":[{\"@type\":\"WebPage\",\"@id\":\"https:\\\/\\\/marktxxl.de\\\/markt\\\/produkt\\\/lumity-facial-oil\\\/\",\"url\":\"https:\\\/\\\/marktxxl.de\\\/markt\\\/produkt\\\/lumity-facial-oil\\\/\",\"name\":\"Lumity Facial Oil - Markt-XXL\",\"isPartOf\":{\"@id\":\"https:\\\/\\\/marktxxl.de\\\/markt\\\/#website\"},\"primaryImageOfPage\":{\"@id\":\"https:\\\/\\\/marktxxl.de\\\/markt\\\/produkt\\\/lumity-facial-oil\\\/#primaryimage\"},\"image\":{\"@id\":\"https:\\\/\\\/marktxxl.de\\\/markt\\\/produkt\\\/lumity-facial-oil\\\/#primaryimage\"},\"thumbnailUrl\":\"https:\\\/\\\/m.media-amazon.com\\\/images\\\/I\\\/21qlE2vXenL._SL500_.jpg\",\"datePublished\":\"2022-12-11T00:46:28+00:00\",\"dateModified\":\"2023-04-11T02:58:32+00:00\",\"description\":\"Markt-XXL Lumity Facial Oil\",\"breadcrumb\":{\"@id\":\"https:\\\/\\\/marktxxl.de\\\/markt\\\/produkt\\\/lumity-facial-oil\\\/#breadcrumb\"},\"inLanguage\":\"de\",\"potentialAction\":[{\"@type\":\"ReadAction\",\"target\":[\"https:\\\/\\\/marktxxl.de\\\/markt\\\/produkt\\\/lumity-facial-oil\\\/\"]}]},{\"@type\":\"ImageObject\",\"inLanguage\":\"de\",\"@id\":\"https:\\\/\\\/marktxxl.de\\\/markt\\\/produkt\\\/lumity-facial-oil\\\/#primaryimage\",\"url\":\"https:\\\/\\\/m.media-amazon.com\\\/images\\\/I\\\/21qlE2vXenL._SL500_.jpg\",\"contentUrl\":\"https:\\\/\\\/m.media-amazon.com\\\/images\\\/I\\\/21qlE2vXenL._SL500_.jpg\",\"width\":500,\"height\":459},{\"@type\":\"BreadcrumbList\",\"@id\":\"https:\\\/\\\/marktxxl.de\\\/markt\\\/produkt\\\/lumity-facial-oil\\\/#breadcrumb\",\"itemListElement\":[{\"@type\":\"ListItem\",\"position\":1,\"name\":\"Startseite\",\"item\":\"https:\\\/\\\/marktxxl.de\\\/markt\\\/\"},{\"@type\":\"ListItem\",\"position\":2,\"name\":\"Markt\",\"item\":\"https:\\\/\\\/marktxxl.de\\\/markt\\\/\"},{\"@type\":\"ListItem\",\"position\":3,\"name\":\"Lumity Facial Oil\"}]},{\"@type\":\"WebSite\",\"@id\":\"https:\\\/\\\/marktxxl.de\\\/markt\\\/#website\",\"url\":\"https:\\\/\\\/marktxxl.de\\\/markt\\\/\",\"name\":\"Markt-XXL\",\"description\":\"Ihr Markt Online\",\"publisher\":{\"@id\":\"https:\\\/\\\/marktxxl.de\\\/markt\\\/#organization\"},\"potentialAction\":[{\"@type\":\"SearchAction\",\"target\":{\"@type\":\"EntryPoint\",\"urlTemplate\":\"https:\\\/\\\/marktxxl.de\\\/markt\\\/?s={search_term_string}\"},\"query-input\":{\"@type\":\"PropertyValueSpecification\",\"valueRequired\":true,\"valueName\":\"search_term_string\"}}],\"inLanguage\":\"de\"},{\"@type\":\"Organization\",\"@id\":\"https:\\\/\\\/marktxxl.de\\\/markt\\\/#organization\",\"name\":\"Markt-XXL\",\"url\":\"https:\\\/\\\/marktxxl.de\\\/markt\\\/\",\"logo\":{\"@type\":\"ImageObject\",\"inLanguage\":\"de\",\"@id\":\"https:\\\/\\\/marktxxl.de\\\/markt\\\/#\\\/schema\\\/logo\\\/image\\\/\",\"url\":\"https:\\\/\\\/marktxxl.de\\\/markt\\\/wp-content\\\/uploads\\\/sites\\\/3\\\/2020\\\/12\\\/logo.png\",\"contentUrl\":\"https:\\\/\\\/marktxxl.de\\\/markt\\\/wp-content\\\/uploads\\\/sites\\\/3\\\/2020\\\/12\\\/logo.png\",\"width\":200,\"height\":70,\"caption\":\"Markt-XXL\"},\"image\":{\"@id\":\"https:\\\/\\\/marktxxl.de\\\/markt\\\/#\\\/schema\\\/logo\\\/image\\\/\"}}]}<\/script>\n<!-- \/ Yoast SEO plugin. -->","yoast_head_json":{"title":"Lumity Facial Oil - Markt-XXL","description":"Markt-XXL Lumity Facial Oil","robots":{"index":"index","follow":"follow","max-snippet":"max-snippet:-1","max-image-preview":"max-image-preview:large","max-video-preview":"max-video-preview:-1"},"canonical":"https:\/\/marktxxl.de\/markt\/produkt\/lumity-facial-oil\/","og_locale":"de_DE","og_type":"article","og_title":"Lumity Facial Oil - Markt-XXL","og_description":"Markt-XXL Lumity Facial Oil","og_url":"https:\/\/marktxxl.de\/markt\/produkt\/lumity-facial-oil\/","og_site_name":"Markt-XXL","article_modified_time":"2023-04-11T02:58:32+00:00","og_image":[{"width":500,"height":459,"url":"https:\/\/m.media-amazon.com\/images\/I\/21qlE2vXenL._SL500_.jpg","type":"image\/jpeg"}],"twitter_card":"summary_large_image","twitter_misc":{"Gesch\u00e4tzte Lesezeit":"1\u00a0Minute"},"schema":{"@context":"https:\/\/schema.org","@graph":[{"@type":"WebPage","@id":"https:\/\/marktxxl.de\/markt\/produkt\/lumity-facial-oil\/","url":"https:\/\/marktxxl.de\/markt\/produkt\/lumity-facial-oil\/","name":"Lumity Facial Oil - Markt-XXL","isPartOf":{"@id":"https:\/\/marktxxl.de\/markt\/#website"},"primaryImageOfPage":{"@id":"https:\/\/marktxxl.de\/markt\/produkt\/lumity-facial-oil\/#primaryimage"},"image":{"@id":"https:\/\/marktxxl.de\/markt\/produkt\/lumity-facial-oil\/#primaryimage"},"thumbnailUrl":"https:\/\/m.media-amazon.com\/images\/I\/21qlE2vXenL._SL500_.jpg","datePublished":"2022-12-11T00:46:28+00:00","dateModified":"2023-04-11T02:58:32+00:00","description":"Markt-XXL Lumity Facial Oil","breadcrumb":{"@id":"https:\/\/marktxxl.de\/markt\/produkt\/lumity-facial-oil\/#breadcrumb"},"inLanguage":"de","potentialAction":[{"@type":"ReadAction","target":["https:\/\/marktxxl.de\/markt\/produkt\/lumity-facial-oil\/"]}]},{"@type":"ImageObject","inLanguage":"de","@id":"https:\/\/marktxxl.de\/markt\/produkt\/lumity-facial-oil\/#primaryimage","url":"https:\/\/m.media-amazon.com\/images\/I\/21qlE2vXenL._SL500_.jpg","contentUrl":"https:\/\/m.media-amazon.com\/images\/I\/21qlE2vXenL._SL500_.jpg","width":500,"height":459},{"@type":"BreadcrumbList","@id":"https:\/\/marktxxl.de\/markt\/produkt\/lumity-facial-oil\/#breadcrumb","itemListElement":[{"@type":"ListItem","position":1,"name":"Startseite","item":"https:\/\/marktxxl.de\/markt\/"},{"@type":"ListItem","position":2,"name":"Markt","item":"https:\/\/marktxxl.de\/markt\/"},{"@type":"ListItem","position":3,"name":"Lumity Facial Oil"}]},{"@type":"WebSite","@id":"https:\/\/marktxxl.de\/markt\/#website","url":"https:\/\/marktxxl.de\/markt\/","name":"Markt-XXL","description":"Ihr Markt Online","publisher":{"@id":"https:\/\/marktxxl.de\/markt\/#organization"},"potentialAction":[{"@type":"SearchAction","target":{"@type":"EntryPoint","urlTemplate":"https:\/\/marktxxl.de\/markt\/?s={search_term_string}"},"query-input":{"@type":"PropertyValueSpecification","valueRequired":true,"valueName":"search_term_string"}}],"inLanguage":"de"},{"@type":"Organization","@id":"https:\/\/marktxxl.de\/markt\/#organization","name":"Markt-XXL","url":"https:\/\/marktxxl.de\/markt\/","logo":{"@type":"ImageObject","inLanguage":"de","@id":"https:\/\/marktxxl.de\/markt\/#\/schema\/logo\/image\/","url":"https:\/\/marktxxl.de\/markt\/wp-content\/uploads\/sites\/3\/2020\/12\/logo.png","contentUrl":"https:\/\/marktxxl.de\/markt\/wp-content\/uploads\/sites\/3\/2020\/12\/logo.png","width":200,"height":70,"caption":"Markt-XXL"},"image":{"@id":"https:\/\/marktxxl.de\/markt\/#\/schema\/logo\/image\/"}}]}},"_links":{"self":[{"href":"https:\/\/marktxxl.de\/markt\/wp-json\/wp\/v2\/product\/171366","targetHints":{"allow":["GET"]}}],"collection":[{"href":"https:\/\/marktxxl.de\/markt\/wp-json\/wp\/v2\/product"}],"about":[{"href":"https:\/\/marktxxl.de\/markt\/wp-json\/wp\/v2\/types\/product"}],"replies":[{"embeddable":true,"href":"https:\/\/marktxxl.de\/markt\/wp-json\/wp\/v2\/comments?post=171366"}],"wp:featuredmedia":[{"embeddable":true,"href":"https:\/\/marktxxl.de\/markt\/wp-json\/wp\/v2\/media\/171367"}],"wp:attachment":[{"href":"https:\/\/marktxxl.de\/markt\/wp-json\/wp\/v2\/media?parent=171366"}],"wp:term":[{"taxonomy":"product_brand","embeddable":true,"href":"https:\/\/marktxxl.de\/markt\/wp-json\/wp\/v2\/product_brand?post=171366"},{"taxonomy":"product_cat","embeddable":true,"href":"https:\/\/marktxxl.de\/markt\/wp-json\/wp\/v2\/product_cat?post=171366"},{"taxonomy":"product_tag","embeddable":true,"href":"https:\/\/marktxxl.de\/markt\/wp-json\/wp\/v2\/product_tag?post=171366"}],"curies":[{"name":"wp","href":"https:\/\/api.w.org\/{rel}","templated":true}]}}